{"id":24297,"date":"2025-04-13T17:41:26","date_gmt":"2025-04-13T17:41:26","guid":{"rendered":"https:\/\/onderzoekschemicals.com\/?post_type=product&#038;p=24297"},"modified":"2025-11-28T06:50:55","modified_gmt":"2025-11-28T06:50:55","slug":"2f-dck-kopen-2","status":"publish","type":"product","link":"https:\/\/onderzoekschemicals.com\/fr_be\/shop\/2f-dck-kopen\/2f-dck-kopen-2\/","title":{"rendered":"Granul\u00e9s de 2F-DCK 50 mg"},"content":{"rendered":"<h3 data-start=\"4272\" data-end=\"4293\"><strong data-start=\"4276\" data-end=\"4291\">Introduction<\/strong><\/h3>\n<p data-start=\"4294\" data-end=\"4732\"><strong data-start=\"4294\" data-end=\"4317\">Granul\u00e9s de 2F-DCK 50 mg<\/strong> contenir <strong data-start=\"4327\" data-end=\"4383\">50 milligrammes de chlorhydrate de 2-fluorodeschlorok\u00e9tamine<\/strong>, Un <strong data-start=\"4389\" data-end=\"4426\">arylcyclohexylamine dissociative<\/strong> et <strong data-start=\"4430\" data-end=\"4475\">analogue fluor\u00e9 de la deschlorok\u00e9tamine (DCK)<\/strong>. 2f dck acheter<br data-start=\"4476\" data-end=\"4479\" \/>Il appartient \u00e0 la <strong data-start=\"4498\" data-end=\"4525\">famille des analogues de la k\u00e9tamine<\/strong> et est utilis\u00e9 dans <strong data-start=\"4547\" data-end=\"4585\">recherche m\u00e9dico-l\u00e9gale et analytique<\/strong> D\u00e9sagr\u00e9able <strong data-start=\"4591\" data-end=\"4615\">Liaison au r\u00e9cepteur NMDA<\/strong>, <strong data-start=\"4617\" data-end=\"4659\">relations structure-activit\u00e9 (SAR)<\/strong> et <strong data-start=\"4663\" data-end=\"4698\">propri\u00e9t\u00e9s chromatographiques<\/strong> de compos\u00e9s dissociatifs.<\/p>\n<p data-start=\"4734\" data-end=\"4991\">Chaque pastille est <strong data-start=\"4752\" data-end=\"4803\">dans des conditions de laboratoire contr\u00f4l\u00e9es<\/strong> produit et test\u00e9 sur un <strong data-start=\"4834\" data-end=\"4858\">puret\u00e9 \u2265 98%<\/strong> via <strong data-start=\"4863\" data-end=\"4878\">HPLC et RMN<\/strong>.<br data-start=\"4879\" data-end=\"4882\" \/>Le <strong data-start=\"4885\" data-end=\"4925\">dosage standardis\u00e9 de 50 mg<\/strong> assure des r\u00e9sultats de recherche fiables et reproductibles.<\/p>\n<blockquote data-start=\"4993\" data-end=\"5134\">\n<p data-start=\"4995\" data-end=\"5134\">\u26a0\ufe0f <strong data-start=\"4998\" data-end=\"5009\">NB:<\/strong> 2F-DCK est exclusivement destin\u00e9 \u00e0 <strong data-start=\"5045\" data-end=\"5080\">recherche et utilisation analytique<\/strong> \u2014 <strong data-start=\"5083\" data-end=\"5132\">non destin\u00e9 \u00e0 la consommation humaine ou animale.<\/strong><\/p>\n<\/blockquote>\n<hr data-start=\"5136\" data-end=\"5139\" \/>\n<h3 data-start=\"5141\" data-end=\"5172\"><strong data-start=\"5145\" data-end=\"5172\">Caract\u00e9ristiques principales<\/strong><\/h3>\n<div class=\"_tableContainer_1rjym_1\">\n<div class=\"group _tableWrapper_1rjym_13 flex w-fit flex-col-reverse\" tabindex=\"-1\">\n<table class=\"w-fit min-w-(--thread-content-width)\" data-start=\"5174\" data-end=\"5798\">\n<thead data-start=\"5174\" data-end=\"5200\">\n<tr data-start=\"5174\" data-end=\"5200\">\n<th data-start=\"5174\" data-end=\"5184\" data-col-size=\"sm\">Fonctionnalit\u00e9<\/th>\n<th data-start=\"5184\" data-end=\"5200\" data-col-size=\"md\">Description<\/th>\n<\/tr>\n<\/thead>\n<tbody data-start=\"5229\" data-end=\"5798\">\n<tr data-start=\"5229\" data-end=\"5293\">\n<td data-start=\"5229\" data-end=\"5250\" data-col-size=\"sm\"><strong data-start=\"5231\" data-end=\"5249\">Nom chimique<\/strong><\/td>\n<td data-start=\"5250\" data-end=\"5293\" data-col-size=\"md\">Chlorhydrate de 2-fluorodeschlorok\u00e9tamine<\/td>\n<\/tr>\n<tr data-start=\"5294\" data-end=\"5329\">\n<td data-start=\"5294\" data-end=\"5319\" data-col-size=\"sm\"><strong data-start=\"5296\" data-end=\"5318\">Nom commun<\/strong><\/td>\n<td data-start=\"5319\" data-end=\"5329\" data-col-size=\"md\">2F-DCK<\/td>\n<\/tr>\n<tr data-start=\"5330\" data-end=\"5371\">\n<td data-start=\"5330\" data-end=\"5354\" data-col-size=\"sm\"><strong data-start=\"5332\" data-end=\"5353\">Formule chimique<\/strong><\/td>\n<td data-start=\"5354\" data-end=\"5371\" data-col-size=\"md\">C\u2081\u2083H\u2081\u2086FNO\u00b7HCl<\/td>\n<\/tr>\n<tr data-start=\"5372\" data-end=\"5410\">\n<td data-start=\"5372\" data-end=\"5394\" data-col-size=\"sm\"><strong data-start=\"5374\" data-end=\"5393\">Poids mol\u00e9culaire<\/strong><\/td>\n<td data-start=\"5394\" data-end=\"5410\" data-col-size=\"md\">257,73 g\/mol<\/td>\n<\/tr>\n<tr data-start=\"5411\" data-end=\"5445\">\n<td data-start=\"5411\" data-end=\"5426\" data-col-size=\"sm\"><strong data-start=\"5413\" data-end=\"5425\">Dosage<\/strong><\/td>\n<td data-start=\"5426\" data-end=\"5445\" data-col-size=\"md\">50 mg par pastille<\/td>\n<\/tr>\n<tr data-start=\"5446\" data-end=\"5493\">\n<td data-start=\"5446\" data-end=\"5457\" data-col-size=\"sm\"><strong data-start=\"5448\" data-end=\"5456\">Formulaire<\/strong><\/td>\n<td data-start=\"5457\" data-end=\"5493\" data-col-size=\"md\">Granul\u00e9 solide (blister)<\/td>\n<\/tr>\n<tr data-start=\"5494\" data-end=\"5545\">\n<td data-start=\"5494\" data-end=\"5511\" data-col-size=\"sm\"><strong data-start=\"5496\" data-end=\"5510\">Puret\u00e9<\/strong><\/td>\n<td data-start=\"5511\" data-end=\"5545\" data-col-size=\"md\">\u2265 98% (test\u00e9 par HPLC et RMN)<\/td>\n<\/tr>\n<tr data-start=\"5546\" data-end=\"5619\">\n<td data-start=\"5546\" data-end=\"5569\" data-col-size=\"sm\"><strong data-start=\"5548\" data-end=\"5568\">Classe chimique<\/strong><\/td>\n<td data-start=\"5569\" data-end=\"5619\" data-col-size=\"md\">Arylcyclohexylamine \/ Compos\u00e9 dissociatif<\/td>\n<\/tr>\n<tr data-start=\"5620\" data-end=\"5699\">\n<td data-start=\"5620\" data-end=\"5634\" data-col-size=\"sm\"><strong data-start=\"5622\" data-end=\"5633\">Usage<\/strong><\/td>\n<td data-start=\"5634\" data-end=\"5699\" data-col-size=\"md\">Pour la recherche analytique, m\u00e9dico-l\u00e9gale et neurochimique uniquement<\/td>\n<\/tr>\n<tr data-start=\"5700\" data-end=\"5749\">\n<td data-start=\"5700\" data-end=\"5717\" data-col-size=\"sm\"><strong data-start=\"5702\" data-end=\"5716\">Conditionnement<\/strong><\/td>\n<td data-start=\"5717\" data-end=\"5749\" data-col-size=\"md\">Plaquette thermoform\u00e9e avec joint<\/td>\n<\/tr>\n<tr data-start=\"5750\" data-end=\"5798\">\n<td data-start=\"5750\" data-end=\"5768\" data-col-size=\"sm\"><strong data-start=\"5752\" data-end=\"5767\">Quantit\u00e9<\/strong><\/td>\n<td data-start=\"5768\" data-end=\"5798\" data-col-size=\"md\">1 plaquette thermoform\u00e9e contenant des granul\u00e9s de 50 mg<\/td>\n<\/tr>\n<\/tbody>\n<\/table>\n<\/div>\n<\/div>\n<hr data-start=\"5800\" data-end=\"5803\" \/>\n<h3 data-start=\"5805\" data-end=\"5822\"><strong data-start=\"5809\" data-end=\"5822\">Avantages<\/strong><\/h3>\n<ul data-start=\"5824\" data-end=\"6223\">\n<li data-start=\"5824\" data-end=\"5917\">\n<p data-start=\"5826\" data-end=\"5917\"><strong data-start=\"5826\" data-end=\"5853\">Haute puret\u00e9 (\u2265 98%)<\/strong> \u2013 R\u00e9sultats de recherche coh\u00e9rents et de qualit\u00e9 laboratoire.<\/p>\n<\/li>\n<li data-start=\"5918\" data-end=\"5997\">\n<p data-start=\"5920\" data-end=\"5997\"><strong data-start=\"5920\" data-end=\"5951\">Dosage standardis\u00e9<\/strong> \u2013 50 mg par pastille pour une analyse pr\u00e9cise.<\/p>\n<\/li>\n<li data-start=\"5998\" data-end=\"6067\">\n<p data-start=\"6000\" data-end=\"6067\"><strong data-start=\"6000\" data-end=\"6021\">Forme HCl stable<\/strong> \u2013 Solubilit\u00e9 et dur\u00e9e de conservation am\u00e9lior\u00e9es.<\/p>\n<\/li>\n<li data-start=\"6068\" data-end=\"6146\">\n<p data-start=\"6070\" data-end=\"6146\"><strong data-start=\"6070\" data-end=\"6100\">Largement applicable \u00e0 la recherche<\/strong> Convient aux GC\/MS, LC-MS, FTIR et HPLC. Achetez 2f dck<\/p>\n<\/li>\n<li data-start=\"6147\" data-end=\"6223\">\n<p data-start=\"6149\" data-end=\"6223\"><strong data-start=\"6149\" data-end=\"6174\">Production tra\u00e7able<\/strong> \u2013 Chaque lot est test\u00e9 et enti\u00e8rement enregistr\u00e9.<\/p>\n<\/li>\n<\/ul>\n<hr data-start=\"6225\" data-end=\"6228\" \/>\n<h3 data-start=\"6230\" data-end=\"6282\"><strong data-start=\"6234\" data-end=\"6280\">Utilisation (\u00e0 des fins de recherche uniquement)<\/strong><\/h3>\n<ol data-start=\"6284\" data-end=\"6629\">\n<li data-start=\"6284\" data-end=\"6353\">\n<p data-start=\"6287\" data-end=\"6353\"><strong data-start=\"6287\" data-end=\"6302\">Manutention:<\/strong> Portez des gants, des lunettes de s\u00e9curit\u00e9 et une blouse de laboratoire.<\/p>\n<\/li>\n<li data-start=\"6354\" data-end=\"6425\">\n<p data-start=\"6357\" data-end=\"6425\"><strong data-start=\"6357\" data-end=\"6370\">Mesures:<\/strong> Chaque pastille contient 50 mg \u00b1 2 mg\u00a0; notez les informations sur le lot.<\/p>\n<\/li>\n<li data-start=\"6426\" data-end=\"6480\">\n<p data-start=\"6429\" data-end=\"6480\"><strong data-start=\"6429\" data-end=\"6440\">Stockage:<\/strong> Conserver au frais (2\u20138\u00b0C), au sec et \u00e0 l\u2019abri de la lumi\u00e8re.<\/p>\n<\/li>\n<li data-start=\"6481\" data-end=\"6564\">\n<p data-start=\"6484\" data-end=\"6564\"><strong data-start=\"6484\" data-end=\"6496\">Analyse:<\/strong> Convient aux applications chromatographiques et spectroscopiques.<\/p>\n<\/li>\n<li data-start=\"6565\" data-end=\"6629\">\n<p data-start=\"6568\" data-end=\"6629\"><strong data-start=\"6568\" data-end=\"6585\">Documentation:<\/strong> Enregistrer les r\u00e9sultats et les m\u00e9thodes d\u2019analyse.<\/p>\n<\/li>\n<\/ol>\n<hr data-start=\"6631\" data-end=\"6634\" \/>\n<h3 data-start=\"6636\" data-end=\"6671\"><strong data-start=\"6640\" data-end=\"6669\">Foire aux questions (FAQ)<\/strong><\/h3>\n<p data-start=\"6673\" data-end=\"6824\"><strong data-start=\"6673\" data-end=\"6722\">1. Qu&#039;est-ce que la 2F-DCK (2-fluorodeschlorok\u00e9tamine) ?<\/strong><br data-start=\"6722\" data-end=\"6725\" \/>UN <strong data-start=\"6729\" data-end=\"6768\">analogue fluor\u00e9 de la deschlorok\u00e9tamine<\/strong>, utilis\u00e9 pour la recherche analytique et neurochimique.<\/p>\n<p data-start=\"6826\" data-end=\"6951\"><strong data-start=\"6826\" data-end=\"6866\">2. Quelle est la puret\u00e9 et le dosage ?<\/strong><br data-start=\"6866\" data-end=\"6869\" \/>Chaque pastille contient <strong data-start=\"6887\" data-end=\"6921\">50 mg de 2F-DCK (puret\u00e9 \u2265 98%)<\/strong>, confirm\u00e9 par HPLC et RMN.<\/p>\n<p data-start=\"6953\" data-end=\"7112\"><strong data-start=\"6953\" data-end=\"6993\">3. Est-il l\u00e9gal d&#039;acheter du 2F-DCK ?<\/strong><br data-start=\"6993\" data-end=\"6996\" \/>Le <strong data-start=\"6999\" data-end=\"7024\">l\u00e9galit\u00e9 du 2F-DCK<\/strong> varie selon les pays. Veuillez toujours v\u00e9rifier la r\u00e9glementation locale avant utilisation. <strong data-start=\"7093\" data-end=\"7109\">2F-DCK ach\u00e8te<\/strong>.<\/p>\n<p class=\"ds-markdown-paragraph\">","protected":false},"excerpt":{"rendered":"<p>Introduction Les comprim\u00e9s de 2F-DCK 50 mg contiennent 50 milligrammes de chlorhydrate de 2-fluorodeschlorok\u00e9tamine, un analogue dissociatif arylcyclohexylamine et fluor\u00e9 de la deschlorok\u00e9tamine (DCK). Acheter du 2F-DCK.<\/p>","protected":false},"featured_media":29190,"comment_status":"closed","ping_status":"closed","template":"","meta":[],"product_brand":[82],"product_cat":[474,475,71,324],"product_tag":[271,272,863,273,862,326],"class_list":{"0":"post-24297","1":"product","2":"type-product","3":"status-publish","4":"has-post-thumbnail","6":"product_brand-research-chemical","7":"product_cat-2f-dck-kopen","8":"product_cat-2f-dck-pellets","9":"product_cat-arylcyclohexylamine","10":"product_cat-pellets-for-pellet","11":"product_tag-2f-dck","12":"product_tag-2f-dck-kopen","13":"product_tag-2f-ketamine","14":"product_tag-2f-dck-hcl","15":"product_tag-ketamine-kopen","16":"product_tag-nl","18":"first","19":"instock","20":"taxable","21":"shipping-taxable","22":"purchasable","23":"product-type-variable"},"_links":{"self":[{"href":"https:\/\/onderzoekschemicals.com\/fr_be\/wp-json\/wp\/v2\/product\/24297","targetHints":{"allow":["GET"]}}],"collection":[{"href":"https:\/\/onderzoekschemicals.com\/fr_be\/wp-json\/wp\/v2\/product"}],"about":[{"href":"https:\/\/onderzoekschemicals.com\/fr_be\/wp-json\/wp\/v2\/types\/product"}],"replies":[{"embeddable":true,"href":"https:\/\/onderzoekschemicals.com\/fr_be\/wp-json\/wp\/v2\/comments?post=24297"}],"version-history":[{"count":6,"href":"https:\/\/onderzoekschemicals.com\/fr_be\/wp-json\/wp\/v2\/product\/24297\/revisions"}],"predecessor-version":[{"id":27813,"href":"https:\/\/onderzoekschemicals.com\/fr_be\/wp-json\/wp\/v2\/product\/24297\/revisions\/27813"}],"wp:featuredmedia":[{"embeddable":true,"href":"https:\/\/onderzoekschemicals.com\/fr_be\/wp-json\/wp\/v2\/media\/29190"}],"wp:attachment":[{"href":"https:\/\/onderzoekschemicals.com\/fr_be\/wp-json\/wp\/v2\/media?parent=24297"}],"wp:term":[{"taxonomy":"product_brand","embeddable":true,"href":"https:\/\/onderzoekschemicals.com\/fr_be\/wp-json\/wp\/v2\/product_brand?post=24297"},{"taxonomy":"product_cat","embeddable":true,"href":"https:\/\/onderzoekschemicals.com\/fr_be\/wp-json\/wp\/v2\/product_cat?post=24297"},{"taxonomy":"product_tag","embeddable":true,"href":"https:\/\/onderzoekschemicals.com\/fr_be\/wp-json\/wp\/v2\/product_tag?post=24297"}],"curies":[{"name":"wp","href":"https:\/\/api.w.org\/{rel}","templated":true}]}}