{"id":24226,"date":"2025-04-13T17:41:17","date_gmt":"2025-04-13T17:41:17","guid":{"rendered":"https:\/\/onderzoekschemicals.com\/?post_type=product&#038;p=24226"},"modified":"2025-11-28T07:03:16","modified_gmt":"2025-11-28T07:03:16","slug":"nm-2-ai-hcl-puur","status":"publish","type":"product","link":"https:\/\/onderzoekschemicals.com\/fr_be\/shop\/nm-2-ai\/nm-2-ai-hcl-puur\/","title":{"rendered":"NM-2-AI HCl pur"},"content":{"rendered":"<h2 data-start=\"3847\" data-end=\"3873\"><strong data-start=\"3850\" data-end=\"3873\">Description du produit<\/strong><\/h2>\n<p data-start=\"3875\" data-end=\"4203\"><strong data-start=\"3875\" data-end=\"3929\">NM-2-AI HCl (chlorhydrate de N-m\u00e9thyl-2-aminoindane)<\/strong> est un <strong data-start=\"3937\" data-end=\"3975\">substance de recherche de haute puret\u00e9<\/strong>, appartenant \u00e0 la <strong data-start=\"3993\" data-end=\"4015\">classe des aminoindanes<\/strong>.<br data-start=\"4016\" data-end=\"4019\" \/>Il est utilis\u00e9 pour <strong data-start=\"4043\" data-end=\"4097\">recherche analytique, m\u00e9dico-l\u00e9gale et pharmacologique<\/strong> et sert de <strong data-start=\"4111\" data-end=\"4134\">norme de r\u00e9f\u00e9rence<\/strong> pour \u00e9tudier <strong data-start=\"4159\" data-end=\"4200\">propri\u00e9t\u00e9s structurelles et m\u00e9taboliques<\/strong>. nm-2-ai<\/p>\n<p data-start=\"4205\" data-end=\"4350\">Chaque lot <strong data-start=\"4216\" data-end=\"4236\">NM-2-AI HCl pur<\/strong> est produit sous un contr\u00f4le de qualit\u00e9 strict pour <strong data-start=\"4292\" data-end=\"4335\">coh\u00e9rence, stabilit\u00e9 et puret\u00e9<\/strong> pour garantir.<\/p>\n<p data-start=\"4352\" data-end=\"4488\">\u26a0\ufe0f <strong data-start=\"4355\" data-end=\"4366\">NB:<\/strong> Ce produit est <strong data-start=\"4382\" data-end=\"4431\">destin\u00e9 \u00e0 des fins de recherche uniquement<\/strong> et <strong data-start=\"4435\" data-end=\"4487\">ne convient pas \u00e0 l&#039;usage humain ou animal<\/strong>.<\/p>\n<hr data-start=\"4490\" data-end=\"4493\" \/>\n<h2 data-start=\"4495\" data-end=\"4525\"><strong data-start=\"4498\" data-end=\"4525\">Caract\u00e9ristiques principales<\/strong><\/h2>\n<ul data-start=\"4527\" data-end=\"4946\">\n<li data-start=\"4527\" data-end=\"4615\">\n<p data-start=\"4529\" data-end=\"4615\"><strong data-start=\"4529\" data-end=\"4549\">Haute puret\u00e9 :<\/strong> Convient \u00e0 la recherche analytique et aux applications en laboratoire.<\/p>\n<\/li>\n<li data-start=\"4616\" data-end=\"4690\">\n<p data-start=\"4618\" data-end=\"4690\"><strong data-start=\"4618\" data-end=\"4640\">Forme HCl stable :<\/strong> R\u00e9sistant \u00e0 la d\u00e9gradation lors d&#039;un stockage \u00e0 long terme.<\/p>\n<\/li>\n<li data-start=\"4691\" data-end=\"4775\">\n<p data-start=\"4693\" data-end=\"4775\"><strong data-start=\"4693\" data-end=\"4723\">Composition fiable :<\/strong> Produit dans des conditions contr\u00f4l\u00e9es.<\/p>\n<\/li>\n<li data-start=\"4776\" data-end=\"4847\">\n<p data-start=\"4778\" data-end=\"4847\"><strong data-start=\"4778\" data-end=\"4801\">Emballage s\u00fbr :<\/strong> Herm\u00e9tique et scell\u00e9 contre la contamination.<\/p>\n<\/li>\n<li data-start=\"4848\" data-end=\"4946\">\n<p data-start=\"4850\" data-end=\"4946\"><strong data-start=\"4850\" data-end=\"4877\">Conform\u00e9ment \u00e0 la r\u00e9glementation de l&#039;UE :<\/strong> Conforme aux normes de s\u00e9curit\u00e9 europ\u00e9ennes pour les produits chimiques de recherche.<\/p>\n<\/li>\n<\/ul>\n<hr data-start=\"4948\" data-end=\"4951\" \/>\n<h2 data-start=\"4953\" data-end=\"4984\"><strong data-start=\"4956\" data-end=\"4984\">Avantages pour la recherche<\/strong><\/h2>\n<ul data-start=\"4986\" data-end=\"5261\">\n<li data-start=\"4986\" data-end=\"5050\">\n<p data-start=\"4988\" data-end=\"5050\">Convient pour <strong data-start=\"5002\" data-end=\"5047\">recherche toxicologique et pharmacologique<\/strong>.<\/p>\n<\/li>\n<li data-start=\"5051\" data-end=\"5124\">\n<p data-start=\"5053\" data-end=\"5124\">Soutient <strong data-start=\"5065\" data-end=\"5101\">d\u00e9veloppement de m\u00e9thodes analytiques<\/strong> (LC-MS, GC-MS, RMN).<\/p>\n<\/li>\n<li data-start=\"5125\" data-end=\"5189\">\n<p data-start=\"5127\" data-end=\"5189\">Sert de <strong data-start=\"5137\" data-end=\"5160\">norme de r\u00e9f\u00e9rence<\/strong> pour une enqu\u00eate m\u00e9dico-l\u00e9gale.<\/p>\n<\/li>\n<li data-start=\"5190\" data-end=\"5261\">\n<p data-start=\"5192\" data-end=\"5261\">Pr\u00e9voit <strong data-start=\"5203\" data-end=\"5258\">r\u00e9sultats de recherche reproductibles et fiables<\/strong>. nm-2-ai<\/p>\n<\/li>\n<\/ul>\n<hr data-start=\"5263\" data-end=\"5266\" \/>\n<h2 data-start=\"5268\" data-end=\"5302\"><strong data-start=\"5271\" data-end=\"5302\">Utilisation (Contexte de recherche)<\/strong><\/h2>\n<ol data-start=\"5304\" data-end=\"5509\">\n<li data-start=\"5304\" data-end=\"5349\">\n<p data-start=\"5307\" data-end=\"5349\">Utiliser uniquement dans des laboratoires accr\u00e9dit\u00e9s.<\/p>\n<\/li>\n<li data-start=\"5350\" data-end=\"5410\">\n<p data-start=\"5353\" data-end=\"5410\">Portez des gants, des lunettes de s\u00e9curit\u00e9 et une blouse de laboratoire.<\/p>\n<\/li>\n<li data-start=\"5411\" data-end=\"5458\">\n<p data-start=\"5414\" data-end=\"5458\">Conserver au frais, au sec et \u00e0 l&#039;abri de la lumi\u00e8re (moins de 25\u00b0C).<\/p>\n<\/li>\n<li data-start=\"5459\" data-end=\"5509\">\n<p data-start=\"5462\" data-end=\"5509\">\u00c9liminer les r\u00e9sidus conform\u00e9ment \u00e0 la r\u00e9glementation environnementale locale.<\/p>\n<\/li>\n<\/ol>\n<blockquote data-start=\"5511\" data-end=\"5597\">\n<p data-start=\"5513\" data-end=\"5597\"><strong data-start=\"5513\" data-end=\"5524\">NB:<\/strong> <em data-start=\"5525\" data-end=\"5543\">NM-2-AI HCl pur<\/em> est <strong data-start=\"5547\" data-end=\"5596\">destin\u00e9 \u00e0 des fins de recherche uniquement<\/strong>.<\/p>\n<\/blockquote>\n<hr data-start=\"5599\" data-end=\"5602\" \/>\n<h2 data-start=\"5604\" data-end=\"5638\"><strong data-start=\"5607\" data-end=\"5638\">Foire aux questions (FAQ)<\/strong><\/h2>\n<p data-start=\"5640\" data-end=\"5778\"><strong data-start=\"5640\" data-end=\"5683\">1. \u00c0 quoi sert le NM-2-AI HCl ?<\/strong><br data-start=\"5683\" data-end=\"5686\" \/>Il est utilis\u00e9 pour <strong data-start=\"5710\" data-end=\"5748\">recherche analytique et m\u00e9dico-l\u00e9gale<\/strong> aux compos\u00e9s aminoindanes.<\/p>\n<p data-start=\"5780\" data-end=\"5903\"><strong data-start=\"5780\" data-end=\"5832\">2. Le NM-2-AI HCl est-il sans danger pour l\u2019usage humain ?<\/strong><br data-start=\"5832\" data-end=\"5835\" \/>Non, ce produit est <strong data-start=\"5855\" data-end=\"5902\">non approuv\u00e9 pour la consommation humaine<\/strong>.<\/p>\n<p data-start=\"5905\" data-end=\"6058\"><strong data-start=\"5905\" data-end=\"5943\">3. Qui peut acheter NM-2-AI HCl Pure ?<\/strong><br data-start=\"5943\" data-end=\"5946\" \/>Seulement <strong data-start=\"5953\" data-end=\"6002\">institutions et laboratoires de recherche reconnus<\/strong> avec les permis appropri\u00e9s, ils peuvent acheter cette substance.<\/p>","protected":false},"excerpt":{"rendered":"<h2>NM-2-AI HCl pur<\/h2>\n<p>Le chlorhydrate de NM-2-AI est une substance que nous vendons uniquement \u00e0 des fins de recherche et qui n&#039;est donc pas destin\u00e9e \u00e0 la consommation humaine. Le NM-2-AI peut \u00eatre utilis\u00e9 \u00e0 des fins de recherche jusqu&#039;\u00e0 deux ans s&#039;il est conserv\u00e9 dans un environnement appropri\u00e9.<\/p>","protected":false},"featured_media":29384,"comment_status":"closed","ping_status":"closed","template":"","meta":[],"product_brand":[82],"product_cat":[479,336],"product_tag":[326,879,880],"class_list":{"0":"post-24226","1":"product","2":"type-product","3":"status-publish","4":"has-post-thumbnail","6":"product_brand-research-chemical","7":"product_cat-nm-2-ai","8":"product_cat-overig","9":"product_tag-nl","10":"product_tag-nm-2-ai","11":"product_tag-nm-2-ai-hcl","13":"first","14":"instock","15":"taxable","16":"shipping-taxable","17":"purchasable","18":"product-type-variable"},"_links":{"self":[{"href":"https:\/\/onderzoekschemicals.com\/fr_be\/wp-json\/wp\/v2\/product\/24226","targetHints":{"allow":["GET"]}}],"collection":[{"href":"https:\/\/onderzoekschemicals.com\/fr_be\/wp-json\/wp\/v2\/product"}],"about":[{"href":"https:\/\/onderzoekschemicals.com\/fr_be\/wp-json\/wp\/v2\/types\/product"}],"replies":[{"embeddable":true,"href":"https:\/\/onderzoekschemicals.com\/fr_be\/wp-json\/wp\/v2\/comments?post=24226"}],"version-history":[{"count":5,"href":"https:\/\/onderzoekschemicals.com\/fr_be\/wp-json\/wp\/v2\/product\/24226\/revisions"}],"predecessor-version":[{"id":27830,"href":"https:\/\/onderzoekschemicals.com\/fr_be\/wp-json\/wp\/v2\/product\/24226\/revisions\/27830"}],"wp:featuredmedia":[{"embeddable":true,"href":"https:\/\/onderzoekschemicals.com\/fr_be\/wp-json\/wp\/v2\/media\/29384"}],"wp:attachment":[{"href":"https:\/\/onderzoekschemicals.com\/fr_be\/wp-json\/wp\/v2\/media?parent=24226"}],"wp:term":[{"taxonomy":"product_brand","embeddable":true,"href":"https:\/\/onderzoekschemicals.com\/fr_be\/wp-json\/wp\/v2\/product_brand?post=24226"},{"taxonomy":"product_cat","embeddable":true,"href":"https:\/\/onderzoekschemicals.com\/fr_be\/wp-json\/wp\/v2\/product_cat?post=24226"},{"taxonomy":"product_tag","embeddable":true,"href":"https:\/\/onderzoekschemicals.com\/fr_be\/wp-json\/wp\/v2\/product_tag?post=24226"}],"curies":[{"name":"wp","href":"https:\/\/api.w.org\/{rel}","templated":true}]}}