{"id":24186,"date":"2025-04-13T17:41:13","date_gmt":"2025-04-13T17:41:13","guid":{"rendered":"https:\/\/onderzoekschemicals.com\/?post_type=product&#038;p=24186"},"modified":"2025-10-12T20:34:11","modified_gmt":"2025-10-12T20:34:11","slug":"rc-bromonordiazepam-25mg-box","status":"publish","type":"product","link":"https:\/\/onderzoekschemicals.com\/fr_be\/shop\/b2b\/rc-bromonordiazepam-25mg-box\/","title":{"rendered":"Bo\u00eete de RC+ Bromonordiaz\u00e9pam 2,5 mg"},"content":{"rendered":"<h2 data-start=\"3763\" data-end=\"3789\"><strong data-start=\"3766\" data-end=\"3789\">Description du produit<\/strong><\/h2>\n<p data-start=\"3791\" data-end=\"4114\"><strong data-start=\"3791\" data-end=\"3825\">Bo\u00eete de RC+ Bromonordiaz\u00e9pam 2,5 mg<\/strong> contient <strong data-start=\"3832\" data-end=\"3864\">bromonordiaz\u00e9pam de haute puret\u00e9<\/strong>, Un <strong data-start=\"3870\" data-end=\"3897\">d\u00e9riv\u00e9 de benzodiaz\u00e9pine<\/strong> qui est utilis\u00e9 pour <strong data-start=\"3922\" data-end=\"3975\">recherche m\u00e9dico-l\u00e9gale, analytique et toxicologique<\/strong>.<br data-start=\"3976\" data-end=\"3979\" \/>Cela fait partie de la <strong data-start=\"4005\" data-end=\"4028\">S\u00e9rie de recherche RC+<\/strong>, connu pour <strong data-start=\"4040\" data-end=\"4111\">des r\u00e9sultats de haute qualit\u00e9, reproductibles et une production conforme aux normes de l&#039;UE<\/strong>.<\/p>\n<p data-start=\"4116\" data-end=\"4277\">Chaque bo\u00eete contient <strong data-start=\"4131\" data-end=\"4173\">Granul\u00e9s de 2,5 mg de puret\u00e9 de recherche<\/strong>, fabriqu\u00e9 dans des conditions de laboratoire contr\u00f4l\u00e9es conform\u00e9ment aux directives de s\u00e9curit\u00e9 europ\u00e9ennes.<\/p>\n<p data-start=\"4279\" data-end=\"4415\">\u26a0\ufe0f <strong data-start=\"4282\" data-end=\"4293\">NB:<\/strong> Ce produit est <strong data-start=\"4309\" data-end=\"4358\">destin\u00e9 \u00e0 des fins de recherche uniquement<\/strong> et <strong data-start=\"4362\" data-end=\"4414\">ne convient pas \u00e0 l&#039;usage humain ou animal<\/strong>.<\/p>\n<hr data-start=\"4417\" data-end=\"4420\" \/>\n<h2 data-start=\"4422\" data-end=\"4452\"><strong data-start=\"4425\" data-end=\"4452\">Caract\u00e9ristiques principales<\/strong><\/h2>\n<ul data-start=\"4454\" data-end=\"4837\">\n<li data-start=\"4454\" data-end=\"4527\">\n<p data-start=\"4456\" data-end=\"4527\"><strong data-start=\"4456\" data-end=\"4476\">Haute puret\u00e9 :<\/strong> Convient \u00e0 la recherche avanc\u00e9e en laboratoire.<\/p>\n<\/li>\n<li data-start=\"4528\" data-end=\"4610\">\n<p data-start=\"4530\" data-end=\"4610\"><strong data-start=\"4530\" data-end=\"4562\">Posologie standardis\u00e9e :<\/strong> 2,5 mg par pastille pour des r\u00e9sultats coh\u00e9rents.<\/p>\n<\/li>\n<li data-start=\"4611\" data-end=\"4684\">\n<p data-start=\"4613\" data-end=\"4684\"><strong data-start=\"4613\" data-end=\"4638\">Formulation stable :<\/strong> R\u00e9sistant \u00e0 la d\u00e9gradation avec un stockage appropri\u00e9.<\/p>\n<\/li>\n<li data-start=\"4685\" data-end=\"4756\">\n<p data-start=\"4687\" data-end=\"4756\"><strong data-start=\"4687\" data-end=\"4710\">Emballage s\u00fbr :<\/strong> Herm\u00e9tique et scell\u00e9 contre la contamination.<\/p>\n<\/li>\n<li data-start=\"4757\" data-end=\"4837\">\n<p data-start=\"4759\" data-end=\"4837\"><strong data-start=\"4759\" data-end=\"4786\">Conform\u00e9ment \u00e0 la r\u00e9glementation de l&#039;UE :<\/strong> Fabriqu\u00e9 selon les normes de s\u00e9curit\u00e9 europ\u00e9ennes.<\/p>\n<\/li>\n<\/ul>\n<hr data-start=\"4839\" data-end=\"4842\" \/>\n<h2 data-start=\"4844\" data-end=\"4878\"><strong data-start=\"4847\" data-end=\"4878\">Avantages pour les chercheurs<\/strong><\/h2>\n<ul data-start=\"4880\" data-end=\"5096\">\n<li data-start=\"4880\" data-end=\"4937\">\n<p data-start=\"4882\" data-end=\"4937\">Convient pour <strong data-start=\"4896\" data-end=\"4934\">recherche analytique et m\u00e9dico-l\u00e9gale<\/strong>.<\/p>\n<\/li>\n<li data-start=\"4938\" data-end=\"4986\">\n<p data-start=\"4940\" data-end=\"4986\">Soutient <strong data-start=\"4952\" data-end=\"4983\">Analyse LC-MS, GC-MS et RMN<\/strong>.<\/p>\n<\/li>\n<li data-start=\"4987\" data-end=\"5039\">\n<p data-start=\"4989\" data-end=\"5039\">Offres <strong data-start=\"4995\" data-end=\"5036\">\u00e9chantillons de r\u00e9f\u00e9rence de haute qualit\u00e9<\/strong>.<\/p>\n<\/li>\n<li data-start=\"5040\" data-end=\"5096\">\n<p data-start=\"5042\" data-end=\"5096\">Pr\u00e9voit <strong data-start=\"5053\" data-end=\"5093\">r\u00e9sultats de recherche reproductibles<\/strong>.<\/p>\n<\/li>\n<\/ul>\n<hr data-start=\"5098\" data-end=\"5101\" \/>\n<h2 data-start=\"5103\" data-end=\"5137\"><strong data-start=\"5106\" data-end=\"5137\">Utilisation (Contexte de recherche)<\/strong><\/h2>\n<ol data-start=\"5139\" data-end=\"5356\">\n<li data-start=\"5139\" data-end=\"5184\">\n<p data-start=\"5142\" data-end=\"5184\">Utiliser uniquement dans des laboratoires accr\u00e9dit\u00e9s.<\/p>\n<\/li>\n<li data-start=\"5185\" data-end=\"5245\">\n<p data-start=\"5188\" data-end=\"5245\">Portez des gants, des lunettes de s\u00e9curit\u00e9 et une blouse de laboratoire.<\/p>\n<\/li>\n<li data-start=\"5246\" data-end=\"5293\">\n<p data-start=\"5249\" data-end=\"5293\">Conserver au frais, au sec et \u00e0 l&#039;abri de la lumi\u00e8re (moins de 25\u00b0C).<\/p>\n<\/li>\n<li data-start=\"5294\" data-end=\"5356\">\n<p data-start=\"5297\" data-end=\"5356\">\u00c9liminer les r\u00e9sidus conform\u00e9ment aux r\u00e9glementations de s\u00e9curit\u00e9 locales.<\/p>\n<\/li>\n<\/ol>\n<blockquote data-start=\"5358\" data-end=\"5458\">\n<p data-start=\"5360\" data-end=\"5458\"><strong data-start=\"5360\" data-end=\"5371\">NB:<\/strong> <em data-start=\"5372\" data-end=\"5404\">Bo\u00eete de RC+ Bromonordiaz\u00e9pam 2,5 mg<\/em> est <strong data-start=\"5408\" data-end=\"5457\">destin\u00e9 \u00e0 des fins de recherche uniquement<\/strong>.<\/p>\n<\/blockquote>\n<hr data-start=\"5460\" data-end=\"5463\" \/>\n<h2 data-start=\"5465\" data-end=\"5499\"><strong data-start=\"5468\" data-end=\"5499\">Foire aux questions (FAQ)<\/strong><\/h2>\n<p data-start=\"5501\" data-end=\"5667\"><strong data-start=\"5501\" data-end=\"5553\">1. \u00c0 quoi sert le RC+ Bromonordiaz\u00e9pam ?<\/strong><br data-start=\"5553\" data-end=\"5556\" \/>RC+ Bromonordiaz\u00e9pam est utilis\u00e9 pour <strong data-start=\"5597\" data-end=\"5635\">recherche analytique et m\u00e9dico-l\u00e9gale<\/strong> aux analogues des benzodiaz\u00e9pines.<\/p>\n<p data-start=\"5669\" data-end=\"5773\"><strong data-start=\"5669\" data-end=\"5698\">2. Combien contient une bo\u00eete ?<\/strong><br data-start=\"5698\" data-end=\"5701\" \/>Chaque bo\u00eete contient <strong data-start=\"5716\" data-end=\"5733\">Granul\u00e9s de 2,5 mg<\/strong> avec composition standardis\u00e9e.<\/p>\n<p data-start=\"5775\" data-end=\"5916\"><strong data-start=\"5775\" data-end=\"5832\">3. Puis-je acheter du RC+ Bromonordiaz\u00e9pam en tant que particulier ?<\/strong><br data-start=\"5832\" data-end=\"5835\" \/>Non, ce produit est uniquement disponible pour <strong data-start=\"5879\" data-end=\"5913\">institutions de recherche reconnues<\/strong>.<\/p>\n<p><a href=\"https:\/\/onderzoekschemicals.com\/fr_be\/shop\/lysergamides\/1cp-lsd-150-mcg\/\"><span dir=\"auto\" style=\"vertical-align: inherit;\"><span dir=\"auto\" style=\"vertical-align: inherit;\">Buvards artistiques 1cP-LSD 150 MCG <\/span><\/span><\/a><a href=\"https:\/\/onderzoekschemicals.com\/fr_be\/shop\/pellets\/o-dsmt-50mg-pellets\/\"><span dir=\"auto\" style=\"vertical-align: inherit;\"><span dir=\"auto\" style=\"vertical-align: inherit;\">Granul\u00e9s O-DSMT 50 mg <\/span><\/span><\/a><a href=\"https:\/\/onderzoekschemicals.com\/fr_be\/shop\/lysergamides\/1v-lsd-150-mcg-blotters\/\"><span dir=\"auto\" style=\"vertical-align: inherit;\"><span dir=\"auto\" style=\"vertical-align: inherit;\">buvards 1V-LSD 150 MCG <\/span><\/span><\/a><a href=\"https:\/\/onderzoekschemicals.com\/fr_be\/shop\/bijna-verboden\/6-cl-adba\/\"><span dir=\"auto\" style=\"vertical-align: inherit;\"><span dir=\"auto\" style=\"vertical-align: inherit;\">6-CL-ADBA <\/span><\/span><\/a><a href=\"https:\/\/onderzoekschemicals.com\/fr_be\/shop\/cathinonen\/2-cmc-kopen\/\"><span dir=\"auto\" style=\"vertical-align: inherit;\"><span dir=\"auto\" style=\"vertical-align: inherit;\">Granul\u00e9s de 2-CMC 250 mg<\/span><\/span><\/a><\/p>","protected":false},"excerpt":{"rendered":"<p>Productbeschrijving RC+ Bromonordiazepam 2,5mg Box bevat hoogzuivere Bromonordiazepam, een benzodiazepine-derivaat dat wordt gebruikt voor forensisch, analytisch en toxicologisch onderzoek.Het maakt<\/p>","protected":false},"featured_media":21253,"comment_status":"closed","ping_status":"closed","template":"","meta":[],"product_brand":[],"product_cat":[555],"product_tag":[185,326],"class_list":{"0":"post-24186","1":"product","2":"type-product","3":"status-publish","4":"has-post-thumbnail","6":"product_cat-b2b","7":"product_tag-bromonordiazepam","8":"product_tag-nl","10":"first","11":"instock","12":"taxable","13":"shipping-taxable","14":"purchasable","15":"product-type-variable"},"_links":{"self":[{"href":"https:\/\/onderzoekschemicals.com\/fr_be\/wp-json\/wp\/v2\/product\/24186","targetHints":{"allow":["GET"]}}],"collection":[{"href":"https:\/\/onderzoekschemicals.com\/fr_be\/wp-json\/wp\/v2\/product"}],"about":[{"href":"https:\/\/onderzoekschemicals.com\/fr_be\/wp-json\/wp\/v2\/types\/product"}],"replies":[{"embeddable":true,"href":"https:\/\/onderzoekschemicals.com\/fr_be\/wp-json\/wp\/v2\/comments?post=24186"}],"version-history":[{"count":4,"href":"https:\/\/onderzoekschemicals.com\/fr_be\/wp-json\/wp\/v2\/product\/24186\/revisions"}],"predecessor-version":[{"id":27840,"href":"https:\/\/onderzoekschemicals.com\/fr_be\/wp-json\/wp\/v2\/product\/24186\/revisions\/27840"}],"wp:featuredmedia":[{"embeddable":true,"href":"https:\/\/onderzoekschemicals.com\/fr_be\/wp-json\/wp\/v2\/media\/21253"}],"wp:attachment":[{"href":"https:\/\/onderzoekschemicals.com\/fr_be\/wp-json\/wp\/v2\/media?parent=24186"}],"wp:term":[{"taxonomy":"product_brand","embeddable":true,"href":"https:\/\/onderzoekschemicals.com\/fr_be\/wp-json\/wp\/v2\/product_brand?post=24186"},{"taxonomy":"product_cat","embeddable":true,"href":"https:\/\/onderzoekschemicals.com\/fr_be\/wp-json\/wp\/v2\/product_cat?post=24186"},{"taxonomy":"product_tag","embeddable":true,"href":"https:\/\/onderzoekschemicals.com\/fr_be\/wp-json\/wp\/v2\/product_tag?post=24186"}],"curies":[{"name":"wp","href":"https:\/\/api.w.org\/{rel}","templated":true}]}}