{"id":24185,"date":"2025-04-13T17:41:13","date_gmt":"2025-04-13T17:41:13","guid":{"rendered":"https:\/\/onderzoekschemicals.com\/?post_type=product&#038;p=24185"},"modified":"2025-10-12T20:28:18","modified_gmt":"2025-10-12T20:28:18","slug":"flubrotizolam-half-life","status":"publish","type":"product","link":"https:\/\/onderzoekschemicals.com\/fr_be\/shop\/b2b\/flubrotizolam-half-life\/","title":{"rendered":"Bo\u00eete de RC+ Flubrotizolam 0,5 MG"},"content":{"rendered":"<h2 data-start=\"3808\" data-end=\"3834\"><strong data-start=\"3811\" data-end=\"3834\">Description du produit<\/strong><\/h2>\n<p data-start=\"3836\" data-end=\"4166\"><strong data-start=\"3836\" data-end=\"3868\">Bo\u00eete de RC+ Flubrotizolam 0,5 MG<\/strong> contient <strong data-start=\"3875\" data-end=\"3904\">hoogzuivere Flubrotizolam<\/strong>, une connexion du <strong data-start=\"3928\" data-end=\"3961\">thienotriazolodiazepineklasse<\/strong>, d\u00e9velopp\u00e9 pour <strong data-start=\"3979\" data-end=\"4032\">recherche toxicologique, analytique et m\u00e9dico-l\u00e9gale<\/strong>.<br data-start=\"4033\" data-end=\"4036\" \/>Cela fait partie de la <strong data-start=\"4062\" data-end=\"4085\">s\u00e9rie de recherche RC+<\/strong>, connu pour ses <strong data-start=\"4102\" data-end=\"4163\">gestandaardiseerde formuleringen en consistente kwaliteit<\/strong>.<\/p>\n<p data-start=\"4168\" data-end=\"4325\">Chaque bo\u00eete contient <strong data-start=\"4183\" data-end=\"4225\">0,5mg pellets van onderzoekszuiverheid<\/strong>, geproduceerd onder gecontroleerde laboratoriumomstandigheden volgens Europese veiligheidsnormen.<\/p>\n<p data-start=\"4327\" data-end=\"4463\">\u26a0\ufe0f <strong data-start=\"4330\" data-end=\"4341\">NB:<\/strong> Ce produit est <strong data-start=\"4357\" data-end=\"4406\">destin\u00e9 \u00e0 des fins de recherche uniquement<\/strong> et <strong data-start=\"4410\" data-end=\"4462\">ne convient pas \u00e0 l&#039;usage humain ou animal<\/strong>.<\/p>\n<hr data-start=\"4465\" data-end=\"4468\" \/>\n<h2 data-start=\"4470\" data-end=\"4500\"><strong data-start=\"4473\" data-end=\"4500\">Caract\u00e9ristiques principales<\/strong><\/h2>\n<ul data-start=\"4502\" data-end=\"4872\">\n<li data-start=\"4502\" data-end=\"4567\">\n<p data-start=\"4504\" data-end=\"4567\"><strong data-start=\"4504\" data-end=\"4524\">Haute puret\u00e9 :<\/strong> Fabriqu\u00e9 selon les normes de laboratoire.<\/p>\n<\/li>\n<li data-start=\"4568\" data-end=\"4648\">\n<p data-start=\"4570\" data-end=\"4648\"><strong data-start=\"4570\" data-end=\"4602\">Posologie standardis\u00e9e :<\/strong> 0,5mg per pellet voor nauwkeurige analyses.<\/p>\n<\/li>\n<li data-start=\"4649\" data-end=\"4714\">\n<p data-start=\"4651\" data-end=\"4714\"><strong data-start=\"4651\" data-end=\"4676\">Formulation stable :<\/strong> Bestand tegen chemische degradatie.<\/p>\n<\/li>\n<li data-start=\"4715\" data-end=\"4786\">\n<p data-start=\"4717\" data-end=\"4786\"><strong data-start=\"4717\" data-end=\"4740\">Emballage s\u00fbr :<\/strong> Herm\u00e9tique et scell\u00e9 contre la contamination.<\/p>\n<\/li>\n<li data-start=\"4787\" data-end=\"4872\">\n<p data-start=\"4789\" data-end=\"4872\"><strong data-start=\"4789\" data-end=\"4816\">Conform\u00e9ment \u00e0 la r\u00e9glementation de l&#039;UE :<\/strong> Fabriqu\u00e9 selon les directives de s\u00e9curit\u00e9 europ\u00e9ennes.<\/p>\n<\/li>\n<\/ul>\n<hr data-start=\"4874\" data-end=\"4877\" \/>\n<h2 data-start=\"4879\" data-end=\"4913\"><strong data-start=\"4882\" data-end=\"4913\">Avantages pour les chercheurs<\/strong><\/h2>\n<ul data-start=\"4915\" data-end=\"5186\">\n<li data-start=\"4915\" data-end=\"4975\">\n<p data-start=\"4917\" data-end=\"4975\">Convient pour <strong data-start=\"4931\" data-end=\"4972\">recherche m\u00e9dico-l\u00e9gale et toxicologique<\/strong>.<\/p>\n<\/li>\n<li data-start=\"4976\" data-end=\"5049\">\n<p data-start=\"4978\" data-end=\"5049\">Soutient <strong data-start=\"4990\" data-end=\"5026\">d\u00e9veloppement de m\u00e9thodes analytiques<\/strong> (LC-MS, GC-MS, RMN).<\/p>\n<\/li>\n<li data-start=\"5050\" data-end=\"5114\">\n<p data-start=\"5052\" data-end=\"5114\">Offres <strong data-start=\"5058\" data-end=\"5080\">\u00e9chantillons de r\u00e9f\u00e9rence<\/strong> \u00e0 des fins de comparaison et de validation.<\/p>\n<\/li>\n<li data-start=\"5115\" data-end=\"5186\">\n<p data-start=\"5117\" data-end=\"5186\">Pr\u00e9voit <strong data-start=\"5128\" data-end=\"5183\">r\u00e9sultats de recherche reproductibles et fiables<\/strong>.<\/p>\n<\/li>\n<\/ul>\n<hr data-start=\"5188\" data-end=\"5191\" \/>\n<h2 data-start=\"5193\" data-end=\"5227\"><strong data-start=\"5196\" data-end=\"5227\">Utilisation (Contexte de recherche)<\/strong><\/h2>\n<ol data-start=\"5229\" data-end=\"5446\">\n<li data-start=\"5229\" data-end=\"5274\">\n<p data-start=\"5232\" data-end=\"5274\">Utiliser uniquement dans des laboratoires accr\u00e9dit\u00e9s.<\/p>\n<\/li>\n<li data-start=\"5275\" data-end=\"5335\">\n<p data-start=\"5278\" data-end=\"5335\">Portez des gants, des lunettes de s\u00e9curit\u00e9 et une blouse de laboratoire.<\/p>\n<\/li>\n<li data-start=\"5336\" data-end=\"5383\">\n<p data-start=\"5339\" data-end=\"5383\">Conserver au frais, au sec et \u00e0 l&#039;abri de la lumi\u00e8re (moins de 25\u00b0C).<\/p>\n<\/li>\n<li data-start=\"5384\" data-end=\"5446\">\n<p data-start=\"5387\" data-end=\"5446\">\u00c9liminer les r\u00e9sidus conform\u00e9ment aux r\u00e9glementations de s\u00e9curit\u00e9 locales.<\/p>\n<\/li>\n<\/ol>\n<blockquote data-start=\"5448\" data-end=\"5546\">\n<p data-start=\"5450\" data-end=\"5546\"><strong data-start=\"5450\" data-end=\"5461\">NB:<\/strong> <em data-start=\"5462\" data-end=\"5492\">Bo\u00eete de RC+ Flubrotizolam 0,5 MG<\/em> est <strong data-start=\"5496\" data-end=\"5545\">destin\u00e9 \u00e0 des fins de recherche uniquement<\/strong>.<\/p>\n<\/blockquote>\n<hr data-start=\"5548\" data-end=\"5551\" \/>\n<h2 data-start=\"5553\" data-end=\"5587\"><strong data-start=\"5556\" data-end=\"5587\">Foire aux questions (FAQ)<\/strong><\/h2>\n<p data-start=\"5589\" data-end=\"5761\"><strong data-start=\"5589\" data-end=\"5638\">1. Waarvoor wordt RC+ Flubrotizolam gebruikt?<\/strong><br data-start=\"5638\" data-end=\"5641\" \/>RC+ Flubrotizolam wordt gebruikt voor <strong data-start=\"5679\" data-end=\"5717\">recherche analytique et m\u00e9dico-l\u00e9gale<\/strong> naar thienotriazolodiazepineverbindingen.<\/p>\n<p data-start=\"5763\" data-end=\"5871\"><strong data-start=\"5763\" data-end=\"5792\">2. Combien contient une bo\u00eete ?<\/strong><br data-start=\"5792\" data-end=\"5795\" \/>Chaque bo\u00eete contient <strong data-start=\"5810\" data-end=\"5827\">0,5mg pellets<\/strong> avec une composition standardis\u00e9e.<\/p>\n<p data-start=\"5873\" data-end=\"6011\"><strong data-start=\"5873\" data-end=\"5927\">3. Mag ik RC+ Flubrotizolam kopen als particulier?<\/strong><br data-start=\"5927\" data-end=\"5930\" \/>Non, ce produit est uniquement disponible pour <strong data-start=\"5974\" data-end=\"6008\">institutions de recherche reconnues<\/strong>.<\/p>","protected":false},"excerpt":{"rendered":"<p>Productbeschrijving RC+ Flubrotizolam 0,5 MG Box bevat hoogzuivere Flubrotizolam, een verbinding uit de thienotriazolodiazepineklasse, ontwikkeld voor toxicologisch, analytisch en forensisch<\/p>","protected":false},"featured_media":21250,"comment_status":"closed","ping_status":"closed","template":"","meta":[],"product_brand":[82],"product_cat":[555],"product_tag":[150,153,154,151,152,155,326],"class_list":{"0":"post-24185","1":"product","2":"type-product","3":"status-publish","4":"has-post-thumbnail","6":"product_brand-research-chemical","7":"product_cat-b2b","8":"product_tag-flubrotizolam","9":"product_tag-flubrotizolam-dosage","10":"product_tag-flubrotizolam-ervaring","11":"product_tag-flubrotizolam-half-life","12":"product_tag-flubrotizolam-werking","13":"product_tag-flunitrazolam-bijwerkingen","14":"product_tag-nl","16":"first","17":"instock","18":"taxable","19":"shipping-taxable","20":"purchasable","21":"product-type-simple"},"_links":{"self":[{"href":"https:\/\/onderzoekschemicals.com\/fr_be\/wp-json\/wp\/v2\/product\/24185","targetHints":{"allow":["GET"]}}],"collection":[{"href":"https:\/\/onderzoekschemicals.com\/fr_be\/wp-json\/wp\/v2\/product"}],"about":[{"href":"https:\/\/onderzoekschemicals.com\/fr_be\/wp-json\/wp\/v2\/types\/product"}],"replies":[{"embeddable":true,"href":"https:\/\/onderzoekschemicals.com\/fr_be\/wp-json\/wp\/v2\/comments?post=24185"}],"version-history":[{"count":4,"href":"https:\/\/onderzoekschemicals.com\/fr_be\/wp-json\/wp\/v2\/product\/24185\/revisions"}],"predecessor-version":[{"id":27839,"href":"https:\/\/onderzoekschemicals.com\/fr_be\/wp-json\/wp\/v2\/product\/24185\/revisions\/27839"}],"wp:featuredmedia":[{"embeddable":true,"href":"https:\/\/onderzoekschemicals.com\/fr_be\/wp-json\/wp\/v2\/media\/21250"}],"wp:attachment":[{"href":"https:\/\/onderzoekschemicals.com\/fr_be\/wp-json\/wp\/v2\/media?parent=24185"}],"wp:term":[{"taxonomy":"product_brand","embeddable":true,"href":"https:\/\/onderzoekschemicals.com\/fr_be\/wp-json\/wp\/v2\/product_brand?post=24185"},{"taxonomy":"product_cat","embeddable":true,"href":"https:\/\/onderzoekschemicals.com\/fr_be\/wp-json\/wp\/v2\/product_cat?post=24185"},{"taxonomy":"product_tag","embeddable":true,"href":"https:\/\/onderzoekschemicals.com\/fr_be\/wp-json\/wp\/v2\/product_tag?post=24185"}],"curies":[{"name":"wp","href":"https:\/\/api.w.org\/{rel}","templated":true}]}}