{"id":24157,"date":"2025-04-13T17:41:09","date_gmt":"2025-04-13T17:41:09","guid":{"rendered":"https:\/\/onderzoekschemicals.com\/?post_type=product&#038;p=24157"},"modified":"2025-10-12T21:04:15","modified_gmt":"2025-10-12T21:04:15","slug":"6-apb","status":"publish","type":"product","link":"https:\/\/onderzoekschemicals.com\/fr_be\/shop\/b2b\/6-apb\/","title":{"rendered":"Mandala jaune"},"content":{"rendered":"<h3 data-start=\"4470\" data-end=\"4489\"><strong data-start=\"4474\" data-end=\"4489\">Introduction<\/strong><\/h3>\n<p data-start=\"4490\" data-end=\"4912\">Le <strong data-start=\"4493\" data-end=\"4511\">Mandala jaune<\/strong> incarne <strong data-start=\"4523\" data-end=\"4562\">lumi\u00e8re, bonheur et \u00e9veil spirituel<\/strong>. Les mandalas, originaires de l&#039;Antiquit\u00e9 <strong data-start=\"4594\" data-end=\"4640\">traditions bouddhistes et hindoues<\/strong>, symbolisent <strong data-start=\"4661\" data-end=\"4697\">unit\u00e9, \u00e9quilibre et univers<\/strong>Les tons jaunes vibrants de ce mandala rayonnent <strong data-start=\"4748\" data-end=\"4796\">positivit\u00e9, sagesse et \u00e9nergie renouvel\u00e9e<\/strong> dehors, en rapport avec le <strong data-start=\"4823\" data-end=\"4855\">Chakra du plexus solaire (Manipura)<\/strong> \u2013 le centre de la confiance en soi et de la force int\u00e9rieure. 6 apb<\/p>\n<p data-start=\"4914\" data-end=\"5054\">Que vous l&#039;utilisiez pour <strong data-start=\"4940\" data-end=\"4979\">m\u00e9ditation, pleine conscience ou d\u00e9coration<\/strong>, le <strong data-start=\"4984\" data-end=\"5002\">Mandala jaune<\/strong> apporte lumi\u00e8re, luminosit\u00e9 et joie \u00e0 n&#039;importe quelle pi\u00e8ce.<\/p>\n<hr data-start=\"5056\" data-end=\"5059\" \/>\n<h3 data-start=\"5061\" data-end=\"5092\"><strong data-start=\"5065\" data-end=\"5092\">Caract\u00e9ristiques principales<\/strong><\/h3>\n<ul data-start=\"5093\" data-end=\"5657\">\n<li data-start=\"5093\" data-end=\"5200\">\n<p data-start=\"5095\" data-end=\"5200\"><strong data-start=\"5095\" data-end=\"5119\">Palette de jaunes radieux :<\/strong> Con\u00e7u avec des couleurs chaudes et inspirantes qui symbolisent le bonheur et l&#039;illumination.<\/p>\n<\/li>\n<li data-start=\"5201\" data-end=\"5316\">\n<p data-start=\"5203\" data-end=\"5316\"><strong data-start=\"5203\" data-end=\"5228\">Symbolisme spirituel :<\/strong> Associ\u00e9 \u00e0 la <strong data-start=\"5249\" data-end=\"5270\">Chakra du plexus solaire<\/strong>, qui favorise la force, la motivation et l&#039;\u00e9quilibre.<\/p>\n<\/li>\n<li data-start=\"5317\" data-end=\"5431\">\n<p data-start=\"5319\" data-end=\"5431\"><strong data-start=\"5319\" data-end=\"5338\">Haute qualit\u00e9:<\/strong> Disponible sur <strong data-start=\"5355\" data-end=\"5387\">toile, affiche ou tapisserie<\/strong>, avec des d\u00e9tails nets et des couleurs durables.<\/p>\n<\/li>\n<li data-start=\"5432\" data-end=\"5555\">\n<p data-start=\"5434\" data-end=\"5555\"><strong data-start=\"5434\" data-end=\"5456\">G\u00e9om\u00e9trie sacr\u00e9e :<\/strong> Inspir\u00e9 des mandalas traditionnels qui repr\u00e9sentent l&#039;harmonie cosmique et la concentration.<\/p>\n<\/li>\n<li data-start=\"5556\" data-end=\"5657\">\n<p data-start=\"5558\" data-end=\"5657\"><strong data-start=\"5558\" data-end=\"5581\">Utilisation polyvalente :<\/strong> Id\u00e9al pour <strong data-start=\"5594\" data-end=\"5654\">maisons, studios de yoga, salles de th\u00e9rapie ou coins de m\u00e9ditation<\/strong>.<\/p>\n<\/li>\n<\/ul>\n<hr data-start=\"5659\" data-end=\"5662\" \/>\n<h3 data-start=\"5664\" data-end=\"5681\"><strong data-start=\"5668\" data-end=\"5681\">Avantages<\/strong><\/h3>\n<ul data-start=\"5682\" data-end=\"6140\">\n<li data-start=\"5682\" data-end=\"5782\">\n<p data-start=\"5684\" data-end=\"5782\"><strong data-start=\"5684\" data-end=\"5710\">Augmente la positivit\u00e9 :<\/strong> Les teintes dor\u00e9es <strong data-start=\"5728\" data-end=\"5779\">am\u00e9liorer l&#039;humeur et stimuler la cr\u00e9ativit\u00e9<\/strong>. 6 apb<\/p>\n<\/li>\n<li data-start=\"5783\" data-end=\"5885\">\n<p data-start=\"5785\" data-end=\"5885\"><strong data-start=\"5785\" data-end=\"5816\">Augmente l&#039;\u00e9nergie et la concentration :<\/strong> Favorise la clart\u00e9, la motivation et la concentration pendant la m\u00e9ditation.<\/p>\n<\/li>\n<li data-start=\"5886\" data-end=\"5974\">\n<p data-start=\"5888\" data-end=\"5974\"><strong data-start=\"5888\" data-end=\"5919\">Symbole de confiance en soi :<\/strong> Renforce la force int\u00e9rieure et l&#039;\u00e9quilibre \u00e9motionnel.<\/p>\n<\/li>\n<li data-start=\"5975\" data-end=\"6067\">\n<p data-start=\"5977\" data-end=\"6067\"><strong data-start=\"5977\" data-end=\"6005\">R\u00e9duit la fatigue :<\/strong> Cr\u00e9e une atmosph\u00e8re chaleureuse et accueillante qui redonne de l&#039;\u00e9nergie.<\/p>\n<\/li>\n<li data-start=\"6068\" data-end=\"6140\">\n<p data-start=\"6070\" data-end=\"6140\"><strong data-start=\"6070\" data-end=\"6092\">Accent d\u00e9coratif :<\/strong> Donne \u00e0 chaque espace <strong data-start=\"6111\" data-end=\"6137\">vitalit\u00e9 et harmonie<\/strong>.<\/p>\n<\/li>\n<\/ul>\n<hr data-start=\"6142\" data-end=\"6145\" \/>\n<h3 data-start=\"6147\" data-end=\"6162\"><strong data-start=\"6151\" data-end=\"6162\">Usage<\/strong><\/h3>\n<ol data-start=\"6163\" data-end=\"6603\">\n<li data-start=\"6163\" data-end=\"6280\">\n<p data-start=\"6166\" data-end=\"6280\"><strong data-start=\"6166\" data-end=\"6188\">En d\u00e9coration murale :<\/strong> Accrochez le <strong data-start=\"6197\" data-end=\"6215\">Mandala jaune<\/strong> dans les espaces de vie, les bureaux ou les studios pour une ambiance \u00e9nergique.<\/p>\n<\/li>\n<li data-start=\"6281\" data-end=\"6399\">\n<p data-start=\"6284\" data-end=\"6399\"><strong data-start=\"6284\" data-end=\"6303\">Pour la m\u00e9ditation :<\/strong> Concentrez votre regard sur le centre du mandala et respirez profond\u00e9ment pour am\u00e9liorer la clart\u00e9 et la concentration.<\/p>\n<\/li>\n<li data-start=\"6400\" data-end=\"6504\">\n<p data-start=\"6403\" data-end=\"6504\"><strong data-start=\"6403\" data-end=\"6420\">Pendant le yoga :<\/strong> Utilisez le mandala comme point focal pour stimuler la motivation et la force int\u00e9rieure.<\/p>\n<\/li>\n<li data-start=\"6505\" data-end=\"6603\">\n<p data-start=\"6508\" data-end=\"6603\"><strong data-start=\"6508\" data-end=\"6523\">En cadeau :<\/strong> Un cadeau significatif qui <strong data-start=\"6554\" data-end=\"6587\">joie, croissance et illumination<\/strong> symbolise.<\/p>\n<\/li>\n<\/ol>\n<hr data-start=\"6605\" data-end=\"6608\" \/>\n<h3 data-start=\"6610\" data-end=\"6643\"><strong data-start=\"6614\" data-end=\"6643\">Foire aux questions (FAQ)<\/strong><\/h3>\n<p data-start=\"6645\" data-end=\"6819\"><strong data-start=\"6645\" data-end=\"6687\">1. Que symbolise le Mandala Jaune ?<\/strong><br data-start=\"6687\" data-end=\"6690\" \/>Le <strong data-start=\"6693\" data-end=\"6711\">Mandala jaune<\/strong> signifie <strong data-start=\"6723\" data-end=\"6772\">lumi\u00e8re, positivit\u00e9 et illumination spirituelle<\/strong>, et est connect\u00e9 au <strong data-start=\"6797\" data-end=\"6818\">Chakra du plexus solaire<\/strong>.<\/p>\n<p data-start=\"6821\" data-end=\"6980\"><strong data-start=\"6821\" data-end=\"6878\">2. Puis-je utiliser le Mandala Jaune pour la m\u00e9ditation ?<\/strong><br data-start=\"6878\" data-end=\"6881\" \/>Oui, \u00e7a aide avec <strong data-start=\"6899\" data-end=\"6932\">\u00e9nergie, concentration et pleine conscience<\/strong>, et favorise l&#039;\u00e9quilibre entre le corps et l&#039;esprit.<\/p>\n<p data-start=\"6982\" data-end=\"7177\"><strong data-start=\"6982\" data-end=\"7042\">3. Le Mandala Jaune convient-il comme d\u00e9coration int\u00e9rieure ?<\/strong><br data-start=\"7042\" data-end=\"7045\" \/>Absolument. Les tons jaunes chauds et les formes sym\u00e9triques le rendent parfait pour <strong data-start=\"7124\" data-end=\"7176\">salons, studios de yoga et espaces artistiques<\/strong>.<\/p>\n<hr data-start=\"7179\" data-end=\"7182\" \/>\n<h3 data-start=\"7184\" data-end=\"7201\"><strong data-start=\"7188\" data-end=\"7201\">Conclusion<\/strong><\/h3>\n<p data-start=\"7202\" data-end=\"7553\">Le <strong data-start=\"7205\" data-end=\"7223\">Mandala jaune<\/strong> est plus qu&#039;une \u0153uvre d&#039;art \u2013 c&#039;est une <strong data-start=\"7263\" data-end=\"7309\">source de lumi\u00e8re, de force et de paix int\u00e9rieure<\/strong>Les tons jaunes vibrants apportent <strong data-start=\"7343\" data-end=\"7381\">chaleur, positivit\u00e9 et inspiration<\/strong> dans n&#039;importe quel environnement. Que vous l&#039;utilisiez pour <strong data-start=\"7426\" data-end=\"7477\">m\u00e9ditation, spiritualit\u00e9 ou d\u00e9coration int\u00e9rieure<\/strong>, le <strong data-start=\"7482\" data-end=\"7500\">Mandala jaune<\/strong> remplit chaque pi\u00e8ce avec <strong data-start=\"7522\" data-end=\"7552\">\u00e9nergie, \u00e9quilibre et joie<\/strong>.<\/p>","protected":false},"excerpt":{"rendered":"<p>Introductie De Yellow Mandala belichaamt licht, geluk en spiritueel ontwaken. Mandala\u2019s, afkomstig uit oude boeddhistische en hindoe\u00efstische tradities, staan symbool<\/p>","protected":false},"featured_media":20981,"comment_status":"closed","ping_status":"closed","template":"","meta":[],"product_brand":[82],"product_cat":[555],"product_tag":[124,117,126,131,130,125,326,127],"class_list":{"0":"post-24157","1":"product","2":"type-product","3":"status-publish","4":"has-post-thumbnail","6":"product_brand-research-chemical","7":"product_cat-b2b","8":"product_tag-6-apb","9":"product_tag-6-apb-benzo-fury","10":"product_tag-6-apb-kopen","11":"product_tag-6-apb-psychonaut","12":"product_tag-6-apb-ervaring","13":"product_tag-apb-6","14":"product_tag-nl","15":"product_tag-what-is-6-apb","17":"first","18":"instock","19":"taxable","20":"shipping-taxable","21":"purchasable","22":"product-type-variable"},"_links":{"self":[{"href":"https:\/\/onderzoekschemicals.com\/fr_be\/wp-json\/wp\/v2\/product\/24157","targetHints":{"allow":["GET"]}}],"collection":[{"href":"https:\/\/onderzoekschemicals.com\/fr_be\/wp-json\/wp\/v2\/product"}],"about":[{"href":"https:\/\/onderzoekschemicals.com\/fr_be\/wp-json\/wp\/v2\/types\/product"}],"replies":[{"embeddable":true,"href":"https:\/\/onderzoekschemicals.com\/fr_be\/wp-json\/wp\/v2\/comments?post=24157"}],"version-history":[{"count":4,"href":"https:\/\/onderzoekschemicals.com\/fr_be\/wp-json\/wp\/v2\/product\/24157\/revisions"}],"predecessor-version":[{"id":27849,"href":"https:\/\/onderzoekschemicals.com\/fr_be\/wp-json\/wp\/v2\/product\/24157\/revisions\/27849"}],"wp:featuredmedia":[{"embeddable":true,"href":"https:\/\/onderzoekschemicals.com\/fr_be\/wp-json\/wp\/v2\/media\/20981"}],"wp:attachment":[{"href":"https:\/\/onderzoekschemicals.com\/fr_be\/wp-json\/wp\/v2\/media?parent=24157"}],"wp:term":[{"taxonomy":"product_brand","embeddable":true,"href":"https:\/\/onderzoekschemicals.com\/fr_be\/wp-json\/wp\/v2\/product_brand?post=24157"},{"taxonomy":"product_cat","embeddable":true,"href":"https:\/\/onderzoekschemicals.com\/fr_be\/wp-json\/wp\/v2\/product_cat?post=24157"},{"taxonomy":"product_tag","embeddable":true,"href":"https:\/\/onderzoekschemicals.com\/fr_be\/wp-json\/wp\/v2\/product_tag?post=24157"}],"curies":[{"name":"wp","href":"https:\/\/api.w.org\/{rel}","templated":true}]}}