{"id":24148,"date":"2025-04-13T17:41:08","date_gmt":"2025-04-13T17:41:08","guid":{"rendered":"https:\/\/onderzoekschemicals.com\/?post_type=product&#038;p=24148"},"modified":"2025-10-14T07:52:32","modified_gmt":"2025-10-14T07:52:32","slug":"purple-mandala","status":"publish","type":"product","link":"https:\/\/onderzoekschemicals.com\/fr_be\/shop\/b2b\/purple-mandala\/","title":{"rendered":"Mandala violet"},"content":{"rendered":"<h3 data-start=\"4465\" data-end=\"4486\"><strong data-start=\"4469\" data-end=\"4484\">Introduction<\/strong><\/h3>\n<p data-start=\"4487\" data-end=\"4863\">Le <strong data-start=\"4490\" data-end=\"4508\">Mandala violet<\/strong> Plus qu&#039;une \u0153uvre d&#039;art, le Mandala Violet est un symbole intemporel d&#039;harmonie, d&#039;\u00e9quilibre et de conscience spirituelle. Avec ses motifs d\u00e9licats et ses riches teintes violettes, ce motif respire la tranquillit\u00e9, la cr\u00e9ativit\u00e9 et la positivit\u00e9. Qu&#039;il soit utilis\u00e9 comme d\u00e9coration murale, support de m\u00e9ditation ou ornement de yoga, le Mandala Violet apporte s\u00e9r\u00e9nit\u00e9 et inspiration \u00e0 tout espace.<\/p>\n<p data-start=\"4865\" data-end=\"5126\">Le mandala, profond\u00e9ment ancr\u00e9 dans les traditions spirituelles anciennes, symbolise l&#039;univers et le cheminement vers la conscience de soi. La couleur <strong data-start=\"4996\" data-end=\"5005\">violet<\/strong> \u2013 associ\u00e9 \u00e0 la sagesse, \u00e0 l\u2019intuition et \u00e0 l\u2019illumination \u2013 renforce l\u2019effet apaisant et m\u00e9ditatif de cette \u0153uvre.<\/p>\n<hr data-start=\"5128\" data-end=\"5131\" \/>\n<h3 data-start=\"5133\" data-end=\"5166\"><strong data-start=\"5137\" data-end=\"5164\">Caract\u00e9ristiques principales<\/strong><\/h3>\n<ul data-start=\"5167\" data-end=\"5812\">\n<li data-start=\"5167\" data-end=\"5257\">\n<p data-start=\"5169\" data-end=\"5257\"><strong data-start=\"5169\" data-end=\"5189\">Symbolisme profond :<\/strong> Repr\u00e9sente la croissance spirituelle, l\u2019\u00e9quilibre et l\u2019harmonie universelle.<\/p>\n<\/li>\n<li data-start=\"5258\" data-end=\"5357\">\n<p data-start=\"5260\" data-end=\"5357\"><strong data-start=\"5260\" data-end=\"5281\">Design dynamique :<\/strong> Combine des teintes violettes et lilas profondes qui \u00e9voquent la cr\u00e9ativit\u00e9 et la tranquillit\u00e9.<\/p>\n<\/li>\n<li data-start=\"5358\" data-end=\"5483\">\n<p data-start=\"5360\" data-end=\"5483\"><strong data-start=\"5360\" data-end=\"5388\">Mat\u00e9riaux de haute qualit\u00e9:<\/strong> Disponible sous forme d&#039;impression, de toile, de tenture murale ou de fichier num\u00e9rique (selon le type de produit).<\/p>\n<\/li>\n<li data-start=\"5484\" data-end=\"5593\">\n<p data-start=\"5486\" data-end=\"5593\"><strong data-start=\"5486\" data-end=\"5509\">Utilisation polyvalente :<\/strong> Parfait pour la d\u00e9coration murale, les coins de m\u00e9ditation, les studios de yoga ou les espaces de pleine conscience.<\/p>\n<\/li>\n<li data-start=\"5594\" data-end=\"5699\">\n<p data-start=\"5596\" data-end=\"5699\"><strong data-start=\"5596\" data-end=\"5629\">Durable et respectueux de l&#039;environnement :<\/strong> Imprim\u00e9 avec des encres non toxiques et r\u00e9sistantes aux couleurs sur des mat\u00e9riaux durables.<\/p>\n<\/li>\n<li data-start=\"5700\" data-end=\"5812\">\n<p data-start=\"5702\" data-end=\"5812\"><strong data-start=\"5702\" data-end=\"5726\">Cadeau significatif :<\/strong> Un beau cadeau pour les chercheurs spirituels, les artistes et les amateurs de m\u00e9ditation.<\/p>\n<\/li>\n<\/ul>\n<hr data-start=\"5814\" data-end=\"5817\" \/>\n<h3 data-start=\"5819\" data-end=\"5838\"><strong data-start=\"5823\" data-end=\"5836\">Avantages<\/strong><\/h3>\n<p data-start=\"5839\" data-end=\"5980\">\u2705 <strong data-start=\"5841\" data-end=\"5874\">Favorise la relaxation et la concentration<\/strong> \u2013 La g\u00e9om\u00e9trie sym\u00e9trique du mandala aide \u00e0 calmer l\u2019esprit et \u00e0 am\u00e9liorer la concentration.<\/p>\n<p data-start=\"5982\" data-end=\"6127\">\u2705 <strong data-start=\"5984\" data-end=\"6008\">Enrichit chaque espace<\/strong> \u2013 Les tons violets ajoutent de l\u2019\u00e9l\u00e9gance et de la tranquillit\u00e9 \u00e0 n\u2019importe quel int\u00e9rieur \u2013 id\u00e9al pour les salons, les chambres et les studios.<\/p>\n<p data-start=\"6129\" data-end=\"6241\">\u2705 <strong data-start=\"6131\" data-end=\"6151\">Un symbolisme fort<\/strong> \u2013 Le Mandala Violet est un rappel quotidien d\u2019\u00e9quilibre, de pleine conscience et d\u2019harmonie int\u00e9rieure.<\/p>\n<p data-start=\"6243\" data-end=\"6349\">\u2705 <strong data-start=\"6245\" data-end=\"6269\">Durable et r\u00e9sistant aux couleurs<\/strong> \u2013 Fabriqu\u00e9 \u00e0 partir de mat\u00e9riaux de haute qualit\u00e9 qui garantissent une vitalit\u00e9 durable.<\/p>\n<p data-start=\"6351\" data-end=\"6463\">\u2705 <strong data-start=\"6353\" data-end=\"6389\">Stimule la connexion spirituelle<\/strong> \u2013 La profondeur du motif encourage l&#039;introspection et la prise de conscience. Mandala violet<\/p>\n<hr data-start=\"6465\" data-end=\"6468\" \/>\n<h3 data-start=\"6470\" data-end=\"6496\"><strong data-start=\"6474\" data-end=\"6494\">Comment utiliser<\/strong><\/h3>\n<blockquote data-start=\"6497\" data-end=\"6608\">\n<p data-start=\"6499\" data-end=\"6608\">\ud83e\udeb7 <em data-start=\"6502\" data-end=\"6608\">Utilisez le Mandala Violet pour cr\u00e9er une atmosph\u00e8re apaisante et positive \u00e0 la maison ou pendant la m\u00e9ditation.<\/em><\/p>\n<\/blockquote>\n<ol data-start=\"6610\" data-end=\"7053\">\n<li data-start=\"6610\" data-end=\"6730\">\n<p data-start=\"6613\" data-end=\"6730\"><strong data-start=\"6613\" data-end=\"6635\">En d\u00e9coration murale :<\/strong> Accrochez le mandala dans une salle de m\u00e9ditation, un studio de yoga ou une chambre pour un effet apaisant.<\/p>\n<\/li>\n<li data-start=\"6731\" data-end=\"6839\">\n<p data-start=\"6734\" data-end=\"6839\"><strong data-start=\"6734\" data-end=\"6752\">En m\u00e9ditation :<\/strong> Concentrez votre regard sur le centre du mandala et laissez vos pens\u00e9es s&#039;immobiliser lentement.<\/p>\n<\/li>\n<li data-start=\"6840\" data-end=\"6939\">\n<p data-start=\"6843\" data-end=\"6939\"><strong data-start=\"6843\" data-end=\"6862\">Dans les salles de Yoga :<\/strong> Utilisez le mandala comme fond d\u00e9coratif pour une atmosph\u00e8re apaisante.<\/p>\n<\/li>\n<li data-start=\"6940\" data-end=\"7053\">\n<p data-start=\"6943\" data-end=\"7053\"><strong data-start=\"6943\" data-end=\"6958\">En cadeau :<\/strong> Un cadeau sp\u00e9cial et symbolique pour tous ceux qui appr\u00e9cient la paix, l\u2019\u00e9quilibre et la beaut\u00e9.<\/p>\n<\/li>\n<\/ol>\n<hr data-start=\"7055\" data-end=\"7058\" \/>\n<h3 data-start=\"7060\" data-end=\"7095\"><strong data-start=\"7064\" data-end=\"7093\">Foire aux questions (FAQ)<\/strong><\/h3>\n<p data-start=\"7097\" data-end=\"7332\"><strong data-start=\"7097\" data-end=\"7139\">1. Que symbolise le Mandala Violet ?<\/strong><br data-start=\"7139\" data-end=\"7142\" \/>Le mandala violet repr\u00e9sente la conscience spirituelle, l&#039;\u00e9quilibre et la transformation. Le violet est la couleur de la sagesse et de l&#039;illumination, tandis que le cercle symbolise l&#039;infini et l&#039;harmonie.<\/p>\n<p data-start=\"7334\" data-end=\"7504\"><strong data-start=\"7334\" data-end=\"7382\">2. Le Mandala Violet convient-il \u00e0 tous les int\u00e9rieurs ?<\/strong><br data-start=\"7382\" data-end=\"7385\" \/>Oui. Gr\u00e2ce \u00e0 son design intemporel et sym\u00e9trique et \u00e0 ses tons doux, il convient aussi bien aux int\u00e9rieurs modernes que boh\u00e8mes.<\/p>\n<p data-start=\"7506\" data-end=\"7682\"><strong data-start=\"7506\" data-end=\"7550\">3. Comment entretenir mon Mandala Violet ?<\/strong><br data-start=\"7550\" data-end=\"7553\" \/>\u00c9vitez la lumi\u00e8re directe du soleil et l&#039;humidit\u00e9. Nettoyez d\u00e9licatement la toile ou le tissu avec un chiffon doux et sec pour pr\u00e9server les couleurs et les d\u00e9tails.<\/p>\n<p><a href=\"https:\/\/onderzoekschemicals.com\/fr_be\/shop\/lysergamides\/1cp-lsd-150-mcg\/\"><span dir=\"auto\" style=\"vertical-align: inherit;\"><span dir=\"auto\" style=\"vertical-align: inherit;\">Buvards artistiques 1cP-LSD 150 MCG <\/span><\/span><\/a><a href=\"https:\/\/onderzoekschemicals.com\/fr_be\/shop\/pellets\/o-dsmt-50mg-pellets\/\"><span dir=\"auto\" style=\"vertical-align: inherit;\"><span dir=\"auto\" style=\"vertical-align: inherit;\">Granul\u00e9s O-DSMT 50 mg <\/span><\/span><\/a><a href=\"https:\/\/onderzoekschemicals.com\/fr_be\/shop\/lysergamides\/1v-lsd-150-mcg-blotters\/\"><span dir=\"auto\" style=\"vertical-align: inherit;\"><span dir=\"auto\" style=\"vertical-align: inherit;\">buvards 1V-LSD 150 MCG <\/span><\/span><\/a><a href=\"https:\/\/onderzoekschemicals.com\/fr_be\/shop\/bijna-verboden\/6-cl-adba\/\"><span dir=\"auto\" style=\"vertical-align: inherit;\"><span dir=\"auto\" style=\"vertical-align: inherit;\">6-CL-ADBA <\/span><\/span><\/a><a href=\"https:\/\/onderzoekschemicals.com\/fr_be\/shop\/cathinonen\/2-cmc-kopen\/\"><span dir=\"auto\" style=\"vertical-align: inherit;\"><span dir=\"auto\" style=\"vertical-align: inherit;\">Granul\u00e9s de 2-CMC 250 mg<\/span><\/span><\/a><\/p>","protected":false},"excerpt":{"rendered":"<p>Introductie De Paarse Mandala is meer dan een kunstwerk \u2013 het is een tijdloos symbool van harmonie, balans en spiritueel<\/p>","protected":false},"featured_media":20635,"comment_status":"closed","ping_status":"closed","template":"","meta":[],"product_brand":[],"product_cat":[555],"product_tag":[629,644,326],"class_list":{"0":"post-24148","1":"product","2":"type-product","3":"status-publish","4":"has-post-thumbnail","6":"product_cat-b2b","7":"product_tag-4-fma-kopen","8":"product_tag-4-fma","9":"product_tag-nl","11":"first","12":"instock","13":"taxable","14":"shipping-taxable","15":"purchasable","16":"product-type-variable"},"_links":{"self":[{"href":"https:\/\/onderzoekschemicals.com\/fr_be\/wp-json\/wp\/v2\/product\/24148","targetHints":{"allow":["GET"]}}],"collection":[{"href":"https:\/\/onderzoekschemicals.com\/fr_be\/wp-json\/wp\/v2\/product"}],"about":[{"href":"https:\/\/onderzoekschemicals.com\/fr_be\/wp-json\/wp\/v2\/types\/product"}],"replies":[{"embeddable":true,"href":"https:\/\/onderzoekschemicals.com\/fr_be\/wp-json\/wp\/v2\/comments?post=24148"}],"version-history":[{"count":4,"href":"https:\/\/onderzoekschemicals.com\/fr_be\/wp-json\/wp\/v2\/product\/24148\/revisions"}],"predecessor-version":[{"id":27873,"href":"https:\/\/onderzoekschemicals.com\/fr_be\/wp-json\/wp\/v2\/product\/24148\/revisions\/27873"}],"wp:featuredmedia":[{"embeddable":true,"href":"https:\/\/onderzoekschemicals.com\/fr_be\/wp-json\/wp\/v2\/media\/20635"}],"wp:attachment":[{"href":"https:\/\/onderzoekschemicals.com\/fr_be\/wp-json\/wp\/v2\/media?parent=24148"}],"wp:term":[{"taxonomy":"product_brand","embeddable":true,"href":"https:\/\/onderzoekschemicals.com\/fr_be\/wp-json\/wp\/v2\/product_brand?post=24148"},{"taxonomy":"product_cat","embeddable":true,"href":"https:\/\/onderzoekschemicals.com\/fr_be\/wp-json\/wp\/v2\/product_cat?post=24148"},{"taxonomy":"product_tag","embeddable":true,"href":"https:\/\/onderzoekschemicals.com\/fr_be\/wp-json\/wp\/v2\/product_tag?post=24148"}],"curies":[{"name":"wp","href":"https:\/\/api.w.org\/{rel}","templated":true}]}}