{"id":24144,"date":"2025-04-13T17:41:08","date_gmt":"2025-04-13T17:41:08","guid":{"rendered":"https:\/\/onderzoekschemicals.com\/?post_type=product&#038;p=24144"},"modified":"2025-10-12T21:09:18","modified_gmt":"2025-10-12T21:09:18","slug":"chem-mist-noopept-spray","status":"publish","type":"product","link":"https:\/\/onderzoekschemicals.com\/fr_be\/shop\/b2b\/chem-mist-noopept-spray\/","title":{"rendered":"Spray chimique NOOPEPT"},"content":{"rendered":"<h3 data-start=\"4655\" data-end=\"4674\"><strong data-start=\"4659\" data-end=\"4674\">Introduction<\/strong><\/h3>\n<p data-start=\"4675\" data-end=\"5006\">Le <strong data-start=\"4678\" data-end=\"4705\">Spray chimique NOOPEPT<\/strong> offres <strong data-start=\"4712\" data-end=\"4779\">NOOPEPT de haute puret\u00e9 (ester \u00e9thylique de N-ph\u00e9nylac\u00e9tyl-L-prolylglycine)<\/strong> dans un <strong data-start=\"4787\" data-end=\"4821\">spray formul\u00e9 avec pr\u00e9cision<\/strong>, d\u00e9velopp\u00e9 \u00e0 des fins de recherche. NOOPEPT est un <strong data-start=\"4876\" data-end=\"4899\">compos\u00e9 nootrope<\/strong> qui est souvent \u00e9tudi\u00e9 pour ses effets possibles sur <strong data-start=\"4959\" data-end=\"5003\">m\u00e9moire, capacit\u00e9 d&#039;apprentissage et neuroprotection<\/strong>Spray Noopept Chem-mist<\/p>\n<p data-start=\"5008\" data-end=\"5235\">Ce spray a \u00e9t\u00e9 d\u00e9velopp\u00e9 par Chem-mist pour <strong data-start=\"5053\" data-end=\"5078\">recherche en laboratoire<\/strong> et garanties <strong data-start=\"5093\" data-end=\"5133\">dosage constant, haute stabilit\u00e9<\/strong> et <strong data-start=\"5137\" data-end=\"5164\">facilit\u00e9 d&#039;utilisation pratique<\/strong>, id\u00e9al pour les \u00e9tudes sur <strong data-start=\"5191\" data-end=\"5234\">neuroplasticit\u00e9 et fonction cognitive<\/strong>.<\/p>\n<hr data-start=\"5237\" data-end=\"5240\" \/>\n<h3 data-start=\"5242\" data-end=\"5273\"><strong data-start=\"5246\" data-end=\"5273\">Caract\u00e9ristiques principales<\/strong><\/h3>\n<ul data-start=\"5274\" data-end=\"5811\">\n<li data-start=\"5274\" data-end=\"5362\">\n<p data-start=\"5276\" data-end=\"5362\"><strong data-start=\"5276\" data-end=\"5299\">NOOPEPT de haute puret\u00e9 :<\/strong> Chaque spray contient <strong data-start=\"5317\" data-end=\"5333\">10 mg de NOOPEPT<\/strong> dans une solution stable.<\/p>\n<\/li>\n<li data-start=\"5363\" data-end=\"5492\">\n<p data-start=\"5365\" data-end=\"5492\"><strong data-start=\"5365\" data-end=\"5383\">Enregistrement rapide :<\/strong> Optimis\u00e9 pour <strong data-start=\"5405\" data-end=\"5471\">distribution efficace et biodisponibilit\u00e9 fiable<\/strong> pendant la recherche.<\/p>\n<\/li>\n<li data-start=\"5493\" data-end=\"5588\">\n<p data-start=\"5495\" data-end=\"5588\"><strong data-start=\"5495\" data-end=\"5520\">Dosage pr\u00e9cis :<\/strong> Le spray fournit <strong data-start=\"5541\" data-end=\"5585\">r\u00e9sultats v\u00e9rifiables et reproductibles<\/strong>.<\/p>\n<\/li>\n<li data-start=\"5589\" data-end=\"5711\">\n<p data-start=\"5591\" data-end=\"5711\"><strong data-start=\"5591\" data-end=\"5622\">Niveau de qualit\u00e9 de la recherche :<\/strong> Produit sous <strong data-start=\"5642\" data-end=\"5680\">conditions de laboratoire strictes<\/strong> pour assurer la puret\u00e9.<\/p>\n<\/li>\n<li data-start=\"5712\" data-end=\"5811\">\n<p data-start=\"5714\" data-end=\"5811\"><strong data-start=\"5714\" data-end=\"5736\">Compact et pratique :<\/strong> Flacon pulv\u00e9risateur de 10 ml, id\u00e9al pour une utilisation pr\u00e9cise en milieu de recherche. Spray Chem-mist NOOPEPT<\/p>\n<\/li>\n<\/ul>\n<hr data-start=\"5813\" data-end=\"5816\" \/>\n<h3 data-start=\"5818\" data-end=\"5835\"><strong data-start=\"5822\" data-end=\"5835\">Avantages<\/strong><\/h3>\n<ul data-start=\"5836\" data-end=\"6403\">\n<li data-start=\"5836\" data-end=\"5972\">\n<p data-start=\"5838\" data-end=\"5972\"><strong data-start=\"5838\" data-end=\"5874\">Soutient la recherche cognitive :<\/strong> \u00c9tudi\u00e9 pour son influence sur <strong data-start=\"5913\" data-end=\"5969\">m\u00e9moire, neuroprotection et plasticit\u00e9 synaptique<\/strong>.<\/p>\n<\/li>\n<li data-start=\"5973\" data-end=\"6080\">\n<p data-start=\"5975\" data-end=\"6080\"><strong data-start=\"5975\" data-end=\"6002\">Application fiable :<\/strong> La formule liquide rend <strong data-start=\"6030\" data-end=\"6068\">une administration pr\u00e9cise et coh\u00e9rente<\/strong> possible.<\/p>\n<\/li>\n<li data-start=\"6081\" data-end=\"6209\">\n<p data-start=\"6083\" data-end=\"6209\"><strong data-start=\"6083\" data-end=\"6136\">Convient aux \u00e9tudes comportementales et neurochimiques\u00a0:<\/strong> Aide \u00e0 la recherche sur <strong data-start=\"6162\" data-end=\"6206\">processus d&#039;apprentissage, attention et fonction c\u00e9r\u00e9brale<\/strong>.<\/p>\n<\/li>\n<li data-start=\"6210\" data-end=\"6311\">\n<p data-start=\"6212\" data-end=\"6311\"><strong data-start=\"6212\" data-end=\"6236\">Livraison efficace :<\/strong> Le spray fournit <strong data-start=\"6257\" data-end=\"6279\">distribution uniforme<\/strong> et minimise les \u00e9carts.<\/p>\n<\/li>\n<li data-start=\"6312\" data-end=\"6403\">\n<p data-start=\"6314\" data-end=\"6403\"><strong data-start=\"6314\" data-end=\"6341\">Stabilit\u00e9 \u00e0 long terme :<\/strong> La formule reste <strong data-start=\"6357\" data-end=\"6380\">stable et efficace<\/strong> lorsqu&#039;il est stock\u00e9 correctement.<\/p>\n<\/li>\n<\/ul>\n<hr data-start=\"6405\" data-end=\"6408\" \/>\n<h3 data-start=\"6410\" data-end=\"6425\"><strong data-start=\"6414\" data-end=\"6425\">Usage<\/strong><\/h3>\n<ol data-start=\"6426\" data-end=\"6688\">\n<li data-start=\"6426\" data-end=\"6463\">\n<p data-start=\"6429\" data-end=\"6463\"><strong data-start=\"6429\" data-end=\"6461\">Agiter doucement avant emploi.<\/strong><\/p>\n<\/li>\n<li data-start=\"6464\" data-end=\"6536\">\n<p data-start=\"6467\" data-end=\"6536\"><strong data-start=\"6467\" data-end=\"6480\">Une pulv\u00e9risation<\/strong> d\u00e9livre une dose de 10 mg de NOOPEPT (comme indiqu\u00e9).<\/p>\n<\/li>\n<li data-start=\"6537\" data-end=\"6610\">\n<p data-start=\"6540\" data-end=\"6610\"><strong data-start=\"6540\" data-end=\"6571\">Notez le dosage et le temps<\/strong> pour des donn\u00e9es de recherche pr\u00e9cises.<\/p>\n<\/li>\n<li data-start=\"6611\" data-end=\"6688\">\n<p data-start=\"6614\" data-end=\"6688\">\u00c9conomisez sur un <strong data-start=\"6629\" data-end=\"6652\">endroit frais et sec<\/strong>, \u00e0 l&#039;abri de la lumi\u00e8re directe du soleil.<\/p>\n<\/li>\n<\/ol>\n<blockquote data-start=\"6690\" data-end=\"6796\">\n<p data-start=\"6692\" data-end=\"6796\">\u26a0\ufe0f <strong data-start=\"6695\" data-end=\"6741\">Pour les tests en laboratoire uniquement.<\/strong> Ne convient pas \u00e0 la consommation humaine ou animale.<\/p>\n<\/blockquote>\n<hr data-start=\"6798\" data-end=\"6801\" \/>\n<h3 data-start=\"6803\" data-end=\"6836\"><strong data-start=\"6807\" data-end=\"6836\">Foire aux questions (FAQ)<\/strong><\/h3>\n<p data-start=\"6838\" data-end=\"7019\"><strong data-start=\"6838\" data-end=\"6893\">1. \u00c0 quoi sert le spray Chem-mist NOOPEPT ?<\/strong><br data-start=\"6893\" data-end=\"6896\" \/>Ce spray est utilis\u00e9 dans <strong data-start=\"6925\" data-end=\"6972\">recherche scientifique et neurochimique<\/strong> aux fonctions cognitives et \u00e0 la neuroplasticit\u00e9.<\/p>\n<p data-start=\"7021\" data-end=\"7162\"><strong data-start=\"7021\" data-end=\"7061\">2. Quelle quantit\u00e9 de NOOPEPT contient chaque spray ?<\/strong><br data-start=\"7061\" data-end=\"7064\" \/>Chaque pulv\u00e9risation produit un <strong data-start=\"7092\" data-end=\"7122\">dose pr\u00e9cise de 10 mg<\/strong>, v\u00e9rifi\u00e9 par analyse en laboratoire.<\/p>\n<p data-start=\"7164\" data-end=\"7304\"><strong data-start=\"7164\" data-end=\"7204\">3. Comment conserver le spray ?<\/strong><br data-start=\"7204\" data-end=\"7207\" \/>Conserver la bouteille dans un <strong data-start=\"7229\" data-end=\"7263\">endroit frais, sombre et sec<\/strong> (en dessous de 25\u00b0C) pour maintenir la stabilit\u00e9.<\/p>\n<hr data-start=\"7306\" data-end=\"7309\" \/>\n<h3 data-start=\"7311\" data-end=\"7328\"><strong data-start=\"7315\" data-end=\"7328\">Conclusion<\/strong><\/h3>\n<p data-start=\"7329\" data-end=\"7632\">Le <strong data-start=\"7332\" data-end=\"7359\">Spray chimique NOOPEPT<\/strong> moissonneuses-batteuses <strong data-start=\"7371\" data-end=\"7404\">pr\u00e9cision, puret\u00e9 et commodit\u00e9<\/strong> pour des recherches avanc\u00e9es sur les performances cognitives et les fonctions c\u00e9r\u00e9brales. Merci \u00e0 <strong data-start=\"7489\" data-end=\"7554\">dosage pr\u00e9cis, absorption rapide et stabilit\u00e9 \u00e0 long terme<\/strong> Ce produit est un excellent choix pour les environnements de recherche professionnels.<\/p>","protected":false},"excerpt":{"rendered":"<p>Introductie De Chem-mist NOOPEPT Spray biedt hoogzuiver NOOPEPT (N-phenylacetyl-L-prolylglycine ethyl ester) in een nauwkeurig geformuleerde spray, ontwikkeld voor onderzoeksdoeleinden. NOOPEPT<\/p>","protected":false},"featured_media":21202,"comment_status":"closed","ping_status":"closed","template":"","meta":[],"product_brand":[],"product_cat":[555],"product_tag":[326],"class_list":{"0":"post-24144","1":"product","2":"type-product","3":"status-publish","4":"has-post-thumbnail","6":"product_cat-b2b","7":"product_tag-nl","9":"first","10":"instock","11":"taxable","12":"shipping-taxable","13":"purchasable","14":"product-type-variable"},"_links":{"self":[{"href":"https:\/\/onderzoekschemicals.com\/fr_be\/wp-json\/wp\/v2\/product\/24144","targetHints":{"allow":["GET"]}}],"collection":[{"href":"https:\/\/onderzoekschemicals.com\/fr_be\/wp-json\/wp\/v2\/product"}],"about":[{"href":"https:\/\/onderzoekschemicals.com\/fr_be\/wp-json\/wp\/v2\/types\/product"}],"replies":[{"embeddable":true,"href":"https:\/\/onderzoekschemicals.com\/fr_be\/wp-json\/wp\/v2\/comments?post=24144"}],"version-history":[{"count":3,"href":"https:\/\/onderzoekschemicals.com\/fr_be\/wp-json\/wp\/v2\/product\/24144\/revisions"}],"predecessor-version":[{"id":27852,"href":"https:\/\/onderzoekschemicals.com\/fr_be\/wp-json\/wp\/v2\/product\/24144\/revisions\/27852"}],"wp:featuredmedia":[{"embeddable":true,"href":"https:\/\/onderzoekschemicals.com\/fr_be\/wp-json\/wp\/v2\/media\/21202"}],"wp:attachment":[{"href":"https:\/\/onderzoekschemicals.com\/fr_be\/wp-json\/wp\/v2\/media?parent=24144"}],"wp:term":[{"taxonomy":"product_brand","embeddable":true,"href":"https:\/\/onderzoekschemicals.com\/fr_be\/wp-json\/wp\/v2\/product_brand?post=24144"},{"taxonomy":"product_cat","embeddable":true,"href":"https:\/\/onderzoekschemicals.com\/fr_be\/wp-json\/wp\/v2\/product_cat?post=24144"},{"taxonomy":"product_tag","embeddable":true,"href":"https:\/\/onderzoekschemicals.com\/fr_be\/wp-json\/wp\/v2\/product_tag?post=24144"}],"curies":[{"name":"wp","href":"https:\/\/api.w.org\/{rel}","templated":true}]}}