{"id":24142,"date":"2025-04-13T17:41:08","date_gmt":"2025-04-13T17:41:08","guid":{"rendered":"https:\/\/onderzoekschemicals.com\/?post_type=product&#038;p=24142"},"modified":"2025-10-13T10:33:18","modified_gmt":"2025-10-13T10:33:18","slug":"chem-mist-1cp-lsd-spray","status":"publish","type":"product","link":"https:\/\/onderzoekschemicals.com\/fr_be\/shop\/b2b\/chem-mist-1cp-lsd-spray\/","title":{"rendered":"Spray Chem-mist 1cP-LSD"},"content":{"rendered":"<h3 data-start=\"3361\" data-end=\"3382\"><strong data-start=\"3365\" data-end=\"3380\">Introduction<\/strong><\/h3>\n<p data-start=\"3383\" data-end=\"3872\">Le spray Chem-mist 1cP-LSD est un <strong data-start=\"3414\" data-end=\"3451\">solution de recherche professionnelle<\/strong> que <strong data-start=\"3456\" data-end=\"3490\">1-cyclopropionyl-LSD (1cP-LSD)<\/strong> Contient un spray aqueux stabilis\u00e9. Con\u00e7u pour <strong data-start=\"3551\" data-end=\"3594\">applications de laboratoire contr\u00f4l\u00e9es<\/strong>, le rend <strong data-start=\"3606\" data-end=\"3649\">dosage pr\u00e9cis et reproductible<\/strong> Possible dans les exp\u00e9riences scientifiques et analytiques. Le format spray offre un microdosage constant, une excellente stabilit\u00e9 et r\u00e9duit le risque de contamination.<br data-start=\"3817\" data-end=\"3820\" \/><em data-start=\"3820\" data-end=\"3872\">(Non destin\u00e9 \u00e0 l&#039;usage humain ou animal.) Spray Chem-mist 1cP-LSD<\/em><\/p>\n<hr data-start=\"3874\" data-end=\"3877\" \/>\n<h3 data-start=\"3879\" data-end=\"3916\"><strong data-start=\"3883\" data-end=\"3914\">Caract\u00e9ristiques principales<\/strong><\/h3>\n<ul data-start=\"3917\" data-end=\"4332\">\n<li data-start=\"3917\" data-end=\"4004\">\n<p data-start=\"3919\" data-end=\"4004\"><strong data-start=\"3919\" data-end=\"3945\">Haute puret\u00e9 (\u226597%)<\/strong> \u2013 Qualit\u00e9 de recherche pour des r\u00e9sultats fiables<\/p>\n<\/li>\n<li data-start=\"4005\" data-end=\"4080\">\n<p data-start=\"4007\" data-end=\"4080\"><strong data-start=\"4007\" data-end=\"4036\">Microdosage coh\u00e9rent<\/strong> \u2013 Chaque pulv\u00e9risation d\u00e9livre une quantit\u00e9 fixe<\/p>\n<\/li>\n<li data-start=\"4081\" data-end=\"4177\">\n<p data-start=\"4083\" data-end=\"4177\"><strong data-start=\"4083\" data-end=\"4110\">Formule stabilis\u00e9e<\/strong> \u2013 Contient des tampons et des conservateurs pour une longue dur\u00e9e de conservation<\/p>\n<\/li>\n<li data-start=\"4178\" data-end=\"4248\">\n<p data-start=\"4180\" data-end=\"4248\"><strong data-start=\"4180\" data-end=\"4201\">S\u00fbr et compact<\/strong> \u2013 R\u00e9duit le risque de d\u00e9versement ou d\u2019exposition<\/p>\n<\/li>\n<li data-start=\"4249\" data-end=\"4332\">\n<p data-start=\"4251\" data-end=\"4332\"><strong data-start=\"4251\" data-end=\"4278\">Clairement \u00e9tiquet\u00e9<\/strong> \u2013 \u00ab\u00a0Pour la recherche uniquement\u00a0\u00bb conform\u00e9ment aux normes de s\u00e9curit\u00e9<\/p>\n<\/li>\n<\/ul>\n<hr data-start=\"4334\" data-end=\"4337\" \/>\n<h3 data-start=\"4339\" data-end=\"4358\"><strong data-start=\"4343\" data-end=\"4356\">Avantages<\/strong><\/h3>\n<p data-start=\"4359\" data-end=\"4697\">\u2705 <strong data-start=\"4361\" data-end=\"4382\">Dosage pr\u00e9cis<\/strong> \u2013 Reproductibilit\u00e9 fiable entre les mesures<br data-start=\"4432\" data-end=\"4435\" \/>\u2705 <strong data-start=\"4437\" data-end=\"4458\">Utilisation efficace<\/strong> \u2013 Pr\u00eat pour une utilisation directe en laboratoire<br data-start=\"4498\" data-end=\"4501\" \/>\u2705 <strong data-start=\"4503\" data-end=\"4523\">Propre et s\u00fbr<\/strong> \u2013 Le syst\u00e8me ferm\u00e9 limite la contamination<br data-start=\"4561\" data-end=\"4564\" \/>\u2705 <strong data-start=\"4566\" data-end=\"4594\">Coh\u00e9rence fiable<\/strong> \u2013 Chaque pulv\u00e9risation a un d\u00e9bit uniforme<br data-start=\"4633\" data-end=\"4636\" \/>\u2705 <strong data-start=\"4638\" data-end=\"4660\">Longue dur\u00e9e de conservation<\/strong> \u2013 Reste stable lorsqu\u2019il est stock\u00e9 correctement<\/p>\n<hr data-start=\"4699\" data-end=\"4702\" \/>\n<h3 data-start=\"4704\" data-end=\"4756\"><strong data-start=\"4708\" data-end=\"4754\">Utilisation (\u00e0 des fins de recherche uniquement)<\/strong><\/h3>\n<blockquote data-start=\"4757\" data-end=\"4873\">\n<p data-start=\"4759\" data-end=\"4873\">\u26a0\ufe0f <strong data-start=\"4762\" data-end=\"4777\">Important:<\/strong> \u00c0 utiliser uniquement dans des environnements de laboratoire ou de recherche avec un EPI et des pr\u00e9cautions de s\u00e9curit\u00e9.<\/p>\n<\/blockquote>\n<ol data-start=\"4875\" data-end=\"5135\">\n<li data-start=\"4875\" data-end=\"4932\">\n<p data-start=\"4878\" data-end=\"4932\">Agiter doucement et amorcer la buse avant la premi\u00e8re utilisation.<\/p>\n<\/li>\n<li data-start=\"4933\" data-end=\"4988\">\n<p data-start=\"4936\" data-end=\"4988\">Pulv\u00e9riser \u00e0 une distance fixe selon le protocole de recherche.<\/p>\n<\/li>\n<li data-start=\"4989\" data-end=\"5059\">\n<p data-start=\"4992\" data-end=\"5059\">Bien fermer et conserver debout dans un <strong data-start=\"5031\" data-end=\"5056\">endroit frais et sombre<\/strong>.<\/p>\n<\/li>\n<li data-start=\"5060\" data-end=\"5135\">\n<p data-start=\"5063\" data-end=\"5135\">\u00c9viter le contact avec la peau ou les yeux ; consulter la fiche de donn\u00e9es de s\u00e9curit\u00e9 (FDS).<\/p>\n<\/li>\n<\/ol>\n<hr data-start=\"5137\" data-end=\"5140\" \/>\n<h3 data-start=\"5142\" data-end=\"5177\"><strong data-start=\"5146\" data-end=\"5175\">Foire aux questions (FAQ)<\/strong><\/h3>\n<p data-start=\"5179\" data-end=\"5423\"><strong data-start=\"5179\" data-end=\"5201\">1. Qu&#039;est-ce que le 1cP-LSD ?<\/strong><br data-start=\"5201\" data-end=\"5204\" \/>Le 1cP-LSD (1-cyclopropionyl-LSD) est un analogue du lysergamide utilis\u00e9 en recherche. Dans certains syst\u00e8mes biologiques, il peut \u00eatre converti en LSD, ce qui le rend utile pour les \u00e9tudes de comparaison pharmacologique.<\/p>\n<p data-start=\"5425\" data-end=\"5614\"><strong data-start=\"5425\" data-end=\"5491\">2. Le spray Chem-mist 1cP-LSD est-il adapt\u00e9 \u00e0 l&#039;usage humain ?<\/strong><br data-start=\"5491\" data-end=\"5494\" \/>Non, ce produit est <strong data-start=\"5515\" data-end=\"5565\">destin\u00e9 uniquement \u00e0 la recherche en laboratoire<\/strong>, non destin\u00e9 \u00e0 la consommation humaine ou animale.<\/p>\n<p data-start=\"5616\" data-end=\"5787\"><strong data-start=\"5616\" data-end=\"5652\">3. Comment dois-je conserver le spray ?<\/strong><br data-start=\"5652\" data-end=\"5655\" \/>Conserver herm\u00e9tiquement ferm\u00e9, \u00e0 la verticale, \u00e0 l&#039;abri de la lumi\u00e8re, de la chaleur et de l&#039;humidit\u00e9. Conserv\u00e9 correctement, le spray reste stable longtemps.<\/p>","protected":false},"excerpt":{"rendered":"<p>Introductie Chem-mist 1cP-LSD Spray is een professionele onderzoeksoplossing die 1-cyclopropionyl-LSD (1cP-LSD) bevat in een gestabiliseerde waterige spray. Ontworpen voor gecontroleerde<\/p>","protected":false},"featured_media":20819,"comment_status":"closed","ping_status":"closed","template":"","meta":[],"product_brand":[],"product_cat":[555],"product_tag":[326],"class_list":{"0":"post-24142","1":"product","2":"type-product","3":"status-publish","4":"has-post-thumbnail","6":"product_cat-b2b","7":"product_tag-nl","9":"first","10":"instock","11":"taxable","12":"shipping-taxable","13":"purchasable","14":"product-type-variable"},"_links":{"self":[{"href":"https:\/\/onderzoekschemicals.com\/fr_be\/wp-json\/wp\/v2\/product\/24142","targetHints":{"allow":["GET"]}}],"collection":[{"href":"https:\/\/onderzoekschemicals.com\/fr_be\/wp-json\/wp\/v2\/product"}],"about":[{"href":"https:\/\/onderzoekschemicals.com\/fr_be\/wp-json\/wp\/v2\/types\/product"}],"replies":[{"embeddable":true,"href":"https:\/\/onderzoekschemicals.com\/fr_be\/wp-json\/wp\/v2\/comments?post=24142"}],"version-history":[{"count":3,"href":"https:\/\/onderzoekschemicals.com\/fr_be\/wp-json\/wp\/v2\/product\/24142\/revisions"}],"predecessor-version":[{"id":27860,"href":"https:\/\/onderzoekschemicals.com\/fr_be\/wp-json\/wp\/v2\/product\/24142\/revisions\/27860"}],"wp:featuredmedia":[{"embeddable":true,"href":"https:\/\/onderzoekschemicals.com\/fr_be\/wp-json\/wp\/v2\/media\/20819"}],"wp:attachment":[{"href":"https:\/\/onderzoekschemicals.com\/fr_be\/wp-json\/wp\/v2\/media?parent=24142"}],"wp:term":[{"taxonomy":"product_brand","embeddable":true,"href":"https:\/\/onderzoekschemicals.com\/fr_be\/wp-json\/wp\/v2\/product_brand?post=24142"},{"taxonomy":"product_cat","embeddable":true,"href":"https:\/\/onderzoekschemicals.com\/fr_be\/wp-json\/wp\/v2\/product_cat?post=24142"},{"taxonomy":"product_tag","embeddable":true,"href":"https:\/\/onderzoekschemicals.com\/fr_be\/wp-json\/wp\/v2\/product_tag?post=24142"}],"curies":[{"name":"wp","href":"https:\/\/api.w.org\/{rel}","templated":true}]}}