{"id":24111,"date":"2025-04-13T17:41:04","date_gmt":"2025-04-13T17:41:04","guid":{"rendered":"https:\/\/onderzoekschemicals.com\/?post_type=product&#038;p=24111"},"modified":"2025-10-14T07:59:11","modified_gmt":"2025-10-14T07:59:11","slug":"2-fea-3-fea","status":"publish","type":"product","link":"https:\/\/onderzoekschemicals.com\/fr_be\/shop\/b2b\/2-fea-3-fea\/","title":{"rendered":"Ampoule RC+ Newphoria"},"content":{"rendered":"<h3 data-start=\"5056\" data-end=\"5077\"><strong data-start=\"5060\" data-end=\"5075\">Introduction<\/strong><\/h3>\n<p data-start=\"5078\" data-end=\"5387\">Le <strong data-start=\"5081\" data-end=\"5106\">Ampoule RC+ Newphoria<\/strong> est de haute qualit\u00e9 <strong data-start=\"5127\" data-end=\"5152\">formulation de la recherche<\/strong>, sp\u00e9cialement d\u00e9velopp\u00e9 pour les laboratoires professionnels et la recherche analytique. Chaque blister contient <strong data-start=\"5251\" data-end=\"5288\">10 granul\u00e9s scell\u00e9s individuellement<\/strong>, con\u00e7u pour <strong data-start=\"5305\" data-end=\"5384\">dosage pr\u00e9cis, r\u00e9sultats coh\u00e9rents et manipulation sans contamination<\/strong>. 2 fea 3 fea<\/p>\n<p data-start=\"5389\" data-end=\"5687\">Avec une combinaison contr\u00f4l\u00e9e de <strong data-start=\"5427\" data-end=\"5477\">2-FEA et 3-FEA (isom\u00e8res de fluoro\u00e9thamph\u00e9tamine)<\/strong> ce produit est-il id\u00e9al pour <strong data-start=\"5505\" data-end=\"5567\">recherche pharmacologique, r\u00e9ceptrice et chimique analytique<\/strong>L&#039;emballage blister garantit <strong data-start=\"5601\" data-end=\"5651\">stabilit\u00e9, tra\u00e7abilit\u00e9 et stockage s\u00fbr<\/strong> dans des conditions de laboratoire.<\/p>\n<p data-start=\"5689\" data-end=\"5804\"><em data-start=\"5689\" data-end=\"5804\">(Ce produit est destin\u00e9 \u00e0 la recherche uniquement. Ne convient pas \u00e0 l&#039;usage humain ou animal.)<\/em><\/p>\n<hr data-start=\"5806\" data-end=\"5809\" \/>\n<h3 data-start=\"5811\" data-end=\"5844\"><strong data-start=\"5815\" data-end=\"5842\">Caract\u00e9ristiques principales<\/strong><\/h3>\n<ul data-start=\"5845\" data-end=\"6426\">\n<li data-start=\"5845\" data-end=\"5952\">\n<p data-start=\"5847\" data-end=\"5952\"><strong data-start=\"5847\" data-end=\"5873\">Composition 2\/3-FEA :<\/strong> Contient un m\u00e9lange contr\u00f4l\u00e9 de 2-FEA et 3-FEA pour la recherche comparative.<\/p>\n<\/li>\n<li data-start=\"5953\" data-end=\"6043\">\n<p data-start=\"5955\" data-end=\"6043\"><strong data-start=\"5955\" data-end=\"5982\">Haute puret\u00e9 (\u226598%) :<\/strong> Qualit\u00e9 laboratoire, confirm\u00e9e par l&#039;analyse du fournisseur.<\/p>\n<\/li>\n<li data-start=\"6044\" data-end=\"6149\">\n<p data-start=\"6046\" data-end=\"6149\"><strong data-start=\"6046\" data-end=\"6084\">10 pastilles scell\u00e9es individuellement :<\/strong> Chaque pastille est emball\u00e9e individuellement pour une int\u00e9grit\u00e9 maximale.<\/p>\n<\/li>\n<li data-start=\"6150\" data-end=\"6238\">\n<p data-start=\"6152\" data-end=\"6238\"><strong data-start=\"6152\" data-end=\"6174\">Emballage sous blister :<\/strong> Facile \u00e0 manipuler et prot\u00e8ge contre les facteurs environnementaux.<\/p>\n<\/li>\n<li data-start=\"6239\" data-end=\"6341\">\n<p data-start=\"6241\" data-end=\"6341\"><strong data-start=\"6241\" data-end=\"6273\">Tra\u00e7abilit\u00e9 des lots :<\/strong> Chaque colis contient un num\u00e9ro d\u2019identification unique \u00e0 des fins de documentation.<\/p>\n<\/li>\n<li data-start=\"6342\" data-end=\"6426\">\n<p data-start=\"6344\" data-end=\"6426\"><strong data-start=\"6344\" data-end=\"6375\">Forme et poids uniformes :<\/strong> Assure des r\u00e9sultats de recherche reproductibles.<\/p>\n<\/li>\n<\/ul>\n<hr data-start=\"6428\" data-end=\"6431\" \/>\n<h3 data-start=\"6433\" data-end=\"6481\"><strong data-start=\"6437\" data-end=\"6479\">Avantages (pour la recherche en laboratoire)<\/strong><\/h3>\n<p data-start=\"6482\" data-end=\"6577\">\u2705 <strong data-start=\"6484\" data-end=\"6514\">Pr\u00e9cision et fiabilit\u00e9<\/strong> \u2013 Chaque pastille d\u00e9livre une dose exacte pour des donn\u00e9es coh\u00e9rentes.<\/p>\n<p data-start=\"6579\" data-end=\"6668\">\u2705 <strong data-start=\"6581\" data-end=\"6606\">S\u00e9curit\u00e9 renforc\u00e9e<\/strong> \u2013 L\u2019emballage individuel emp\u00eache la contamination et la d\u00e9gradation.<\/p>\n<p data-start=\"6670\" data-end=\"6764\">\u2705 <strong data-start=\"6672\" data-end=\"6698\">Des processus de travail plus rapides<\/strong> \u2013 Pr\u00eat \u00e0 l\u2019emploi, aucune pes\u00e9e ni pr\u00e9paration suppl\u00e9mentaire n\u2019est n\u00e9cessaire.<\/p>\n<p data-start=\"6766\" data-end=\"6851\">\u2705 <strong data-start=\"6768\" data-end=\"6790\">Longue dur\u00e9e de conservation<\/strong> \u2013 L\u2019emballage protecteur maintient la puret\u00e9 et la stabilit\u00e9.<\/p>\n<p data-start=\"6853\" data-end=\"6959\">\u2705 <strong data-start=\"6855\" data-end=\"6882\">Documentation simple<\/strong> \u2013 Les codes de lot permettent une tra\u00e7abilit\u00e9 et un contr\u00f4le qualit\u00e9 faciles.<\/p>\n<hr data-start=\"6961\" data-end=\"6964\" \/>\n<h3 data-start=\"6966\" data-end=\"7018\"><strong data-start=\"6970\" data-end=\"7016\">Utilisation (\u00e0 des fins de recherche uniquement)<\/strong><\/h3>\n<blockquote data-start=\"7019\" data-end=\"7204\">\n<p data-start=\"7021\" data-end=\"7204\">\u26a0\ufe0f <strong data-start=\"7024\" data-end=\"7039\">Important:<\/strong> La plaquette RC+ Newphoria est destin\u00e9e exclusivement \u00e0 la recherche scientifique et analytique. Portez toujours un EPI et respectez les consignes de s\u00e9curit\u00e9 du laboratoire.<\/p>\n<\/blockquote>\n<ol data-start=\"7206\" data-end=\"7975\">\n<li data-start=\"7206\" data-end=\"7322\">\n<p data-start=\"7209\" data-end=\"7224\"><strong data-start=\"7209\" data-end=\"7222\">Inspection<\/strong><\/p>\n<ul data-start=\"7228\" data-end=\"7322\">\n<li data-start=\"7228\" data-end=\"7276\">\n<p data-start=\"7230\" data-end=\"7276\">V\u00e9rifiez l\u2019emballage et le num\u00e9ro de lot.<\/p>\n<\/li>\n<li data-start=\"7280\" data-end=\"7322\">\n<p data-start=\"7282\" data-end=\"7322\">Assurez-vous que les granul\u00e9s ne sont pas endommag\u00e9s.<\/p>\n<\/li>\n<\/ul>\n<\/li>\n<li data-start=\"7324\" data-end=\"7463\">\n<p data-start=\"7327\" data-end=\"7351\"><strong data-start=\"7327\" data-end=\"7349\">Enl\u00e8vement de granul\u00e9s<\/strong><\/p>\n<ul data-start=\"7355\" data-end=\"7463\">\n<li data-start=\"7355\" data-end=\"7428\">\n<p data-start=\"7357\" data-end=\"7428\">Pressez soigneusement un comprim\u00e9 hors de la plaquette thermoform\u00e9e \u00e0 l&#039;aide d&#039;un \u00e9quipement st\u00e9rile.<\/p>\n<\/li>\n<li data-start=\"7432\" data-end=\"7463\">\n<p data-start=\"7434\" data-end=\"7463\">\u00c9viter le contact direct avec la peau.<\/p>\n<\/li>\n<\/ul>\n<\/li>\n<li data-start=\"7465\" data-end=\"7640\">\n<p data-start=\"7468\" data-end=\"7494\"><strong data-start=\"7468\" data-end=\"7492\">Pr\u00e9paration des \u00e9chantillons<\/strong><\/p>\n<ul data-start=\"7498\" data-end=\"7640\">\n<li data-start=\"7498\" data-end=\"7594\">\n<p data-start=\"7500\" data-end=\"7594\">Dissoudre le culot dans un solvant appropri\u00e9 (par exemple, de l\u2019\u00e9thanol, de l\u2019eau distill\u00e9e ou un tampon).<\/p>\n<\/li>\n<li data-start=\"7598\" data-end=\"7640\">\n<p data-start=\"7600\" data-end=\"7640\">M\u00e9langer d\u00e9licatement jusqu&#039;\u00e0 dissolution compl\u00e8te.<\/p>\n<\/li>\n<\/ul>\n<\/li>\n<li data-start=\"7642\" data-end=\"7797\">\n<p data-start=\"7645\" data-end=\"7674\"><strong data-start=\"7645\" data-end=\"7672\">Utilisation dans les exp\u00e9riences<\/strong><\/p>\n<ul data-start=\"7678\" data-end=\"7797\">\n<li data-start=\"7678\" data-end=\"7743\">\n<p data-start=\"7680\" data-end=\"7743\">Utiliser dans des \u00e9tudes analytiques, r\u00e9ceptrices ou pharmacologiques.<\/p>\n<\/li>\n<li data-start=\"7747\" data-end=\"7797\">\n<p data-start=\"7749\" data-end=\"7797\">Enregistrez l\u2019ID du culot, la concentration et le volume de dissolution.<\/p>\n<\/li>\n<\/ul>\n<\/li>\n<li data-start=\"7799\" data-end=\"7975\">\n<p data-start=\"7802\" data-end=\"7829\"><strong data-start=\"7802\" data-end=\"7827\">Stockage et enl\u00e8vement<\/strong><\/p>\n<ul data-start=\"7833\" data-end=\"7975\">\n<li data-start=\"7833\" data-end=\"7908\">\n<p data-start=\"7835\" data-end=\"7908\">Conservez les granul\u00e9s non utilis\u00e9s dans un <strong data-start=\"7869\" data-end=\"7896\">frais, sombre et sec<\/strong> environnement.<\/p>\n<\/li>\n<li data-start=\"7912\" data-end=\"7975\">\n<p data-start=\"7914\" data-end=\"7975\">\u00c9liminer les d\u00e9chets conform\u00e9ment aux r\u00e9glementations de s\u00e9curit\u00e9 chimique. 2 fea 3 fea<\/p>\n<\/li>\n<\/ul>\n<\/li>\n<\/ol>\n<hr data-start=\"7977\" data-end=\"7980\" \/>\n<h3 data-start=\"7982\" data-end=\"8017\"><strong data-start=\"7986\" data-end=\"8015\">Foire aux questions (FAQ)<\/strong><\/h3>\n<p data-start=\"8019\" data-end=\"8189\"><strong data-start=\"8019\" data-end=\"8058\">1. Que contient RC+ Newphoria Blister ?<\/strong><br data-start=\"8058\" data-end=\"8061\" \/>Chaque blister contient <strong data-start=\"8080\" data-end=\"8104\">10 pastilles de recherche<\/strong> avec une combinaison de <strong data-start=\"8128\" data-end=\"8146\">2-FEA et 3-FEA<\/strong>, pour les tests en laboratoire uniquement.<\/p>\n<p data-start=\"8191\" data-end=\"8345\"><strong data-start=\"8191\" data-end=\"8239\">2. Quelle est la puret\u00e9 des compos\u00e9s ?<\/strong><br data-start=\"8239\" data-end=\"8242\" \/>Le fournisseur garantit une <strong data-start=\"8272\" data-end=\"8295\">puret\u00e9 de \u226598%<\/strong>, ce qui garantit fiabilit\u00e9 et coh\u00e9rence.<\/p>\n<p data-start=\"8347\" data-end=\"8559\"><strong data-start=\"8347\" data-end=\"8431\">3. Le RC+ Newphoria Blister peut-il \u00eatre utilis\u00e9 pour un usage humain ou animal ?<\/strong><br data-start=\"8431\" data-end=\"8434\" \/>Non, ce produit est <strong data-start=\"8455\" data-end=\"8504\">destin\u00e9 \u00e0 des fins de recherche uniquement<\/strong> et <strong data-start=\"8508\" data-end=\"8556\">non destin\u00e9 \u00e0 la consommation humaine ou animale<\/strong>.<\/p>","protected":false},"excerpt":{"rendered":"<p><strong>Num\u00e9ro CAS<\/strong>: 1780004-19-4<br \/>\n<strong>Formule<\/strong>: C11H16FN<br \/>\n<strong>Masse molaire<\/strong>: 181,25 g\/mol<br \/>\n<strong>Puret\u00e9<\/strong>: \u226598%<\/p>","protected":false},"featured_media":21160,"comment_status":"closed","ping_status":"closed","template":"","meta":[],"product_brand":[82],"product_cat":[555],"product_tag":[757,755,753,756,326],"class_list":{"0":"post-24111","1":"product","2":"type-product","3":"status-publish","4":"has-post-thumbnail","6":"product_brand-research-chemical","7":"product_cat-b2b","8":"product_tag-2-3-fea-ervaringen","9":"product_tag-2-fea-3-fea","10":"product_tag-2-3-fea-pellets","11":"product_tag-2-3-fea","12":"product_tag-nl","14":"first","15":"instock","16":"taxable","17":"shipping-taxable","18":"purchasable","19":"product-type-variable"},"_links":{"self":[{"href":"https:\/\/onderzoekschemicals.com\/fr_be\/wp-json\/wp\/v2\/product\/24111","targetHints":{"allow":["GET"]}}],"collection":[{"href":"https:\/\/onderzoekschemicals.com\/fr_be\/wp-json\/wp\/v2\/product"}],"about":[{"href":"https:\/\/onderzoekschemicals.com\/fr_be\/wp-json\/wp\/v2\/types\/product"}],"replies":[{"embeddable":true,"href":"https:\/\/onderzoekschemicals.com\/fr_be\/wp-json\/wp\/v2\/comments?post=24111"}],"version-history":[{"count":4,"href":"https:\/\/onderzoekschemicals.com\/fr_be\/wp-json\/wp\/v2\/product\/24111\/revisions"}],"predecessor-version":[{"id":27876,"href":"https:\/\/onderzoekschemicals.com\/fr_be\/wp-json\/wp\/v2\/product\/24111\/revisions\/27876"}],"wp:featuredmedia":[{"embeddable":true,"href":"https:\/\/onderzoekschemicals.com\/fr_be\/wp-json\/wp\/v2\/media\/21160"}],"wp:attachment":[{"href":"https:\/\/onderzoekschemicals.com\/fr_be\/wp-json\/wp\/v2\/media?parent=24111"}],"wp:term":[{"taxonomy":"product_brand","embeddable":true,"href":"https:\/\/onderzoekschemicals.com\/fr_be\/wp-json\/wp\/v2\/product_brand?post=24111"},{"taxonomy":"product_cat","embeddable":true,"href":"https:\/\/onderzoekschemicals.com\/fr_be\/wp-json\/wp\/v2\/product_cat?post=24111"},{"taxonomy":"product_tag","embeddable":true,"href":"https:\/\/onderzoekschemicals.com\/fr_be\/wp-json\/wp\/v2\/product_tag?post=24111"}],"curies":[{"name":"wp","href":"https:\/\/api.w.org\/{rel}","templated":true}]}}