{"id":24067,"date":"2025-04-13T17:40:59","date_gmt":"2025-04-13T17:40:59","guid":{"rendered":"https:\/\/onderzoekschemicals.com\/?post_type=product&#038;p=24067"},"modified":"2025-11-28T07:07:29","modified_gmt":"2025-11-28T07:07:29","slug":"1d-lsd-bestellen","status":"publish","type":"product","link":"https:\/\/onderzoekschemicals.com\/fr_be\/shop\/1d-lsd-225mcg-pellets\/1d-lsd-bestellen\/","title":{"rendered":"Granul\u00e9s de 1D-LSD 225 mcg"},"content":{"rendered":"<h3 data-start=\"5974\" data-end=\"5993\"><strong data-start=\"5978\" data-end=\"5993\">Introduction<\/strong><\/h3>\n<p data-start=\"5995\" data-end=\"6298\"><strong data-start=\"5995\" data-end=\"6020\">Granul\u00e9s de 1D-LSD 225 mcg<\/strong> sont <strong data-start=\"6026\" data-end=\"6073\">substances de recherche de qualit\u00e9 laboratoire<\/strong>, destin\u00e9 \u00e0 <strong data-start=\"6088\" data-end=\"6132\">recherche scientifique et analytique<\/strong>. Chaque pastille contient <strong data-start=\"6152\" data-end=\"6226\">225 microgrammes (mcg) de 1D-LSD (1-di\u00e9thylamide-di\u00e9thylamide d&#039;acide lysergique)<\/strong>, formul\u00e9 pour <strong data-start=\"6246\" data-end=\"6295\">puret\u00e9, pr\u00e9cision et stabilit\u00e9 chimique<\/strong>Commande 1D-LSD<\/p>\n<p data-start=\"6300\" data-end=\"6583\">Les granul\u00e9s sont id\u00e9aux pour <strong data-start=\"6328\" data-end=\"6367\">recherche sur les analogues du lysergamide<\/strong>, <strong data-start=\"6369\" data-end=\"6388\">liaison au r\u00e9cepteur<\/strong> et <strong data-start=\"6392\" data-end=\"6428\">analyses chimiques quantitatives<\/strong>Ils sont produits selon des normes strictes <strong data-start=\"6469\" data-end=\"6493\">Normes de qualit\u00e9 BPL<\/strong> pour assurer la coh\u00e9rence et la fiabilit\u00e9 dans les environnements de recherche professionnels.<\/p>\n<blockquote data-start=\"6585\" data-end=\"6723\">\n<p data-start=\"6587\" data-end=\"6723\">\u26a0\ufe0f <strong data-start=\"6590\" data-end=\"6601\">NB:<\/strong> Ce produit est destin\u00e9 uniquement \u00e0 <strong data-start=\"6642\" data-end=\"6667\">recherche en laboratoire<\/strong>Ne convient pas \u00e0 la consommation humaine ou animale.<\/p>\n<\/blockquote>\n<hr data-start=\"6725\" data-end=\"6728\" \/>\n<h3 data-start=\"6730\" data-end=\"6761\"><strong data-start=\"6734\" data-end=\"6761\">Caract\u00e9ristiques principales<\/strong><\/h3>\n<ul data-start=\"6763\" data-end=\"7251\">\n<li data-start=\"6763\" data-end=\"6826\">\n<p data-start=\"6765\" data-end=\"6826\"><strong data-start=\"6765\" data-end=\"6787\">Dosage pr\u00e9cis :<\/strong> Chaque pastille contient <strong data-start=\"6806\" data-end=\"6823\">225 mcg 1D-LSD<\/strong>.<\/p>\n<\/li>\n<li data-start=\"6827\" data-end=\"6906\">\n<p data-start=\"6829\" data-end=\"6906\"><strong data-start=\"6829\" data-end=\"6849\">Haute puret\u00e9 :<\/strong> Qualit\u00e9 de laboratoire avec une puret\u00e9 analytique \u226599%.<\/p>\n<\/li>\n<li data-start=\"6907\" data-end=\"6994\">\n<p data-start=\"6909\" data-end=\"6994\"><strong data-start=\"6909\" data-end=\"6935\">Stabilit\u00e9 chimique :<\/strong> Con\u00e7u pour un stockage longue dur\u00e9e et une utilisation fiable. Commandez 1D-LSD.<\/p>\n<\/li>\n<li data-start=\"6995\" data-end=\"7070\">\n<p data-start=\"6997\" data-end=\"7070\"><strong data-start=\"6997\" data-end=\"7024\">R\u00e9sultats coh\u00e9rents :<\/strong> Donn\u00e9es r\u00e9p\u00e9tables sur plusieurs exp\u00e9riences.<\/p>\n<\/li>\n<li data-start=\"7071\" data-end=\"7153\">\n<p data-start=\"7073\" data-end=\"7153\"><strong data-start=\"7073\" data-end=\"7096\">Emballage s\u00fbr :<\/strong> Scell\u00e9 et r\u00e9sistant \u00e0 l&#039;humidit\u00e9 pour une protection maximale.<\/p>\n<\/li>\n<li data-start=\"7154\" data-end=\"7251\">\n<p data-start=\"7156\" data-end=\"7251\"><strong data-start=\"7156\" data-end=\"7186\">Forme conviviale :<\/strong> Le format granul\u00e9 \u00e9vite la contamination et facilite le dosage.<\/p>\n<\/li>\n<\/ul>\n<hr data-start=\"7253\" data-end=\"7256\" \/>\n<h3 data-start=\"7258\" data-end=\"7275\"><strong data-start=\"7262\" data-end=\"7275\">Avantages<\/strong><\/h3>\n<ol data-start=\"7277\" data-end=\"7659\">\n<li data-start=\"7277\" data-end=\"7375\">\n<p data-start=\"7280\" data-end=\"7375\"><strong data-start=\"7280\" data-end=\"7317\">R\u00e9sultats de recherche pr\u00e9cis :<\/strong> Convient aux \u00e9tudes n\u00e9cessitant un microdosage.<\/p>\n<\/li>\n<li data-start=\"7376\" data-end=\"7444\">\n<p data-start=\"7379\" data-end=\"7444\"><strong data-start=\"7379\" data-end=\"7401\">Utilisation s\u00fbre :<\/strong> Moins d&#039;exposition gr\u00e2ce \u00e0 la forme des granul\u00e9s.<\/p>\n<\/li>\n<li data-start=\"7445\" data-end=\"7516\">\n<p data-start=\"7448\" data-end=\"7516\"><strong data-start=\"7448\" data-end=\"7472\">Qualit\u00e9 constante :<\/strong> Composition coh\u00e9rente entre les lots.<\/p>\n<\/li>\n<li data-start=\"7517\" data-end=\"7606\">\n<p data-start=\"7520\" data-end=\"7606\"><strong data-start=\"7520\" data-end=\"7553\">Scientifiquement fiable :<\/strong> Fabriqu\u00e9 selon les normes de qualit\u00e9 du laboratoire.<\/p>\n<\/li>\n<li data-start=\"7607\" data-end=\"7659\">\n<p data-start=\"7610\" data-end=\"7659\"><strong data-start=\"7610\" data-end=\"7628\">Longue dur\u00e9e de conservation :<\/strong> Stable lorsqu&#039;il est stock\u00e9 correctement.<\/p>\n<\/li>\n<\/ol>\n<hr data-start=\"7661\" data-end=\"7664\" \/>\n<h3 data-start=\"7666\" data-end=\"7705\"><strong data-start=\"7670\" data-end=\"7705\">Utilisation (pour la recherche uniquement)<\/strong><\/h3>\n<ol data-start=\"7707\" data-end=\"8033\">\n<li data-start=\"7707\" data-end=\"7785\">\n<p data-start=\"7710\" data-end=\"7785\"><strong data-start=\"7710\" data-end=\"7742\">Porter des v\u00eatements de protection<\/strong> (gants, lunettes de s\u00e9curit\u00e9, blouse de laboratoire).<\/p>\n<\/li>\n<li data-start=\"7786\" data-end=\"7861\">\n<p data-start=\"7789\" data-end=\"7861\"><strong data-start=\"7789\" data-end=\"7827\">Utiliser des instruments calibr\u00e9s<\/strong> pour mesurer avec pr\u00e9cision les granul\u00e9s.<\/p>\n<\/li>\n<li data-start=\"7862\" data-end=\"7913\">\n<p data-start=\"7865\" data-end=\"7913\"><strong data-start=\"7865\" data-end=\"7889\">Enregistrer les donn\u00e9es du lot<\/strong> pour la tra\u00e7abilit\u00e9.<\/p>\n<\/li>\n<li data-start=\"7914\" data-end=\"7973\">\n<p data-start=\"7917\" data-end=\"7973\"><strong data-start=\"7917\" data-end=\"7948\">Conservez les granul\u00e9s restants<\/strong> frais, sec et sombre.<\/p>\n<\/li>\n<li data-start=\"7974\" data-end=\"8033\">\n<p data-start=\"7977\" data-end=\"8033\"><strong data-start=\"7977\" data-end=\"7996\">\u00c9liminer les d\u00e9chets<\/strong> conform\u00e9ment aux r\u00e9glementations du laboratoire.<\/p>\n<\/li>\n<\/ol>\n<blockquote data-start=\"8035\" data-end=\"8142\">\n<p data-start=\"8037\" data-end=\"8142\">\u26a0\ufe0f <strong data-start=\"8040\" data-end=\"8098\">Ne convient pas \u00e0 la consommation humaine ou animale.<\/strong> Uniquement pour <strong data-start=\"8111\" data-end=\"8141\">recherche scientifique<\/strong>.<\/p>\n<\/blockquote>\n<hr data-start=\"8144\" data-end=\"8147\" \/>\n<h3 data-start=\"8149\" data-end=\"8174\"><strong data-start=\"8153\" data-end=\"8174\">Instructions de stockage<\/strong><\/h3>\n<ul data-start=\"8176\" data-end=\"8341\">\n<li data-start=\"8176\" data-end=\"8218\">\n<p data-start=\"8178\" data-end=\"8218\">\u00c9conomisez sur <strong data-start=\"8189\" data-end=\"8198\">2\u20138\u00b0C<\/strong>, sombre et sec.<\/p>\n<\/li>\n<li data-start=\"8219\" data-end=\"8258\">\n<p data-start=\"8221\" data-end=\"8258\">Garder le r\u00e9cipient bien ferm\u00e9.<\/p>\n<\/li>\n<li data-start=\"8259\" data-end=\"8298\">\n<p data-start=\"8261\" data-end=\"8298\">\u00c9viter le contact avec l&#039;humidit\u00e9 et la lumi\u00e8re.<\/p>\n<\/li>\n<li data-start=\"8299\" data-end=\"8341\">\n<p data-start=\"8301\" data-end=\"8341\">Tenir hors de port\u00e9e des personnes non autoris\u00e9es.<\/p>\n<\/li>\n<\/ul>\n<hr data-start=\"8343\" data-end=\"8346\" \/>\n<h3 data-start=\"8348\" data-end=\"8383\"><strong data-start=\"8352\" data-end=\"8383\">Foire aux questions (FAQ)<\/strong><\/h3>\n<p data-start=\"8385\" data-end=\"8543\"><strong data-start=\"8385\" data-end=\"8439\">1. \u00c0 quoi servent les granul\u00e9s 1D-LSD 225mcg ?<\/strong><br data-start=\"8439\" data-end=\"8442\" \/>Pour <strong data-start=\"8447\" data-end=\"8491\">recherche scientifique et analytique<\/strong> aux analogues du lysergamide et aux interactions avec les r\u00e9cepteurs.<\/p>\n<p data-start=\"8545\" data-end=\"8703\"><strong data-start=\"8545\" data-end=\"8595\">2. Ces granul\u00e9s sont-ils propres \u00e0 la consommation ?<\/strong><br data-start=\"8595\" data-end=\"8598\" \/>Non, ils le sont. <strong data-start=\"8611\" data-end=\"8661\">destin\u00e9 uniquement \u00e0 la recherche en laboratoire<\/strong> et <strong data-start=\"8665\" data-end=\"8700\">non destin\u00e9 \u00e0 la consommation humaine<\/strong>.<\/p>\n<p data-start=\"8705\" data-end=\"8843\"><strong data-start=\"8705\" data-end=\"8739\">3. Quelle est la meilleure fa\u00e7on de les stocker ?<\/strong><br data-start=\"8739\" data-end=\"8742\" \/>Enregistrez-les dans un <strong data-start=\"8759\" data-end=\"8793\">endroit frais, sec et sombre<\/strong> entre <strong data-start=\"8801\" data-end=\"8810\">2\u20138\u00b0C<\/strong> dans un emballage bien ferm\u00e9.<\/p>\n<hr data-start=\"8845\" data-end=\"8848\" \/>\n<h3 data-start=\"8850\" data-end=\"8867\"><strong data-start=\"8854\" data-end=\"8867\">Conclusion<\/strong><\/h3>\n<p data-start=\"8869\" data-end=\"9103\"><strong data-start=\"8869\" data-end=\"8894\">Granul\u00e9s de 1D-LSD 225 mcg<\/strong> garantie pour <strong data-start=\"8913\" data-end=\"8962\">pr\u00e9cision, puret\u00e9 et fiabilit\u00e9<\/strong>D\u00e9velopp\u00e9 pour la recherche analytique professionnelle. Parfait pour les laboratoires qui visent <strong data-start=\"9058\" data-end=\"9100\">pr\u00e9cision et r\u00e9sultats reproductibles<\/strong>.<\/p>","protected":false},"excerpt":{"rendered":"<p>Introductie 1D-LSD 225mcg Pellets zijn onderzoeksstoffen van laboratoriumkwaliteit, bedoeld voor wetenschappelijk en analytisch onderzoek. Elke pellet bevat 225 microgram (mcg)<\/p>","protected":false},"featured_media":29161,"comment_status":"closed","ping_status":"closed","template":"","meta":[],"product_brand":[],"product_cat":[362,378,358,324],"product_tag":[452,774],"class_list":{"0":"post-24067","1":"product","2":"type-product","3":"status-publish","4":"has-post-thumbnail","6":"product_cat-1d-lsd-225mcg-pellets","7":"product_cat-1d-lsd-pellets","8":"product_cat-lysergamides","9":"product_cat-pellets-for-pellet","10":"product_tag-de","11":"product_tag-lsd-bestellen","13":"first","14":"instock","15":"taxable","16":"shipping-taxable","17":"purchasable","18":"product-type-variable"},"_links":{"self":[{"href":"https:\/\/onderzoekschemicals.com\/fr_be\/wp-json\/wp\/v2\/product\/24067","targetHints":{"allow":["GET"]}}],"collection":[{"href":"https:\/\/onderzoekschemicals.com\/fr_be\/wp-json\/wp\/v2\/product"}],"about":[{"href":"https:\/\/onderzoekschemicals.com\/fr_be\/wp-json\/wp\/v2\/types\/product"}],"replies":[{"embeddable":true,"href":"https:\/\/onderzoekschemicals.com\/fr_be\/wp-json\/wp\/v2\/comments?post=24067"}],"version-history":[{"count":6,"href":"https:\/\/onderzoekschemicals.com\/fr_be\/wp-json\/wp\/v2\/product\/24067\/revisions"}],"predecessor-version":[{"id":27887,"href":"https:\/\/onderzoekschemicals.com\/fr_be\/wp-json\/wp\/v2\/product\/24067\/revisions\/27887"}],"wp:featuredmedia":[{"embeddable":true,"href":"https:\/\/onderzoekschemicals.com\/fr_be\/wp-json\/wp\/v2\/media\/29161"}],"wp:attachment":[{"href":"https:\/\/onderzoekschemicals.com\/fr_be\/wp-json\/wp\/v2\/media?parent=24067"}],"wp:term":[{"taxonomy":"product_brand","embeddable":true,"href":"https:\/\/onderzoekschemicals.com\/fr_be\/wp-json\/wp\/v2\/product_brand?post=24067"},{"taxonomy":"product_cat","embeddable":true,"href":"https:\/\/onderzoekschemicals.com\/fr_be\/wp-json\/wp\/v2\/product_cat?post=24067"},{"taxonomy":"product_tag","embeddable":true,"href":"https:\/\/onderzoekschemicals.com\/fr_be\/wp-json\/wp\/v2\/product_tag?post=24067"}],"curies":[{"name":"wp","href":"https:\/\/api.w.org\/{rel}","templated":true}]}}