{"id":23947,"date":"2025-04-13T17:40:44","date_gmt":"2025-04-13T17:40:44","guid":{"rendered":"https:\/\/onderzoekschemicals.com\/?post_type=product&#038;p=23947"},"modified":"2025-11-28T07:23:44","modified_gmt":"2025-11-28T07:23:44","slug":"2-fea","status":"publish","type":"product","link":"https:\/\/onderzoekschemicals.com\/fr_be\/shop\/2-fea\/2-fea\/","title":{"rendered":"2-FEA (2-fluoro\u00e9thamph\u00e9tamine)"},"content":{"rendered":"<h3 data-start=\"6066\" data-end=\"6085\"><strong data-start=\"6070\" data-end=\"6085\">Introduction<\/strong><\/h3>\n<p data-start=\"6087\" data-end=\"6403\"><strong data-start=\"6087\" data-end=\"6121\">2-FEA (2-fluoro\u00e9thamph\u00e9tamine)<\/strong> est un <strong data-start=\"6129\" data-end=\"6173\">mat\u00e9riel de recherche de qualit\u00e9 analytique<\/strong>, con\u00e7u pour <strong data-start=\"6190\" data-end=\"6256\">recherche scientifique, m\u00e9dico-l\u00e9gale et chimique en laboratoire<\/strong>. 2 fea<br data-start=\"6257\" data-end=\"6260\" \/>La connexion appartient \u00e0 la <strong data-start=\"6289\" data-end=\"6327\">classe des ph\u00e9n\u00e9thylamines et des amph\u00e9tamines<\/strong>, imm\u00e9diatement <strong data-start=\"6337\" data-end=\"6367\">atome de fluor en position 2<\/strong> de la structure de l&#039;\u00e9thylamph\u00e9tamine.<\/p>\n<p data-start=\"6405\" data-end=\"6645\">Produit selon <strong data-start=\"6426\" data-end=\"6467\">Normes BPL (Bonnes Pratiques de Laboratoire)<\/strong>, 2-FEA offre une <strong data-start=\"6485\" data-end=\"6508\">puret\u00e9 de \u226599%<\/strong>, <strong data-start=\"6510\" data-end=\"6535\">stabilit\u00e9 chimique<\/strong> et <strong data-start=\"6539\" data-end=\"6565\">des r\u00e9sultats fiables<\/strong> \u2013 id\u00e9al pour <strong data-start=\"6580\" data-end=\"6642\">recherche spectroscopique, chromatographique et structurale<\/strong>.<\/p>\n<blockquote data-start=\"6647\" data-end=\"6791\">\n<p data-start=\"6649\" data-end=\"6791\">\u26a0\ufe0f <strong data-start=\"6652\" data-end=\"6663\">NB:<\/strong> Ce produit est <strong data-start=\"6679\" data-end=\"6729\">destin\u00e9 uniquement \u00e0 la recherche en laboratoire<\/strong> et <strong data-start=\"6733\" data-end=\"6790\">ne convient pas \u00e0 la consommation humaine ou animale<\/strong>.<\/p>\n<\/blockquote>\n<hr data-start=\"6793\" data-end=\"6796\" \/>\n<h3 data-start=\"6798\" data-end=\"6829\"><strong data-start=\"6802\" data-end=\"6829\">Caract\u00e9ristiques principales<\/strong><\/h3>\n<ul data-start=\"6831\" data-end=\"7373\">\n<li data-start=\"6831\" data-end=\"6924\">\n<p data-start=\"6833\" data-end=\"6924\"><strong data-start=\"6833\" data-end=\"6853\">Haute puret\u00e9 :<\/strong> Qualit\u00e9 analytique \u226599%, test\u00e9e \u00e0 l&#039;aide de m\u00e9thodes analytiques avanc\u00e9es.<\/p>\n<\/li>\n<li data-start=\"6925\" data-end=\"7028\">\n<p data-start=\"6927\" data-end=\"7028\"><strong data-start=\"6927\" data-end=\"6960\">Structure chimique stable :<\/strong> \u00c9thylamph\u00e9tamine \u00e0 base de fluor de composition contr\u00f4l\u00e9e.<\/p>\n<\/li>\n<li data-start=\"7029\" data-end=\"7109\">\n<p data-start=\"7031\" data-end=\"7109\"><strong data-start=\"7031\" data-end=\"7060\">Coh\u00e9rence fiable :<\/strong> Chaque lot est test\u00e9 pour son identit\u00e9 et sa puret\u00e9.<\/p>\n<\/li>\n<li data-start=\"7110\" data-end=\"7201\">\n<p data-start=\"7112\" data-end=\"7201\"><strong data-start=\"7112\" data-end=\"7130\">Production BPL :<\/strong> Produit sous des conditions strictes <strong data-start=\"7158\" data-end=\"7186\">Bonnes pratiques de laboratoire<\/strong>-lignes directrices.<\/p>\n<\/li>\n<li data-start=\"7202\" data-end=\"7286\">\n<p data-start=\"7204\" data-end=\"7286\"><strong data-start=\"7204\" data-end=\"7227\">Emballage s\u00fbr :<\/strong> Herm\u00e9tique et r\u00e9sistant \u00e0 l&#039;humidit\u00e9 pour une dur\u00e9e de conservation maximale.<\/p>\n<\/li>\n<li data-start=\"7287\" data-end=\"7373\">\n<p data-start=\"7289\" data-end=\"7373\"><strong data-start=\"7289\" data-end=\"7317\">Qualit\u00e9 professionnelle :<\/strong> Convient pour <strong data-start=\"7332\" data-end=\"7370\">recherche m\u00e9dico-l\u00e9gale et analytique<\/strong>.<\/p>\n<\/li>\n<\/ul>\n<hr data-start=\"7375\" data-end=\"7378\" \/>\n<h3 data-start=\"7380\" data-end=\"7397\"><strong data-start=\"7384\" data-end=\"7397\">Avantages<\/strong><\/h3>\n<ol data-start=\"7399\" data-end=\"7817\">\n<li data-start=\"7399\" data-end=\"7486\">\n<p data-start=\"7402\" data-end=\"7486\"><strong data-start=\"7402\" data-end=\"7439\">R\u00e9sultats de recherche coh\u00e9rents :<\/strong> Une puret\u00e9 \u00e9lev\u00e9e garantit des donn\u00e9es fiables.<\/p>\n<\/li>\n<li data-start=\"7487\" data-end=\"7560\">\n<p data-start=\"7490\" data-end=\"7560\"><strong data-start=\"7490\" data-end=\"7517\">Stabilit\u00e9 \u00e0 long terme :<\/strong> R\u00e9sistant \u00e0 la d\u00e9composition lorsqu&#039;il est stock\u00e9 correctement.<\/p>\n<\/li>\n<li data-start=\"7561\" data-end=\"7643\">\n<p data-start=\"7564\" data-end=\"7643\"><strong data-start=\"7564\" data-end=\"7586\">Manipulation s\u00fbre :<\/strong> Con\u00e7u pour une utilisation en laboratoire et des analyses de pr\u00e9cision. 2 fea<\/p>\n<\/li>\n<li data-start=\"7644\" data-end=\"7727\">\n<p data-start=\"7647\" data-end=\"7727\"><strong data-start=\"7647\" data-end=\"7675\">Norme professionnelle :<\/strong> Conforme aux directives internationales de recherche.<\/p>\n<\/li>\n<li data-start=\"7728\" data-end=\"7817\">\n<p data-start=\"7731\" data-end=\"7817\"><strong data-start=\"7731\" data-end=\"7752\">Largement applicable :<\/strong> Id\u00e9al pour <strong data-start=\"7765\" data-end=\"7814\">examen chromatographique et spectroscopique<\/strong>.<\/p>\n<\/li>\n<\/ol>\n<hr data-start=\"7819\" data-end=\"7822\" \/>\n<h3 data-start=\"7824\" data-end=\"7863\"><strong data-start=\"7828\" data-end=\"7863\">Utilisation (pour la recherche uniquement)<\/strong><\/h3>\n<ol data-start=\"7865\" data-end=\"8218\">\n<li data-start=\"7865\" data-end=\"7941\">\n<p data-start=\"7868\" data-end=\"7941\"><strong data-start=\"7868\" data-end=\"7898\">Porter des v\u00eatements de protection<\/strong> (gants, lunettes de s\u00e9curit\u00e9, blouse de laboratoire).<\/p>\n<\/li>\n<li data-start=\"7942\" data-end=\"8012\">\n<p data-start=\"7945\" data-end=\"8012\"><strong data-start=\"7945\" data-end=\"7983\">Utiliser des instruments calibr\u00e9s<\/strong> pour des mesures pr\u00e9cises.<\/p>\n<\/li>\n<li data-start=\"8013\" data-end=\"8077\">\n<p data-start=\"8016\" data-end=\"8077\"><strong data-start=\"8016\" data-end=\"8042\">Notez les informations sur le lot<\/strong> et les conditions exp\u00e9rimentales.<\/p>\n<\/li>\n<li data-start=\"8078\" data-end=\"8147\">\n<p data-start=\"8081\" data-end=\"8147\"><strong data-start=\"8081\" data-end=\"8105\">Conserver les mat\u00e9riaux restants<\/strong> dans l&#039;emballage herm\u00e9tique d&#039;origine.<\/p>\n<\/li>\n<li data-start=\"8148\" data-end=\"8218\">\n<p data-start=\"8151\" data-end=\"8218\"><strong data-start=\"8151\" data-end=\"8177\">\u00c9liminer les d\u00e9chets<\/strong> conform\u00e9ment aux normes de s\u00e9curit\u00e9 applicables.<\/p>\n<\/li>\n<\/ol>\n<blockquote data-start=\"8220\" data-end=\"8297\">\n<p data-start=\"8222\" data-end=\"8297\">\u2697\ufe0f <strong data-start=\"8225\" data-end=\"8297\">R\u00e9serv\u00e9 aux tests en laboratoire \u2013 non destin\u00e9 \u00e0 la consommation humaine.<\/strong><\/p>\n<\/blockquote>\n<hr data-start=\"8299\" data-end=\"8302\" \/>\n<h3 data-start=\"8304\" data-end=\"8329\"><strong data-start=\"8308\" data-end=\"8329\">Instructions de stockage<\/strong><\/h3>\n<ul data-start=\"8331\" data-end=\"8499\">\n<li data-start=\"8331\" data-end=\"8373\">\n<p data-start=\"8333\" data-end=\"8373\">\u00c9conomisez sur <strong data-start=\"8344\" data-end=\"8353\">2\u20138\u00b0C<\/strong>, sec et sombre.<\/p>\n<\/li>\n<li data-start=\"8374\" data-end=\"8410\">\n<p data-start=\"8376\" data-end=\"8410\">Garder le r\u00e9cipient bien ferm\u00e9.<\/p>\n<\/li>\n<li data-start=\"8411\" data-end=\"8456\">\n<p data-start=\"8413\" data-end=\"8456\">Prot\u00e9ger contre <strong data-start=\"8428\" data-end=\"8453\">lumi\u00e8re, humidit\u00e9 et chaleur<\/strong>.<\/p>\n<\/li>\n<li data-start=\"8457\" data-end=\"8499\">\n<p data-start=\"8459\" data-end=\"8499\">Tenir hors de port\u00e9e des personnes non autoris\u00e9es.<\/p>\n<\/li>\n<\/ul>\n<hr data-start=\"8501\" data-end=\"8504\" \/>\n<h3 data-start=\"8506\" data-end=\"8541\"><strong data-start=\"8510\" data-end=\"8541\">Foire aux questions (FAQ)<\/strong><\/h3>\n<p data-start=\"8543\" data-end=\"8733\"><strong data-start=\"8543\" data-end=\"8580\">1. \u00c0 quoi sert le 2-FEA ?<\/strong><br data-start=\"8580\" data-end=\"8583\" \/>Le 2-FEA est utilis\u00e9 pour <strong data-start=\"8609\" data-end=\"8647\">recherche analytique et m\u00e9dico-l\u00e9gale<\/strong>, en mettant l&#039;accent sur <strong data-start=\"8662\" data-end=\"8702\">d\u00e9riv\u00e9s d&#039;amph\u00e9tamines \u00e0 base de fluor<\/strong> et <strong data-start=\"8706\" data-end=\"8730\">analyses structurelles<\/strong>.<\/p>\n<p data-start=\"8735\" data-end=\"8947\"><strong data-start=\"8735\" data-end=\"8787\">2. Le 2-FEA est-il propre \u00e0 la consommation humaine ?<\/strong><br data-start=\"8787\" data-end=\"8790\" \/>Non. <strong data-start=\"8795\" data-end=\"8829\">2-FEA (2-fluoro\u00e9thamph\u00e9tamine)<\/strong> est <strong data-start=\"8833\" data-end=\"8883\">destin\u00e9 uniquement \u00e0 la recherche en laboratoire<\/strong> et <strong data-start=\"8887\" data-end=\"8944\">ne convient pas \u00e0 la consommation humaine ou animale<\/strong>.<\/p>\n<p data-start=\"8949\" data-end=\"9091\"><strong data-start=\"8949\" data-end=\"8982\">3. Comment dois-je conserver le 2-FEA ?<\/strong><br data-start=\"8982\" data-end=\"8985\" \/>\u00c9conomisez sur <strong data-start=\"8996\" data-end=\"9005\">2\u20138\u00b0C<\/strong>, sur un <strong data-start=\"9014\" data-end=\"9048\">endroit frais, sec et sombre<\/strong>, dans l&#039;emballage herm\u00e9tique d&#039;origine.<\/p>\n<hr data-start=\"9093\" data-end=\"9096\" \/>\n<h3 data-start=\"9098\" data-end=\"9115\"><strong data-start=\"9102\" data-end=\"9115\">Conclusion<\/strong><\/h3>\n<p data-start=\"9117\" data-end=\"9418\"><strong data-start=\"9117\" data-end=\"9151\">2-FEA (2-fluoro\u00e9thamph\u00e9tamine)<\/strong> offres <strong data-start=\"9158\" data-end=\"9223\">puret\u00e9, stabilit\u00e9 et reproductibilit\u00e9 exceptionnelles<\/strong>, id\u00e9al pour <strong data-start=\"9237\" data-end=\"9275\">recherche analytique et m\u00e9dico-l\u00e9gale<\/strong>.<br data-start=\"9276\" data-end=\"9279\" \/>Ce tissu est le choix fiable pour les laboratoires se concentrant sur <strong data-start=\"9350\" data-end=\"9415\">analyses chimiques des compos\u00e9s amph\u00e9taminiques \u00e0 base de fluor<\/strong>.<\/p>","protected":false},"excerpt":{"rendered":"<h2><span style=\"vertical-align: inherit;\"><span style=\"vertical-align: inherit;\"><span dir=\"auto\" style=\"vertical-align: inherit;\"><span dir=\"auto\" style=\"vertical-align: inherit;\">Propri\u00e9t\u00e9s 2-FEA<\/span><\/span><\/span><\/span><\/h2>\n<p><strong><span style=\"vertical-align: inherit;\"><span style=\"vertical-align: inherit;\"><span dir=\"auto\" style=\"vertical-align: inherit;\"><span dir=\"auto\" style=\"vertical-align: inherit;\">Synonyme<\/span><\/span><\/span><\/span><\/strong><span style=\"vertical-align: inherit;\"><span style=\"vertical-align: inherit;\"><span dir=\"auto\" style=\"vertical-align: inherit;\"><span dir=\"auto\" style=\"vertical-align: inherit;\"> : 2-fluoro\u00e9thamph\u00e9tamine <\/span><\/span><\/span><\/span><br \/>\n<strong><span style=\"vertical-align: inherit;\"><span style=\"vertical-align: inherit;\"><span dir=\"auto\" style=\"vertical-align: inherit;\"><span dir=\"auto\" style=\"vertical-align: inherit;\">Num\u00e9ro CAS<\/span><\/span><\/span><\/span><\/strong><span style=\"vertical-align: inherit;\"><span style=\"vertical-align: inherit;\"><span dir=\"auto\" style=\"vertical-align: inherit;\"><span dir=\"auto\" style=\"vertical-align: inherit;\"> : 3871-89-4 <\/span><\/span><\/span><\/span><br \/>\n<strong><span style=\"vertical-align: inherit;\"><span style=\"vertical-align: inherit;\"><span dir=\"auto\" style=\"vertical-align: inherit;\"><span dir=\"auto\" style=\"vertical-align: inherit;\">Formule<\/span><\/span><\/span><\/span><\/strong><span style=\"vertical-align: inherit;\"><span style=\"vertical-align: inherit;\"><span dir=\"auto\" style=\"vertical-align: inherit;\"><span dir=\"auto\" style=\"vertical-align: inherit;\"> : C <\/span><\/span><\/span><\/span><sub><small><span style=\"vertical-align: inherit;\"><span style=\"vertical-align: inherit;\"><span dir=\"auto\" style=\"vertical-align: inherit;\"><span dir=\"auto\" style=\"vertical-align: inherit;\">11<\/span><\/span><\/span><\/span><\/small><\/sub><span style=\"vertical-align: inherit;\"><span style=\"vertical-align: inherit;\"><span dir=\"auto\" style=\"vertical-align: inherit;\"><span dir=\"auto\" style=\"vertical-align: inherit;\"> H <\/span><\/span><\/span><\/span><sub><small><span style=\"vertical-align: inherit;\"><span style=\"vertical-align: inherit;\"><span dir=\"auto\" style=\"vertical-align: inherit;\"><span dir=\"auto\" style=\"vertical-align: inherit;\">16<\/span><\/span><\/span><\/span><\/small><\/sub><span style=\"vertical-align: inherit;\"><span style=\"vertical-align: inherit;\"><span dir=\"auto\" style=\"vertical-align: inherit;\"><span dir=\"auto\" style=\"vertical-align: inherit;\"> FN \u2022 HCl <\/span><\/span><\/span><\/span><br \/>\n<strong><span style=\"vertical-align: inherit;\"><span style=\"vertical-align: inherit;\"><span dir=\"auto\" style=\"vertical-align: inherit;\"><span dir=\"auto\" style=\"vertical-align: inherit;\">Masse molaire<\/span><\/span><\/span><\/span><\/strong><span style=\"vertical-align: inherit;\"><span style=\"vertical-align: inherit;\"><span dir=\"auto\" style=\"vertical-align: inherit;\"><span dir=\"auto\" style=\"vertical-align: inherit;\"> : 217.7 <\/span><\/span><\/span><\/span><br \/>\n<strong><span style=\"vertical-align: inherit;\"><span style=\"vertical-align: inherit;\"><span dir=\"auto\" style=\"vertical-align: inherit;\"><span dir=\"auto\" style=\"vertical-align: inherit;\">Puret\u00e9<\/span><\/span><\/span><\/span><\/strong><span style=\"vertical-align: inherit;\"><span style=\"vertical-align: inherit;\"><span dir=\"auto\" style=\"vertical-align: inherit;\"><span dir=\"auto\" style=\"vertical-align: inherit;\"> : \u226599%<\/span><\/span><\/span><\/span><\/p>","protected":false},"featured_media":29194,"comment_status":"closed","ping_status":"closed","template":"","meta":[],"product_brand":[82],"product_cat":[437,322,333,398],"product_tag":[655,656,326],"class_list":{"0":"post-23947","1":"product","2":"type-product","3":"status-publish","4":"has-post-thumbnail","6":"product_brand-research-chemical","7":"product_cat-2-fea","8":"product_cat-bijna-verboden","9":"product_cat-gefluoreerden","10":"product_cat-verkoop","11":"product_tag-2-fea","12":"product_tag-2-fluoroethamfetamine","13":"product_tag-nl","15":"first","16":"instock","17":"sale","18":"taxable","19":"shipping-taxable","20":"purchasable","21":"product-type-variable"},"_links":{"self":[{"href":"https:\/\/onderzoekschemicals.com\/fr_be\/wp-json\/wp\/v2\/product\/23947","targetHints":{"allow":["GET"]}}],"collection":[{"href":"https:\/\/onderzoekschemicals.com\/fr_be\/wp-json\/wp\/v2\/product"}],"about":[{"href":"https:\/\/onderzoekschemicals.com\/fr_be\/wp-json\/wp\/v2\/types\/product"}],"replies":[{"embeddable":true,"href":"https:\/\/onderzoekschemicals.com\/fr_be\/wp-json\/wp\/v2\/comments?post=23947"}],"version-history":[{"count":5,"href":"https:\/\/onderzoekschemicals.com\/fr_be\/wp-json\/wp\/v2\/product\/23947\/revisions"}],"predecessor-version":[{"id":27918,"href":"https:\/\/onderzoekschemicals.com\/fr_be\/wp-json\/wp\/v2\/product\/23947\/revisions\/27918"}],"wp:featuredmedia":[{"embeddable":true,"href":"https:\/\/onderzoekschemicals.com\/fr_be\/wp-json\/wp\/v2\/media\/29194"}],"wp:attachment":[{"href":"https:\/\/onderzoekschemicals.com\/fr_be\/wp-json\/wp\/v2\/media?parent=23947"}],"wp:term":[{"taxonomy":"product_brand","embeddable":true,"href":"https:\/\/onderzoekschemicals.com\/fr_be\/wp-json\/wp\/v2\/product_brand?post=23947"},{"taxonomy":"product_cat","embeddable":true,"href":"https:\/\/onderzoekschemicals.com\/fr_be\/wp-json\/wp\/v2\/product_cat?post=23947"},{"taxonomy":"product_tag","embeddable":true,"href":"https:\/\/onderzoekschemicals.com\/fr_be\/wp-json\/wp\/v2\/product_tag?post=23947"}],"curies":[{"name":"wp","href":"https:\/\/api.w.org\/{rel}","templated":true}]}}