{"id":23902,"date":"2025-04-13T17:40:39","date_gmt":"2025-04-13T17:40:39","guid":{"rendered":"https:\/\/onderzoekschemicals.com\/?post_type=product&#038;p=23902"},"modified":"2025-11-28T07:26:48","modified_gmt":"2025-11-28T07:26:48","slug":"1cp-lsd-10-mcg-pellets-microdose","status":"publish","type":"product","link":"https:\/\/onderzoekschemicals.com\/fr_be\/shop\/1cp-lsd\/1cp-lsd-10-mcg-pellets-microdose\/","title":{"rendered":"Granul\u00e9s de 1cP-LSD 10 mcg \u2013 Microdose"},"content":{"rendered":"<h3 data-start=\"6127\" data-end=\"6146\"><strong data-start=\"6131\" data-end=\"6146\">Introduction<\/strong><\/h3>\n<p data-start=\"6148\" data-end=\"6467\"><strong data-start=\"6148\" data-end=\"6172\">Pastilles de 1cP-LSD 10 \u00b5g<\/strong> (di\u00e9thylamide de l&#039;acide 1-cyclopropionyl-lysergique) sont <strong data-start=\"6224\" data-end=\"6271\">substances de recherche de qualit\u00e9 analytique<\/strong>, sp\u00e9cialement d\u00e9velopp\u00e9 pour <strong data-start=\"6298\" data-end=\"6352\">recherche scientifique, chimique et m\u00e9dico-l\u00e9gale<\/strong>. Pastilles de 1cP-LSD 10 \u00b5g<br data-start=\"6353\" data-end=\"6356\" \/>Cette connexion appartient \u00e0 la <strong data-start=\"6387\" data-end=\"6409\">famille des lysergamides<\/strong> et est structurellement li\u00e9 \u00e0 <strong data-start=\"6440\" data-end=\"6450\">1P-LSD<\/strong> et <strong data-start=\"6454\" data-end=\"6464\">LSD-25<\/strong>.<\/p>\n<p data-start=\"6469\" data-end=\"6697\">Chaque pastille contient <strong data-start=\"6487\" data-end=\"6508\">10 microgrammes (\u00b5g)<\/strong> 1cP-LSD avec une puret\u00e9 de <strong data-start=\"6540\" data-end=\"6548\">\u226599%<\/strong>, produit sous <strong data-start=\"6569\" data-end=\"6610\">Normes BPL (Bonnes Pratiques de Laboratoire)<\/strong>.<br data-start=\"6611\" data-end=\"6614\" \/>Id\u00e9al pour <strong data-start=\"6626\" data-end=\"6694\">analyses chromatographiques, spectroscopiques et sp\u00e9cifiques aux r\u00e9cepteurs<\/strong>.<\/p>\n<blockquote data-start=\"6699\" data-end=\"6843\">\n<p data-start=\"6701\" data-end=\"6843\">\u26a0\ufe0f <strong data-start=\"6704\" data-end=\"6715\">NB:<\/strong> Ce produit est <strong data-start=\"6731\" data-end=\"6781\">destin\u00e9 uniquement \u00e0 la recherche en laboratoire<\/strong> et <strong data-start=\"6785\" data-end=\"6842\">ne convient pas \u00e0 la consommation humaine ou animale<\/strong>.<\/p>\n<\/blockquote>\n<hr data-start=\"6845\" data-end=\"6848\" \/>\n<h3 data-start=\"6850\" data-end=\"6881\"><strong data-start=\"6854\" data-end=\"6881\">Caract\u00e9ristiques principales<\/strong><\/h3>\n<ul data-start=\"6883\" data-end=\"7316\">\n<li data-start=\"6883\" data-end=\"6949\">\n<p data-start=\"6885\" data-end=\"6949\"><strong data-start=\"6885\" data-end=\"6917\">Haute puret\u00e9 analytique :<\/strong> \u226599%, test\u00e9 par HPLC et RMN.<\/p>\n<\/li>\n<li data-start=\"6950\" data-end=\"7019\">\n<p data-start=\"6952\" data-end=\"7019\"><strong data-start=\"6952\" data-end=\"6975\">Pr\u00e9cision du microdosage :<\/strong> Chaque pastille contient exactement <strong data-start=\"7000\" data-end=\"7016\">10 \u00b5g de 1cP-LSD<\/strong>.<\/p>\n<\/li>\n<li data-start=\"7020\" data-end=\"7086\">\n<p data-start=\"7022\" data-end=\"7086\"><strong data-start=\"7022\" data-end=\"7043\">Chimiquement stable :<\/strong> R\u00e9sistant \u00e0 la d\u00e9composition lorsqu&#039;il est stock\u00e9 correctement.<\/p>\n<\/li>\n<li data-start=\"7087\" data-end=\"7158\">\n<p data-start=\"7089\" data-end=\"7158\"><strong data-start=\"7089\" data-end=\"7107\">Production BPL :<\/strong> Fabriqu\u00e9 selon des normes de laboratoire strictes.<\/p>\n<\/li>\n<li data-start=\"7159\" data-end=\"7236\">\n<p data-start=\"7161\" data-end=\"7236\"><strong data-start=\"7161\" data-end=\"7178\">Test\u00e9 par lots :<\/strong> Chaque lot a \u00e9t\u00e9 v\u00e9rifi\u00e9 pour son identit\u00e9 et sa coh\u00e9rence.<\/p>\n<\/li>\n<li data-start=\"7237\" data-end=\"7316\">\n<p data-start=\"7239\" data-end=\"7316\"><strong data-start=\"7239\" data-end=\"7262\">Emballage s\u00fbr :<\/strong> Herm\u00e9tique et scell\u00e9 pour une dur\u00e9e de conservation optimale.<\/p>\n<\/li>\n<\/ul>\n<hr data-start=\"7318\" data-end=\"7321\" \/>\n<h3 data-start=\"7323\" data-end=\"7340\"><strong data-start=\"7327\" data-end=\"7340\">Avantages<\/strong><\/h3>\n<ol data-start=\"7342\" data-end=\"7772\">\n<li data-start=\"7342\" data-end=\"7454\">\n<p data-start=\"7345\" data-end=\"7454\"><strong data-start=\"7345\" data-end=\"7382\">Id\u00e9al pour la recherche analytique :<\/strong> Convient pour <strong data-start=\"7397\" data-end=\"7451\">chromatographie, spectroscopie et recherche sur les r\u00e9cepteurs<\/strong>.<\/p>\n<\/li>\n<li data-start=\"7455\" data-end=\"7544\">\n<p data-start=\"7458\" data-end=\"7544\"><strong data-start=\"7458\" data-end=\"7487\">Pr\u00e9cision de la microdose :<\/strong> Dosage pr\u00e9cis de 10\u00b5g pour les \u00e9tudes de microdosage.<\/p>\n<\/li>\n<li data-start=\"7545\" data-end=\"7625\">\n<p data-start=\"7548\" data-end=\"7625\"><strong data-start=\"7548\" data-end=\"7575\">Stabilit\u00e9 \u00e0 long terme :<\/strong> R\u00e9sistant \u00e0 la lumi\u00e8re et \u00e0 l&#039;humidit\u00e9 lorsqu&#039;il est stock\u00e9 correctement.<\/p>\n<\/li>\n<li data-start=\"7626\" data-end=\"7705\">\n<p data-start=\"7629\" data-end=\"7705\"><strong data-start=\"7629\" data-end=\"7657\">Qualit\u00e9 professionnelle :<\/strong> Con\u00e7u pour les laboratoires scientifiques.<\/p>\n<\/li>\n<li data-start=\"7706\" data-end=\"7772\">\n<p data-start=\"7709\" data-end=\"7772\"><strong data-start=\"7709\" data-end=\"7736\">Des r\u00e9sultats fiables :<\/strong> Haute coh\u00e9rence entre les lots.<\/p>\n<\/li>\n<\/ol>\n<hr data-start=\"7774\" data-end=\"7777\" \/>\n<h3 data-start=\"7779\" data-end=\"7818\"><strong data-start=\"7783\" data-end=\"7818\">Utilisation (pour la recherche uniquement)<\/strong><\/h3>\n<ol data-start=\"7820\" data-end=\"8192\">\n<li data-start=\"7820\" data-end=\"7897\">\n<p data-start=\"7823\" data-end=\"7897\"><strong data-start=\"7823\" data-end=\"7854\">Portez des v\u00eatements de protection :<\/strong> Gants, lunettes de s\u00e9curit\u00e9 et blouse de laboratoire.<\/p>\n<\/li>\n<li data-start=\"7898\" data-end=\"7966\">\n<p data-start=\"7901\" data-end=\"7966\"><strong data-start=\"7901\" data-end=\"7940\">Utilisation en environnement contr\u00f4l\u00e9 :<\/strong> Travailler proprement et st\u00e9rilement.<\/p>\n<\/li>\n<li data-start=\"7967\" data-end=\"8048\">\n<p data-start=\"7970\" data-end=\"8048\"><strong data-start=\"7970\" data-end=\"7997\">Notez les informations sur le lot\u00a0:<\/strong> Enregistrez le num\u00e9ro de lot et les d\u00e9tails exp\u00e9rimentaux.<\/p>\n<\/li>\n<li data-start=\"8049\" data-end=\"8127\">\n<p data-start=\"8052\" data-end=\"8127\"><strong data-start=\"8052\" data-end=\"8089\">Utiliser un \u00e9quipement calibr\u00e9 :<\/strong> Pour une analyse pr\u00e9cise au microgramme.<\/p>\n<\/li>\n<li data-start=\"8128\" data-end=\"8192\">\n<p data-start=\"8131\" data-end=\"8192\"><strong data-start=\"8131\" data-end=\"8158\">\u00c9liminer les d\u00e9chets en toute s\u00e9curit\u00e9 :<\/strong> Suivez les consignes de s\u00e9curit\u00e9.<\/p>\n<\/li>\n<\/ol>\n<blockquote data-start=\"8194\" data-end=\"8279\">\n<p data-start=\"8196\" data-end=\"8279\">\u2697\ufe0f <strong data-start=\"8199\" data-end=\"8279\">R\u00e9serv\u00e9 aux tests en laboratoire \u2013 non destin\u00e9 \u00e0 la consommation humaine.<\/strong><\/p>\n<\/blockquote>\n<hr data-start=\"8281\" data-end=\"8284\" \/>\n<h3 data-start=\"8286\" data-end=\"8311\"><strong data-start=\"8290\" data-end=\"8311\">Instructions de stockage<\/strong><\/h3>\n<ul data-start=\"8313\" data-end=\"8498\">\n<li data-start=\"8313\" data-end=\"8355\">\n<p data-start=\"8315\" data-end=\"8355\">\u00c9conomisez sur <strong data-start=\"8326\" data-end=\"8335\">2\u20138\u00b0C<\/strong>, sec et sombre.<\/p>\n<\/li>\n<li data-start=\"8356\" data-end=\"8392\">\n<p data-start=\"8358\" data-end=\"8392\">Garder le r\u00e9cipient bien ferm\u00e9.<\/p>\n<\/li>\n<li data-start=\"8393\" data-end=\"8438\">\n<p data-start=\"8395\" data-end=\"8438\">Prot\u00e9ger contre <strong data-start=\"8410\" data-end=\"8435\">lumi\u00e8re, humidit\u00e9 et chaleur<\/strong>.<\/p>\n<\/li>\n<li data-start=\"8439\" data-end=\"8498\">\n<p data-start=\"8441\" data-end=\"8498\">Accessible uniquement au personnel autoris\u00e9 du laboratoire.<\/p>\n<\/li>\n<\/ul>\n<hr data-start=\"8500\" data-end=\"8503\" \/>\n<h3 data-start=\"8505\" data-end=\"8540\"><strong data-start=\"8509\" data-end=\"8540\">Foire aux questions (FAQ)<\/strong><\/h3>\n<p data-start=\"8542\" data-end=\"8708\"><strong data-start=\"8542\" data-end=\"8586\">1. \u00c0 quoi sert le 1cP-LSD 10\u00b5g ?<\/strong><br data-start=\"8586\" data-end=\"8589\" \/>Pour <strong data-start=\"8594\" data-end=\"8638\">recherche scientifique et analytique<\/strong>, visant \u00e0 <strong data-start=\"8651\" data-end=\"8676\">d\u00e9riv\u00e9s du lysergamide<\/strong> et <strong data-start=\"8680\" data-end=\"8705\">analyse du microdosage<\/strong>.<\/p>\n<p data-start=\"8710\" data-end=\"8905\"><strong data-start=\"8710\" data-end=\"8753\">2. Le 1cP-LSD est-il propre \u00e0 la consommation ?<\/strong><br data-start=\"8753\" data-end=\"8756\" \/>Non. <strong data-start=\"8761\" data-end=\"8785\">Pastilles de 1cP-LSD 10 \u00b5g<\/strong> sont <strong data-start=\"8791\" data-end=\"8841\">destin\u00e9 uniquement \u00e0 la recherche en laboratoire<\/strong> et <strong data-start=\"8845\" data-end=\"8902\">ne convient pas \u00e0 la consommation humaine ou animale<\/strong>.<\/p>\n<p data-start=\"8907\" data-end=\"9043\"><strong data-start=\"8907\" data-end=\"8946\">3. Comment dois-je conserver au mieux le 1cP-LSD\u00a0?<\/strong><br data-start=\"8946\" data-end=\"8949\" \/>\u00c9conomisez sur un <strong data-start=\"8963\" data-end=\"9005\">endroit frais, sec et sombre (2\u20138\u00b0C)<\/strong>, dans un <strong data-start=\"9014\" data-end=\"9040\">emballage herm\u00e9tique<\/strong>.<\/p>\n<hr data-start=\"9045\" data-end=\"9048\" \/>\n<h3 data-start=\"9050\" data-end=\"9067\"><strong data-start=\"9054\" data-end=\"9067\">Conclusion<\/strong><\/h3>\n<p data-start=\"9069\" data-end=\"9360\"><strong data-start=\"9069\" data-end=\"9105\">Granul\u00e9s de 1cP-LSD 10 \u00b5g (microdose)<\/strong> sont <strong data-start=\"9111\" data-end=\"9152\">compos\u00e9s analytiques de haute qualit\u00e9<\/strong>, id\u00e9al pour <strong data-start=\"9166\" data-end=\"9202\">enqu\u00eate m\u00e9dico-l\u00e9gale et chimique<\/strong>.<br data-start=\"9203\" data-end=\"9206\" \/>Leur <strong data-start=\"9210\" data-end=\"9249\">pr\u00e9cision du microdosage, haute puret\u00e9<\/strong> et <strong data-start=\"9253\" data-end=\"9270\">Production BPL<\/strong> ils constituent un choix fiable pour les laboratoires qui <strong data-start=\"9323\" data-end=\"9347\">analyses de lysergamide<\/strong> ex\u00e9cuter.<\/p>","protected":false},"excerpt":{"rendered":"<h3><span data-sheets-value=\"{\"><span dir=\"auto\" style=\"vertical-align: inherit;\"><span dir=\"auto\" style=\"vertical-align: inherit;\">Pastilles de 1cP-LSD<\/span><\/span><\/span><span dir=\"auto\" style=\"vertical-align: inherit;\"><span dir=\"auto\" style=\"vertical-align: inherit;\"> Propri\u00e9t\u00e9s<\/span><\/span><\/h3>\n<p><strong><span dir=\"auto\" style=\"vertical-align: inherit;\"><span dir=\"auto\" style=\"vertical-align: inherit;\">Synonyme:<\/span><\/span><\/strong><span dir=\"auto\" style=\"vertical-align: inherit;\"><span dir=\"auto\" style=\"vertical-align: inherit;\"> h\u00e9mi-L-tartrate de di\u00e9thylamide d&#039;acide 1-cyclopropanecarbonyl-lysergique <\/span><\/span><br \/>\n<strong><span dir=\"auto\" style=\"vertical-align: inherit;\"><span dir=\"auto\" style=\"vertical-align: inherit;\">Num\u00e9ro CAS :<\/span><\/span><\/strong><span dir=\"auto\" style=\"vertical-align: inherit;\"><span dir=\"auto\" style=\"vertical-align: inherit;\"> APR\u00c8S <\/span><\/span><br \/>\n<strong><span dir=\"auto\" style=\"vertical-align: inherit;\"><span dir=\"auto\" style=\"vertical-align: inherit;\">Formule:<\/span><\/span><\/strong><span dir=\"auto\" style=\"vertical-align: inherit;\"><span dir=\"auto\" style=\"vertical-align: inherit;\"> (8\u03b2)-1-cyclopropionyl-N,N-di\u00e9thyl-6-m\u00e9thyl-9,10-did\u00e9shydroergoline-8-carboxamide h\u00e9mi-L-tartrate <\/span><\/span><br \/>\n<strong><span dir=\"auto\" style=\"vertical-align: inherit;\"><span dir=\"auto\" style=\"vertical-align: inherit;\">Masse molaire :<\/span><\/span><\/strong><span dir=\"auto\" style=\"vertical-align: inherit;\"><span dir=\"auto\" style=\"vertical-align: inherit;\"> 466,4 g\/mol <\/span><\/span><br \/>\n<strong><span dir=\"auto\" style=\"vertical-align: inherit;\"><span dir=\"auto\" style=\"vertical-align: inherit;\">Puret\u00e9:<\/span><\/span><\/strong><span dir=\"auto\" style=\"vertical-align: inherit;\"><span dir=\"auto\" style=\"vertical-align: inherit;\"> &gt;97%<\/span><\/span><\/p>","protected":false},"featured_media":29153,"comment_status":"closed","ping_status":"closed","template":"","meta":[],"product_brand":[],"product_cat":[360,377,358,324],"product_tag":[1229,326],"class_list":{"0":"post-23902","1":"product","2":"type-product","3":"status-publish","4":"has-post-thumbnail","6":"product_cat-1cp-lsd","7":"product_cat-1cp-lsd-pellets","8":"product_cat-lysergamides","9":"product_cat-pellets-for-pellet","10":"product_tag-1cp-lsd-10g-pellets","11":"product_tag-nl","13":"first","14":"instock","15":"taxable","16":"shipping-taxable","17":"purchasable","18":"product-type-variable"},"_links":{"self":[{"href":"https:\/\/onderzoekschemicals.com\/fr_be\/wp-json\/wp\/v2\/product\/23902","targetHints":{"allow":["GET"]}}],"collection":[{"href":"https:\/\/onderzoekschemicals.com\/fr_be\/wp-json\/wp\/v2\/product"}],"about":[{"href":"https:\/\/onderzoekschemicals.com\/fr_be\/wp-json\/wp\/v2\/types\/product"}],"replies":[{"embeddable":true,"href":"https:\/\/onderzoekschemicals.com\/fr_be\/wp-json\/wp\/v2\/comments?post=23902"}],"version-history":[{"count":5,"href":"https:\/\/onderzoekschemicals.com\/fr_be\/wp-json\/wp\/v2\/product\/23902\/revisions"}],"predecessor-version":[{"id":27925,"href":"https:\/\/onderzoekschemicals.com\/fr_be\/wp-json\/wp\/v2\/product\/23902\/revisions\/27925"}],"wp:featuredmedia":[{"embeddable":true,"href":"https:\/\/onderzoekschemicals.com\/fr_be\/wp-json\/wp\/v2\/media\/29153"}],"wp:attachment":[{"href":"https:\/\/onderzoekschemicals.com\/fr_be\/wp-json\/wp\/v2\/media?parent=23902"}],"wp:term":[{"taxonomy":"product_brand","embeddable":true,"href":"https:\/\/onderzoekschemicals.com\/fr_be\/wp-json\/wp\/v2\/product_brand?post=23902"},{"taxonomy":"product_cat","embeddable":true,"href":"https:\/\/onderzoekschemicals.com\/fr_be\/wp-json\/wp\/v2\/product_cat?post=23902"},{"taxonomy":"product_tag","embeddable":true,"href":"https:\/\/onderzoekschemicals.com\/fr_be\/wp-json\/wp\/v2\/product_tag?post=23902"}],"curies":[{"name":"wp","href":"https:\/\/api.w.org\/{rel}","templated":true}]}}