{"id":23834,"date":"2025-04-13T17:40:30","date_gmt":"2025-04-13T17:40:30","guid":{"rendered":"https:\/\/onderzoekschemicals.com\/?post_type=product&#038;p=23834"},"modified":"2025-11-28T07:36:14","modified_gmt":"2025-11-28T07:36:14","slug":"jwh-210-kopen","status":"publish","type":"product","link":"https:\/\/onderzoekschemicals.com\/fr_be\/shop\/bijna-verboden\/jwh-210-kopen\/","title":{"rendered":"JWH-210 (John William Huffman \u2013 210)"},"content":{"rendered":"<p data-start=\"5035\" data-end=\"5263\"><strong data-start=\"5035\" data-end=\"5073\">JWH-210 (John William Huffman-210)<\/strong> est un <strong data-start=\"5081\" data-end=\"5118\">agoniste cannabino\u00efde synth\u00e9tique<\/strong> de la <strong data-start=\"5126\" data-end=\"5151\">famille des naphtoylindoles<\/strong>Il a \u00e9t\u00e9 initialement d\u00e9velopp\u00e9 lors de recherches universitaires sur le fonctionnement des r\u00e9cepteurs cannabino\u00efdes. Acheter JWH-210<\/p>\n<p data-start=\"5265\" data-end=\"5586\">Aujourd&#039;hui, JWH-210 sert de <strong data-start=\"5296\" data-end=\"5326\">substance de r\u00e9f\u00e9rence et substance \u00e0 analyser<\/strong> dans les laboratoires qui m\u00e8nent des recherches sur <strong data-start=\"5366\" data-end=\"5396\">cannabino\u00efdes synth\u00e9tiques<\/strong>, <strong data-start=\"5398\" data-end=\"5419\">analyse des m\u00e9tabolites<\/strong> et <strong data-start=\"5423\" data-end=\"5455\">identification toxicologique<\/strong>Le produit est <strong data-start=\"5472\" data-end=\"5522\">destin\u00e9 uniquement \u00e0 la recherche en laboratoire<\/strong> et <strong data-start=\"5526\" data-end=\"5583\">ne convient pas \u00e0 la consommation humaine ou animale<\/strong>.<\/p>\n<hr data-start=\"5588\" data-end=\"5591\" \/>\n<h3 data-start=\"5593\" data-end=\"5624\"><strong data-start=\"5597\" data-end=\"5624\">Caract\u00e9ristiques principales<\/strong><\/h3>\n<ul data-start=\"5626\" data-end=\"6080\">\n<li data-start=\"5626\" data-end=\"5709\">\n<p data-start=\"5628\" data-end=\"5709\"><strong data-start=\"5628\" data-end=\"5653\">Identit\u00e9 chimique :<\/strong> Cannabino\u00efde synth\u00e9tique de la classe des naphtoylindoles.<\/p>\n<\/li>\n<li data-start=\"5710\" data-end=\"5790\">\n<p data-start=\"5712\" data-end=\"5790\"><strong data-start=\"5712\" data-end=\"5732\">Haute puret\u00e9 :<\/strong> Con\u00e7u pour des m\u00e9thodes de d\u00e9tection et d&#039;analyse pr\u00e9cises.<\/p>\n<\/li>\n<li data-start=\"5791\" data-end=\"5884\">\n<p data-start=\"5793\" data-end=\"5884\"><strong data-start=\"5793\" data-end=\"5832\">Mat\u00e9riel de r\u00e9f\u00e9rence certifi\u00e9 :<\/strong> Fourni avec certificat d&#039;analyse et donn\u00e9es de lot.<\/p>\n<\/li>\n<li data-start=\"5885\" data-end=\"5981\">\n<p data-start=\"5887\" data-end=\"5981\"><strong data-start=\"5887\" data-end=\"5910\">Structure stable:<\/strong> Convient pour un stockage \u00e0 long terme dans des conditions contr\u00f4l\u00e9es.<\/p>\n<\/li>\n<li data-start=\"5982\" data-end=\"6080\">\n<p data-start=\"5984\" data-end=\"6080\"><strong data-start=\"5984\" data-end=\"6018\">Compatible avec les techniques de mesure :<\/strong> Applicable dans <strong data-start=\"6033\" data-end=\"6042\">GC-MS<\/strong>, <strong data-start=\"6044\" data-end=\"6056\">LC-MS\/MS<\/strong> et <strong data-start=\"6060\" data-end=\"6068\">HPLC<\/strong> analyses.<\/p>\n<\/li>\n<\/ul>\n<hr data-start=\"6082\" data-end=\"6085\" \/>\n<h3 data-start=\"6087\" data-end=\"6104\"><strong data-start=\"6091\" data-end=\"6104\">Avantages<\/strong><\/h3>\n<ul data-start=\"6106\" data-end=\"6616\">\n<li data-start=\"6106\" data-end=\"6223\">\n<p data-start=\"6108\" data-end=\"6223\"><strong data-start=\"6108\" data-end=\"6145\">Soutient la recherche analytique :<\/strong> Aide \u00e0 l\u2019identification et \u00e0 la quantification des cannabino\u00efdes synth\u00e9tiques.<\/p>\n<\/li>\n<li data-start=\"6224\" data-end=\"6313\">\n<p data-start=\"6226\" data-end=\"6313\"><strong data-start=\"6226\" data-end=\"6254\">Augmente la pr\u00e9cision :<\/strong> Assure un \u00e9talonnage fiable des instruments d&#039;analyse.<\/p>\n<\/li>\n<li data-start=\"6314\" data-end=\"6432\">\n<p data-start=\"6316\" data-end=\"6432\"><strong data-start=\"6316\" data-end=\"6357\">Essentiel pour l\u2019enqu\u00eate m\u00e9dico-l\u00e9gale :<\/strong> Contribue \u00e0 la compr\u00e9hension des relations structurelles au sein des cannabino\u00efdes.<\/p>\n<\/li>\n<li data-start=\"6433\" data-end=\"6529\">\n<p data-start=\"6435\" data-end=\"6529\"><strong data-start=\"6435\" data-end=\"6466\">Contr\u00f4le de qualit\u00e9 strict :<\/strong> Produit selon les directives internationales des laboratoires. Acheter JWH-210<\/p>\n<\/li>\n<li data-start=\"6530\" data-end=\"6616\">\n<p data-start=\"6532\" data-end=\"6616\"><strong data-start=\"6532\" data-end=\"6558\">Demande d&#039;inscription \u00e0 des fins \u00e9ducatives :<\/strong> Convient aux \u00e9tudes acad\u00e9miques et scientifiques.<\/p>\n<\/li>\n<\/ul>\n<hr data-start=\"6618\" data-end=\"6621\" \/>\n<h3 data-start=\"6623\" data-end=\"6684\"><strong data-start=\"6627\" data-end=\"6684\">Instructions d&#039;utilisation (\u00e0 des fins de recherche uniquement)<\/strong><\/h3>\n<ol data-start=\"6686\" data-end=\"7020\">\n<li data-start=\"6686\" data-end=\"6799\">\n<p data-start=\"6689\" data-end=\"6799\"><strong data-start=\"6689\" data-end=\"6703\">Manutention:<\/strong> A utiliser uniquement dans des laboratoires agr\u00e9\u00e9s par du personnel form\u00e9 portant une protection appropri\u00e9e.<\/p>\n<\/li>\n<li data-start=\"6800\" data-end=\"6886\">\n<p data-start=\"6803\" data-end=\"6886\"><strong data-start=\"6803\" data-end=\"6821\">Pr\u00e9paration:<\/strong> Diluer ou pr\u00e9parer selon des protocoles analytiques valid\u00e9s.<\/p>\n<\/li>\n<li data-start=\"6887\" data-end=\"6945\">\n<p data-start=\"6890\" data-end=\"6945\"><strong data-start=\"6890\" data-end=\"6901\">Stockage:<\/strong> Conserver dans un r\u00e9cipient herm\u00e9tique dans un endroit frais, sec et sombre.<\/p>\n<\/li>\n<li data-start=\"6946\" data-end=\"7020\">\n<p data-start=\"6949\" data-end=\"7020\"><strong data-start=\"6949\" data-end=\"6960\">\u00c9limination:<\/strong> \u00c9liminer les r\u00e9sidus conform\u00e9ment aux r\u00e9glementations de s\u00e9curit\u00e9 et environnementales.<\/p>\n<\/li>\n<\/ol>\n<hr data-start=\"7022\" data-end=\"7025\" \/>\n<h3 data-start=\"7027\" data-end=\"7061\"><strong data-start=\"7031\" data-end=\"7061\">S\u00e9curit\u00e9 et conformit\u00e9<\/strong><\/h3>\n<ul data-start=\"7063\" data-end=\"7546\">\n<li data-start=\"7063\" data-end=\"7159\">\n<p data-start=\"7065\" data-end=\"7159\"><strong data-start=\"7065\" data-end=\"7103\">Pour la recherche en laboratoire uniquement\u00a0:<\/strong> Non destin\u00e9 \u00e0 la consommation humaine ou animale.<\/p>\n<\/li>\n<li data-start=\"7160\" data-end=\"7298\">\n<p data-start=\"7162\" data-end=\"7298\"><strong data-start=\"7162\" data-end=\"7190\">Consid\u00e9rations juridiques :<\/strong> La possession et l&#039;utilisation du JWH-210 peuvent \u00eatre r\u00e9glement\u00e9es, voire interdites. Veuillez toujours v\u00e9rifier la r\u00e9glementation locale.<\/p>\n<\/li>\n<li data-start=\"7299\" data-end=\"7410\">\n<p data-start=\"7301\" data-end=\"7410\"><strong data-start=\"7301\" data-end=\"7329\">Sant\u00e9 et s\u00e9curit\u00e9 :<\/strong> \u00c9viter tout contact et toute inhalation. Travailler dans une salle d&#039;examen bien ventil\u00e9e.<\/p>\n<\/li>\n<li data-start=\"7411\" data-end=\"7546\">\n<p data-start=\"7413\" data-end=\"7546\"><strong data-start=\"7413\" data-end=\"7430\">Documentation:<\/strong> UN <strong data-start=\"7435\" data-end=\"7471\">fiche de donn\u00e9es de s\u00e9curit\u00e9 (FDS)<\/strong> et le certificat d&#039;analyse sont disponibles pour les institutions enregistr\u00e9es.<\/p>\n<\/li>\n<\/ul>\n<hr data-start=\"7548\" data-end=\"7551\" \/>\n<h3 data-start=\"7553\" data-end=\"7588\"><strong data-start=\"7557\" data-end=\"7588\">Foire aux questions (FAQ)<\/strong><\/h3>\n<p data-start=\"7590\" data-end=\"7750\"><strong data-start=\"7590\" data-end=\"7629\">1. \u00c0 quoi sert le JWH-210 ?<\/strong><br data-start=\"7629\" data-end=\"7632\" \/>JWH-210 est utilis\u00e9 comme <strong data-start=\"7659\" data-end=\"7677\">substance de r\u00e9f\u00e9rence<\/strong> dans les \u00e9tudes analytiques et m\u00e9dico-l\u00e9gales des cannabino\u00efdes synth\u00e9tiques.<\/p>\n<p data-start=\"7752\" data-end=\"7900\"><strong data-start=\"7752\" data-end=\"7777\">2. Le JWH-210 est-il l\u00e9gal ?<\/strong><br data-start=\"7777\" data-end=\"7780\" \/>Le <strong data-start=\"7783\" data-end=\"7823\">le statut juridique varie selon les pays<\/strong>Dans de nombreuses r\u00e9gions, cette pratique rel\u00e8ve de la loi sur l\u2019opium ou de r\u00e9glementations similaires.<\/p>\n<p data-start=\"7902\" data-end=\"8073\"><strong data-start=\"7902\" data-end=\"7944\">3. Comment conserver le JWH-210 ?<\/strong><br data-start=\"7944\" data-end=\"7947\" \/>Enregistrer dans un <strong data-start=\"7961\" data-end=\"7995\">endroit frais, sec et sombre<\/strong>, correctement ferm\u00e9 et accessible uniquement au personnel de laboratoire autoris\u00e9.<\/p>\n<p><a href=\"https:\/\/onderzoekschemicals.com\/fr_be\/shop\/pellets\/o-dsmt-50mg-pellets\/\">Granul\u00e9s O-DSMT 50 mg <\/a><a href=\"https:\/\/onderzoekschemicals.com\/fr_be\/shop\/lysergamides\/1cp-lsd-150-mcg\/\">Buvards artistiques 1cP-LSD 150 MCG <\/a><a href=\"https:\/\/onderzoekschemicals.com\/fr_be\/shop\/iboga-ibogaine\/iboga-root-bark\/\">buvards 1V-LSD 150 MCG <\/a><\/p>","protected":false},"excerpt":{"rendered":"<h2>JWH-210<b>\u00a0<\/b>propri\u00e9t\u00e9s<\/h2>\n<p><strong>Synonyme: <\/strong>John William Huffman 210<strong><br \/>\nNum\u00e9ro CAS<\/strong>: 824959-81-1<br \/>\n<strong>Formule<\/strong>: <span title=\"Carbone\">C<\/span><sub>26<\/sub><span title=\"Hydrog\u00e8ne\">H<\/span><sub>27<\/sub><span title=\"Azote\">N<\/span><span title=\"Oxyg\u00e8ne\">O<\/span><br \/>\n<strong>Masse molaire<\/strong>: 369,508 g mol<br \/>\n<strong>Puret\u00e9<\/strong>: \u226598%<\/p>","protected":false},"featured_media":29360,"comment_status":"closed","ping_status":"closed","template":"","meta":[],"product_brand":[82],"product_cat":[322,370,398],"product_tag":[629,644,778,664,326],"class_list":{"0":"post-23834","1":"product","2":"type-product","3":"status-publish","4":"has-post-thumbnail","6":"product_brand-research-chemical","7":"product_cat-bijna-verboden","8":"product_cat-jwh-210","9":"product_cat-verkoop","10":"product_tag-4-fma-kopen","11":"product_tag-4-fma","12":"product_tag-jwh-210","13":"product_tag-maxtc","14":"product_tag-nl","16":"first","17":"instock","18":"sale","19":"taxable","20":"shipping-taxable","21":"purchasable","22":"product-type-variable"},"_links":{"self":[{"href":"https:\/\/onderzoekschemicals.com\/fr_be\/wp-json\/wp\/v2\/product\/23834","targetHints":{"allow":["GET"]}}],"collection":[{"href":"https:\/\/onderzoekschemicals.com\/fr_be\/wp-json\/wp\/v2\/product"}],"about":[{"href":"https:\/\/onderzoekschemicals.com\/fr_be\/wp-json\/wp\/v2\/types\/product"}],"replies":[{"embeddable":true,"href":"https:\/\/onderzoekschemicals.com\/fr_be\/wp-json\/wp\/v2\/comments?post=23834"}],"version-history":[{"count":7,"href":"https:\/\/onderzoekschemicals.com\/fr_be\/wp-json\/wp\/v2\/product\/23834\/revisions"}],"predecessor-version":[{"id":27948,"href":"https:\/\/onderzoekschemicals.com\/fr_be\/wp-json\/wp\/v2\/product\/23834\/revisions\/27948"}],"wp:featuredmedia":[{"embeddable":true,"href":"https:\/\/onderzoekschemicals.com\/fr_be\/wp-json\/wp\/v2\/media\/29360"}],"wp:attachment":[{"href":"https:\/\/onderzoekschemicals.com\/fr_be\/wp-json\/wp\/v2\/media?parent=23834"}],"wp:term":[{"taxonomy":"product_brand","embeddable":true,"href":"https:\/\/onderzoekschemicals.com\/fr_be\/wp-json\/wp\/v2\/product_brand?post=23834"},{"taxonomy":"product_cat","embeddable":true,"href":"https:\/\/onderzoekschemicals.com\/fr_be\/wp-json\/wp\/v2\/product_cat?post=23834"},{"taxonomy":"product_tag","embeddable":true,"href":"https:\/\/onderzoekschemicals.com\/fr_be\/wp-json\/wp\/v2\/product_tag?post=23834"}],"curies":[{"name":"wp","href":"https:\/\/api.w.org\/{rel}","templated":true}]}}