{"id":23722,"date":"2025-04-13T17:40:18","date_gmt":"2025-04-13T17:40:18","guid":{"rendered":"https:\/\/onderzoekschemicals.com\/?post_type=product&#038;p=23722"},"modified":"2025-11-28T07:48:13","modified_gmt":"2025-11-28T07:48:13","slug":"eutylone-kopen","status":"publish","type":"product","link":"https:\/\/onderzoekschemicals.com\/fr_be\/shop\/verboden\/eutylone-kopen\/","title":{"rendered":"Eutylone"},"content":{"rendered":"<ul>\n<li>\n<p data-start=\"4883\" data-end=\"5071\"><strong data-start=\"4883\" data-end=\"4940\">Eutylone (\u03b2-keto-1,3-benzodioxolyl-N-ethylbutanamine)<\/strong> est un <strong data-start=\"4948\" data-end=\"4972\">synthetisch cathinon<\/strong> de la <strong data-start=\"4980\" data-end=\"5006\">groupe \u03b2-c\u00e9to amph\u00e9tamine<\/strong>, verwant aan verbindingen zoals <strong data-start=\"5039\" data-end=\"5052\">Methylone<\/strong> et <strong data-start=\"5056\" data-end=\"5068\">Butylone<\/strong>. eutylone kopen<\/p>\n<p data-start=\"5073\" data-end=\"5354\">Il est utilis\u00e9 comme <strong data-start=\"5096\" data-end=\"5114\">substance de r\u00e9f\u00e9rence<\/strong> dans le <strong data-start=\"5125\" data-end=\"5162\">chimie m\u00e9dico-l\u00e9gale et analytique<\/strong> om detectiemethoden te valideren en spectra te vergelijken.<br data-start=\"5222\" data-end=\"5225\" \/>Eutylone is <strong data-start=\"5237\" data-end=\"5292\">exclusivement destin\u00e9 \u00e0 la recherche scientifique<\/strong> et <strong data-start=\"5296\" data-end=\"5353\">ne convient pas \u00e0 la consommation humaine ou animale<\/strong>.<\/p>\n<hr data-start=\"5356\" data-end=\"5359\" \/>\n<h3 data-start=\"5361\" data-end=\"5392\"><strong data-start=\"5365\" data-end=\"5392\">Caract\u00e9ristiques principales<\/strong><\/h3>\n<ul data-start=\"5394\" data-end=\"5851\">\n<li data-start=\"5394\" data-end=\"5480\">\n<p data-start=\"5396\" data-end=\"5480\"><strong data-start=\"5396\" data-end=\"5416\">Haute puret\u00e9 :<\/strong> Produit dans des conditions de laboratoire contr\u00f4l\u00e9es.<\/p>\n<\/li>\n<li data-start=\"5481\" data-end=\"5584\">\n<p data-start=\"5483\" data-end=\"5584\"><strong data-start=\"5483\" data-end=\"5522\">Mat\u00e9riel de r\u00e9f\u00e9rence certifi\u00e9 :<\/strong> Fourni avec <strong data-start=\"5536\" data-end=\"5564\">certificat d&#039;analyse (COA)<\/strong> et les donn\u00e9es par lots.<\/p>\n<\/li>\n<li data-start=\"5585\" data-end=\"5676\">\n<p data-start=\"5587\" data-end=\"5676\"><strong data-start=\"5587\" data-end=\"5617\">Chemische Karakterisering:<\/strong> Geschikt voor methodenontwikkeling en detectieonderzoek.<\/p>\n<\/li>\n<li data-start=\"5677\" data-end=\"5763\">\n<p data-start=\"5679\" data-end=\"5763\"><strong data-start=\"5679\" data-end=\"5708\">Breed Analytisch Gebruik:<\/strong> Compatible avec <strong data-start=\"5724\" data-end=\"5733\">GC-MS<\/strong>, <strong data-start=\"5735\" data-end=\"5747\">LC-MS\/MS<\/strong>, et <strong data-start=\"5752\" data-end=\"5760\">HPLC<\/strong>.<\/p>\n<\/li>\n<li data-start=\"5764\" data-end=\"5851\">\n<p data-start=\"5766\" data-end=\"5851\"><strong data-start=\"5766\" data-end=\"5791\">Stabiel Onder Opslag:<\/strong> Behoudt chemische integriteit bij juiste bewaarcondities.<\/p>\n<\/li>\n<\/ul>\n<hr data-start=\"5853\" data-end=\"5856\" \/>\n<h3 data-start=\"5858\" data-end=\"5875\"><strong data-start=\"5862\" data-end=\"5875\">Avantages<\/strong><\/h3>\n<ul data-start=\"5877\" data-end=\"6345\">\n<li data-start=\"5877\" data-end=\"5985\">\n<p data-start=\"5879\" data-end=\"5985\"><strong data-start=\"5879\" data-end=\"5906\">Application m\u00e9dico-l\u00e9gale :<\/strong> Ondersteunt identificatie van synthetische cathinonen in chemische analyses.<\/p>\n<\/li>\n<li data-start=\"5986\" data-end=\"6074\">\n<p data-start=\"5988\" data-end=\"6074\"><strong data-start=\"5988\" data-end=\"6015\">Calibrage fiable :<\/strong> Geschikt voor methodenvalidatie en instrumentkalibratie.<\/p>\n<\/li>\n<li data-start=\"6075\" data-end=\"6173\">\n<p data-start=\"6077\" data-end=\"6173\"><strong data-start=\"6077\" data-end=\"6099\">Valeur \u00e9ducative :<\/strong> Nuttig voor academische onderzoeken naar structuur-activiteitsrelaties.<\/p>\n<\/li>\n<li data-start=\"6174\" data-end=\"6263\">\n<p data-start=\"6176\" data-end=\"6263\"><strong data-start=\"6176\" data-end=\"6203\">Consistente Resultaten:<\/strong> Zorgt voor nauwkeurige en reproduceerbare onderzoeksdata.<\/p>\n<\/li>\n<li data-start=\"6264\" data-end=\"6345\">\n<p data-start=\"6266\" data-end=\"6345\"><strong data-start=\"6266\" data-end=\"6293\">Documentation compl\u00e8te:<\/strong> Livr\u00e9 avec certificats de s\u00e9curit\u00e9 et d&#039;analyse.<\/p>\n<\/li>\n<\/ul>\n<hr data-start=\"6347\" data-end=\"6350\" \/>\n<h3 data-start=\"6352\" data-end=\"6413\"><strong data-start=\"6356\" data-end=\"6413\">Instructions d&#039;utilisation (\u00e0 des fins de recherche uniquement)<\/strong><\/h3>\n<ol data-start=\"6415\" data-end=\"6735\">\n<li data-start=\"6415\" data-end=\"6511\">\n<p data-start=\"6418\" data-end=\"6511\"><strong data-start=\"6418\" data-end=\"6432\">Manutention:<\/strong> Alleen gebruiken in erkende laboratoria met geschikte veiligheidsuitrusting.<\/p>\n<\/li>\n<li data-start=\"6512\" data-end=\"6586\">\n<p data-start=\"6515\" data-end=\"6586\"><strong data-start=\"6515\" data-end=\"6533\">Pr\u00e9paration:<\/strong> Verdun of bereid volgens gevalideerde protocollen.<\/p>\n<\/li>\n<li data-start=\"6587\" data-end=\"6650\">\n<p data-start=\"6590\" data-end=\"6650\"><strong data-start=\"6590\" data-end=\"6601\">Stockage:<\/strong> Conserver dans un endroit frais, sec et sombre, bien ferm\u00e9.<\/p>\n<\/li>\n<li data-start=\"6651\" data-end=\"6735\">\n<p data-start=\"6654\" data-end=\"6735\"><strong data-start=\"6654\" data-end=\"6665\">\u00c9limination:<\/strong> Verwijder restanten volgens lokale regelgeving voor chemisch afval.<\/p>\n<\/li>\n<\/ol>\n<hr data-start=\"6737\" data-end=\"6740\" \/>\n<h3 data-start=\"6742\" data-end=\"6776\"><strong data-start=\"6746\" data-end=\"6776\">S\u00e9curit\u00e9 et conformit\u00e9<\/strong><\/h3>\n<ul data-start=\"6778\" data-end=\"7229\">\n<li data-start=\"6778\" data-end=\"6872\">\n<p data-start=\"6780\" data-end=\"6872\"><strong data-start=\"6780\" data-end=\"6816\">R\u00e9serv\u00e9 \u00e0 un usage en laboratoire\u00a0:<\/strong> Non destin\u00e9 \u00e0 la consommation humaine ou animale.<\/p>\n<\/li>\n<li data-start=\"6873\" data-end=\"6998\">\n<p data-start=\"6875\" data-end=\"6998\"><strong data-start=\"6875\" data-end=\"6903\">Consid\u00e9rations juridiques :<\/strong> De juridische status van Eutylone verschilt per land; controleer altijd de lokale wetgeving.<\/p>\n<\/li>\n<li data-start=\"6999\" data-end=\"7104\">\n<p data-start=\"7001\" data-end=\"7104\"><strong data-start=\"7001\" data-end=\"7029\">Sant\u00e9 et s\u00e9curit\u00e9 :<\/strong> Vermijd contact en inademing; gebruik standaard laboratoriumbescherming. eutylone kopen<\/p>\n<\/li>\n<li data-start=\"7105\" data-end=\"7229\">\n<p data-start=\"7107\" data-end=\"7229\"><strong data-start=\"7107\" data-end=\"7124\">Documentation:<\/strong> UN <strong data-start=\"7129\" data-end=\"7165\">fiche de donn\u00e9es de s\u00e9curit\u00e9 (FDS)<\/strong> et <strong data-start=\"7169\" data-end=\"7197\">certificat d&#039;analyse (COA)<\/strong> sont disponibles sur demande.<\/p>\n<\/li>\n<\/ul>\n<hr data-start=\"7231\" data-end=\"7234\" \/>\n<h3 data-start=\"7236\" data-end=\"7271\"><strong data-start=\"7240\" data-end=\"7271\">Foire aux questions (FAQ)<\/strong><\/h3>\n<p data-start=\"7273\" data-end=\"7408\"><strong data-start=\"7273\" data-end=\"7313\">1. Waarvoor wordt Eutylone gebruikt?<\/strong><br data-start=\"7313\" data-end=\"7316\" \/>Eutylone wordt gebruikt als <strong data-start=\"7344\" data-end=\"7367\">mat\u00e9riel de r\u00e9f\u00e9rence<\/strong> voor chemisch en forensisch onderzoek.<\/p>\n<p data-start=\"7410\" data-end=\"7585\"><strong data-start=\"7410\" data-end=\"7465\">2. Is Eutylone geschikt voor menselijke consumptie?<\/strong><br data-start=\"7465\" data-end=\"7468\" \/>Nee. Het is <strong data-start=\"7480\" data-end=\"7535\">exclusivement destin\u00e9 \u00e0 la recherche scientifique<\/strong> et <strong data-start=\"7539\" data-end=\"7582\">non approuv\u00e9 pour l&#039;usage humain<\/strong>.<\/p>\n<p data-start=\"7587\" data-end=\"7714\"><strong data-start=\"7587\" data-end=\"7630\">3. Hoe moet Eutylone worden opgeslagen?<\/strong><br data-start=\"7630\" data-end=\"7633\" \/>Conserver dans un endroit frais, sec et sombre, bien ferm\u00e9 et hors de port\u00e9e des personnes non autoris\u00e9es.<\/p>\n<p class=\"ds-markdown-paragraph\"><span dir=\"auto\" style=\"vertical-align: inherit;\"><span dir=\"auto\" style=\"vertical-align: inherit;\">, <\/span><\/span><a href=\"https:\/\/onderzoekschemicals.com\/fr_be\/shop\/iboga-ibogaine\/buy-ibogaine-hcl-online\/\"><span dir=\"auto\" style=\"vertical-align: inherit;\"><span dir=\"auto\" style=\"vertical-align: inherit;\">Acheter de l&#039;iboga\u00efne HCL <\/span><\/span><\/a><a href=\"https:\/\/onderzoekschemicals.com\/fr_be\/shop\/iboga-ibogaine\/iboga-root-bark\/\"><span dir=\"auto\" style=\"vertical-align: inherit;\"><span dir=\"auto\" style=\"vertical-align: inherit;\">\u00c9corce de racine d&#039;iboga <\/span><\/span><\/a><a href=\"https:\/\/onderzoekschemicals.com\/fr_be\/shop\/lysergamides\/1cp-lsd\/\"><span dir=\"auto\" style=\"vertical-align: inherit;\"><span dir=\"auto\" style=\"vertical-align: inherit;\">Buvards artistiques 1cP-LSD 150 MCG <\/span><\/span><\/a><a href=\"https:\/\/onderzoekschemicals.com\/fr_be\/shop\/pellets\/o-dsmt-50mg-pellets\/\"><span dir=\"auto\" style=\"vertical-align: inherit;\"><span dir=\"auto\" style=\"vertical-align: inherit;\">Granul\u00e9s O-DSMT 50 mg <\/span><\/span><\/a><a href=\"https:\/\/onderzoekschemicals.com\/fr_be\/shop\/lysergamides\/1v-lsd-150-mcg-blotters\/\"><span dir=\"auto\" style=\"vertical-align: inherit;\"><span dir=\"auto\" style=\"vertical-align: inherit;\">buvards 1V-LSD 150 MCG<\/span><\/span><\/a><\/p>\n<\/li>\n<\/ul>","protected":false},"excerpt":{"rendered":"<h2><span style=\"vertical-align: inherit;\"><span style=\"vertical-align: inherit;\"><span style=\"vertical-align: inherit;\"><span style=\"vertical-align: inherit;\"><span dir=\"auto\" style=\"vertical-align: inherit;\"><span dir=\"auto\" style=\"vertical-align: inherit;\">Propri\u00e9t\u00e9s de l&#039;eutylone<\/span><\/span><\/span><\/span><\/span><\/span><\/h2>\n<p><strong><span style=\"vertical-align: inherit;\"><span style=\"vertical-align: inherit;\"><span style=\"vertical-align: inherit;\"><span style=\"vertical-align: inherit;\"><span dir=\"auto\" style=\"vertical-align: inherit;\"><span dir=\"auto\" style=\"vertical-align: inherit;\">Synonyme<\/span><\/span><\/span><\/span><\/span><\/span><\/strong><span style=\"vertical-align: inherit;\"><span style=\"vertical-align: inherit;\"><span style=\"vertical-align: inherit;\"><span style=\"vertical-align: inherit;\"><span dir=\"auto\" style=\"vertical-align: inherit;\"><span dir=\"auto\" style=\"vertical-align: inherit;\"> : <\/span><\/span><\/span><\/span><\/span><\/span><b><span style=\"vertical-align: inherit;\"><span style=\"vertical-align: inherit;\"><span style=\"vertical-align: inherit;\"><span style=\"vertical-align: inherit;\"><span dir=\"auto\" style=\"vertical-align: inherit;\"><span dir=\"auto\" style=\"vertical-align: inherit;\">\u03b2-c\u00e9to-1,3-benzodioxolyl-<\/span><\/span><\/span><\/span><\/span><\/span><i><\/i><\/b><span style=\"vertical-align: inherit;\"><sub><span style=\"vertical-align: inherit;\"><span style=\"vertical-align: inherit;\"><span style=\"vertical-align: inherit;\"><span dir=\"auto\" style=\"vertical-align: inherit;\"><span dir=\"auto\" style=\"vertical-align: inherit;\">N <\/span><\/span><\/span><\/span><\/span><\/sub><b><i><span style=\"vertical-align: inherit;\"><span style=\"vertical-align: inherit;\"><span style=\"vertical-align: inherit;\"><span dir=\"auto\" style=\"vertical-align: inherit;\"><span dir=\"auto\" style=\"vertical-align: inherit;\">-\u00e9thylbutanamine<\/span><\/span><\/span><\/span><\/span><\/i><\/b><b><span style=\"vertical-align: inherit;\"><span style=\"vertical-align: inherit;\"><span style=\"vertical-align: inherit;\"><span dir=\"auto\" style=\"vertical-align: inherit;\"><span dir=\"auto\" style=\"vertical-align: inherit;\"> chlorhydrate <\/span><\/span><\/span><\/span><\/span><\/b><\/span><br \/>\n<strong><span style=\"vertical-align: inherit;\"><span style=\"vertical-align: inherit;\"><span style=\"vertical-align: inherit;\"><span style=\"vertical-align: inherit;\"><span dir=\"auto\" style=\"vertical-align: inherit;\"><span dir=\"auto\" style=\"vertical-align: inherit;\">Num\u00e9ro CAS<\/span><\/span><\/span><\/span><\/span><\/span><\/strong><span style=\"vertical-align: inherit;\"><span style=\"vertical-align: inherit;\"><span style=\"vertical-align: inherit;\"><span style=\"vertical-align: inherit;\"><span dir=\"auto\" style=\"vertical-align: inherit;\"><span dir=\"auto\" style=\"vertical-align: inherit;\"> : 17764-18-0 <\/span><\/span><\/span><\/span><\/span><\/span><br \/>\n<strong><span style=\"vertical-align: inherit;\"><span style=\"vertical-align: inherit;\"><span style=\"vertical-align: inherit;\"><span style=\"vertical-align: inherit;\"><span dir=\"auto\" style=\"vertical-align: inherit;\"><span dir=\"auto\" style=\"vertical-align: inherit;\">Formule<\/span><\/span><\/span><\/span><\/span><\/span><\/strong><span style=\"vertical-align: inherit;\"><span style=\"vertical-align: inherit;\"><span style=\"vertical-align: inherit;\"><span style=\"vertical-align: inherit;\"><span dir=\"auto\" style=\"vertical-align: inherit;\"><span dir=\"auto\" style=\"vertical-align: inherit;\"> : <\/span><\/span><\/span><\/span><\/span><\/span><span title=\"Carbone\"><span style=\"vertical-align: inherit;\"><span style=\"vertical-align: inherit;\"><span style=\"vertical-align: inherit;\"><span style=\"vertical-align: inherit;\"><span dir=\"auto\" style=\"vertical-align: inherit;\"><span dir=\"auto\" style=\"vertical-align: inherit;\">C <\/span><\/span><\/span><\/span><\/span><\/span><\/span><sub><span style=\"vertical-align: inherit;\"><span style=\"vertical-align: inherit;\"><span style=\"vertical-align: inherit;\"><span style=\"vertical-align: inherit;\"><span dir=\"auto\" style=\"vertical-align: inherit;\"><span dir=\"auto\" style=\"vertical-align: inherit;\">13 <\/span><\/span><\/span><\/span><\/span><\/span><\/sub><span title=\"Hydrog\u00e8ne\"><span style=\"vertical-align: inherit;\"><span style=\"vertical-align: inherit;\"><span style=\"vertical-align: inherit;\"><span style=\"vertical-align: inherit;\"><span dir=\"auto\" style=\"vertical-align: inherit;\"><span dir=\"auto\" style=\"vertical-align: inherit;\">H <\/span><\/span><\/span><\/span><\/span><\/span><\/span><sub><span style=\"vertical-align: inherit;\"><span style=\"vertical-align: inherit;\"><span style=\"vertical-align: inherit;\"><span style=\"vertical-align: inherit;\"><span dir=\"auto\" style=\"vertical-align: inherit;\"><span dir=\"auto\" style=\"vertical-align: inherit;\">17 <\/span><\/span><\/span><\/span><\/span><\/span><\/sub><span title=\"Azote\"><span style=\"vertical-align: inherit;\"><span style=\"vertical-align: inherit;\"><span style=\"vertical-align: inherit;\"><span style=\"vertical-align: inherit;\"><span dir=\"auto\" style=\"vertical-align: inherit;\"><span dir=\"auto\" style=\"vertical-align: inherit;\">NON <\/span><\/span><\/span><\/span><\/span><\/span><\/span><span title=\"Oxyg\u00e8ne\"><span style=\"vertical-align: inherit;\"><span style=\"vertical-align: inherit;\"><span style=\"vertical-align: inherit;\"><span style=\"vertical-align: inherit;\"><span dir=\"auto\" style=\"vertical-align: inherit;\"><span dir=\"auto\" style=\"vertical-align: inherit;\">3<\/span><\/span><\/span><\/span><\/span><\/span><\/span><span style=\"vertical-align: inherit;\"><span style=\"vertical-align: inherit;\"><span style=\"vertical-align: inherit;\"><span style=\"vertical-align: inherit;\"><span dir=\"auto\" style=\"vertical-align: inherit;\"><span dir=\"auto\" style=\"vertical-align: inherit;\"> \u2022 HCL <\/span><\/span><\/span><\/span><\/span><strong><span style=\"vertical-align: inherit;\"><span style=\"vertical-align: inherit;\"><span style=\"vertical-align: inherit;\"><span dir=\"auto\" style=\"vertical-align: inherit;\"><span dir=\"auto\" style=\"vertical-align: inherit;\">Masse molaire<\/span><\/span><\/span><\/span><\/span><\/strong><span style=\"vertical-align: inherit;\"><span style=\"vertical-align: inherit;\"><span style=\"vertical-align: inherit;\"><span dir=\"auto\" style=\"vertical-align: inherit;\"><span dir=\"auto\" style=\"vertical-align: inherit;\"> : 235.283 <\/span><\/span><\/span><\/span><\/span><strong><span style=\"vertical-align: inherit;\"><span style=\"vertical-align: inherit;\"><span style=\"vertical-align: inherit;\"><span dir=\"auto\" style=\"vertical-align: inherit;\"><span dir=\"auto\" style=\"vertical-align: inherit;\">Puret\u00e9<\/span><\/span><\/span><\/span><\/span><\/strong><span style=\"vertical-align: inherit;\"><span style=\"vertical-align: inherit;\"><span style=\"vertical-align: inherit;\"><span dir=\"auto\" style=\"vertical-align: inherit;\"><span dir=\"auto\" style=\"vertical-align: inherit;\"> : \u226598%<\/span><\/span><\/span><\/span><\/span><\/span><\/p>","protected":false},"featured_media":29331,"comment_status":"closed","ping_status":"closed","template":"","meta":[],"product_brand":[],"product_cat":[488],"product_tag":[1125,584,326],"class_list":{"0":"post-23722","1":"product","2":"type-product","3":"status-publish","4":"has-post-thumbnail","6":"product_cat-verboden","7":"product_tag-eutylone-2","8":"product_tag-eutylone-kopen","9":"product_tag-nl","11":"first","12":"instock","13":"taxable","14":"shipping-taxable","15":"purchasable","16":"product-type-variable"},"_links":{"self":[{"href":"https:\/\/onderzoekschemicals.com\/fr_be\/wp-json\/wp\/v2\/product\/23722","targetHints":{"allow":["GET"]}}],"collection":[{"href":"https:\/\/onderzoekschemicals.com\/fr_be\/wp-json\/wp\/v2\/product"}],"about":[{"href":"https:\/\/onderzoekschemicals.com\/fr_be\/wp-json\/wp\/v2\/types\/product"}],"replies":[{"embeddable":true,"href":"https:\/\/onderzoekschemicals.com\/fr_be\/wp-json\/wp\/v2\/comments?post=23722"}],"version-history":[{"count":5,"href":"https:\/\/onderzoekschemicals.com\/fr_be\/wp-json\/wp\/v2\/product\/23722\/revisions"}],"predecessor-version":[{"id":27971,"href":"https:\/\/onderzoekschemicals.com\/fr_be\/wp-json\/wp\/v2\/product\/23722\/revisions\/27971"}],"wp:featuredmedia":[{"embeddable":true,"href":"https:\/\/onderzoekschemicals.com\/fr_be\/wp-json\/wp\/v2\/media\/29331"}],"wp:attachment":[{"href":"https:\/\/onderzoekschemicals.com\/fr_be\/wp-json\/wp\/v2\/media?parent=23722"}],"wp:term":[{"taxonomy":"product_brand","embeddable":true,"href":"https:\/\/onderzoekschemicals.com\/fr_be\/wp-json\/wp\/v2\/product_brand?post=23722"},{"taxonomy":"product_cat","embeddable":true,"href":"https:\/\/onderzoekschemicals.com\/fr_be\/wp-json\/wp\/v2\/product_cat?post=23722"},{"taxonomy":"product_tag","embeddable":true,"href":"https:\/\/onderzoekschemicals.com\/fr_be\/wp-json\/wp\/v2\/product_tag?post=23722"}],"curies":[{"name":"wp","href":"https:\/\/api.w.org\/{rel}","templated":true}]}}