{"id":23571,"date":"2025-04-13T17:40:00","date_gmt":"2025-04-13T17:40:00","guid":{"rendered":"https:\/\/onderzoekschemicals.com\/?post_type=product&#038;p=23571"},"modified":"2025-10-18T15:31:03","modified_gmt":"2025-10-18T15:31:03","slug":"ecpla-l-tartrate-puur","status":"publish","type":"product","link":"https:\/\/onderzoekschemicals.com\/fr_be\/shop\/ecpla\/ecpla-l-tartrate-puur\/","title":{"rendered":"L-tartrate ECPLA pur"},"content":{"rendered":"<h1><strong><span dir=\"auto\" style=\"vertical-align: inherit;\"><span dir=\"auto\" style=\"vertical-align: inherit;\">ECPLA L-Tartrate (Pure) \u2013 High-Quality Lysergamide for Advanced Research<\/span><\/span><\/strong><\/h1>\n<p data-start=\"3901\" data-end=\"4112\"><strong data-start=\"3901\" data-end=\"3975\">ECPLA L-tartraat (N6-Ethyl-6-norlysergic acid diethylamide L-tartraat)<\/strong> est un <strong data-start=\"3983\" data-end=\"4027\">compos\u00e9 de recherche de haute puret\u00e9<\/strong>, con\u00e7u pour <strong data-start=\"4044\" data-end=\"4109\">recherche neuroscientifique, pharmacologique et analytique<\/strong>. ecpla<\/p>\n<p data-start=\"4114\" data-end=\"4409\">Si <strong data-start=\"4118\" data-end=\"4178\">analogue structurel du LSD (di\u00e9thylamide de l&#039;acide lysergique)<\/strong> bevat ECPLA een <strong data-start=\"4195\" data-end=\"4243\">ethylsubstitutie op het lysergamide-raamwerk<\/strong>, waardoor het waardevol is voor <strong data-start=\"4276\" data-end=\"4332\">onderzoek naar serotonine-receptoren (5-HT2A\/5-HT2C)<\/strong> et <strong data-start=\"4336\" data-end=\"4378\">relations structure-activit\u00e9 (SAR)<\/strong> au sein de la classe des lysergamides.<\/p>\n<p data-start=\"4411\" data-end=\"4605\">Le <strong data-start=\"4414\" data-end=\"4432\">L-tartraatvorm<\/strong> augmente la <strong data-start=\"4445\" data-end=\"4501\">stabilit\u00e9 chimique, solubilit\u00e9 et dur\u00e9e de conservation<\/strong>, waardoor dit product betrouwbaar is voor langdurig gebruik in gecontroleerde laboratoriumomgevingen.<\/p>\n<blockquote data-start=\"4607\" data-end=\"4758\">\n<p data-start=\"4609\" data-end=\"4758\">\u26a0\ufe0f <strong data-start=\"4612\" data-end=\"4623\">NB:<\/strong> Ce produit est <strong data-start=\"4639\" data-end=\"4694\">exclusivement destin\u00e9 \u00e0 la recherche scientifique<\/strong> et <strong data-start=\"4698\" data-end=\"4755\">ne convient pas \u00e0 la consommation humaine ou animale<\/strong>.<\/p>\n<\/blockquote>\n<hr data-start=\"4760\" data-end=\"4763\" \/>\n<h3 data-start=\"4765\" data-end=\"4796\"><strong data-start=\"4769\" data-end=\"4796\">Caract\u00e9ristiques principales<\/strong><\/h3>\n<ul data-start=\"4797\" data-end=\"5188\">\n<li data-start=\"4797\" data-end=\"4882\">\n<p data-start=\"4799\" data-end=\"4882\"><strong data-start=\"4799\" data-end=\"4825\">Haute puret\u00e9 (\u226599%)<\/strong> \u2013 Test\u00e9 en laboratoire pour l\u2019identit\u00e9 et la composition.<\/p>\n<\/li>\n<li data-start=\"4883\" data-end=\"4958\">\n<p data-start=\"4885\" data-end=\"4958\"><strong data-start=\"4885\" data-end=\"4916\">Forme saline stable de L-tartrate<\/strong> \u2013 Augmente la dur\u00e9e de conservation et la stabilit\u00e9.<\/p>\n<\/li>\n<li data-start=\"4959\" data-end=\"5050\">\n<p data-start=\"4961\" data-end=\"5050\"><strong data-start=\"4961\" data-end=\"4993\">Lysergamide de niveau recherche<\/strong> \u2013 Geschikt voor receptor- en farmacologisch onderzoek.<\/p>\n<\/li>\n<li data-start=\"5051\" data-end=\"5121\">\n<p data-start=\"5053\" data-end=\"5121\"><strong data-start=\"5053\" data-end=\"5078\">Qualit\u00e9 constante<\/strong> \u2013 Fabriqu\u00e9 selon des normes de type GMP.<\/p>\n<\/li>\n<li data-start=\"5122\" data-end=\"5188\">\n<p data-start=\"5124\" data-end=\"5188\"><strong data-start=\"5124\" data-end=\"5146\">Emballage s\u00fbr<\/strong> \u2013 Luchtdicht en vochtbestendig verpakt.<\/p>\n<\/li>\n<\/ul>\n<hr data-start=\"5190\" data-end=\"5193\" \/>\n<h3 data-start=\"5195\" data-end=\"5212\"><strong data-start=\"5199\" data-end=\"5212\">Avantages<\/strong><\/h3>\n<ul data-start=\"5213\" data-end=\"5513\">\n<li data-start=\"5213\" data-end=\"5294\">\n<p data-start=\"5215\" data-end=\"5294\">Soutient <strong data-start=\"5227\" data-end=\"5291\">recherche sur les r\u00e9cepteurs de la s\u00e9rotonine et les analogues du lysergamide<\/strong>.<\/p>\n<\/li>\n<li data-start=\"5295\" data-end=\"5370\">\n<p data-start=\"5297\" data-end=\"5370\"><strong data-start=\"5297\" data-end=\"5342\">Des r\u00e9sultats fiables et reproductibles<\/strong> en recherche en laboratoire.<\/p>\n<\/li>\n<li data-start=\"5371\" data-end=\"5443\">\n<p data-start=\"5373\" data-end=\"5443\"><strong data-start=\"5373\" data-end=\"5399\">Stabilit\u00e9 am\u00e9lior\u00e9e<\/strong> voor veilige opslag en langdurig gebruik.<\/p>\n<\/li>\n<li data-start=\"5444\" data-end=\"5513\">\n<p data-start=\"5446\" data-end=\"5513\">Convient pour <strong data-start=\"5460\" data-end=\"5510\">recherche acad\u00e9mique, analytique et m\u00e9dico-l\u00e9gale<\/strong>.<\/p>\n<\/li>\n<\/ul>\n<hr data-start=\"5515\" data-end=\"5518\" \/>\n<h3 data-start=\"5520\" data-end=\"5535\"><strong data-start=\"5524\" data-end=\"5535\">Usage<\/strong><\/h3>\n<ul data-start=\"5536\" data-end=\"5840\">\n<li data-start=\"5536\" data-end=\"5606\">\n<p data-start=\"5538\" data-end=\"5606\">R\u00e9serv\u00e9 \u00e0 l&#039;usage exclusif de <strong data-start=\"5563\" data-end=\"5603\">personnel de laboratoire qualifi\u00e9<\/strong>.<\/p>\n<\/li>\n<li data-start=\"5607\" data-end=\"5694\">\n<p data-start=\"5609\" data-end=\"5694\">Utiliser convenablement <strong data-start=\"5627\" data-end=\"5651\">\u00e9quipement de protection<\/strong> (gants, lunettes de s\u00e9curit\u00e9, blouse de laboratoire).<\/p>\n<\/li>\n<li data-start=\"5695\" data-end=\"5781\">\n<p data-start=\"5697\" data-end=\"5781\">\u00c9conomisez sur un <strong data-start=\"5712\" data-end=\"5746\">endroit frais, sec et sombre<\/strong>, beschermd tegen vocht en licht.<\/p>\n<\/li>\n<li data-start=\"5782\" data-end=\"5840\">\n<p data-start=\"5784\" data-end=\"5840\">Ne convient pas \u00e0 la consommation humaine ou animale.<\/p>\n<\/li>\n<\/ul>\n<hr data-start=\"5842\" data-end=\"5845\" \/>\n<h3 data-start=\"5847\" data-end=\"5882\"><strong data-start=\"5851\" data-end=\"5882\">Foire aux questions (FAQ)<\/strong><\/h3>\n<p data-start=\"5884\" data-end=\"6060\"><strong data-start=\"5884\" data-end=\"5932\">1. Waarvoor wordt ECPLA L-tartraat gebruikt?<\/strong><br data-start=\"5932\" data-end=\"5935\" \/>ECPLA wordt gebruikt voor <strong data-start=\"5961\" data-end=\"6006\">recherche pharmacologique et neurochimique<\/strong> aux r\u00e9cepteurs de la s\u00e9rotonine et aux analogues du lysergamide.<\/p>\n<p data-start=\"6062\" data-end=\"6241\"><strong data-start=\"6062\" data-end=\"6119\">2. Is ECPLA L-tartraat veilig voor menselijk gebruik?<\/strong><br data-start=\"6119\" data-end=\"6122\" \/>Non. Ce produit est <strong data-start=\"6142\" data-end=\"6191\">destin\u00e9 \u00e0 des fins de recherche uniquement<\/strong> et non approuv\u00e9 pour la consommation humaine.<\/p>\n<p data-start=\"6243\" data-end=\"6405\"><strong data-start=\"6243\" data-end=\"6291\">3. Hoe moet ECPLA L-tartraat worden bewaard?<\/strong><br data-start=\"6291\" data-end=\"6294\" \/>Conserver dans un <strong data-start=\"6309\" data-end=\"6339\">emballage bien scell\u00e9<\/strong> \u00e0 temp\u00e9rature ambiante (15\u201325\u00b0C), \u00e0 l\u2019abri de la lumi\u00e8re et de l\u2019humidit\u00e9.<\/p>","protected":false},"excerpt":{"rendered":"<h3><span style=\"vertical-align: inherit;\"><span style=\"vertical-align: inherit;\"><span dir=\"auto\" style=\"vertical-align: inherit;\"><span dir=\"auto\" style=\"vertical-align: inherit;\">Propri\u00e9t\u00e9s du L-tartrate d&#039;ECPLA<\/span><\/span><\/span><\/span><\/h3>\n<p><strong><span style=\"vertical-align: inherit;\"><span style=\"vertical-align: inherit;\"><span dir=\"auto\" style=\"vertical-align: inherit;\"><span dir=\"auto\" style=\"vertical-align: inherit;\">Synonyme:<\/span><\/span><\/span><\/span><\/strong><span style=\"vertical-align: inherit;\"><span style=\"vertical-align: inherit;\"><span dir=\"auto\" style=\"vertical-align: inherit;\"><span dir=\"auto\" style=\"vertical-align: inherit;\"> acide lysergique N-\u00e9thyl-N-cyclopropylamide h\u00e9mi-L-tartrate <\/span><\/span><\/span><\/span><br \/>\n<strong><span style=\"vertical-align: inherit;\"><span style=\"vertical-align: inherit;\"><span dir=\"auto\" style=\"vertical-align: inherit;\"><span dir=\"auto\" style=\"vertical-align: inherit;\">Num\u00e9ro CAS :<\/span><\/span><\/span><\/span><\/strong><span style=\"vertical-align: inherit;\"><span style=\"vertical-align: inherit;\"><span dir=\"auto\" style=\"vertical-align: inherit;\"><span dir=\"auto\" style=\"vertical-align: inherit;\"> APR\u00c8S <\/span><\/span><\/span><\/span><br \/>\n<strong><span style=\"vertical-align: inherit;\"><span style=\"vertical-align: inherit;\"><span dir=\"auto\" style=\"vertical-align: inherit;\"><span dir=\"auto\" style=\"vertical-align: inherit;\">Formule:<\/span><\/span><\/span><\/span><\/strong><span style=\"vertical-align: inherit;\"><span style=\"vertical-align: inherit;\"><span dir=\"auto\" style=\"vertical-align: inherit;\"><span dir=\"auto\" style=\"vertical-align: inherit;\"> (8\u03b2)-N-\u00e9thyl-N-cyclopropyl-6-m\u00e9thyl-9,10-did\u00e9shydroergoline-8-carboxamide h\u00e9mi-L-tartrate <\/span><\/span><\/span><\/span><br \/>\n<strong><span style=\"vertical-align: inherit;\"><span style=\"vertical-align: inherit;\"><span dir=\"auto\" style=\"vertical-align: inherit;\"><span dir=\"auto\" style=\"vertical-align: inherit;\">Masse molaire :<\/span><\/span><\/span><\/span><\/strong><span style=\"vertical-align: inherit;\"><span style=\"vertical-align: inherit;\"><span dir=\"auto\" style=\"vertical-align: inherit;\"><span dir=\"auto\" style=\"vertical-align: inherit;\"> 410,5 g\/mol <\/span><\/span><\/span><\/span><br \/>\n<strong><span style=\"vertical-align: inherit;\"><span style=\"vertical-align: inherit;\"><span dir=\"auto\" style=\"vertical-align: inherit;\"><span dir=\"auto\" style=\"vertical-align: inherit;\">Puret\u00e9:<\/span><\/span><\/span><\/span><\/strong><span style=\"vertical-align: inherit;\"><span style=\"vertical-align: inherit;\"><span dir=\"auto\" style=\"vertical-align: inherit;\"><span dir=\"auto\" style=\"vertical-align: inherit;\"> &gt;97%<\/span><\/span><\/span><\/span><\/p>","protected":false},"featured_media":20487,"comment_status":"closed","ping_status":"closed","template":"","meta":[],"product_brand":[],"product_cat":[547,358],"product_tag":[1151,1152,326],"class_list":{"0":"post-23571","1":"product","2":"type-product","3":"status-publish","4":"has-post-thumbnail","6":"product_cat-ecpla","7":"product_cat-lysergamides","8":"product_tag-ecpla","9":"product_tag-ecpla-kopen","10":"product_tag-nl","12":"first","13":"instock","14":"taxable","15":"shipping-taxable","16":"purchasable","17":"product-type-variable"},"_links":{"self":[{"href":"https:\/\/onderzoekschemicals.com\/fr_be\/wp-json\/wp\/v2\/product\/23571","targetHints":{"allow":["GET"]}}],"collection":[{"href":"https:\/\/onderzoekschemicals.com\/fr_be\/wp-json\/wp\/v2\/product"}],"about":[{"href":"https:\/\/onderzoekschemicals.com\/fr_be\/wp-json\/wp\/v2\/types\/product"}],"replies":[{"embeddable":true,"href":"https:\/\/onderzoekschemicals.com\/fr_be\/wp-json\/wp\/v2\/comments?post=23571"}],"version-history":[{"count":5,"href":"https:\/\/onderzoekschemicals.com\/fr_be\/wp-json\/wp\/v2\/product\/23571\/revisions"}],"predecessor-version":[{"id":28005,"href":"https:\/\/onderzoekschemicals.com\/fr_be\/wp-json\/wp\/v2\/product\/23571\/revisions\/28005"}],"wp:featuredmedia":[{"embeddable":true,"href":"https:\/\/onderzoekschemicals.com\/fr_be\/wp-json\/wp\/v2\/media\/20487"}],"wp:attachment":[{"href":"https:\/\/onderzoekschemicals.com\/fr_be\/wp-json\/wp\/v2\/media?parent=23571"}],"wp:term":[{"taxonomy":"product_brand","embeddable":true,"href":"https:\/\/onderzoekschemicals.com\/fr_be\/wp-json\/wp\/v2\/product_brand?post=23571"},{"taxonomy":"product_cat","embeddable":true,"href":"https:\/\/onderzoekschemicals.com\/fr_be\/wp-json\/wp\/v2\/product_cat?post=23571"},{"taxonomy":"product_tag","embeddable":true,"href":"https:\/\/onderzoekschemicals.com\/fr_be\/wp-json\/wp\/v2\/product_tag?post=23571"}],"curies":[{"name":"wp","href":"https:\/\/api.w.org\/{rel}","templated":true}]}}