{"id":23167,"date":"2025-04-13T17:39:15","date_gmt":"2025-04-13T17:39:15","guid":{"rendered":"https:\/\/onderzoekschemicals.com\/?post_type=product&#038;p=23167"},"modified":"2025-11-28T21:05:05","modified_gmt":"2025-11-28T21:05:05","slug":"4-fma-kopen-3","status":"publish","type":"product","link":"https:\/\/onderzoekschemicals.com\/fr_be\/shop\/4fma-kopen\/4-fma-kopen-3\/","title":{"rendered":"4-FMA pur (4-fluorom\u00e9thamph\u00e9tamine)"},"content":{"rendered":"<h1><strong><span dir=\"auto\" style=\"vertical-align: inherit;\"><span dir=\"auto\" style=\"vertical-align: inherit;\">4f mph Pure (4-fluorom\u00e9thamph\u00e9tamine) \u2013 Compos\u00e9 chimique de recherche de qualit\u00e9 sup\u00e9rieure<\/span><\/span><\/strong><\/h1>\n<p data-start=\"7029\" data-end=\"7291\"><strong data-start=\"7029\" data-end=\"7038\">4-FMA<\/strong>, ou <strong data-start=\"7043\" data-end=\"7069\">4-fluorom\u00e9thamph\u00e9tamine<\/strong>, est un <strong data-start=\"7078\" data-end=\"7112\">stimulant synth\u00e9tique<\/strong> de la <strong data-start=\"7120\" data-end=\"7140\">classe des amph\u00e9tamines<\/strong>. <span class=\"___SBox_epc1q-ko_ ___SText_zko9t-ko_\" data-ui-name=\"Link.Text\">acheter 4 fma<\/span><br data-start=\"7141\" data-end=\"7144\" \/>Il est structurellement li\u00e9 \u00e0 <strong data-start=\"7175\" data-end=\"7193\">m\u00e9thamph\u00e9tamine<\/strong> et <strong data-start=\"7197\" data-end=\"7225\">4-FA (4-fluoromph\u00e9tamine)<\/strong> par un <strong data-start=\"7235\" data-end=\"7271\">substitution du fluor en position 4<\/strong> du cycle ph\u00e9nyle.<\/p>\n<p data-start=\"7293\" data-end=\"7565\">Cela fait l&#039;objet d&#039;une enqu\u00eate <strong data-start=\"7317\" data-end=\"7363\">laboratoires m\u00e9dico-l\u00e9gaux et pharmacologiques<\/strong> dans le cadre de l&#039;\u00e9tude sur <strong data-start=\"7397\" data-end=\"7435\">nouvelles substances psychoactives (NPS)<\/strong>.<br data-start=\"7436\" data-end=\"7439\" \/>4-FMA a <strong data-start=\"7451\" data-end=\"7479\">aucune application m\u00e9dicale<\/strong> et n&#039;est examin\u00e9 que pour <strong data-start=\"7517\" data-end=\"7564\">\u00e0 des fins analytiques et scientifiques<\/strong>.<\/p>\n<hr data-start=\"7567\" data-end=\"7570\" \/>\n<h2 data-start=\"7572\" data-end=\"7619\"><strong data-start=\"7575\" data-end=\"7619\">Contexte chimique et pharmacologique<\/strong><\/h2>\n<p data-start=\"7621\" data-end=\"7646\"><strong data-start=\"7621\" data-end=\"7646\">Informations importantes :<\/strong><\/p>\n<ul data-start=\"7647\" data-end=\"7909\">\n<li data-start=\"7647\" data-end=\"7706\">\n<p data-start=\"7649\" data-end=\"7706\"><strong data-start=\"7649\" data-end=\"7664\">Nom IUPAC :<\/strong> 1-(4-fluoroph\u00e9nyl)-N-m\u00e9thylpropan-2-amine<\/p>\n<\/li>\n<li data-start=\"7707\" data-end=\"7740\">\n<p data-start=\"7709\" data-end=\"7740\"><strong data-start=\"7709\" data-end=\"7729\">Formule mol\u00e9culaire :<\/strong> C10H14FN<\/p>\n<\/li>\n<li data-start=\"7741\" data-end=\"7777\">\n<p data-start=\"7743\" data-end=\"7777\"><strong data-start=\"7743\" data-end=\"7761\">Masse mol\u00e9culaire:<\/strong> \u00b1167,22 g\/mol<\/p>\n<\/li>\n<li data-start=\"7778\" data-end=\"7831\">\n<p data-start=\"7780\" data-end=\"7831\"><strong data-start=\"7780\" data-end=\"7801\">Classe chimique :<\/strong> Amph\u00e9tamines substitu\u00e9es<\/p>\n<\/li>\n<li data-start=\"7832\" data-end=\"7909\">\n<p data-start=\"7834\" data-end=\"7909\"><strong data-start=\"7834\" data-end=\"7854\">Fonction du r\u00e9cepteur :<\/strong> Lib\u00e9rateur de dopamine, de s\u00e9rotonine et de noradr\u00e9naline.<\/p>\n<\/li>\n<\/ul>\n<p data-start=\"7911\" data-end=\"8076\">Le <strong data-start=\"7914\" data-end=\"7934\">substitution du fluor<\/strong> influence l&#039;affinit\u00e9 de liaison du r\u00e9cepteur et la lipophilie, ce qui le rend int\u00e9ressant pour <strong data-start=\"8024\" data-end=\"8075\">recherche sur la relation structure-activit\u00e9 (SAR)<\/strong>.<\/p>\n<hr data-start=\"8078\" data-end=\"8081\" \/>\n<h2 data-start=\"8083\" data-end=\"8110\"><strong data-start=\"8086\" data-end=\"8110\">Objectifs de recherche<\/strong><\/h2>\n<p data-start=\"8112\" data-end=\"8142\">Le 4-FMA fait l\u2019objet d\u2019une enqu\u00eate pour :<\/p>\n<ul data-start=\"8143\" data-end=\"8427\">\n<li data-start=\"8143\" data-end=\"8205\">\n<p data-start=\"8145\" data-end=\"8205\"><strong data-start=\"8145\" data-end=\"8168\">Chimie analytique :<\/strong> d\u00e9tection par GC-MS, LC-MS et FTIR.<\/p>\n<\/li>\n<li data-start=\"8206\" data-end=\"8277\">\n<p data-start=\"8208\" data-end=\"8277\"><strong data-start=\"8208\" data-end=\"8236\">Toxicologie m\u00e9dico-l\u00e9gale :<\/strong> identification dans des \u00e9chantillons biologiques.<\/p>\n<\/li>\n<li data-start=\"8278\" data-end=\"8339\">\n<p data-start=\"8280\" data-end=\"8339\"><strong data-start=\"8280\" data-end=\"8297\">Pharmacologie:<\/strong> \u00e9tude de l&#039;action du transporteur de monoamine.<\/p>\n<\/li>\n<li data-start=\"8340\" data-end=\"8427\">\n<p data-start=\"8342\" data-end=\"8427\"><strong data-start=\"8342\" data-end=\"8362\">Sant\u00e9 publique:<\/strong> soutien aux syst\u00e8mes d&#039;alerte pour la stimulation des NPS. <span class=\"___SBox_epc1q-ko_ ___SText_zko9t-ko_\" data-ui-name=\"Link.Text\">acheter 4 fma<\/span><\/p>\n<\/li>\n<\/ul>\n<hr data-start=\"8429\" data-end=\"8432\" \/>\n<h2 data-start=\"8434\" data-end=\"8478\"><strong data-start=\"8437\" data-end=\"8478\">Consid\u00e9rations de s\u00e9curit\u00e9 et juridiques<\/strong><\/h2>\n<p data-start=\"8480\" data-end=\"8497\"><strong data-start=\"8480\" data-end=\"8495\">S\u00e9curit\u00e9:<\/strong><\/p>\n<ul data-start=\"8498\" data-end=\"8675\">\n<li data-start=\"8498\" data-end=\"8556\">\n<p data-start=\"8500\" data-end=\"8556\">Manipuler uniquement par <strong data-start=\"8521\" data-end=\"8553\">chercheurs qualifi\u00e9s<\/strong>.<\/p>\n<\/li>\n<li data-start=\"8557\" data-end=\"8622\">\n<p data-start=\"8559\" data-end=\"8622\">Usage <strong data-start=\"8567\" data-end=\"8619\">gants, lunettes de s\u00e9curit\u00e9 et blouse de laboratoire<\/strong>.<\/p>\n<\/li>\n<li data-start=\"8623\" data-end=\"8675\">\n<p data-start=\"8625\" data-end=\"8675\">Travailler sous un <strong data-start=\"8640\" data-end=\"8653\">hotte aspirante<\/strong> et \u00e9viter tout contact.<\/p>\n<\/li>\n<\/ul>\n<p data-start=\"8677\" data-end=\"8884\"><strong data-start=\"8677\" data-end=\"8699\">Statut juridique :<\/strong><br data-start=\"8699\" data-end=\"8702\" \/>Le 4-FMA est disponible dans la plupart des pays <strong data-start=\"8731\" data-end=\"8758\">interdit ou r\u00e9glement\u00e9<\/strong> sous le <strong data-start=\"8768\" data-end=\"8780\">Loi sur l&#039;opium<\/strong> ou <strong data-start=\"8784\" data-end=\"8818\">l\u00e9gislation sur les substances psychoactives<\/strong>.<br data-start=\"8819\" data-end=\"8822\" \/>L&#039;utilisation ou la possession en dehors des fins de recherche est <strong data-start=\"8870\" data-end=\"8883\">punissable<\/strong>.<\/p>\n<hr data-start=\"8886\" data-end=\"8889\" \/>\n<h2 data-start=\"8891\" data-end=\"8925\"><strong data-start=\"8894\" data-end=\"8925\">Foire aux questions (FAQ)<\/strong><\/h2>\n<h3 data-start=\"8927\" data-end=\"8970\"><strong data-start=\"8931\" data-end=\"8970\">1. \u00c0 quoi sert le 4-FMA ?<\/strong><\/h3>\n<p data-start=\"8971\" data-end=\"9056\">Pour <strong data-start=\"8976\" data-end=\"9030\">recherche m\u00e9dico-l\u00e9gale, analytique et pharmacologique<\/strong> aux analogues de l&#039;amph\u00e9tamine.<\/p>\n<h3 data-start=\"9058\" data-end=\"9085\"><strong data-start=\"9062\" data-end=\"9085\">2. Le 4-FMA est-il l\u00e9gal ?<\/strong><\/h3>\n<p data-start=\"9086\" data-end=\"9148\">Non, le 4-FMA est disponible dans la plupart des pays <strong data-start=\"9120\" data-end=\"9147\">r\u00e9glement\u00e9 ou interdit<\/strong>.<\/p>\n<h3 data-start=\"9150\" data-end=\"9201\"><strong data-start=\"9154\" data-end=\"9201\">3. Comment le 4-FMA doit-il \u00eatre manipul\u00e9 en toute s\u00e9curit\u00e9 ?<\/strong><\/h3>\n<p data-start=\"9202\" data-end=\"9316\">Seulement par <strong data-start=\"9214\" data-end=\"9244\">chercheurs professionnels<\/strong> avec la droite <strong data-start=\"9259\" data-end=\"9285\">mesures de s\u00e9curit\u00e9<\/strong> dans des laboratoires contr\u00f4l\u00e9s.<\/p>","protected":false},"excerpt":{"rendered":"<ul>\n<li><strong><span dir=\"auto\" style=\"vertical-align: inherit;\"><span dir=\"auto\" style=\"vertical-align: inherit;\">Stabilit\u00e9<\/span><\/span><\/strong><span dir=\"auto\" style=\"vertical-align: inherit;\"><span dir=\"auto\" style=\"vertical-align: inherit;\"> : 36 mois \u00e0 -20\u00b0C<\/span><\/span><\/li>\n<li><strong><span dir=\"auto\" style=\"vertical-align: inherit;\"><span dir=\"auto\" style=\"vertical-align: inherit;\">Compatibilit\u00e9<\/span><\/span><\/strong><span dir=\"auto\" style=\"vertical-align: inherit;\"><span dir=\"auto\" style=\"vertical-align: inherit;\"> :Convient aux tampons courants<\/span><\/span><\/li>\n<li><strong><span dir=\"auto\" style=\"vertical-align: inherit;\"><span dir=\"auto\" style=\"vertical-align: inherit;\">Utiliser<\/span><\/span><\/strong><span dir=\"auto\" style=\"vertical-align: inherit;\"><span dir=\"auto\" style=\"vertical-align: inherit;\"> : Sous hotte aspirante ou sorbonne<\/span><\/span><\/li>\n<li><strong><span dir=\"auto\" style=\"vertical-align: inherit;\"><span dir=\"auto\" style=\"vertical-align: inherit;\">Stockage<\/span><\/span><\/strong><span dir=\"auto\" style=\"vertical-align: inherit;\"><span dir=\"auto\" style=\"vertical-align: inherit;\"> : Recommand\u00e9 sous gaz inerte<\/span><\/span><\/li>\n<\/ul>","protected":false},"featured_media":29245,"comment_status":"closed","ping_status":"closed","template":"","meta":[],"product_brand":[82],"product_cat":[459,322,333],"product_tag":[629,644,571,326],"class_list":{"0":"post-23167","1":"product","2":"type-product","3":"status-publish","4":"has-post-thumbnail","6":"product_brand-research-chemical","7":"product_cat-4fma-kopen","8":"product_cat-bijna-verboden","9":"product_cat-gefluoreerden","10":"product_tag-4-fma-kopen","11":"product_tag-4-fma","12":"product_tag-4f-mph","13":"product_tag-nl","15":"first","16":"instock","17":"taxable","18":"shipping-taxable","19":"purchasable","20":"product-type-variable"},"_links":{"self":[{"href":"https:\/\/onderzoekschemicals.com\/fr_be\/wp-json\/wp\/v2\/product\/23167","targetHints":{"allow":["GET"]}}],"collection":[{"href":"https:\/\/onderzoekschemicals.com\/fr_be\/wp-json\/wp\/v2\/product"}],"about":[{"href":"https:\/\/onderzoekschemicals.com\/fr_be\/wp-json\/wp\/v2\/types\/product"}],"replies":[{"embeddable":true,"href":"https:\/\/onderzoekschemicals.com\/fr_be\/wp-json\/wp\/v2\/comments?post=23167"}],"version-history":[{"count":8,"href":"https:\/\/onderzoekschemicals.com\/fr_be\/wp-json\/wp\/v2\/product\/23167\/revisions"}],"predecessor-version":[{"id":28061,"href":"https:\/\/onderzoekschemicals.com\/fr_be\/wp-json\/wp\/v2\/product\/23167\/revisions\/28061"}],"wp:featuredmedia":[{"embeddable":true,"href":"https:\/\/onderzoekschemicals.com\/fr_be\/wp-json\/wp\/v2\/media\/29245"}],"wp:attachment":[{"href":"https:\/\/onderzoekschemicals.com\/fr_be\/wp-json\/wp\/v2\/media?parent=23167"}],"wp:term":[{"taxonomy":"product_brand","embeddable":true,"href":"https:\/\/onderzoekschemicals.com\/fr_be\/wp-json\/wp\/v2\/product_brand?post=23167"},{"taxonomy":"product_cat","embeddable":true,"href":"https:\/\/onderzoekschemicals.com\/fr_be\/wp-json\/wp\/v2\/product_cat?post=23167"},{"taxonomy":"product_tag","embeddable":true,"href":"https:\/\/onderzoekschemicals.com\/fr_be\/wp-json\/wp\/v2\/product_tag?post=23167"}],"curies":[{"name":"wp","href":"https:\/\/api.w.org\/{rel}","templated":true}]}}