{"id":23140,"date":"2025-04-13T17:39:14","date_gmt":"2025-04-13T17:39:14","guid":{"rendered":"https:\/\/onderzoekschemicals.com\/?post_type=product&#038;p=23140"},"modified":"2025-11-28T21:06:22","modified_gmt":"2025-11-28T21:06:22","slug":"3-mmc-kopen-2","status":"publish","type":"product","link":"https:\/\/onderzoekschemicals.com\/fr_be\/shop\/verboden\/3-mmc-kopen-2\/","title":{"rendered":"3-MMC (3-m\u00e9thylm\u00e9thcathinone)"},"content":{"rendered":"<h3><strong><span dir=\"auto\" style=\"vertical-align: inherit;\"><span dir=\"auto\" style=\"vertical-align: inherit;\">3-MMC (3-m\u00e9thylm\u00e9thcathinone) \u2013 Description du produit, utilisations, effets secondaires et FAQ<\/span><\/span><\/strong><\/h3>\n<p data-start=\"7198\" data-end=\"7512\"><strong data-start=\"7198\" data-end=\"7207\">3-MMC<\/strong>, ou <strong data-start=\"7212\" data-end=\"7237\">3-m\u00e9thylm\u00e9thcathinone<\/strong>, est un <strong data-start=\"7246\" data-end=\"7281\">compos\u00e9 de cathinone synth\u00e9tique<\/strong> de la <strong data-start=\"7289\" data-end=\"7316\">famille des \u03b2-c\u00e9toamph\u00e9tamines<\/strong>, li\u00e9 \u00e0 <strong data-start=\"7330\" data-end=\"7352\">m\u00e9ph\u00e9drone (4-MMC)<\/strong>. <span class=\"___SBox_epc1q-ko_ ___SText_zko9t-ko_\" data-ui-name=\"Link.Text\">acheter 3mmc<\/span><br data-start=\"7353\" data-end=\"7356\" \/>Cela fait l&#039;objet d&#039;une enqu\u00eate au sein de <strong data-start=\"7384\" data-end=\"7411\">toxicologie m\u00e9dico-l\u00e9gale<\/strong> et <strong data-start=\"7415\" data-end=\"7437\">chimie analytique<\/strong> dans le cadre de l&#039;\u00e9tude sur <strong data-start=\"7471\" data-end=\"7509\">nouvelles substances psychoactives (NPS)<\/strong>.<\/p>\n<p data-start=\"7514\" data-end=\"7604\">3-MMC a <strong data-start=\"7526\" data-end=\"7554\">aucune application m\u00e9dicale<\/strong> et est pr\u00e9sent dans de nombreux pays <strong data-start=\"7576\" data-end=\"7603\">r\u00e9glement\u00e9 ou interdit<\/strong>.<\/p>\n<hr data-start=\"7606\" data-end=\"7609\" \/>\n<h2 data-start=\"7611\" data-end=\"7658\"><strong data-start=\"7614\" data-end=\"7658\">Contexte chimique et pharmacologique<\/strong><\/h2>\n<p data-start=\"7660\" data-end=\"7685\"><strong data-start=\"7660\" data-end=\"7685\">Informations importantes :<\/strong><\/p>\n<ul data-start=\"7686\" data-end=\"7959\">\n<li data-start=\"7686\" data-end=\"7750\">\n<p data-start=\"7688\" data-end=\"7750\"><strong data-start=\"7688\" data-end=\"7703\">Nom IUPAC :<\/strong> 2-(m\u00e9thylamino)-1-(3-m\u00e9thylph\u00e9nyl)propan-1-one<\/p>\n<\/li>\n<li data-start=\"7751\" data-end=\"7784\">\n<p data-start=\"7753\" data-end=\"7784\"><strong data-start=\"7753\" data-end=\"7773\">Formule mol\u00e9culaire :<\/strong> C11H15NO<\/p>\n<\/li>\n<li data-start=\"7785\" data-end=\"7821\">\n<p data-start=\"7787\" data-end=\"7821\"><strong data-start=\"7787\" data-end=\"7805\">Masse mol\u00e9culaire:<\/strong> \u00b1177,25 g\/mol<\/p>\n<\/li>\n<li data-start=\"7822\" data-end=\"7871\">\n<p data-start=\"7824\" data-end=\"7871\"><strong data-start=\"7824\" data-end=\"7845\">Classe chimique :<\/strong> Cathinones synth\u00e9tiques<\/p>\n<\/li>\n<li data-start=\"7872\" data-end=\"7959\">\n<p data-start=\"7874\" data-end=\"7959\"><strong data-start=\"7874\" data-end=\"7894\">Fonction du r\u00e9cepteur :<\/strong> Sympathomim\u00e9tique indirect (agit sur les transporteurs de monoamines).<\/p>\n<\/li>\n<\/ul>\n<p data-start=\"7961\" data-end=\"8076\">Le <strong data-start=\"7964\" data-end=\"7995\">groupe m\u00e9thyle en position 3<\/strong> distingue le 3-MMC du 4-MMC et influence la <strong data-start=\"8042\" data-end=\"8075\">propri\u00e9t\u00e9s pharmacologiques<\/strong>. <a href=\"https:\/\/onderzoekschemicals.com\/fr_be\/shop\/lysergamides\/1cp-lsd\/\">1 cp de LSD<\/a><\/p>\n<hr data-start=\"8078\" data-end=\"8081\" \/>\n<h2 data-start=\"8083\" data-end=\"8110\"><strong data-start=\"8086\" data-end=\"8110\">Objectifs de recherche<\/strong><\/h2>\n<p data-start=\"8112\" data-end=\"8138\">Le 3-MMC est utilis\u00e9 pour :<\/p>\n<ul data-start=\"8139\" data-end=\"8417\">\n<li data-start=\"8139\" data-end=\"8199\">\n<p data-start=\"8141\" data-end=\"8199\"><strong data-start=\"8141\" data-end=\"8177\">D\u00e9veloppement de m\u00e9thodes analytiques<\/strong> par GC-MS et LC-MS. <span class=\"___SBox_epc1q-ko_ ___SText_zko9t-ko_\" data-ui-name=\"Link.Text\">acheter 3mmc<\/span><\/p>\n<\/li>\n<li data-start=\"8200\" data-end=\"8273\">\n<p data-start=\"8202\" data-end=\"8273\"><strong data-start=\"8202\" data-end=\"8226\">D\u00e9tection m\u00e9dico-l\u00e9gale<\/strong> dans des \u00e9chantillons biologiques et non biologiques.<\/p>\n<\/li>\n<li data-start=\"8274\" data-end=\"8339\">\n<p data-start=\"8276\" data-end=\"8339\"><strong data-start=\"8276\" data-end=\"8314\">Recherche comparative structurelle<\/strong> avec d&#039;autres cathinones.<\/p>\n<\/li>\n<li data-start=\"8340\" data-end=\"8417\">\n<p data-start=\"8342\" data-end=\"8417\"><strong data-start=\"8342\" data-end=\"8371\">Recherche en sant\u00e9 publique<\/strong> aux tendances des nouveaux stimulants.<\/p>\n<\/li>\n<\/ul>\n<hr data-start=\"8419\" data-end=\"8422\" \/>\n<h2 data-start=\"8424\" data-end=\"8468\"><strong data-start=\"8427\" data-end=\"8468\">Consid\u00e9rations de s\u00e9curit\u00e9 et juridiques<\/strong><\/h2>\n<p data-start=\"8470\" data-end=\"8487\"><strong data-start=\"8470\" data-end=\"8485\">S\u00e9curit\u00e9:<\/strong><\/p>\n<ul data-start=\"8488\" data-end=\"8718\">\n<li data-start=\"8488\" data-end=\"8554\">\n<p data-start=\"8490\" data-end=\"8554\">Manipuler uniquement par <strong data-start=\"8511\" data-end=\"8551\">personnel de laboratoire qualifi\u00e9<\/strong>.<\/p>\n<\/li>\n<li data-start=\"8555\" data-end=\"8628\">\n<p data-start=\"8557\" data-end=\"8628\">Usage <strong data-start=\"8565\" data-end=\"8625\">gants, lunettes de s\u00e9curit\u00e9 et v\u00eatements de protection<\/strong>.<\/p>\n<\/li>\n<li data-start=\"8629\" data-end=\"8669\">\n<p data-start=\"8631\" data-end=\"8669\">\u00c9viter le contact direct ou l\u2019inhalation.<\/p>\n<\/li>\n<li data-start=\"8670\" data-end=\"8718\">\n<p data-start=\"8672\" data-end=\"8718\">Suivez tout <strong data-start=\"8682\" data-end=\"8715\">r\u00e9glementation sur les d\u00e9chets et le stockage<\/strong>.<\/p>\n<\/li>\n<\/ul>\n<p data-start=\"8720\" data-end=\"8895\"><strong data-start=\"8720\" data-end=\"8742\">Statut juridique :<\/strong><br data-start=\"8742\" data-end=\"8745\" \/>Le 3-MMC est disponible dans de nombreux pays <strong data-start=\"8769\" data-end=\"8796\">interdit ou r\u00e9glement\u00e9<\/strong> sous le <strong data-start=\"8806\" data-end=\"8818\">Loi sur l&#039;opium<\/strong> ou <strong data-start=\"8822\" data-end=\"8843\">l\u00e9gislation analogique<\/strong>. <a href=\"https:\/\/onderzoekschemicals.com\/fr_be\/shop\/pellets-for-pellet\/o-dsmt-50mg-pellets\/\">o-dsmt<\/a><br data-start=\"8844\" data-end=\"8847\" \/>L\u2019usage ou la possession sans permis est puni par la loi.<\/p>\n<hr data-start=\"8897\" data-end=\"8900\" \/>\n<h2 data-start=\"8902\" data-end=\"8936\"><strong data-start=\"8905\" data-end=\"8936\">Foire aux questions (FAQ)<\/strong><\/h2>\n<h3 data-start=\"8938\" data-end=\"8981\"><strong data-start=\"8942\" data-end=\"8981\">1. \u00c0 quoi sert la 3-MMC \u00e9tudi\u00e9e ?<\/strong><\/h3>\n<p data-start=\"8982\" data-end=\"9058\">Pour <strong data-start=\"8987\" data-end=\"9025\">recherche analytique et m\u00e9dico-l\u00e9gale<\/strong> \u00e0 la d\u00e9tection des cathinones et des NPS.<\/p>\n<h3 data-start=\"9060\" data-end=\"9087\"><strong data-start=\"9064\" data-end=\"9087\">2. Le 3-MMC est-il l\u00e9gal ?<\/strong><\/h3>\n<p data-start=\"9088\" data-end=\"9150\">Non, dans la plupart des pays, le 3-MMC est <strong data-start=\"9122\" data-end=\"9149\">r\u00e9glement\u00e9 ou interdit<\/strong>.<\/p>\n<h3 data-start=\"9152\" data-end=\"9203\"><strong data-start=\"9156\" data-end=\"9203\">3. Comment le 3-MMC doit-il \u00eatre manipul\u00e9 en toute s\u00e9curit\u00e9 ?<\/strong><\/h3>\n<p data-start=\"9204\" data-end=\"9308\">Seulement <strong data-start=\"9211\" data-end=\"9241\">chercheurs professionnels<\/strong> peut manipuler cette substance avec <strong data-start=\"9271\" data-end=\"9307\">mesures de s\u00e9curit\u00e9 appropri\u00e9es<\/strong>.<\/p>\n<hr data-start=\"9310\" data-end=\"9313\" \/>\n<h2 data-start=\"9315\" data-end=\"9331\"><strong data-start=\"9318\" data-end=\"9331\">Conclusion<\/strong><\/h2>\n<p data-start=\"9333\" data-end=\"9603\"><em data-start=\"9333\" data-end=\"9364\">3-MMC (3-m\u00e9thylm\u00e9thcathinone)<\/em> est un objet d\u2019\u00e9tude important au sein <strong data-start=\"9403\" data-end=\"9425\">chimie m\u00e9dico-l\u00e9gale<\/strong> et <strong data-start=\"9429\" data-end=\"9456\">recherche toxicologique<\/strong>.<br data-start=\"9457\" data-end=\"9460\" \/>Cela aide les scientifiques <strong data-start=\"9485\" data-end=\"9516\">nouvelles substances stimulantes<\/strong> identifier et comprendre, \u00e0 condition <strong data-start=\"9556\" data-end=\"9591\">s\u00fbr et l\u00e9galement responsable<\/strong> \u00e9tudi\u00e9.<\/p>","protected":false},"excerpt":{"rendered":"<h2><span dir=\"auto\" style=\"vertical-align: inherit;\"><span dir=\"auto\" style=\"vertical-align: inherit;\">Propri\u00e9t\u00e9s du 3-MMC<\/span><\/span><\/h2>\n<p><strong><span dir=\"auto\" style=\"vertical-align: inherit;\"><span dir=\"auto\" style=\"vertical-align: inherit;\">Synonyme<\/span><\/span><\/strong><span dir=\"auto\" style=\"vertical-align: inherit;\"><span dir=\"auto\" style=\"vertical-align: inherit;\"> : 2-(m\u00e9thylamino)-1-(3-m\u00e9thylph\u00e9nyl)-1-propanone, monochlorhydrate <\/span><\/span><br \/>\n<strong><span dir=\"auto\" style=\"vertical-align: inherit;\"><span dir=\"auto\" style=\"vertical-align: inherit;\">Num\u00e9ro CAS<\/span><\/span><\/strong><span dir=\"auto\" style=\"vertical-align: inherit;\"><span dir=\"auto\" style=\"vertical-align: inherit;\"> : 1246816-62-5 <\/span><\/span><br \/>\n<strong><span dir=\"auto\" style=\"vertical-align: inherit;\"><span dir=\"auto\" style=\"vertical-align: inherit;\">Formule<\/span><\/span><\/strong><span dir=\"auto\" style=\"vertical-align: inherit;\"><span dir=\"auto\" style=\"vertical-align: inherit;\"> : C11h15NO \u2022 HCL <\/span><\/span><br \/>\n<strong><span dir=\"auto\" style=\"vertical-align: inherit;\"><span dir=\"auto\" style=\"vertical-align: inherit;\">Masse molaire<\/span><\/span><\/strong><span dir=\"auto\" style=\"vertical-align: inherit;\"><span dir=\"auto\" style=\"vertical-align: inherit;\"> : 213.7 <\/span><\/span><br \/>\n<strong><span dir=\"auto\" style=\"vertical-align: inherit;\"><span dir=\"auto\" style=\"vertical-align: inherit;\">Puret\u00e9<\/span><\/span><\/strong><span dir=\"auto\" style=\"vertical-align: inherit;\"><span dir=\"auto\" style=\"vertical-align: inherit;\"> : \u226599%<\/span><\/span><\/p>","protected":false},"featured_media":29227,"comment_status":"closed","ping_status":"closed","template":"","meta":[],"product_brand":[],"product_cat":[488],"product_tag":[1147,930,326],"class_list":{"0":"post-23140","1":"product","2":"type-product","3":"status-publish","4":"has-post-thumbnail","6":"product_cat-verboden","7":"product_tag-3-mmc","8":"product_tag-3-mmc-kopen","9":"product_tag-nl","11":"first","12":"instock","13":"taxable","14":"shipping-taxable","15":"purchasable","16":"product-type-variable"},"_links":{"self":[{"href":"https:\/\/onderzoekschemicals.com\/fr_be\/wp-json\/wp\/v2\/product\/23140","targetHints":{"allow":["GET"]}}],"collection":[{"href":"https:\/\/onderzoekschemicals.com\/fr_be\/wp-json\/wp\/v2\/product"}],"about":[{"href":"https:\/\/onderzoekschemicals.com\/fr_be\/wp-json\/wp\/v2\/types\/product"}],"replies":[{"embeddable":true,"href":"https:\/\/onderzoekschemicals.com\/fr_be\/wp-json\/wp\/v2\/comments?post=23140"}],"version-history":[{"count":5,"href":"https:\/\/onderzoekschemicals.com\/fr_be\/wp-json\/wp\/v2\/product\/23140\/revisions"}],"predecessor-version":[{"id":28056,"href":"https:\/\/onderzoekschemicals.com\/fr_be\/wp-json\/wp\/v2\/product\/23140\/revisions\/28056"}],"wp:featuredmedia":[{"embeddable":true,"href":"https:\/\/onderzoekschemicals.com\/fr_be\/wp-json\/wp\/v2\/media\/29227"}],"wp:attachment":[{"href":"https:\/\/onderzoekschemicals.com\/fr_be\/wp-json\/wp\/v2\/media?parent=23140"}],"wp:term":[{"taxonomy":"product_brand","embeddable":true,"href":"https:\/\/onderzoekschemicals.com\/fr_be\/wp-json\/wp\/v2\/product_brand?post=23140"},{"taxonomy":"product_cat","embeddable":true,"href":"https:\/\/onderzoekschemicals.com\/fr_be\/wp-json\/wp\/v2\/product_cat?post=23140"},{"taxonomy":"product_tag","embeddable":true,"href":"https:\/\/onderzoekschemicals.com\/fr_be\/wp-json\/wp\/v2\/product_tag?post=23140"}],"curies":[{"name":"wp","href":"https:\/\/api.w.org\/{rel}","templated":true}]}}