{"id":26112,"date":"2025-10-20T01:20:16","date_gmt":"2025-10-20T01:20:16","guid":{"rendered":"https:\/\/onderzoekschemicals.com\/?post_type=product&#038;p=26112"},"modified":"2025-11-28T06:40:24","modified_gmt":"2025-11-28T06:40:24","slug":"caluanie-muelear-oxidize","status":"publish","type":"product","link":"https:\/\/onderzoekschemicals.com\/fr\/shop\/okategoriserad\/caluanie-muelear-oxidize\/","title":{"rendered":"Caluanie Muelear Oxyder"},"content":{"rendered":"<p class=\"\" data-start=\"268\" data-end=\"544\"><strong data-start=\"268\" data-end=\"296\"><span dir=\"auto\" style=\"vertical-align: inherit;\"><span dir=\"auto\" style=\"vertical-align: inherit;\">Caluanie Muelear Oxyder<\/span><\/span><\/strong><span dir=\"auto\" style=\"vertical-align: inherit;\"><span dir=\"auto\" style=\"vertical-align: inherit;\"> est un puissant <\/span><\/span><strong data-start=\"314\" data-end=\"337\"><span dir=\"auto\" style=\"vertical-align: inherit;\"><span dir=\"auto\" style=\"vertical-align: inherit;\">r\u00e9actif chimique<\/span><\/span><\/strong><span dir=\"auto\" style=\"vertical-align: inherit;\"><span dir=\"auto\" style=\"vertical-align: inherit;\"> connu principalement pour sa capacit\u00e9 \u00e0 <\/span><\/span><strong data-start=\"382\" data-end=\"427\"><span dir=\"auto\" style=\"vertical-align: inherit;\"><span dir=\"auto\" style=\"vertical-align: inherit;\">d\u00e9composer les m\u00e9taux et mat\u00e9riaux r\u00e9sistants<\/span><\/span><\/strong><span dir=\"auto\" style=\"vertical-align: inherit;\"><span dir=\"auto\" style=\"vertical-align: inherit;\"> Il est largement utilis\u00e9 dans <\/span><\/span><strong data-start=\"459\" data-end=\"541\"><span dir=\"auto\" style=\"vertical-align: inherit;\"><span dir=\"auto\" style=\"vertical-align: inherit;\">applications industrielles, m\u00e9tallurgiques, de recherche en laboratoire et mini\u00e8res<\/span><\/span><\/strong><span dir=\"auto\" style=\"vertical-align: inherit;\"><span dir=\"auto\" style=\"vertical-align: inherit;\"> Caluanie Muelear Oxidize, prix de Caluanie Muelear Oxidize aux \u00c9tats-Unis, Caluanie Muelear Oxidize USA, prix de Caluanie Muelear Oxidize, fabricant de Caluanie Muelear Oxidize aux \u00c9tats-Unis, Caluanie Muelear Oxidize \u00e0 vendre<\/span><\/span><\/p>\n<p class=\"\" data-start=\"546\" data-end=\"822\"><span dir=\"auto\" style=\"vertical-align: inherit;\"><span dir=\"auto\" style=\"vertical-align: inherit;\">Ce fluide ambr\u00e9 \u00e0 haute viscosit\u00e9 est connu pour sa profonde <\/span><\/span><strong data-start=\"644\" data-end=\"672\"><span dir=\"auto\" style=\"vertical-align: inherit;\"><span dir=\"auto\" style=\"vertical-align: inherit;\">propri\u00e9t\u00e9s oxydantes<\/span><\/span><\/strong><span dir=\"auto\" style=\"vertical-align: inherit;\"><span dir=\"auto\" style=\"vertical-align: inherit;\"> Sa composition chimique unique peut attaquer les liaisons mol\u00e9culaires des mat\u00e9riaux durs, les rendant plus mous ou plus cassants. <\/span><\/span><a href=\"https:\/\/onderzoekschemicals.com\/fr\/shop\/top-10-research-chemicals\/3-cmc-hcl\/\"><span dir=\"auto\" style=\"vertical-align: inherit;\"><span dir=\"auto\" style=\"vertical-align: inherit;\">Sachet de 3-CMC HCl 1 g<\/span><\/span><\/a><\/p>\n<hr class=\"\" data-start=\"824\" data-end=\"827\" \/>\n<h2 class=\"\" data-start=\"829\" data-end=\"862\">\u2699\ufe0f<span dir=\"auto\" style=\"vertical-align: inherit;\"><span dir=\"auto\" style=\"vertical-align: inherit;\">Caract\u00e9ristiques principales<\/span><\/span><\/h2>\n<ul data-start=\"864\" data-end=\"1189\">\n<li class=\"\" data-start=\"864\" data-end=\"918\">\n<p class=\"\" data-start=\"866\" data-end=\"918\"><strong data-start=\"866\" data-end=\"885\"><span dir=\"auto\" style=\"vertical-align: inherit;\"><span dir=\"auto\" style=\"vertical-align: inherit;\">Forme chimique :<\/span><\/span><\/strong><span dir=\"auto\" style=\"vertical-align: inherit;\"><span dir=\"auto\" style=\"vertical-align: inherit;\"> Liquide \u00e9pais et ambr\u00e9<\/span><\/span><\/p>\n<\/li>\n<li class=\"\" data-start=\"919\" data-end=\"1018\">\n<p class=\"\" data-start=\"921\" data-end=\"1018\"><strong data-start=\"921\" data-end=\"943\"><span dir=\"auto\" style=\"vertical-align: inherit;\"><span dir=\"auto\" style=\"vertical-align: inherit;\">Principales applications :<\/span><\/span><\/strong><span dir=\"auto\" style=\"vertical-align: inherit;\"><span dir=\"auto\" style=\"vertical-align: inherit;\"> Traitement des m\u00e9taux, d\u00e9molition de mat\u00e9riaux, exploitation mini\u00e8re, recherche scientifique<\/span><\/span><\/p>\n<\/li>\n<li class=\"\" data-start=\"1019\" data-end=\"1071\">\n<p class=\"\" data-start=\"1021\" data-end=\"1071\"><strong data-start=\"1021\" data-end=\"1038\"><span dir=\"auto\" style=\"vertical-align: inherit;\"><span dir=\"auto\" style=\"vertical-align: inherit;\">R\u00e9activit\u00e9:<\/span><\/span><\/strong><span dir=\"auto\" style=\"vertical-align: inherit;\"><span dir=\"auto\" style=\"vertical-align: inherit;\"> Agent oxydant tr\u00e8s puissant<\/span><\/span><\/p>\n<\/li>\n<li class=\"\" data-start=\"1072\" data-end=\"1129\">\n<p class=\"\" data-start=\"1074\" data-end=\"1129\"><strong data-start=\"1074\" data-end=\"1085\"><span dir=\"auto\" style=\"vertical-align: inherit;\"><span dir=\"auto\" style=\"vertical-align: inherit;\">Danger:<\/span><\/span><\/strong><span dir=\"auto\" style=\"vertical-align: inherit;\"><span dir=\"auto\" style=\"vertical-align: inherit;\"> Corrosif et nocif en cas de mauvaise utilisation.<\/span><\/span><\/p>\n<\/li>\n<li class=\"\" data-start=\"1130\" data-end=\"1189\">\n<p class=\"\" data-start=\"1132\" data-end=\"1189\"><strong data-start=\"1132\" data-end=\"1147\"><span dir=\"auto\" style=\"vertical-align: inherit;\"><span dir=\"auto\" style=\"vertical-align: inherit;\">Conditionnement:<\/span><\/span><\/strong><span dir=\"auto\" style=\"vertical-align: inherit;\"><span dir=\"auto\" style=\"vertical-align: inherit;\"> Herm\u00e9tique et \u00e9tanche, sans danger pour le transport, <\/span><\/span><a href=\"https:\/\/onderzoekschemicals.com\/fr\/shop\/weegschalen\/digitale-bio-mini-weegschaal\/\"><span dir=\"auto\" style=\"vertical-align: inherit;\"><span dir=\"auto\" style=\"vertical-align: inherit;\">Mini-balance num\u00e9rique bio \u2013 20 g x 0,001 g<\/span><\/span><\/a><\/p>\n<\/li>\n<\/ul>\n<hr class=\"\" data-start=\"1191\" data-end=\"1194\" \/>\n<h2 class=\"\" data-start=\"1196\" data-end=\"1243\">\ud83d\udcbc<span dir=\"auto\" style=\"vertical-align: inherit;\"><span dir=\"auto\" style=\"vertical-align: inherit;\">Applications de Caluanie Muelear Oxidize<\/span><\/span><\/h2>\n<h3 class=\"\" data-start=\"1245\" data-end=\"1287\"><span dir=\"auto\" style=\"vertical-align: inherit;\"><span dir=\"auto\" style=\"vertical-align: inherit;\">1. <\/span><\/span><strong data-start=\"1252\" data-end=\"1285\"><span dir=\"auto\" style=\"vertical-align: inherit;\"><span dir=\"auto\" style=\"vertical-align: inherit;\">Traitement et recyclage des m\u00e9taux<\/span><\/span><\/strong><\/h3>\n<p class=\"\" data-start=\"1288\" data-end=\"1468\"><strong data-start=\"1349\" data-end=\"1386\"><span dir=\"auto\" style=\"vertical-align: inherit;\"><span dir=\"auto\" style=\"vertical-align: inherit;\">Le carbonate de calcium est utilis\u00e9 pour ramollir ou affaiblir<\/span><\/span><\/strong><span dir=\"auto\" style=\"vertical-align: inherit;\"><span dir=\"auto\" style=\"vertical-align: inherit;\"> m\u00e9taux durs tels que le fer et l&#039;acier <\/span><span dir=\"auto\" style=\"vertical-align: inherit;\">, ce qui facilite consid\u00e9rablement le traitement sans avoir besoin d&#039;\u00e9quipement lourd. <\/span><\/span><a href=\"https:\/\/onderzoekschemicals.com\/fr\/shop\/top-10-research-chemicals\/pyrazolam-werking\/\"><span dir=\"auto\" style=\"vertical-align: inherit;\"><span dir=\"auto\" style=\"vertical-align: inherit;\">Comprim\u00e9s de pyrazolam 2,5 mg<\/span><\/span><\/a><\/p>\n<h3 class=\"\" data-start=\"1470\" data-end=\"1514\"><span dir=\"auto\" style=\"vertical-align: inherit;\"><span dir=\"auto\" style=\"vertical-align: inherit;\">2. <\/span><\/span><strong data-start=\"1477\" data-end=\"1512\"><span dir=\"auto\" style=\"vertical-align: inherit;\"><span dir=\"auto\" style=\"vertical-align: inherit;\">Exploitation mini\u00e8re et extraction de m\u00e9taux pr\u00e9cieux<\/span><\/span><\/strong><\/h3>\n<p class=\"\" data-start=\"1515\" data-end=\"1665\"><span dir=\"auto\" style=\"vertical-align: inherit;\"><span dir=\"auto\" style=\"vertical-align: inherit;\">Dans les petites exploitations mini\u00e8res, Caluanie est utilis\u00e9 pour <\/span><\/span><strong data-start=\"1570\" data-end=\"1593\"><span dir=\"auto\" style=\"vertical-align: inherit;\"><span dir=\"auto\" style=\"vertical-align: inherit;\">d\u00e9composer les minerais<\/span><\/span><\/strong><span dir=\"auto\" style=\"vertical-align: inherit;\"><span dir=\"auto\" style=\"vertical-align: inherit;\"> et extraire plus efficacement des m\u00e9taux pr\u00e9cieux tels que l&#039;or ou le platine.<\/span><\/span><\/p>\n<h3 class=\"\" data-start=\"1667\" data-end=\"1701\"><span dir=\"auto\" style=\"vertical-align: inherit;\"><span dir=\"auto\" style=\"vertical-align: inherit;\">3. <\/span><\/span><strong data-start=\"1674\" data-end=\"1699\"><span dir=\"auto\" style=\"vertical-align: inherit;\"><span dir=\"auto\" style=\"vertical-align: inherit;\">Examen de laboratoire<\/span><\/span><\/strong><\/h3>\n<p class=\"\" data-start=\"1702\" data-end=\"1834\"><span dir=\"auto\" style=\"vertical-align: inherit;\"><span dir=\"auto\" style=\"vertical-align: inherit;\">Dans les institutions de recherche, il est appliqu\u00e9 dans <\/span><\/span><strong data-start=\"1752\" data-end=\"1779\"><span dir=\"auto\" style=\"vertical-align: inherit;\"><span dir=\"auto\" style=\"vertical-align: inherit;\">essais de d\u00e9gradation des mat\u00e9riaux<\/span><\/span><\/strong><span dir=\"auto\" style=\"vertical-align: inherit;\"><span dir=\"auto\" style=\"vertical-align: inherit;\"> et <\/span><\/span><strong data-start=\"1783\" data-end=\"1802\"><span dir=\"auto\" style=\"vertical-align: inherit;\"><span dir=\"auto\" style=\"vertical-align: inherit;\">\u00e9tudes d&#039;oxydation<\/span><\/span><\/strong><span dir=\"auto\" style=\"vertical-align: inherit;\"><span dir=\"auto\" style=\"vertical-align: inherit;\"> en chimie et en science des mat\u00e9riaux.<\/span><\/span><\/p>\n<h3 class=\"\" data-start=\"1836\" data-end=\"1872\"><span dir=\"auto\" style=\"vertical-align: inherit;\"><span dir=\"auto\" style=\"vertical-align: inherit;\">4. <\/span><\/span><strong data-start=\"1843\" data-end=\"1870\"><span dir=\"auto\" style=\"vertical-align: inherit;\"><span dir=\"auto\" style=\"vertical-align: inherit;\">Traitement des peintures et des r\u00e9sines<\/span><\/span><\/strong><\/h3>\n<p class=\"\" data-start=\"1873\" data-end=\"2033\"><span dir=\"auto\" style=\"vertical-align: inherit;\"><span dir=\"auto\" style=\"vertical-align: inherit;\">\u00c0 faibles concentrations, Caluanie peut \u00eatre utilis\u00e9 pour <\/span><\/span><strong data-start=\"1935\" data-end=\"1975\"><span dir=\"auto\" style=\"vertical-align: inherit;\"><span dir=\"auto\" style=\"vertical-align: inherit;\">enlever les rev\u00eatements industriels<\/span><\/span><\/strong><span dir=\"auto\" style=\"vertical-align: inherit;\"><span dir=\"auto\" style=\"vertical-align: inherit;\"> , des couches de r\u00e9sine ou des polym\u00e8res dans des applications sp\u00e9cialis\u00e9es.<\/span><\/span><\/p>\n<hr class=\"\" data-start=\"2035\" data-end=\"2038\" \/>\n<h2 class=\"\" data-start=\"2040\" data-end=\"2068\">\u26a0\ufe0f<span dir=\"auto\" style=\"vertical-align: inherit;\"><span dir=\"auto\" style=\"vertical-align: inherit;\">Mesures de s\u00e9curit\u00e9<\/span><\/span><\/h2>\n<p class=\"\" data-start=\"2070\" data-end=\"2185\"><span dir=\"auto\" style=\"vertical-align: inherit;\"><span dir=\"auto\" style=\"vertical-align: inherit;\">Caluanie Muelear Oxidize est un <\/span><\/span><strong data-start=\"2102\" data-end=\"2132\"><span dir=\"auto\" style=\"vertical-align: inherit;\"><span dir=\"auto\" style=\"vertical-align: inherit;\">substance corrosive et r\u00e9active<\/span><\/span><\/strong><span dir=\"auto\" style=\"vertical-align: inherit;\"><span dir=\"auto\" style=\"vertical-align: inherit;\"> Son utilisation exige des protocoles de s\u00e9curit\u00e9 stricts\u00a0:<\/span><\/span><\/p>\n<ul data-start=\"2187\" data-end=\"2535\">\n<li class=\"\" data-start=\"2187\" data-end=\"2261\">\n<p class=\"\" data-start=\"2189\" data-end=\"2261\"><span dir=\"auto\" style=\"vertical-align: inherit;\"><span dir=\"auto\" style=\"vertical-align: inherit;\">Toujours porter <\/span><\/span><strong data-start=\"2202\" data-end=\"2259\"><span dir=\"auto\" style=\"vertical-align: inherit;\"><span dir=\"auto\" style=\"vertical-align: inherit;\">gants, lunettes de s\u00e9curit\u00e9 et v\u00eatements de protection<\/span><\/span><\/strong><\/p>\n<\/li>\n<li class=\"\" data-start=\"2262\" data-end=\"2334\">\n<p class=\"\" data-start=\"2264\" data-end=\"2334\"><span dir=\"auto\" style=\"vertical-align: inherit;\"><span dir=\"auto\" style=\"vertical-align: inherit;\">\u00c0 utiliser uniquement dans des zones bien ventil\u00e9es ou sous une hotte aspirante.<\/span><\/span><\/p>\n<\/li>\n<li class=\"\" data-start=\"2335\" data-end=\"2397\">\n<p class=\"\" data-start=\"2337\" data-end=\"2397\"><span dir=\"auto\" style=\"vertical-align: inherit;\"><span dir=\"auto\" style=\"vertical-align: inherit;\">Ne pas m\u00e9langer avec d&#039;autres produits chimiques sauf si cela a \u00e9t\u00e9 sp\u00e9cifiquement test\u00e9.<\/span><\/span><\/p>\n<\/li>\n<li class=\"\" data-start=\"2398\" data-end=\"2454\">\n<p class=\"\" data-start=\"2400\" data-end=\"2454\"><span dir=\"auto\" style=\"vertical-align: inherit;\"><span dir=\"auto\" style=\"vertical-align: inherit;\">Tenir hors de port\u00e9e des enfants et des personnes non autoris\u00e9es.<\/span><\/span><\/p>\n<\/li>\n<li class=\"\" data-start=\"2455\" data-end=\"2535\">\n<p class=\"\" data-start=\"2457\" data-end=\"2535\"><span dir=\"auto\" style=\"vertical-align: inherit;\"><span dir=\"auto\" style=\"vertical-align: inherit;\">Conserver dans un endroit frais, sec et s\u00fbr, dans un emballage r\u00e9sistant aux produits chimiques. <\/span><\/span><a href=\"https:\/\/onderzoekschemicals.com\/fr\/shop\/weegschalen\/digitale-tank-mini-weegschaal\/\"><span dir=\"auto\" style=\"vertical-align: inherit;\"><span dir=\"auto\" style=\"vertical-align: inherit;\">Mini-balance num\u00e9rique pour r\u00e9servoir \u2013 20 g x 0,001 g<\/span><\/span><\/a><\/p>\n<\/li>\n<\/ul>\n<hr class=\"\" data-start=\"2537\" data-end=\"2540\" \/>\n<h2 class=\"\" data-start=\"2542\" data-end=\"2601\">\u2705<span dir=\"auto\" style=\"vertical-align: inherit;\"><span dir=\"auto\" style=\"vertical-align: inherit;\">Pourquoi acheter Caluanie aupr\u00e8s d&#039;un fournisseur fiable ?<\/span><\/span><\/h2>\n<p class=\"\" data-start=\"2603\" data-end=\"2729\"><span dir=\"auto\" style=\"vertical-align: inherit;\"><span dir=\"auto\" style=\"vertical-align: inherit;\">Si vous cherchez <\/span><\/span><strong data-start=\"2628\" data-end=\"2671\"><span dir=\"auto\" style=\"vertical-align: inherit;\"><span dir=\"auto\" style=\"vertical-align: inherit;\">Caluanie pur de qualit\u00e9 industrielle<\/span><\/span><\/strong><span dir=\"auto\" style=\"vertical-align: inherit;\"><span dir=\"auto\" style=\"vertical-align: inherit;\"> , il est crucial d&#039;acheter aupr\u00e8s d&#039;un fournisseur qui\u00a0:<\/span><\/span><\/p>\n<ul data-start=\"2731\" data-end=\"2973\">\n<li class=\"\" data-start=\"2731\" data-end=\"2793\">\n<p class=\"\" data-start=\"2733\" data-end=\"2793\"><span dir=\"auto\" style=\"vertical-align: inherit;\"><span dir=\"auto\" style=\"vertical-align: inherit;\">Offres <\/span><strong data-start=\"2733\" data-end=\"2755\"><span dir=\"auto\" style=\"vertical-align: inherit;\">tests de laboratoire et certificats de puret\u00e9<\/span><\/strong><\/span><\/p>\n<\/li>\n<li class=\"\" data-start=\"2794\" data-end=\"2843\">\n<p class=\"\" data-start=\"2796\" data-end=\"2843\"><strong data-start=\"2796\" data-end=\"2830\"><span dir=\"auto\" style=\"vertical-align: inherit;\"><span dir=\"auto\" style=\"vertical-align: inherit;\">Emballage s\u00fbr et discret<\/span><\/span><\/strong><span dir=\"auto\" style=\"vertical-align: inherit;\"><span dir=\"auto\" style=\"vertical-align: inherit;\"> garanties<\/span><\/span><\/p>\n<\/li>\n<li class=\"\" data-start=\"2844\" data-end=\"2908\">\n<p class=\"\" data-start=\"2846\" data-end=\"2908\"><span dir=\"auto\" style=\"vertical-align: inherit;\"><span dir=\"auto\" style=\"vertical-align: inherit;\">Permet <\/span><strong data-start=\"2846\" data-end=\"2877\"><span dir=\"auto\" style=\"vertical-align: inherit;\">Transport rapide et s\u00fbr en Europe<\/span><\/strong><\/span><\/p>\n<\/li>\n<li class=\"\" data-start=\"2909\" data-end=\"2973\">\n<p class=\"\" data-start=\"2911\" data-end=\"2973\"><strong data-start=\"2911\" data-end=\"2939\"><span dir=\"auto\" style=\"vertical-align: inherit;\"><span dir=\"auto\" style=\"vertical-align: inherit;\">Fournit un support technique<\/span><\/span><\/strong><span dir=\"auto\" style=\"vertical-align: inherit;\"><span dir=\"auto\" style=\"vertical-align: inherit;\"> pour l&#039;utilisation et les applications<\/span><\/span><\/p>\n<\/li>\n<\/ul>\n<hr class=\"\" data-start=\"2975\" data-end=\"2978\" \/>\n<h2 class=\"\" data-start=\"2980\" data-end=\"2995\">\ud83d\udd1a<span dir=\"auto\" style=\"vertical-align: inherit;\"><span dir=\"auto\" style=\"vertical-align: inherit;\">Conclusion<\/span><\/span><\/h2>\n<p class=\"\" data-start=\"2997\" data-end=\"3265\"><strong data-start=\"2997\" data-end=\"3025\"><span dir=\"auto\" style=\"vertical-align: inherit;\"><span dir=\"auto\" style=\"vertical-align: inherit;\">Caluanie Muelear Oxyder<\/span><\/span><\/strong><span dir=\"auto\" style=\"vertical-align: inherit;\"><span dir=\"auto\" style=\"vertical-align: inherit;\"> Il s&#039;agit d&#039;un fluide unique et puissant aux nombreuses applications industrielles et scientifiques. Utilis\u00e9 correctement et de mani\u00e8re responsable, il permet d&#039;accro\u00eetre consid\u00e9rablement l&#039;efficacit\u00e9 de la manutention et du travail des m\u00e9taux.<\/span><\/span><\/p>\n<p class=\"\" data-start=\"3267\" data-end=\"3398\"><span dir=\"auto\" style=\"vertical-align: inherit;\"><span dir=\"auto\" style=\"vertical-align: inherit;\">Pour les professionnels de <\/span><\/span><strong data-start=\"3289\" data-end=\"3322\"><span dir=\"auto\" style=\"vertical-align: inherit;\"><span dir=\"auto\" style=\"vertical-align: inherit;\">chimie, exploitation mini\u00e8re ou recyclage,<\/span><\/span><\/strong><span dir=\"auto\" style=\"vertical-align: inherit;\"><span dir=\"auto\" style=\"vertical-align: inherit;\"> La caluanie est un outil pr\u00e9cieux dans les processus de recherche ou de production. <\/span><\/span><a href=\"https:\/\/onderzoekschemicals.com\/fr\/shop\/weegschalen\/digitale-cs-weegschaal\/\"><span dir=\"auto\" style=\"vertical-align: inherit;\"><span dir=\"auto\" style=\"vertical-align: inherit;\">Balance num\u00e9rique CS \u2013 100 g x 0,01 g<\/span><\/span><\/a><\/p>","protected":false},"excerpt":{"rendered":"<p>Caluanie Muelear Oxidize is a powerful chemical reagent known primarily for its ability to break down tough metals and materials<\/p>","protected":false},"featured_media":26114,"comment_status":"open","ping_status":"closed","template":"","meta":[],"product_brand":[],"product_cat":[1085],"product_tag":[905,897,904,902,903,901,906,900,907,898,899],"class_list":{"0":"post-26112","1":"product","2":"type-product","3":"status-publish","4":"has-post-thumbnail","6":"product_cat-okategoriserad","7":"product_tag-buy-caluanie-muelear-oxidize-online","8":"product_tag-caluanie-muelear-oxidize","9":"product_tag-caluanie-muelear-oxidize-deutschland","10":"product_tag-caluanie-muelear-oxidize-for-sale","11":"product_tag-caluanie-muelear-oxidize-kaufen","12":"product_tag-caluanie-muelear-oxidize-manufacturer-in-usa","13":"product_tag-caluanie-muelear-oxidize-pasteurize","14":"product_tag-caluanie-muelear-oxidize-price","15":"product_tag-caluanie-muelear-oxidize-price-in-india","16":"product_tag-caluanie-muelear-oxidize-price-in-usa","17":"product_tag-caluanie-muelear-oxidize-usa","19":"first","20":"instock","21":"taxable","22":"shipping-taxable","23":"purchasable","24":"product-type-simple"},"_links":{"self":[{"href":"https:\/\/onderzoekschemicals.com\/fr\/wp-json\/wp\/v2\/product\/26112","targetHints":{"allow":["GET"]}}],"collection":[{"href":"https:\/\/onderzoekschemicals.com\/fr\/wp-json\/wp\/v2\/product"}],"about":[{"href":"https:\/\/onderzoekschemicals.com\/fr\/wp-json\/wp\/v2\/types\/product"}],"replies":[{"embeddable":true,"href":"https:\/\/onderzoekschemicals.com\/fr\/wp-json\/wp\/v2\/comments?post=26112"}],"version-history":[{"count":3,"href":"https:\/\/onderzoekschemicals.com\/fr\/wp-json\/wp\/v2\/product\/26112\/revisions"}],"predecessor-version":[{"id":28680,"href":"https:\/\/onderzoekschemicals.com\/fr\/wp-json\/wp\/v2\/product\/26112\/revisions\/28680"}],"wp:featuredmedia":[{"embeddable":true,"href":"https:\/\/onderzoekschemicals.com\/fr\/wp-json\/wp\/v2\/media\/26114"}],"wp:attachment":[{"href":"https:\/\/onderzoekschemicals.com\/fr\/wp-json\/wp\/v2\/media?parent=26112"}],"wp:term":[{"taxonomy":"product_brand","embeddable":true,"href":"https:\/\/onderzoekschemicals.com\/fr\/wp-json\/wp\/v2\/product_brand?post=26112"},{"taxonomy":"product_cat","embeddable":true,"href":"https:\/\/onderzoekschemicals.com\/fr\/wp-json\/wp\/v2\/product_cat?post=26112"},{"taxonomy":"product_tag","embeddable":true,"href":"https:\/\/onderzoekschemicals.com\/fr\/wp-json\/wp\/v2\/product_tag?post=26112"}],"curies":[{"name":"wp","href":"https:\/\/api.w.org\/{rel}","templated":true}]}}