{"id":24555,"date":"2025-10-20T17:42:02","date_gmt":"2025-10-20T17:42:02","guid":{"rendered":"https:\/\/onderzoekschemicals.com\/?post_type=product&#038;p=24555"},"modified":"2025-11-28T04:40:39","modified_gmt":"2025-11-28T04:40:39","slug":"2c-d-10mg-zakje-3-pellets","status":"publish","type":"product","link":"https:\/\/onderzoekschemicals.com\/fr\/shop\/b2b\/2c-d-10mg-zakje-3-pellets\/","title":{"rendered":"Sachet de 2C-D 10 mg, 3 pastilles"},"content":{"rendered":"<ul>\n<li>\n<h3 data-start=\"3684\" data-end=\"3705\"><strong data-start=\"3688\" data-end=\"3703\"><span dir=\"auto\" style=\"vertical-align: inherit;\"><span dir=\"auto\" style=\"vertical-align: inherit;\">Introduction<\/span><\/span><\/strong><\/h3>\n<p data-start=\"3706\" data-end=\"3969\"><strong data-start=\"3706\" data-end=\"3737\"><span dir=\"auto\" style=\"vertical-align: inherit;\"><span dir=\"auto\" style=\"vertical-align: inherit;\">Sachet de 2C-D 10 mg (3 granules)<\/span><\/span><\/strong><span dir=\"auto\" style=\"vertical-align: inherit;\"><span dir=\"auto\" style=\"vertical-align: inherit;\"> contient <\/span><\/span><strong data-start=\"3744\" data-end=\"3791\"><span dir=\"auto\" style=\"vertical-align: inherit;\"><span dir=\"auto\" style=\"vertical-align: inherit;\">trois granules dos\u00e9s avec pr\u00e9cision \u00e0 10 mg <\/span><\/span><\/strong> <strong data-start=\"3792\" data-end=\"3838\"><span dir=\"auto\" style=\"vertical-align: inherit;\"><span dir=\"auto\" style=\"vertical-align: inherit;\">2C-D (2,5-dim\u00e9thoxy-4-m\u00e9thylph\u00e9n\u00e9thylamine)<\/span><\/span><\/strong><span dir=\"auto\" style=\"vertical-align: inherit;\"><span dir=\"auto\" style=\"vertical-align: inherit;\"> \u2014 un membre de <\/span><\/span><strong data-start=\"3863\" data-end=\"3877\"><span dir=\"auto\" style=\"vertical-align: inherit;\"><span dir=\"auto\" style=\"vertical-align: inherit;\">Famille 2C<\/span><\/span><\/strong><span dir=\"auto\" style=\"vertical-align: inherit;\"><span dir=\"auto\" style=\"vertical-align: inherit;\"> de ph\u00e9n\u00e9thylamines substitu\u00e9es, initialement d\u00e9velopp\u00e9es par le Dr Alexander Shulgin. 2c-d<\/span><\/span><\/p>\n<p data-start=\"3971\" data-end=\"4311\"><span dir=\"auto\" style=\"vertical-align: inherit;\"><span dir=\"auto\" style=\"vertical-align: inherit;\">Ces granul\u00e9s sont con\u00e7us pour <\/span><\/span><strong data-start=\"4004\" data-end=\"4040\"><span dir=\"auto\" style=\"vertical-align: inherit;\"><span dir=\"auto\" style=\"vertical-align: inherit;\">recherche analytique et chimique<\/span><\/span><\/strong><span dir=\"auto\" style=\"vertical-align: inherit;\"><span dir=\"auto\" style=\"vertical-align: inherit;\"> et sont utilis\u00e9es dans les \u00e9tudes de relations structure-activit\u00e9 (RSA), les \u00e9tudes de liaison aux r\u00e9cepteurs et les analyses spectroscopiques. <\/span><\/span><br data-start=\"4166\" data-end=\"4169\" \/><span dir=\"auto\" style=\"vertical-align: inherit;\"><span dir=\"auto\" style=\"vertical-align: inherit;\">Chaque granul\u00e9 est produit pour <\/span><\/span><strong data-start=\"4208\" data-end=\"4240\"><span dir=\"auto\" style=\"vertical-align: inherit;\"><span dir=\"auto\" style=\"vertical-align: inherit;\">qualit\u00e9 de laboratoire (\u226598%)<\/span><\/span><\/strong><span dir=\"auto\" style=\"vertical-align: inherit;\"><span dir=\"auto\" style=\"vertical-align: inherit;\"> , garantissant des r\u00e9sultats de recherche fiables et reproductibles.<\/span><\/span><\/p>\n<blockquote data-start=\"4313\" data-end=\"4462\">\n<p data-start=\"4315\" data-end=\"4462\">\u26a0\ufe0f <strong data-start=\"4318\" data-end=\"4329\"><span dir=\"auto\" style=\"vertical-align: inherit;\"><span dir=\"auto\" style=\"vertical-align: inherit;\">Veuillez noter:<\/span><\/span><\/strong><span dir=\"auto\" style=\"vertical-align: inherit;\"><span dir=\"auto\" style=\"vertical-align: inherit;\"> Les pastilles 2C-D sont <\/span><\/span><strong data-start=\"4348\" data-end=\"4410\"><span dir=\"auto\" style=\"vertical-align: inherit;\"><span dir=\"auto\" style=\"vertical-align: inherit;\">destin\u00e9 uniquement \u00e0 la recherche et \u00e0 l&#039;analyse<\/span><\/span><\/strong><span dir=\"auto\" style=\"vertical-align: inherit;\"><span dir=\"auto\" style=\"vertical-align: inherit;\"> \u2014 <\/span><\/span><strong data-start=\"4413\" data-end=\"4461\"><span dir=\"auto\" style=\"vertical-align: inherit;\"><span dir=\"auto\" style=\"vertical-align: inherit;\">Ne pas consommer de nourriture humaine ou animale<\/span><\/span><\/strong><span dir=\"auto\" style=\"vertical-align: inherit;\"><span dir=\"auto\" style=\"vertical-align: inherit;\"> .<\/span><\/span><\/p>\n<\/blockquote>\n<hr data-start=\"4464\" data-end=\"4467\" \/>\n<h3 data-start=\"4469\" data-end=\"4500\"><strong data-start=\"4473\" data-end=\"4500\"><span dir=\"auto\" style=\"vertical-align: inherit;\"><span dir=\"auto\" style=\"vertical-align: inherit;\">Caract\u00e9ristiques principales<\/span><\/span><\/strong><\/h3>\n<div class=\"_tableContainer_1rjym_1\">\n<div class=\"group _tableWrapper_1rjym_13 flex w-fit flex-col-reverse\" tabindex=\"-1\">\n<table class=\"w-fit min-w-(--thread-content-width)\" data-start=\"4502\" data-end=\"4934\">\n<thead data-start=\"4502\" data-end=\"4528\">\n<tr data-start=\"4502\" data-end=\"4528\">\n<th data-start=\"4502\" data-end=\"4512\" data-col-size=\"sm\"><span dir=\"auto\" style=\"vertical-align: inherit;\"><span dir=\"auto\" style=\"vertical-align: inherit;\">Fonctionnalit\u00e9<\/span><\/span><\/th>\n<th data-start=\"4512\" data-end=\"4528\" data-col-size=\"md\"><span dir=\"auto\" style=\"vertical-align: inherit;\"><span dir=\"auto\" style=\"vertical-align: inherit;\">Description<\/span><\/span><\/th>\n<\/tr>\n<\/thead>\n<tbody data-start=\"4557\" data-end=\"4934\">\n<tr data-start=\"4557\" data-end=\"4618\">\n<td data-start=\"4557\" data-end=\"4572\" data-col-size=\"sm\"><strong data-start=\"4559\" data-end=\"4571\"><span dir=\"auto\" style=\"vertical-align: inherit;\"><span dir=\"auto\" style=\"vertical-align: inherit;\">Nom de la substance<\/span><\/span><\/strong><\/td>\n<td data-start=\"4572\" data-end=\"4618\" data-col-size=\"md\"><span dir=\"auto\" style=\"vertical-align: inherit;\"><span dir=\"auto\" style=\"vertical-align: inherit;\">2,5-dim\u00e9thoxy-4-m\u00e9thylph\u00e9n\u00e9thylamine (2C-D)<\/span><\/span><\/td>\n<\/tr>\n<tr data-start=\"4619\" data-end=\"4689\">\n<td data-start=\"4619\" data-end=\"4634\" data-col-size=\"sm\"><strong data-start=\"4621\" data-end=\"4633\"><span dir=\"auto\" style=\"vertical-align: inherit;\"><span dir=\"auto\" style=\"vertical-align: inherit;\">Dosage<\/span><\/span><\/strong><\/td>\n<td data-start=\"4634\" data-end=\"4689\" data-col-size=\"md\"><span dir=\"auto\" style=\"vertical-align: inherit;\"><span dir=\"auto\" style=\"vertical-align: inherit;\">10 mg par pastille \u2014 total 30 mg par sachet (3 pastilles)<\/span><\/span><\/td>\n<\/tr>\n<tr data-start=\"4690\" data-end=\"4744\">\n<td data-start=\"4690\" data-end=\"4701\" data-col-size=\"sm\"><strong data-start=\"4692\" data-end=\"4700\"><span dir=\"auto\" style=\"vertical-align: inherit;\"><span dir=\"auto\" style=\"vertical-align: inherit;\">Formulaire<\/span><\/span><\/strong><\/td>\n<td data-start=\"4701\" data-end=\"4744\" data-col-size=\"md\"><span dir=\"auto\" style=\"vertical-align: inherit;\"><span dir=\"auto\" style=\"vertical-align: inherit;\">Pastille solide pour la recherche en laboratoire<\/span><\/span><\/td>\n<\/tr>\n<tr data-start=\"4745\" data-end=\"4796\">\n<td data-start=\"4745\" data-end=\"4762\" data-col-size=\"sm\"><strong data-start=\"4747\" data-end=\"4761\"><span dir=\"auto\" style=\"vertical-align: inherit;\"><span dir=\"auto\" style=\"vertical-align: inherit;\">Puret\u00e9<\/span><\/span><\/strong><\/td>\n<td data-start=\"4762\" data-end=\"4796\" data-col-size=\"md\"><span dir=\"auto\" style=\"vertical-align: inherit;\"><span dir=\"auto\" style=\"vertical-align: inherit;\">\u2265 98% (test\u00e9 par HPLC et RMN)<\/span><\/span><\/td>\n<\/tr>\n<tr data-start=\"4797\" data-end=\"4879\">\n<td data-start=\"4797\" data-end=\"4811\" data-col-size=\"sm\"><strong data-start=\"4799\" data-end=\"4810\"><span dir=\"auto\" style=\"vertical-align: inherit;\"><span dir=\"auto\" style=\"vertical-align: inherit;\">Usage<\/span><\/span><\/strong><\/td>\n<td data-start=\"4811\" data-end=\"4879\" data-col-size=\"md\"><span dir=\"auto\" style=\"vertical-align: inherit;\"><span dir=\"auto\" style=\"vertical-align: inherit;\">Uniquement pour la recherche analytique, m\u00e9dico-l\u00e9gale et scientifique<\/span><\/span><\/td>\n<\/tr>\n<tr data-start=\"4880\" data-end=\"4934\">\n<td data-start=\"4880\" data-end=\"4897\" data-col-size=\"sm\"><strong data-start=\"4882\" data-end=\"4896\"><span dir=\"auto\" style=\"vertical-align: inherit;\"><span dir=\"auto\" style=\"vertical-align: inherit;\">Conditionnement<\/span><\/span><\/strong><\/td>\n<td data-start=\"4897\" data-end=\"4934\" data-col-size=\"md\"><span dir=\"auto\" style=\"vertical-align: inherit;\"><span dir=\"auto\" style=\"vertical-align: inherit;\">Sac refermable r\u00e9sistant \u00e0 l&#039;humidit\u00e9<\/span><\/span><\/td>\n<\/tr>\n<\/tbody>\n<\/table>\n<\/div>\n<\/div>\n<hr data-start=\"4936\" data-end=\"4939\" \/>\n<h3 data-start=\"4941\" data-end=\"4958\"><strong data-start=\"4945\" data-end=\"4958\"><span dir=\"auto\" style=\"vertical-align: inherit;\"><span dir=\"auto\" style=\"vertical-align: inherit;\">Avantages<\/span><\/span><\/strong><\/h3>\n<ul data-start=\"4960\" data-end=\"5455\">\n<li data-start=\"4960\" data-end=\"5070\">\n<p data-start=\"4962\" data-end=\"5070\"><strong data-start=\"4962\" data-end=\"4986\"><span dir=\"auto\" style=\"vertical-align: inherit;\"><span dir=\"auto\" style=\"vertical-align: inherit;\">Dosage pr\u00e9cis<\/span><\/span><\/strong><span dir=\"auto\" style=\"vertical-align: inherit;\"><span dir=\"auto\" style=\"vertical-align: inherit;\"> \u2013 10 mg par pastille garantissent des r\u00e9sultats de recherche coh\u00e9rents et reproductibles.<\/span><\/span><\/p>\n<\/li>\n<li data-start=\"5071\" data-end=\"5187\">\n<p data-start=\"5073\" data-end=\"5187\"><strong data-start=\"5073\" data-end=\"5099\"><span dir=\"auto\" style=\"vertical-align: inherit;\"><span dir=\"auto\" style=\"vertical-align: inherit;\">\u00c9tude comparative<\/span><\/span><\/strong><span dir=\"auto\" style=\"vertical-align: inherit;\"><span dir=\"auto\" style=\"vertical-align: inherit;\"> \u2013 Convient pour la comparaison structurelle au sein de la s\u00e9rie 2C (telle que 2C-B, 2C-C, 2C-E).<\/span><\/span><\/p>\n<\/li>\n<li data-start=\"5188\" data-end=\"5289\">\n<p data-start=\"5190\" data-end=\"5289\"><strong data-start=\"5190\" data-end=\"5223\"><span dir=\"auto\" style=\"vertical-align: inherit;\"><span dir=\"auto\" style=\"vertical-align: inherit;\">Haute puret\u00e9 et stabilit\u00e9<\/span><\/span><\/strong><span dir=\"auto\" style=\"vertical-align: inherit;\"><span dir=\"auto\" style=\"vertical-align: inherit;\"> \u2013 Fabriqu\u00e9 dans des conditions de laboratoire contr\u00f4l\u00e9es.<\/span><\/span><\/p>\n<\/li>\n<li data-start=\"5290\" data-end=\"5373\">\n<p data-start=\"5292\" data-end=\"5373\"><strong data-start=\"5292\" data-end=\"5310\"><span dir=\"auto\" style=\"vertical-align: inherit;\"><span dir=\"auto\" style=\"vertical-align: inherit;\">Format pratique<\/span><\/span><\/strong><span dir=\"auto\" style=\"vertical-align: inherit;\"><span dir=\"auto\" style=\"vertical-align: inherit;\"> \u2013 Sachet de 3 pastilles, id\u00e9al pour les petites s\u00e9ries de tests.<\/span><\/span><\/p>\n<\/li>\n<li data-start=\"5374\" data-end=\"5455\">\n<p data-start=\"5376\" data-end=\"5455\"><strong data-start=\"5376\" data-end=\"5401\"><span dir=\"auto\" style=\"vertical-align: inherit;\"><span dir=\"auto\" style=\"vertical-align: inherit;\">Qualit\u00e9 tra\u00e7able<\/span><\/span><\/strong><span dir=\"auto\" style=\"vertical-align: inherit;\"><span dir=\"auto\" style=\"vertical-align: inherit;\"> \u2013 Certificat d&#039;analyse (COA) disponible sur demande.<\/span><\/span><\/p>\n<\/li>\n<\/ul>\n<hr data-start=\"5457\" data-end=\"5460\" \/>\n<h3 data-start=\"5462\" data-end=\"5514\"><strong data-start=\"5466\" data-end=\"5512\"><span dir=\"auto\" style=\"vertical-align: inherit;\"><span dir=\"auto\" style=\"vertical-align: inherit;\">Utilisation (\u00e0 des fins de recherche uniquement)<\/span><\/span><\/strong><\/h3>\n<ol data-start=\"5516\" data-end=\"5913\">\n<li data-start=\"5516\" data-end=\"5585\">\n<p data-start=\"5519\" data-end=\"5585\"><strong data-start=\"5519\" data-end=\"5534\"><span dir=\"auto\" style=\"vertical-align: inherit;\"><span dir=\"auto\" style=\"vertical-align: inherit;\">Manutention:<\/span><\/span><\/strong><span dir=\"auto\" style=\"vertical-align: inherit;\"><span dir=\"auto\" style=\"vertical-align: inherit;\"> Portez des gants, une blouse de laboratoire et des lunettes de s\u00e9curit\u00e9.<\/span><\/span><\/p>\n<\/li>\n<li data-start=\"5586\" data-end=\"5681\">\n<p data-start=\"5589\" data-end=\"5681\"><strong data-start=\"5589\" data-end=\"5602\"><span dir=\"auto\" style=\"vertical-align: inherit;\"><span dir=\"auto\" style=\"vertical-align: inherit;\">Mesures:<\/span><\/span><\/strong><span dir=\"auto\" style=\"vertical-align: inherit;\"><span dir=\"auto\" style=\"vertical-align: inherit;\"> Chaque pastille contient 10 mg ; ne pas ajuster en dehors de conditions contr\u00f4l\u00e9es.<\/span><\/span><\/p>\n<\/li>\n<li data-start=\"5682\" data-end=\"5736\">\n<p data-start=\"5685\" data-end=\"5736\"><strong data-start=\"5685\" data-end=\"5696\"><span dir=\"auto\" style=\"vertical-align: inherit;\"><span dir=\"auto\" style=\"vertical-align: inherit;\">Stockage:<\/span><\/span><\/strong><span dir=\"auto\" style=\"vertical-align: inherit;\"><span dir=\"auto\" style=\"vertical-align: inherit;\"> Conserver dans un endroit frais, sombre et sec (2\u20138\u00b0C).<\/span><\/span><\/p>\n<\/li>\n<li data-start=\"5737\" data-end=\"5823\">\n<p data-start=\"5740\" data-end=\"5823\"><strong data-start=\"5740\" data-end=\"5752\"><span dir=\"auto\" style=\"vertical-align: inherit;\"><span dir=\"auto\" style=\"vertical-align: inherit;\">Analyse:<\/span><\/span><\/strong><span dir=\"auto\" style=\"vertical-align: inherit;\"><span dir=\"auto\" style=\"vertical-align: inherit;\"> Convient pour la GC\/MS, la HPLC, la RMN, la FTIR et d&#039;autres m\u00e9thodes analytiques.<\/span><\/span><\/p>\n<\/li>\n<li data-start=\"5824\" data-end=\"5913\">\n<p data-start=\"5827\" data-end=\"5913\"><strong data-start=\"5827\" data-end=\"5844\"><span dir=\"auto\" style=\"vertical-align: inherit;\"><span dir=\"auto\" style=\"vertical-align: inherit;\">Documentation:<\/span><\/span><\/strong><span dir=\"auto\" style=\"vertical-align: inherit;\"><span dir=\"auto\" style=\"vertical-align: inherit;\"> Consignez les num\u00e9ros de lot, la puret\u00e9 et les donn\u00e9es d&#039;analyse pour assurer la conformit\u00e9.<\/span><\/span><\/p>\n<\/li>\n<\/ol>\n<hr data-start=\"5915\" data-end=\"5918\" \/>\n<h3 data-start=\"5920\" data-end=\"5955\"><strong data-start=\"5924\" data-end=\"5953\"><span dir=\"auto\" style=\"vertical-align: inherit;\"><span dir=\"auto\" style=\"vertical-align: inherit;\">Foire aux questions (FAQ)<\/span><\/span><\/strong><\/h3>\n<p data-start=\"5957\" data-end=\"6176\"><strong data-start=\"5957\" data-end=\"5976\"><span dir=\"auto\" style=\"vertical-align: inherit;\"><span dir=\"auto\" style=\"vertical-align: inherit;\">1. Qu&#039;est-ce que 2C-D ?<\/span><\/span><\/strong><br data-start=\"5976\" data-end=\"5979\" \/><span dir=\"auto\" style=\"vertical-align: inherit;\"><span dir=\"auto\" style=\"vertical-align: inherit;\"> La 2C-D (2,5-dim\u00e9thoxy-4-m\u00e9thylph\u00e9n\u00e9thylamine) est une <\/span><\/span><strong data-start=\"6029\" data-end=\"6059\"><span dir=\"auto\" style=\"vertical-align: inherit;\"><span dir=\"auto\" style=\"vertical-align: inherit;\">ph\u00e9n\u00e9thylamine synth\u00e9tique<\/span><\/span><\/strong><span dir=\"auto\" style=\"vertical-align: inherit;\"><span dir=\"auto\" style=\"vertical-align: inherit;\"> utilis\u00e9 pour les \u00e9tudes analytiques et pharmacologiques des interactions des r\u00e9cepteurs et de l&#039;activit\u00e9 structurale.<\/span><\/span><\/p>\n<p data-start=\"6178\" data-end=\"6405\"><strong data-start=\"6178\" data-end=\"6241\"><span dir=\"auto\" style=\"vertical-align: inherit;\"><span dir=\"auto\" style=\"vertical-align: inherit;\">2. \u00c0 quoi sert le sachet de 2C-D 10 mg (3 granules) ?<\/span><\/span><\/strong><br data-start=\"6241\" data-end=\"6244\" \/><span dir=\"auto\" style=\"vertical-align: inherit;\"><span dir=\"auto\" style=\"vertical-align: inherit;\"> Le produit contient <\/span><\/span><strong data-start=\"6262\" data-end=\"6300\"><span dir=\"auto\" style=\"vertical-align: inherit;\"><span dir=\"auto\" style=\"vertical-align: inherit;\">trois granules dos\u00e9s avec pr\u00e9cision<\/span><\/span><\/strong><span dir=\"auto\" style=\"vertical-align: inherit;\"><span dir=\"auto\" style=\"vertical-align: inherit;\"> Pour la recherche en laboratoire ou analytique, convient \u00e0 une utilisation coh\u00e9rente sur de multiples \u00e9chantillons de test.<\/span><\/span><\/p>\n<p data-start=\"6407\" data-end=\"6615\"><strong data-start=\"6407\" data-end=\"6445\"><span dir=\"auto\" style=\"vertical-align: inherit;\"><span dir=\"auto\" style=\"vertical-align: inherit;\">3. Est-il l\u00e9gal d&#039;acheter du 2C-D ?<\/span><\/span><\/strong><br data-start=\"6445\" data-end=\"6448\" \/><span dir=\"auto\" style=\"vertical-align: inherit;\"><span dir=\"auto\" style=\"vertical-align: inherit;\"> Le <\/span><\/span><strong data-start=\"6451\" data-end=\"6474\"><span dir=\"auto\" style=\"vertical-align: inherit;\"><span dir=\"auto\" style=\"vertical-align: inherit;\">l\u00e9galit\u00e9 du 2C-D<\/span><\/span><\/strong><span dir=\"auto\" style=\"vertical-align: inherit;\"><span dir=\"auto\" style=\"vertical-align: inherit;\"> Cela varie selon les pays. Dans certains pays, il s&#039;agit d&#039;une substance contr\u00f4l\u00e9e. V\u00e9rifiez toujours la l\u00e9gislation locale avant d&#039;en consommer. <\/span><\/span><strong data-start=\"6598\" data-end=\"6612\"><span dir=\"auto\" style=\"vertical-align: inherit;\"><span dir=\"auto\" style=\"vertical-align: inherit;\">achat de 2C-D<\/span><\/span><\/strong><span dir=\"auto\" style=\"vertical-align: inherit;\"><span dir=\"auto\" style=\"vertical-align: inherit;\"> . <\/span><\/span><a href=\"https:\/\/onderzoekschemicals.com\/fr\/shop\/okategoriserad\/4mmc-kopen\/\"><span dir=\"auto\" style=\"vertical-align: inherit;\"><span dir=\"auto\" style=\"vertical-align: inherit;\">Achetez 4mmc <\/span><\/span><\/a><a href=\"https:\/\/onderzoekschemicals.com\/fr\/shop\/okategoriserad\/benzocaine-powder\/\"><span dir=\"auto\" style=\"vertical-align: inherit;\"><span dir=\"auto\" style=\"vertical-align: inherit;\">poudre de benzoca\u00efne<\/span><\/span><\/a><\/p>\n<\/li>\n<\/ul>","protected":false},"excerpt":{"rendered":"<h2><span dir=\"auto\" style=\"vertical-align: inherit;\"><span dir=\"auto\" style=\"vertical-align: inherit;\"><span dir=\"auto\" style=\"vertical-align: inherit;\"><span dir=\"auto\" style=\"vertical-align: inherit;\">Sachet de 2C-D 10 mg avec 3 pastilles<\/span><\/span><\/span><\/span><\/h2>\n<ul>\n<li><strong><span dir=\"auto\" style=\"vertical-align: inherit;\"><span dir=\"auto\" style=\"vertical-align: inherit;\"><span dir=\"auto\" style=\"vertical-align: inherit;\"><span dir=\"auto\" style=\"vertical-align: inherit;\">Emballage de vente au d\u00e9tail<\/span><\/span><\/span><\/span><br \/>\n<\/strong><\/li>\n<li><strong><span dir=\"auto\" style=\"vertical-align: inherit;\"><span dir=\"auto\" style=\"vertical-align: inherit;\"><span dir=\"auto\" style=\"vertical-align: inherit;\"><span dir=\"auto\" style=\"vertical-align: inherit;\">Nombre de granul\u00e9s par sac : 3<\/span><\/span><\/span><\/span><\/strong><\/li>\n<li><strong><span dir=\"auto\" style=\"vertical-align: inherit;\"><span dir=\"auto\" style=\"vertical-align: inherit;\"><span dir=\"auto\" style=\"vertical-align: inherit;\"><span dir=\"auto\" style=\"vertical-align: inherit;\">Les prix excluent la TVA 21%<\/span><\/span><\/span><\/span><\/strong><\/li>\n<li><strong><span dir=\"auto\" style=\"vertical-align: inherit;\"><span dir=\"auto\" style=\"vertical-align: inherit;\"><span dir=\"auto\" style=\"vertical-align: inherit;\"><span dir=\"auto\" style=\"vertical-align: inherit;\">Prix de vente conseill\u00e9 : 19,95 \u20ac TTC<\/span><\/span><\/span><\/span><\/strong><\/li>\n<\/ul>","protected":false},"featured_media":29179,"comment_status":"closed","ping_status":"closed","template":"","meta":[],"product_brand":[82],"product_cat":[555],"product_tag":[661,794,791,792,793,326],"class_list":{"0":"post-24555","1":"product","2":"type-product","3":"status-publish","4":"has-post-thumbnail","6":"product_brand-research-chemical","7":"product_cat-b2b","8":"product_tag-2c-d","9":"product_tag-2c-d-bestsellen","10":"product_tag-2c-d-kopen","11":"product_tag-2c-d-reddit","12":"product_tag-2cd-pellets","13":"product_tag-nl","15":"first","16":"instock","17":"taxable","18":"shipping-taxable","19":"purchasable","20":"product-type-variable"},"_links":{"self":[{"href":"https:\/\/onderzoekschemicals.com\/fr\/wp-json\/wp\/v2\/product\/24555","targetHints":{"allow":["GET"]}}],"collection":[{"href":"https:\/\/onderzoekschemicals.com\/fr\/wp-json\/wp\/v2\/product"}],"about":[{"href":"https:\/\/onderzoekschemicals.com\/fr\/wp-json\/wp\/v2\/types\/product"}],"replies":[{"embeddable":true,"href":"https:\/\/onderzoekschemicals.com\/fr\/wp-json\/wp\/v2\/comments?post=24555"}],"version-history":[{"count":8,"href":"https:\/\/onderzoekschemicals.com\/fr\/wp-json\/wp\/v2\/product\/24555\/revisions"}],"predecessor-version":[{"id":28664,"href":"https:\/\/onderzoekschemicals.com\/fr\/wp-json\/wp\/v2\/product\/24555\/revisions\/28664"}],"wp:featuredmedia":[{"embeddable":true,"href":"https:\/\/onderzoekschemicals.com\/fr\/wp-json\/wp\/v2\/media\/29179"}],"wp:attachment":[{"href":"https:\/\/onderzoekschemicals.com\/fr\/wp-json\/wp\/v2\/media?parent=24555"}],"wp:term":[{"taxonomy":"product_brand","embeddable":true,"href":"https:\/\/onderzoekschemicals.com\/fr\/wp-json\/wp\/v2\/product_brand?post=24555"},{"taxonomy":"product_cat","embeddable":true,"href":"https:\/\/onderzoekschemicals.com\/fr\/wp-json\/wp\/v2\/product_cat?post=24555"},{"taxonomy":"product_tag","embeddable":true,"href":"https:\/\/onderzoekschemicals.com\/fr\/wp-json\/wp\/v2\/product_tag?post=24555"}],"curies":[{"name":"wp","href":"https:\/\/api.w.org\/{rel}","templated":true}]}}