{"id":24497,"date":"2025-10-20T17:41:49","date_gmt":"2025-10-20T17:41:49","guid":{"rendered":"https:\/\/onderzoekschemicals.com\/?post_type=product&#038;p=24497"},"modified":"2025-10-21T16:12:25","modified_gmt":"2025-10-21T16:12:25","slug":"2-fa-5ml-buisje","status":"publish","type":"product","link":"https:\/\/onderzoekschemicals.com\/fr\/shop\/b2b\/2-fa-5ml-buisje\/","title":{"rendered":"Tube 2-FA 5 ml"},"content":{"rendered":"<h3 data-start=\"4246\" data-end=\"4267\"><strong data-start=\"4250\" data-end=\"4265\">Introduction<\/strong><\/h3>\n<p data-start=\"4268\" data-end=\"4667\"><strong data-start=\"4268\" data-end=\"4287\">Tube 2-FA 5 ml<\/strong> contient un <strong data-start=\"4298\" data-end=\"4342\">solution de laboratoire pr\u00e9par\u00e9e avec pr\u00e9cision<\/strong> par <strong data-start=\"4347\" data-end=\"4376\">2-FA (2-fluoroamph\u00e9tamine)<\/strong> - Un <strong data-start=\"4383\" data-end=\"4418\">analogue d&#039;amph\u00e9tamine fluor\u00e9e<\/strong> dans le <strong data-start=\"4429\" data-end=\"4452\">classe des ph\u00e9n\u00e9thylamines<\/strong>. 2 fa<br data-start=\"4453\" data-end=\"4456\" \/>Structurellement li\u00e9 \u00e0 <strong data-start=\"4480\" data-end=\"4494\">amph\u00e9tamine<\/strong> et <strong data-start=\"4498\" data-end=\"4507\">2-FMA<\/strong>, Le 2-FA est utilis\u00e9 dans <strong data-start=\"4532\" data-end=\"4585\">recherche analytique, m\u00e9dico-l\u00e9gale et neurochimique<\/strong> comme <strong data-start=\"4590\" data-end=\"4628\">mat\u00e9riel de r\u00e9f\u00e9rence et d&#039;\u00e9talonnage<\/strong> en chromatographie et spectroscopie.<\/p>\n<p data-start=\"4669\" data-end=\"4888\">La solution est pr\u00e9par\u00e9e avec <strong data-start=\"4696\" data-end=\"4717\">\u2265 98% 2-FA pur<\/strong>, dissous dans un <strong data-start=\"4735\" data-end=\"4786\">solvant de recherche de qualit\u00e9 laboratoire<\/strong>, et emball\u00e9 dans un <strong data-start=\"4806\" data-end=\"4844\">Tube en verre ambr\u00e9 de 5 ml<\/strong> pour la protection contre la lumi\u00e8re et l&#039;oxydation.<\/p>\n<blockquote data-start=\"4890\" data-end=\"5029\">\n<p data-start=\"4892\" data-end=\"5029\">\u26a0\ufe0f <strong data-start=\"4895\" data-end=\"4906\">NB:<\/strong> 2-FA est uniquement destin\u00e9 \u00e0 <strong data-start=\"4940\" data-end=\"4975\">recherche et utilisation analytique<\/strong> \u2014 <strong data-start=\"4978\" data-end=\"5026\">non destin\u00e9 \u00e0 la consommation humaine ou animale<\/strong>.<\/p>\n<\/blockquote>\n<hr data-start=\"5031\" data-end=\"5034\" \/>\n<h3 data-start=\"5036\" data-end=\"5067\"><strong data-start=\"5040\" data-end=\"5067\">Caract\u00e9ristiques principales<\/strong><\/h3>\n<div class=\"_tableContainer_1rjym_1\">\n<div class=\"group _tableWrapper_1rjym_13 flex w-fit flex-col-reverse\" tabindex=\"-1\">\n<table class=\"w-fit min-w-(--thread-content-width)\" data-start=\"5069\" data-end=\"5723\">\n<thead data-start=\"5069\" data-end=\"5095\">\n<tr data-start=\"5069\" data-end=\"5095\">\n<th data-start=\"5069\" data-end=\"5079\" data-col-size=\"sm\">Fonctionnalit\u00e9<\/th>\n<th data-start=\"5079\" data-end=\"5095\" data-col-size=\"md\">Description<\/th>\n<\/tr>\n<\/thead>\n<tbody data-start=\"5124\" data-end=\"5723\">\n<tr data-start=\"5124\" data-end=\"5167\">\n<td data-start=\"5124\" data-end=\"5145\" data-col-size=\"sm\"><strong data-start=\"5126\" data-end=\"5144\">Nom chimique<\/strong><\/td>\n<td data-start=\"5145\" data-end=\"5167\" data-col-size=\"md\">2-fluoroamph\u00e9tamine<\/td>\n<\/tr>\n<tr data-start=\"5168\" data-end=\"5201\">\n<td data-start=\"5168\" data-end=\"5193\" data-col-size=\"sm\"><strong data-start=\"5170\" data-end=\"5192\">Nom commun<\/strong><\/td>\n<td data-start=\"5193\" data-end=\"5201\" data-col-size=\"md\">2-FA<\/td>\n<\/tr>\n<tr data-start=\"5202\" data-end=\"5237\">\n<td data-start=\"5202\" data-end=\"5226\" data-col-size=\"sm\"><strong data-start=\"5204\" data-end=\"5225\">Formule chimique<\/strong><\/td>\n<td data-start=\"5226\" data-end=\"5237\" data-col-size=\"md\">C\u2089H\u2081\u2082FN<\/td>\n<\/tr>\n<tr data-start=\"5238\" data-end=\"5276\">\n<td data-start=\"5238\" data-end=\"5260\" data-col-size=\"sm\"><strong data-start=\"5240\" data-end=\"5259\">Poids mol\u00e9culaire<\/strong><\/td>\n<td data-start=\"5260\" data-end=\"5276\" data-col-size=\"md\">153,20 g\/mol<\/td>\n<\/tr>\n<tr data-start=\"5277\" data-end=\"5338\">\n<td data-start=\"5277\" data-end=\"5288\" data-col-size=\"sm\"><strong data-start=\"5279\" data-end=\"5287\">Formulaire<\/strong><\/td>\n<td data-start=\"5288\" data-end=\"5338\" data-col-size=\"md\">Solution liquide (dans le solvant d&#039;essai)<\/td>\n<\/tr>\n<tr data-start=\"5339\" data-end=\"5402\">\n<td data-start=\"5339\" data-end=\"5358\" data-col-size=\"sm\"><strong data-start=\"5341\" data-end=\"5357\">Concentration<\/strong><\/td>\n<td data-start=\"5358\" data-end=\"5402\" data-col-size=\"md\">Norme de laboratoire (selon le lot)<\/td>\n<\/tr>\n<tr data-start=\"5403\" data-end=\"5450\">\n<td data-start=\"5403\" data-end=\"5416\" data-col-size=\"sm\"><strong data-start=\"5405\" data-end=\"5415\">Volume<\/strong><\/td>\n<td data-start=\"5416\" data-end=\"5450\" data-col-size=\"md\">Tube en verre ambr\u00e9 de 5 ml<\/td>\n<\/tr>\n<tr data-start=\"5451\" data-end=\"5502\">\n<td data-start=\"5451\" data-end=\"5468\" data-col-size=\"sm\"><strong data-start=\"5453\" data-end=\"5467\">Puret\u00e9<\/strong><\/td>\n<td data-start=\"5468\" data-end=\"5502\" data-col-size=\"md\">\u2265 98% (test\u00e9 par HPLC et RMN)<\/td>\n<\/tr>\n<tr data-start=\"5503\" data-end=\"5577\">\n<td data-start=\"5503\" data-end=\"5526\" data-col-size=\"sm\"><strong data-start=\"5505\" data-end=\"5525\">Classe chimique<\/strong><\/td>\n<td data-start=\"5526\" data-end=\"5577\" data-col-size=\"md\">Analogue d&#039;amph\u00e9tamine\/ph\u00e9n\u00e9thylamine fluor\u00e9<\/td>\n<\/tr>\n<tr data-start=\"5578\" data-end=\"5652\">\n<td data-start=\"5578\" data-end=\"5592\" data-col-size=\"sm\"><strong data-start=\"5580\" data-end=\"5591\">Usage<\/strong><\/td>\n<td data-start=\"5592\" data-end=\"5652\" data-col-size=\"md\">Pour la recherche analytique, m\u00e9dico-l\u00e9gale et chimique uniquement<\/td>\n<\/tr>\n<tr data-start=\"5653\" data-end=\"5723\">\n<td data-start=\"5653\" data-end=\"5670\" data-col-size=\"sm\"><strong data-start=\"5655\" data-end=\"5669\">Conditionnement<\/strong><\/td>\n<td data-start=\"5670\" data-end=\"5723\" data-col-size=\"md\">Verre ambr\u00e9 avec bouchon de laboratoire herm\u00e9tique<\/td>\n<\/tr>\n<\/tbody>\n<\/table>\n<\/div>\n<\/div>\n<hr data-start=\"5725\" data-end=\"5728\" \/>\n<h3 data-start=\"5730\" data-end=\"5747\"><strong data-start=\"5734\" data-end=\"5747\">Avantages<\/strong><\/h3>\n<ul data-start=\"5749\" data-end=\"6197\">\n<li data-start=\"5749\" data-end=\"5842\">\n<p data-start=\"5751\" data-end=\"5842\"><strong data-start=\"5751\" data-end=\"5770\">Haute puret\u00e9<\/strong> \u2013 Pr\u00e9parez avec \u2265 98% de 2-FA pur pour des r\u00e9sultats de recherche fiables.<\/p>\n<\/li>\n<li data-start=\"5843\" data-end=\"5941\">\n<p data-start=\"5845\" data-end=\"5941\"><strong data-start=\"5845\" data-end=\"5872\">Solution pr\u00eate \u00e0 l&#039;emploi<\/strong> \u2013 La taille de 5 ml \u00e9vite les erreurs de dosage et simplifie les exp\u00e9riences.<\/p>\n<\/li>\n<li data-start=\"5942\" data-end=\"6029\">\n<p data-start=\"5944\" data-end=\"6029\"><strong data-start=\"5944\" data-end=\"5964\">Verre de protection<\/strong> \u2013 Le tube ambr\u00e9 emp\u00eache la d\u00e9gradation par la lumi\u00e8re et l\u2019oxydation.<\/p>\n<\/li>\n<li data-start=\"6030\" data-end=\"6102\">\n<p data-start=\"6032\" data-end=\"6102\"><strong data-start=\"6032\" data-end=\"6052\">Largement applicable<\/strong> \u2013 Convient pour GC\/MS, LC-MS, FTIR, UV et HPLC.<\/p>\n<\/li>\n<li data-start=\"6103\" data-end=\"6197\">\n<p data-start=\"6105\" data-end=\"6197\"><strong data-start=\"6105\" data-end=\"6131\">Qualit\u00e9 des lots test\u00e9e<\/strong> \u2013 Chaque lot est contr\u00f4l\u00e9 en termes de concentration et de puret\u00e9.<\/p>\n<\/li>\n<\/ul>\n<hr data-start=\"6199\" data-end=\"6202\" \/>\n<h3 data-start=\"6204\" data-end=\"6256\"><strong data-start=\"6208\" data-end=\"6254\">Utilisation (\u00e0 des fins de recherche uniquement)<\/strong><\/h3>\n<ol data-start=\"6258\" data-end=\"6678\">\n<li data-start=\"6258\" data-end=\"6352\">\n<p data-start=\"6261\" data-end=\"6352\"><strong data-start=\"6261\" data-end=\"6276\">Manutention:<\/strong> Portez des gants, des lunettes de s\u00e9curit\u00e9 et une blouse de laboratoire ; travaillez sous une hotte aspirante.<\/p>\n<\/li>\n<li data-start=\"6353\" data-end=\"6421\">\n<p data-start=\"6356\" data-end=\"6421\"><strong data-start=\"6356\" data-end=\"6369\">Mesures:<\/strong> Utilisez des pipettes pour une d\u00e9termination pr\u00e9cise du volume.<\/p>\n<\/li>\n<li data-start=\"6422\" data-end=\"6493\">\n<p data-start=\"6425\" data-end=\"6493\"><strong data-start=\"6425\" data-end=\"6436\">Stockage:<\/strong> Conserver au frais (2\u20138\u00b0C), au sec et \u00e0 l&#039;abri de la lumi\u00e8re ; bien ferm\u00e9.<\/p>\n<\/li>\n<li data-start=\"6494\" data-end=\"6589\">\n<p data-start=\"6497\" data-end=\"6589\"><strong data-start=\"6497\" data-end=\"6509\">Analyse:<\/strong> Convient pour la chromatographie, la spectroscopie et l&#039;analyse de r\u00e9f\u00e9rence m\u00e9dico-l\u00e9gale.<\/p>\n<\/li>\n<li data-start=\"6590\" data-end=\"6678\">\n<p data-start=\"6593\" data-end=\"6678\"><strong data-start=\"6593\" data-end=\"6610\">Documentation:<\/strong> Enregistrez les donn\u00e9es des lots et les certificats d\u2019analyse pour la tra\u00e7abilit\u00e9.<\/p>\n<\/li>\n<\/ol>\n<hr data-start=\"6680\" data-end=\"6683\" \/>\n<h3 data-start=\"6685\" data-end=\"6720\"><strong data-start=\"6689\" data-end=\"6718\">Foire aux questions (FAQ)<\/strong><\/h3>\n<p data-start=\"6722\" data-end=\"6902\"><strong data-start=\"6722\" data-end=\"6741\">1. Qu&#039;est-ce que la 2-FA ?<\/strong><br data-start=\"6741\" data-end=\"6744\" \/><strong data-start=\"6744\" data-end=\"6773\">2-FA (2-fluoroamph\u00e9tamine)<\/strong> est un <strong data-start=\"6781\" data-end=\"6811\">ph\u00e9n\u00e9thylamine fluor\u00e9e<\/strong> qui est utilis\u00e9 pour la recherche sur les transporteurs de monoamine et l&#039;activit\u00e9 structurelle.<\/p>\n<p data-start=\"6904\" data-end=\"7064\"><strong data-start=\"6904\" data-end=\"6945\">2. Que contient le tube 2-FA de 5 ml\u00a0?<\/strong><br data-start=\"6945\" data-end=\"6948\" \/>Le tube contient <strong data-start=\"6965\" data-end=\"7006\">Solution de 2-FA de 5 ml (puret\u00e9 \u2265 98%)<\/strong> dans un solvant de recherche de qualit\u00e9 laboratoire.<\/p>\n<p data-start=\"7066\" data-end=\"7275\"><strong data-start=\"7066\" data-end=\"7104\">3. Est-il l\u00e9gal d\u2019acheter du 2-FA ?<\/strong><br data-start=\"7104\" data-end=\"7107\" \/>Le <strong data-start=\"7110\" data-end=\"7133\">l\u00e9galit\u00e9 du 2-FA<\/strong> varie selon les pays. Dans certains pays, elle est r\u00e9glement\u00e9e par la loi sur l&#039;opium. Consultez toujours la l\u00e9gislation locale avant de consommer. <strong data-start=\"7258\" data-end=\"7272\">Achats 2-FA<\/strong>.<\/p>","protected":false},"excerpt":{"rendered":"<h2><strong><span dir=\"auto\" style=\"vertical-align: inherit;\"><span dir=\"auto\" style=\"vertical-align: inherit;\">Tube 2-FA 5 ml<\/span><\/span><\/strong><\/h2>\n<ul>\n<li><strong><span dir=\"auto\" style=\"vertical-align: inherit;\"><span dir=\"auto\" style=\"vertical-align: inherit;\">Emballage de vente au d\u00e9tail<\/span><\/span><br \/>\n<\/strong><\/li>\n<li><strong><span dir=\"auto\" style=\"vertical-align: inherit;\"><span dir=\"auto\" style=\"vertical-align: inherit;\">Quantit\u00e9 ml par tube : 5<\/span><\/span><\/strong><\/li>\n<li><strong><span dir=\"auto\" style=\"vertical-align: inherit;\"><span dir=\"auto\" style=\"vertical-align: inherit;\">Les prix excluent la TVA 21%<\/span><\/span><\/strong><\/li>\n<li><strong><span dir=\"auto\" style=\"vertical-align: inherit;\"><span dir=\"auto\" style=\"vertical-align: inherit;\">Prix de vente conseill\u00e9 : 12,95 \u20ac TTC<\/span><\/span><\/strong><\/li>\n<\/ul>","protected":false},"featured_media":24506,"comment_status":"closed","ping_status":"closed","template":"","meta":[],"product_brand":[82],"product_cat":[555],"product_tag":[821,822,823,326],"class_list":{"0":"post-24497","1":"product","2":"type-product","3":"status-publish","4":"has-post-thumbnail","6":"product_brand-research-chemical","7":"product_cat-b2b","8":"product_tag-2-fa","9":"product_tag-2-fa-buisje","10":"product_tag-2-fa-werking","11":"product_tag-nl","13":"first","14":"instock","15":"taxable","16":"shipping-taxable","17":"purchasable","18":"product-type-variable"},"_links":{"self":[{"href":"https:\/\/onderzoekschemicals.com\/fr\/wp-json\/wp\/v2\/product\/24497","targetHints":{"allow":["GET"]}}],"collection":[{"href":"https:\/\/onderzoekschemicals.com\/fr\/wp-json\/wp\/v2\/product"}],"about":[{"href":"https:\/\/onderzoekschemicals.com\/fr\/wp-json\/wp\/v2\/types\/product"}],"replies":[{"embeddable":true,"href":"https:\/\/onderzoekschemicals.com\/fr\/wp-json\/wp\/v2\/comments?post=24497"}],"version-history":[{"count":5,"href":"https:\/\/onderzoekschemicals.com\/fr\/wp-json\/wp\/v2\/product\/24497\/revisions"}],"predecessor-version":[{"id":27783,"href":"https:\/\/onderzoekschemicals.com\/fr\/wp-json\/wp\/v2\/product\/24497\/revisions\/27783"}],"wp:featuredmedia":[{"embeddable":true,"href":"https:\/\/onderzoekschemicals.com\/fr\/wp-json\/wp\/v2\/media\/24506"}],"wp:attachment":[{"href":"https:\/\/onderzoekschemicals.com\/fr\/wp-json\/wp\/v2\/media?parent=24497"}],"wp:term":[{"taxonomy":"product_brand","embeddable":true,"href":"https:\/\/onderzoekschemicals.com\/fr\/wp-json\/wp\/v2\/product_brand?post=24497"},{"taxonomy":"product_cat","embeddable":true,"href":"https:\/\/onderzoekschemicals.com\/fr\/wp-json\/wp\/v2\/product_cat?post=24497"},{"taxonomy":"product_tag","embeddable":true,"href":"https:\/\/onderzoekschemicals.com\/fr\/wp-json\/wp\/v2\/product_tag?post=24497"}],"curies":[{"name":"wp","href":"https:\/\/api.w.org\/{rel}","templated":true}]}}