{"id":24409,"date":"2025-04-13T17:41:40","date_gmt":"2025-04-13T17:41:40","guid":{"rendered":"https:\/\/onderzoekschemicals.com\/?post_type=product&#038;p=24409"},"modified":"2025-11-28T06:44:14","modified_gmt":"2025-11-28T06:44:14","slug":"3-me-pce-hcl","status":"publish","type":"product","link":"https:\/\/onderzoekschemicals.com\/fr\/shop\/3-me-pce\/3-me-pce-hcl\/","title":{"rendered":"3-Me-PCE HCl (3-m\u00e9thyl\u00e9ticyclidine)"},"content":{"rendered":"<h3 data-start=\"4151\" data-end=\"4172\"><strong data-start=\"4155\" data-end=\"4170\"><span dir=\"auto\" style=\"vertical-align: inherit;\"><span dir=\"auto\" style=\"vertical-align: inherit;\">Introduction<\/span><\/span><\/strong><\/h3>\n<p data-start=\"4173\" data-end=\"4576\"><strong data-start=\"4173\" data-end=\"4213\"><span dir=\"auto\" style=\"vertical-align: inherit;\"><span dir=\"auto\" style=\"vertical-align: inherit;\">3-Me-PCE HCl (3-m\u00e9thyl\u00e9thicyclidine)<\/span><\/span><\/strong><span dir=\"auto\" style=\"vertical-align: inherit;\"><span dir=\"auto\" style=\"vertical-align: inherit;\"> est un <\/span><\/span><strong data-start=\"4221\" data-end=\"4268\"><span dir=\"auto\" style=\"vertical-align: inherit;\"><span dir=\"auto\" style=\"vertical-align: inherit;\">compos\u00e9 dissociatif d&#039;arylcyclohexylamine<\/span><\/span><\/strong><span dir=\"auto\" style=\"vertical-align: inherit;\"><span dir=\"auto\" style=\"vertical-align: inherit;\"> et un <\/span><\/span><strong data-start=\"4276\" data-end=\"4322\"><span dir=\"auto\" style=\"vertical-align: inherit;\"><span dir=\"auto\" style=\"vertical-align: inherit;\">analogue structurel du PCE (\u00e9ticyclidine)<\/span><\/span><\/strong><span dir=\"auto\" style=\"vertical-align: inherit;\"><span dir=\"auto\" style=\"vertical-align: inherit;\"> et <\/span><\/span><strong data-start=\"4326\" data-end=\"4363\"><span dir=\"auto\" style=\"vertical-align: inherit;\"><span dir=\"auto\" style=\"vertical-align: inherit;\">3-MeO-PCE (3-m\u00e9thoxy\u00e9ticyclidine)<\/span><\/span><\/strong><span dir=\"auto\" style=\"vertical-align: inherit;\"><span dir=\"auto\" style=\"vertical-align: inherit;\"> . 3-me-pce <\/span><\/span><br data-start=\"4364\" data-end=\"4367\" \/><span dir=\"auto\" style=\"vertical-align: inherit;\"><span dir=\"auto\" style=\"vertical-align: inherit;\">Il est utilis\u00e9 dans <\/span><\/span><strong data-start=\"4389\" data-end=\"4442\"><span dir=\"auto\" style=\"vertical-align: inherit;\"><span dir=\"auto\" style=\"vertical-align: inherit;\">recherche analytique, m\u00e9dico-l\u00e9gale et neurochimique<\/span><\/span><\/strong><span dir=\"auto\" style=\"vertical-align: inherit;\"><span dir=\"auto\" style=\"vertical-align: inherit;\"> \u00e0 <\/span><span dir=\"auto\" style=\"vertical-align: inherit;\">\u00e9tude <\/span><\/span><strong data-start=\"4446\" data-end=\"4474\"><span dir=\"auto\" style=\"vertical-align: inherit;\"><span dir=\"auto\" style=\"vertical-align: inherit;\">antagonisme des r\u00e9cepteurs NMDA<\/span><\/span><\/strong><span dir=\"auto\" style=\"vertical-align: inherit;\"><span dir=\"auto\" style=\"vertical-align: inherit;\"> , <\/span><\/span><strong data-start=\"4476\" data-end=\"4518\"><span dir=\"auto\" style=\"vertical-align: inherit;\"><span dir=\"auto\" style=\"vertical-align: inherit;\">relations structure-activit\u00e9 (SAR)<\/span><\/span><\/strong><span dir=\"auto\" style=\"vertical-align: inherit;\"><span dir=\"auto\" style=\"vertical-align: inherit;\"> , et <\/span><\/span><strong data-start=\"4522\" data-end=\"4559\"><span dir=\"auto\" style=\"vertical-align: inherit;\"><span dir=\"auto\" style=\"vertical-align: inherit;\">profils de liaison pharmacologique.<\/span><\/span><\/strong><\/p>\n<p data-start=\"4578\" data-end=\"4811\"><span dir=\"auto\" style=\"vertical-align: inherit;\"><span dir=\"auto\" style=\"vertical-align: inherit;\">Le produit est fourni sous forme de <\/span><\/span><strong data-start=\"4613\" data-end=\"4665\"><span dir=\"auto\" style=\"vertical-align: inherit;\"><span dir=\"auto\" style=\"vertical-align: inherit;\">sel chlorhydrate cristallin de haute puret\u00e9 (\u2265 98%)<\/span><\/span><\/strong><span dir=\"auto\" style=\"vertical-align: inherit;\"><span dir=\"auto\" style=\"vertical-align: inherit;\"> , produit sous <\/span><\/span><strong data-start=\"4686\" data-end=\"4726\"><span dir=\"auto\" style=\"vertical-align: inherit;\"><span dir=\"auto\" style=\"vertical-align: inherit;\">conditions de laboratoire contr\u00f4l\u00e9es<\/span><\/span><\/strong><span dir=\"auto\" style=\"vertical-align: inherit;\"><span dir=\"auto\" style=\"vertical-align: inherit;\"> Id\u00e9al pour <\/span><\/span><strong data-start=\"4740\" data-end=\"4773\"><span dir=\"auto\" style=\"vertical-align: inherit;\"><span dir=\"auto\" style=\"vertical-align: inherit;\">chromatographie, spectroscopie,<\/span><\/span><\/strong><span dir=\"auto\" style=\"vertical-align: inherit;\"><span dir=\"auto\" style=\"vertical-align: inherit;\"> et des \u00e9tudes chimiques comparatives.<\/span><\/span><\/p>\n<blockquote data-start=\"4813\" data-end=\"4960\">\n<p data-start=\"4815\" data-end=\"4960\">\u26a0\ufe0f <strong data-start=\"4818\" data-end=\"4829\"><span dir=\"auto\" style=\"vertical-align: inherit;\"><span dir=\"auto\" style=\"vertical-align: inherit;\">Prudence:<\/span><\/span><\/strong><span dir=\"auto\" style=\"vertical-align: inherit;\"><span dir=\"auto\" style=\"vertical-align: inherit;\"> Le 3-Me-PCE HCl est destin\u00e9 \u00e0 <\/span><\/span><strong data-start=\"4871\" data-end=\"4906\"><span dir=\"auto\" style=\"vertical-align: inherit;\"><span dir=\"auto\" style=\"vertical-align: inherit;\">utilisation \u00e0 des fins de recherche et d&#039;analyse<\/span><\/span><\/strong><span dir=\"auto\" style=\"vertical-align: inherit;\"><span dir=\"auto\" style=\"vertical-align: inherit;\"> seulement - <\/span><\/span><strong data-start=\"4909\" data-end=\"4957\"><span dir=\"auto\" style=\"vertical-align: inherit;\"><span dir=\"auto\" style=\"vertical-align: inherit;\">Ne pas consommer de nourriture humaine ou animale<\/span><\/span><\/strong><span dir=\"auto\" style=\"vertical-align: inherit;\"><span dir=\"auto\" style=\"vertical-align: inherit;\"> .<\/span><\/span><\/p>\n<\/blockquote>\n<hr data-start=\"4962\" data-end=\"4965\" \/>\n<h3 data-start=\"4967\" data-end=\"4998\"><strong data-start=\"4971\" data-end=\"4998\"><span dir=\"auto\" style=\"vertical-align: inherit;\"><span dir=\"auto\" style=\"vertical-align: inherit;\">Caract\u00e9ristiques principales<\/span><\/span><\/strong><\/h3>\n<div class=\"_tableContainer_1rjym_1\">\n<div class=\"group _tableWrapper_1rjym_13 flex w-fit flex-col-reverse\" tabindex=\"-1\">\n<table class=\"w-fit min-w-(--thread-content-width)\" data-start=\"5000\" data-end=\"5576\">\n<thead data-start=\"5000\" data-end=\"5026\">\n<tr data-start=\"5000\" data-end=\"5026\">\n<th data-start=\"5000\" data-end=\"5010\" data-col-size=\"sm\"><span dir=\"auto\" style=\"vertical-align: inherit;\"><span dir=\"auto\" style=\"vertical-align: inherit;\">Fonctionnalit\u00e9<\/span><\/span><\/th>\n<th data-start=\"5010\" data-end=\"5026\" data-col-size=\"md\"><span dir=\"auto\" style=\"vertical-align: inherit;\"><span dir=\"auto\" style=\"vertical-align: inherit;\">Description<\/span><\/span><\/th>\n<\/tr>\n<\/thead>\n<tbody data-start=\"5055\" data-end=\"5576\">\n<tr data-start=\"5055\" data-end=\"5115\">\n<td data-start=\"5055\" data-end=\"5076\" data-col-size=\"sm\"><strong data-start=\"5057\" data-end=\"5075\"><span dir=\"auto\" style=\"vertical-align: inherit;\"><span dir=\"auto\" style=\"vertical-align: inherit;\">Nom chimique<\/span><\/span><\/strong><\/td>\n<td data-start=\"5076\" data-end=\"5115\" data-col-size=\"md\"><span dir=\"auto\" style=\"vertical-align: inherit;\"><span dir=\"auto\" style=\"vertical-align: inherit;\">Chlorhydrate de 3-m\u00e9thyl\u00e9thicyclidine<\/span><\/span><\/td>\n<\/tr>\n<tr data-start=\"5116\" data-end=\"5157\">\n<td data-start=\"5116\" data-end=\"5141\" data-col-size=\"sm\"><strong data-start=\"5118\" data-end=\"5140\"><span dir=\"auto\" style=\"vertical-align: inherit;\"><span dir=\"auto\" style=\"vertical-align: inherit;\">Nom commun<\/span><\/span><\/strong><\/td>\n<td data-start=\"5141\" data-end=\"5157\" data-col-size=\"md\"><span dir=\"auto\" style=\"vertical-align: inherit;\"><span dir=\"auto\" style=\"vertical-align: inherit;\">3-Me-PCE HCl<\/span><\/span><\/td>\n<\/tr>\n<tr data-start=\"5158\" data-end=\"5197\">\n<td data-start=\"5158\" data-end=\"5182\" data-col-size=\"sm\"><strong data-start=\"5160\" data-end=\"5181\"><span dir=\"auto\" style=\"vertical-align: inherit;\"><span dir=\"auto\" style=\"vertical-align: inherit;\">Formule chimique<\/span><\/span><\/strong><\/td>\n<td data-start=\"5182\" data-end=\"5197\" data-col-size=\"md\"><span dir=\"auto\" style=\"vertical-align: inherit;\"><span dir=\"auto\" style=\"vertical-align: inherit;\">C\u2081\u2084H\u2082\u2081N\u00b7HCl<\/span><\/span><\/td>\n<\/tr>\n<tr data-start=\"5198\" data-end=\"5236\">\n<td data-start=\"5198\" data-end=\"5220\" data-col-size=\"sm\"><strong data-start=\"5200\" data-end=\"5219\"><span dir=\"auto\" style=\"vertical-align: inherit;\"><span dir=\"auto\" style=\"vertical-align: inherit;\">Poids mol\u00e9culaire<\/span><\/span><\/strong><\/td>\n<td data-start=\"5220\" data-end=\"5236\" data-col-size=\"md\"><span dir=\"auto\" style=\"vertical-align: inherit;\"><span dir=\"auto\" style=\"vertical-align: inherit;\">239,79 g\/mol<\/span><\/span><\/td>\n<\/tr>\n<tr data-start=\"5237\" data-end=\"5272\">\n<td data-start=\"5237\" data-end=\"5248\" data-col-size=\"sm\"><strong data-start=\"5239\" data-end=\"5247\"><span dir=\"auto\" style=\"vertical-align: inherit;\"><span dir=\"auto\" style=\"vertical-align: inherit;\">Formulaire<\/span><\/span><\/strong><\/td>\n<td data-start=\"5248\" data-end=\"5272\" data-col-size=\"md\"><span dir=\"auto\" style=\"vertical-align: inherit;\"><span dir=\"auto\" style=\"vertical-align: inherit;\">Sel HCl cristallin<\/span><\/span><\/td>\n<\/tr>\n<tr data-start=\"5273\" data-end=\"5324\">\n<td data-start=\"5273\" data-end=\"5290\" data-col-size=\"sm\"><strong data-start=\"5275\" data-end=\"5289\"><span dir=\"auto\" style=\"vertical-align: inherit;\"><span dir=\"auto\" style=\"vertical-align: inherit;\">Puret\u00e9<\/span><\/span><\/strong><\/td>\n<td data-start=\"5290\" data-end=\"5324\" data-col-size=\"md\"><span dir=\"auto\" style=\"vertical-align: inherit;\"><span dir=\"auto\" style=\"vertical-align: inherit;\">\u2265 98% (test\u00e9 par HPLC et RMN)<\/span><\/span><\/td>\n<\/tr>\n<tr data-start=\"5325\" data-end=\"5389\">\n<td data-start=\"5325\" data-end=\"5348\" data-col-size=\"sm\"><strong data-start=\"5327\" data-end=\"5347\"><span dir=\"auto\" style=\"vertical-align: inherit;\"><span dir=\"auto\" style=\"vertical-align: inherit;\">Classe chimique<\/span><\/span><\/strong><\/td>\n<td data-start=\"5348\" data-end=\"5389\" data-col-size=\"md\"><span dir=\"auto\" style=\"vertical-align: inherit;\"><span dir=\"auto\" style=\"vertical-align: inherit;\">Antagoniste de l&#039;arylcyclohexylamine\/NMDA<\/span><\/span><\/td>\n<\/tr>\n<tr data-start=\"5390\" data-end=\"5469\">\n<td data-start=\"5390\" data-end=\"5404\" data-col-size=\"sm\"><strong data-start=\"5392\" data-end=\"5403\"><span dir=\"auto\" style=\"vertical-align: inherit;\"><span dir=\"auto\" style=\"vertical-align: inherit;\">Usage<\/span><\/span><\/strong><\/td>\n<td data-start=\"5404\" data-end=\"5469\" data-col-size=\"md\"><span dir=\"auto\" style=\"vertical-align: inherit;\"><span dir=\"auto\" style=\"vertical-align: inherit;\">Uniquement pour la recherche analytique, m\u00e9dico-l\u00e9gale et neurochimique<\/span><\/span><\/td>\n<\/tr>\n<tr data-start=\"5470\" data-end=\"5537\">\n<td data-start=\"5470\" data-end=\"5487\" data-col-size=\"sm\"><strong data-start=\"5472\" data-end=\"5486\"><span dir=\"auto\" style=\"vertical-align: inherit;\"><span dir=\"auto\" style=\"vertical-align: inherit;\">Conditionnement<\/span><\/span><\/strong><\/td>\n<td data-start=\"5487\" data-end=\"5537\" data-col-size=\"md\"><span dir=\"auto\" style=\"vertical-align: inherit;\"><span dir=\"auto\" style=\"vertical-align: inherit;\">Sac de laboratoire refermable et r\u00e9sistant \u00e0 l&#039;humidit\u00e9<\/span><\/span><\/td>\n<\/tr>\n<tr data-start=\"5538\" data-end=\"5576\">\n<td data-start=\"5538\" data-end=\"5556\" data-col-size=\"sm\"><strong data-start=\"5540\" data-end=\"5555\"><span dir=\"auto\" style=\"vertical-align: inherit;\"><span dir=\"auto\" style=\"vertical-align: inherit;\">Quantit\u00e9<\/span><\/span><\/strong><\/td>\n<td data-start=\"5556\" data-end=\"5576\" data-col-size=\"md\"><span dir=\"auto\" style=\"vertical-align: inherit;\"><span dir=\"auto\" style=\"vertical-align: inherit;\">1 gramme par sachet<\/span><\/span><\/td>\n<\/tr>\n<\/tbody>\n<\/table>\n<\/div>\n<\/div>\n<hr data-start=\"5578\" data-end=\"5581\" \/>\n<h3 data-start=\"5583\" data-end=\"5600\"><strong data-start=\"5587\" data-end=\"5600\"><span dir=\"auto\" style=\"vertical-align: inherit;\"><span dir=\"auto\" style=\"vertical-align: inherit;\">Avantages<\/span><\/span><\/strong><\/h3>\n<ul data-start=\"5602\" data-end=\"6001\">\n<li data-start=\"5602\" data-end=\"5694\">\n<p data-start=\"5604\" data-end=\"5694\"><strong data-start=\"5604\" data-end=\"5623\"><span dir=\"auto\" style=\"vertical-align: inherit;\"><span dir=\"auto\" style=\"vertical-align: inherit;\">Haute puret\u00e9<\/span><\/span><\/strong><span dir=\"auto\" style=\"vertical-align: inherit;\"><span dir=\"auto\" style=\"vertical-align: inherit;\"> \u2013 \u2265 98% qualit\u00e9 laboratoire pour des r\u00e9sultats de recherche fiables.<\/span><\/span><\/p>\n<\/li>\n<li data-start=\"5695\" data-end=\"5778\">\n<p data-start=\"5697\" data-end=\"5778\"><strong data-start=\"5697\" data-end=\"5718\"><span dir=\"auto\" style=\"vertical-align: inherit;\"><span dir=\"auto\" style=\"vertical-align: inherit;\">Forme de sel stable<\/span><\/span><\/strong><span dir=\"auto\" style=\"vertical-align: inherit;\"><span dir=\"auto\" style=\"vertical-align: inherit;\"> \u2013 La forme HCl offre une stabilit\u00e9 et une solubilit\u00e9 am\u00e9lior\u00e9es. 3-me-pce<\/span><\/span><\/p>\n<\/li>\n<li data-start=\"5779\" data-end=\"5847\">\n<p data-start=\"5781\" data-end=\"5847\"><strong data-start=\"5781\" data-end=\"5801\"><span dir=\"auto\" style=\"vertical-align: inherit;\"><span dir=\"auto\" style=\"vertical-align: inherit;\">Large applicabilit\u00e9<\/span><\/span><\/strong><span dir=\"auto\" style=\"vertical-align: inherit;\"><span dir=\"auto\" style=\"vertical-align: inherit;\"> \u2013 Convient pour GC\/MS, LC-MS, FTIR et HPLC.<\/span><\/span><\/p>\n<\/li>\n<li data-start=\"5848\" data-end=\"5930\">\n<p data-start=\"5850\" data-end=\"5930\"><strong data-start=\"5850\" data-end=\"5875\"><span dir=\"auto\" style=\"vertical-align: inherit;\"><span dir=\"auto\" style=\"vertical-align: inherit;\">Qualit\u00e9 tra\u00e7able<\/span><\/span><\/strong><span dir=\"auto\" style=\"vertical-align: inherit;\"><span dir=\"auto\" style=\"vertical-align: inherit;\"> \u2013 Chaque lot est test\u00e9 et v\u00e9rifi\u00e9 par HPLC et RMN.<\/span><\/span><\/p>\n<\/li>\n<li data-start=\"5931\" data-end=\"6001\">\n<p data-start=\"5933\" data-end=\"6001\"><strong data-start=\"5933\" data-end=\"5958\"><span dir=\"auto\" style=\"vertical-align: inherit;\"><span dir=\"auto\" style=\"vertical-align: inherit;\">Emballage de protection<\/span><\/span><\/strong><span dir=\"auto\" style=\"vertical-align: inherit;\"><span dir=\"auto\" style=\"vertical-align: inherit;\"> \u2013 Emp\u00eache l\u2019humidit\u00e9, la lumi\u00e8re et la contamination.<\/span><\/span><\/p>\n<\/li>\n<\/ul>\n<hr data-start=\"6003\" data-end=\"6006\" \/>\n<h3 data-start=\"6008\" data-end=\"6060\"><strong data-start=\"6012\" data-end=\"6058\"><span dir=\"auto\" style=\"vertical-align: inherit;\"><span dir=\"auto\" style=\"vertical-align: inherit;\">Utilisation (\u00e0 des fins de recherche uniquement)<\/span><\/span><\/strong><\/h3>\n<ol data-start=\"6062\" data-end=\"6432\">\n<li data-start=\"6062\" data-end=\"6131\">\n<p data-start=\"6065\" data-end=\"6131\"><strong data-start=\"6065\" data-end=\"6080\"><span dir=\"auto\" style=\"vertical-align: inherit;\"><span dir=\"auto\" style=\"vertical-align: inherit;\">Manutention:<\/span><\/span><\/strong><span dir=\"auto\" style=\"vertical-align: inherit;\"><span dir=\"auto\" style=\"vertical-align: inherit;\"> Portez des gants, des lunettes de s\u00e9curit\u00e9 et une blouse de laboratoire.<\/span><\/span><\/p>\n<\/li>\n<li data-start=\"6132\" data-end=\"6217\">\n<p data-start=\"6135\" data-end=\"6217\"><strong data-start=\"6135\" data-end=\"6148\"><span dir=\"auto\" style=\"vertical-align: inherit;\"><span dir=\"auto\" style=\"vertical-align: inherit;\">Mesures:<\/span><\/span><\/strong><span dir=\"auto\" style=\"vertical-align: inherit;\"><span dir=\"auto\" style=\"vertical-align: inherit;\"> Utilisez une balance de laboratoire calibr\u00e9e pour un dosage pr\u00e9cis.<\/span><\/span><\/p>\n<\/li>\n<li data-start=\"6218\" data-end=\"6272\">\n<p data-start=\"6221\" data-end=\"6272\"><strong data-start=\"6221\" data-end=\"6232\"><span dir=\"auto\" style=\"vertical-align: inherit;\"><span dir=\"auto\" style=\"vertical-align: inherit;\">Stockage:<\/span><\/span><\/strong><span dir=\"auto\" style=\"vertical-align: inherit;\"><span dir=\"auto\" style=\"vertical-align: inherit;\"> Conserver au frais (2\u20138\u00b0C), au sec et \u00e0 l&#039;abri de la lumi\u00e8re.<\/span><\/span><\/p>\n<\/li>\n<li data-start=\"6273\" data-end=\"6359\">\n<p data-start=\"6276\" data-end=\"6359\"><strong data-start=\"6276\" data-end=\"6288\"><span dir=\"auto\" style=\"vertical-align: inherit;\"><span dir=\"auto\" style=\"vertical-align: inherit;\">Analyse:<\/span><\/span><\/strong><span dir=\"auto\" style=\"vertical-align: inherit;\"><span dir=\"auto\" style=\"vertical-align: inherit;\"> Convient pour la chromatographie, la spectroscopie et les enqu\u00eates m\u00e9dico-l\u00e9gales.<\/span><\/span><\/p>\n<\/li>\n<li data-start=\"6360\" data-end=\"6432\">\n<p data-start=\"6363\" data-end=\"6432\"><strong data-start=\"6363\" data-end=\"6380\"><span dir=\"auto\" style=\"vertical-align: inherit;\"><span dir=\"auto\" style=\"vertical-align: inherit;\">Documentation:<\/span><\/span><\/strong><span dir=\"auto\" style=\"vertical-align: inherit;\"><span dir=\"auto\" style=\"vertical-align: inherit;\"> Consignez le num\u00e9ro de lot, la puret\u00e9 et les r\u00e9sultats des tests.<\/span><\/span><\/p>\n<\/li>\n<\/ol>\n<hr data-start=\"6434\" data-end=\"6437\" \/>\n<h3 data-start=\"6439\" data-end=\"6474\"><strong data-start=\"6443\" data-end=\"6472\"><span dir=\"auto\" style=\"vertical-align: inherit;\"><span dir=\"auto\" style=\"vertical-align: inherit;\">Foire aux questions (FAQ)<\/span><\/span><\/strong><\/h3>\n<p data-start=\"6476\" data-end=\"6675\"><strong data-start=\"6476\" data-end=\"6503\"><span dir=\"auto\" style=\"vertical-align: inherit;\"><span dir=\"auto\" style=\"vertical-align: inherit;\">1. Qu&#039;est-ce que le 3-Me-PCE HCl ? <\/span><\/span><\/strong><br data-start=\"6503\" data-end=\"6506\" \/><strong data-start=\"6506\" data-end=\"6518\"><span dir=\"auto\" style=\"vertical-align: inherit;\"><span dir=\"auto\" style=\"vertical-align: inherit;\">3-Me-PCE<\/span><\/span><\/strong><span dir=\"auto\" style=\"vertical-align: inherit;\"><span dir=\"auto\" style=\"vertical-align: inherit;\"> est un <\/span><\/span><strong data-start=\"6526\" data-end=\"6554\"><span dir=\"auto\" style=\"vertical-align: inherit;\"><span dir=\"auto\" style=\"vertical-align: inherit;\">compos\u00e9 dissociatif<\/span><\/span><\/strong><span dir=\"auto\" style=\"vertical-align: inherit;\"><span dir=\"auto\" style=\"vertical-align: inherit;\"> de la classe des arylcyclohexylamines, apparent\u00e9e au PCE et au 3-MeO-PCE, et est utilis\u00e9e dans la recherche sur les r\u00e9cepteurs NMDA.<\/span><\/span><\/p>\n<p data-start=\"6677\" data-end=\"6833\"><strong data-start=\"6677\" data-end=\"6723\"><span dir=\"auto\" style=\"vertical-align: inherit;\"><span dir=\"auto\" style=\"vertical-align: inherit;\">2. Que contient le produit 3-Me-PCE HCl ?<\/span><\/span><\/strong><br data-start=\"6723\" data-end=\"6726\" \/><span dir=\"auto\" style=\"vertical-align: inherit;\"><span dir=\"auto\" style=\"vertical-align: inherit;\"> Le produit contient <\/span><\/span><strong data-start=\"6744\" data-end=\"6773\"><span dir=\"auto\" style=\"vertical-align: inherit;\"><span dir=\"auto\" style=\"vertical-align: inherit;\">\u2265 98% 3-Me-PCE HCl pur<\/span><\/span><\/strong><span dir=\"auto\" style=\"vertical-align: inherit;\"><span dir=\"auto\" style=\"vertical-align: inherit;\"> sous forme cristalline, conditionn\u00e9e pour analyse en laboratoire.<\/span><\/span><\/p>\n<p data-start=\"6835\" data-end=\"7000\"><strong data-start=\"6835\" data-end=\"6877\"><span dir=\"auto\" style=\"vertical-align: inherit;\"><span dir=\"auto\" style=\"vertical-align: inherit;\">3. Est-il l\u00e9gal d&#039;acheter du 3-Me-PCE ?<\/span><\/span><\/strong><br data-start=\"6877\" data-end=\"6880\" \/><span dir=\"auto\" style=\"vertical-align: inherit;\"><span dir=\"auto\" style=\"vertical-align: inherit;\"> Le <\/span><\/span><strong data-start=\"6883\" data-end=\"6910\"><span dir=\"auto\" style=\"vertical-align: inherit;\"><span dir=\"auto\" style=\"vertical-align: inherit;\">l\u00e9galit\u00e9 du 3-Me-PCE<\/span><\/span><\/strong><span dir=\"auto\" style=\"vertical-align: inherit;\"><span dir=\"auto\" style=\"vertical-align: inherit;\"> Cela varie selon les pays. V\u00e9rifiez toujours la l\u00e9gislation locale avant de vous inscrire. <\/span><\/span><strong data-start=\"6979\" data-end=\"6997\"><span dir=\"auto\" style=\"vertical-align: inherit;\"><span dir=\"auto\" style=\"vertical-align: inherit;\">achat de 3-Me-PCE<\/span><\/span><\/strong><span dir=\"auto\" style=\"vertical-align: inherit;\"><span dir=\"auto\" style=\"vertical-align: inherit;\"> .<\/span><\/span><\/p>","protected":false},"excerpt":{"rendered":"<h3><span dir=\"auto\" style=\"vertical-align: inherit;\"><span dir=\"auto\" style=\"vertical-align: inherit;\"><span dir=\"auto\" style=\"vertical-align: inherit;\"><span dir=\"auto\" style=\"vertical-align: inherit;\">Propri\u00e9t\u00e9s du 3-Me-PCE<\/span><\/span><\/span><\/span><\/h3>\n<p><strong><span dir=\"auto\" style=\"vertical-align: inherit;\"><span dir=\"auto\" style=\"vertical-align: inherit;\"><span dir=\"auto\" style=\"vertical-align: inherit;\"><span dir=\"auto\" style=\"vertical-align: inherit;\">Synonyme<\/span><\/span><\/span><\/span><\/strong><span dir=\"auto\" style=\"vertical-align: inherit;\"><span dir=\"auto\" style=\"vertical-align: inherit;\"><span dir=\"auto\" style=\"vertical-align: inherit;\"><span dir=\"auto\" style=\"vertical-align: inherit;\"> : 3-m\u00e9thyl\u00e9ticyclidine <\/span><\/span><\/span><\/span><br \/>\n<strong><span dir=\"auto\" style=\"vertical-align: inherit;\"><span dir=\"auto\" style=\"vertical-align: inherit;\"><span dir=\"auto\" style=\"vertical-align: inherit;\"><span dir=\"auto\" style=\"vertical-align: inherit;\">CAS <\/span><\/span><\/span><\/span><\/strong> <strong><span dir=\"auto\" style=\"vertical-align: inherit;\"><span dir=\"auto\" style=\"vertical-align: inherit;\"><span dir=\"auto\" style=\"vertical-align: inherit;\"><span dir=\"auto\" style=\"vertical-align: inherit;\">Nombre<\/span><\/span><\/span><\/span><\/strong><span dir=\"auto\" style=\"vertical-align: inherit;\"><span dir=\"auto\" style=\"vertical-align: inherit;\"><span dir=\"auto\" style=\"vertical-align: inherit;\"><span dir=\"auto\" style=\"vertical-align: inherit;\"> : n \/ A <\/span><\/span><\/span><\/span><br \/>\n<strong><span dir=\"auto\" style=\"vertical-align: inherit;\"><span dir=\"auto\" style=\"vertical-align: inherit;\"><span dir=\"auto\" style=\"vertical-align: inherit;\"><span dir=\"auto\" style=\"vertical-align: inherit;\">Formule<\/span><\/span><\/span><\/span><\/strong><span dir=\"auto\" style=\"vertical-align: inherit;\"><span dir=\"auto\" style=\"vertical-align: inherit;\"><span dir=\"auto\" style=\"vertical-align: inherit;\"><span dir=\"auto\" style=\"vertical-align: inherit;\"> : N-\u00e9thyl-1-(3-m\u00e9thylph\u00e9nyl)cyclohexan-1-amine <\/span><\/span><\/span><\/span><br \/>\n<strong><span dir=\"auto\" style=\"vertical-align: inherit;\"><span dir=\"auto\" style=\"vertical-align: inherit;\"><span dir=\"auto\" style=\"vertical-align: inherit;\"><span dir=\"auto\" style=\"vertical-align: inherit;\">Masse molaire<\/span><\/span><\/span><\/span><\/strong><span dir=\"auto\" style=\"vertical-align: inherit;\"><span dir=\"auto\" style=\"vertical-align: inherit;\"><span dir=\"auto\" style=\"vertical-align: inherit;\"><span dir=\"auto\" style=\"vertical-align: inherit;\"> : n \/ A <\/span><\/span><\/span><\/span><br \/>\n<strong><span dir=\"auto\" style=\"vertical-align: inherit;\"><span dir=\"auto\" style=\"vertical-align: inherit;\"><span dir=\"auto\" style=\"vertical-align: inherit;\"><span dir=\"auto\" style=\"vertical-align: inherit;\">Puret\u00e9<\/span><\/span><\/span><\/span><\/strong><span dir=\"auto\" style=\"vertical-align: inherit;\"><span dir=\"auto\" style=\"vertical-align: inherit;\"><span dir=\"auto\" style=\"vertical-align: inherit;\"><span dir=\"auto\" style=\"vertical-align: inherit;\"> : &gt;97%<\/span><\/span><\/span><\/span><\/p>","protected":false},"featured_media":29223,"comment_status":"closed","ping_status":"closed","template":"","meta":[],"product_brand":[82],"product_cat":[465,71],"product_tag":[836,837,838,326],"class_list":{"0":"post-24409","1":"product","2":"type-product","3":"status-publish","4":"has-post-thumbnail","6":"product_brand-research-chemical","7":"product_cat-3-me-pce","8":"product_cat-arylcyclohexylamine","9":"product_tag-3-me-pce","10":"product_tag-3-me-pce-hcl","11":"product_tag-3-me-pce-kopen","12":"product_tag-nl","14":"first","15":"instock","16":"taxable","17":"shipping-taxable","18":"purchasable","19":"product-type-variable"},"_links":{"self":[{"href":"https:\/\/onderzoekschemicals.com\/fr\/wp-json\/wp\/v2\/product\/24409","targetHints":{"allow":["GET"]}}],"collection":[{"href":"https:\/\/onderzoekschemicals.com\/fr\/wp-json\/wp\/v2\/product"}],"about":[{"href":"https:\/\/onderzoekschemicals.com\/fr\/wp-json\/wp\/v2\/types\/product"}],"replies":[{"embeddable":true,"href":"https:\/\/onderzoekschemicals.com\/fr\/wp-json\/wp\/v2\/comments?post=24409"}],"version-history":[{"count":7,"href":"https:\/\/onderzoekschemicals.com\/fr\/wp-json\/wp\/v2\/product\/24409\/revisions"}],"predecessor-version":[{"id":28683,"href":"https:\/\/onderzoekschemicals.com\/fr\/wp-json\/wp\/v2\/product\/24409\/revisions\/28683"}],"wp:featuredmedia":[{"embeddable":true,"href":"https:\/\/onderzoekschemicals.com\/fr\/wp-json\/wp\/v2\/media\/29223"}],"wp:attachment":[{"href":"https:\/\/onderzoekschemicals.com\/fr\/wp-json\/wp\/v2\/media?parent=24409"}],"wp:term":[{"taxonomy":"product_brand","embeddable":true,"href":"https:\/\/onderzoekschemicals.com\/fr\/wp-json\/wp\/v2\/product_brand?post=24409"},{"taxonomy":"product_cat","embeddable":true,"href":"https:\/\/onderzoekschemicals.com\/fr\/wp-json\/wp\/v2\/product_cat?post=24409"},{"taxonomy":"product_tag","embeddable":true,"href":"https:\/\/onderzoekschemicals.com\/fr\/wp-json\/wp\/v2\/product_tag?post=24409"}],"curies":[{"name":"wp","href":"https:\/\/api.w.org\/{rel}","templated":true}]}}