{"id":24343,"date":"2025-04-13T17:41:31","date_gmt":"2025-04-13T17:41:31","guid":{"rendered":"https:\/\/onderzoekschemicals.com\/?post_type=product&#038;p=24343"},"modified":"2025-10-12T12:50:39","modified_gmt":"2025-10-12T12:50:39","slug":"digitale-bio-mini-weegschaal","status":"publish","type":"product","link":"https:\/\/onderzoekschemicals.com\/fr\/shop\/weegschalen\/digitale-bio-mini-weegschaal\/","title":{"rendered":"Mini-balance num\u00e9rique bio \u2013 20 g x 0,001 g"},"content":{"rendered":"<h3 data-start=\"4064\" data-end=\"4085\"><strong data-start=\"4068\" data-end=\"4083\">Introduction<\/strong><\/h3>\n<p data-start=\"4086\" data-end=\"4354\">Le <strong data-start=\"4089\" data-end=\"4136\">Mini-balance num\u00e9rique bio \u2013 20 g x 0,001 g<\/strong> est un <strong data-start=\"4144\" data-end=\"4180\">balance de pr\u00e9cision professionnelle<\/strong> con\u00e7u pour les applications o\u00f9 une pr\u00e9cision extr\u00eame est requise, telles que <strong data-start=\"4256\" data-end=\"4281\">recherche en laboratoire<\/strong>, <strong data-start=\"4283\" data-end=\"4304\">analyse chimique<\/strong>, <strong data-start=\"4306\" data-end=\"4330\">recherche biologique<\/strong> et <strong data-start=\"4334\" data-end=\"4351\">travail de bijouterie<\/strong>.<\/p>\n<p data-start=\"4356\" data-end=\"4670\">Imm\u00e9diatement <strong data-start=\"4364\" data-end=\"4394\">capacit\u00e9 de pes\u00e9e de 20 grammes<\/strong> et un <strong data-start=\"4402\" data-end=\"4445\">pr\u00e9cision de 0,001 g (1 milligramme)<\/strong> propose cette mini balance <strong data-start=\"4473\" data-end=\"4504\">pr\u00e9cision au niveau du laboratoire<\/strong> dans un <strong data-start=\"4512\" data-end=\"4544\">conception compacte et portable<\/strong>Le <strong data-start=\"4549\" data-end=\"4578\">plateau de pes\u00e9e en acier inoxydable<\/strong> et le <strong data-start=\"4586\" data-end=\"4608\">\u00e9cran LCD lumineux<\/strong> garantissent des mesures claires et stables dans n&#039;importe quel environnement.<\/p>\n<blockquote data-start=\"4672\" data-end=\"4784\">\n<p data-start=\"4674\" data-end=\"4784\">\u2699\ufe0f <strong data-start=\"4677\" data-end=\"4784\">Id\u00e9al pour les laboratoires, la recherche biochimique ou la science des mat\u00e9riaux avec une pr\u00e9cision au milligramme.<\/strong><\/p>\n<\/blockquote>\n<hr data-start=\"4786\" data-end=\"4789\" \/>\n<h3 data-start=\"4791\" data-end=\"4822\"><strong data-start=\"4795\" data-end=\"4822\">Caract\u00e9ristiques principales<\/strong><\/h3>\n<div class=\"_tableContainer_1rjym_1\">\n<div class=\"group _tableWrapper_1rjym_13 flex w-fit flex-col-reverse\" tabindex=\"-1\">\n<table class=\"w-fit min-w-(--thread-content-width)\" data-start=\"4824\" data-end=\"5359\">\n<thead data-start=\"4824\" data-end=\"4850\">\n<tr data-start=\"4824\" data-end=\"4850\">\n<th data-start=\"4824\" data-end=\"4834\" data-col-size=\"sm\">Fonctionnalit\u00e9<\/th>\n<th data-start=\"4834\" data-end=\"4850\" data-col-size=\"md\">Description<\/th>\n<\/tr>\n<\/thead>\n<tbody data-start=\"4879\" data-end=\"5359\">\n<tr data-start=\"4879\" data-end=\"4923\">\n<td data-start=\"4879\" data-end=\"4891\" data-col-size=\"sm\"><strong data-start=\"4881\" data-end=\"4890\">Mod\u00e8le<\/strong><\/td>\n<td data-start=\"4891\" data-end=\"4923\" data-col-size=\"md\">Mini-balance biologique num\u00e9rique<\/td>\n<\/tr>\n<tr data-start=\"4924\" data-end=\"4957\">\n<td data-start=\"4924\" data-end=\"4941\" data-col-size=\"sm\"><strong data-start=\"4926\" data-end=\"4940\">Plage de pes\u00e9e<\/strong><\/td>\n<td data-start=\"4941\" data-end=\"4957\" data-col-size=\"md\">0,001 g \u2013 20 g<\/td>\n<\/tr>\n<tr data-start=\"4958\" data-end=\"5004\">\n<td data-start=\"4958\" data-end=\"4979\" data-col-size=\"sm\"><strong data-start=\"4960\" data-end=\"4978\">Pr\u00e9cision<\/strong><\/td>\n<td data-start=\"4979\" data-end=\"5004\" data-col-size=\"md\">\u00b10,001 g (1 milligramme)<\/td>\n<\/tr>\n<tr data-start=\"5005\" data-end=\"5067\">\n<td data-start=\"5005\" data-end=\"5019\" data-col-size=\"sm\"><strong data-start=\"5007\" data-end=\"5018\">Afficher<\/strong><\/td>\n<td data-start=\"5019\" data-end=\"5067\" data-col-size=\"md\">\u00c9cran LCD lumineux avec r\u00e9tro\u00e9clairage<\/td>\n<\/tr>\n<tr data-start=\"5068\" data-end=\"5106\">\n<td data-start=\"5068\" data-end=\"5084\" data-col-size=\"sm\"><strong data-start=\"5070\" data-end=\"5083\">Unit\u00e9s de mesure<\/strong><\/td>\n<td data-start=\"5084\" data-end=\"5106\" data-col-size=\"md\">g, oz, ct, gn, dwt<\/td>\n<\/tr>\n<tr data-start=\"5107\" data-end=\"5151\">\n<td data-start=\"5107\" data-end=\"5126\" data-col-size=\"sm\"><strong data-start=\"5109\" data-end=\"5125\">Plateforme de pes\u00e9e<\/strong><\/td>\n<td data-start=\"5126\" data-end=\"5151\" data-col-size=\"md\">Plaque en acier inoxydable<\/td>\n<\/tr>\n<tr data-start=\"5152\" data-end=\"5201\">\n<td data-start=\"5152\" data-end=\"5166\" data-col-size=\"sm\"><strong data-start=\"5154\" data-end=\"5165\">Alimentation \u00e9lectrique<\/strong><\/td>\n<td data-start=\"5166\" data-end=\"5201\" data-col-size=\"md\">2 piles AAA (incluses)<\/td>\n<\/tr>\n<tr data-start=\"5202\" data-end=\"5243\">\n<td data-start=\"5202\" data-end=\"5216\" data-col-size=\"sm\"><strong data-start=\"5204\" data-end=\"5215\">Conception<\/strong><\/td>\n<td data-start=\"5216\" data-end=\"5243\" data-col-size=\"md\">Compact et l\u00e9ger<\/td>\n<\/tr>\n<tr data-start=\"5244\" data-end=\"5306\">\n<td data-start=\"5244\" data-end=\"5277\" data-col-size=\"sm\"><strong data-start=\"5246\" data-end=\"5276\">Arr\u00eat automatique<\/strong><\/td>\n<td data-start=\"5277\" data-end=\"5306\" data-col-size=\"md\">Fonction d&#039;\u00e9conomie d&#039;\u00e9nergie<\/td>\n<\/tr>\n<tr data-start=\"5307\" data-end=\"5359\">\n<td data-start=\"5307\" data-end=\"5325\" data-col-size=\"sm\"><strong data-start=\"5309\" data-end=\"5324\">Capuchon de protection<\/strong><\/td>\n<td data-start=\"5325\" data-end=\"5359\" data-col-size=\"md\">Prot\u00e8ge contre la poussi\u00e8re et les dommages<\/td>\n<\/tr>\n<\/tbody>\n<\/table>\n<\/div>\n<\/div>\n<hr data-start=\"5361\" data-end=\"5364\" \/>\n<h3 data-start=\"5366\" data-end=\"5383\"><strong data-start=\"5370\" data-end=\"5383\">Avantages<\/strong><\/h3>\n<ul data-start=\"5385\" data-end=\"5857\">\n<li data-start=\"5385\" data-end=\"5477\">\n<p data-start=\"5387\" data-end=\"5477\"><strong data-start=\"5387\" data-end=\"5409\">Extr\u00eamement pr\u00e9cis<\/strong> \u2013 P\u00e8se jusqu\u2019\u00e0 0,001 g pour la recherche en laboratoire et biologique.<\/p>\n<\/li>\n<li data-start=\"5478\" data-end=\"5551\">\n<p data-start=\"5480\" data-end=\"5551\"><strong data-start=\"5480\" data-end=\"5503\">Portable et compact<\/strong> \u2013 Id\u00e9al pour une utilisation en laboratoire ou en d\u00e9placement.<\/p>\n<\/li>\n<li data-start=\"5552\" data-end=\"5616\">\n<p data-start=\"5554\" data-end=\"5616\"><strong data-start=\"5554\" data-end=\"5574\">Conception durable<\/strong> \u2013 Plateau de pes\u00e9e en acier inoxydable pour une utilisation longue dur\u00e9e.<\/p>\n<\/li>\n<li data-start=\"5617\" data-end=\"5711\">\n<p data-start=\"5619\" data-end=\"5711\"><strong data-start=\"5619\" data-end=\"5649\">Diff\u00e9rentes unit\u00e9s de mesure<\/strong> \u2013 Basculez facilement entre les grammes, les onces, les carats et plus encore.<\/p>\n<\/li>\n<li data-start=\"5712\" data-end=\"5785\">\n<p data-start=\"5714\" data-end=\"5785\"><strong data-start=\"5714\" data-end=\"5737\">Convivial<\/strong> \u2013 Utilisation facile avec \u00e9cran LCD clair.<\/p>\n<\/li>\n<li data-start=\"5786\" data-end=\"5857\">\n<p data-start=\"5788\" data-end=\"5857\"><strong data-start=\"5788\" data-end=\"5808\">\u00c9conomie d&#039;\u00e9nergie<\/strong> \u2013 Arr\u00eat automatique en cas d\u2019inactivit\u00e9.<\/p>\n<\/li>\n<\/ul>\n<hr data-start=\"5859\" data-end=\"5862\" \/>\n<h3 data-start=\"5864\" data-end=\"5879\"><strong data-start=\"5868\" data-end=\"5879\">Usage<\/strong><\/h3>\n<ol data-start=\"5881\" data-end=\"6311\">\n<li data-start=\"5881\" data-end=\"5966\">\n<p data-start=\"5884\" data-end=\"5966\"><strong data-start=\"5884\" data-end=\"5916\">Placer sur une surface plane<\/strong> \u2013 Utiliser sur une table stable et sans vibrations.<\/p>\n<\/li>\n<li data-start=\"5967\" data-end=\"6058\">\n<p data-start=\"5970\" data-end=\"6058\"><strong data-start=\"5970\" data-end=\"5996\">Calibrer avant utilisation<\/strong> \u2013 Calibrer avec le poids fourni (si disponible).<\/p>\n<\/li>\n<li data-start=\"6059\" data-end=\"6129\">\n<p data-start=\"6062\" data-end=\"6129\"><strong data-start=\"6062\" data-end=\"6083\">S\u00e9lectionner l&#039;unit\u00e9<\/strong> \u2013 Choisissez entre gramme, once, carat ou grain.<\/p>\n<\/li>\n<li data-start=\"6130\" data-end=\"6225\">\n<p data-start=\"6133\" data-end=\"6225\"><strong data-start=\"6133\" data-end=\"6160\">Utiliser la fonction TARE<\/strong> \u2013 Mettez \u00e0 z\u00e9ro le poids des conteneurs pour des mesures pr\u00e9cises.<\/p>\n<\/li>\n<li data-start=\"6226\" data-end=\"6311\">\n<p data-start=\"6229\" data-end=\"6311\"><strong data-start=\"6229\" data-end=\"6249\">Pesez soigneusement<\/strong> \u2013 Ajoutez lentement la mati\u00e8re jusqu\u2019au poids souhait\u00e9.<\/p>\n<\/li>\n<\/ol>\n<hr data-start=\"6313\" data-end=\"6316\" \/>\n<h3 data-start=\"6318\" data-end=\"6353\"><strong data-start=\"6322\" data-end=\"6351\">Foire aux questions (FAQ)<\/strong><\/h3>\n<p data-start=\"6355\" data-end=\"6543\"><strong data-start=\"6355\" data-end=\"6414\">1. Qu&#039;est-ce qui rend la balance num\u00e9rique Bio Mini sp\u00e9ciale ?<\/strong><br data-start=\"6414\" data-end=\"6417\" \/>Cette \u00e9chelle offre une <strong data-start=\"6443\" data-end=\"6466\">pr\u00e9cision de 0,001 g<\/strong>, quoi <strong data-start=\"6472\" data-end=\"6498\">dix fois plus pr\u00e9cis<\/strong> il s&#039;agit alors d&#039;une mini balance standard (0,01g).<\/p>\n<p data-start=\"6545\" data-end=\"6685\"><strong data-start=\"6545\" data-end=\"6594\">2. Est-ce adapt\u00e9 \u00e0 une utilisation en laboratoire ?<\/strong><br data-start=\"6594\" data-end=\"6597\" \/>Oui, la balance est con\u00e7ue pour <strong data-start=\"6634\" data-end=\"6682\">recherche biologique, chimique et analytique<\/strong>.<\/p>\n<p data-start=\"6687\" data-end=\"6849\"><strong data-start=\"6687\" data-end=\"6745\">3. Les piles et le poids d&#039;\u00e9talonnage sont-ils inclus ?<\/strong><br data-start=\"6745\" data-end=\"6748\" \/>Oui, la balance est livr\u00e9e avec <strong data-start=\"6785\" data-end=\"6807\">2 piles AAA<\/strong> et peut-\u00eatre un <strong data-start=\"6825\" data-end=\"6846\">poids d&#039;\u00e9talonnage<\/strong>.<\/p>","protected":false},"excerpt":{"rendered":"<p><strong><span dir=\"auto\" style=\"vertical-align: inherit;\"><span dir=\"auto\" style=\"vertical-align: inherit;\">Caract\u00e9ristiques:<\/span><\/span><\/strong><\/p>\n<ul>\n<li><span dir=\"auto\" style=\"vertical-align: inherit;\"><span dir=\"auto\" style=\"vertical-align: inherit;\">Num\u00e9rique<\/span><\/span><\/li>\n<li><span dir=\"auto\" style=\"vertical-align: inherit;\"><span dir=\"auto\" style=\"vertical-align: inherit;\">P\u00e8se \u00e0 partir de 0,001 g<\/span><\/span><\/li>\n<li><span dir=\"auto\" style=\"vertical-align: inherit;\"><span dir=\"auto\" style=\"vertical-align: inherit;\">P\u00e8se max. 20 g<\/span><\/span><\/li>\n<li><span dir=\"auto\" style=\"vertical-align: inherit;\"><span dir=\"auto\" style=\"vertical-align: inherit;\">Fonctionne avec : 2 piles AAA<\/span><\/span><\/li>\n<li><span dir=\"auto\" style=\"vertical-align: inherit;\"><span dir=\"auto\" style=\"vertical-align: inherit;\">\u00e9cran LCD<\/span><\/span><\/li>\n<li><span dir=\"auto\" style=\"vertical-align: inherit;\"><span dir=\"auto\" style=\"vertical-align: inherit;\">Couleur : noir<\/span><\/span><\/li>\n<\/ul>","protected":false},"featured_media":24680,"comment_status":"closed","ping_status":"closed","template":"","meta":[],"product_brand":[],"product_cat":[451],"product_tag":[452,848,764,767,765,766,768],"class_list":{"0":"post-24343","1":"product","2":"type-product","3":"status-publish","4":"has-post-thumbnail","6":"product_cat-weegschalen","7":"product_tag-de","8":"product_tag-digitale-bio-mini-weegschaal","9":"product_tag-digitale-cs-weegschaal","10":"product_tag-digitale-microweegschaal","11":"product_tag-milligramweegschaal","12":"product_tag-precise-weegschaal-0-001g","13":"product_tag-weegschaal-voor-research-chemicals","15":"first","16":"instock","17":"taxable","18":"shipping-taxable","19":"purchasable","20":"product-type-simple"},"_links":{"self":[{"href":"https:\/\/onderzoekschemicals.com\/fr\/wp-json\/wp\/v2\/product\/24343","targetHints":{"allow":["GET"]}}],"collection":[{"href":"https:\/\/onderzoekschemicals.com\/fr\/wp-json\/wp\/v2\/product"}],"about":[{"href":"https:\/\/onderzoekschemicals.com\/fr\/wp-json\/wp\/v2\/types\/product"}],"replies":[{"embeddable":true,"href":"https:\/\/onderzoekschemicals.com\/fr\/wp-json\/wp\/v2\/comments?post=24343"}],"version-history":[{"count":6,"href":"https:\/\/onderzoekschemicals.com\/fr\/wp-json\/wp\/v2\/product\/24343\/revisions"}],"predecessor-version":[{"id":27802,"href":"https:\/\/onderzoekschemicals.com\/fr\/wp-json\/wp\/v2\/product\/24343\/revisions\/27802"}],"wp:featuredmedia":[{"embeddable":true,"href":"https:\/\/onderzoekschemicals.com\/fr\/wp-json\/wp\/v2\/media\/24680"}],"wp:attachment":[{"href":"https:\/\/onderzoekschemicals.com\/fr\/wp-json\/wp\/v2\/media?parent=24343"}],"wp:term":[{"taxonomy":"product_brand","embeddable":true,"href":"https:\/\/onderzoekschemicals.com\/fr\/wp-json\/wp\/v2\/product_brand?post=24343"},{"taxonomy":"product_cat","embeddable":true,"href":"https:\/\/onderzoekschemicals.com\/fr\/wp-json\/wp\/v2\/product_cat?post=24343"},{"taxonomy":"product_tag","embeddable":true,"href":"https:\/\/onderzoekschemicals.com\/fr\/wp-json\/wp\/v2\/product_tag?post=24343"}],"curies":[{"name":"wp","href":"https:\/\/api.w.org\/{rel}","templated":true}]}}