{"id":24342,"date":"2025-04-13T17:41:31","date_gmt":"2025-04-13T17:41:31","guid":{"rendered":"https:\/\/onderzoekschemicals.com\/?post_type=product&#038;p=24342"},"modified":"2025-10-12T12:05:44","modified_gmt":"2025-10-12T12:05:44","slug":"digitale-tank-mini-weegschaal","status":"publish","type":"product","link":"https:\/\/onderzoekschemicals.com\/fr\/shop\/weegschalen\/digitale-tank-mini-weegschaal\/","title":{"rendered":"Mini-balance num\u00e9rique pour r\u00e9servoir \u2013 20 g x 0,001 g"},"content":{"rendered":"<h3 data-start=\"3844\" data-end=\"3865\"><strong data-start=\"3848\" data-end=\"3863\">Introduction<\/strong><\/h3>\n<p data-start=\"3866\" data-end=\"4264\">Le <strong data-start=\"3869\" data-end=\"3917\">Mini-balance num\u00e9rique pour r\u00e9servoir \u2013 20 g x 0,001 g<\/strong> est un <strong data-start=\"3925\" data-end=\"3955\">balance de poche de haute pr\u00e9cision<\/strong> con\u00e7u pour <strong data-start=\"3971\" data-end=\"4028\">applications de laboratoire, de bijouterie et d&#039;analyse<\/strong> o\u00f9 une pr\u00e9cision maximale est requise. Mini-balance num\u00e9rique pour r\u00e9servoir<br data-start=\"4072\" data-end=\"4075\" \/>Avec une pr\u00e9cision de <strong data-start=\"4096\" data-end=\"4120\">0,001 g (1 milligramme)<\/strong> et une conception compacte et robuste offre \u00e0 cette mini balance <strong data-start=\"4180\" data-end=\"4214\">mesures rapides et fiables<\/strong> pour poudres, pierres pr\u00e9cieuses ou \u00e9chantillons chimiques.<\/p>\n<p data-start=\"4266\" data-end=\"4457\">Que vous travailliez dans un <strong data-start=\"4287\" data-end=\"4303\">laboratoire<\/strong>, Un <strong data-start=\"4309\" data-end=\"4328\">configuration \u00e0 domicile<\/strong> ou un <strong data-start=\"4336\" data-end=\"4362\">environnement professionnel<\/strong>, la mini-balance num\u00e9rique pour r\u00e9servoir offre <strong data-start=\"4404\" data-end=\"4454\">qualit\u00e9 de laboratoire dans un format portable<\/strong>.<\/p>\n<blockquote data-start=\"4459\" data-end=\"4576\">\n<p data-start=\"4461\" data-end=\"4576\">\u2699\ufe0f Parfait pour peser des poudres fines, des microdoses ou des mat\u00e9riaux pr\u00e9cieux avec une pr\u00e9cision au milligramme.<\/p>\n<\/blockquote>\n<hr data-start=\"4578\" data-end=\"4581\" \/>\n<h3 data-start=\"4583\" data-end=\"4614\"><strong data-start=\"4587\" data-end=\"4614\">Caract\u00e9ristiques principales<\/strong><\/h3>\n<div class=\"_tableContainer_1rjym_1\">\n<div class=\"group _tableWrapper_1rjym_13 flex w-fit flex-col-reverse\" tabindex=\"-1\">\n<table class=\"w-fit min-w-(--thread-content-width)\" data-start=\"4616\" data-end=\"5132\">\n<thead data-start=\"4616\" data-end=\"4642\">\n<tr data-start=\"4616\" data-end=\"4642\">\n<th data-start=\"4616\" data-end=\"4626\" data-col-size=\"sm\">Fonctionnalit\u00e9<\/th>\n<th data-start=\"4626\" data-end=\"4642\" data-col-size=\"sm\">Description<\/th>\n<\/tr>\n<\/thead>\n<tbody data-start=\"4671\" data-end=\"5132\">\n<tr data-start=\"4671\" data-end=\"4716\">\n<td data-start=\"4671\" data-end=\"4683\" data-col-size=\"sm\"><strong data-start=\"4673\" data-end=\"4682\">Mod\u00e8le<\/strong><\/td>\n<td data-start=\"4683\" data-end=\"4716\" data-col-size=\"sm\">Mini-balance num\u00e9rique pour r\u00e9servoir<\/td>\n<\/tr>\n<tr data-start=\"4717\" data-end=\"4750\">\n<td data-start=\"4717\" data-end=\"4734\" data-col-size=\"sm\"><strong data-start=\"4719\" data-end=\"4733\">Plage de mesure<\/strong><\/td>\n<td data-start=\"4734\" data-end=\"4750\" data-col-size=\"sm\">0,001 g \u2013 20 g<\/td>\n<\/tr>\n<tr data-start=\"4751\" data-end=\"4797\">\n<td data-start=\"4751\" data-end=\"4772\" data-col-size=\"sm\"><strong data-start=\"4753\" data-end=\"4771\">Pr\u00e9cision<\/strong><\/td>\n<td data-start=\"4772\" data-end=\"4797\" data-col-size=\"sm\">\u00b10,001 g (1 milligramme)<\/td>\n<\/tr>\n<tr data-start=\"4798\" data-end=\"4843\">\n<td data-start=\"4798\" data-end=\"4812\" data-col-size=\"sm\"><strong data-start=\"4800\" data-end=\"4811\">Afficher<\/strong><\/td>\n<td data-start=\"4812\" data-end=\"4843\" data-col-size=\"sm\">\u00c9cran LCD \u00e9clair\u00e9 (bleu)<\/td>\n<\/tr>\n<tr data-start=\"4844\" data-end=\"4882\">\n<td data-start=\"4844\" data-end=\"4860\" data-col-size=\"sm\"><strong data-start=\"4846\" data-end=\"4859\">Unit\u00e9s de mesure<\/strong><\/td>\n<td data-start=\"4860\" data-end=\"4882\" data-col-size=\"sm\">g, oz, ct, gn, dwt<\/td>\n<\/tr>\n<tr data-start=\"4883\" data-end=\"4921\">\n<td data-start=\"4883\" data-end=\"4902\" data-col-size=\"sm\"><strong data-start=\"4885\" data-end=\"4901\">Plateforme de pes\u00e9e<\/strong><\/td>\n<td data-start=\"4902\" data-end=\"4921\" data-col-size=\"sm\">Acier inoxydable<\/td>\n<\/tr>\n<tr data-start=\"4922\" data-end=\"4971\">\n<td data-start=\"4922\" data-end=\"4936\" data-col-size=\"sm\"><strong data-start=\"4924\" data-end=\"4935\">Alimentation \u00e9lectrique<\/strong><\/td>\n<td data-start=\"4936\" data-end=\"4971\" data-col-size=\"sm\">2 piles AAA (incluses)<\/td>\n<\/tr>\n<tr data-start=\"4972\" data-end=\"5019\">\n<td data-start=\"4972\" data-end=\"4989\" data-col-size=\"sm\"><strong data-start=\"4974\" data-end=\"4988\">Dimensions<\/strong><\/td>\n<td data-start=\"4989\" data-end=\"5019\" data-col-size=\"sm\">Conception compacte et portable<\/td>\n<\/tr>\n<tr data-start=\"5020\" data-end=\"5082\">\n<td data-start=\"5020\" data-end=\"5053\" data-col-size=\"sm\"><strong data-start=\"5022\" data-end=\"5052\">Arr\u00eat automatique<\/strong><\/td>\n<td data-start=\"5053\" data-end=\"5082\" data-col-size=\"sm\">Fonction d&#039;\u00e9conomie d&#039;\u00e9nergie<\/td>\n<\/tr>\n<tr data-start=\"5083\" data-end=\"5132\">\n<td data-start=\"5083\" data-end=\"5101\" data-col-size=\"sm\"><strong data-start=\"5085\" data-end=\"5100\">Capuchon de protection<\/strong><\/td>\n<td data-start=\"5101\" data-end=\"5132\" data-col-size=\"sm\">Prot\u00e8ge pendant le transport<\/td>\n<\/tr>\n<\/tbody>\n<\/table>\n<\/div>\n<\/div>\n<hr data-start=\"5134\" data-end=\"5137\" \/>\n<h3 data-start=\"5139\" data-end=\"5156\"><strong data-start=\"5143\" data-end=\"5156\">Avantages<\/strong><\/h3>\n<ul data-start=\"5158\" data-end=\"5604\">\n<li data-start=\"5158\" data-end=\"5224\">\n<p data-start=\"5160\" data-end=\"5224\"><strong data-start=\"5160\" data-end=\"5182\">Extr\u00eamement pr\u00e9cis<\/strong> \u2013 P\u00e8se avec une pr\u00e9cision de 0,001 g (1 mg).<\/p>\n<\/li>\n<li data-start=\"5225\" data-end=\"5289\">\n<p data-start=\"5227\" data-end=\"5289\"><strong data-start=\"5227\" data-end=\"5250\">Compact et portable<\/strong> \u2013 Se glisse facilement dans une poche ou un tiroir de bureau.<\/p>\n<\/li>\n<li data-start=\"5290\" data-end=\"5365\">\n<p data-start=\"5292\" data-end=\"5365\"><strong data-start=\"5292\" data-end=\"5312\">Conception durable<\/strong> \u2013 Plateforme en acier inoxydable pour une utilisation longue dur\u00e9e.<\/p>\n<\/li>\n<li data-start=\"5366\" data-end=\"5457\">\n<p data-start=\"5368\" data-end=\"5457\"><strong data-start=\"5368\" data-end=\"5395\">Diff\u00e9rentes unit\u00e9s de mesure<\/strong> \u2013 Basculez facilement entre les grammes, les onces, les carats et plus encore.<\/p>\n<\/li>\n<li data-start=\"5458\" data-end=\"5531\">\n<p data-start=\"5460\" data-end=\"5531\"><strong data-start=\"5460\" data-end=\"5483\">Convivial<\/strong> \u2013 Utilisation facile avec \u00e9cran LCD clair.<\/p>\n<\/li>\n<li data-start=\"5532\" data-end=\"5604\">\n<p data-start=\"5534\" data-end=\"5604\"><strong data-start=\"5534\" data-end=\"5559\">Housse de protection incluse<\/strong> \u2013 Maintient la balance propre et prot\u00e9g\u00e9e. Mini-balance num\u00e9rique pour r\u00e9servoir<\/p>\n<\/li>\n<\/ul>\n<hr data-start=\"5606\" data-end=\"5609\" \/>\n<h3 data-start=\"5611\" data-end=\"5626\"><strong data-start=\"5615\" data-end=\"5626\">Usage<\/strong><\/h3>\n<ol data-start=\"5628\" data-end=\"6084\">\n<li data-start=\"5628\" data-end=\"5718\">\n<p data-start=\"5631\" data-end=\"5718\"><strong data-start=\"5631\" data-end=\"5663\">Placer sur une surface plane<\/strong> \u2013 Utiliser sur une surface stable et sans vibrations.<\/p>\n<\/li>\n<li data-start=\"5719\" data-end=\"5831\">\n<p data-start=\"5722\" data-end=\"5831\"><strong data-start=\"5722\" data-end=\"5748\">Calibrer avant utilisation<\/strong> \u2013 Suivez les instructions d\u2019\u00e9talonnage en utilisant le poids fourni (si disponible).<\/p>\n<\/li>\n<li data-start=\"5832\" data-end=\"5906\">\n<p data-start=\"5835\" data-end=\"5906\"><strong data-start=\"5835\" data-end=\"5860\">S\u00e9lectionnez l&#039;unit\u00e9 de mesure<\/strong> \u2013 Choisissez entre gramme, once, carat ou grain.<\/p>\n<\/li>\n<li data-start=\"5907\" data-end=\"6003\">\n<p data-start=\"5910\" data-end=\"6003\"><strong data-start=\"5910\" data-end=\"5934\">Utiliser la fonction TARE<\/strong> \u2013 Poids nul des conteneurs pour des mesures pr\u00e9cises.<\/p>\n<\/li>\n<li data-start=\"6004\" data-end=\"6084\">\n<p data-start=\"6007\" data-end=\"6084\"><strong data-start=\"6007\" data-end=\"6026\">Peser avec pr\u00e9cision<\/strong> \u2013 Ajoutez lentement la mati\u00e8re jusqu\u2019au poids souhait\u00e9.<\/p>\n<\/li>\n<\/ol>\n<hr data-start=\"6086\" data-end=\"6089\" \/>\n<h3 data-start=\"6091\" data-end=\"6126\"><strong data-start=\"6095\" data-end=\"6124\">Foire aux questions (FAQ)<\/strong><\/h3>\n<p data-start=\"6128\" data-end=\"6315\"><strong data-start=\"6128\" data-end=\"6184\">1. Qu&#039;est-ce qui rend la mini-balance num\u00e9rique pour r\u00e9servoir unique ?<\/strong><br data-start=\"6184\" data-end=\"6187\" \/>Cette \u00e9chelle offre une <strong data-start=\"6213\" data-end=\"6236\">pr\u00e9cision de 0,001 g<\/strong>, quoi <strong data-start=\"6242\" data-end=\"6262\">10 fois plus pr\u00e9cis<\/strong> est sup\u00e9rieur \u00e0 la plupart des balances de poche standard (0,01 g).<\/p>\n<p data-start=\"6317\" data-end=\"6502\"><strong data-start=\"6317\" data-end=\"6368\">2. Est-ce adapt\u00e9 \u00e0 la recherche en laboratoire ?<\/strong><br data-start=\"6368\" data-end=\"6371\" \/>Oui, l&#039;\u00e9chelle est adapt\u00e9e pour <strong data-start=\"6407\" data-end=\"6448\">applications analytiques et chimiques<\/strong>, s&#039;il est utilis\u00e9 dans un <strong data-start=\"6471\" data-end=\"6499\">environnement sec et stable<\/strong>.<\/p>\n<p data-start=\"6504\" data-end=\"6669\"><strong data-start=\"6504\" data-end=\"6562\">3. Les piles et le poids d&#039;\u00e9talonnage sont-ils inclus ?<\/strong><br data-start=\"6562\" data-end=\"6565\" \/>Oui, il y en a <strong data-start=\"6579\" data-end=\"6601\">2 piles AAA<\/strong> inclus. Certains ensembles comprennent \u00e9galement un <strong data-start=\"6645\" data-end=\"6666\">poids d&#039;\u00e9talonnage<\/strong>.<\/p>","protected":false},"excerpt":{"rendered":"<p><strong>Caract\u00e9ristiques:<\/strong><\/p>\n<ul>\n<li>Num\u00e9rique<\/li>\n<li>P\u00e8se \u00e0 partir de 0,001 g<\/li>\n<li>P\u00e8se max. 20 g<\/li>\n<li>Fonctionne avec : 2 piles AAA<\/li>\n<li>\u00e9cran LCD<\/li>\n<li>Couleur : noir<\/li>\n<\/ul>","protected":false},"featured_media":21116,"comment_status":"closed","ping_status":"closed","template":"","meta":[],"product_brand":[],"product_cat":[451],"product_tag":[452,764,767,849,765,766,768],"class_list":{"0":"post-24342","1":"product","2":"type-product","3":"status-publish","4":"has-post-thumbnail","6":"product_cat-weegschalen","7":"product_tag-de","8":"product_tag-digitale-cs-weegschaal","9":"product_tag-digitale-microweegschaal","10":"product_tag-digitale-tank-mini-weegschaal","11":"product_tag-milligramweegschaal","12":"product_tag-precise-weegschaal-0-001g","13":"product_tag-weegschaal-voor-research-chemicals","15":"first","16":"instock","17":"taxable","18":"shipping-taxable","19":"purchasable","20":"product-type-simple"},"_links":{"self":[{"href":"https:\/\/onderzoekschemicals.com\/fr\/wp-json\/wp\/v2\/product\/24342","targetHints":{"allow":["GET"]}}],"collection":[{"href":"https:\/\/onderzoekschemicals.com\/fr\/wp-json\/wp\/v2\/product"}],"about":[{"href":"https:\/\/onderzoekschemicals.com\/fr\/wp-json\/wp\/v2\/types\/product"}],"replies":[{"embeddable":true,"href":"https:\/\/onderzoekschemicals.com\/fr\/wp-json\/wp\/v2\/comments?post=24342"}],"version-history":[{"count":6,"href":"https:\/\/onderzoekschemicals.com\/fr\/wp-json\/wp\/v2\/product\/24342\/revisions"}],"predecessor-version":[{"id":27801,"href":"https:\/\/onderzoekschemicals.com\/fr\/wp-json\/wp\/v2\/product\/24342\/revisions\/27801"}],"wp:featuredmedia":[{"embeddable":true,"href":"https:\/\/onderzoekschemicals.com\/fr\/wp-json\/wp\/v2\/media\/21116"}],"wp:attachment":[{"href":"https:\/\/onderzoekschemicals.com\/fr\/wp-json\/wp\/v2\/media?parent=24342"}],"wp:term":[{"taxonomy":"product_brand","embeddable":true,"href":"https:\/\/onderzoekschemicals.com\/fr\/wp-json\/wp\/v2\/product_brand?post=24342"},{"taxonomy":"product_cat","embeddable":true,"href":"https:\/\/onderzoekschemicals.com\/fr\/wp-json\/wp\/v2\/product_cat?post=24342"},{"taxonomy":"product_tag","embeddable":true,"href":"https:\/\/onderzoekschemicals.com\/fr\/wp-json\/wp\/v2\/product_tag?post=24342"}],"curies":[{"name":"wp","href":"https:\/\/api.w.org\/{rel}","templated":true}]}}