{"id":24338,"date":"2025-04-13T17:41:30","date_gmt":"2025-04-13T17:41:30","guid":{"rendered":"https:\/\/onderzoekschemicals.com\/?post_type=product&#038;p=24338"},"modified":"2025-11-28T06:48:09","modified_gmt":"2025-11-28T06:48:09","slug":"4-ho-met-spray-7","status":"publish","type":"product","link":"https:\/\/onderzoekschemicals.com\/fr\/shop\/4-ho-met\/4-ho-met-spray-7\/","title":{"rendered":"Spray chimique 4-HO-MET 7%"},"content":{"rendered":"<h3 data-start=\"3979\" data-end=\"4000\"><strong data-start=\"3983\" data-end=\"3998\"><span dir=\"auto\" style=\"vertical-align: inherit;\"><span dir=\"auto\" style=\"vertical-align: inherit;\">Introduction<\/span><\/span><\/strong><\/h3>\n<p data-start=\"4001\" data-end=\"4480\"><strong data-start=\"4001\" data-end=\"4032\"><span dir=\"auto\" style=\"vertical-align: inherit;\"><span dir=\"auto\" style=\"vertical-align: inherit;\">Spray Chem-Mist 4-HO-MET 7%<\/span><\/span><\/strong><span dir=\"auto\" style=\"vertical-align: inherit;\"><span dir=\"auto\" style=\"vertical-align: inherit;\"> est un <\/span><\/span><strong data-start=\"4040\" data-end=\"4088\"><span dir=\"auto\" style=\"vertical-align: inherit;\"><span dir=\"auto\" style=\"vertical-align: inherit;\">solution de recherche formul\u00e9e avec pr\u00e9cision<\/span><\/span><\/strong><span dir=\"auto\" style=\"vertical-align: inherit;\"><span dir=\"auto\" style=\"vertical-align: inherit;\"> contenant <\/span><\/span><strong data-start=\"4093\" data-end=\"4147\"><span dir=\"auto\" style=\"vertical-align: inherit;\"><span dir=\"auto\" style=\"vertical-align: inherit;\">7% 4-HO-MET (4-hydroxy-N-m\u00e9thyl-N-\u00e9thyltryptamine)<\/span><\/span><\/strong><span dir=\"auto\" style=\"vertical-align: inherit;\"><span dir=\"auto\" style=\"vertical-align: inherit;\"> dans un <\/span><\/span><strong data-start=\"4155\" data-end=\"4189\"><span dir=\"auto\" style=\"vertical-align: inherit;\"><span dir=\"auto\" style=\"vertical-align: inherit;\">base d&#039;\u00e9thanol-eau de haute puret\u00e9<\/span><\/span><\/strong><span dir=\"auto\" style=\"vertical-align: inherit;\"><span dir=\"auto\" style=\"vertical-align: inherit;\"> . 4 heures rencontr\u00e9es <\/span><\/span><br data-start=\"4190\" data-end=\"4193\" \/><span dir=\"auto\" style=\"vertical-align: inherit;\"><span dir=\"auto\" style=\"vertical-align: inherit;\">Il appartient \u00e0 la <\/span><\/span><strong data-start=\"4212\" data-end=\"4232\"><span dir=\"auto\" style=\"vertical-align: inherit;\"><span dir=\"auto\" style=\"vertical-align: inherit;\">classe de tryptamine<\/span><\/span><\/strong><span dir=\"auto\" style=\"vertical-align: inherit;\"><span dir=\"auto\" style=\"vertical-align: inherit;\"> et est structurellement li\u00e9 \u00e0 <\/span><\/span><strong data-start=\"4263\" data-end=\"4287\"><span dir=\"auto\" style=\"vertical-align: inherit;\"><span dir=\"auto\" style=\"vertical-align: inherit;\">psilocine (4-HO-DMT)<\/span><\/span><\/strong><span dir=\"auto\" style=\"vertical-align: inherit;\"><span dir=\"auto\" style=\"vertical-align: inherit;\"> et <\/span><\/span><strong data-start=\"4291\" data-end=\"4304\"><span dir=\"auto\" style=\"vertical-align: inherit;\"><span dir=\"auto\" style=\"vertical-align: inherit;\">4-AcO-MET<\/span><\/span><\/strong><span dir=\"auto\" style=\"vertical-align: inherit;\"><span dir=\"auto\" style=\"vertical-align: inherit;\"> Il est utilis\u00e9 dans <\/span><\/span><strong data-start=\"4328\" data-end=\"4369\"><span dir=\"auto\" style=\"vertical-align: inherit;\"><span dir=\"auto\" style=\"vertical-align: inherit;\">\u00e9tudes analytiques et neurochimiques<\/span><\/span><\/strong><span dir=\"auto\" style=\"vertical-align: inherit;\"><span dir=\"auto\" style=\"vertical-align: inherit;\"> ou <\/span><\/span><strong data-start=\"4375\" data-end=\"4394\"><span dir=\"auto\" style=\"vertical-align: inherit;\"><span dir=\"auto\" style=\"vertical-align: inherit;\">liaison au r\u00e9cepteur<\/span><\/span><\/strong><span dir=\"auto\" style=\"vertical-align: inherit;\"><span dir=\"auto\" style=\"vertical-align: inherit;\"> , <\/span><\/span><strong data-start=\"4396\" data-end=\"4431\"><span dir=\"auto\" style=\"vertical-align: inherit;\"><span dir=\"auto\" style=\"vertical-align: inherit;\">propri\u00e9t\u00e9s chromatographiques<\/span><\/span><\/strong><span dir=\"auto\" style=\"vertical-align: inherit;\"><span dir=\"auto\" style=\"vertical-align: inherit;\"> , et <\/span><\/span><strong data-start=\"4435\" data-end=\"4477\"><span dir=\"auto\" style=\"vertical-align: inherit;\"><span dir=\"auto\" style=\"vertical-align: inherit;\">relations structure-activit\u00e9 (SAR)<\/span><\/span><\/strong><span dir=\"auto\" style=\"vertical-align: inherit;\"><span dir=\"auto\" style=\"vertical-align: inherit;\"> .<\/span><\/span><\/p>\n<p data-start=\"4482\" data-end=\"4647\"><span dir=\"auto\" style=\"vertical-align: inherit;\"><span dir=\"auto\" style=\"vertical-align: inherit;\">Le <\/span><\/span><strong data-start=\"4486\" data-end=\"4513\"><span dir=\"auto\" style=\"vertical-align: inherit;\"><span dir=\"auto\" style=\"vertical-align: inherit;\">Syst\u00e8me de pulv\u00e9risation Chem-Mist<\/span><\/span><\/strong><span dir=\"auto\" style=\"vertical-align: inherit;\"><span dir=\"auto\" style=\"vertical-align: inherit;\"> permet <\/span><\/span><strong data-start=\"4520\" data-end=\"4569\"><span dir=\"auto\" style=\"vertical-align: inherit;\"><span dir=\"auto\" style=\"vertical-align: inherit;\">microapplications pr\u00e9cises et reproductibles<\/span><\/span><\/strong><span dir=\"auto\" style=\"vertical-align: inherit;\"><span dir=\"auto\" style=\"vertical-align: inherit;\"> pour la recherche en laboratoire, avec un dosage contr\u00f4l\u00e9 par pulv\u00e9risation.<\/span><\/span><\/p>\n<blockquote data-start=\"4649\" data-end=\"4808\">\n<p data-start=\"4651\" data-end=\"4808\">\u26a0\ufe0f <strong data-start=\"4654\" data-end=\"4665\"><span dir=\"auto\" style=\"vertical-align: inherit;\"><span dir=\"auto\" style=\"vertical-align: inherit;\">Prudence:<\/span><\/span><\/strong><span dir=\"auto\" style=\"vertical-align: inherit;\"><span dir=\"auto\" style=\"vertical-align: inherit;\"> Le spray Chem-Mist 4-HO-MET est destin\u00e9 \u00e0 <\/span><\/span><strong data-start=\"4719\" data-end=\"4754\"><span dir=\"auto\" style=\"vertical-align: inherit;\"><span dir=\"auto\" style=\"vertical-align: inherit;\">utilisation \u00e0 des fins de recherche et d&#039;analyse<\/span><\/span><\/strong><span dir=\"auto\" style=\"vertical-align: inherit;\"><span dir=\"auto\" style=\"vertical-align: inherit;\"> seulement - <\/span><\/span><strong data-start=\"4757\" data-end=\"4806\"><span dir=\"auto\" style=\"vertical-align: inherit;\"><span dir=\"auto\" style=\"vertical-align: inherit;\">Ne pas consommer par l&#039;homme ou l&#039;animal.<\/span><\/span><\/strong><\/p>\n<\/blockquote>\n<hr data-start=\"4810\" data-end=\"4813\" \/>\n<h3 data-start=\"4815\" data-end=\"4846\"><strong data-start=\"4819\" data-end=\"4846\"><span dir=\"auto\" style=\"vertical-align: inherit;\"><span dir=\"auto\" style=\"vertical-align: inherit;\">Caract\u00e9ristiques principales<\/span><\/span><\/strong><\/h3>\n<div class=\"_tableContainer_1rjym_1\">\n<div class=\"group _tableWrapper_1rjym_13 flex w-fit flex-col-reverse\" tabindex=\"-1\">\n<table class=\"w-fit min-w-(--thread-content-width)\" data-start=\"4848\" data-end=\"5462\">\n<thead data-start=\"4848\" data-end=\"4874\">\n<tr data-start=\"4848\" data-end=\"4874\">\n<th data-start=\"4848\" data-end=\"4858\" data-col-size=\"sm\"><span dir=\"auto\" style=\"vertical-align: inherit;\"><span dir=\"auto\" style=\"vertical-align: inherit;\">Fonctionnalit\u00e9<\/span><\/span><\/th>\n<th data-start=\"4858\" data-end=\"4874\" data-col-size=\"md\"><span dir=\"auto\" style=\"vertical-align: inherit;\"><span dir=\"auto\" style=\"vertical-align: inherit;\">Description<\/span><\/span><\/th>\n<\/tr>\n<\/thead>\n<tbody data-start=\"4903\" data-end=\"5462\">\n<tr data-start=\"4903\" data-end=\"4978\">\n<td data-start=\"4903\" data-end=\"4924\" data-col-size=\"sm\"><strong data-start=\"4905\" data-end=\"4923\"><span dir=\"auto\" style=\"vertical-align: inherit;\"><span dir=\"auto\" style=\"vertical-align: inherit;\">Nom chimique<\/span><\/span><\/strong><\/td>\n<td data-start=\"4924\" data-end=\"4978\" data-col-size=\"md\"><span dir=\"auto\" style=\"vertical-align: inherit;\"><span dir=\"auto\" style=\"vertical-align: inherit;\">Chlorhydrate de 4-hydroxy-N-m\u00e9thyl-N-\u00e9thyltryptamine<\/span><\/span><\/td>\n<\/tr>\n<tr data-start=\"4979\" data-end=\"5026\">\n<td data-start=\"4979\" data-end=\"5004\" data-col-size=\"sm\"><strong data-start=\"4981\" data-end=\"5003\"><span dir=\"auto\" style=\"vertical-align: inherit;\"><span dir=\"auto\" style=\"vertical-align: inherit;\">Nom commun<\/span><\/span><\/strong><\/td>\n<td data-start=\"5004\" data-end=\"5026\" data-col-size=\"md\"><span dir=\"auto\" style=\"vertical-align: inherit;\"><span dir=\"auto\" style=\"vertical-align: inherit;\">4-HO-MET \/ M\u00e9tocine<\/span><\/span><\/td>\n<\/tr>\n<tr data-start=\"5027\" data-end=\"5065\">\n<td data-start=\"5027\" data-end=\"5046\" data-col-size=\"sm\"><strong data-start=\"5029\" data-end=\"5045\"><span dir=\"auto\" style=\"vertical-align: inherit;\"><span dir=\"auto\" style=\"vertical-align: inherit;\">Concentration<\/span><\/span><\/strong><\/td>\n<td data-start=\"5046\" data-end=\"5065\" data-col-size=\"md\"><span dir=\"auto\" style=\"vertical-align: inherit;\"><span dir=\"auto\" style=\"vertical-align: inherit;\">ingr\u00e9dient actif 7%<\/span><\/span><\/td>\n<\/tr>\n<tr data-start=\"5066\" data-end=\"5105\">\n<td data-start=\"5066\" data-end=\"5077\" data-col-size=\"sm\"><strong data-start=\"5068\" data-end=\"5076\"><span dir=\"auto\" style=\"vertical-align: inherit;\"><span dir=\"auto\" style=\"vertical-align: inherit;\">Formulaire<\/span><\/span><\/strong><\/td>\n<td data-start=\"5077\" data-end=\"5105\" data-col-size=\"md\"><span dir=\"auto\" style=\"vertical-align: inherit;\"><span dir=\"auto\" style=\"vertical-align: inherit;\">Solution de pulv\u00e9risation liquide<\/span><\/span><\/td>\n<\/tr>\n<tr data-start=\"5106\" data-end=\"5174\">\n<td data-start=\"5106\" data-end=\"5129\" data-col-size=\"sm\"><strong data-start=\"5108\" data-end=\"5128\"><span dir=\"auto\" style=\"vertical-align: inherit;\"><span dir=\"auto\" style=\"vertical-align: inherit;\">\u00c0 base de solvant<\/span><\/span><\/strong><\/td>\n<td data-start=\"5129\" data-end=\"5174\" data-col-size=\"md\"><span dir=\"auto\" style=\"vertical-align: inherit;\"><span dir=\"auto\" style=\"vertical-align: inherit;\">\u00c9thanol de haute puret\u00e9 + eau distill\u00e9e<\/span><\/span><\/td>\n<\/tr>\n<tr data-start=\"5175\" data-end=\"5226\">\n<td data-start=\"5175\" data-end=\"5192\" data-col-size=\"sm\"><strong data-start=\"5177\" data-end=\"5191\"><span dir=\"auto\" style=\"vertical-align: inherit;\"><span dir=\"auto\" style=\"vertical-align: inherit;\">Puret\u00e9<\/span><\/span><\/strong><\/td>\n<td data-start=\"5192\" data-end=\"5226\" data-col-size=\"md\"><span dir=\"auto\" style=\"vertical-align: inherit;\"><span dir=\"auto\" style=\"vertical-align: inherit;\">\u2265 98% (test\u00e9 par HPLC et RMN)<\/span><\/span><\/td>\n<\/tr>\n<tr data-start=\"5227\" data-end=\"5273\">\n<td data-start=\"5227\" data-end=\"5250\" data-col-size=\"sm\"><strong data-start=\"5229\" data-end=\"5249\"><span dir=\"auto\" style=\"vertical-align: inherit;\"><span dir=\"auto\" style=\"vertical-align: inherit;\">Classe chimique<\/span><\/span><\/strong><\/td>\n<td data-start=\"5250\" data-end=\"5273\" data-col-size=\"md\"><span dir=\"auto\" style=\"vertical-align: inherit;\"><span dir=\"auto\" style=\"vertical-align: inherit;\">d\u00e9riv\u00e9 de tryptamine<\/span><\/span><\/td>\n<\/tr>\n<tr data-start=\"5274\" data-end=\"5327\">\n<td data-start=\"5274\" data-end=\"5299\" data-col-size=\"sm\"><strong data-start=\"5276\" data-end=\"5298\"><span dir=\"auto\" style=\"vertical-align: inherit;\"><span dir=\"auto\" style=\"vertical-align: inherit;\">Mode d&#039;administration<\/span><\/span><\/strong><\/td>\n<td data-start=\"5299\" data-end=\"5327\" data-col-size=\"md\"><span dir=\"auto\" style=\"vertical-align: inherit;\"><span dir=\"auto\" style=\"vertical-align: inherit;\">Applicateur de pulv\u00e9risation de pr\u00e9cision<\/span><\/span><\/td>\n<\/tr>\n<tr data-start=\"5328\" data-end=\"5407\">\n<td data-start=\"5328\" data-end=\"5342\" data-col-size=\"sm\"><strong data-start=\"5330\" data-end=\"5341\"><span dir=\"auto\" style=\"vertical-align: inherit;\"><span dir=\"auto\" style=\"vertical-align: inherit;\">Usage<\/span><\/span><\/strong><\/td>\n<td data-start=\"5342\" data-end=\"5407\" data-col-size=\"md\"><span dir=\"auto\" style=\"vertical-align: inherit;\"><span dir=\"auto\" style=\"vertical-align: inherit;\">Uniquement pour la recherche analytique, m\u00e9dico-l\u00e9gale et neurochimique<\/span><\/span><\/td>\n<\/tr>\n<tr data-start=\"5408\" data-end=\"5462\">\n<td data-start=\"5408\" data-end=\"5425\" data-col-size=\"sm\"><strong data-start=\"5410\" data-end=\"5424\"><span dir=\"auto\" style=\"vertical-align: inherit;\"><span dir=\"auto\" style=\"vertical-align: inherit;\">Conditionnement<\/span><\/span><\/strong><\/td>\n<td data-start=\"5425\" data-end=\"5462\" data-col-size=\"md\"><span dir=\"auto\" style=\"vertical-align: inherit;\"><span dir=\"auto\" style=\"vertical-align: inherit;\">Flacon pulv\u00e9risateur de 10 ml avec bouchon scell\u00e9<\/span><\/span><\/td>\n<\/tr>\n<\/tbody>\n<\/table>\n<\/div>\n<\/div>\n<hr data-start=\"5464\" data-end=\"5467\" \/>\n<h3 data-start=\"5469\" data-end=\"5486\"><strong data-start=\"5473\" data-end=\"5486\"><span dir=\"auto\" style=\"vertical-align: inherit;\"><span dir=\"auto\" style=\"vertical-align: inherit;\">Avantages<\/span><\/span><\/strong><\/h3>\n<ul data-start=\"5488\" data-end=\"5857\">\n<li data-start=\"5488\" data-end=\"5570\">\n<p data-start=\"5490\" data-end=\"5570\"><strong data-start=\"5490\" data-end=\"5516\"><span dir=\"auto\" style=\"vertical-align: inherit;\"><span dir=\"auto\" style=\"vertical-align: inherit;\">Formule pr\u00e9cise 7%<\/span><\/span><\/strong><span dir=\"auto\" style=\"vertical-align: inherit;\"><span dir=\"auto\" style=\"vertical-align: inherit;\"> \u2013 Assure une concentration constante et fiable.<\/span><\/span><\/p>\n<\/li>\n<li data-start=\"5571\" data-end=\"5639\">\n<p data-start=\"5573\" data-end=\"5639\"><strong data-start=\"5573\" data-end=\"5590\"><span dir=\"auto\" style=\"vertical-align: inherit;\"><span dir=\"auto\" style=\"vertical-align: inherit;\">Pr\u00eat \u00e0 l&#039;emploi<\/span><\/span><\/strong><span dir=\"auto\" style=\"vertical-align: inherit;\"><span dir=\"auto\" style=\"vertical-align: inherit;\"> \u2013 Directement applicable \u00e0 la recherche analytique.<\/span><\/span><\/p>\n<\/li>\n<li data-start=\"5640\" data-end=\"5722\">\n<p data-start=\"5642\" data-end=\"5722\"><strong data-start=\"5642\" data-end=\"5661\"><span dir=\"auto\" style=\"vertical-align: inherit;\"><span dir=\"auto\" style=\"vertical-align: inherit;\">Haute puret\u00e9<\/span><\/span><\/strong><span dir=\"auto\" style=\"vertical-align: inherit;\"><span dir=\"auto\" style=\"vertical-align: inherit;\"> \u2013 \u2265 98% qualit\u00e9 laboratoire pour des r\u00e9sultats coh\u00e9rents.<\/span><\/span><\/p>\n<\/li>\n<li data-start=\"5723\" data-end=\"5789\">\n<p data-start=\"5725\" data-end=\"5789\"><strong data-start=\"5725\" data-end=\"5749\"><span dir=\"auto\" style=\"vertical-align: inherit;\"><span dir=\"auto\" style=\"vertical-align: inherit;\">Conception de pulv\u00e9risation de pr\u00e9cision<\/span><\/span><\/strong><span dir=\"auto\" style=\"vertical-align: inherit;\"><span dir=\"auto\" style=\"vertical-align: inherit;\"> \u2013 Dosage reproductible par pulv\u00e9risation.<\/span><\/span><\/p>\n<\/li>\n<li data-start=\"5790\" data-end=\"5857\">\n<p data-start=\"5792\" data-end=\"5857\"><strong data-start=\"5792\" data-end=\"5816\"><span dir=\"auto\" style=\"vertical-align: inherit;\"><span dir=\"auto\" style=\"vertical-align: inherit;\">Formulation stable<\/span><\/span><\/strong><span dir=\"auto\" style=\"vertical-align: inherit;\"><span dir=\"auto\" style=\"vertical-align: inherit;\"> \u2013 Maintient la qualit\u00e9 gr\u00e2ce \u00e0 un stockage appropri\u00e9. 4 heures avec<\/span><\/span><\/p>\n<\/li>\n<\/ul>\n<hr data-start=\"5859\" data-end=\"5862\" \/>\n<h3 data-start=\"5864\" data-end=\"5916\"><strong data-start=\"5868\" data-end=\"5914\"><span dir=\"auto\" style=\"vertical-align: inherit;\"><span dir=\"auto\" style=\"vertical-align: inherit;\">Utilisation (\u00e0 des fins de recherche uniquement)<\/span><\/span><\/strong><\/h3>\n<ol data-start=\"5918\" data-end=\"6313\">\n<li data-start=\"5918\" data-end=\"5987\">\n<p data-start=\"5921\" data-end=\"5987\"><strong data-start=\"5921\" data-end=\"5936\"><span dir=\"auto\" style=\"vertical-align: inherit;\"><span dir=\"auto\" style=\"vertical-align: inherit;\">Manutention:<\/span><\/span><\/strong><span dir=\"auto\" style=\"vertical-align: inherit;\"><span dir=\"auto\" style=\"vertical-align: inherit;\"> Portez des gants, des lunettes de s\u00e9curit\u00e9 et une blouse de laboratoire.<\/span><\/span><\/p>\n<\/li>\n<li data-start=\"5988\" data-end=\"6062\">\n<p data-start=\"5991\" data-end=\"6062\"><strong data-start=\"5991\" data-end=\"6006\"><span dir=\"auto\" style=\"vertical-align: inherit;\"><span dir=\"auto\" style=\"vertical-align: inherit;\">\u00c9talonnage:<\/span><\/span><\/strong><span dir=\"auto\" style=\"vertical-align: inherit;\"><span dir=\"auto\" style=\"vertical-align: inherit;\"> Une seule pulv\u00e9risation permet de d\u00e9livrer une quantit\u00e9 exacte et reproductible.<\/span><\/span><\/p>\n<\/li>\n<li data-start=\"6063\" data-end=\"6156\">\n<p data-start=\"6066\" data-end=\"6156\"><strong data-start=\"6066\" data-end=\"6081\"><span dir=\"auto\" style=\"vertical-align: inherit;\"><span dir=\"auto\" style=\"vertical-align: inherit;\">Application:<\/span><\/span><\/strong><span dir=\"auto\" style=\"vertical-align: inherit;\"><span dir=\"auto\" style=\"vertical-align: inherit;\"> Vaporiser sur la surface d&#039;analyse ou le flacon d&#039;essai pour utilisation chromatographique.<\/span><\/span><\/p>\n<\/li>\n<li data-start=\"6157\" data-end=\"6233\">\n<p data-start=\"6160\" data-end=\"6233\"><strong data-start=\"6160\" data-end=\"6171\"><span dir=\"auto\" style=\"vertical-align: inherit;\"><span dir=\"auto\" style=\"vertical-align: inherit;\">Stockage:<\/span><\/span><\/strong><span dir=\"auto\" style=\"vertical-align: inherit;\"><span dir=\"auto\" style=\"vertical-align: inherit;\"> Conserver debout dans un endroit frais (2\u20138\u00b0C), sec et sombre.<\/span><\/span><\/p>\n<\/li>\n<li data-start=\"6234\" data-end=\"6313\">\n<p data-start=\"6237\" data-end=\"6313\"><strong data-start=\"6237\" data-end=\"6254\"><span dir=\"auto\" style=\"vertical-align: inherit;\"><span dir=\"auto\" style=\"vertical-align: inherit;\">Documentation:<\/span><\/span><\/strong><span dir=\"auto\" style=\"vertical-align: inherit;\"><span dir=\"auto\" style=\"vertical-align: inherit;\"> Consignez le num\u00e9ro de lot, la quantit\u00e9 pulv\u00e9ris\u00e9e et les m\u00e9thodes d&#039;analyse. <\/span><\/span><a href=\"https:\/\/onderzoekschemicals.com\/fr\/shop\/okategoriserad\/4mmc-kopen\/\"><span dir=\"auto\" style=\"vertical-align: inherit;\"><span dir=\"auto\" style=\"vertical-align: inherit;\">Achetez 4mmc<\/span><\/span><\/a><\/p>\n<\/li>\n<\/ol>\n<hr data-start=\"6315\" data-end=\"6318\" \/>\n<h3 data-start=\"6320\" data-end=\"6355\"><strong data-start=\"6324\" data-end=\"6353\"><span dir=\"auto\" style=\"vertical-align: inherit;\"><span dir=\"auto\" style=\"vertical-align: inherit;\">Foire aux questions (FAQ)<\/span><\/span><\/strong><\/h3>\n<p data-start=\"6357\" data-end=\"6514\"><strong data-start=\"6357\" data-end=\"6399\"><span dir=\"auto\" style=\"vertical-align: inherit;\"><span dir=\"auto\" style=\"vertical-align: inherit;\">1. Qu&#039;est-ce que le spray Chem-Mist 4-HO-MET 7% ?<\/span><\/span><\/strong><br data-start=\"6399\" data-end=\"6402\" \/><span dir=\"auto\" style=\"vertical-align: inherit;\"><span dir=\"auto\" style=\"vertical-align: inherit;\"> UN <\/span><\/span><strong data-start=\"6406\" data-end=\"6445\"><span dir=\"auto\" style=\"vertical-align: inherit;\"><span dir=\"auto\" style=\"vertical-align: inherit;\">Solution de recherche 7% du 4-HO-MET<\/span><\/span><\/strong><span dir=\"auto\" style=\"vertical-align: inherit;\"><span dir=\"auto\" style=\"vertical-align: inherit;\"> sous forme de spray liquide pour la recherche analytique et neurochimique.<\/span><\/span><\/p>\n<p data-start=\"6516\" data-end=\"6645\"><strong data-start=\"6516\" data-end=\"6564\"><span dir=\"auto\" style=\"vertical-align: inherit;\"><span dir=\"auto\" style=\"vertical-align: inherit;\">2. Quel est le degr\u00e9 de puret\u00e9 du principe actif ?<\/span><\/span><\/strong><br data-start=\"6564\" data-end=\"6567\" \/><span dir=\"auto\" style=\"vertical-align: inherit;\"><span dir=\"auto\" style=\"vertical-align: inherit;\"> L&#039;ingr\u00e9dient actif a un <\/span><\/span><strong data-start=\"6594\" data-end=\"6618\"><span dir=\"auto\" style=\"vertical-align: inherit;\"><span dir=\"auto\" style=\"vertical-align: inherit;\">puret\u00e9 \u2265 98%<\/span><\/span><\/strong><span dir=\"auto\" style=\"vertical-align: inherit;\"><span dir=\"auto\" style=\"vertical-align: inherit;\"> , comme l&#039;ont confirm\u00e9 les analyses HPLC et RMN.<\/span><\/span><\/p>\n<p data-start=\"6647\" data-end=\"6762\"><strong data-start=\"6647\" data-end=\"6688\"><span dir=\"auto\" style=\"vertical-align: inherit;\"><span dir=\"auto\" style=\"vertical-align: inherit;\">3. Comment Chem-Mist doit-il \u00eatre stock\u00e9 ?<\/span><\/span><\/strong><br data-start=\"6688\" data-end=\"6691\" \/><span dir=\"auto\" style=\"vertical-align: inherit;\"><span dir=\"auto\" style=\"vertical-align: inherit;\"> Magasin <\/span><\/span><strong data-start=\"6698\" data-end=\"6731\"><span dir=\"auto\" style=\"vertical-align: inherit;\"><span dir=\"auto\" style=\"vertical-align: inherit;\">dans un endroit frais (2\u20138\u00b0C), sec et sombre<\/span><\/span><\/strong><span dir=\"auto\" style=\"vertical-align: inherit;\"><span dir=\"auto\" style=\"vertical-align: inherit;\"> , debout et bien ferm\u00e9.<\/span><\/span><\/p>\n<ul>\n<li><\/li>\n<\/ul>","protected":false},"excerpt":{"rendered":"<h2><strong><span dir=\"auto\" style=\"vertical-align: inherit;\"><span dir=\"auto\" style=\"vertical-align: inherit;\"><span dir=\"auto\" style=\"vertical-align: inherit;\"><span dir=\"auto\" style=\"vertical-align: inherit;\">Spray Chem-mist 4-HO-MET 10 MG \u00ab Champignons liquides \u00bb<\/span><\/span><\/span><\/span><\/strong><\/h2>\n<p><span dir=\"auto\" style=\"vertical-align: inherit;\"><span dir=\"auto\" style=\"vertical-align: inherit;\"><span dir=\"auto\" style=\"vertical-align: inherit;\"><span dir=\"auto\" style=\"vertical-align: inherit;\">La m\u00e9thode la plus r\u00e9cente et la plus simple pour doser le 4-HO-MET\u00a0! Cette pompe pratique est robuste, durable et se glisse facilement dans votre poche.<\/span><\/span><\/span><\/span><\/p>","protected":false},"featured_media":29308,"comment_status":"closed","ping_status":"closed","template":"","meta":[],"product_brand":[82],"product_cat":[382,556,471,396,381],"product_tag":[857,658],"class_list":{"0":"post-24338","1":"product","2":"type-product","3":"status-publish","4":"has-post-thumbnail","6":"product_brand-research-chemical","7":"product_cat-4-ho-met","8":"product_cat-4-ho-met-sprays","9":"product_cat-chem-mist-sprays","10":"product_cat-liquid-rcs","11":"product_cat-tryptamines","12":"product_tag-4-ho-met-psychonaut","13":"product_tag-4-ho-met","15":"first","16":"instock","17":"taxable","18":"shipping-taxable","19":"purchasable","20":"product-type-variable"},"_links":{"self":[{"href":"https:\/\/onderzoekschemicals.com\/fr\/wp-json\/wp\/v2\/product\/24338","targetHints":{"allow":["GET"]}}],"collection":[{"href":"https:\/\/onderzoekschemicals.com\/fr\/wp-json\/wp\/v2\/product"}],"about":[{"href":"https:\/\/onderzoekschemicals.com\/fr\/wp-json\/wp\/v2\/types\/product"}],"replies":[{"embeddable":true,"href":"https:\/\/onderzoekschemicals.com\/fr\/wp-json\/wp\/v2\/comments?post=24338"}],"version-history":[{"count":8,"href":"https:\/\/onderzoekschemicals.com\/fr\/wp-json\/wp\/v2\/product\/24338\/revisions"}],"predecessor-version":[{"id":28688,"href":"https:\/\/onderzoekschemicals.com\/fr\/wp-json\/wp\/v2\/product\/24338\/revisions\/28688"}],"wp:featuredmedia":[{"embeddable":true,"href":"https:\/\/onderzoekschemicals.com\/fr\/wp-json\/wp\/v2\/media\/29308"}],"wp:attachment":[{"href":"https:\/\/onderzoekschemicals.com\/fr\/wp-json\/wp\/v2\/media?parent=24338"}],"wp:term":[{"taxonomy":"product_brand","embeddable":true,"href":"https:\/\/onderzoekschemicals.com\/fr\/wp-json\/wp\/v2\/product_brand?post=24338"},{"taxonomy":"product_cat","embeddable":true,"href":"https:\/\/onderzoekschemicals.com\/fr\/wp-json\/wp\/v2\/product_cat?post=24338"},{"taxonomy":"product_tag","embeddable":true,"href":"https:\/\/onderzoekschemicals.com\/fr\/wp-json\/wp\/v2\/product_tag?post=24338"}],"curies":[{"name":"wp","href":"https:\/\/api.w.org\/{rel}","templated":true}]}}