{"id":24334,"date":"2025-04-13T17:41:30","date_gmt":"2025-04-13T17:41:30","guid":{"rendered":"https:\/\/onderzoekschemicals.com\/?post_type=product&#038;p=24334"},"modified":"2025-10-12T14:01:08","modified_gmt":"2025-10-12T14:01:08","slug":"benzo-fury-100mg-blister","status":"publish","type":"product","link":"https:\/\/onderzoekschemicals.com\/fr\/shop\/b2b\/benzo-fury-100mg-blister\/","title":{"rendered":"RC+ Benzo Fury 100 mg, plaquette thermoform\u00e9e"},"content":{"rendered":"<h3 data-start=\"4226\" data-end=\"4247\"><strong data-start=\"4230\" data-end=\"4245\">Introduction<\/strong><\/h3>\n<p data-start=\"4248\" data-end=\"4639\"><strong data-start=\"4248\" data-end=\"4280\">RC+ Benzo Fury 100 mg, plaquette thermoform\u00e9e<\/strong> contient <strong data-start=\"4287\" data-end=\"4341\">100 milligrammes de 6-APB (6-(2-aminopropyl)benzofurane)<\/strong> - Un <strong data-start=\"4348\" data-end=\"4373\">compos\u00e9 de benzofurane<\/strong> qui est structurellement li\u00e9 \u00e0 <strong data-start=\"4405\" data-end=\"4412\">MDA<\/strong> et d&#039;autres <strong data-start=\"4423\" data-end=\"4449\">analogues de la ph\u00e9n\u00e9thylamine<\/strong>. fureur benzo<br data-start=\"4450\" data-end=\"4453\" \/>Le 6-APB est utilis\u00e9 dans <strong data-start=\"4477\" data-end=\"4515\">recherche m\u00e9dico-l\u00e9gale et analytique<\/strong> \u00e0 <strong data-start=\"4519\" data-end=\"4555\">interactions des transporteurs de monoamine<\/strong>, <strong data-start=\"4557\" data-end=\"4576\">liaison au r\u00e9cepteur<\/strong> et <strong data-start=\"4580\" data-end=\"4622\">relations structure-activit\u00e9 (SAR)<\/strong> \u00e9tudier.<\/p>\n<p data-start=\"4641\" data-end=\"4868\">Chaque pastille est <strong data-start=\"4656\" data-end=\"4694\">pes\u00e9 avec pr\u00e9cision \u00e0 100 mg \u00b1 2 mg<\/strong> et test\u00e9 sur un <strong data-start=\"4712\" data-end=\"4736\">puret\u00e9 \u2265 98%<\/strong> via <strong data-start=\"4741\" data-end=\"4756\">HPLC et RMN<\/strong>Le <strong data-start=\"4761\" data-end=\"4782\">emballage sous blister<\/strong> offre une protection contre la lumi\u00e8re et l&#039;humidit\u00e9, pr\u00e9servant ainsi la qualit\u00e9.<\/p>\n<blockquote data-start=\"4870\" data-end=\"5019\">\n<p data-start=\"4872\" data-end=\"5019\">\u26a0\ufe0f <strong data-start=\"4875\" data-end=\"4886\">NB:<\/strong> RC+ Benzo Fury est exclusivement destin\u00e9 \u00e0 <strong data-start=\"4930\" data-end=\"4965\">recherche et utilisation analytique<\/strong> \u2014 <strong data-start=\"4968\" data-end=\"5016\">non destin\u00e9 \u00e0 la consommation humaine ou animale<\/strong>.<\/p>\n<\/blockquote>\n<hr data-start=\"5021\" data-end=\"5024\" \/>\n<h3 data-start=\"5026\" data-end=\"5057\"><strong data-start=\"5030\" data-end=\"5057\">Caract\u00e9ristiques principales<\/strong><\/h3>\n<div class=\"_tableContainer_1rjym_1\">\n<div class=\"group _tableWrapper_1rjym_13 flex w-fit flex-col-reverse\" tabindex=\"-1\">\n<table class=\"w-fit min-w-(--thread-content-width)\" data-start=\"5059\" data-end=\"5734\">\n<thead data-start=\"5059\" data-end=\"5085\">\n<tr data-start=\"5059\" data-end=\"5085\">\n<th data-start=\"5059\" data-end=\"5069\" data-col-size=\"sm\">Fonctionnalit\u00e9<\/th>\n<th data-start=\"5069\" data-end=\"5085\" data-col-size=\"md\">Description<\/th>\n<\/tr>\n<\/thead>\n<tbody data-start=\"5114\" data-end=\"5734\">\n<tr data-start=\"5114\" data-end=\"5181\">\n<td data-start=\"5114\" data-end=\"5135\" data-col-size=\"sm\"><strong data-start=\"5116\" data-end=\"5134\">Nom chimique<\/strong><\/td>\n<td data-start=\"5135\" data-end=\"5181\" data-col-size=\"md\">Chlorhydrate de 6-(2-aminopropyl)benzofurane<\/td>\n<\/tr>\n<tr data-start=\"5182\" data-end=\"5229\">\n<td data-start=\"5182\" data-end=\"5207\" data-col-size=\"sm\"><strong data-start=\"5184\" data-end=\"5206\">Nom commun<\/strong><\/td>\n<td data-start=\"5207\" data-end=\"5229\" data-col-size=\"md\">6-APB \/ Fureur de benzo<\/td>\n<\/tr>\n<tr data-start=\"5230\" data-end=\"5280\">\n<td data-start=\"5230\" data-end=\"5248\" data-col-size=\"sm\"><strong data-start=\"5232\" data-end=\"5247\">Nom du produit<\/strong><\/td>\n<td data-start=\"5248\" data-end=\"5280\" data-col-size=\"md\">RC+ Benzo Fury 100 mg, plaquette thermoform\u00e9e<\/td>\n<\/tr>\n<tr data-start=\"5281\" data-end=\"5321\">\n<td data-start=\"5281\" data-end=\"5305\" data-col-size=\"sm\"><strong data-start=\"5283\" data-end=\"5304\">Formule chimique<\/strong><\/td>\n<td data-start=\"5305\" data-end=\"5321\" data-col-size=\"md\">C\u2081\u2081H\u2081\u2083NO\u00b7HCl<\/td>\n<\/tr>\n<tr data-start=\"5322\" data-end=\"5360\">\n<td data-start=\"5322\" data-end=\"5344\" data-col-size=\"sm\"><strong data-start=\"5324\" data-end=\"5343\">Poids mol\u00e9culaire<\/strong><\/td>\n<td data-start=\"5344\" data-end=\"5360\" data-col-size=\"md\">211,69 g\/mol<\/td>\n<\/tr>\n<tr data-start=\"5361\" data-end=\"5396\">\n<td data-start=\"5361\" data-end=\"5376\" data-col-size=\"sm\"><strong data-start=\"5363\" data-end=\"5375\">Dosage<\/strong><\/td>\n<td data-start=\"5376\" data-end=\"5396\" data-col-size=\"md\">100 mg par pastille<\/td>\n<\/tr>\n<tr data-start=\"5397\" data-end=\"5444\">\n<td data-start=\"5397\" data-end=\"5408\" data-col-size=\"sm\"><strong data-start=\"5399\" data-end=\"5407\">Formulaire<\/strong><\/td>\n<td data-start=\"5408\" data-end=\"5444\" data-col-size=\"md\">Granul\u00e9 solide (blister)<\/td>\n<\/tr>\n<tr data-start=\"5445\" data-end=\"5496\">\n<td data-start=\"5445\" data-end=\"5462\" data-col-size=\"sm\"><strong data-start=\"5447\" data-end=\"5461\">Puret\u00e9<\/strong><\/td>\n<td data-start=\"5462\" data-end=\"5496\" data-col-size=\"md\">\u2265 98% (test\u00e9 par HPLC et RMN)<\/td>\n<\/tr>\n<tr data-start=\"5497\" data-end=\"5559\">\n<td data-start=\"5497\" data-end=\"5520\" data-col-size=\"sm\"><strong data-start=\"5499\" data-end=\"5519\">Classe chimique<\/strong><\/td>\n<td data-start=\"5520\" data-end=\"5559\" data-col-size=\"md\">Analogue du benzofurane\/ph\u00e9n\u00e9thylamine<\/td>\n<\/tr>\n<tr data-start=\"5560\" data-end=\"5639\">\n<td data-start=\"5560\" data-end=\"5574\" data-col-size=\"sm\"><strong data-start=\"5562\" data-end=\"5573\">Usage<\/strong><\/td>\n<td data-start=\"5574\" data-end=\"5639\" data-col-size=\"md\">Pour la recherche analytique, m\u00e9dico-l\u00e9gale et neurochimique uniquement<\/td>\n<\/tr>\n<tr data-start=\"5640\" data-end=\"5684\">\n<td data-start=\"5640\" data-end=\"5657\" data-col-size=\"sm\"><strong data-start=\"5642\" data-end=\"5656\">Conditionnement<\/strong><\/td>\n<td data-start=\"5657\" data-end=\"5684\" data-col-size=\"md\">Plaquette thermoform\u00e9e scell\u00e9e<\/td>\n<\/tr>\n<tr data-start=\"5685\" data-end=\"5734\">\n<td data-start=\"5685\" data-end=\"5703\" data-col-size=\"sm\"><strong data-start=\"5687\" data-end=\"5702\">Quantit\u00e9<\/strong><\/td>\n<td data-start=\"5703\" data-end=\"5734\" data-col-size=\"md\">1 plaquette thermoform\u00e9e contenant des granul\u00e9s de 100 mg<\/td>\n<\/tr>\n<\/tbody>\n<\/table>\n<\/div>\n<\/div>\n<hr data-start=\"5736\" data-end=\"5739\" \/>\n<h3 data-start=\"5741\" data-end=\"5758\"><strong data-start=\"5745\" data-end=\"5758\">Avantages<\/strong><\/h3>\n<ul data-start=\"5760\" data-end=\"6165\">\n<li data-start=\"5760\" data-end=\"5852\">\n<p data-start=\"5762\" data-end=\"5852\"><strong data-start=\"5762\" data-end=\"5781\">Haute puret\u00e9<\/strong> \u2013 Qualit\u00e9 de laboratoire \u2265 98% pour des r\u00e9sultats de recherche fiables.<\/p>\n<\/li>\n<li data-start=\"5853\" data-end=\"5934\">\n<p data-start=\"5855\" data-end=\"5934\"><strong data-start=\"5855\" data-end=\"5886\">Dosage standardis\u00e9<\/strong> \u2013 100 mg par pastille pour une analyse coh\u00e9rente.<\/p>\n<\/li>\n<li data-start=\"5935\" data-end=\"6018\">\n<p data-start=\"5937\" data-end=\"6018\"><strong data-start=\"5937\" data-end=\"5959\">Emballage s\u00fbr<\/strong> \u2013 L\u2019emballage sous blister emp\u00eache la d\u00e9gradation et la contamination.<\/p>\n<\/li>\n<li data-start=\"6019\" data-end=\"6097\">\n<p data-start=\"6021\" data-end=\"6097\"><strong data-start=\"6021\" data-end=\"6051\">Largement applicable \u00e0 la recherche<\/strong> \u2013 Convient pour HPLC, GC\/MS, FTIR et LC-MS.<\/p>\n<\/li>\n<li data-start=\"6098\" data-end=\"6165\">\n<p data-start=\"6100\" data-end=\"6165\"><strong data-start=\"6100\" data-end=\"6127\">Qualit\u00e9 v\u00e9rifi\u00e9e<\/strong> \u2013 Chaque lot test\u00e9 et tra\u00e7able.<\/p>\n<\/li>\n<\/ul>\n<hr data-start=\"6167\" data-end=\"6170\" \/>\n<h3 data-start=\"6172\" data-end=\"6224\"><strong data-start=\"6176\" data-end=\"6222\">Utilisation (\u00e0 des fins de recherche uniquement)<\/strong><\/h3>\n<ol data-start=\"6226\" data-end=\"6580\">\n<li data-start=\"6226\" data-end=\"6295\">\n<p data-start=\"6229\" data-end=\"6295\"><strong data-start=\"6229\" data-end=\"6244\">Manutention:<\/strong> Portez des gants, des lunettes de s\u00e9curit\u00e9 et une blouse de laboratoire.<\/p>\n<\/li>\n<li data-start=\"6296\" data-end=\"6366\">\n<p data-start=\"6299\" data-end=\"6366\"><strong data-start=\"6299\" data-end=\"6312\">Mesures:<\/strong> Chaque pastille contient 100 mg \u00b1 2 mg\u00a0; enregistrez les donn\u00e9es du lot.<\/p>\n<\/li>\n<li data-start=\"6367\" data-end=\"6446\">\n<p data-start=\"6370\" data-end=\"6446\"><strong data-start=\"6370\" data-end=\"6381\">Stockage:<\/strong> Conserver dans la plaquette thermoform\u00e9e d&#039;origine, au frais (2\u20138 \u00b0C) et \u00e0 l&#039;abri de la lumi\u00e8re. benzo fury<\/p>\n<\/li>\n<li data-start=\"6447\" data-end=\"6511\">\n<p data-start=\"6450\" data-end=\"6511\"><strong data-start=\"6450\" data-end=\"6462\">Analyse:<\/strong> Convient pour la chromatographie et la spectroscopie.<\/p>\n<\/li>\n<li data-start=\"6512\" data-end=\"6580\">\n<p data-start=\"6515\" data-end=\"6580\"><strong data-start=\"6515\" data-end=\"6532\">Documentation:<\/strong> Enregistrer les r\u00e9sultats des tests et les m\u00e9thodes d\u2019analyse.<\/p>\n<\/li>\n<\/ol>\n<hr data-start=\"6582\" data-end=\"6585\" \/>\n<h3 data-start=\"6587\" data-end=\"6622\"><strong data-start=\"6591\" data-end=\"6620\">Foire aux questions (FAQ)<\/strong><\/h3>\n<p data-start=\"6624\" data-end=\"6791\"><strong data-start=\"6624\" data-end=\"6661\">1. Qu&#039;est-ce que RC+ Benzo Fury (6-APB) ?<\/strong><br data-start=\"6661\" data-end=\"6664\" \/><strong data-start=\"6664\" data-end=\"6682\">RC+ Benzo Fury<\/strong> contient <strong data-start=\"6689\" data-end=\"6698\">6-APB<\/strong>, Un <strong data-start=\"6704\" data-end=\"6727\">analogue du benzofurane<\/strong> de MDA, utilis\u00e9 pour la recherche analytique et neurochimique.<\/p>\n<p data-start=\"6793\" data-end=\"6908\"><strong data-start=\"6793\" data-end=\"6826\">2. Quelle est la puret\u00e9 du produit ?<\/strong><br data-start=\"6826\" data-end=\"6829\" \/>Chaque pastille contient <strong data-start=\"6847\" data-end=\"6881\">100 mg de 6-APB (puret\u00e9 \u2265 98%)<\/strong>, test\u00e9 par HPLC et RMN.<\/p>\n<p data-start=\"6910\" data-end=\"7084\"><strong data-start=\"6910\" data-end=\"6958\">3. Est-il l\u00e9gal d&#039;acheter du RC+ Benzo Fury ?<\/strong><br data-start=\"6958\" data-end=\"6961\" \/>Le <strong data-start=\"6964\" data-end=\"6988\">l\u00e9galit\u00e9 du 6-APB<\/strong> varie selon les pays. Veuillez toujours v\u00e9rifier la r\u00e9glementation locale avant utilisation. <strong data-start=\"7057\" data-end=\"7081\">RC+ Benzo Fury ach\u00e8te<\/strong>.<\/p>","protected":false},"excerpt":{"rendered":"<p><strong><span dir=\"auto\" style=\"vertical-align: inherit;\"><span dir=\"auto\" style=\"vertical-align: inherit;\">Synonyme<\/span><\/span><\/strong><span dir=\"auto\" style=\"vertical-align: inherit;\"><span dir=\"auto\" style=\"vertical-align: inherit;\"> : 6-(2-aminopropyl)benzofurane <\/span><\/span><br \/>\n<strong><span dir=\"auto\" style=\"vertical-align: inherit;\"><span dir=\"auto\" style=\"vertical-align: inherit;\">Num\u00e9ro CAS :<\/span><\/span><\/strong><span dir=\"auto\" style=\"vertical-align: inherit;\"><span dir=\"auto\" style=\"vertical-align: inherit;\"> 286834-85-3 <\/span><\/span><br \/>\n<strong><span dir=\"auto\" style=\"vertical-align: inherit;\"><span dir=\"auto\" style=\"vertical-align: inherit;\">Formule<\/span><\/span><\/strong><span dir=\"auto\" style=\"vertical-align: inherit;\"><span dir=\"auto\" style=\"vertical-align: inherit;\"> : <\/span><\/span><span title=\"Carbone\"><span dir=\"auto\" style=\"vertical-align: inherit;\"><span dir=\"auto\" style=\"vertical-align: inherit;\">C <\/span><\/span><\/span><sub><span dir=\"auto\" style=\"vertical-align: inherit;\"><span dir=\"auto\" style=\"vertical-align: inherit;\">11 <\/span><\/span><\/sub><span title=\"Hydrog\u00e8ne\"><span dir=\"auto\" style=\"vertical-align: inherit;\"><span dir=\"auto\" style=\"vertical-align: inherit;\">H <\/span><\/span><\/span><sub><span dir=\"auto\" style=\"vertical-align: inherit;\"><span dir=\"auto\" style=\"vertical-align: inherit;\">13 <\/span><\/span><\/sub><span title=\"Azote\"><span dir=\"auto\" style=\"vertical-align: inherit;\"><span dir=\"auto\" style=\"vertical-align: inherit;\">N <\/span><\/span><\/span><span title=\"Oxyg\u00e8ne\"><span dir=\"auto\" style=\"vertical-align: inherit;\"><span dir=\"auto\" style=\"vertical-align: inherit;\">O <\/span><\/span><\/span><br \/>\n<strong><span dir=\"auto\" style=\"vertical-align: inherit;\"><span dir=\"auto\" style=\"vertical-align: inherit;\">Masse molaire<\/span><\/span><\/strong><span dir=\"auto\" style=\"vertical-align: inherit;\"><span dir=\"auto\" style=\"vertical-align: inherit;\"> : <\/span><\/span><span class=\"nowrap\"><span dir=\"auto\" style=\"vertical-align: inherit;\"><span dir=\"auto\" style=\"vertical-align: inherit;\">175.231<\/span><\/span><\/span><span dir=\"auto\" style=\"vertical-align: inherit;\"><span dir=\"auto\" style=\"vertical-align: inherit;\"> \u00a0g\/mol <\/span><\/span><br \/>\n<strong><span dir=\"auto\" style=\"vertical-align: inherit;\"><span dir=\"auto\" style=\"vertical-align: inherit;\">Puret\u00e9<\/span><\/span><\/strong><span dir=\"auto\" style=\"vertical-align: inherit;\"><span dir=\"auto\" style=\"vertical-align: inherit;\"> : &gt;98%<\/span><\/span><\/p>","protected":false},"featured_media":21434,"comment_status":"closed","ping_status":"closed","template":"","meta":[],"product_brand":[82],"product_cat":[555],"product_tag":[117,126,130,850,118,120,119,121,851,326,122],"class_list":{"0":"post-24334","1":"product","2":"type-product","3":"status-publish","4":"has-post-thumbnail","6":"product_brand-research-chemical","7":"product_cat-b2b","8":"product_tag-6-apb-benzo-fury","9":"product_tag-6-apb-kopen","10":"product_tag-6-apb-ervaring","11":"product_tag-6apb","12":"product_tag-benzo-fury","13":"product_tag-benzo-fury-bestellen-nederland","14":"product_tag-benzo-fury-drugs","15":"product_tag-benzo-fury-kopen","16":"product_tag-benzos-drugs","17":"product_tag-nl","18":"product_tag-wat-is-benzo-fury","20":"first","21":"instock","22":"taxable","23":"shipping-taxable","24":"purchasable","25":"product-type-variable"},"_links":{"self":[{"href":"https:\/\/onderzoekschemicals.com\/fr\/wp-json\/wp\/v2\/product\/24334","targetHints":{"allow":["GET"]}}],"collection":[{"href":"https:\/\/onderzoekschemicals.com\/fr\/wp-json\/wp\/v2\/product"}],"about":[{"href":"https:\/\/onderzoekschemicals.com\/fr\/wp-json\/wp\/v2\/types\/product"}],"replies":[{"embeddable":true,"href":"https:\/\/onderzoekschemicals.com\/fr\/wp-json\/wp\/v2\/comments?post=24334"}],"version-history":[{"count":4,"href":"https:\/\/onderzoekschemicals.com\/fr\/wp-json\/wp\/v2\/product\/24334\/revisions"}],"predecessor-version":[{"id":27807,"href":"https:\/\/onderzoekschemicals.com\/fr\/wp-json\/wp\/v2\/product\/24334\/revisions\/27807"}],"wp:featuredmedia":[{"embeddable":true,"href":"https:\/\/onderzoekschemicals.com\/fr\/wp-json\/wp\/v2\/media\/21434"}],"wp:attachment":[{"href":"https:\/\/onderzoekschemicals.com\/fr\/wp-json\/wp\/v2\/media?parent=24334"}],"wp:term":[{"taxonomy":"product_brand","embeddable":true,"href":"https:\/\/onderzoekschemicals.com\/fr\/wp-json\/wp\/v2\/product_brand?post=24334"},{"taxonomy":"product_cat","embeddable":true,"href":"https:\/\/onderzoekschemicals.com\/fr\/wp-json\/wp\/v2\/product_cat?post=24334"},{"taxonomy":"product_tag","embeddable":true,"href":"https:\/\/onderzoekschemicals.com\/fr\/wp-json\/wp\/v2\/product_tag?post=24334"}],"curies":[{"name":"wp","href":"https:\/\/api.w.org\/{rel}","templated":true}]}}