{"id":24332,"date":"2025-04-13T17:41:30","date_gmt":"2025-04-13T17:41:30","guid":{"rendered":"https:\/\/onderzoekschemicals.com\/?post_type=product&#038;p=24332"},"modified":"2025-10-12T13:56:38","modified_gmt":"2025-10-12T13:56:38","slug":"moxy-5-meo-mipt","status":"publish","type":"product","link":"https:\/\/onderzoekschemicals.com\/fr\/shop\/b2b\/moxy-5-meo-mipt\/","title":{"rendered":"Plaquette thermoform\u00e9e RC+ Moxy 10 mg"},"content":{"rendered":"<h3 data-start=\"3993\" data-end=\"4014\"><strong data-start=\"3997\" data-end=\"4012\">Introduction<\/strong><\/h3>\n<p data-start=\"4015\" data-end=\"4459\"><strong data-start=\"4015\" data-end=\"4040\">Plaquette thermoform\u00e9e RC+ Moxy 10 mg<\/strong> contient <strong data-start=\"4047\" data-end=\"4117\">10 milligrammes de 5-MeO-MiPT (5-m\u00e9thoxy-N-m\u00e9thyl-N-isopropyltryptamine)<\/strong> - Un <strong data-start=\"4124\" data-end=\"4148\">compos\u00e9 tryptamine<\/strong> qui est largement utilis\u00e9 dans <strong data-start=\"4176\" data-end=\"4217\">recherche neurochimique et analytique<\/strong>. moxy 5 m\u00e9o mipt<br data-start=\"4218\" data-end=\"4221\" \/>Il est structurellement li\u00e9 \u00e0 d\u2019autres <strong data-start=\"4259\" data-end=\"4280\">5-MeO-tryptamines<\/strong> tel que <strong data-start=\"4287\" data-end=\"4300\">5-MeO-DMT<\/strong> et <strong data-start=\"4304\" data-end=\"4318\">5-MeO-DiPT<\/strong>, et est utilis\u00e9 dans les \u00e9tudes de <strong data-start=\"4354\" data-end=\"4373\">liaison au r\u00e9cepteur<\/strong>, <strong data-start=\"4375\" data-end=\"4417\">relations structure-activit\u00e9 (SAR)<\/strong> et <strong data-start=\"4421\" data-end=\"4456\">propri\u00e9t\u00e9s chromatographiques<\/strong>.<\/p>\n<p data-start=\"4461\" data-end=\"4624\">Chaque pastille a un <strong data-start=\"4483\" data-end=\"4507\">puret\u00e9 \u2265 98%<\/strong>, confirm\u00e9 par <strong data-start=\"4523\" data-end=\"4538\">HPLC et RMN<\/strong>, et est <strong data-start=\"4546\" data-end=\"4580\">scell\u00e9 sous blister<\/strong> pour une stabilit\u00e9 et une protection maximales.<\/p>\n<blockquote data-start=\"4626\" data-end=\"4769\">\n<p data-start=\"4628\" data-end=\"4769\">\u26a0\ufe0f <strong data-start=\"4631\" data-end=\"4642\">NB:<\/strong> RC+ Moxy est exclusivement destin\u00e9 \u00e0 <strong data-start=\"4680\" data-end=\"4715\">recherche et utilisation analytique<\/strong> \u2014 <strong data-start=\"4718\" data-end=\"4766\">non destin\u00e9 \u00e0 la consommation humaine ou animale<\/strong>.<\/p>\n<\/blockquote>\n<hr data-start=\"4771\" data-end=\"4774\" \/>\n<h3 data-start=\"4776\" data-end=\"4807\"><strong data-start=\"4780\" data-end=\"4807\">Caract\u00e9ristiques principales<\/strong><\/h3>\n<div class=\"_tableContainer_1rjym_1\">\n<div class=\"group _tableWrapper_1rjym_13 flex w-fit flex-col-reverse\" tabindex=\"-1\">\n<table class=\"w-fit min-w-(--thread-content-width)\" data-start=\"4809\" data-end=\"5498\">\n<thead data-start=\"4809\" data-end=\"4835\">\n<tr data-start=\"4809\" data-end=\"4835\">\n<th data-start=\"4809\" data-end=\"4819\" data-col-size=\"sm\">Fonctionnalit\u00e9<\/th>\n<th data-start=\"4819\" data-end=\"4835\" data-col-size=\"md\">Description<\/th>\n<\/tr>\n<\/thead>\n<tbody data-start=\"4864\" data-end=\"5498\">\n<tr data-start=\"4864\" data-end=\"4943\">\n<td data-start=\"4864\" data-end=\"4885\" data-col-size=\"sm\"><strong data-start=\"4866\" data-end=\"4884\">Nom chimique<\/strong><\/td>\n<td data-start=\"4885\" data-end=\"4943\" data-col-size=\"md\">Chlorhydrate de 5-m\u00e9thoxy-N-m\u00e9thyl-N-isopropyltryptamine<\/td>\n<\/tr>\n<tr data-start=\"4944\" data-end=\"4990\">\n<td data-start=\"4944\" data-end=\"4969\" data-col-size=\"sm\"><strong data-start=\"4946\" data-end=\"4968\">Nom commun<\/strong><\/td>\n<td data-start=\"4969\" data-end=\"4990\" data-col-size=\"md\">5-MeO-MiPT \/ Moxy<\/td>\n<\/tr>\n<tr data-start=\"4991\" data-end=\"5034\">\n<td data-start=\"4991\" data-end=\"5009\" data-col-size=\"sm\"><strong data-start=\"4993\" data-end=\"5008\">Nom du produit<\/strong><\/td>\n<td data-start=\"5009\" data-end=\"5034\" data-col-size=\"md\">Plaquette thermoform\u00e9e RC+ Moxy 10 mg<\/td>\n<\/tr>\n<tr data-start=\"5035\" data-end=\"5076\">\n<td data-start=\"5035\" data-end=\"5059\" data-col-size=\"sm\"><strong data-start=\"5037\" data-end=\"5058\">Formule chimique<\/strong><\/td>\n<td data-start=\"5059\" data-end=\"5076\" data-col-size=\"md\">C\u2081\u2085H\u2082\u2082N\u2082O\u00b7HCl<\/td>\n<\/tr>\n<tr data-start=\"5077\" data-end=\"5115\">\n<td data-start=\"5077\" data-end=\"5099\" data-col-size=\"sm\"><strong data-start=\"5079\" data-end=\"5098\">Poids mol\u00e9culaire<\/strong><\/td>\n<td data-start=\"5099\" data-end=\"5115\" data-col-size=\"md\">282,81 g\/mol<\/td>\n<\/tr>\n<tr data-start=\"5116\" data-end=\"5150\">\n<td data-start=\"5116\" data-end=\"5131\" data-col-size=\"sm\"><strong data-start=\"5118\" data-end=\"5130\">Dosage<\/strong><\/td>\n<td data-start=\"5131\" data-end=\"5150\" data-col-size=\"md\">10 mg par pastille<\/td>\n<\/tr>\n<tr data-start=\"5151\" data-end=\"5198\">\n<td data-start=\"5151\" data-end=\"5162\" data-col-size=\"sm\"><strong data-start=\"5153\" data-end=\"5161\">Formulaire<\/strong><\/td>\n<td data-start=\"5162\" data-end=\"5198\" data-col-size=\"md\">Granul\u00e9 solide (blister)<\/td>\n<\/tr>\n<tr data-start=\"5199\" data-end=\"5250\">\n<td data-start=\"5199\" data-end=\"5216\" data-col-size=\"sm\"><strong data-start=\"5201\" data-end=\"5215\">Puret\u00e9<\/strong><\/td>\n<td data-start=\"5216\" data-end=\"5250\" data-col-size=\"md\">\u2265 98% (test\u00e9 par HPLC et RMN)<\/td>\n<\/tr>\n<tr data-start=\"5251\" data-end=\"5297\">\n<td data-start=\"5251\" data-end=\"5274\" data-col-size=\"sm\"><strong data-start=\"5253\" data-end=\"5273\">Classe chimique<\/strong><\/td>\n<td data-start=\"5274\" data-end=\"5297\" data-col-size=\"md\">D\u00e9riv\u00e9 de tryptamine<\/td>\n<\/tr>\n<tr data-start=\"5298\" data-end=\"5377\">\n<td data-start=\"5298\" data-end=\"5312\" data-col-size=\"sm\"><strong data-start=\"5300\" data-end=\"5311\">Usage<\/strong><\/td>\n<td data-start=\"5312\" data-end=\"5377\" data-col-size=\"md\">Pour la recherche analytique, m\u00e9dico-l\u00e9gale et neurochimique uniquement<\/td>\n<\/tr>\n<tr data-start=\"5378\" data-end=\"5438\">\n<td data-start=\"5378\" data-end=\"5395\" data-col-size=\"sm\"><strong data-start=\"5380\" data-end=\"5394\">Conditionnement<\/strong><\/td>\n<td data-start=\"5395\" data-end=\"5438\" data-col-size=\"md\">Plaquette thermoform\u00e9e avec protection anti-effraction<\/td>\n<\/tr>\n<tr data-start=\"5439\" data-end=\"5498\">\n<td data-start=\"5439\" data-end=\"5457\" data-col-size=\"sm\"><strong data-start=\"5441\" data-end=\"5456\">Quantit\u00e9<\/strong><\/td>\n<td data-start=\"5457\" data-end=\"5498\" data-col-size=\"md\">Plaquette thermoform\u00e9e de 10 mg par pastille<\/td>\n<\/tr>\n<\/tbody>\n<\/table>\n<\/div>\n<\/div>\n<hr data-start=\"5500\" data-end=\"5503\" \/>\n<h3 data-start=\"5505\" data-end=\"5522\"><strong data-start=\"5509\" data-end=\"5522\">Avantages<\/strong><\/h3>\n<ul data-start=\"5524\" data-end=\"5922\">\n<li data-start=\"5524\" data-end=\"5578\">\n<p data-start=\"5526\" data-end=\"5578\"><strong data-start=\"5526\" data-end=\"5545\">Haute puret\u00e9<\/strong> \u2013 Qualit\u00e9 laboratoire \u2265 98%.<\/p>\n<\/li>\n<li data-start=\"5579\" data-end=\"5659\">\n<p data-start=\"5581\" data-end=\"5659\"><strong data-start=\"5581\" data-end=\"5598\">Forme stable<\/strong> \u2013 Granul\u00e9s de 10 mg pr\u00e9cis\u00e9ment dos\u00e9s sous blister.<\/p>\n<\/li>\n<li data-start=\"5660\" data-end=\"5738\">\n<p data-start=\"5662\" data-end=\"5738\"><strong data-start=\"5662\" data-end=\"5692\">Largement applicable \u00e0 la recherche<\/strong> \u2013 Convient pour GC\/MS, LC-MS, FTIR et HPLC.<\/p>\n<\/li>\n<li data-start=\"5739\" data-end=\"5832\">\n<p data-start=\"5741\" data-end=\"5832\"><strong data-start=\"5741\" data-end=\"5766\">Qualit\u00e9 fiable<\/strong> \u2013 Produit dans des conditions de laboratoire contr\u00f4l\u00e9es.<\/p>\n<\/li>\n<li data-start=\"5833\" data-end=\"5922\">\n<p data-start=\"5835\" data-end=\"5922\"><strong data-start=\"5835\" data-end=\"5864\">Id\u00e9al pour la recherche SAR<\/strong> \u2013 Convient aux \u00e9tudes structurelles et pharmacologiques.<\/p>\n<\/li>\n<\/ul>\n<hr data-start=\"5924\" data-end=\"5927\" \/>\n<h3 data-start=\"5929\" data-end=\"5981\"><strong data-start=\"5933\" data-end=\"5979\">Utilisation (\u00e0 des fins de recherche uniquement)<\/strong><\/h3>\n<ol data-start=\"5983\" data-end=\"6302\">\n<li data-start=\"5983\" data-end=\"6052\">\n<p data-start=\"5986\" data-end=\"6052\"><strong data-start=\"5986\" data-end=\"6001\">Manutention:<\/strong> Portez des gants, des lunettes de s\u00e9curit\u00e9 et une blouse de laboratoire. Moxy 5 Meo Mipt<\/p>\n<\/li>\n<li data-start=\"6053\" data-end=\"6115\">\n<p data-start=\"6056\" data-end=\"6115\"><strong data-start=\"6056\" data-end=\"6069\">Mesures:<\/strong> Notez le num\u00e9ro de lot, le dosage et la puret\u00e9.<\/p>\n<\/li>\n<li data-start=\"6116\" data-end=\"6170\">\n<p data-start=\"6119\" data-end=\"6170\"><strong data-start=\"6119\" data-end=\"6130\">Stockage:<\/strong> Conserver au frais (2\u20138\u00b0C), au sec et \u00e0 l\u2019abri de la lumi\u00e8re.<\/p>\n<\/li>\n<li data-start=\"6171\" data-end=\"6235\">\n<p data-start=\"6174\" data-end=\"6235\"><strong data-start=\"6174\" data-end=\"6186\">Analyse:<\/strong> Convient pour la chromatographie et la spectroscopie.<\/p>\n<\/li>\n<li data-start=\"6236\" data-end=\"6302\">\n<p data-start=\"6239\" data-end=\"6302\"><strong data-start=\"6239\" data-end=\"6256\">Documentation:<\/strong> Enregistrez les r\u00e9sultats pour la tra\u00e7abilit\u00e9.<\/p>\n<\/li>\n<\/ol>\n<hr data-start=\"6304\" data-end=\"6307\" \/>\n<h3 data-start=\"6309\" data-end=\"6344\"><strong data-start=\"6313\" data-end=\"6342\">Foire aux questions (FAQ)<\/strong><\/h3>\n<p data-start=\"6346\" data-end=\"6495\"><strong data-start=\"6346\" data-end=\"6382\">1. Qu&#039;est-ce que RC+ Moxy (5-MeO-MiPT) ?<\/strong><br data-start=\"6382\" data-end=\"6385\" \/>UN <strong data-start=\"6389\" data-end=\"6411\">analogue de la tryptamine<\/strong>, utilis\u00e9 pour les \u00e9tudes analytiques et neurochimiques de la liaison aux r\u00e9cepteurs et du SAR.<\/p>\n<p data-start=\"6497\" data-end=\"6623\"><strong data-start=\"6497\" data-end=\"6537\">2. Quel est le dosage et la puret\u00e9 ?<\/strong><br data-start=\"6537\" data-end=\"6540\" \/>Chaque pastille contient <strong data-start=\"6558\" data-end=\"6596\">10 mg de 5-MeO-MiPT (puret\u00e9 \u2265 98%)<\/strong>, test\u00e9 par HPLC et RMN.<\/p>\n<p data-start=\"6625\" data-end=\"6792\"><strong data-start=\"6625\" data-end=\"6667\">3. Est-il l\u00e9gal d\u2019acheter du RC+ Moxy ?<\/strong><br data-start=\"6667\" data-end=\"6670\" \/>Le <strong data-start=\"6673\" data-end=\"6702\">l\u00e9galit\u00e9 du 5-MeO-MiPT<\/strong> varie selon les pays. Veuillez toujours v\u00e9rifier la r\u00e9glementation locale avant utilisation. <strong data-start=\"6771\" data-end=\"6789\">RC+ Moxy ach\u00e8te<\/strong>.<\/p>","protected":false},"excerpt":{"rendered":"<p><strong><span dir=\"auto\" style=\"vertical-align: inherit;\"><span dir=\"auto\" style=\"vertical-align: inherit;\">CAS Number:<\/span><\/span><\/strong><span dir=\"auto\" style=\"vertical-align: inherit;\"><span dir=\"auto\" style=\"vertical-align: inherit;\"> 96096-55-8 <\/span><\/span><br \/>\n<strong><span dir=\"auto\" style=\"vertical-align: inherit;\"><span dir=\"auto\" style=\"vertical-align: inherit;\">Formula:<\/span><\/span><\/strong><span dir=\"auto\" style=\"vertical-align: inherit;\"><span dir=\"auto\" style=\"vertical-align: inherit;\"> N-[2-(5-methoxy-1H-indol-3-yl)ethyl]-N-methylpropan-2-amine <\/span><\/span><br \/>\n<strong><span dir=\"auto\" style=\"vertical-align: inherit;\"><span dir=\"auto\" style=\"vertical-align: inherit;\">Molecular weight:<\/span><\/span><\/strong><span dir=\"auto\" style=\"vertical-align: inherit;\"><span dir=\"auto\" style=\"vertical-align: inherit;\"> 246.354 g mol <\/span><\/span><br \/>\n<strong><span dir=\"auto\" style=\"vertical-align: inherit;\"><span dir=\"auto\" style=\"vertical-align: inherit;\">Purity:<\/span><\/span><\/strong><span dir=\"auto\" style=\"vertical-align: inherit;\"><span dir=\"auto\" style=\"vertical-align: inherit;\"> &gt;97%<\/span><\/span><\/p>\n","protected":false},"featured_media":21602,"comment_status":"closed","ping_status":"closed","template":"","meta":[],"product_brand":[82],"product_cat":[555],"product_tag":[824,826,825,326,827],"class_list":{"0":"post-24332","1":"product","2":"type-product","3":"status-publish","4":"has-post-thumbnail","6":"product_brand-research-chemical","7":"product_cat-b2b","8":"product_tag-5-meo-mipt-moxy","9":"product_tag-5-meo-mipt-moxy-purifie","10":"product_tag-moxy-5-meo-mipt","11":"product_tag-nl","12":"product_tag-purifie-moxy-5-meo-mipt","14":"first","15":"instock","16":"taxable","17":"shipping-taxable","18":"purchasable","19":"product-type-variable"},"_links":{"self":[{"href":"https:\/\/onderzoekschemicals.com\/fr\/wp-json\/wp\/v2\/product\/24332","targetHints":{"allow":["GET"]}}],"collection":[{"href":"https:\/\/onderzoekschemicals.com\/fr\/wp-json\/wp\/v2\/product"}],"about":[{"href":"https:\/\/onderzoekschemicals.com\/fr\/wp-json\/wp\/v2\/types\/product"}],"replies":[{"embeddable":true,"href":"https:\/\/onderzoekschemicals.com\/fr\/wp-json\/wp\/v2\/comments?post=24332"}],"version-history":[{"count":4,"href":"https:\/\/onderzoekschemicals.com\/fr\/wp-json\/wp\/v2\/product\/24332\/revisions"}],"predecessor-version":[{"id":27806,"href":"https:\/\/onderzoekschemicals.com\/fr\/wp-json\/wp\/v2\/product\/24332\/revisions\/27806"}],"wp:featuredmedia":[{"embeddable":true,"href":"https:\/\/onderzoekschemicals.com\/fr\/wp-json\/wp\/v2\/media\/21602"}],"wp:attachment":[{"href":"https:\/\/onderzoekschemicals.com\/fr\/wp-json\/wp\/v2\/media?parent=24332"}],"wp:term":[{"taxonomy":"product_brand","embeddable":true,"href":"https:\/\/onderzoekschemicals.com\/fr\/wp-json\/wp\/v2\/product_brand?post=24332"},{"taxonomy":"product_cat","embeddable":true,"href":"https:\/\/onderzoekschemicals.com\/fr\/wp-json\/wp\/v2\/product_cat?post=24332"},{"taxonomy":"product_tag","embeddable":true,"href":"https:\/\/onderzoekschemicals.com\/fr\/wp-json\/wp\/v2\/product_tag?post=24332"}],"curies":[{"name":"wp","href":"https:\/\/api.w.org\/{rel}","templated":true}]}}