{"id":24271,"date":"2025-04-13T17:41:22","date_gmt":"2025-04-13T17:41:22","guid":{"rendered":"https:\/\/onderzoekschemicals.com\/?post_type=product&#038;p=24271"},"modified":"2025-11-28T06:53:32","modified_gmt":"2025-11-28T06:53:32","slug":"bromonordiazepam-25-mg-granules","status":"publish","type":"product","link":"https:\/\/onderzoekschemicals.com\/fr\/boutique\/benzodiazepines\/bromonordiazepam-25-mg-granules\/","title":{"rendered":"Bromonordiaz\u00e9pam 2,5 MG Pastilles"},"content":{"rendered":"<h3 data-start=\"3959\" data-end=\"3980\"><strong data-start=\"3963\" data-end=\"3978\">Introduction<\/strong><\/h3>\n<p data-start=\"3981\" data-end=\"4362\"><strong data-start=\"3981\" data-end=\"4015\">Bromonordiaz\u00e9pam 2,5 mg en pastilles<\/strong> contenir <strong data-start=\"4025\" data-end=\"4059\">2,5 milligrammes de bromonordiaz\u00e9pam<\/strong>, Un <strong data-start=\"4065\" data-end=\"4106\">compos\u00e9 de benzodiaz\u00e9pine \u00e0 action prolong\u00e9e<\/strong> qui est structurellement li\u00e9 \u00e0 <strong data-start=\"4138\" data-end=\"4153\">Nordiaz\u00e9pam<\/strong> et <strong data-start=\"4157\" data-end=\"4169\">Diaz\u00e9pam<\/strong>. bromonordiaz\u00e9pam<br data-start=\"4170\" data-end=\"4173\" \/>Il est utilis\u00e9 dans <strong data-start=\"4195\" data-end=\"4233\">recherche m\u00e9dico-l\u00e9gale et analytique<\/strong> D\u00e9sagr\u00e9able <strong data-start=\"4239\" data-end=\"4265\">Liaison au r\u00e9cepteur GABA-A<\/strong>, <strong data-start=\"4267\" data-end=\"4282\">m\u00e9tabolisme<\/strong> et <strong data-start=\"4286\" data-end=\"4328\">relations structure-activit\u00e9 (SAR)<\/strong> au sein de la classe des benzodiaz\u00e9pines.<\/p>\n<p data-start=\"4364\" data-end=\"4583\">Chaque pastille est <strong data-start=\"4379\" data-end=\"4407\">formul\u00e9 en laboratoire<\/strong> et test\u00e9 sur un <strong data-start=\"4425\" data-end=\"4449\">puret\u00e9 \u2265 98%<\/strong> via <strong data-start=\"4454\" data-end=\"4469\">HPLC et RMN<\/strong>.<br data-start=\"4470\" data-end=\"4473\" \/>Le <strong data-start=\"4476\" data-end=\"4517\">dosage standardis\u00e9 de 2,5 mg<\/strong> assure des r\u00e9sultats de recherche reproductibles et fiables.<\/p>\n<blockquote data-start=\"4585\" data-end=\"4736\">\n<p data-start=\"4587\" data-end=\"4736\">\u26a0\ufe0f <strong data-start=\"4590\" data-end=\"4601\">NB:<\/strong> Le bromonordiaz\u00e9pam est uniquement destin\u00e9 \u00e0 <strong data-start=\"4647\" data-end=\"4682\">recherche et utilisation analytique<\/strong> \u2014 <strong data-start=\"4685\" data-end=\"4734\">non destin\u00e9 \u00e0 la consommation humaine ou animale.<\/strong><\/p>\n<\/blockquote>\n<hr data-start=\"4738\" data-end=\"4741\" \/>\n<h3 data-start=\"4743\" data-end=\"4774\"><strong data-start=\"4747\" data-end=\"4774\">Caract\u00e9ristiques principales<\/strong><\/h3>\n<div class=\"_tableContainer_1rjym_1\">\n<div class=\"group _tableWrapper_1rjym_13 flex w-fit flex-col-reverse\" tabindex=\"-1\">\n<table class=\"w-fit min-w-(--thread-content-width)\" data-start=\"4776\" data-end=\"5322\">\n<thead data-start=\"4776\" data-end=\"4802\">\n<tr data-start=\"4776\" data-end=\"4802\">\n<th data-start=\"4776\" data-end=\"4786\" data-col-size=\"sm\">Fonctionnalit\u00e9<\/th>\n<th data-start=\"4786\" data-end=\"4802\" data-col-size=\"md\">Description<\/th>\n<\/tr>\n<\/thead>\n<tbody data-start=\"4831\" data-end=\"5322\">\n<tr data-start=\"4831\" data-end=\"4872\">\n<td data-start=\"4831\" data-end=\"4852\" data-col-size=\"sm\"><strong data-start=\"4833\" data-end=\"4851\">Nom chimique<\/strong><\/td>\n<td data-start=\"4852\" data-end=\"4872\" data-col-size=\"md\">Bromonordiaz\u00e9pam<\/td>\n<\/tr>\n<tr data-start=\"4873\" data-end=\"4914\">\n<td data-start=\"4873\" data-end=\"4897\" data-col-size=\"sm\"><strong data-start=\"4875\" data-end=\"4896\">Formule chimique<\/strong><\/td>\n<td data-start=\"4897\" data-end=\"4914\" data-col-size=\"md\">C\u2081\u2085H\u2081\u2080BrClN\u2082O<\/td>\n<\/tr>\n<tr data-start=\"4915\" data-end=\"4953\">\n<td data-start=\"4915\" data-end=\"4937\" data-col-size=\"sm\"><strong data-start=\"4917\" data-end=\"4936\">Poids mol\u00e9culaire<\/strong><\/td>\n<td data-start=\"4937\" data-end=\"4953\" data-col-size=\"md\">365,61 g\/mol<\/td>\n<\/tr>\n<tr data-start=\"4954\" data-end=\"4989\">\n<td data-start=\"4954\" data-end=\"4969\" data-col-size=\"sm\"><strong data-start=\"4956\" data-end=\"4968\">Dosage<\/strong><\/td>\n<td data-start=\"4969\" data-end=\"4989\" data-col-size=\"md\">2,5 mg par pastille<\/td>\n<\/tr>\n<tr data-start=\"4990\" data-end=\"5037\">\n<td data-start=\"4990\" data-end=\"5001\" data-col-size=\"sm\"><strong data-start=\"4992\" data-end=\"5000\">Formulaire<\/strong><\/td>\n<td data-start=\"5001\" data-end=\"5037\" data-col-size=\"md\">Granul\u00e9 solide (blister)<\/td>\n<\/tr>\n<tr data-start=\"5038\" data-end=\"5089\">\n<td data-start=\"5038\" data-end=\"5055\" data-col-size=\"sm\"><strong data-start=\"5040\" data-end=\"5054\">Puret\u00e9<\/strong><\/td>\n<td data-start=\"5055\" data-end=\"5089\" data-col-size=\"md\">\u2265 98% (test\u00e9 par HPLC et RMN)<\/td>\n<\/tr>\n<tr data-start=\"5090\" data-end=\"5140\">\n<td data-start=\"5090\" data-end=\"5113\" data-col-size=\"sm\"><strong data-start=\"5092\" data-end=\"5112\">Classe chimique<\/strong><\/td>\n<td data-start=\"5113\" data-end=\"5140\" data-col-size=\"md\">D\u00e9riv\u00e9 de benzodiaz\u00e9pine<\/td>\n<\/tr>\n<tr data-start=\"5141\" data-end=\"5221\">\n<td data-start=\"5141\" data-end=\"5155\" data-col-size=\"sm\"><strong data-start=\"5143\" data-end=\"5154\">Usage<\/strong><\/td>\n<td data-start=\"5155\" data-end=\"5221\" data-col-size=\"md\">Pour la recherche analytique, m\u00e9dico-l\u00e9gale et pharmacologique uniquement<\/td>\n<\/tr>\n<tr data-start=\"5222\" data-end=\"5271\">\n<td data-start=\"5222\" data-end=\"5239\" data-col-size=\"sm\"><strong data-start=\"5224\" data-end=\"5238\">Conditionnement<\/strong><\/td>\n<td data-start=\"5239\" data-end=\"5271\" data-col-size=\"md\">Plaquette thermoform\u00e9e avec joint<\/td>\n<\/tr>\n<tr data-start=\"5272\" data-end=\"5322\">\n<td data-start=\"5272\" data-end=\"5290\" data-col-size=\"sm\"><strong data-start=\"5274\" data-end=\"5289\">Quantit\u00e9<\/strong><\/td>\n<td data-start=\"5290\" data-end=\"5322\" data-col-size=\"md\">Plusieurs granul\u00e9s par plaquette<\/td>\n<\/tr>\n<\/tbody>\n<\/table>\n<\/div>\n<\/div>\n<hr data-start=\"5324\" data-end=\"5327\" \/>\n<h3 data-start=\"5329\" data-end=\"5346\"><strong data-start=\"5333\" data-end=\"5346\">Avantages<\/strong><\/h3>\n<ul data-start=\"5348\" data-end=\"5732\">\n<li data-start=\"5348\" data-end=\"5432\">\n<p data-start=\"5350\" data-end=\"5432\"><strong data-start=\"5350\" data-end=\"5377\">Haute puret\u00e9 (\u2265 98%)<\/strong> \u2013 Qualit\u00e9 laboratoire pour des r\u00e9sultats fiables. bromonordiaz\u00e9pam<\/p>\n<\/li>\n<li data-start=\"5433\" data-end=\"5515\">\n<p data-start=\"5435\" data-end=\"5515\"><strong data-start=\"5435\" data-end=\"5474\">Dosage standardis\u00e9 (2,5 mg)<\/strong> \u2013 Assure des mesures reproductibles.<\/p>\n<\/li>\n<li data-start=\"5516\" data-end=\"5583\">\n<p data-start=\"5518\" data-end=\"5583\"><strong data-start=\"5518\" data-end=\"5541\">Forme solide stable<\/strong> \u2013 Facile \u00e0 manipuler et \u00e0 ranger.<\/p>\n<\/li>\n<li data-start=\"5584\" data-end=\"5664\">\n<p data-start=\"5586\" data-end=\"5664\"><strong data-start=\"5586\" data-end=\"5616\">Largement applicable \u00e0 la recherche<\/strong> \u2013 Convient pour les analyses GC\/MS, LC-MS et HPLC.<\/p>\n<\/li>\n<li data-start=\"5665\" data-end=\"5732\">\n<p data-start=\"5667\" data-end=\"5732\"><strong data-start=\"5667\" data-end=\"5692\">Qualit\u00e9 tra\u00e7able<\/strong> \u2013 Chaque lot test\u00e9 et enregistr\u00e9.<\/p>\n<\/li>\n<\/ul>\n<hr data-start=\"5734\" data-end=\"5737\" \/>\n<h3 data-start=\"5739\" data-end=\"5791\"><strong data-start=\"5743\" data-end=\"5789\">Utilisation (\u00e0 des fins de recherche uniquement)<\/strong><\/h3>\n<ol data-start=\"5793\" data-end=\"6126\">\n<li data-start=\"5793\" data-end=\"5862\">\n<p data-start=\"5796\" data-end=\"5862\"><strong data-start=\"5796\" data-end=\"5811\">Manutention:<\/strong> Portez des gants, des lunettes de s\u00e9curit\u00e9 et une blouse de laboratoire.<\/p>\n<\/li>\n<li data-start=\"5863\" data-end=\"5937\">\n<p data-start=\"5866\" data-end=\"5937\"><strong data-start=\"5866\" data-end=\"5879\">Mesures:<\/strong> Chaque pastille contient 2,5 mg \u00b1 0,1 mg\u00a0; enregistrez les informations sur le lot.<\/p>\n<\/li>\n<li data-start=\"5938\" data-end=\"5992\">\n<p data-start=\"5941\" data-end=\"5992\"><strong data-start=\"5941\" data-end=\"5952\">Stockage:<\/strong> Conserver au frais (2\u20138\u00b0C), au sec et \u00e0 l\u2019abri de la lumi\u00e8re.<\/p>\n<\/li>\n<li data-start=\"5993\" data-end=\"6061\">\n<p data-start=\"5996\" data-end=\"6061\"><strong data-start=\"5996\" data-end=\"6008\">Analyse:<\/strong> Convient \u00e0 la chromatographie et \u00e0 la recherche sur les r\u00e9cepteurs.<\/p>\n<\/li>\n<li data-start=\"6062\" data-end=\"6126\">\n<p data-start=\"6065\" data-end=\"6126\"><strong data-start=\"6065\" data-end=\"6082\">Documentation:<\/strong> Enregistrer les r\u00e9sultats et les m\u00e9thodes d\u2019analyse.<\/p>\n<\/li>\n<\/ol>\n<hr data-start=\"6128\" data-end=\"6131\" \/>\n<h3 data-start=\"6133\" data-end=\"6168\"><strong data-start=\"6137\" data-end=\"6166\">Foire aux questions (FAQ)<\/strong><\/h3>\n<p data-start=\"6170\" data-end=\"6308\"><strong data-start=\"6170\" data-end=\"6201\">1. Qu&#039;est-ce que le bromonordiaz\u00e9pam ?<\/strong><br data-start=\"6201\" data-end=\"6204\" \/>UN <strong data-start=\"6208\" data-end=\"6234\">analogue de benzodiaz\u00e9pine<\/strong> utilis\u00e9 pour la recherche sur les interactions et le m\u00e9tabolisme des r\u00e9cepteurs GABA-A.<\/p>\n<p data-start=\"6310\" data-end=\"6439\"><strong data-start=\"6310\" data-end=\"6343\">2. Quelle est la puret\u00e9 du produit ?<\/strong><br data-start=\"6343\" data-end=\"6346\" \/>Chaque pastille contient <strong data-start=\"6364\" data-end=\"6409\">2,5 mg de bromonordiaz\u00e9pam (puret\u00e9 \u2265 98%)<\/strong>, confirm\u00e9 par HPLC et RMN.<\/p>\n<p data-start=\"6441\" data-end=\"6630\"><strong data-start=\"6441\" data-end=\"6491\">3. Est-il l\u00e9gal d\u2019acheter du bromonordiaz\u00e9pam ?<\/strong><br data-start=\"6491\" data-end=\"6494\" \/>Le <strong data-start=\"6497\" data-end=\"6532\">l\u00e9galit\u00e9 du bromonordiaz\u00e9pam<\/strong> varie selon les pays. Veuillez toujours v\u00e9rifier la r\u00e9glementation locale avant utilisation. <strong data-start=\"6601\" data-end=\"6627\">Acheter du bromonordiaz\u00e9pam<\/strong>. <a href=\"https:\/\/onderzoekschemicals.com\/fr\/boutique\/non-classe-2\/acheter-4mmc\/\">acheter 4mmc<\/a><\/p>","protected":false},"excerpt":{"rendered":"<p>Introductie Bromonordiazepam 2,5mg Pellets bevatten 2,5 milligram Bromonordiazepam, een langwerkende benzodiazepineverbinding die structureel verwant is aan Nordiazepam en Diazepam. bromonordiazepamHet<\/p>","protected":false},"featured_media":29442,"comment_status":"closed","ping_status":"closed","template":"","meta":[],"product_brand":[],"product_cat":[76,385,390,324],"product_tag":[185,326],"class_list":{"0":"post-24271","1":"product","2":"type-product","3":"status-publish","4":"has-post-thumbnail","6":"product_cat-benzodiazepinen","7":"product_cat-bromonordiazepam","8":"product_cat-bromonordiazepam-pellets","9":"product_cat-pellets-for-pellet","10":"product_tag-bromonordiazepam","11":"product_tag-nl","13":"first","14":"instock","15":"taxable","16":"shipping-taxable","17":"purchasable","18":"product-type-variable"},"_links":{"self":[{"href":"https:\/\/onderzoekschemicals.com\/fr\/wp-json\/wp\/v2\/product\/24271","targetHints":{"allow":["GET"]}}],"collection":[{"href":"https:\/\/onderzoekschemicals.com\/fr\/wp-json\/wp\/v2\/product"}],"about":[{"href":"https:\/\/onderzoekschemicals.com\/fr\/wp-json\/wp\/v2\/types\/product"}],"replies":[{"embeddable":true,"href":"https:\/\/onderzoekschemicals.com\/fr\/wp-json\/wp\/v2\/comments?post=24271"}],"version-history":[{"count":4,"href":"https:\/\/onderzoekschemicals.com\/fr\/wp-json\/wp\/v2\/product\/24271\/revisions"}],"predecessor-version":[{"id":27816,"href":"https:\/\/onderzoekschemicals.com\/fr\/wp-json\/wp\/v2\/product\/24271\/revisions\/27816"}],"wp:featuredmedia":[{"embeddable":true,"href":"https:\/\/onderzoekschemicals.com\/fr\/wp-json\/wp\/v2\/media\/29442"}],"wp:attachment":[{"href":"https:\/\/onderzoekschemicals.com\/fr\/wp-json\/wp\/v2\/media?parent=24271"}],"wp:term":[{"taxonomy":"product_brand","embeddable":true,"href":"https:\/\/onderzoekschemicals.com\/fr\/wp-json\/wp\/v2\/product_brand?post=24271"},{"taxonomy":"product_cat","embeddable":true,"href":"https:\/\/onderzoekschemicals.com\/fr\/wp-json\/wp\/v2\/product_cat?post=24271"},{"taxonomy":"product_tag","embeddable":true,"href":"https:\/\/onderzoekschemicals.com\/fr\/wp-json\/wp\/v2\/product_tag?post=24271"}],"curies":[{"name":"wp","href":"https:\/\/api.w.org\/{rel}","templated":true}]}}