{"id":24262,"date":"2025-04-13T17:41:21","date_gmt":"2025-04-13T17:41:21","guid":{"rendered":"https:\/\/onderzoekschemicals.com\/?post_type=product&#038;p=24262"},"modified":"2025-10-12T19:22:48","modified_gmt":"2025-10-12T19:22:48","slug":"beta-k-2c-b-zakje-3-pellets","status":"publish","type":"product","link":"https:\/\/onderzoekschemicals.com\/fr\/shop\/b2b\/beta-k-2c-b-zakje-3-pellets\/","title":{"rendered":"Sac RC+ Beta-k-2C-B 3 pastilles"},"content":{"rendered":"<h2 data-start=\"4868\" data-end=\"4894\"><strong data-start=\"4871\" data-end=\"4894\">Description du produit<\/strong><\/h2>\n<p data-start=\"4896\" data-end=\"5173\"><strong data-start=\"4896\" data-end=\"4931\">Sac RC+ Beta-k-2C-B 3 pastilles<\/strong> est un <strong data-start=\"4939\" data-end=\"4976\">mat\u00e9riel de recherche de haute qualit\u00e9<\/strong>, destin\u00e9 \u00e0 la recherche analytique, m\u00e9dico-l\u00e9gale et universitaire en laboratoire. Ce compos\u00e9 fait partie de la <strong data-start=\"5089\" data-end=\"5102\">S\u00e9rie RC+<\/strong> et soutient la recherche sur <strong data-start=\"5137\" data-end=\"5170\">nouveaux analogues de la ph\u00e9n\u00e9thylamine<\/strong>.<\/p>\n<p data-start=\"5175\" data-end=\"5338\">Chaque paquet contient <strong data-start=\"5197\" data-end=\"5237\">trois pastilles fabriqu\u00e9es avec pr\u00e9cision<\/strong>, produit dans des conditions contr\u00f4l\u00e9es pour une coh\u00e9rence et une reproductibilit\u00e9 maximales.<\/p>\n<p data-start=\"5340\" data-end=\"5480\">\u26a0\ufe0f <strong data-start=\"5343\" data-end=\"5358\">Important:<\/strong> Ce produit est <strong data-start=\"5374\" data-end=\"5423\">destin\u00e9 \u00e0 des fins de recherche uniquement<\/strong> et <strong data-start=\"5427\" data-end=\"5479\">ne convient pas \u00e0 l&#039;usage humain ou animal<\/strong>.<\/p>\n<hr data-start=\"5482\" data-end=\"5485\" \/>\n<h2 data-start=\"5487\" data-end=\"5517\"><strong data-start=\"5490\" data-end=\"5517\">Caract\u00e9ristiques principales<\/strong><\/h2>\n<ul data-start=\"5519\" data-end=\"5905\">\n<li data-start=\"5519\" data-end=\"5570\">\n<p data-start=\"5521\" data-end=\"5570\"><strong data-start=\"5521\" data-end=\"5540\">Haute puret\u00e9<\/strong> selon les normes du laboratoire.<\/p>\n<\/li>\n<li data-start=\"5571\" data-end=\"5643\">\n<p data-start=\"5573\" data-end=\"5643\"><strong data-start=\"5573\" data-end=\"5604\">Dosage standardis\u00e9<\/strong> \u2013 chaque pastille est compos\u00e9e avec pr\u00e9cision.<\/p>\n<\/li>\n<li data-start=\"5644\" data-end=\"5715\">\n<p data-start=\"5646\" data-end=\"5715\"><strong data-start=\"5646\" data-end=\"5670\">Formulation stable<\/strong> \u2013 r\u00e9sistant \u00e0 la d\u00e9gradation pendant le stockage.<\/p>\n<\/li>\n<li data-start=\"5716\" data-end=\"5795\">\n<p data-start=\"5718\" data-end=\"5795\"><strong data-start=\"5718\" data-end=\"5740\">Emballage s\u00fbr<\/strong> \u2013 herm\u00e9tique et scell\u00e9 pour une protection maximale.<\/p>\n<\/li>\n<li data-start=\"5796\" data-end=\"5905\">\n<p data-start=\"5798\" data-end=\"5905\"><strong data-start=\"5798\" data-end=\"5824\">Conform\u00e9ment \u00e0 la r\u00e9glementation de l&#039;UE<\/strong> \u2013 fabriqu\u00e9 conform\u00e9ment aux r\u00e9glementations de s\u00e9curit\u00e9 relatives aux produits chimiques de recherche.<\/p>\n<\/li>\n<\/ul>\n<hr data-start=\"5907\" data-end=\"5910\" \/>\n<h2 data-start=\"5912\" data-end=\"5946\"><strong data-start=\"5915\" data-end=\"5946\">Avantages pour les chercheurs<\/strong><\/h2>\n<ul data-start=\"5948\" data-end=\"6258\">\n<li data-start=\"5948\" data-end=\"6025\">\n<p data-start=\"5950\" data-end=\"6025\">Soutient <strong data-start=\"5962\" data-end=\"6003\">recherche toxicologique et analytique<\/strong> aux analogues 2C-B.<\/p>\n<\/li>\n<li data-start=\"6026\" data-end=\"6087\">\n<p data-start=\"6028\" data-end=\"6087\">Convient pour <strong data-start=\"6042\" data-end=\"6084\">recherche m\u00e9dico-l\u00e9gale et pharmacologique<\/strong>.<\/p>\n<\/li>\n<li data-start=\"6088\" data-end=\"6139\">\n<p data-start=\"6090\" data-end=\"6139\">Aide avec <strong data-start=\"6100\" data-end=\"6136\">\u00e9tudes de comparaison structurelle<\/strong>.<\/p>\n<\/li>\n<li data-start=\"6140\" data-end=\"6192\">\n<p data-start=\"6142\" data-end=\"6192\">Offres <strong data-start=\"6148\" data-end=\"6189\">\u00e9chantillons de r\u00e9f\u00e9rence de haute qualit\u00e9<\/strong>.<\/p>\n<\/li>\n<li data-start=\"6193\" data-end=\"6258\">\n<p data-start=\"6195\" data-end=\"6258\">Convient pour <strong data-start=\"6209\" data-end=\"6255\">d\u00e9veloppement de m\u00e9thodes en LC-MS, GC-MS et RMN<\/strong>.<\/p>\n<\/li>\n<\/ul>\n<hr data-start=\"6260\" data-end=\"6263\" \/>\n<h2 data-start=\"6265\" data-end=\"6299\"><strong data-start=\"6268\" data-end=\"6299\">Utilisation (Contexte de recherche)<\/strong><\/h2>\n<ol data-start=\"6301\" data-end=\"6567\">\n<li data-start=\"6301\" data-end=\"6346\">\n<p data-start=\"6304\" data-end=\"6346\">Utiliser uniquement dans des laboratoires accr\u00e9dit\u00e9s.<\/p>\n<\/li>\n<li data-start=\"6347\" data-end=\"6407\">\n<p data-start=\"6350\" data-end=\"6407\">Portez des gants, des lunettes de s\u00e9curit\u00e9 et une blouse de laboratoire.<\/p>\n<\/li>\n<li data-start=\"6408\" data-end=\"6469\">\n<p data-start=\"6411\" data-end=\"6469\">Utilisez des instruments de pr\u00e9cision pour des mesures pr\u00e9cises.<\/p>\n<\/li>\n<li data-start=\"6470\" data-end=\"6517\">\n<p data-start=\"6473\" data-end=\"6517\">Conserver au frais, au sec et \u00e0 l&#039;abri de la lumi\u00e8re (moins de 25\u00b0C).<\/p>\n<\/li>\n<li data-start=\"6518\" data-end=\"6567\">\n<p data-start=\"6521\" data-end=\"6567\">\u00c9liminer les r\u00e9sidus conform\u00e9ment \u00e0 la r\u00e9glementation locale.<\/p>\n<\/li>\n<\/ol>\n<blockquote data-start=\"6569\" data-end=\"6664\">\n<p data-start=\"6571\" data-end=\"6664\"><strong data-start=\"6571\" data-end=\"6582\">NB:<\/strong> <em data-start=\"6583\" data-end=\"6616\">Sac RC+ Beta-k-2C-B 3 pastilles<\/em> est <strong data-start=\"6620\" data-end=\"6663\">non destin\u00e9 \u00e0 la consommation humaine<\/strong>.<\/p>\n<\/blockquote>\n<hr data-start=\"6666\" data-end=\"6669\" \/>\n<h2 data-start=\"6671\" data-end=\"6705\"><strong data-start=\"6674\" data-end=\"6705\">Foire aux questions (FAQ)<\/strong><\/h2>\n<h3 data-start=\"6707\" data-end=\"6758\"><strong data-start=\"6711\" data-end=\"6758\">1. \u00c0 quoi sert le RC+ Beta-k-2C-B ?<\/strong><\/h3>\n<p data-start=\"6759\" data-end=\"6859\">Ce tissu est utilis\u00e9 pour <strong data-start=\"6789\" data-end=\"6830\">recherche analytique et toxicologique<\/strong> aux analogues de la ph\u00e9n\u00e9thylamine.<\/p>\n<hr data-start=\"6861\" data-end=\"6864\" \/>\n<h3 data-start=\"6866\" data-end=\"6909\"><strong data-start=\"6870\" data-end=\"6909\">2. Combien de granul\u00e9s contient un sac ?<\/strong><\/h3>\n<p data-start=\"6910\" data-end=\"7003\">Chaque sac contient <strong data-start=\"6926\" data-end=\"6939\">3 pastilles<\/strong>, soigneusement compil\u00e9 pour des r\u00e9sultats de recherche coh\u00e9rents.<\/p>\n<hr data-start=\"7005\" data-end=\"7008\" \/>\n<h3 data-start=\"7010\" data-end=\"7082\"><strong data-start=\"7014\" data-end=\"7082\">3. Puis-je acheter un sac de 3 pastilles RC+ Beta-k-2C-B en tant que particulier ?<\/strong><\/h3>\n<p data-start=\"7083\" data-end=\"7187\">Non, seulement <strong data-start=\"7095\" data-end=\"7129\">institutions de recherche reconnues<\/strong> avec les permis appropri\u00e9s peuvent acheter ce produit.<\/p>\n<hr data-start=\"7189\" data-end=\"7192\" \/>\n<h2 data-start=\"7194\" data-end=\"7222\"><strong data-start=\"7197\" data-end=\"7222\">Informations de s\u00e9curit\u00e9<\/strong><\/h2>\n<ul data-start=\"7224\" data-end=\"7402\">\n<li data-start=\"7224\" data-end=\"7276\">\n<p data-start=\"7226\" data-end=\"7276\">Utiliser uniquement dans un environnement de laboratoire.<\/p>\n<\/li>\n<li data-start=\"7277\" data-end=\"7314\">\n<p data-start=\"7279\" data-end=\"7314\">\u00c9viter le contact avec la peau et les yeux.<\/p>\n<\/li>\n<li data-start=\"7315\" data-end=\"7346\">\n<p data-start=\"7317\" data-end=\"7346\">Ne pas inhaler ni avaler.<\/p>\n<\/li>\n<li data-start=\"7347\" data-end=\"7402\">\n<p data-start=\"7349\" data-end=\"7402\">Garder sous cl\u00e9 et hors de port\u00e9e des personnes non autoris\u00e9es.<\/p>\n<\/li>\n<\/ul>","protected":false},"excerpt":{"rendered":"<p><strong><span dir=\"auto\" style=\"vertical-align: inherit;\"><span dir=\"auto\" style=\"vertical-align: inherit;\">Synonyme:<\/span><\/span><\/strong><span dir=\"auto\" style=\"vertical-align: inherit;\"><span dir=\"auto\" style=\"vertical-align: inherit;\"> bk-2C-B <\/span><\/span><br \/>\n<strong><span dir=\"auto\" style=\"vertical-align: inherit;\"><span dir=\"auto\" style=\"vertical-align: inherit;\">Num\u00e9ro CAS : <\/span><\/span><\/strong><br \/>\n<strong><span dir=\"auto\" style=\"vertical-align: inherit;\"><span dir=\"auto\" style=\"vertical-align: inherit;\">Formule:<\/span><\/span><\/strong><span dir=\"auto\" style=\"vertical-align: inherit;\"><span dir=\"auto\" style=\"vertical-align: inherit;\"> chlorhydrate de 2-amino-1-(4-bromo-2,5-dim\u00e9thoxyph\u00e9nyl)-\u00e9thanone <\/span><\/span><br \/>\n<strong><span dir=\"auto\" style=\"vertical-align: inherit;\"><span dir=\"auto\" style=\"vertical-align: inherit;\">Masse molaire :<\/span><\/span><\/strong><span dir=\"auto\" style=\"vertical-align: inherit;\"><span dir=\"auto\" style=\"vertical-align: inherit;\"> 296,6 g\/mol <\/span><\/span><br \/>\n<strong><span dir=\"auto\" style=\"vertical-align: inherit;\"><span dir=\"auto\" style=\"vertical-align: inherit;\">Puret\u00e9:<\/span><\/span><\/strong><span dir=\"auto\" style=\"vertical-align: inherit;\"><span dir=\"auto\" style=\"vertical-align: inherit;\"> &gt;97%<\/span><\/span><\/p>","protected":false},"featured_media":21346,"comment_status":"closed","ping_status":"closed","template":"","meta":[],"product_brand":[82],"product_cat":[555],"product_tag":[869,244,867,326,868],"class_list":{"0":"post-24262","1":"product","2":"type-product","3":"status-publish","4":"has-post-thumbnail","6":"product_brand-research-chemical","7":"product_cat-b2b","8":"product_tag-2c-b-analogon-pellets","9":"product_tag-beta-k-2c-b","10":"product_tag-beta-k-2c-b-onderzoek","11":"product_tag-nl","12":"product_tag-rc-psychedelische-fenethylamine","14":"first","15":"instock","16":"taxable","17":"shipping-taxable","18":"purchasable","19":"product-type-variable"},"_links":{"self":[{"href":"https:\/\/onderzoekschemicals.com\/fr\/wp-json\/wp\/v2\/product\/24262","targetHints":{"allow":["GET"]}}],"collection":[{"href":"https:\/\/onderzoekschemicals.com\/fr\/wp-json\/wp\/v2\/product"}],"about":[{"href":"https:\/\/onderzoekschemicals.com\/fr\/wp-json\/wp\/v2\/types\/product"}],"replies":[{"embeddable":true,"href":"https:\/\/onderzoekschemicals.com\/fr\/wp-json\/wp\/v2\/comments?post=24262"}],"version-history":[{"count":4,"href":"https:\/\/onderzoekschemicals.com\/fr\/wp-json\/wp\/v2\/product\/24262\/revisions"}],"predecessor-version":[{"id":27821,"href":"https:\/\/onderzoekschemicals.com\/fr\/wp-json\/wp\/v2\/product\/24262\/revisions\/27821"}],"wp:featuredmedia":[{"embeddable":true,"href":"https:\/\/onderzoekschemicals.com\/fr\/wp-json\/wp\/v2\/media\/21346"}],"wp:attachment":[{"href":"https:\/\/onderzoekschemicals.com\/fr\/wp-json\/wp\/v2\/media?parent=24262"}],"wp:term":[{"taxonomy":"product_brand","embeddable":true,"href":"https:\/\/onderzoekschemicals.com\/fr\/wp-json\/wp\/v2\/product_brand?post=24262"},{"taxonomy":"product_cat","embeddable":true,"href":"https:\/\/onderzoekschemicals.com\/fr\/wp-json\/wp\/v2\/product_cat?post=24262"},{"taxonomy":"product_tag","embeddable":true,"href":"https:\/\/onderzoekschemicals.com\/fr\/wp-json\/wp\/v2\/product_tag?post=24262"}],"curies":[{"name":"wp","href":"https:\/\/api.w.org\/{rel}","templated":true}]}}