{"id":24192,"date":"2025-04-13T17:41:13","date_gmt":"2025-04-13T17:41:13","guid":{"rendered":"https:\/\/onderzoekschemicals.com\/?post_type=product&#038;p=24192"},"modified":"2025-10-12T20:43:01","modified_gmt":"2025-10-12T20:43:01","slug":"3-fpm-kopen","status":"publish","type":"product","link":"https:\/\/onderzoekschemicals.com\/fr\/shop\/b2b\/3-fpm-kopen\/","title":{"rendered":"Bo\u00eete de 50 mg de fluorure RC+ 3-FPM"},"content":{"rendered":"<h3 data-start=\"4920\" data-end=\"4939\"><strong data-start=\"4924\" data-end=\"4939\">Introduction<\/strong><\/h3>\n<p data-start=\"4940\" data-end=\"5222\">Le <strong data-start=\"4943\" data-end=\"4971\">Bo\u00eete de 50 mg de fluorure RC+ 3-FPM<\/strong> est un <strong data-start=\"4979\" data-end=\"5009\">substance de recherche de haute puret\u00e9<\/strong> de la <strong data-start=\"5017\" data-end=\"5054\">classe de ph\u00e9n\u00e9thylamine et de stimulants<\/strong>Chimiquement connu sous le nom de <strong data-start=\"5076\" data-end=\"5099\">3-Fluorophenm\u00e9trazine<\/strong>, est-ce un <strong data-start=\"5112\" data-end=\"5153\">variante fluor\u00e9e de la fenm\u00e9trazine<\/strong>, d\u00e9velopp\u00e9 pour <strong data-start=\"5171\" data-end=\"5219\">recherche neurochimique et psychostimulante<\/strong>. 3 pieds par minute acheter<\/p>\n<p data-start=\"5224\" data-end=\"5556\">Gr\u00e2ce \u00e0 la structure, l&#039;effet sur <strong data-start=\"5263\" data-end=\"5302\">recapture de la dopamine et de la noradr\u00e9naline<\/strong> sont \u00e9tudi\u00e9s en profondeur. Cela en fait un mat\u00e9riau pr\u00e9cieux pour <strong data-start=\"5375\" data-end=\"5449\">neurosciences comportementales, recherche pharmacologique et chimie analytique<\/strong>Chaque comprim\u00e9 de 50 mg est soigneusement con\u00e7u pour une efficacit\u00e9 maximale <strong data-start=\"5509\" data-end=\"5555\">pr\u00e9cision, puret\u00e9 et coh\u00e9rence<\/strong>.<\/p>\n<hr data-start=\"5558\" data-end=\"5561\" \/>\n<h3 data-start=\"5563\" data-end=\"5594\"><strong data-start=\"5567\" data-end=\"5594\">Caract\u00e9ristiques principales<\/strong><\/h3>\n<ul data-start=\"5595\" data-end=\"6109\">\n<li data-start=\"5595\" data-end=\"5680\">\n<p data-start=\"5597\" data-end=\"5680\"><strong data-start=\"5597\" data-end=\"5623\">Qualit\u00e9 analytique :<\/strong> Contient <strong data-start=\"5630\" data-end=\"5666\">50 mg de 3-fluoroph\u00e9nm\u00e9trazine (3-FPM)<\/strong> par comprim\u00e9.<\/p>\n<\/li>\n<li data-start=\"5681\" data-end=\"5763\">\n<p data-start=\"5683\" data-end=\"5763\"><strong data-start=\"5683\" data-end=\"5708\">Recherche de puret\u00e9 :<\/strong> Test\u00e9 sur <strong data-start=\"5719\" data-end=\"5760\">consistance et stabilit\u00e9 chimiques<\/strong>.<\/p>\n<\/li>\n<li data-start=\"5764\" data-end=\"5889\">\n<p data-start=\"5766\" data-end=\"5889\"><strong data-start=\"5766\" data-end=\"5799\">Emballage professionnel RC+ :<\/strong> Livr\u00e9 en <strong data-start=\"5812\" data-end=\"5849\">bo\u00eetes \u00e9tanches \u00e0 l&#039;humidit\u00e9 et scell\u00e9es<\/strong> avec des \u00e9tiquettes de laboratoire claires.<\/p>\n<\/li>\n<li data-start=\"5890\" data-end=\"5982\">\n<p data-start=\"5892\" data-end=\"5982\"><strong data-start=\"5892\" data-end=\"5924\">Informations de lot tra\u00e7ables :<\/strong> Chaque lot contient <strong data-start=\"5942\" data-end=\"5979\">num\u00e9ros de lot et certificats d&#039;analyse<\/strong>.<\/p>\n<\/li>\n<li data-start=\"5983\" data-end=\"6109\">\n<p data-start=\"5985\" data-end=\"6109\"><strong data-start=\"5985\" data-end=\"6021\">Reproductibilit\u00e9 fiable :<\/strong> Con\u00e7u pour <strong data-start=\"6037\" data-end=\"6061\">r\u00e9sultats coh\u00e9rents<\/strong> dans des conditions de laboratoire contr\u00f4l\u00e9es.<\/p>\n<\/li>\n<\/ul>\n<hr data-start=\"6111\" data-end=\"6114\" \/>\n<h3 data-start=\"6116\" data-end=\"6133\"><strong data-start=\"6120\" data-end=\"6133\">Avantages<\/strong><\/h3>\n<ul data-start=\"6134\" data-end=\"6559\">\n<li data-start=\"6134\" data-end=\"6209\">\n<p data-start=\"6136\" data-end=\"6209\">Convient pour <strong data-start=\"6150\" data-end=\"6177\">examen neurochimique<\/strong> \u00e0 une activit\u00e9 stimulante.<\/p>\n<\/li>\n<li data-start=\"6210\" data-end=\"6299\">\n<p data-start=\"6212\" data-end=\"6299\">Soutient <strong data-start=\"6224\" data-end=\"6250\">analyses comparatives<\/strong> avec de la phenm\u00e9trazine et des compos\u00e9s similaires.<\/p>\n<\/li>\n<li data-start=\"6300\" data-end=\"6380\">\n<p data-start=\"6302\" data-end=\"6380\">Applicable dans <strong data-start=\"6316\" data-end=\"6351\">recherche comportementale et cognitive<\/strong> aux m\u00e9canismes stimulants.<\/p>\n<\/li>\n<li data-start=\"6381\" data-end=\"6455\">\n<p data-start=\"6383\" data-end=\"6455\">Offres <strong data-start=\"6389\" data-end=\"6431\">propri\u00e9t\u00e9s pharmacologiques stables<\/strong> pour des tests r\u00e9p\u00e9t\u00e9s.<\/p>\n<\/li>\n<li data-start=\"6456\" data-end=\"6559\">\n<p data-start=\"6458\" data-end=\"6559\">Id\u00e9al pour <strong data-start=\"6470\" data-end=\"6520\">recherche acad\u00e9mique, m\u00e9dico-l\u00e9gale et analytique<\/strong> visant \u00e0 <strong data-start=\"6532\" data-end=\"6556\">syst\u00e8mes dopaminergiques<\/strong>. 3 pieds par minute acheter<\/p>\n<\/li>\n<\/ul>\n<hr data-start=\"6561\" data-end=\"6564\" \/>\n<h3 data-start=\"6566\" data-end=\"6581\"><strong data-start=\"6570\" data-end=\"6581\">Usage<\/strong><\/h3>\n<p data-start=\"6582\" data-end=\"6706\">Le <strong data-start=\"6585\" data-end=\"6613\">Bo\u00eete de 50 mg de fluorure RC+ 3-FPM<\/strong> est exclusivement destin\u00e9 \u00e0 <strong data-start=\"6642\" data-end=\"6680\">applications de recherche et d&#039;analyse<\/strong>.<br data-start=\"6681\" data-end=\"6684\" \/>Les chercheurs devraient :<\/p>\n<ul data-start=\"6707\" data-end=\"6979\">\n<li data-start=\"6707\" data-end=\"6784\">\n<p data-start=\"6709\" data-end=\"6784\">Porter des v\u00eatements de protection (<strong data-start=\"6741\" data-end=\"6780\">gants, lunettes de protection, blouse de laboratoire<\/strong>).<\/p>\n<\/li>\n<li data-start=\"6785\" data-end=\"6857\">\n<p data-start=\"6787\" data-end=\"6857\">\u00c0 conserver sous <strong data-start=\"6804\" data-end=\"6812\">25\u00b0C<\/strong> sur un <strong data-start=\"6820\" data-end=\"6854\">endroit frais, sec et sombre<\/strong>.<\/p>\n<\/li>\n<li data-start=\"6858\" data-end=\"6913\">\n<p data-start=\"6860\" data-end=\"6913\">Contact avec <strong data-start=\"6872\" data-end=\"6897\">lumi\u00e8re, air et humidit\u00e9<\/strong> \u00e0 \u00e9viter.<\/p>\n<\/li>\n<li data-start=\"6914\" data-end=\"6979\">\n<p data-start=\"6916\" data-end=\"6979\"><strong data-start=\"6916\" data-end=\"6950\">Instruments de mesure \u00e9talonn\u00e9s<\/strong> \u00e0 utiliser pour l&#039;analyse.<\/p>\n<\/li>\n<\/ul>\n<hr data-start=\"6981\" data-end=\"6984\" \/>\n<h3 data-start=\"6986\" data-end=\"7015\"><strong data-start=\"6990\" data-end=\"7015\">Informations de s\u00e9curit\u00e9<\/strong><\/h3>\n<ul data-start=\"7016\" data-end=\"7225\">\n<li data-start=\"7016\" data-end=\"7056\">\n<p data-start=\"7018\" data-end=\"7056\">Uniquement pour <strong data-start=\"7030\" data-end=\"7053\">utilisation en laboratoire<\/strong>.<\/p>\n<\/li>\n<li data-start=\"7057\" data-end=\"7110\">\n<p data-start=\"7059\" data-end=\"7110\"><strong data-start=\"7059\" data-end=\"7107\">Ne convient pas \u00e0 la consommation humaine ou animale.<\/strong>.<\/p>\n<\/li>\n<li data-start=\"7111\" data-end=\"7167\">\n<p data-start=\"7113\" data-end=\"7167\">Suivez toujours les <strong data-start=\"7128\" data-end=\"7164\">directives de s\u00e9curit\u00e9 standard<\/strong>.<\/p>\n<\/li>\n<li data-start=\"7168\" data-end=\"7225\">\n<p data-start=\"7170\" data-end=\"7225\">Hors de port\u00e9e de <strong data-start=\"7188\" data-end=\"7215\">enfants et personnes non autoris\u00e9es<\/strong> \u00e0 garder.<\/p>\n<\/li>\n<\/ul>\n<hr data-start=\"7227\" data-end=\"7230\" \/>\n<h3 data-start=\"7232\" data-end=\"7265\"><strong data-start=\"7236\" data-end=\"7265\">Foire aux questions (FAQ)<\/strong><\/h3>\n<p data-start=\"7267\" data-end=\"7465\"><strong data-start=\"7267\" data-end=\"7323\">1. \u00c0 quoi sert la bo\u00eete RC+ Fluor 3-FPM 50 mg ?<\/strong><br data-start=\"7323\" data-end=\"7326\" \/>Il est utilis\u00e9 pour <strong data-start=\"7350\" data-end=\"7380\">recherche scientifique<\/strong> sur l&#039;effet des stimulants sur les transporteurs de dopamine et de noradr\u00e9naline.<\/p>\n<p data-start=\"7467\" data-end=\"7660\"><strong data-start=\"7467\" data-end=\"7523\">2. Quelle est la diff\u00e9rence entre le 3-FPM et la phenm\u00e9trazine ?<\/strong><br data-start=\"7523\" data-end=\"7526\" \/>3-FPM contient un <strong data-start=\"7542\" data-end=\"7568\">substitution de l&#039;atome de fluor<\/strong>, ce qui assure <strong data-start=\"7585\" data-end=\"7629\">propri\u00e9t\u00e9s pharmacologiques alt\u00e9r\u00e9es<\/strong> par rapport \u00e0 la phenm\u00e9trazine.<\/p>\n<p data-start=\"7662\" data-end=\"7834\"><strong data-start=\"7662\" data-end=\"7697\">3. Comment doit-il \u00eatre conserv\u00e9 ?<\/strong><br data-start=\"7697\" data-end=\"7700\" \/>\u00c9conomisez sur un <strong data-start=\"7714\" data-end=\"7748\">endroit frais, sec et sombre<\/strong>, de pr\u00e9f\u00e9rence dans le <strong data-start=\"7769\" data-end=\"7804\">emballage d&#039;origine scell\u00e9<\/strong> pour maintenir la puret\u00e9.<\/p>\n<hr data-start=\"7836\" data-end=\"7839\" \/>\n<h3 data-start=\"7841\" data-end=\"7858\"><strong data-start=\"7845\" data-end=\"7858\">Conclusion<\/strong><\/h3>\n<p data-start=\"7859\" data-end=\"8185\">Le <strong data-start=\"7862\" data-end=\"7890\">Bo\u00eete de 50 mg de fluorure RC+ 3-FPM<\/strong> est un <strong data-start=\"7898\" data-end=\"7952\">choix fiable pour les laboratoires et les chercheurs<\/strong> qui sont concern\u00e9s par <strong data-start=\"7978\" data-end=\"8042\">stimuler la recherche en pharmacologie et en neurosciences<\/strong>. Merci \u00e0 la <strong data-start=\"8055\" data-end=\"8122\">haute puret\u00e9, dosage pr\u00e9cis et emballage RC+ s\u00fbr<\/strong> l&#039;offre <strong data-start=\"8133\" data-end=\"8184\">r\u00e9sultats de recherche coh\u00e9rents et reproductibles<\/strong>.<\/p>","protected":false},"excerpt":{"rendered":"<p>Introductie De RC+ Fluor 3-FPM 50mg Box is een hoogzuivere onderzoeksstof uit de fenethylamine- en stimulantklasse. Chemisch bekend als 3-Fluorfenmetrazine,<\/p>","protected":false},"featured_media":20535,"comment_status":"closed","ping_status":"closed","template":"","meta":[],"product_brand":[82],"product_cat":[555],"product_tag":[881,606,601,605,326],"class_list":{"0":"post-24192","1":"product","2":"type-product","3":"status-publish","4":"has-post-thumbnail","6":"product_brand-research-chemical","7":"product_cat-b2b","8":"product_tag-3-fpm-kopen","9":"product_tag-3-fluorophenmetrazine","10":"product_tag-3-fpm","11":"product_tag-3fpm","12":"product_tag-nl","14":"first","15":"instock","16":"taxable","17":"shipping-taxable","18":"purchasable","19":"product-type-variable"},"_links":{"self":[{"href":"https:\/\/onderzoekschemicals.com\/fr\/wp-json\/wp\/v2\/product\/24192","targetHints":{"allow":["GET"]}}],"collection":[{"href":"https:\/\/onderzoekschemicals.com\/fr\/wp-json\/wp\/v2\/product"}],"about":[{"href":"https:\/\/onderzoekschemicals.com\/fr\/wp-json\/wp\/v2\/types\/product"}],"replies":[{"embeddable":true,"href":"https:\/\/onderzoekschemicals.com\/fr\/wp-json\/wp\/v2\/comments?post=24192"}],"version-history":[{"count":4,"href":"https:\/\/onderzoekschemicals.com\/fr\/wp-json\/wp\/v2\/product\/24192\/revisions"}],"predecessor-version":[{"id":27845,"href":"https:\/\/onderzoekschemicals.com\/fr\/wp-json\/wp\/v2\/product\/24192\/revisions\/27845"}],"wp:featuredmedia":[{"embeddable":true,"href":"https:\/\/onderzoekschemicals.com\/fr\/wp-json\/wp\/v2\/media\/20535"}],"wp:attachment":[{"href":"https:\/\/onderzoekschemicals.com\/fr\/wp-json\/wp\/v2\/media?parent=24192"}],"wp:term":[{"taxonomy":"product_brand","embeddable":true,"href":"https:\/\/onderzoekschemicals.com\/fr\/wp-json\/wp\/v2\/product_brand?post=24192"},{"taxonomy":"product_cat","embeddable":true,"href":"https:\/\/onderzoekschemicals.com\/fr\/wp-json\/wp\/v2\/product_cat?post=24192"},{"taxonomy":"product_tag","embeddable":true,"href":"https:\/\/onderzoekschemicals.com\/fr\/wp-json\/wp\/v2\/product_tag?post=24192"}],"curies":[{"name":"wp","href":"https:\/\/api.w.org\/{rel}","templated":true}]}}