{"id":24183,"date":"2025-04-13T17:41:13","date_gmt":"2025-04-13T17:41:13","guid":{"rendered":"https:\/\/onderzoekschemicals.com\/?post_type=product&#038;p=24183"},"modified":"2025-10-12T20:23:41","modified_gmt":"2025-10-12T20:23:41","slug":"pagoclone-werking","status":"publish","type":"product","link":"https:\/\/onderzoekschemicals.com\/fr\/shop\/b2b\/pagoclone-werking\/","title":{"rendered":"Bo\u00eete de RC+ Pagoclone 10 mg"},"content":{"rendered":"<h2 data-start=\"3680\" data-end=\"3706\"><strong data-start=\"3683\" data-end=\"3706\">Description du produit<\/strong><\/h2>\n<p data-start=\"3708\" data-end=\"4018\"><strong data-start=\"3708\" data-end=\"3734\">Bo\u00eete de RC+ Pagoclone 10 mg<\/strong> contient <strong data-start=\"3741\" data-end=\"3766\">Pagoclone de haute puret\u00e9<\/strong>, Un <strong data-start=\"3772\" data-end=\"3801\">compos\u00e9 de cyclopyrrolone<\/strong> qui est utilis\u00e9 pour <strong data-start=\"3826\" data-end=\"3880\">recherche analytique, pharmacologique et m\u00e9dico-l\u00e9gale<\/strong>. Op\u00e9ration Pagoclone<br data-start=\"3881\" data-end=\"3884\" \/>Le pagoclone a \u00e9t\u00e9 \u00e9tudi\u00e9 comme <strong data-start=\"3912\" data-end=\"3947\">agoniste partiel du r\u00e9cepteur GABA-A<\/strong>, ce qui le rend pertinent pour <strong data-start=\"3977\" data-end=\"4015\">recherche neurochimique et sur les r\u00e9cepteurs<\/strong>.<\/p>\n<p data-start=\"4020\" data-end=\"4165\">Chaque bo\u00eete contient <strong data-start=\"4035\" data-end=\"4076\">Granul\u00e9s de 10 mg de puret\u00e9 de recherche<\/strong>, soigneusement compos\u00e9 pour <strong data-start=\"4107\" data-end=\"4164\">des r\u00e9sultats de laboratoire reproductibles et fiables<\/strong>.<\/p>\n<p data-start=\"4167\" data-end=\"4303\">\u26a0\ufe0f <strong data-start=\"4170\" data-end=\"4181\">NB:<\/strong> Ce produit est <strong data-start=\"4197\" data-end=\"4246\">destin\u00e9 \u00e0 des fins de recherche uniquement<\/strong> et <strong data-start=\"4250\" data-end=\"4302\">ne convient pas \u00e0 l&#039;usage humain ou animal<\/strong>.<\/p>\n<hr data-start=\"4305\" data-end=\"4308\" \/>\n<h2 data-start=\"4310\" data-end=\"4340\"><strong data-start=\"4313\" data-end=\"4340\">Caract\u00e9ristiques principales<\/strong><\/h2>\n<ul data-start=\"4342\" data-end=\"4736\">\n<li data-start=\"4342\" data-end=\"4420\">\n<p data-start=\"4344\" data-end=\"4420\"><strong data-start=\"4344\" data-end=\"4364\">Haute puret\u00e9 :<\/strong> Convient \u00e0 la recherche analytique et pharmacologique.<\/p>\n<\/li>\n<li data-start=\"4421\" data-end=\"4502\">\n<p data-start=\"4423\" data-end=\"4502\"><strong data-start=\"4423\" data-end=\"4455\">Posologie standardis\u00e9e :<\/strong> 10 mg par pastille pour des r\u00e9sultats coh\u00e9rents.<\/p>\n<\/li>\n<li data-start=\"4503\" data-end=\"4578\">\n<p data-start=\"4505\" data-end=\"4578\"><strong data-start=\"4505\" data-end=\"4530\">Formulation stable :<\/strong> R\u00e9sistant \u00e0 la d\u00e9gradation avec un stockage appropri\u00e9.<\/p>\n<\/li>\n<li data-start=\"4579\" data-end=\"4650\">\n<p data-start=\"4581\" data-end=\"4650\"><strong data-start=\"4581\" data-end=\"4604\">Emballage s\u00fbr :<\/strong> Herm\u00e9tique et scell\u00e9 contre la contamination.<\/p>\n<\/li>\n<li data-start=\"4651\" data-end=\"4736\">\n<p data-start=\"4653\" data-end=\"4736\"><strong data-start=\"4653\" data-end=\"4680\">Conform\u00e9ment \u00e0 la r\u00e9glementation de l&#039;UE :<\/strong> Produit conform\u00e9ment aux directives europ\u00e9ennes de s\u00e9curit\u00e9. Fonctionnement de Pagoclone.<\/p>\n<\/li>\n<\/ul>\n<hr data-start=\"4738\" data-end=\"4741\" \/>\n<h2 data-start=\"4743\" data-end=\"4777\"><strong data-start=\"4746\" data-end=\"4777\">Avantages pour les chercheurs<\/strong><\/h2>\n<ul data-start=\"4779\" data-end=\"4998\">\n<li data-start=\"4779\" data-end=\"4838\">\n<p data-start=\"4781\" data-end=\"4838\">Convient pour <strong data-start=\"4795\" data-end=\"4835\">recherche sur les r\u00e9cepteurs et les neurochimies<\/strong>.<\/p>\n<\/li>\n<li data-start=\"4839\" data-end=\"4888\">\n<p data-start=\"4841\" data-end=\"4888\">Soutient <strong data-start=\"4853\" data-end=\"4885\">Analyses LC-MS, GC-MS et RMN<\/strong>.<\/p>\n<\/li>\n<li data-start=\"4889\" data-end=\"4941\">\n<p data-start=\"4891\" data-end=\"4941\">Offres <strong data-start=\"4897\" data-end=\"4919\">\u00e9chantillons de r\u00e9f\u00e9rence<\/strong> de haute qualit\u00e9.<\/p>\n<\/li>\n<li data-start=\"4942\" data-end=\"4998\">\n<p data-start=\"4944\" data-end=\"4998\">Pr\u00e9voit <strong data-start=\"4955\" data-end=\"4995\">r\u00e9sultats de recherche reproductibles<\/strong>.<\/p>\n<\/li>\n<\/ul>\n<hr data-start=\"5000\" data-end=\"5003\" \/>\n<h2 data-start=\"5005\" data-end=\"5039\"><strong data-start=\"5008\" data-end=\"5039\">Utilisation (Contexte de recherche)<\/strong><\/h2>\n<ol data-start=\"5041\" data-end=\"5236\">\n<li data-start=\"5041\" data-end=\"5086\">\n<p data-start=\"5044\" data-end=\"5086\">Utiliser uniquement dans des laboratoires accr\u00e9dit\u00e9s.<\/p>\n<\/li>\n<li data-start=\"5087\" data-end=\"5138\">\n<p data-start=\"5090\" data-end=\"5138\">Portez des gants, des lunettes de s\u00e9curit\u00e9 et une blouse de laboratoire.<\/p>\n<\/li>\n<li data-start=\"5139\" data-end=\"5186\">\n<p data-start=\"5142\" data-end=\"5186\">Conserver au frais, au sec et \u00e0 l&#039;abri de la lumi\u00e8re (moins de 25\u00b0C).<\/p>\n<\/li>\n<li data-start=\"5187\" data-end=\"5236\">\n<p data-start=\"5190\" data-end=\"5236\">\u00c9liminer les r\u00e9sidus conform\u00e9ment \u00e0 la r\u00e9glementation locale.<\/p>\n<\/li>\n<\/ol>\n<blockquote data-start=\"5238\" data-end=\"5330\">\n<p data-start=\"5240\" data-end=\"5330\"><strong data-start=\"5240\" data-end=\"5251\">NB:<\/strong> <em data-start=\"5252\" data-end=\"5276\">Bo\u00eete de RC+ Pagoclone 10 mg<\/em> est <strong data-start=\"5280\" data-end=\"5329\">destin\u00e9 \u00e0 des fins de recherche uniquement<\/strong>.<\/p>\n<\/blockquote>\n<hr data-start=\"5332\" data-end=\"5335\" \/>\n<h2 data-start=\"5337\" data-end=\"5371\"><strong data-start=\"5340\" data-end=\"5371\">Foire aux questions (FAQ)<\/strong><\/h2>\n<p data-start=\"5373\" data-end=\"5563\"><strong data-start=\"5373\" data-end=\"5418\">1. \u00c0 quoi sert le RC+ Pagoclone ?<\/strong><br data-start=\"5418\" data-end=\"5421\" \/>RC+ Pagoclone est utilis\u00e9 pour <strong data-start=\"5455\" data-end=\"5509\">recherche analytique, pharmacologique et m\u00e9dico-l\u00e9gale<\/strong> aux r\u00e9cepteurs GABA et aux compos\u00e9s cyclopyrrolone.<\/p>\n<p data-start=\"5565\" data-end=\"5659\"><strong data-start=\"5565\" data-end=\"5594\">2. Combien contient une bo\u00eete ?<\/strong><br data-start=\"5594\" data-end=\"5597\" \/>Chaque bo\u00eete contient <strong data-start=\"5612\" data-end=\"5630\">Pagoclone 10 mg<\/strong> de qualit\u00e9 laboratoire.<\/p>\n<p data-start=\"5661\" data-end=\"5796\"><strong data-start=\"5661\" data-end=\"5711\">3. Puis-je acheter RC+ Pagoclone en tant que particulier ?<\/strong><br data-start=\"5711\" data-end=\"5714\" \/>Non, ce produit est uniquement disponible pour <strong data-start=\"5759\" data-end=\"5793\">institutions de recherche reconnues<\/strong>.<\/p>","protected":false},"excerpt":{"rendered":"<p>Productbeschrijving RC+ Pagoclone 10mg Box bevat hoogzuivere Pagoclone, een cyclopyrrolone-verbinding die wordt gebruikt voor analytisch, farmacologisch en forensisch onderzoek. Pagoclone<\/p>","protected":false},"featured_media":21118,"comment_status":"closed","ping_status":"closed","template":"","meta":[],"product_brand":[82],"product_cat":[555],"product_tag":[326,665,748,749,747,750,751,752],"class_list":{"0":"post-24183","1":"product","2":"type-product","3":"status-publish","4":"has-post-thumbnail","6":"product_brand-research-chemical","7":"product_cat-b2b","8":"product_tag-nl","9":"product_tag-pagoclone","10":"product_tag-pagoclone-dosage","11":"product_tag-pagoclone-effects","12":"product_tag-pagoclone-ervaringen","13":"product_tag-pagoclone-experience","14":"product_tag-pagoclone-reddit","15":"product_tag-pagoclone-werking","17":"first","18":"instock","19":"taxable","20":"shipping-taxable","21":"purchasable","22":"product-type-variable"},"_links":{"self":[{"href":"https:\/\/onderzoekschemicals.com\/fr\/wp-json\/wp\/v2\/product\/24183","targetHints":{"allow":["GET"]}}],"collection":[{"href":"https:\/\/onderzoekschemicals.com\/fr\/wp-json\/wp\/v2\/product"}],"about":[{"href":"https:\/\/onderzoekschemicals.com\/fr\/wp-json\/wp\/v2\/types\/product"}],"replies":[{"embeddable":true,"href":"https:\/\/onderzoekschemicals.com\/fr\/wp-json\/wp\/v2\/comments?post=24183"}],"version-history":[{"count":4,"href":"https:\/\/onderzoekschemicals.com\/fr\/wp-json\/wp\/v2\/product\/24183\/revisions"}],"predecessor-version":[{"id":27838,"href":"https:\/\/onderzoekschemicals.com\/fr\/wp-json\/wp\/v2\/product\/24183\/revisions\/27838"}],"wp:featuredmedia":[{"embeddable":true,"href":"https:\/\/onderzoekschemicals.com\/fr\/wp-json\/wp\/v2\/media\/21118"}],"wp:attachment":[{"href":"https:\/\/onderzoekschemicals.com\/fr\/wp-json\/wp\/v2\/media?parent=24183"}],"wp:term":[{"taxonomy":"product_brand","embeddable":true,"href":"https:\/\/onderzoekschemicals.com\/fr\/wp-json\/wp\/v2\/product_brand?post=24183"},{"taxonomy":"product_cat","embeddable":true,"href":"https:\/\/onderzoekschemicals.com\/fr\/wp-json\/wp\/v2\/product_cat?post=24183"},{"taxonomy":"product_tag","embeddable":true,"href":"https:\/\/onderzoekschemicals.com\/fr\/wp-json\/wp\/v2\/product_tag?post=24183"}],"curies":[{"name":"wp","href":"https:\/\/api.w.org\/{rel}","templated":true}]}}