{"id":24083,"date":"2025-04-13T17:41:00","date_gmt":"2025-04-13T17:41:00","guid":{"rendered":"https:\/\/onderzoekschemicals.com\/?post_type=product&#038;p=24083"},"modified":"2025-10-14T11:19:17","modified_gmt":"2025-10-14T11:19:17","slug":"mini-balance-numerique-professionnelle-50-g-x-0001-g","status":"publish","type":"product","link":"https:\/\/onderzoekschemicals.com\/fr\/boutique\/balance\/mini-balance-numerique-professionnelle-50-g-x-0001-g\/","title":{"rendered":"Mini balance num\u00e9rique professionnelle \u2013 50 g x 0,001 g"},"content":{"rendered":"<h3 data-start=\"5323\" data-end=\"5342\"><strong data-start=\"5327\" data-end=\"5342\">Introduction<\/strong><\/h3>\n<p data-start=\"5344\" data-end=\"5695\">Le <strong data-start=\"5347\" data-end=\"5404\">Mini balance num\u00e9rique professionnelle \u2013 50 g x 0,001 g<\/strong> est un <strong data-start=\"5412\" data-end=\"5447\">balance de pr\u00e9cision de haute qualit\u00e9<\/strong>, con\u00e7u pour les utilisateurs qui <strong data-start=\"5479\" data-end=\"5516\">pr\u00e9cision et fiabilit\u00e9<\/strong> exigences. Avec une pr\u00e9cision de <strong data-start=\"5545\" data-end=\"5573\">0,001 gramme (1 milligramme)<\/strong> Cette mini balance est id\u00e9ale pour <strong data-start=\"5610\" data-end=\"5692\">analyses de laboratoire, pes\u00e9es de bijoux, pr\u00e9parations chimiques et microdosage<\/strong>Mini-balance num\u00e9rique<\/p>\n<p data-start=\"5697\" data-end=\"5861\">L&#039;\u00e9chelle combine <strong data-start=\"5722\" data-end=\"5754\">technologie de pr\u00e9cision num\u00e9rique<\/strong> imm\u00e9diatement <strong data-start=\"5763\" data-end=\"5794\">conception compacte et durable<\/strong>, ce qui le rend parfait pour les professionnels et les amateurs.<\/p>\n<hr data-start=\"5863\" data-end=\"5866\" \/>\n<h3 data-start=\"5868\" data-end=\"5899\"><strong data-start=\"5872\" data-end=\"5899\">Caract\u00e9ristiques principales<\/strong><\/h3>\n<ul data-start=\"5901\" data-end=\"6491\">\n<li data-start=\"5901\" data-end=\"5988\">\n<p data-start=\"5903\" data-end=\"5988\"><strong data-start=\"5903\" data-end=\"5926\">Extr\u00eamement pr\u00e9cis :<\/strong> \u00c0 la hauteur de <strong data-start=\"5936\" data-end=\"5947\">50 grammes<\/strong> avec une pr\u00e9cision de <strong data-start=\"5969\" data-end=\"5985\">0,001 g (1 mg)<\/strong>.<\/p>\n<\/li>\n<li data-start=\"5989\" data-end=\"6081\">\n<p data-start=\"5991\" data-end=\"6081\"><strong data-start=\"5991\" data-end=\"6016\">\u00c9cran LCD clair :<\/strong> Affichage \u00e9clair\u00e9 pour une lecture facile dans toutes les conditions d&#039;\u00e9clairage.<\/p>\n<\/li>\n<li data-start=\"6082\" data-end=\"6173\">\n<p data-start=\"6084\" data-end=\"6173\"><strong data-start=\"6084\" data-end=\"6106\">Plusieurs unit\u00e9s :<\/strong> Soutient <strong data-start=\"6119\" data-end=\"6146\">g, mg, oz, ozt, poids sec, ct<\/strong> pour des mesures flexibles.<\/p>\n<\/li>\n<li data-start=\"6174\" data-end=\"6251\">\n<p data-start=\"6176\" data-end=\"6251\"><strong data-start=\"6176\" data-end=\"6201\">Compact et portable :<\/strong> Conception l\u00e9g\u00e8re, facile \u00e0 transporter.<\/p>\n<\/li>\n<li data-start=\"6252\" data-end=\"6322\">\n<p data-start=\"6254\" data-end=\"6322\"><strong data-start=\"6254\" data-end=\"6270\">Capuchon de protection :<\/strong> Prot\u00e8ge la surface de pes\u00e9e de la poussi\u00e8re et des dommages.<\/p>\n<\/li>\n<li data-start=\"6323\" data-end=\"6410\">\n<p data-start=\"6325\" data-end=\"6410\"><strong data-start=\"6325\" data-end=\"6353\">Calibrage automatique :<\/strong> Comprend des poids d&#039;\u00e9talonnage pour une pr\u00e9cision continue.<\/p>\n<\/li>\n<li data-start=\"6411\" data-end=\"6491\">\n<p data-start=\"6413\" data-end=\"6491\"><strong data-start=\"6413\" data-end=\"6431\">Efficacit\u00e9 \u00e9nerg\u00e9tique :<\/strong> Fonction d&#039;arr\u00eat automatique pour une dur\u00e9e de vie de la batterie plus longue.<\/p>\n<\/li>\n<\/ul>\n<hr data-start=\"6493\" data-end=\"6496\" \/>\n<h3 data-start=\"6498\" data-end=\"6515\"><strong data-start=\"6502\" data-end=\"6515\">Avantages<\/strong><\/h3>\n<ol data-start=\"6517\" data-end=\"6895\">\n<li data-start=\"6517\" data-end=\"6602\">\n<p data-start=\"6520\" data-end=\"6602\"><strong data-start=\"6520\" data-end=\"6544\">Haute pr\u00e9cision :<\/strong> Id\u00e9al pour les laboratoires, les bijoux ou les mat\u00e9riaux fins.<\/p>\n<\/li>\n<li data-start=\"6603\" data-end=\"6677\">\n<p data-start=\"6606\" data-end=\"6677\"><strong data-start=\"6606\" data-end=\"6630\">Convivial:<\/strong> Panneau de commande simple \u00e0 deux boutons.<\/p>\n<\/li>\n<li data-start=\"6678\" data-end=\"6756\">\n<p data-start=\"6681\" data-end=\"6756\"><strong data-start=\"6681\" data-end=\"6696\">Polyvalent:<\/strong> Convient aux scientifiques, \u00e9tudiants et professionnels.<\/p>\n<\/li>\n<li data-start=\"6757\" data-end=\"6840\">\n<p data-start=\"6760\" data-end=\"6840\"><strong data-start=\"6760\" data-end=\"6781\">Conception durable :<\/strong> Plateforme de pes\u00e9e en acier inoxydable pour une utilisation longue dur\u00e9e.<\/p>\n<\/li>\n<li data-start=\"6841\" data-end=\"6895\">\n<p data-start=\"6844\" data-end=\"6895\"><strong data-start=\"6844\" data-end=\"6858\">Portable:<\/strong> Une pr\u00e9cision qui tient dans votre poche.<\/p>\n<\/li>\n<\/ol>\n<hr data-start=\"6897\" data-end=\"6900\" \/>\n<h3 data-start=\"6902\" data-end=\"6928\"><strong data-start=\"6906\" data-end=\"6928\">Mode d&#039;emploi<\/strong><\/h3>\n<ol data-start=\"6930\" data-end=\"7205\">\n<li data-start=\"6930\" data-end=\"6985\">\n<p data-start=\"6933\" data-end=\"6985\"><strong data-start=\"6933\" data-end=\"6957\">Placer la balance<\/strong> sur une surface plane.<\/p>\n<\/li>\n<li data-start=\"6986\" data-end=\"7038\">\n<p data-start=\"6989\" data-end=\"7038\"><strong data-start=\"6989\" data-end=\"7016\">Appuyez sur le bouton d&#039;alimentation<\/strong> pour permettre.<\/p>\n<\/li>\n<li data-start=\"7039\" data-end=\"7096\">\n<p data-start=\"7042\" data-end=\"7096\"><strong data-start=\"7042\" data-end=\"7069\">Attendre l&#039;\u00e9talonnage<\/strong> est compl\u00e9t\u00e9 automatiquement.<\/p>\n<\/li>\n<li data-start=\"7097\" data-end=\"7149\">\n<p data-start=\"7100\" data-end=\"7149\"><strong data-start=\"7100\" data-end=\"7130\">Placer l&#039;objet \u00e0 peser<\/strong> sur la plateforme.<\/p>\n<\/li>\n<li data-start=\"7150\" data-end=\"7205\">\n<p data-start=\"7153\" data-end=\"7205\"><strong data-start=\"7153\" data-end=\"7175\">Lire le r\u00e9sultat<\/strong> \u00e9teint l&#039;\u00e9cran \u00e9clair\u00e9.<\/p>\n<\/li>\n<\/ol>\n<p data-start=\"7207\" data-end=\"7322\">\ud83d\udca1 <strong data-start=\"7210\" data-end=\"7218\">Conseil:<\/strong> Calibrez r\u00e9guli\u00e8rement pour maintenir une pr\u00e9cision maximale, en particulier pour une utilisation chimique ou analytique.<\/p>\n<hr data-start=\"7324\" data-end=\"7327\" \/>\n<h3 data-start=\"7329\" data-end=\"7361\"><strong data-start=\"7333\" data-end=\"7361\">Sp\u00e9cifications techniques<\/strong><\/h3>\n<div class=\"_tableContainer_1rjym_1\">\n<div class=\"group _tableWrapper_1rjym_13 flex w-fit flex-col-reverse\" tabindex=\"-1\">\n<table class=\"w-fit min-w-(--thread-content-width)\" data-start=\"7363\" data-end=\"7824\">\n<thead data-start=\"7363\" data-end=\"7397\">\n<tr data-start=\"7363\" data-end=\"7397\">\n<th data-start=\"7363\" data-end=\"7382\" data-col-size=\"sm\"><strong data-start=\"7365\" data-end=\"7381\">Sp\u00e9cification<\/strong><\/th>\n<th data-start=\"7382\" data-end=\"7397\" data-col-size=\"sm\"><strong data-start=\"7384\" data-end=\"7395\">D\u00e9tails<\/strong><\/th>\n<\/tr>\n<\/thead>\n<tbody data-start=\"7434\" data-end=\"7824\">\n<tr data-start=\"7434\" data-end=\"7471\">\n<td data-start=\"7434\" data-end=\"7460\" data-col-size=\"sm\"><strong data-start=\"7436\" data-end=\"7459\">Capacit\u00e9 maximale<\/strong><\/td>\n<td data-start=\"7460\" data-end=\"7471\" data-col-size=\"sm\">50 grammes<\/td>\n<\/tr>\n<tr data-start=\"7472\" data-end=\"7520\">\n<td data-start=\"7472\" data-end=\"7504\" data-col-size=\"sm\"><strong data-start=\"7474\" data-end=\"7503\">Pr\u00e9cision \/ Lisibilit\u00e9<\/strong><\/td>\n<td data-col-size=\"sm\" data-start=\"7504\" data-end=\"7520\">0,001 g (1 mg)<\/td>\n<\/tr>\n<tr data-start=\"7521\" data-end=\"7563\">\n<td data-start=\"7521\" data-end=\"7536\" data-col-size=\"sm\"><strong data-start=\"7523\" data-end=\"7535\">Unit\u00e9s<\/strong><\/td>\n<td data-col-size=\"sm\" data-start=\"7536\" data-end=\"7563\">g, mg, oz, ozt, poids sec, ct<\/td>\n<\/tr>\n<tr data-start=\"7564\" data-end=\"7598\">\n<td data-start=\"7564\" data-end=\"7582\" data-col-size=\"sm\"><strong data-start=\"7566\" data-end=\"7581\">Type d&#039;affichage<\/strong><\/td>\n<td data-col-size=\"sm\" data-start=\"7582\" data-end=\"7598\">\u00c9cran LCD \u00e9clair\u00e9<\/td>\n<\/tr>\n<tr data-start=\"7599\" data-end=\"7635\">\n<td data-start=\"7599\" data-end=\"7613\" data-col-size=\"sm\"><strong data-start=\"7601\" data-end=\"7612\">Alimentation \u00e9lectrique<\/strong><\/td>\n<td data-start=\"7613\" data-end=\"7635\" data-col-size=\"sm\">2 piles AAA<\/td>\n<\/tr>\n<tr data-start=\"7636\" data-end=\"7679\">\n<td data-start=\"7636\" data-end=\"7660\" data-col-size=\"sm\"><strong data-start=\"7638\" data-end=\"7659\">Mat\u00e9riau de la plateforme<\/strong><\/td>\n<td data-col-size=\"sm\" data-start=\"7660\" data-end=\"7679\">Acier inoxydable<\/td>\n<\/tr>\n<tr data-start=\"7680\" data-end=\"7719\">\n<td data-start=\"7680\" data-end=\"7713\" data-col-size=\"sm\"><strong data-start=\"7682\" data-end=\"7712\">Arr\u00eat automatique<\/strong><\/td>\n<td data-col-size=\"sm\" data-start=\"7713\" data-end=\"7719\">Oui<\/td>\n<\/tr>\n<tr data-start=\"7720\" data-end=\"7764\">\n<td data-start=\"7720\" data-end=\"7737\" data-col-size=\"sm\"><strong data-start=\"7722\" data-end=\"7736\">\u00c9talonnage<\/strong><\/td>\n<td data-col-size=\"sm\" data-start=\"7737\" data-end=\"7764\">Manuel et automatique<\/td>\n<\/tr>\n<tr data-start=\"7765\" data-end=\"7800\">\n<td data-start=\"7765\" data-end=\"7782\" data-col-size=\"sm\"><strong data-start=\"7767\" data-end=\"7781\">Dimensions<\/strong><\/td>\n<td data-start=\"7782\" data-end=\"7800\" data-col-size=\"sm\">\u00b112 \u00d7 6 \u00d7 2 cm<\/td>\n<\/tr>\n<tr data-start=\"7801\" data-end=\"7824\">\n<td data-start=\"7801\" data-end=\"7815\" data-col-size=\"sm\"><strong data-start=\"7803\" data-end=\"7814\">Poids<\/strong><\/td>\n<td data-col-size=\"sm\" data-start=\"7815\" data-end=\"7824\">\u00b1150g<\/td>\n<\/tr>\n<\/tbody>\n<\/table>\n<\/div>\n<\/div>\n<hr data-start=\"7826\" data-end=\"7829\" \/>\n<h3 data-start=\"7831\" data-end=\"7866\"><strong data-start=\"7835\" data-end=\"7866\">Foire aux questions (FAQ)<\/strong><\/h3>\n<p data-start=\"7868\" data-end=\"8004\"><strong data-start=\"7868\" data-end=\"7923\">1. Quelle est la capacit\u00e9 maximale de la balance ?<\/strong><br data-start=\"7923\" data-end=\"7926\" \/>La balance peut mesurer jusqu&#039;\u00e0 <strong data-start=\"7948\" data-end=\"7959\">50 grammes<\/strong> mesurer avec une pr\u00e9cision de <strong data-start=\"7987\" data-end=\"8001\">0,001 gramme<\/strong>Mini-balance num\u00e9rique<\/p>\n<p data-start=\"8006\" data-end=\"8149\"><strong data-start=\"8006\" data-end=\"8066\">2. Cette balance est-elle adapt\u00e9e \u00e0 une utilisation en laboratoire ?<\/strong><br data-start=\"8066\" data-end=\"8069\" \/>Oui, parfait pour <strong data-start=\"8086\" data-end=\"8146\">laboratoires, \u00e9tablissements d&#039;enseignement et analyses chimiques<\/strong>.<\/p>\n<p data-start=\"8151\" data-end=\"8269\"><strong data-start=\"8151\" data-end=\"8186\">3. \u00c0 quelle fr\u00e9quence dois-je calibrer ?<\/strong><br data-start=\"8186\" data-end=\"8189\" \/>L&#039;\u00e9talonnage est n\u00e9cessaire pour des mesures fiables <strong data-start=\"8232\" data-end=\"8255\">une fois toutes les quelques semaines<\/strong> recommand\u00e9.<\/p>\n<hr data-start=\"8271\" data-end=\"8274\" \/>\n<h3 data-start=\"8276\" data-end=\"8293\"><strong data-start=\"8280\" data-end=\"8293\">Conclusion<\/strong><\/h3>\n<p data-start=\"8295\" data-end=\"8566\">Le <strong data-start=\"8298\" data-end=\"8355\">Mini balance num\u00e9rique professionnelle \u2013 50 g x 0,001 g<\/strong> moissonneuses-batteuses <strong data-start=\"8367\" data-end=\"8417\">pr\u00e9cision, portabilit\u00e9 et facilit\u00e9 d&#039;utilisation<\/strong>Que vous travailliez dans un laboratoire, fabriquiez des bijoux ou preniez des micromesures, cette balance num\u00e9rique vous offre <strong data-start=\"8530\" data-end=\"8563\">des r\u00e9sultats toujours fiables<\/strong>.<\/p>","protected":false},"excerpt":{"rendered":"<p><strong>Caract\u00e9ristiques:<\/strong><\/p>\n<ul>\n<li>Num\u00e9rique<\/li>\n<li>P\u00e8se \u00e0 partir de 0,001 g<\/li>\n<li>P\u00e8se max. 50g<\/li>\n<li>Fonctionne avec : 2 piles AAA<\/li>\n<li>\u00e9cran LCD<\/li>\n<li>Couleur : noir<\/li>\n<\/ul>","protected":false},"featured_media":21116,"comment_status":"closed","ping_status":"closed","template":"","meta":[],"product_brand":[],"product_cat":[451],"product_tag":[452,764,767,847,765,766,768],"class_list":{"0":"post-24083","1":"product","2":"type-product","3":"status-publish","4":"has-post-thumbnail","6":"product_cat-weegschalen","7":"product_tag-de","8":"product_tag-digitale-cs-weegschaal","9":"product_tag-digitale-microweegschaal","10":"product_tag-digitale-mini-weegschaal","11":"product_tag-milligramweegschaal","12":"product_tag-precise-weegschaal-0-001g","13":"product_tag-weegschaal-voor-research-chemicals","15":"first","16":"instock","17":"taxable","18":"shipping-taxable","19":"purchasable","20":"product-type-simple"},"_links":{"self":[{"href":"https:\/\/onderzoekschemicals.com\/fr\/wp-json\/wp\/v2\/product\/24083","targetHints":{"allow":["GET"]}}],"collection":[{"href":"https:\/\/onderzoekschemicals.com\/fr\/wp-json\/wp\/v2\/product"}],"about":[{"href":"https:\/\/onderzoekschemicals.com\/fr\/wp-json\/wp\/v2\/types\/product"}],"replies":[{"embeddable":true,"href":"https:\/\/onderzoekschemicals.com\/fr\/wp-json\/wp\/v2\/comments?post=24083"}],"version-history":[{"count":5,"href":"https:\/\/onderzoekschemicals.com\/fr\/wp-json\/wp\/v2\/product\/24083\/revisions"}],"predecessor-version":[{"id":27885,"href":"https:\/\/onderzoekschemicals.com\/fr\/wp-json\/wp\/v2\/product\/24083\/revisions\/27885"}],"wp:featuredmedia":[{"embeddable":true,"href":"https:\/\/onderzoekschemicals.com\/fr\/wp-json\/wp\/v2\/media\/21116"}],"wp:attachment":[{"href":"https:\/\/onderzoekschemicals.com\/fr\/wp-json\/wp\/v2\/media?parent=24083"}],"wp:term":[{"taxonomy":"product_brand","embeddable":true,"href":"https:\/\/onderzoekschemicals.com\/fr\/wp-json\/wp\/v2\/product_brand?post=24083"},{"taxonomy":"product_cat","embeddable":true,"href":"https:\/\/onderzoekschemicals.com\/fr\/wp-json\/wp\/v2\/product_cat?post=24083"},{"taxonomy":"product_tag","embeddable":true,"href":"https:\/\/onderzoekschemicals.com\/fr\/wp-json\/wp\/v2\/product_tag?post=24083"}],"curies":[{"name":"wp","href":"https:\/\/api.w.org\/{rel}","templated":true}]}}