{"id":24061,"date":"2025-04-13T17:40:59","date_gmt":"2025-04-13T17:40:59","guid":{"rendered":"https:\/\/onderzoekschemicals.com\/?post_type=product&#038;p=24061"},"modified":"2025-11-28T07:08:06","modified_gmt":"2025-11-28T07:08:06","slug":"microdose-1p-lsd","status":"publish","type":"product","link":"https:\/\/onderzoekschemicals.com\/fr\/shop\/1d-lsd-225mcg-pellets\/microdose-1p-lsd\/","title":{"rendered":"Granul\u00e9s de 1D-LSD 10 mcg \u2013 Microdose"},"content":{"rendered":"<h3 data-start=\"5807\" data-end=\"5826\"><strong data-start=\"5811\" data-end=\"5826\">Introduction<\/strong><\/h3>\n<p data-start=\"5828\" data-end=\"6174\"><strong data-start=\"5828\" data-end=\"5871\">Granul\u00e9s de 1D-LSD 10 mcg \u2013 \u00c9dition microdose<\/strong> sont <strong data-start=\"5877\" data-end=\"5924\">substances de recherche de qualit\u00e9 laboratoire<\/strong>, d\u00e9velopp\u00e9 pour <strong data-start=\"5942\" data-end=\"5986\">recherche scientifique et analytique<\/strong>Chaque pastille contient exactement <strong data-start=\"6012\" data-end=\"6085\">10 microgrammes (mcg) de 1D-LSD (1-di\u00e9thylamide-di\u00e9thylamide d&#039;acide lysergique)<\/strong>, ce qui assure <strong data-start=\"6102\" data-end=\"6143\">pr\u00e9cision et puret\u00e9 exceptionnelles<\/strong> dans la recherche sur le microdosage. Microdose 1p LSD<\/p>\n<p data-start=\"6176\" data-end=\"6334\">Ces granul\u00e9s sont id\u00e9aux pour les chercheurs qui <strong data-start=\"6223\" data-end=\"6247\">analogues du lysergamide<\/strong> et <strong data-start=\"6251\" data-end=\"6277\">effets du microdosage<\/strong> veulent \u00e9tudier dans des conditions contr\u00f4l\u00e9es.<\/p>\n<blockquote data-start=\"6336\" data-end=\"6474\">\n<p data-start=\"6338\" data-end=\"6474\">\u26a0\ufe0f <strong data-start=\"6341\" data-end=\"6352\">NB:<\/strong> Ce produit est destin\u00e9 \u00e0 \u00eatre utilis\u00e9 uniquement <strong data-start=\"6393\" data-end=\"6418\">recherche en laboratoire<\/strong>Ne convient pas \u00e0 la consommation humaine ou animale.<\/p>\n<\/blockquote>\n<hr data-start=\"6476\" data-end=\"6479\" \/>\n<h3 data-start=\"6481\" data-end=\"6512\"><strong data-start=\"6485\" data-end=\"6512\">Caract\u00e9ristiques principales<\/strong><\/h3>\n<ul data-start=\"6514\" data-end=\"6999\">\n<li data-start=\"6514\" data-end=\"6613\">\n<p data-start=\"6516\" data-end=\"6613\"><strong data-start=\"6516\" data-end=\"6536\">Dosage exact :<\/strong> Chaque pastille contient <strong data-start=\"6555\" data-end=\"6571\">10 mcg de 1D-LSD<\/strong> pour des \u00e9tudes de microdosage pr\u00e9cises.<\/p>\n<\/li>\n<li data-start=\"6614\" data-end=\"6704\">\n<p data-start=\"6616\" data-end=\"6704\"><strong data-start=\"6616\" data-end=\"6636\">Haute puret\u00e9 :<\/strong> Qualit\u00e9 analytique \u226599%, test\u00e9e dans des conditions de laboratoire.<\/p>\n<\/li>\n<li data-start=\"6705\" data-end=\"6772\">\n<p data-start=\"6707\" data-end=\"6772\"><strong data-start=\"6707\" data-end=\"6733\">Qualit\u00e9 constante :<\/strong> Produit selon <strong data-start=\"6755\" data-end=\"6769\">Normes BPL<\/strong>.<\/p>\n<\/li>\n<li data-start=\"6773\" data-end=\"6831\">\n<p data-start=\"6775\" data-end=\"6831\"><strong data-start=\"6775\" data-end=\"6796\">Chimiquement stable :<\/strong> Convient pour une conservation \u00e0 long terme. Microdose de 1 p de LSD<\/p>\n<\/li>\n<li data-start=\"6832\" data-end=\"6916\">\n<p data-start=\"6834\" data-end=\"6916\"><strong data-start=\"6834\" data-end=\"6856\">Manipulation s\u00fbre :<\/strong> La forme granul\u00e9e r\u00e9duit l\u2019exposition et le risque de contamination.<\/p>\n<\/li>\n<li data-start=\"6917\" data-end=\"6999\">\n<p data-start=\"6919\" data-end=\"6999\"><strong data-start=\"6919\" data-end=\"6942\">Emballage s\u00fbr :<\/strong> Scell\u00e9 et r\u00e9sistant \u00e0 l&#039;humidit\u00e9 pour une protection maximale.<\/p>\n<\/li>\n<\/ul>\n<hr data-start=\"7001\" data-end=\"7004\" \/>\n<h3 data-start=\"7006\" data-end=\"7023\"><strong data-start=\"7010\" data-end=\"7023\">Avantages<\/strong><\/h3>\n<ol data-start=\"7025\" data-end=\"7421\">\n<li data-start=\"7025\" data-end=\"7126\">\n<p data-start=\"7028\" data-end=\"7126\"><strong data-start=\"7028\" data-end=\"7068\">Id\u00e9al pour la recherche sur le microdosage :<\/strong> Con\u00e7u pour des exp\u00e9riences de laboratoire ultra-pr\u00e9cises.<\/p>\n<\/li>\n<li data-start=\"7127\" data-end=\"7200\">\n<p data-start=\"7130\" data-end=\"7200\"><strong data-start=\"7130\" data-end=\"7161\">R\u00e9sultats reproductibles :<\/strong> Donn\u00e9es constantes sur des tests r\u00e9p\u00e9t\u00e9s.<\/p>\n<\/li>\n<li data-start=\"7201\" data-end=\"7265\">\n<p data-start=\"7204\" data-end=\"7265\"><strong data-start=\"7204\" data-end=\"7226\">Utilisation s\u00fbre :<\/strong> Risque r\u00e9duit gr\u00e2ce \u00e0 la forme solide des granul\u00e9s.<\/p>\n<\/li>\n<li data-start=\"7266\" data-end=\"7352\">\n<p data-start=\"7269\" data-end=\"7352\"><strong data-start=\"7269\" data-end=\"7295\">Qualit\u00e9 du laboratoire :<\/strong> Fiable pour les tests analytiques et chimiques.<\/p>\n<\/li>\n<li data-start=\"7353\" data-end=\"7421\">\n<p data-start=\"7356\" data-end=\"7421\"><strong data-start=\"7356\" data-end=\"7374\">Longue dur\u00e9e de conservation :<\/strong> Reste stable dans des conditions de stockage correctes.<\/p>\n<\/li>\n<\/ol>\n<hr data-start=\"7423\" data-end=\"7426\" \/>\n<h3 data-start=\"7428\" data-end=\"7467\"><strong data-start=\"7432\" data-end=\"7467\">Utilisation (pour la recherche uniquement)<\/strong><\/h3>\n<ol data-start=\"7469\" data-end=\"7825\">\n<li data-start=\"7469\" data-end=\"7534\">\n<p data-start=\"7472\" data-end=\"7534\"><strong data-start=\"7472\" data-end=\"7502\">Porter des v\u00eatements de protection<\/strong> (gants, lunettes, blouse de laboratoire).<\/p>\n<\/li>\n<li data-start=\"7535\" data-end=\"7623\">\n<p data-start=\"7538\" data-end=\"7623\"><strong data-start=\"7538\" data-end=\"7576\">Utiliser des instruments calibr\u00e9s<\/strong> pour mesurer la quantit\u00e9 de granul\u00e9s souhait\u00e9e.<\/p>\n<\/li>\n<li data-start=\"7624\" data-end=\"7695\">\n<p data-start=\"7627\" data-end=\"7695\"><strong data-start=\"7627\" data-end=\"7649\">Manipuler avec pr\u00e9caution<\/strong> dans un environnement de laboratoire contr\u00f4l\u00e9.<\/p>\n<\/li>\n<li data-start=\"7696\" data-end=\"7754\">\n<p data-start=\"7699\" data-end=\"7754\"><strong data-start=\"7699\" data-end=\"7729\">Conserver les granul\u00e9s non utilis\u00e9s<\/strong> frais, sec et sombre.<\/p>\n<\/li>\n<li data-start=\"7755\" data-end=\"7825\">\n<p data-start=\"7758\" data-end=\"7825\"><strong data-start=\"7758\" data-end=\"7777\">\u00c9liminer les d\u00e9chets<\/strong> conform\u00e9ment aux r\u00e9glementations de s\u00e9curit\u00e9 en vigueur.<\/p>\n<\/li>\n<\/ol>\n<blockquote data-start=\"7827\" data-end=\"7904\">\n<p data-start=\"7829\" data-end=\"7904\">\u2697\ufe0f <strong data-start=\"7832\" data-end=\"7904\">R\u00e9serv\u00e9 aux tests en laboratoire \u2013 non destin\u00e9 \u00e0 la consommation humaine.<\/strong><\/p>\n<\/blockquote>\n<hr data-start=\"7906\" data-end=\"7909\" \/>\n<h3 data-start=\"7911\" data-end=\"7936\"><strong data-start=\"7915\" data-end=\"7936\">Instructions de stockage<\/strong><\/h3>\n<ul data-start=\"7938\" data-end=\"8110\">\n<li data-start=\"7938\" data-end=\"7976\">\n<p data-start=\"7940\" data-end=\"7976\"><strong data-start=\"7940\" data-end=\"7956\">Temp\u00e9rature:<\/strong> 2\u20138\u00b0C recommand\u00e9.<\/p>\n<\/li>\n<li data-start=\"7977\" data-end=\"8020\">\n<p data-start=\"7979\" data-end=\"8020\"><strong data-start=\"7979\" data-end=\"7992\">Environnement:<\/strong> Sec, sombre et stable.<\/p>\n<\/li>\n<li data-start=\"8021\" data-end=\"8062\">\n<p data-start=\"8023\" data-end=\"8062\"><strong data-start=\"8023\" data-end=\"8038\">Conditionnement:<\/strong> Bien fermer.<\/p>\n<\/li>\n<li data-start=\"8063\" data-end=\"8110\">\n<p data-start=\"8065\" data-end=\"8110\"><strong data-start=\"8065\" data-end=\"8077\">Acc\u00e9der:<\/strong> R\u00e9serv\u00e9 aux personnes autoris\u00e9es.<\/p>\n<\/li>\n<\/ul>\n<hr data-start=\"8112\" data-end=\"8115\" \/>\n<h3 data-start=\"8117\" data-end=\"8152\"><strong data-start=\"8121\" data-end=\"8152\">Foire aux questions (FAQ)<\/strong><\/h3>\n<p data-start=\"8154\" data-end=\"8318\"><strong data-start=\"8154\" data-end=\"8207\">1. \u00c0 quoi servent les granul\u00e9s 1D-LSD 10 mcg ?<\/strong><br data-start=\"8207\" data-end=\"8210\" \/>Pour <strong data-start=\"8215\" data-end=\"8259\">recherche scientifique et analytique<\/strong>, en particulier les \u00e9tudes de microdosage et les analyses de lysergamide.<\/p>\n<p data-start=\"8320\" data-end=\"8487\"><strong data-start=\"8320\" data-end=\"8370\">2. Ces granul\u00e9s sont-ils propres \u00e0 la consommation ?<\/strong><br data-start=\"8370\" data-end=\"8373\" \/>Non, ils le sont <strong data-start=\"8386\" data-end=\"8436\">destin\u00e9 uniquement \u00e0 la recherche en laboratoire<\/strong> et <strong data-start=\"8440\" data-end=\"8484\">impropre \u00e0 la consommation humaine<\/strong>.<\/p>\n<p data-start=\"8489\" data-end=\"8630\"><strong data-start=\"8489\" data-end=\"8530\">3. Comment conserver correctement le produit ?<\/strong><br data-start=\"8530\" data-end=\"8533\" \/>Enregistrez-le dans un <strong data-start=\"8551\" data-end=\"8593\">endroit frais, sec et sombre (2\u20138\u00b0C)<\/strong> dans un r\u00e9cipient bien ferm\u00e9.<\/p>\n<hr data-start=\"8632\" data-end=\"8635\" \/>\n<h3 data-start=\"8637\" data-end=\"8654\"><strong data-start=\"8641\" data-end=\"8654\">Conclusion<\/strong><\/h3>\n<p data-start=\"8656\" data-end=\"8911\"><strong data-start=\"8656\" data-end=\"8690\">Granul\u00e9s microdos\u00e9s de 1D-LSD 10 mcg<\/strong> repr\u00e9senter <strong data-start=\"8702\" data-end=\"8747\">pr\u00e9cision, puret\u00e9 et stabilit\u00e9<\/strong>Id\u00e9al pour la recherche professionnelle en laboratoire. Parfait pour les exp\u00e9riences de microdosage analytique o\u00f9 fiabilit\u00e9 et r\u00e9p\u00e9tabilit\u00e9 sont essentielles.<\/p>","protected":false},"excerpt":{"rendered":"<p>Introduction\u00a0: Les granules de 1D-LSD 10\u00a0mcg (\u00e9dition microdose) sont des substances de qualit\u00e9 laboratoire, d\u00e9velopp\u00e9es pour la recherche scientifique et analytique. Chaque granules contient<\/p>","protected":false},"featured_media":29159,"comment_status":"closed","ping_status":"closed","template":"","meta":[],"product_brand":[],"product_cat":[362,378,358,324],"product_tag":[591,452,590],"class_list":{"0":"post-24061","1":"product","2":"type-product","3":"status-publish","4":"has-post-thumbnail","6":"product_cat-1d-lsd-225mcg-pellets","7":"product_cat-1d-lsd-pellets","8":"product_cat-lysergamides","9":"product_cat-pellets-for-pellet","10":"product_tag-1p-lsd-microdose","11":"product_tag-de","12":"product_tag-microdose-1p-lsd","14":"first","15":"instock","16":"taxable","17":"shipping-taxable","18":"purchasable","19":"product-type-variable"},"_links":{"self":[{"href":"https:\/\/onderzoekschemicals.com\/fr\/wp-json\/wp\/v2\/product\/24061","targetHints":{"allow":["GET"]}}],"collection":[{"href":"https:\/\/onderzoekschemicals.com\/fr\/wp-json\/wp\/v2\/product"}],"about":[{"href":"https:\/\/onderzoekschemicals.com\/fr\/wp-json\/wp\/v2\/types\/product"}],"replies":[{"embeddable":true,"href":"https:\/\/onderzoekschemicals.com\/fr\/wp-json\/wp\/v2\/comments?post=24061"}],"version-history":[{"count":5,"href":"https:\/\/onderzoekschemicals.com\/fr\/wp-json\/wp\/v2\/product\/24061\/revisions"}],"predecessor-version":[{"id":27888,"href":"https:\/\/onderzoekschemicals.com\/fr\/wp-json\/wp\/v2\/product\/24061\/revisions\/27888"}],"wp:featuredmedia":[{"embeddable":true,"href":"https:\/\/onderzoekschemicals.com\/fr\/wp-json\/wp\/v2\/media\/29159"}],"wp:attachment":[{"href":"https:\/\/onderzoekschemicals.com\/fr\/wp-json\/wp\/v2\/media?parent=24061"}],"wp:term":[{"taxonomy":"product_brand","embeddable":true,"href":"https:\/\/onderzoekschemicals.com\/fr\/wp-json\/wp\/v2\/product_brand?post=24061"},{"taxonomy":"product_cat","embeddable":true,"href":"https:\/\/onderzoekschemicals.com\/fr\/wp-json\/wp\/v2\/product_cat?post=24061"},{"taxonomy":"product_tag","embeddable":true,"href":"https:\/\/onderzoekschemicals.com\/fr\/wp-json\/wp\/v2\/product_tag?post=24061"}],"curies":[{"name":"wp","href":"https:\/\/api.w.org\/{rel}","templated":true}]}}