{"id":24037,"date":"2025-04-13T17:40:56","date_gmt":"2025-04-13T17:40:56","guid":{"rendered":"https:\/\/onderzoekschemicals.com\/?post_type=product&#038;p=24037"},"modified":"2025-11-28T07:08:41","modified_gmt":"2025-11-28T07:08:41","slug":"mdphp-kopen-2","status":"publish","type":"product","link":"https:\/\/onderzoekschemicals.com\/fr\/shop\/verboden\/mdphp-kopen-2\/","title":{"rendered":"Poudre de MDPHP (base libre)"},"content":{"rendered":"<h3 data-start=\"5389\" data-end=\"5408\"><strong data-start=\"5393\" data-end=\"5408\">Introduction<\/strong><\/h3>\n<p data-start=\"5410\" data-end=\"5742\"><strong data-start=\"5410\" data-end=\"5437\">Poudre de MDPHP (base libre)<\/strong> est un <strong data-start=\"5445\" data-end=\"5489\">mat\u00e9riel de recherche de qualit\u00e9 laboratoire<\/strong>, con\u00e7u pour <strong data-start=\"5506\" data-end=\"5550\">recherche scientifique et analytique<\/strong>.<br data-start=\"5551\" data-end=\"5554\" \/>\u00c9galement connu sous le nom de <strong data-start=\"5569\" data-end=\"5618\">3\u2032,4\u2032-m\u00e9thyl\u00e8nedioxy-\u03b1-pyrrolidinohexanoph\u00e9none<\/strong>, MDPHP appartient \u00e0 la <strong data-start=\"5641\" data-end=\"5667\">classe des pyrrolidinoph\u00e9nones<\/strong> et est utilis\u00e9 dans <strong data-start=\"5690\" data-end=\"5739\">recherche m\u00e9dico-l\u00e9gale, chimique et structurelle<\/strong>acheter .mdphp<\/p>\n<p data-start=\"5744\" data-end=\"5951\">Le <strong data-start=\"5747\" data-end=\"5764\">forme de base libre<\/strong> des offres MDPHP <strong data-start=\"5781\" data-end=\"5819\">stabilit\u00e9 et puret\u00e9 optimales<\/strong>, ce qui le rend id\u00e9al pour <strong data-start=\"5849\" data-end=\"5907\">chromatographie, spectroscopie et analyse quantitative<\/strong> dans des environnements de laboratoire contr\u00f4l\u00e9s.<\/p>\n<blockquote data-start=\"5953\" data-end=\"6097\">\n<p data-start=\"5955\" data-end=\"6097\">\u26a0\ufe0f <strong data-start=\"5958\" data-end=\"5969\">NB:<\/strong> Ce produit est <strong data-start=\"5985\" data-end=\"6035\">destin\u00e9 uniquement \u00e0 la recherche en laboratoire<\/strong> et <strong data-start=\"6039\" data-end=\"6096\">ne convient pas \u00e0 la consommation humaine ou animale<\/strong>.<\/p>\n<\/blockquote>\n<hr data-start=\"6099\" data-end=\"6102\" \/>\n<h3 data-start=\"6104\" data-end=\"6135\"><strong data-start=\"6108\" data-end=\"6135\">Caract\u00e9ristiques principales<\/strong><\/h3>\n<ul data-start=\"6137\" data-end=\"6650\">\n<li data-start=\"6137\" data-end=\"6228\">\n<p data-start=\"6139\" data-end=\"6228\"><strong data-start=\"6139\" data-end=\"6159\">Haute puret\u00e9 :<\/strong> Qualit\u00e9 analytique \u226599%, test\u00e9 en laboratoire certifi\u00e9. Acheter mdphp<\/p>\n<\/li>\n<li data-start=\"6229\" data-end=\"6314\">\n<p data-start=\"6231\" data-end=\"6314\"><strong data-start=\"6231\" data-end=\"6249\">Forme de base libre :<\/strong> Stabilit\u00e9 accrue et possibilit\u00e9s d&#039;application polyvalentes.<\/p>\n<\/li>\n<li data-start=\"6315\" data-end=\"6395\">\n<p data-start=\"6317\" data-end=\"6395\"><strong data-start=\"6317\" data-end=\"6334\">Test\u00e9 par lots :<\/strong> Chaque lot a \u00e9t\u00e9 v\u00e9rifi\u00e9 quant \u00e0 sa composition et sa consistance.<\/p>\n<\/li>\n<li data-start=\"6396\" data-end=\"6480\">\n<p data-start=\"6398\" data-end=\"6480\"><strong data-start=\"6398\" data-end=\"6421\">Normes de laboratoire :<\/strong> Produit selon <strong data-start=\"6443\" data-end=\"6477\">Bonnes pratiques de laboratoire (BPL)<\/strong>.<\/p>\n<\/li>\n<li data-start=\"6481\" data-end=\"6573\">\n<p data-start=\"6483\" data-end=\"6573\"><strong data-start=\"6483\" data-end=\"6504\">Largement applicable :<\/strong> Convient pour la spectroscopie, la chromatographie et la spectrom\u00e9trie de masse.<\/p>\n<\/li>\n<li data-start=\"6574\" data-end=\"6650\">\n<p data-start=\"6576\" data-end=\"6650\"><strong data-start=\"6576\" data-end=\"6599\">Emballage s\u00fbr :<\/strong> Emball\u00e9 herm\u00e9tiquement, \u00e0 l&#039;abri de l&#039;air et de l&#039;humidit\u00e9.<\/p>\n<\/li>\n<\/ul>\n<hr data-start=\"6652\" data-end=\"6655\" \/>\n<h3 data-start=\"6657\" data-end=\"6674\"><strong data-start=\"6661\" data-end=\"6674\">Avantages<\/strong><\/h3>\n<ol data-start=\"6676\" data-end=\"7118\">\n<li data-start=\"6676\" data-end=\"6772\">\n<p data-start=\"6679\" data-end=\"6772\"><strong data-start=\"6679\" data-end=\"6716\">R\u00e9sultats de recherche fiables :<\/strong> Une puret\u00e9 constante garantit des donn\u00e9es reproductibles.<\/p>\n<\/li>\n<li data-start=\"6773\" data-end=\"6851\">\n<p data-start=\"6776\" data-end=\"6851\"><strong data-start=\"6776\" data-end=\"6802\">Stabilit\u00e9 chimique :<\/strong> La forme de base libre emp\u00eache la d\u00e9gradation pendant le stockage.<\/p>\n<\/li>\n<li data-start=\"6852\" data-end=\"6949\">\n<p data-start=\"6855\" data-end=\"6949\"><strong data-start=\"6855\" data-end=\"6878\">Utilisation polyvalente :<\/strong> Convient \u00e0 diverses applications analytiques et m\u00e9dico-l\u00e9gales.<\/p>\n<\/li>\n<li data-start=\"6950\" data-end=\"7038\">\n<p data-start=\"6953\" data-end=\"7038\"><strong data-start=\"6953\" data-end=\"6981\">Qualit\u00e9 professionnelle :<\/strong> Produit dans des conditions de laboratoire strictes.<\/p>\n<\/li>\n<li data-start=\"7039\" data-end=\"7118\">\n<p data-start=\"7042\" data-end=\"7118\"><strong data-start=\"7042\" data-end=\"7070\">Longue dur\u00e9e de conservation :<\/strong> Reste stable et pur lorsqu&#039;il est stock\u00e9 correctement.<\/p>\n<\/li>\n<\/ol>\n<hr data-start=\"7120\" data-end=\"7123\" \/>\n<h3 data-start=\"7125\" data-end=\"7164\"><strong data-start=\"7129\" data-end=\"7164\">Utilisation (pour la recherche uniquement)<\/strong><\/h3>\n<ol data-start=\"7166\" data-end=\"7537\">\n<li data-start=\"7166\" data-end=\"7257\">\n<p data-start=\"7169\" data-end=\"7257\"><strong data-start=\"7169\" data-end=\"7199\">Porter des v\u00eatements de protection<\/strong> comme des gants, des lunettes de s\u00e9curit\u00e9 et une blouse de laboratoire.<\/p>\n<\/li>\n<li data-start=\"7258\" data-end=\"7326\">\n<p data-start=\"7261\" data-end=\"7326\"><strong data-start=\"7261\" data-end=\"7299\">Utiliser des instruments calibr\u00e9s<\/strong> pour un pesage pr\u00e9cis.<\/p>\n<\/li>\n<li data-start=\"7327\" data-end=\"7393\">\n<p data-start=\"7330\" data-end=\"7393\"><strong data-start=\"7330\" data-end=\"7363\">Suivre le protocole du laboratoire<\/strong> pour votre analyse sp\u00e9cifique.<\/p>\n<\/li>\n<li data-start=\"7394\" data-end=\"7467\">\n<p data-start=\"7397\" data-end=\"7467\"><strong data-start=\"7397\" data-end=\"7428\">Sauvegarder le mat\u00e9riel inutilis\u00e9<\/strong> dans un endroit frais, sec et sombre.<\/p>\n<\/li>\n<li data-start=\"7468\" data-end=\"7537\">\n<p data-start=\"7471\" data-end=\"7537\"><strong data-start=\"7471\" data-end=\"7491\">Enlever les r\u00e9sidus<\/strong> conform\u00e9ment aux directives de s\u00e9curit\u00e9 en vigueur.<\/p>\n<\/li>\n<\/ol>\n<blockquote data-start=\"7539\" data-end=\"7616\">\n<p data-start=\"7541\" data-end=\"7616\">\u2697\ufe0f <strong data-start=\"7544\" data-end=\"7616\">R\u00e9serv\u00e9 aux tests en laboratoire \u2013 non destin\u00e9 \u00e0 la consommation humaine.<\/strong><\/p>\n<\/blockquote>\n<hr data-start=\"7618\" data-end=\"7621\" \/>\n<h3 data-start=\"7623\" data-end=\"7648\"><strong data-start=\"7627\" data-end=\"7648\">Instructions de stockage<\/strong><\/h3>\n<ul data-start=\"7650\" data-end=\"7825\">\n<li data-start=\"7650\" data-end=\"7692\">\n<p data-start=\"7652\" data-end=\"7692\">\u00c9conomisez sur <strong data-start=\"7663\" data-end=\"7672\">2\u20138\u00b0C<\/strong>, sec et sombre.<\/p>\n<\/li>\n<li data-start=\"7693\" data-end=\"7736\">\n<p data-start=\"7695\" data-end=\"7736\">Conserver l&#039;emballage <strong data-start=\"7714\" data-end=\"7733\">bien ferm\u00e9<\/strong>.<\/p>\n<\/li>\n<li data-start=\"7737\" data-end=\"7782\">\n<p data-start=\"7739\" data-end=\"7782\">Prot\u00e9ger contre <strong data-start=\"7754\" data-end=\"7779\">lumi\u00e8re, air et humidit\u00e9<\/strong>.<\/p>\n<\/li>\n<li data-start=\"7783\" data-end=\"7825\">\n<p data-start=\"7785\" data-end=\"7825\">Tenir hors de port\u00e9e des personnes non autoris\u00e9es.<\/p>\n<\/li>\n<\/ul>\n<hr data-start=\"7827\" data-end=\"7830\" \/>\n<h3 data-start=\"7832\" data-end=\"7867\"><strong data-start=\"7836\" data-end=\"7867\">Foire aux questions (FAQ)<\/strong><\/h3>\n<p data-start=\"7869\" data-end=\"8041\"><strong data-start=\"7869\" data-end=\"7924\">1. \u00c0 quoi sert la poudre MDPHP (base libre) ?<\/strong><br data-start=\"7924\" data-end=\"7927\" \/>Pour <strong data-start=\"7932\" data-end=\"7976\">recherche scientifique et analytique<\/strong>, tel que <strong data-start=\"7984\" data-end=\"8038\">analyses m\u00e9dico-l\u00e9gales et \u00e9tudes de structure chimique<\/strong>.<\/p>\n<p data-start=\"8043\" data-end=\"8226\"><strong data-start=\"8043\" data-end=\"8090\">2. Ce produit est-il propre \u00e0 la consommation ?<\/strong><br data-start=\"8090\" data-end=\"8093\" \/>Non. La poudre MDPHP (base libre) est <strong data-start=\"8125\" data-end=\"8175\">destin\u00e9 uniquement \u00e0 la recherche en laboratoire<\/strong> et <strong data-start=\"8179\" data-end=\"8223\">impropre \u00e0 la consommation humaine<\/strong>.<\/p>\n<p data-start=\"8228\" data-end=\"8372\"><strong data-start=\"8228\" data-end=\"8276\">3. Quelle est la meilleure fa\u00e7on de conserver ce produit ?<\/strong><br data-start=\"8276\" data-end=\"8279\" \/>\u00c9conomisez sur un <strong data-start=\"8293\" data-end=\"8335\">endroit frais, sec et sombre (2\u20138\u00b0C)<\/strong> dans un r\u00e9cipient bien ferm\u00e9.<\/p>\n<hr data-start=\"8374\" data-end=\"8377\" \/>\n<h3 data-start=\"8379\" data-end=\"8396\"><strong data-start=\"8383\" data-end=\"8396\">Conclusion<\/strong><\/h3>\n<p data-start=\"8398\" data-end=\"8643\"><strong data-start=\"8398\" data-end=\"8425\">Poudre de MDPHP (base libre)<\/strong> offres <strong data-start=\"8432\" data-end=\"8493\">puret\u00e9, stabilit\u00e9 et fiabilit\u00e9 exceptionnelles<\/strong> Pour la recherche professionnelle en laboratoire. Parfait pour les applications analytiques, m\u00e9dico-l\u00e9gales et structurelles en environnements de recherche contr\u00f4l\u00e9s.<\/p>\n<ul>\n<li><\/li>\n<\/ul>","protected":false},"excerpt":{"rendered":"<h2><strong>Poudre de MDPHP (base libre)<\/strong><\/h2>\n<p>N\u00b0 CAS : 776994-64-0<br \/>\nFormule : C17H23NO3 BASE LIBRE<br \/>\nMasse molaire : 289,375 g mol<br \/>\nPuret\u00e9 : \u226598%<\/p>","protected":false},"featured_media":29364,"comment_status":"closed","ping_status":"closed","template":"","meta":[],"product_brand":[],"product_cat":[488],"product_tag":[560,559,581,326],"class_list":{"0":"post-24037","1":"product","2":"type-product","3":"status-publish","4":"has-post-thumbnail","6":"product_cat-verboden","7":"product_tag-mdphp-freebase-kopen","8":"product_tag-mdphp-kopen","9":"product_tag-mdphp-poeder","10":"product_tag-nl","12":"first","13":"instock","14":"taxable","15":"shipping-taxable","16":"purchasable","17":"product-type-variable"},"_links":{"self":[{"href":"https:\/\/onderzoekschemicals.com\/fr\/wp-json\/wp\/v2\/product\/24037","targetHints":{"allow":["GET"]}}],"collection":[{"href":"https:\/\/onderzoekschemicals.com\/fr\/wp-json\/wp\/v2\/product"}],"about":[{"href":"https:\/\/onderzoekschemicals.com\/fr\/wp-json\/wp\/v2\/types\/product"}],"replies":[{"embeddable":true,"href":"https:\/\/onderzoekschemicals.com\/fr\/wp-json\/wp\/v2\/comments?post=24037"}],"version-history":[{"count":5,"href":"https:\/\/onderzoekschemicals.com\/fr\/wp-json\/wp\/v2\/product\/24037\/revisions"}],"predecessor-version":[{"id":27889,"href":"https:\/\/onderzoekschemicals.com\/fr\/wp-json\/wp\/v2\/product\/24037\/revisions\/27889"}],"wp:featuredmedia":[{"embeddable":true,"href":"https:\/\/onderzoekschemicals.com\/fr\/wp-json\/wp\/v2\/media\/29364"}],"wp:attachment":[{"href":"https:\/\/onderzoekschemicals.com\/fr\/wp-json\/wp\/v2\/media?parent=24037"}],"wp:term":[{"taxonomy":"product_brand","embeddable":true,"href":"https:\/\/onderzoekschemicals.com\/fr\/wp-json\/wp\/v2\/product_brand?post=24037"},{"taxonomy":"product_cat","embeddable":true,"href":"https:\/\/onderzoekschemicals.com\/fr\/wp-json\/wp\/v2\/product_cat?post=24037"},{"taxonomy":"product_tag","embeddable":true,"href":"https:\/\/onderzoekschemicals.com\/fr\/wp-json\/wp\/v2\/product_tag?post=24037"}],"curies":[{"name":"wp","href":"https:\/\/api.w.org\/{rel}","templated":true}]}}