{"id":23878,"date":"2025-04-13T17:40:36","date_gmt":"2025-04-13T17:40:36","guid":{"rendered":"https:\/\/onderzoekschemicals.com\/?post_type=product&#038;p=23878"},"modified":"2025-11-28T07:28:30","modified_gmt":"2025-11-28T07:28:30","slug":"hxe-hydroxetamine","status":"publish","type":"product","link":"https:\/\/onderzoekschemicals.com\/fr\/shop\/arylcyclohexylamine\/hxe-hydroxetamine\/","title":{"rendered":"HXE (Hydrox\u00e9tamine)"},"content":{"rendered":"<p data-start=\"6163\" data-end=\"6541\"><strong data-start=\"6163\" data-end=\"6186\">HXE (Hydrox\u00e9tamine)<\/strong>, \u00e9galement connu sous le nom de <strong data-start=\"6203\" data-end=\"6226\">3-hydroxy-2-oxo-PCE<\/strong>, est un <strong data-start=\"6235\" data-end=\"6293\">substance de recherche dissociative de qualit\u00e9 analytique<\/strong> qui appartient \u00e0 la <strong data-start=\"6313\" data-end=\"6342\">classe des arylcyclohexylamines<\/strong>. HXE<br data-start=\"6343\" data-end=\"6346\" \/>Il est structurellement li\u00e9 \u00e0 <strong data-start=\"6377\" data-end=\"6386\">O-PCE<\/strong> et <strong data-start=\"6390\" data-end=\"6402\">k\u00e9tamine<\/strong>, mais se distingue par un <strong data-start=\"6436\" data-end=\"6468\">groupe hydroxy en position 3<\/strong>, ce qui affecte ses propri\u00e9t\u00e9s chimiques et son profil de liaison.<\/p>\n<p data-start=\"6543\" data-end=\"6821\">HXE est utilis\u00e9 dans <strong data-start=\"6565\" data-end=\"6620\">recherche m\u00e9dico-l\u00e9gale, analytique et de liaison aux r\u00e9cepteurs<\/strong>, en particulier dans l\u2019\u00e9tude de <strong data-start=\"6649\" data-end=\"6681\">analogues de l&#039;arylcyclohexylamine<\/strong>.<br data-start=\"6682\" data-end=\"6685\" \/>Produit sous <strong data-start=\"6704\" data-end=\"6738\">Bonnes pratiques de laboratoire (BPL)<\/strong>, il garantit une <strong data-start=\"6759\" data-end=\"6782\">puret\u00e9 de \u226599%<\/strong> et des r\u00e9sultats de recherche coh\u00e9rents.<\/p>\n<blockquote data-start=\"6823\" data-end=\"6967\">\n<p data-start=\"6825\" data-end=\"6967\">\u26a0\ufe0f <strong data-start=\"6828\" data-end=\"6839\">NB:<\/strong> Ce produit est <strong data-start=\"6855\" data-end=\"6905\">destin\u00e9 uniquement \u00e0 la recherche en laboratoire<\/strong> et <strong data-start=\"6909\" data-end=\"6966\">ne convient pas \u00e0 la consommation humaine ou animale<\/strong>.<\/p>\n<\/blockquote>\n<hr data-start=\"6969\" data-end=\"6972\" \/>\n<h3 data-start=\"6974\" data-end=\"7005\"><strong data-start=\"6978\" data-end=\"7005\">Caract\u00e9ristiques principales<\/strong><\/h3>\n<ul data-start=\"7007\" data-end=\"7510\">\n<li data-start=\"7007\" data-end=\"7108\">\n<p data-start=\"7009\" data-end=\"7108\"><strong data-start=\"7009\" data-end=\"7041\">Haute puret\u00e9 analytique :<\/strong> \u226599%, test\u00e9 par m\u00e9thodes chromatographiques et spectroscopiques.<\/p>\n<\/li>\n<li data-start=\"7109\" data-end=\"7189\">\n<p data-start=\"7111\" data-end=\"7189\"><strong data-start=\"7111\" data-end=\"7144\">D\u00e9riv\u00e9 d&#039;arylcyclohexylamine :<\/strong> Structurellement apparent\u00e9 \u00e0 la k\u00e9tamine et \u00e0 l&#039;O-PCE.<\/p>\n<\/li>\n<li data-start=\"7190\" data-end=\"7256\">\n<p data-start=\"7192\" data-end=\"7256\"><strong data-start=\"7192\" data-end=\"7213\">Chimiquement stable :<\/strong> R\u00e9sistant \u00e0 la d\u00e9composition lorsqu&#039;il est stock\u00e9 correctement.<\/p>\n<\/li>\n<li data-start=\"7257\" data-end=\"7342\">\n<p data-start=\"7259\" data-end=\"7342\"><strong data-start=\"7259\" data-end=\"7277\">Production BPL :<\/strong> Produit selon <strong data-start=\"7299\" data-end=\"7327\">Bonnes pratiques de laboratoire<\/strong>-lignes directrices.<\/p>\n<\/li>\n<li data-start=\"7343\" data-end=\"7432\">\n<p data-start=\"7345\" data-end=\"7432\"><strong data-start=\"7345\" data-end=\"7362\">Test\u00e9 par lots :<\/strong> Chaque lot a \u00e9t\u00e9 v\u00e9rifi\u00e9 pour son identit\u00e9, sa puret\u00e9 et sa consistance.<\/p>\n<\/li>\n<li data-start=\"7433\" data-end=\"7510\">\n<p data-start=\"7435\" data-end=\"7510\"><strong data-start=\"7435\" data-end=\"7458\">Emballage s\u00fbr :<\/strong> Herm\u00e9tique et scell\u00e9 pour maintenir la qualit\u00e9.<\/p>\n<\/li>\n<\/ul>\n<hr data-start=\"7512\" data-end=\"7515\" \/>\n<h3 data-start=\"7517\" data-end=\"7534\"><strong data-start=\"7521\" data-end=\"7534\">Avantages<\/strong><\/h3>\n<ol data-start=\"7536\" data-end=\"7981\">\n<li data-start=\"7536\" data-end=\"7623\">\n<p data-start=\"7539\" data-end=\"7623\"><strong data-start=\"7539\" data-end=\"7576\">R\u00e9sultats de recherche fiables :<\/strong> Une puret\u00e9 \u00e9lev\u00e9e garantit des donn\u00e9es pr\u00e9cises.<\/p>\n<\/li>\n<li data-start=\"7624\" data-end=\"7719\">\n<p data-start=\"7627\" data-end=\"7719\"><strong data-start=\"7627\" data-end=\"7647\">Largement applicable :<\/strong> Convient pour <strong data-start=\"7662\" data-end=\"7716\">chromatographie, spectroscopie et recherche sur les r\u00e9cepteurs<\/strong>.<\/p>\n<\/li>\n<li data-start=\"7720\" data-end=\"7800\">\n<p data-start=\"7723\" data-end=\"7800\"><strong data-start=\"7723\" data-end=\"7750\">Stabilit\u00e9 \u00e0 long terme :<\/strong> R\u00e9sistant \u00e0 la lumi\u00e8re et \u00e0 l&#039;humidit\u00e9 lorsqu&#039;il est stock\u00e9 correctement.<\/p>\n<\/li>\n<li data-start=\"7801\" data-end=\"7895\">\n<p data-start=\"7804\" data-end=\"7895\"><strong data-start=\"7804\" data-end=\"7833\">Applications m\u00e9dico-l\u00e9gales :<\/strong> Utilis\u00e9 dans <strong data-start=\"7853\" data-end=\"7892\">recherche toxicologique et chimique<\/strong>.<\/p>\n<\/li>\n<li data-start=\"7896\" data-end=\"7981\">\n<p data-start=\"7899\" data-end=\"7981\"><strong data-start=\"7899\" data-end=\"7927\">Qualit\u00e9 professionnelle :<\/strong> Con\u00e7u pour une utilisation dans des laboratoires avanc\u00e9s.<\/p>\n<\/li>\n<\/ol>\n<hr data-start=\"7983\" data-end=\"7986\" \/>\n<h3 data-start=\"7988\" data-end=\"8027\"><strong data-start=\"7992\" data-end=\"8027\">Utilisation (pour la recherche uniquement)<\/strong><\/h3>\n<ol data-start=\"8029\" data-end=\"8437\">\n<li data-start=\"8029\" data-end=\"8116\">\n<p data-start=\"8032\" data-end=\"8116\"><strong data-start=\"8032\" data-end=\"8063\">Portez des v\u00eatements de protection :<\/strong> Gants, lunettes de s\u00e9curit\u00e9 et blouse de laboratoire obligatoires.<\/p>\n<\/li>\n<li data-start=\"8117\" data-end=\"8205\">\n<p data-start=\"8120\" data-end=\"8205\"><strong data-start=\"8120\" data-end=\"8156\">Travailler dans un environnement contr\u00f4l\u00e9 :<\/strong> Par exemple dans une hotte aspirante ou un \u00e9tabli st\u00e9rile.<\/p>\n<\/li>\n<li data-start=\"8206\" data-end=\"8265\">\n<p data-start=\"8209\" data-end=\"8265\"><strong data-start=\"8209\" data-end=\"8229\">Mesurer avec pr\u00e9cision :<\/strong> Utiliser un \u00e9quipement calibr\u00e9.<\/p>\n<\/li>\n<li data-start=\"8266\" data-end=\"8345\">\n<p data-start=\"8269\" data-end=\"8345\"><strong data-start=\"8269\" data-end=\"8296\">Notez les informations sur le lot\u00a0:<\/strong> Enregistrez le num\u00e9ro de lot et les conditions de test.<\/p>\n<\/li>\n<li data-start=\"8346\" data-end=\"8437\">\n<p data-start=\"8349\" data-end=\"8437\"><strong data-start=\"8349\" data-end=\"8382\">\u00c9liminer les d\u00e9chets en toute s\u00e9curit\u00e9 :<\/strong> Suivez les consignes de s\u00e9curit\u00e9 du laboratoire.<\/p>\n<\/li>\n<\/ol>\n<blockquote data-start=\"8439\" data-end=\"8524\">\n<p data-start=\"8441\" data-end=\"8524\">\u2697\ufe0f <strong data-start=\"8444\" data-end=\"8524\">R\u00e9serv\u00e9 aux tests en laboratoire \u2013 non destin\u00e9 \u00e0 la consommation humaine.<\/strong><\/p>\n<\/blockquote>\n<hr data-start=\"8526\" data-end=\"8529\" \/>\n<h3 data-start=\"8531\" data-end=\"8556\"><strong data-start=\"8535\" data-end=\"8556\">Instructions de stockage<\/strong><\/h3>\n<ul data-start=\"8558\" data-end=\"8769\">\n<li data-start=\"8558\" data-end=\"8626\">\n<p data-start=\"8560\" data-end=\"8626\">\u00c9conomisez sur <strong data-start=\"8571\" data-end=\"8580\">2\u20138\u00b0C<\/strong>, sur un <strong data-start=\"8589\" data-end=\"8623\">endroit frais, sec et sombre<\/strong>.<\/p>\n<\/li>\n<li data-start=\"8627\" data-end=\"8663\">\n<p data-start=\"8629\" data-end=\"8663\">Garder le r\u00e9cipient bien ferm\u00e9.<\/p>\n<\/li>\n<li data-start=\"8664\" data-end=\"8709\">\n<p data-start=\"8666\" data-end=\"8709\">Prot\u00e9ger contre <strong data-start=\"8681\" data-end=\"8706\">lumi\u00e8re, humidit\u00e9 et chaleur<\/strong>.<\/p>\n<\/li>\n<li data-start=\"8710\" data-end=\"8769\">\n<p data-start=\"8712\" data-end=\"8769\">Accessible uniquement au personnel autoris\u00e9 du laboratoire.<\/p>\n<\/li>\n<\/ul>\n<hr data-start=\"8771\" data-end=\"8774\" \/>\n<h3 data-start=\"8776\" data-end=\"8811\"><strong data-start=\"8780\" data-end=\"8811\">Foire aux questions (FAQ)<\/strong><\/h3>\n<p data-start=\"8813\" data-end=\"9027\"><strong data-start=\"8813\" data-end=\"8864\">1. \u00c0 quoi sert l&#039;HXE (Hydrox\u00e9tamine) ?<\/strong><br data-start=\"8864\" data-end=\"8867\" \/>HXE est utilis\u00e9 pour <strong data-start=\"8891\" data-end=\"8929\">recherche analytique et m\u00e9dico-l\u00e9gale<\/strong>, en particulier dans <strong data-start=\"8943\" data-end=\"8987\">\u00e9tudes de liaison et de structure des r\u00e9cepteurs<\/strong> de compos\u00e9s d&#039;arylcyclohexylamine.<\/p>\n<p data-start=\"9029\" data-end=\"9233\"><strong data-start=\"9029\" data-end=\"9079\">2. Le HXE est-il propre \u00e0 la consommation humaine ?<\/strong><br data-start=\"9079\" data-end=\"9082\" \/>Non. <strong data-start=\"9087\" data-end=\"9110\">HXE (Hydrox\u00e9tamine)<\/strong> est <strong data-start=\"9114\" data-end=\"9169\">destin\u00e9 uniquement \u00e0 la recherche scientifique<\/strong> et <strong data-start=\"9173\" data-end=\"9230\">ne convient pas \u00e0 la consommation humaine ou animale<\/strong>.<\/p>\n<p data-start=\"9235\" data-end=\"9410\"><strong data-start=\"9235\" data-end=\"9270\">3. Comment le HXE doit-il \u00eatre stock\u00e9 ?<\/strong><br data-start=\"9270\" data-end=\"9273\" \/>\u00c9conomisez sur un <strong data-start=\"9287\" data-end=\"9329\">endroit frais, sec et sombre (2\u20138\u00b0C)<\/strong> dans un <strong data-start=\"9337\" data-end=\"9363\">emballage herm\u00e9tique<\/strong> pour maintenir la stabilit\u00e9 et la puret\u00e9.<\/p>\n<hr data-start=\"9412\" data-end=\"9415\" \/>\n<h3 data-start=\"9417\" data-end=\"9434\"><strong data-start=\"9421\" data-end=\"9434\">Conclusion<\/strong><\/h3>\n<p data-start=\"9436\" data-end=\"9714\"><strong data-start=\"9436\" data-end=\"9459\">HXE (Hydrox\u00e9tamine)<\/strong> est un <strong data-start=\"9467\" data-end=\"9511\">mat\u00e9riel de recherche analytique de haute qualit\u00e9<\/strong> avec une excellente <strong data-start=\"9528\" data-end=\"9578\">stabilit\u00e9, puret\u00e9 et reproductibilit\u00e9<\/strong>.<br data-start=\"9579\" data-end=\"9582\" \/>C&#039;est le choix id\u00e9al pour les laboratoires se concentrant sur <strong data-start=\"9642\" data-end=\"9711\">analyse, toxicologie et \u00e9tudes structurelles de l&#039;arylcyclohexylamine<\/strong>.<\/p>","protected":false},"excerpt":{"rendered":"<h3><span style=\"vertical-align: inherit;\"><span style=\"vertical-align: inherit;\"><span dir=\"auto\" style=\"vertical-align: inherit;\"><span dir=\"auto\" style=\"vertical-align: inherit;\">Propri\u00e9t\u00e9s HXE<\/span><\/span><\/span><\/span><\/h3>\n<p><strong><span style=\"vertical-align: inherit;\"><span style=\"vertical-align: inherit;\"><span dir=\"auto\" style=\"vertical-align: inherit;\"><span dir=\"auto\" style=\"vertical-align: inherit;\">Synonyme: <\/span><\/span><\/span><\/span><\/strong> <b><span style=\"vertical-align: inherit;\"><span style=\"vertical-align: inherit;\"><span dir=\"auto\" style=\"vertical-align: inherit;\"><span dir=\"auto\" style=\"vertical-align: inherit;\">3\u2032-hydroxy-2-oxo-PCE<\/span><\/span><\/span><\/span><\/b><span style=\"vertical-align: inherit;\"><span style=\"vertical-align: inherit;\"><span dir=\"auto\" style=\"vertical-align: inherit;\"><span dir=\"auto\" style=\"vertical-align: inherit;\"> , <\/span><\/span><\/span><\/span><b><span style=\"vertical-align: inherit;\"><span style=\"vertical-align: inherit;\"><span dir=\"auto\" style=\"vertical-align: inherit;\"><span dir=\"auto\" style=\"vertical-align: inherit;\">O-desm\u00e9thylm\u00e9thox\u00e9tamine<\/span><\/span><\/span><\/span><\/b><span style=\"vertical-align: inherit;\"><span style=\"vertical-align: inherit;\"><span dir=\"auto\" style=\"vertical-align: inherit;\"><span dir=\"auto\" style=\"vertical-align: inherit;\"> , <\/span><\/span><\/span><\/span><b><span style=\"vertical-align: inherit;\"><span style=\"vertical-align: inherit;\"><span dir=\"auto\" style=\"vertical-align: inherit;\"><span dir=\"auto\" style=\"vertical-align: inherit;\">HXE <\/span><\/span><\/span><\/span><\/b><br \/>\n<strong><span style=\"vertical-align: inherit;\"><span style=\"vertical-align: inherit;\"><span dir=\"auto\" style=\"vertical-align: inherit;\"><span dir=\"auto\" style=\"vertical-align: inherit;\">Num\u00e9ro CAS :<\/span><\/span><\/span><\/span><\/strong><span style=\"vertical-align: inherit;\"><span style=\"vertical-align: inherit;\"><span dir=\"auto\" style=\"vertical-align: inherit;\"><span dir=\"auto\" style=\"vertical-align: inherit;\"> 1620054-73-0 <\/span><\/span><\/span><\/span><br \/>\n<strong><span style=\"vertical-align: inherit;\"><span style=\"vertical-align: inherit;\"><span dir=\"auto\" style=\"vertical-align: inherit;\"><span dir=\"auto\" style=\"vertical-align: inherit;\">Formule:<\/span><\/span><\/span><\/span><\/strong><span style=\"vertical-align: inherit;\"><span style=\"vertical-align: inherit;\"><span dir=\"auto\" style=\"vertical-align: inherit;\"><span dir=\"auto\" style=\"vertical-align: inherit;\"> C14H19NO2 <\/span><\/span><\/span><\/span><br \/>\n<strong><span style=\"vertical-align: inherit;\"><span style=\"vertical-align: inherit;\"><span dir=\"auto\" style=\"vertical-align: inherit;\"><span dir=\"auto\" style=\"vertical-align: inherit;\">Masse molaire :<\/span><\/span><\/span><\/span><\/strong><span style=\"vertical-align: inherit;\"><span style=\"vertical-align: inherit;\"><span dir=\"auto\" style=\"vertical-align: inherit;\"><span dir=\"auto\" style=\"vertical-align: inherit;\"> 233,311 g mol\u22121 <\/span><\/span><\/span><\/span><br \/>\n<strong><span style=\"vertical-align: inherit;\"><span style=\"vertical-align: inherit;\"><span dir=\"auto\" style=\"vertical-align: inherit;\"><span dir=\"auto\" style=\"vertical-align: inherit;\">Puret\u00e9:<\/span><\/span><\/span><\/span><\/strong><span style=\"vertical-align: inherit;\"><span style=\"vertical-align: inherit;\"><span dir=\"auto\" style=\"vertical-align: inherit;\"><span dir=\"auto\" style=\"vertical-align: inherit;\"> &gt;99%<\/span><\/span><\/span><\/span><\/p>","protected":false},"featured_media":29354,"comment_status":"closed","ping_status":"closed","template":"","meta":[],"product_brand":[],"product_cat":[71,492],"product_tag":[287,326],"class_list":{"0":"post-23878","1":"product","2":"type-product","3":"status-publish","4":"has-post-thumbnail","6":"product_cat-arylcyclohexylamine","7":"product_cat-hxe","8":"product_tag-hxe","9":"product_tag-nl","11":"first","12":"instock","13":"taxable","14":"shipping-taxable","15":"purchasable","16":"product-type-variable"},"_links":{"self":[{"href":"https:\/\/onderzoekschemicals.com\/fr\/wp-json\/wp\/v2\/product\/23878","targetHints":{"allow":["GET"]}}],"collection":[{"href":"https:\/\/onderzoekschemicals.com\/fr\/wp-json\/wp\/v2\/product"}],"about":[{"href":"https:\/\/onderzoekschemicals.com\/fr\/wp-json\/wp\/v2\/types\/product"}],"replies":[{"embeddable":true,"href":"https:\/\/onderzoekschemicals.com\/fr\/wp-json\/wp\/v2\/comments?post=23878"}],"version-history":[{"count":5,"href":"https:\/\/onderzoekschemicals.com\/fr\/wp-json\/wp\/v2\/product\/23878\/revisions"}],"predecessor-version":[{"id":27929,"href":"https:\/\/onderzoekschemicals.com\/fr\/wp-json\/wp\/v2\/product\/23878\/revisions\/27929"}],"wp:featuredmedia":[{"embeddable":true,"href":"https:\/\/onderzoekschemicals.com\/fr\/wp-json\/wp\/v2\/media\/29354"}],"wp:attachment":[{"href":"https:\/\/onderzoekschemicals.com\/fr\/wp-json\/wp\/v2\/media?parent=23878"}],"wp:term":[{"taxonomy":"product_brand","embeddable":true,"href":"https:\/\/onderzoekschemicals.com\/fr\/wp-json\/wp\/v2\/product_brand?post=23878"},{"taxonomy":"product_cat","embeddable":true,"href":"https:\/\/onderzoekschemicals.com\/fr\/wp-json\/wp\/v2\/product_cat?post=23878"},{"taxonomy":"product_tag","embeddable":true,"href":"https:\/\/onderzoekschemicals.com\/fr\/wp-json\/wp\/v2\/product_tag?post=23878"}],"curies":[{"name":"wp","href":"https:\/\/api.w.org\/{rel}","templated":true}]}}