{"id":23739,"date":"2025-04-13T17:40:19","date_gmt":"2025-04-13T17:40:19","guid":{"rendered":"https:\/\/onderzoekschemicals.com\/?post_type=product&#038;p=23739"},"modified":"2025-11-28T07:46:36","modified_gmt":"2025-11-28T07:46:36","slug":"orange-mandala-mix","status":"publish","type":"product","link":"https:\/\/onderzoekschemicals.com\/fr\/shop\/verboden\/orange-mandala-mix\/","title":{"rendered":"M\u00e9lange de mandalas orange"},"content":{"rendered":"<p data-start=\"4660\" data-end=\"4910\"><strong data-start=\"4660\" data-end=\"4682\"><span dir=\"auto\" style=\"vertical-align: inherit;\"><span dir=\"auto\" style=\"vertical-align: inherit;\">M\u00e9lange de mandalas orange<\/span><\/span><\/strong><span dir=\"auto\" style=\"vertical-align: inherit;\"><span dir=\"auto\" style=\"vertical-align: inherit;\"> est un <\/span><\/span><strong data-start=\"4690\" data-end=\"4719\"><span dir=\"auto\" style=\"vertical-align: inherit;\"><span dir=\"auto\" style=\"vertical-align: inherit;\">analytical reference mix<\/span><\/span><\/strong><span dir=\"auto\" style=\"vertical-align: inherit;\"><span dir=\"auto\" style=\"vertical-align: inherit;\"> d\u00e9velopp\u00e9 pour <\/span><\/span><strong data-start=\"4736\" data-end=\"4785\"><span dir=\"auto\" style=\"vertical-align: inherit;\"><span dir=\"auto\" style=\"vertical-align: inherit;\">forensic and chemical research purposes<\/span><\/span><\/strong><span dir=\"auto\" style=\"vertical-align: inherit;\"><span dir=\"auto\" style=\"vertical-align: inherit;\"> . <\/span><\/span><br data-start=\"4786\" data-end=\"4789\" \/><span dir=\"auto\" style=\"vertical-align: inherit;\"><span dir=\"auto\" style=\"vertical-align: inherit;\">Il est utilis\u00e9 pour <\/span><\/span><strong data-start=\"4813\" data-end=\"4876\"><span dir=\"auto\" style=\"vertical-align: inherit;\"><span dir=\"auto\" style=\"vertical-align: inherit;\">method development, calibration, and compound identification<\/span><\/span><\/strong><span dir=\"auto\" style=\"vertical-align: inherit;\"><span dir=\"auto\" style=\"vertical-align: inherit;\"> in complex chemical analyses.<\/span><\/span><\/p>\n<p data-start=\"4912\" data-end=\"5157\"><span dir=\"auto\" style=\"vertical-align: inherit;\"><span dir=\"auto\" style=\"vertical-align: inherit;\">The mixture is produced under controlled conditions and supports <\/span><\/span><strong data-start=\"4991\" data-end=\"5034\"><span dir=\"auto\" style=\"vertical-align: inherit;\"><span dir=\"auto\" style=\"vertical-align: inherit;\">chromatographic and spectral analyses<\/span><\/span><\/strong><span dir=\"auto\" style=\"vertical-align: inherit;\"><span dir=\"auto\" style=\"vertical-align: inherit;\"> . <\/span><\/span><br data-start=\"5035\" data-end=\"5038\" \/><span dir=\"auto\" style=\"vertical-align: inherit;\"><span dir=\"auto\" style=\"vertical-align: inherit;\">C&#039;est <\/span><\/span><strong data-start=\"5045\" data-end=\"5095\"><span dir=\"auto\" style=\"vertical-align: inherit;\"><span dir=\"auto\" style=\"vertical-align: inherit;\">destin\u00e9 uniquement \u00e0 la recherche en laboratoire<\/span><\/span><\/strong><span dir=\"auto\" style=\"vertical-align: inherit;\"><span dir=\"auto\" style=\"vertical-align: inherit;\"> et <\/span><\/span><strong data-start=\"5099\" data-end=\"5156\"><span dir=\"auto\" style=\"vertical-align: inherit;\"><span dir=\"auto\" style=\"vertical-align: inherit;\">ne convient pas \u00e0 la consommation humaine ou animale<\/span><\/span><\/strong><span dir=\"auto\" style=\"vertical-align: inherit;\"><span dir=\"auto\" style=\"vertical-align: inherit;\"> .<\/span><\/span><\/p>\n<hr data-start=\"5159\" data-end=\"5162\" \/>\n<h3 data-start=\"5164\" data-end=\"5195\"><strong data-start=\"5168\" data-end=\"5195\"><span dir=\"auto\" style=\"vertical-align: inherit;\"><span dir=\"auto\" style=\"vertical-align: inherit;\">Caract\u00e9ristiques principales<\/span><\/span><\/strong><\/h3>\n<ul data-start=\"5197\" data-end=\"5651\">\n<li data-start=\"5197\" data-end=\"5290\">\n<p data-start=\"5199\" data-end=\"5290\"><strong data-start=\"5199\" data-end=\"5219\"><span dir=\"auto\" style=\"vertical-align: inherit;\"><span dir=\"auto\" style=\"vertical-align: inherit;\">Haute puret\u00e9 :<\/span><\/span><\/strong><span dir=\"auto\" style=\"vertical-align: inherit;\"><span dir=\"auto\" style=\"vertical-align: inherit;\"> Manufactured under laboratory control for consistent results.<\/span><\/span><\/p>\n<\/li>\n<li data-start=\"5291\" data-end=\"5383\">\n<p data-start=\"5293\" data-end=\"5383\"><strong data-start=\"5293\" data-end=\"5320\"><span dir=\"auto\" style=\"vertical-align: inherit;\"><span dir=\"auto\" style=\"vertical-align: inherit;\">Complex Composition:<\/span><\/span><\/strong><span dir=\"auto\" style=\"vertical-align: inherit;\"><span dir=\"auto\" style=\"vertical-align: inherit;\"> Designed for calibration and validation of detection methods.<\/span><\/span><\/p>\n<\/li>\n<li data-start=\"5384\" data-end=\"5464\">\n<p data-start=\"5386\" data-end=\"5464\"><strong data-start=\"5386\" data-end=\"5419\"><span dir=\"auto\" style=\"vertical-align: inherit;\"><span dir=\"auto\" style=\"vertical-align: inherit;\">Documentation certifi\u00e9e\u00a0:<\/span><\/span><\/strong><span dir=\"auto\" style=\"vertical-align: inherit;\"><span dir=\"auto\" style=\"vertical-align: inherit;\"> Fourni avec <\/span><\/span><strong data-start=\"5433\" data-end=\"5461\"><span dir=\"auto\" style=\"vertical-align: inherit;\"><span dir=\"auto\" style=\"vertical-align: inherit;\">Certificat d&#039;analyse (COA)<\/span><\/span><\/strong><span dir=\"auto\" style=\"vertical-align: inherit;\"><span dir=\"auto\" style=\"vertical-align: inherit;\"> .<\/span><\/span><\/p>\n<\/li>\n<li data-start=\"5465\" data-end=\"5565\">\n<p data-start=\"5467\" data-end=\"5565\"><strong data-start=\"5467\" data-end=\"5498\"><span dir=\"auto\" style=\"vertical-align: inherit;\"><span dir=\"auto\" style=\"vertical-align: inherit;\">Polyvalence analytique :<\/span><\/span><\/strong><span dir=\"auto\" style=\"vertical-align: inherit;\"><span dir=\"auto\" style=\"vertical-align: inherit;\"> Convient pour <\/span><\/span><strong data-start=\"5513\" data-end=\"5521\"><span dir=\"auto\" style=\"vertical-align: inherit;\"><span dir=\"auto\" style=\"vertical-align: inherit;\">HPLC<\/span><\/span><\/strong><span dir=\"auto\" style=\"vertical-align: inherit;\"><span dir=\"auto\" style=\"vertical-align: inherit;\"> , <\/span><\/span><strong data-start=\"5523\" data-end=\"5532\"><span dir=\"auto\" style=\"vertical-align: inherit;\"><span dir=\"auto\" style=\"vertical-align: inherit;\">GC-MS<\/span><\/span><\/strong><span dir=\"auto\" style=\"vertical-align: inherit;\"><span dir=\"auto\" style=\"vertical-align: inherit;\"> , et <\/span><\/span><strong data-start=\"5537\" data-end=\"5549\"><span dir=\"auto\" style=\"vertical-align: inherit;\"><span dir=\"auto\" style=\"vertical-align: inherit;\">LC-MS\/MS<\/span><\/span><\/strong><span dir=\"auto\" style=\"vertical-align: inherit;\"><span dir=\"auto\" style=\"vertical-align: inherit;\"> applications.<\/span><\/span><\/p>\n<\/li>\n<li data-start=\"5566\" data-end=\"5651\">\n<p data-start=\"5568\" data-end=\"5651\"><strong data-start=\"5568\" data-end=\"5589\"><span dir=\"auto\" style=\"vertical-align: inherit;\"><span dir=\"auto\" style=\"vertical-align: inherit;\">Formule stable :<\/span><\/span><\/strong><span dir=\"auto\" style=\"vertical-align: inherit;\"><span dir=\"auto\" style=\"vertical-align: inherit;\"> Maintient sa stabilit\u00e9 chimique dans des conditions de stockage appropri\u00e9es.<\/span><\/span><\/p>\n<\/li>\n<\/ul>\n<hr data-start=\"5653\" data-end=\"5656\" \/>\n<h3 data-start=\"5658\" data-end=\"5675\"><strong data-start=\"5662\" data-end=\"5675\"><span dir=\"auto\" style=\"vertical-align: inherit;\"><span dir=\"auto\" style=\"vertical-align: inherit;\">Avantages<\/span><\/span><\/strong><\/h3>\n<ul data-start=\"5677\" data-end=\"6114\">\n<li data-start=\"5677\" data-end=\"5777\">\n<p data-start=\"5679\" data-end=\"5777\"><strong data-start=\"5679\" data-end=\"5706\"><span dir=\"auto\" style=\"vertical-align: inherit;\"><span dir=\"auto\" style=\"vertical-align: inherit;\">Application m\u00e9dico-l\u00e9gale\u00a0:<\/span><\/span><\/strong><span dir=\"auto\" style=\"vertical-align: inherit;\"><span dir=\"auto\" style=\"vertical-align: inherit;\"> Supports the identification of compounds in chemical analyses.<\/span><\/span><\/p>\n<\/li>\n<li data-start=\"5778\" data-end=\"5867\">\n<p data-start=\"5780\" data-end=\"5867\"><strong data-start=\"5780\" data-end=\"5807\"><span dir=\"auto\" style=\"vertical-align: inherit;\"><span dir=\"auto\" style=\"vertical-align: inherit;\">\u00c9talonnage fiable\u00a0:<\/span><\/span><\/strong><span dir=\"auto\" style=\"vertical-align: inherit;\"><span dir=\"auto\" style=\"vertical-align: inherit;\"> Garantit des r\u00e9sultats de mesure reproductibles et pr\u00e9cis.<\/span><\/span><\/p>\n<\/li>\n<li data-start=\"5868\" data-end=\"5938\">\n<p data-start=\"5870\" data-end=\"5938\"><strong data-start=\"5870\" data-end=\"5891\"><span dir=\"auto\" style=\"vertical-align: inherit;\"><span dir=\"auto\" style=\"vertical-align: inherit;\">Research value:<\/span><\/span><\/strong><span dir=\"auto\" style=\"vertical-align: inherit;\"><span dir=\"auto\" style=\"vertical-align: inherit;\"> Suitable for validation of analytical methods.<\/span><\/span><\/p>\n<\/li>\n<li data-start=\"5939\" data-end=\"6014\">\n<p data-start=\"5941\" data-end=\"6014\"><strong data-start=\"5941\" data-end=\"5963\"><span dir=\"auto\" style=\"vertical-align: inherit;\"><span dir=\"auto\" style=\"vertical-align: inherit;\">Valeur \u00e9ducative :<\/span><\/span><\/strong><span dir=\"auto\" style=\"vertical-align: inherit;\"><span dir=\"auto\" style=\"vertical-align: inherit;\"> Ideal for academic and training purposes.<\/span><\/span><\/p>\n<\/li>\n<li data-start=\"6015\" data-end=\"6114\">\n<p data-start=\"6017\" data-end=\"6114\"><strong data-start=\"6017\" data-end=\"6051\"><span dir=\"auto\" style=\"vertical-align: inherit;\"><span dir=\"auto\" style=\"vertical-align: inherit;\">Conforme aux normes de s\u00e9curit\u00e9 :<\/span><\/span><\/strong><span dir=\"auto\" style=\"vertical-align: inherit;\"><span dir=\"auto\" style=\"vertical-align: inherit;\"> Fabriqu\u00e9 conform\u00e9ment aux directives internationales des laboratoires.<\/span><\/span><\/p>\n<\/li>\n<\/ul>\n<hr data-start=\"6116\" data-end=\"6119\" \/>\n<h3 data-start=\"6121\" data-end=\"6182\"><strong data-start=\"6125\" data-end=\"6182\"><span dir=\"auto\" style=\"vertical-align: inherit;\"><span dir=\"auto\" style=\"vertical-align: inherit;\">Instructions d&#039;utilisation (\u00e0 des fins de recherche uniquement)<\/span><\/span><\/strong><\/h3>\n<ol data-start=\"6184\" data-end=\"6514\">\n<li data-start=\"6184\" data-end=\"6276\">\n<p data-start=\"6187\" data-end=\"6276\"><strong data-start=\"6187\" data-end=\"6205\"><span dir=\"auto\" style=\"vertical-align: inherit;\"><span dir=\"auto\" style=\"vertical-align: inherit;\">Pr\u00e9paration:<\/span><\/span><\/strong><span dir=\"auto\" style=\"vertical-align: inherit;\"><span dir=\"auto\" style=\"vertical-align: inherit;\"> Use only in accredited laboratories by qualified personnel.<\/span><\/span><\/p>\n<\/li>\n<li data-start=\"6277\" data-end=\"6359\">\n<p data-start=\"6280\" data-end=\"6359\"><strong data-start=\"6280\" data-end=\"6295\"><span dir=\"auto\" style=\"vertical-align: inherit;\"><span dir=\"auto\" style=\"vertical-align: inherit;\">Application:<\/span><\/span><\/strong><span dir=\"auto\" style=\"vertical-align: inherit;\"><span dir=\"auto\" style=\"vertical-align: inherit;\"> Use for calibration, validation or comparative analyses.<\/span><\/span><\/p>\n<\/li>\n<li data-start=\"6360\" data-end=\"6423\">\n<p data-start=\"6363\" data-end=\"6423\"><strong data-start=\"6363\" data-end=\"6374\"><span dir=\"auto\" style=\"vertical-align: inherit;\"><span dir=\"auto\" style=\"vertical-align: inherit;\">Stockage:<\/span><\/span><\/strong><span dir=\"auto\" style=\"vertical-align: inherit;\"><span dir=\"auto\" style=\"vertical-align: inherit;\"> \u00c0 conserver dans un endroit frais, sec et \u00e0 l&#039;abri de la lumi\u00e8re, bien ferm\u00e9.<\/span><\/span><\/p>\n<\/li>\n<li data-start=\"6424\" data-end=\"6514\">\n<p data-start=\"6427\" data-end=\"6514\"><strong data-start=\"6427\" data-end=\"6438\"><span dir=\"auto\" style=\"vertical-align: inherit;\"><span dir=\"auto\" style=\"vertical-align: inherit;\">\u00c9limination:<\/span><\/span><\/strong><span dir=\"auto\" style=\"vertical-align: inherit;\"><span dir=\"auto\" style=\"vertical-align: inherit;\"> \u00c9liminer les r\u00e9sidus conform\u00e9ment \u00e0 la r\u00e9glementation locale en mati\u00e8re de gestion des d\u00e9chets chimiques.<\/span><\/span><\/p>\n<\/li>\n<\/ol>\n<hr data-start=\"6516\" data-end=\"6519\" \/>\n<h3 data-start=\"6521\" data-end=\"6555\"><strong data-start=\"6525\" data-end=\"6555\"><span dir=\"auto\" style=\"vertical-align: inherit;\"><span dir=\"auto\" style=\"vertical-align: inherit;\">S\u00e9curit\u00e9 et conformit\u00e9<\/span><\/span><\/strong><\/h3>\n<ul data-start=\"6557\" data-end=\"6994\">\n<li data-start=\"6557\" data-end=\"6651\">\n<p data-start=\"6559\" data-end=\"6651\"><strong data-start=\"6559\" data-end=\"6595\"><span dir=\"auto\" style=\"vertical-align: inherit;\"><span dir=\"auto\" style=\"vertical-align: inherit;\">R\u00e9serv\u00e9 \u00e0 un usage en laboratoire\u00a0:<\/span><\/span><\/strong><span dir=\"auto\" style=\"vertical-align: inherit;\"><span dir=\"auto\" style=\"vertical-align: inherit;\"> Non destin\u00e9 \u00e0 la consommation humaine ou animale.<\/span><\/span><\/p>\n<\/li>\n<li data-start=\"6652\" data-end=\"6768\">\n<p data-start=\"6654\" data-end=\"6768\"><strong data-start=\"6654\" data-end=\"6682\"><span dir=\"auto\" style=\"vertical-align: inherit;\"><span dir=\"auto\" style=\"vertical-align: inherit;\">Consid\u00e9rations juridiques :<\/span><\/span><\/strong><span dir=\"auto\" style=\"vertical-align: inherit;\"><span dir=\"auto\" style=\"vertical-align: inherit;\"> Check local regulations regarding the components of this product.<\/span><\/span><\/p>\n<\/li>\n<li data-start=\"6769\" data-end=\"6869\">\n<p data-start=\"6771\" data-end=\"6869\"><strong data-start=\"6771\" data-end=\"6799\"><span dir=\"auto\" style=\"vertical-align: inherit;\"><span dir=\"auto\" style=\"vertical-align: inherit;\">Sant\u00e9 et s\u00e9curit\u00e9 :<\/span><\/span><\/strong><span dir=\"auto\" style=\"vertical-align: inherit;\"><span dir=\"auto\" style=\"vertical-align: inherit;\"> Avoid contact and inhalation; wear appropriate protective equipment.<\/span><\/span><\/p>\n<\/li>\n<li data-start=\"6870\" data-end=\"6994\">\n<p data-start=\"6872\" data-end=\"6994\"><strong data-start=\"6872\" data-end=\"6889\"><span dir=\"auto\" style=\"vertical-align: inherit;\"><span dir=\"auto\" style=\"vertical-align: inherit;\">Documentation:<\/span><\/span><\/strong><span dir=\"auto\" style=\"vertical-align: inherit;\"><span dir=\"auto\" style=\"vertical-align: inherit;\"> UN <\/span><\/span><strong data-start=\"6894\" data-end=\"6930\"><span dir=\"auto\" style=\"vertical-align: inherit;\"><span dir=\"auto\" style=\"vertical-align: inherit;\">Fiche de donn\u00e9es de s\u00e9curit\u00e9 (FDS)<\/span><\/span><\/strong><span dir=\"auto\" style=\"vertical-align: inherit;\"><span dir=\"auto\" style=\"vertical-align: inherit;\"> et <\/span><\/span><strong data-start=\"6934\" data-end=\"6962\"><span dir=\"auto\" style=\"vertical-align: inherit;\"><span dir=\"auto\" style=\"vertical-align: inherit;\">Certificat d&#039;analyse (COA)<\/span><\/span><\/strong><span dir=\"auto\" style=\"vertical-align: inherit;\"><span dir=\"auto\" style=\"vertical-align: inherit;\"> sont disponibles sur demande.<\/span><\/span><\/p>\n<\/li>\n<\/ul>\n<hr data-start=\"6996\" data-end=\"6999\" \/>\n<h3 data-start=\"7001\" data-end=\"7036\"><strong data-start=\"7005\" data-end=\"7036\"><span dir=\"auto\" style=\"vertical-align: inherit;\"><span dir=\"auto\" style=\"vertical-align: inherit;\">Foire aux questions (FAQ)<\/span><\/span><\/strong><\/h3>\n<p data-start=\"7038\" data-end=\"7194\"><strong data-start=\"7038\" data-end=\"7088\"><span dir=\"auto\" style=\"vertical-align: inherit;\"><span dir=\"auto\" style=\"vertical-align: inherit;\">1. What is Orange Mandala Mix used for?<\/span><\/span><\/strong><br data-start=\"7088\" data-end=\"7091\" \/><span dir=\"auto\" style=\"vertical-align: inherit;\"><span dir=\"auto\" style=\"vertical-align: inherit;\"> Orange Mandala Mix is \u200b\u200bused as <\/span><\/span><strong data-start=\"7129\" data-end=\"7152\"><span dir=\"auto\" style=\"vertical-align: inherit;\"><span dir=\"auto\" style=\"vertical-align: inherit;\">un document de r\u00e9f\u00e9rence<\/span><\/span><\/strong><span dir=\"auto\" style=\"vertical-align: inherit;\"><span dir=\"auto\" style=\"vertical-align: inherit;\"> for chemical and forensic analyses.<\/span><\/span><\/p>\n<p data-start=\"7196\" data-end=\"7365\"><strong data-start=\"7196\" data-end=\"7254\"><span dir=\"auto\" style=\"vertical-align: inherit;\"><span dir=\"auto\" style=\"vertical-align: inherit;\">2. Ce produit est-il propre \u00e0 la consommation humaine ?<\/span><\/span><\/strong><br data-start=\"7254\" data-end=\"7257\" \/><span dir=\"auto\" style=\"vertical-align: inherit;\"><span dir=\"auto\" style=\"vertical-align: inherit;\"> Non. Ce produit est <\/span><\/span><strong data-start=\"7277\" data-end=\"7315\"><span dir=\"auto\" style=\"vertical-align: inherit;\"><span dir=\"auto\" style=\"vertical-align: inherit;\">R\u00e9serv\u00e9 \u00e0 la recherche<\/span><\/span><\/strong><span dir=\"auto\" style=\"vertical-align: inherit;\"><span dir=\"auto\" style=\"vertical-align: inherit;\"> et <\/span><\/span><strong data-start=\"7319\" data-end=\"7362\"><span dir=\"auto\" style=\"vertical-align: inherit;\"><span dir=\"auto\" style=\"vertical-align: inherit;\">n&#039;est pas approuv\u00e9 pour l&#039;usage humain<\/span><\/span><\/strong><span dir=\"auto\" style=\"vertical-align: inherit;\"><span dir=\"auto\" style=\"vertical-align: inherit;\"> .<\/span><\/span><\/p>\n<p data-start=\"7367\" data-end=\"7504\"><strong data-start=\"7367\" data-end=\"7420\"><span dir=\"auto\" style=\"vertical-align: inherit;\"><span dir=\"auto\" style=\"vertical-align: inherit;\">3. How should Orange Mandala Mix be stored?<\/span><\/span><\/strong><br data-start=\"7420\" data-end=\"7423\" \/><span dir=\"auto\" style=\"vertical-align: inherit;\"><span dir=\"auto\" style=\"vertical-align: inherit;\"> \u00c0 conserver dans un endroit frais, sec et \u00e0 l&#039;abri de la lumi\u00e8re, bien ferm\u00e9 et hors de port\u00e9e des personnes non autoris\u00e9es.<\/span><\/span><\/p>","protected":false},"excerpt":{"rendered":"<h2><span style=\"vertical-align: inherit;\"><span style=\"vertical-align: inherit;\"><span dir=\"auto\" style=\"vertical-align: inherit;\"><span dir=\"auto\" style=\"vertical-align: inherit;\">Orange Mandala Eutylone + 3-FPM + 5-MeO DiPT 5ML<\/span><\/span><\/span><\/span><\/h2>\n<p><strong><span style=\"vertical-align: inherit;\"><span style=\"vertical-align: inherit;\"><span dir=\"auto\" style=\"vertical-align: inherit;\"><span dir=\"auto\" style=\"vertical-align: inherit;\">Ce m\u00e9lange Orange Mandala contient suffisamment d&#039;Eutylone + 3-FPM + 5-MeO DiPT pour une recherche individuelle. Commencez toujours vos recherches avec un quart ou un demi-tube et recherchez le dosage le plus adapt\u00e9\u00a0!<\/span><\/span><\/span><\/span><\/strong><\/p>","protected":false},"featured_media":29394,"comment_status":"closed","ping_status":"closed","template":"","meta":[],"product_brand":[],"product_cat":[488],"product_tag":[326,1122,1123],"class_list":{"0":"post-23739","1":"product","2":"type-product","3":"status-publish","4":"has-post-thumbnail","6":"product_cat-verboden","7":"product_tag-nl","8":"product_tag-orange-mandala","9":"product_tag-orange-mandala-kopen","11":"first","12":"instock","13":"taxable","14":"shipping-taxable","15":"purchasable","16":"product-type-simple"},"_links":{"self":[{"href":"https:\/\/onderzoekschemicals.com\/fr\/wp-json\/wp\/v2\/product\/23739","targetHints":{"allow":["GET"]}}],"collection":[{"href":"https:\/\/onderzoekschemicals.com\/fr\/wp-json\/wp\/v2\/product"}],"about":[{"href":"https:\/\/onderzoekschemicals.com\/fr\/wp-json\/wp\/v2\/types\/product"}],"replies":[{"embeddable":true,"href":"https:\/\/onderzoekschemicals.com\/fr\/wp-json\/wp\/v2\/comments?post=23739"}],"version-history":[{"count":6,"href":"https:\/\/onderzoekschemicals.com\/fr\/wp-json\/wp\/v2\/product\/23739\/revisions"}],"predecessor-version":[{"id":28710,"href":"https:\/\/onderzoekschemicals.com\/fr\/wp-json\/wp\/v2\/product\/23739\/revisions\/28710"}],"wp:featuredmedia":[{"embeddable":true,"href":"https:\/\/onderzoekschemicals.com\/fr\/wp-json\/wp\/v2\/media\/29394"}],"wp:attachment":[{"href":"https:\/\/onderzoekschemicals.com\/fr\/wp-json\/wp\/v2\/media?parent=23739"}],"wp:term":[{"taxonomy":"product_brand","embeddable":true,"href":"https:\/\/onderzoekschemicals.com\/fr\/wp-json\/wp\/v2\/product_brand?post=23739"},{"taxonomy":"product_cat","embeddable":true,"href":"https:\/\/onderzoekschemicals.com\/fr\/wp-json\/wp\/v2\/product_cat?post=23739"},{"taxonomy":"product_tag","embeddable":true,"href":"https:\/\/onderzoekschemicals.com\/fr\/wp-json\/wp\/v2\/product_tag?post=23739"}],"curies":[{"name":"wp","href":"https:\/\/api.w.org\/{rel}","templated":true}]}}