{"id":23694,"date":"2025-04-13T17:40:15","date_gmt":"2025-04-13T17:40:15","guid":{"rendered":"https:\/\/onderzoekschemicals.com\/?post_type=product&#038;p=23694"},"modified":"2025-11-28T07:50:48","modified_gmt":"2025-11-28T07:50:48","slug":"etizolam-kopen-etizolam-1-mg-micro-pellets","status":"publish","type":"product","link":"https:\/\/onderzoekschemicals.com\/fr\/shop\/verboden\/etizolam-kopen-etizolam-1-mg-micro-pellets\/","title":{"rendered":"Microgranules d&#039;\u00e9tizolam 1 mg"},"content":{"rendered":"<p data-start=\"5074\" data-end=\"5342\"><strong data-start=\"5074\" data-end=\"5086\"><span dir=\"auto\" style=\"vertical-align: inherit;\"><span dir=\"auto\" style=\"vertical-align: inherit;\">\u00c9tizolam<\/span><\/span><\/strong><span dir=\"auto\" style=\"vertical-align: inherit;\"><span dir=\"auto\" style=\"vertical-align: inherit;\"> est un <\/span><\/span><strong data-start=\"5094\" data-end=\"5124\"><span dir=\"auto\" style=\"vertical-align: inherit;\"><span dir=\"auto\" style=\"vertical-align: inherit;\">compos\u00e9 de thi\u00e9nodiaz\u00e9pine<\/span><\/span><\/strong><span dir=\"auto\" style=\"vertical-align: inherit;\"><span dir=\"auto\" style=\"vertical-align: inherit;\"> , structurellement apparent\u00e9s aux benzodiaz\u00e9pines. <\/span><\/span><br data-start=\"5166\" data-end=\"5169\" \/><span dir=\"auto\" style=\"vertical-align: inherit;\"><span dir=\"auto\" style=\"vertical-align: inherit;\">Il est utilis\u00e9 dans <\/span><\/span><strong data-start=\"5191\" data-end=\"5233\"><span dir=\"auto\" style=\"vertical-align: inherit;\"><span dir=\"auto\" style=\"vertical-align: inherit;\">laboratoires m\u00e9dico-l\u00e9gaux et analytiques<\/span><\/span><\/strong><span dir=\"auto\" style=\"vertical-align: inherit;\"><span dir=\"auto\" style=\"vertical-align: inherit;\"> cendre <\/span><\/span><strong data-start=\"5238\" data-end=\"5261\"><span dir=\"auto\" style=\"vertical-align: inherit;\"><span dir=\"auto\" style=\"vertical-align: inherit;\">un document de r\u00e9f\u00e9rence<\/span><\/span><\/strong><span dir=\"auto\" style=\"vertical-align: inherit;\"><span dir=\"auto\" style=\"vertical-align: inherit;\"> pour <\/span><\/span><strong data-start=\"5267\" data-end=\"5339\"><span dir=\"auto\" style=\"vertical-align: inherit;\"><span dir=\"auto\" style=\"vertical-align: inherit;\">validation de m\u00e9thodes analytiques, \u00e9talonnage et identification de compos\u00e9s<\/span><\/span><\/strong><span dir=\"auto\" style=\"vertical-align: inherit;\"><span dir=\"auto\" style=\"vertical-align: inherit;\"> .<\/span><\/span><\/p>\n<p data-start=\"5344\" data-end=\"5594\"><span dir=\"auto\" style=\"vertical-align: inherit;\"><span dir=\"auto\" style=\"vertical-align: inherit;\">Le <\/span><\/span><strong data-start=\"5347\" data-end=\"5372\"><span dir=\"auto\" style=\"vertical-align: inherit;\"><span dir=\"auto\" style=\"vertical-align: inherit;\">Forme de microgranules de 1 mg<\/span><\/span><\/strong><span dir=\"auto\" style=\"vertical-align: inherit;\"><span dir=\"auto\" style=\"vertical-align: inherit;\"> permet <\/span><\/span><strong data-start=\"5384\" data-end=\"5408\"><span dir=\"auto\" style=\"vertical-align: inherit;\"><span dir=\"auto\" style=\"vertical-align: inherit;\">dosage pr\u00e9cis<\/span><\/span><\/strong><span dir=\"auto\" style=\"vertical-align: inherit;\"><span dir=\"auto\" style=\"vertical-align: inherit;\"> et une application facile dans la recherche analytique. <\/span><\/span><br data-start=\"5459\" data-end=\"5462\" \/><span dir=\"auto\" style=\"vertical-align: inherit;\"><span dir=\"auto\" style=\"vertical-align: inherit;\">Ce produit est <\/span><\/span><strong data-start=\"5477\" data-end=\"5532\"><span dir=\"auto\" style=\"vertical-align: inherit;\"><span dir=\"auto\" style=\"vertical-align: inherit;\">destin\u00e9 uniquement \u00e0 la recherche scientifique<\/span><\/span><\/strong><span dir=\"auto\" style=\"vertical-align: inherit;\"><span dir=\"auto\" style=\"vertical-align: inherit;\"> et <\/span><\/span><strong data-start=\"5536\" data-end=\"5593\"><span dir=\"auto\" style=\"vertical-align: inherit;\"><span dir=\"auto\" style=\"vertical-align: inherit;\">ne convient pas \u00e0 la consommation humaine ou animale<\/span><\/span><\/strong><span dir=\"auto\" style=\"vertical-align: inherit;\"><span dir=\"auto\" style=\"vertical-align: inherit;\"> .<\/span><\/span><\/p>\n<hr data-start=\"5596\" data-end=\"5599\" \/>\n<h3 data-start=\"5601\" data-end=\"5632\"><strong data-start=\"5605\" data-end=\"5632\"><span dir=\"auto\" style=\"vertical-align: inherit;\"><span dir=\"auto\" style=\"vertical-align: inherit;\">Caract\u00e9ristiques principales<\/span><\/span><\/strong><\/h3>\n<ul data-start=\"5634\" data-end=\"6059\">\n<li data-start=\"5634\" data-end=\"5720\">\n<p data-start=\"5636\" data-end=\"5720\"><strong data-start=\"5636\" data-end=\"5656\"><span dir=\"auto\" style=\"vertical-align: inherit;\"><span dir=\"auto\" style=\"vertical-align: inherit;\">Haute puret\u00e9 :<\/span><\/span><\/strong><span dir=\"auto\" style=\"vertical-align: inherit;\"><span dir=\"auto\" style=\"vertical-align: inherit;\"> Produit dans des conditions de laboratoire contr\u00f4l\u00e9es.<\/span><\/span><\/p>\n<\/li>\n<li data-start=\"5721\" data-end=\"5807\">\n<p data-start=\"5723\" data-end=\"5807\"><strong data-start=\"5723\" data-end=\"5748\"><span dir=\"auto\" style=\"vertical-align: inherit;\"><span dir=\"auto\" style=\"vertical-align: inherit;\">Microgranules (1 mg) :<\/span><\/span><\/strong><span dir=\"auto\" style=\"vertical-align: inherit;\"><span dir=\"auto\" style=\"vertical-align: inherit;\"> Fournir un dosage pr\u00e9cis pour l&#039;\u00e9talonnage analytique.<\/span><\/span><\/p>\n<\/li>\n<li data-start=\"5808\" data-end=\"5894\">\n<p data-start=\"5810\" data-end=\"5894\"><strong data-start=\"5810\" data-end=\"5849\"><span dir=\"auto\" style=\"vertical-align: inherit;\"><span dir=\"auto\" style=\"vertical-align: inherit;\">Document de r\u00e9f\u00e9rence certifi\u00e9\u00a0:<\/span><\/span><\/strong><span dir=\"auto\" style=\"vertical-align: inherit;\"><span dir=\"auto\" style=\"vertical-align: inherit;\"> Fourni avec <\/span><\/span><strong data-start=\"5863\" data-end=\"5891\"><span dir=\"auto\" style=\"vertical-align: inherit;\"><span dir=\"auto\" style=\"vertical-align: inherit;\">Certificat d&#039;analyse (COA)<\/span><\/span><\/strong><span dir=\"auto\" style=\"vertical-align: inherit;\"><span dir=\"auto\" style=\"vertical-align: inherit;\"> .<\/span><\/span><\/p>\n<\/li>\n<li data-start=\"5895\" data-end=\"5982\">\n<p data-start=\"5897\" data-end=\"5982\"><strong data-start=\"5897\" data-end=\"5928\"><span dir=\"auto\" style=\"vertical-align: inherit;\"><span dir=\"auto\" style=\"vertical-align: inherit;\">Polyvalence analytique :<\/span><\/span><\/strong><span dir=\"auto\" style=\"vertical-align: inherit;\"><span dir=\"auto\" style=\"vertical-align: inherit;\"> Convient pour <\/span><\/span><strong data-start=\"5943\" data-end=\"5951\"><span dir=\"auto\" style=\"vertical-align: inherit;\"><span dir=\"auto\" style=\"vertical-align: inherit;\">HPLC<\/span><\/span><\/strong><span dir=\"auto\" style=\"vertical-align: inherit;\"><span dir=\"auto\" style=\"vertical-align: inherit;\"> , <\/span><\/span><strong data-start=\"5953\" data-end=\"5962\"><span dir=\"auto\" style=\"vertical-align: inherit;\"><span dir=\"auto\" style=\"vertical-align: inherit;\">GC-MS<\/span><\/span><\/strong><span dir=\"auto\" style=\"vertical-align: inherit;\"><span dir=\"auto\" style=\"vertical-align: inherit;\"> , et <\/span><\/span><strong data-start=\"5967\" data-end=\"5979\"><span dir=\"auto\" style=\"vertical-align: inherit;\"><span dir=\"auto\" style=\"vertical-align: inherit;\">LC-MS\/MS<\/span><\/span><\/strong><span dir=\"auto\" style=\"vertical-align: inherit;\"><span dir=\"auto\" style=\"vertical-align: inherit;\"> Acheter de l&#039;\u00e9tizolam<\/span><\/span><\/p>\n<\/li>\n<li data-start=\"5983\" data-end=\"6059\">\n<p data-start=\"5985\" data-end=\"6059\"><strong data-start=\"5985\" data-end=\"6006\"><span dir=\"auto\" style=\"vertical-align: inherit;\"><span dir=\"auto\" style=\"vertical-align: inherit;\">Formule stable :<\/span><\/span><\/strong><span dir=\"auto\" style=\"vertical-align: inherit;\"><span dir=\"auto\" style=\"vertical-align: inherit;\"> Conserve son int\u00e9grit\u00e9 chimique lorsqu&#039;il est stock\u00e9 correctement.<\/span><\/span><\/p>\n<\/li>\n<\/ul>\n<hr data-start=\"6061\" data-end=\"6064\" \/>\n<h3 data-start=\"6066\" data-end=\"6083\"><strong data-start=\"6070\" data-end=\"6083\"><span dir=\"auto\" style=\"vertical-align: inherit;\"><span dir=\"auto\" style=\"vertical-align: inherit;\">Avantages<\/span><\/span><\/strong><\/h3>\n<ul data-start=\"6085\" data-end=\"6539\">\n<li data-start=\"6085\" data-end=\"6171\">\n<p data-start=\"6087\" data-end=\"6171\"><strong data-start=\"6087\" data-end=\"6114\"><span dir=\"auto\" style=\"vertical-align: inherit;\"><span dir=\"auto\" style=\"vertical-align: inherit;\">Application m\u00e9dico-l\u00e9gale\u00a0:<\/span><\/span><\/strong><span dir=\"auto\" style=\"vertical-align: inherit;\"><span dir=\"auto\" style=\"vertical-align: inherit;\"> Permet la d\u00e9tection des compos\u00e9s thi\u00e9nodiaz\u00e9pines.<\/span><\/span><\/p>\n<\/li>\n<li data-start=\"6172\" data-end=\"6261\">\n<p data-start=\"6174\" data-end=\"6261\"><strong data-start=\"6174\" data-end=\"6201\"><span dir=\"auto\" style=\"vertical-align: inherit;\"><span dir=\"auto\" style=\"vertical-align: inherit;\">\u00c9talonnage fiable\u00a0:<\/span><\/span><\/strong><span dir=\"auto\" style=\"vertical-align: inherit;\"><span dir=\"auto\" style=\"vertical-align: inherit;\"> Garantit des r\u00e9sultats de mesure coh\u00e9rents et reproductibles.<\/span><\/span><\/p>\n<\/li>\n<li data-start=\"6262\" data-end=\"6339\">\n<p data-start=\"6264\" data-end=\"6339\"><strong data-start=\"6264\" data-end=\"6286\"><span dir=\"auto\" style=\"vertical-align: inherit;\"><span dir=\"auto\" style=\"vertical-align: inherit;\">Valeur \u00e9ducative :<\/span><\/span><\/strong><span dir=\"auto\" style=\"vertical-align: inherit;\"><span dir=\"auto\" style=\"vertical-align: inherit;\"> Convient \u00e0 la formation acad\u00e9mique et analytique.<\/span><\/span><\/p>\n<\/li>\n<li data-start=\"6340\" data-end=\"6433\">\n<p data-start=\"6342\" data-end=\"6433\"><strong data-start=\"6342\" data-end=\"6371\"><span dir=\"auto\" style=\"vertical-align: inherit;\"><span dir=\"auto\" style=\"vertical-align: inherit;\">S\u00fbr et document\u00e9 :<\/span><\/span><\/strong><span dir=\"auto\" style=\"vertical-align: inherit;\"><span dir=\"auto\" style=\"vertical-align: inherit;\"> Fourni avec des certificats de s\u00e9curit\u00e9 et d&#039;analyse complets.<\/span><\/span><\/p>\n<\/li>\n<li data-start=\"6434\" data-end=\"6539\">\n<p data-start=\"6436\" data-end=\"6539\"><strong data-start=\"6436\" data-end=\"6471\"><span dir=\"auto\" style=\"vertical-align: inherit;\"><span dir=\"auto\" style=\"vertical-align: inherit;\">Conforme aux normes de laboratoire :<\/span><\/span><\/strong><span dir=\"auto\" style=\"vertical-align: inherit;\"><span dir=\"auto\" style=\"vertical-align: inherit;\"> Con\u00e7u pour \u00eatre conforme aux normes de qualit\u00e9 internationales.<\/span><\/span><\/p>\n<\/li>\n<\/ul>\n<hr data-start=\"6541\" data-end=\"6544\" \/>\n<h3 data-start=\"6546\" data-end=\"6607\"><strong data-start=\"6550\" data-end=\"6607\"><span dir=\"auto\" style=\"vertical-align: inherit;\"><span dir=\"auto\" style=\"vertical-align: inherit;\">Instructions d&#039;utilisation (\u00e0 des fins de recherche uniquement)<\/span><\/span><\/strong><\/h3>\n<ol data-start=\"6609\" data-end=\"6942\">\n<li data-start=\"6609\" data-end=\"6702\">\n<p data-start=\"6612\" data-end=\"6702\"><strong data-start=\"6612\" data-end=\"6626\"><span dir=\"auto\" style=\"vertical-align: inherit;\"><span dir=\"auto\" style=\"vertical-align: inherit;\">Manutention:<\/span><\/span><\/strong><span dir=\"auto\" style=\"vertical-align: inherit;\"><span dir=\"auto\" style=\"vertical-align: inherit;\"> \u00c0 utiliser uniquement dans des laboratoires agr\u00e9\u00e9s et par du personnel qualifi\u00e9.<\/span><\/span><\/p>\n<\/li>\n<li data-start=\"6703\" data-end=\"6785\">\n<p data-start=\"6706\" data-end=\"6785\"><strong data-start=\"6706\" data-end=\"6721\"><span dir=\"auto\" style=\"vertical-align: inherit;\"><span dir=\"auto\" style=\"vertical-align: inherit;\">Application:<\/span><\/span><\/strong><span dir=\"auto\" style=\"vertical-align: inherit;\"><span dir=\"auto\" style=\"vertical-align: inherit;\"> Utiliser les granul\u00e9s conform\u00e9ment aux protocoles analytiques valid\u00e9s.<\/span><\/span><\/p>\n<\/li>\n<li data-start=\"6786\" data-end=\"6849\">\n<p data-start=\"6789\" data-end=\"6849\"><strong data-start=\"6789\" data-end=\"6800\"><span dir=\"auto\" style=\"vertical-align: inherit;\"><span dir=\"auto\" style=\"vertical-align: inherit;\">Stockage:<\/span><\/span><\/strong><span dir=\"auto\" style=\"vertical-align: inherit;\"><span dir=\"auto\" style=\"vertical-align: inherit;\"> \u00c0 conserver dans un endroit frais, sec et \u00e0 l&#039;abri de la lumi\u00e8re, bien ferm\u00e9.<\/span><\/span><\/p>\n<\/li>\n<li data-start=\"6850\" data-end=\"6942\">\n<p data-start=\"6853\" data-end=\"6942\"><strong data-start=\"6853\" data-end=\"6864\"><span dir=\"auto\" style=\"vertical-align: inherit;\"><span dir=\"auto\" style=\"vertical-align: inherit;\">\u00c9limination:<\/span><\/span><\/strong><span dir=\"auto\" style=\"vertical-align: inherit;\"><span dir=\"auto\" style=\"vertical-align: inherit;\"> \u00c9liminer les r\u00e9sidus conform\u00e9ment \u00e0 la r\u00e9glementation locale en mati\u00e8re de gestion des d\u00e9chets chimiques.<\/span><\/span><\/p>\n<\/li>\n<\/ol>\n<hr data-start=\"6944\" data-end=\"6947\" \/>\n<h3 data-start=\"6949\" data-end=\"6983\"><strong data-start=\"6953\" data-end=\"6983\"><span dir=\"auto\" style=\"vertical-align: inherit;\"><span dir=\"auto\" style=\"vertical-align: inherit;\">S\u00e9curit\u00e9 et conformit\u00e9<\/span><\/span><\/strong><\/h3>\n<ul data-start=\"6985\" data-end=\"7435\">\n<li data-start=\"6985\" data-end=\"7079\">\n<p data-start=\"6987\" data-end=\"7079\"><strong data-start=\"6987\" data-end=\"7023\"><span dir=\"auto\" style=\"vertical-align: inherit;\"><span dir=\"auto\" style=\"vertical-align: inherit;\">R\u00e9serv\u00e9 \u00e0 un usage en laboratoire\u00a0:<\/span><\/span><\/strong><span dir=\"auto\" style=\"vertical-align: inherit;\"><span dir=\"auto\" style=\"vertical-align: inherit;\"> Non destin\u00e9 \u00e0 la consommation humaine ou animale.<\/span><\/span><\/p>\n<\/li>\n<li data-start=\"7080\" data-end=\"7205\">\n<p data-start=\"7082\" data-end=\"7205\"><strong data-start=\"7082\" data-end=\"7110\"><span dir=\"auto\" style=\"vertical-align: inherit;\"><span dir=\"auto\" style=\"vertical-align: inherit;\">Consid\u00e9rations juridiques :<\/span><\/span><\/strong><span dir=\"auto\" style=\"vertical-align: inherit;\"><span dir=\"auto\" style=\"vertical-align: inherit;\"> Le statut l\u00e9gal de l&#039;\u00e9tizolam varie selon les pays\u00a0; il est toujours conseill\u00e9 de v\u00e9rifier la l\u00e9gislation locale.<\/span><\/span><\/p>\n<\/li>\n<li data-start=\"7206\" data-end=\"7310\">\n<p data-start=\"7208\" data-end=\"7310\"><strong data-start=\"7208\" data-end=\"7236\"><span dir=\"auto\" style=\"vertical-align: inherit;\"><span dir=\"auto\" style=\"vertical-align: inherit;\">Sant\u00e9 et s\u00e9curit\u00e9 :<\/span><\/span><\/strong><span dir=\"auto\" style=\"vertical-align: inherit;\"><span dir=\"auto\" style=\"vertical-align: inherit;\"> \u00c9viter tout contact avec la peau et toute inhalation ; porter un \u00e9quipement de protection appropri\u00e9.<\/span><\/span><\/p>\n<\/li>\n<li data-start=\"7311\" data-end=\"7435\">\n<p data-start=\"7313\" data-end=\"7435\"><strong data-start=\"7313\" data-end=\"7330\"><span dir=\"auto\" style=\"vertical-align: inherit;\"><span dir=\"auto\" style=\"vertical-align: inherit;\">Documentation:<\/span><\/span><\/strong><span dir=\"auto\" style=\"vertical-align: inherit;\"><span dir=\"auto\" style=\"vertical-align: inherit;\"> UN <\/span><\/span><strong data-start=\"7335\" data-end=\"7371\"><span dir=\"auto\" style=\"vertical-align: inherit;\"><span dir=\"auto\" style=\"vertical-align: inherit;\">Fiche de donn\u00e9es de s\u00e9curit\u00e9 (FDS)<\/span><\/span><\/strong><span dir=\"auto\" style=\"vertical-align: inherit;\"><span dir=\"auto\" style=\"vertical-align: inherit;\"> et <\/span><\/span><strong data-start=\"7375\" data-end=\"7403\"><span dir=\"auto\" style=\"vertical-align: inherit;\"><span dir=\"auto\" style=\"vertical-align: inherit;\">Certificat d&#039;analyse (COA)<\/span><\/span><\/strong><span dir=\"auto\" style=\"vertical-align: inherit;\"><span dir=\"auto\" style=\"vertical-align: inherit;\"> sont disponibles sur demande.<\/span><\/span><\/p>\n<\/li>\n<\/ul>\n<hr data-start=\"7437\" data-end=\"7440\" \/>\n<h3 data-start=\"7442\" data-end=\"7477\"><strong data-start=\"7446\" data-end=\"7477\"><span dir=\"auto\" style=\"vertical-align: inherit;\"><span dir=\"auto\" style=\"vertical-align: inherit;\">Foire aux questions (FAQ)<\/span><\/span><\/strong><\/h3>\n<p data-start=\"7479\" data-end=\"7653\"><strong data-start=\"7479\" data-end=\"7539\"><span dir=\"auto\" style=\"vertical-align: inherit;\"><span dir=\"auto\" style=\"vertical-align: inherit;\">1. \u00c0 quoi servent les microgranules d&#039;\u00e9tizolam 1 mg ?<\/span><\/span><\/strong><br data-start=\"7539\" data-end=\"7542\" \/><span dir=\"auto\" style=\"vertical-align: inherit;\"><span dir=\"auto\" style=\"vertical-align: inherit;\"> Ils sont utilis\u00e9s comme <\/span><\/span><strong data-start=\"7565\" data-end=\"7588\"><span dir=\"auto\" style=\"vertical-align: inherit;\"><span dir=\"auto\" style=\"vertical-align: inherit;\">mat\u00e9riel de r\u00e9f\u00e9rence<\/span><\/span><\/strong><span dir=\"auto\" style=\"vertical-align: inherit;\"><span dir=\"auto\" style=\"vertical-align: inherit;\"> pour les m\u00e9thodes d&#039;\u00e9talonnage et d&#039;analyse dans les laboratoires m\u00e9dico-l\u00e9gaux.<\/span><\/span><\/p>\n<p data-start=\"7655\" data-end=\"7827\"><strong data-start=\"7655\" data-end=\"7716\"><span dir=\"auto\" style=\"vertical-align: inherit;\"><span dir=\"auto\" style=\"vertical-align: inherit;\">2. Ces granul\u00e9s sont-ils propres \u00e0 la consommation humaine ?<\/span><\/span><\/strong><br data-start=\"7716\" data-end=\"7719\" \/><span dir=\"auto\" style=\"vertical-align: inherit;\"><span dir=\"auto\" style=\"vertical-align: inherit;\"> Non. Ce produit est <\/span><\/span><strong data-start=\"7739\" data-end=\"7777\"><span dir=\"auto\" style=\"vertical-align: inherit;\"><span dir=\"auto\" style=\"vertical-align: inherit;\">\u00e0 des fins de recherche uniquement<\/span><\/span><\/strong><span dir=\"auto\" style=\"vertical-align: inherit;\"><span dir=\"auto\" style=\"vertical-align: inherit;\"> et <\/span><\/span><strong data-start=\"7781\" data-end=\"7824\"><span dir=\"auto\" style=\"vertical-align: inherit;\"><span dir=\"auto\" style=\"vertical-align: inherit;\">n&#039;est pas approuv\u00e9 pour l&#039;usage humain<\/span><\/span><\/strong><span dir=\"auto\" style=\"vertical-align: inherit;\"><span dir=\"auto\" style=\"vertical-align: inherit;\"> .<\/span><\/span><\/p>\n<p data-start=\"7829\" data-end=\"7972\"><strong data-start=\"7829\" data-end=\"7888\"><span dir=\"auto\" style=\"vertical-align: inherit;\"><span dir=\"auto\" style=\"vertical-align: inherit;\">3. Comment les microgranules d&#039;\u00e9tizolam doivent-elles \u00eatre conserv\u00e9es ?<\/span><\/span><\/strong><br data-start=\"7888\" data-end=\"7891\" \/><span dir=\"auto\" style=\"vertical-align: inherit;\"><span dir=\"auto\" style=\"vertical-align: inherit;\"> \u00c0 conserver dans un endroit frais, sec et \u00e0 l&#039;abri de la lumi\u00e8re, bien ferm\u00e9 et hors de port\u00e9e des personnes non autoris\u00e9es.<\/span><\/span><\/p>","protected":false},"excerpt":{"rendered":"<h2><span style=\"vertical-align: inherit;\"><span style=\"vertical-align: inherit;\"><span dir=\"auto\" style=\"vertical-align: inherit;\"><span dir=\"auto\" style=\"vertical-align: inherit;\"><span dir=\"auto\" style=\"vertical-align: inherit;\"><span dir=\"auto\" style=\"vertical-align: inherit;\">Etizolam micro pellets properties<\/span><\/span><\/span><\/span><\/span><\/span><\/h2>\n<p><strong><span style=\"vertical-align: inherit;\"><span style=\"vertical-align: inherit;\"><span dir=\"auto\" style=\"vertical-align: inherit;\"><span dir=\"auto\" style=\"vertical-align: inherit;\"><span dir=\"auto\" style=\"vertical-align: inherit;\"><span dir=\"auto\" style=\"vertical-align: inherit;\">Synonym<\/span><\/span><\/span><\/span><\/span><\/span><\/strong><span style=\"vertical-align: inherit;\"><span style=\"vertical-align: inherit;\"><span dir=\"auto\" style=\"vertical-align: inherit;\"><span dir=\"auto\" style=\"vertical-align: inherit;\"><span dir=\"auto\" style=\"vertical-align: inherit;\"><span dir=\"auto\" style=\"vertical-align: inherit;\"> : 4-(2-chlorophenyl)-2-ethyl-9-methyl-6H-thieno[3,2-f][1,2,4]triazolo[4,3-a][1,4]diazepine <\/span><\/span><\/span><\/span><\/span><\/span><br \/>\n<strong><span style=\"vertical-align: inherit;\"><span style=\"vertical-align: inherit;\"><span dir=\"auto\" style=\"vertical-align: inherit;\"><span dir=\"auto\" style=\"vertical-align: inherit;\"><span dir=\"auto\" style=\"vertical-align: inherit;\"><span dir=\"auto\" style=\"vertical-align: inherit;\">CAS Number<\/span><\/span><\/span><\/span><\/span><\/span><\/strong><span style=\"vertical-align: inherit;\"><span style=\"vertical-align: inherit;\"><span dir=\"auto\" style=\"vertical-align: inherit;\"><span dir=\"auto\" style=\"vertical-align: inherit;\"><span dir=\"auto\" style=\"vertical-align: inherit;\"><span dir=\"auto\" style=\"vertical-align: inherit;\"> : 40054-69-1 <\/span><\/span><\/span><\/span><\/span><\/span><br \/>\n<strong><span style=\"vertical-align: inherit;\"><span style=\"vertical-align: inherit;\"><span dir=\"auto\" style=\"vertical-align: inherit;\"><span dir=\"auto\" style=\"vertical-align: inherit;\"><span dir=\"auto\" style=\"vertical-align: inherit;\"><span dir=\"auto\" style=\"vertical-align: inherit;\">Formula<\/span><\/span><\/span><\/span><\/span><\/span><\/strong><span style=\"vertical-align: inherit;\"><span style=\"vertical-align: inherit;\"><span dir=\"auto\" style=\"vertical-align: inherit;\"><span dir=\"auto\" style=\"vertical-align: inherit;\"><span dir=\"auto\" style=\"vertical-align: inherit;\"><span dir=\"auto\" style=\"vertical-align: inherit;\"> : C17H15ClN4S <\/span><\/span><\/span><\/span><\/span><\/span><br \/>\n<strong><span style=\"vertical-align: inherit;\"><span style=\"vertical-align: inherit;\"><span dir=\"auto\" style=\"vertical-align: inherit;\"><span dir=\"auto\" style=\"vertical-align: inherit;\"><span dir=\"auto\" style=\"vertical-align: inherit;\"><span dir=\"auto\" style=\"vertical-align: inherit;\">Molar mass<\/span><\/span><\/span><\/span><\/span><\/span><\/strong><span style=\"vertical-align: inherit;\"><span style=\"vertical-align: inherit;\"><span dir=\"auto\" style=\"vertical-align: inherit;\"><span dir=\"auto\" style=\"vertical-align: inherit;\"><span dir=\"auto\" style=\"vertical-align: inherit;\"><span dir=\"auto\" style=\"vertical-align: inherit;\"> : 342.8 g\/mol <\/span><\/span><\/span><\/span><\/span><\/span><br \/>\n<strong><span style=\"vertical-align: inherit;\"><span style=\"vertical-align: inherit;\"><span dir=\"auto\" style=\"vertical-align: inherit;\"><span dir=\"auto\" style=\"vertical-align: inherit;\"><span dir=\"auto\" style=\"vertical-align: inherit;\"><span dir=\"auto\" style=\"vertical-align: inherit;\">Purity<\/span><\/span><\/span><\/span><\/span><\/span><\/strong><span style=\"vertical-align: inherit;\"><span style=\"vertical-align: inherit;\"><span dir=\"auto\" style=\"vertical-align: inherit;\"><span dir=\"auto\" style=\"vertical-align: inherit;\"><span dir=\"auto\" style=\"vertical-align: inherit;\"><span dir=\"auto\" style=\"vertical-align: inherit;\"> : \u2265 99%<\/span><\/span><\/span><\/span><\/span><\/span><\/p>\n","protected":false},"featured_media":29327,"comment_status":"closed","ping_status":"closed","template":"","meta":[],"product_brand":[],"product_cat":[488],"product_tag":[917,1130,1131,326],"class_list":{"0":"post-23694","1":"product","2":"type-product","3":"status-publish","4":"has-post-thumbnail","6":"product_cat-verboden","7":"product_tag-etizolam","8":"product_tag-etizolam-kopen","9":"product_tag-etizolams","10":"product_tag-nl","12":"first","13":"outofstock","14":"taxable","15":"shipping-taxable","16":"purchasable","17":"product-type-simple"},"_links":{"self":[{"href":"https:\/\/onderzoekschemicals.com\/fr\/wp-json\/wp\/v2\/product\/23694","targetHints":{"allow":["GET"]}}],"collection":[{"href":"https:\/\/onderzoekschemicals.com\/fr\/wp-json\/wp\/v2\/product"}],"about":[{"href":"https:\/\/onderzoekschemicals.com\/fr\/wp-json\/wp\/v2\/types\/product"}],"replies":[{"embeddable":true,"href":"https:\/\/onderzoekschemicals.com\/fr\/wp-json\/wp\/v2\/comments?post=23694"}],"version-history":[{"count":6,"href":"https:\/\/onderzoekschemicals.com\/fr\/wp-json\/wp\/v2\/product\/23694\/revisions"}],"predecessor-version":[{"id":28715,"href":"https:\/\/onderzoekschemicals.com\/fr\/wp-json\/wp\/v2\/product\/23694\/revisions\/28715"}],"wp:featuredmedia":[{"embeddable":true,"href":"https:\/\/onderzoekschemicals.com\/fr\/wp-json\/wp\/v2\/media\/29327"}],"wp:attachment":[{"href":"https:\/\/onderzoekschemicals.com\/fr\/wp-json\/wp\/v2\/media?parent=23694"}],"wp:term":[{"taxonomy":"product_brand","embeddable":true,"href":"https:\/\/onderzoekschemicals.com\/fr\/wp-json\/wp\/v2\/product_brand?post=23694"},{"taxonomy":"product_cat","embeddable":true,"href":"https:\/\/onderzoekschemicals.com\/fr\/wp-json\/wp\/v2\/product_cat?post=23694"},{"taxonomy":"product_tag","embeddable":true,"href":"https:\/\/onderzoekschemicals.com\/fr\/wp-json\/wp\/v2\/product_tag?post=23694"}],"curies":[{"name":"wp","href":"https:\/\/api.w.org\/{rel}","templated":true}]}}