{"id":23587,"date":"2025-04-13T17:40:01","date_gmt":"2025-04-13T17:40:01","guid":{"rendered":"https:\/\/onderzoekschemicals.com\/?post_type=product&#038;p=23587"},"modified":"2025-11-28T08:05:39","modified_gmt":"2025-11-28T08:05:39","slug":"2-fea-3","status":"publish","type":"product","link":"https:\/\/onderzoekschemicals.com\/fr\/shop\/bijna-verboden\/2-fea-3\/","title":{"rendered":"Granul\u00e9s 2\/3-FEA 40 MG\/120 MG"},"content":{"rendered":"<h3><strong><span dir=\"auto\" style=\"vertical-align: inherit;\"><span dir=\"auto\" style=\"vertical-align: inherit;\">2\/3-FEA 40 MG \/ 120 MG Pellets \u2013 Scientific Product Description<\/span><\/span><\/strong><\/h3>\n<p data-start=\"3981\" data-end=\"4200\"><strong data-start=\"3981\" data-end=\"4016\"><span dir=\"auto\" style=\"vertical-align: inherit;\"><span dir=\"auto\" style=\"vertical-align: inherit;\">2-FEA (2-Fluoroethylamphetamine)<\/span><\/span><\/strong><span dir=\"auto\" style=\"vertical-align: inherit;\"><span dir=\"auto\" style=\"vertical-align: inherit;\"> et <\/span><\/span><strong data-start=\"4020\" data-end=\"4055\"><span dir=\"auto\" style=\"vertical-align: inherit;\"><span dir=\"auto\" style=\"vertical-align: inherit;\">3-FEA (3-Fluoroethylamphetamine)<\/span><\/span><\/strong><span dir=\"auto\" style=\"vertical-align: inherit;\"><span dir=\"auto\" style=\"vertical-align: inherit;\"> Pellets are <\/span><\/span><strong data-start=\"4069\" data-end=\"4115\"><span dir=\"auto\" style=\"vertical-align: inherit;\"><span dir=\"auto\" style=\"vertical-align: inherit;\">high purity research compounds<\/span><\/span><\/strong><span dir=\"auto\" style=\"vertical-align: inherit;\"><span dir=\"auto\" style=\"vertical-align: inherit;\"> con\u00e7u pour <\/span><\/span><strong data-start=\"4132\" data-end=\"4197\"><span dir=\"auto\" style=\"vertical-align: inherit;\"><span dir=\"auto\" style=\"vertical-align: inherit;\">neurosciences, pharmacologie et recherche analytique<\/span><\/span><\/strong><span dir=\"auto\" style=\"vertical-align: inherit;\"><span dir=\"auto\" style=\"vertical-align: inherit;\"> . 2 fea<\/span><\/span><\/p>\n<p data-start=\"4202\" data-end=\"4469\"><span dir=\"auto\" style=\"vertical-align: inherit;\"><span dir=\"auto\" style=\"vertical-align: inherit;\">These fluorosubstitutions of amphetamine and methamphetamine are being investigated for their <\/span><\/span><strong data-start=\"4285\" data-end=\"4329\"><span dir=\"auto\" style=\"vertical-align: inherit;\"><span dir=\"auto\" style=\"vertical-align: inherit;\">effects on monoaminergic neurotransmission<\/span><\/span><\/strong><span dir=\"auto\" style=\"vertical-align: inherit;\"><span dir=\"auto\" style=\"vertical-align: inherit;\"> et <\/span><\/span><strong data-start=\"4333\" data-end=\"4370\"><span dir=\"auto\" style=\"vertical-align: inherit;\"><span dir=\"auto\" style=\"vertical-align: inherit;\">dopamine\/norepinephrine reuptake<\/span><\/span><\/strong><span dir=\"auto\" style=\"vertical-align: inherit;\"><span dir=\"auto\" style=\"vertical-align: inherit;\"> . The fluorosubstitution offers valuable insights into <\/span><\/span><strong data-start=\"4424\" data-end=\"4466\"><span dir=\"auto\" style=\"vertical-align: inherit;\"><span dir=\"auto\" style=\"vertical-align: inherit;\">relations structure-activit\u00e9 (SAR)<\/span><\/span><\/strong><span dir=\"auto\" style=\"vertical-align: inherit;\"><span dir=\"auto\" style=\"vertical-align: inherit;\"> .<\/span><\/span><\/p>\n<p data-start=\"4471\" data-end=\"4606\"><span dir=\"auto\" style=\"vertical-align: inherit;\"><span dir=\"auto\" style=\"vertical-align: inherit;\">Chaque pastille contient <\/span><\/span><strong data-start=\"4489\" data-end=\"4504\"><span dir=\"auto\" style=\"vertical-align: inherit;\"><span dir=\"auto\" style=\"vertical-align: inherit;\">40 mg de 2-FEA<\/span><\/span><\/strong><span dir=\"auto\" style=\"vertical-align: inherit;\"><span dir=\"auto\" style=\"vertical-align: inherit;\"> ou <\/span><\/span><strong data-start=\"4508\" data-end=\"4524\"><span dir=\"auto\" style=\"vertical-align: inherit;\"><span dir=\"auto\" style=\"vertical-align: inherit;\">120 mg de 3-FEA<\/span><\/span><\/strong><span dir=\"auto\" style=\"vertical-align: inherit;\"><span dir=\"auto\" style=\"vertical-align: inherit;\"> , carefully measured for accurate and reproducible research results.<\/span><\/span><\/p>\n<blockquote data-start=\"4608\" data-end=\"4754\">\n<p data-start=\"4610\" data-end=\"4754\">\u26a0\ufe0f <strong data-start=\"4613\" data-end=\"4624\"><span dir=\"auto\" style=\"vertical-align: inherit;\"><span dir=\"auto\" style=\"vertical-align: inherit;\">Veuillez noter:<\/span><\/span><\/strong><span dir=\"auto\" style=\"vertical-align: inherit;\"><span dir=\"auto\" style=\"vertical-align: inherit;\"> These connections are <\/span><\/span><strong data-start=\"4648\" data-end=\"4703\"><span dir=\"auto\" style=\"vertical-align: inherit;\"><span dir=\"auto\" style=\"vertical-align: inherit;\">for scientific research use only<\/span><\/span><\/strong><span dir=\"auto\" style=\"vertical-align: inherit;\"><span dir=\"auto\" style=\"vertical-align: inherit;\"> et <\/span><\/span><strong data-start=\"4707\" data-end=\"4751\"><span dir=\"auto\" style=\"vertical-align: inherit;\"><span dir=\"auto\" style=\"vertical-align: inherit;\">ne sont pas propres \u00e0 la consommation humaine<\/span><\/span><\/strong><span dir=\"auto\" style=\"vertical-align: inherit;\"><span dir=\"auto\" style=\"vertical-align: inherit;\"> .<\/span><\/span><\/p>\n<\/blockquote>\n<hr data-start=\"4756\" data-end=\"4759\" \/>\n<h3 data-start=\"4761\" data-end=\"4792\"><strong data-start=\"4765\" data-end=\"4792\"><span dir=\"auto\" style=\"vertical-align: inherit;\"><span dir=\"auto\" style=\"vertical-align: inherit;\">Caract\u00e9ristiques principales<\/span><\/span><\/strong><\/h3>\n<ul data-start=\"4793\" data-end=\"5227\">\n<li data-start=\"4793\" data-end=\"4877\">\n<p data-start=\"4795\" data-end=\"4877\"><strong data-start=\"4795\" data-end=\"4821\"><span dir=\"auto\" style=\"vertical-align: inherit;\"><span dir=\"auto\" style=\"vertical-align: inherit;\">Haute puret\u00e9 (\u226599%)<\/span><\/span><\/strong><span dir=\"auto\" style=\"vertical-align: inherit;\"><span dir=\"auto\" style=\"vertical-align: inherit;\"> \u2013 Laboratory tested for identity and consistency.<\/span><\/span><\/p>\n<\/li>\n<li data-start=\"4878\" data-end=\"4969\">\n<p data-start=\"4880\" data-end=\"4969\"><strong data-start=\"4880\" data-end=\"4921\"><span dir=\"auto\" style=\"vertical-align: inherit;\"><span dir=\"auto\" style=\"vertical-align: inherit;\">Precise Dosage (40 MG \/ 120 MG)<\/span><\/span><\/strong><span dir=\"auto\" style=\"vertical-align: inherit;\"><span dir=\"auto\" style=\"vertical-align: inherit;\"> \u2013 For reliable and repeatable results.<\/span><\/span><\/p>\n<\/li>\n<li data-start=\"4970\" data-end=\"5059\">\n<p data-start=\"4972\" data-end=\"5059\"><strong data-start=\"4972\" data-end=\"4998\"><span dir=\"auto\" style=\"vertical-align: inherit;\"><span dir=\"auto\" style=\"vertical-align: inherit;\">Improved Stability<\/span><\/span><\/strong><span dir=\"auto\" style=\"vertical-align: inherit;\"><span dir=\"auto\" style=\"vertical-align: inherit;\"> \u2013 Pellet form extends shelf life and prevents degradation.<\/span><\/span><\/p>\n<\/li>\n<li data-start=\"5060\" data-end=\"5142\">\n<p data-start=\"5062\" data-end=\"5142\"><strong data-start=\"5062\" data-end=\"5087\"><span dir=\"auto\" style=\"vertical-align: inherit;\"><span dir=\"auto\" style=\"vertical-align: inherit;\">Fabrication conforme aux BPF<\/span><\/span><\/strong><span dir=\"auto\" style=\"vertical-align: inherit;\"><span dir=\"auto\" style=\"vertical-align: inherit;\"> \u2013 Guaranteed quality for research purposes.<\/span><\/span><\/p>\n<\/li>\n<li data-start=\"5143\" data-end=\"5227\">\n<p data-start=\"5145\" data-end=\"5227\"><strong data-start=\"5145\" data-end=\"5167\"><span dir=\"auto\" style=\"vertical-align: inherit;\"><span dir=\"auto\" style=\"vertical-align: inherit;\">Emballage s\u00e9curis\u00e9<\/span><\/span><\/strong><span dir=\"auto\" style=\"vertical-align: inherit;\"><span dir=\"auto\" style=\"vertical-align: inherit;\"> \u2013 Airtight and moisture resistant for maximum protection.<\/span><\/span><\/p>\n<\/li>\n<\/ul>\n<hr data-start=\"5229\" data-end=\"5232\" \/>\n<h3 data-start=\"5234\" data-end=\"5251\"><strong data-start=\"5238\" data-end=\"5251\"><span dir=\"auto\" style=\"vertical-align: inherit;\"><span dir=\"auto\" style=\"vertical-align: inherit;\">Avantages<\/span><\/span><\/strong><\/h3>\n<ul data-start=\"5252\" data-end=\"5503\">\n<li data-start=\"5252\" data-end=\"5324\">\n<p data-start=\"5254\" data-end=\"5324\"><span dir=\"auto\" style=\"vertical-align: inherit;\"><span dir=\"auto\" style=\"vertical-align: inherit;\">Convient pour <\/span><\/span><strong data-start=\"5268\" data-end=\"5321\"><span dir=\"auto\" style=\"vertical-align: inherit;\"><span dir=\"auto\" style=\"vertical-align: inherit;\">pharmacological and neuroscientific research<\/span><\/span><\/strong><span dir=\"auto\" style=\"vertical-align: inherit;\"><span dir=\"auto\" style=\"vertical-align: inherit;\"> .<\/span><\/span><\/p>\n<\/li>\n<li data-start=\"5325\" data-end=\"5389\">\n<p data-start=\"5327\" data-end=\"5389\"><strong data-start=\"5327\" data-end=\"5351\"><span dir=\"auto\" style=\"vertical-align: inherit;\"><span dir=\"auto\" style=\"vertical-align: inherit;\">Dosage pr\u00e9cis<\/span><\/span><\/strong><span dir=\"auto\" style=\"vertical-align: inherit;\"><span dir=\"auto\" style=\"vertical-align: inherit;\"> and reliable reproducibility. 2 fea<\/span><\/span><\/p>\n<\/li>\n<li data-start=\"5390\" data-end=\"5450\">\n<p data-start=\"5392\" data-end=\"5450\"><span dir=\"auto\" style=\"vertical-align: inherit;\"><span dir=\"auto\" style=\"vertical-align: inherit;\">Soutient <\/span><\/span><strong data-start=\"5404\" data-end=\"5447\"><span dir=\"auto\" style=\"vertical-align: inherit;\"><span dir=\"auto\" style=\"vertical-align: inherit;\">research into fluoramphetamine analogs<\/span><\/span><\/strong><span dir=\"auto\" style=\"vertical-align: inherit;\"><span dir=\"auto\" style=\"vertical-align: inherit;\"> .<\/span><\/span><\/p>\n<\/li>\n<li data-start=\"5451\" data-end=\"5503\">\n<p data-start=\"5453\" data-end=\"5503\"><strong data-start=\"5453\" data-end=\"5478\"><span dir=\"auto\" style=\"vertical-align: inherit;\"><span dir=\"auto\" style=\"vertical-align: inherit;\">Easy to handle<\/span><\/span><\/strong><span dir=\"auto\" style=\"vertical-align: inherit;\"><span dir=\"auto\" style=\"vertical-align: inherit;\"> and safe to store.<\/span><\/span><\/p>\n<\/li>\n<\/ul>\n<hr data-start=\"5505\" data-end=\"5508\" \/>\n<h3 data-start=\"5510\" data-end=\"5525\"><strong data-start=\"5514\" data-end=\"5525\"><span dir=\"auto\" style=\"vertical-align: inherit;\"><span dir=\"auto\" style=\"vertical-align: inherit;\">Usage<\/span><\/span><\/strong><\/h3>\n<ul data-start=\"5526\" data-end=\"5807\">\n<li data-start=\"5526\" data-end=\"5596\">\n<p data-start=\"5528\" data-end=\"5596\"><span dir=\"auto\" style=\"vertical-align: inherit;\"><span dir=\"auto\" style=\"vertical-align: inherit;\">\u00c0 utiliser par <\/span><\/span><strong data-start=\"5553\" data-end=\"5593\"><span dir=\"auto\" style=\"vertical-align: inherit;\"><span dir=\"auto\" style=\"vertical-align: inherit;\">personnel de laboratoire qualifi\u00e9<\/span><\/span><\/strong><span dir=\"auto\" style=\"vertical-align: inherit;\"><span dir=\"auto\" style=\"vertical-align: inherit;\"> seulement .<\/span><\/span><\/p>\n<\/li>\n<li data-start=\"5597\" data-end=\"5671\">\n<p data-start=\"5599\" data-end=\"5671\"><span dir=\"auto\" style=\"vertical-align: inherit;\"><span dir=\"auto\" style=\"vertical-align: inherit;\">Portez une tenue appropri\u00e9e <\/span><\/span><strong data-start=\"5615\" data-end=\"5639\"><span dir=\"auto\" style=\"vertical-align: inherit;\"><span dir=\"auto\" style=\"vertical-align: inherit;\">\u00e9quipement de protection<\/span><\/span><\/strong><span dir=\"auto\" style=\"vertical-align: inherit;\"><span dir=\"auto\" style=\"vertical-align: inherit;\"> (gants, lunettes de protection, blouse de laboratoire).<\/span><\/span><\/p>\n<\/li>\n<li data-start=\"5672\" data-end=\"5748\">\n<p data-start=\"5674\" data-end=\"5748\"><span dir=\"auto\" style=\"vertical-align: inherit;\"><span dir=\"auto\" style=\"vertical-align: inherit;\">Conserver dans un <\/span><\/span><strong data-start=\"5689\" data-end=\"5712\"><span dir=\"auto\" style=\"vertical-align: inherit;\"><span dir=\"auto\" style=\"vertical-align: inherit;\">endroit frais et sec<\/span><\/span><\/strong><span dir=\"auto\" style=\"vertical-align: inherit;\"><span dir=\"auto\" style=\"vertical-align: inherit;\"> , \u00e0 l&#039;abri de la lumi\u00e8re et de l&#039;humidit\u00e9.<\/span><\/span><\/p>\n<\/li>\n<li data-start=\"5749\" data-end=\"5807\">\n<p data-start=\"5751\" data-end=\"5807\"><span dir=\"auto\" style=\"vertical-align: inherit;\"><span dir=\"auto\" style=\"vertical-align: inherit;\">Ne convient pas \u00e0 la consommation humaine ou animale.<\/span><\/span><\/p>\n<\/li>\n<\/ul>\n<hr data-start=\"5809\" data-end=\"5812\" \/>\n<h3 data-start=\"5814\" data-end=\"5849\"><strong data-start=\"5818\" data-end=\"5849\"><span dir=\"auto\" style=\"vertical-align: inherit;\"><span dir=\"auto\" style=\"vertical-align: inherit;\">Foire aux questions (FAQ)<\/span><\/span><\/strong><\/h3>\n<p data-start=\"5851\" data-end=\"6023\"><strong data-start=\"5851\" data-end=\"5898\"><span dir=\"auto\" style=\"vertical-align: inherit;\"><span dir=\"auto\" style=\"vertical-align: inherit;\">1. What are 2-FEA and 3-FEA used for?<\/span><\/span><\/strong><br data-start=\"5898\" data-end=\"5901\" \/><span dir=\"auto\" style=\"vertical-align: inherit;\"><span dir=\"auto\" style=\"vertical-align: inherit;\"> They are used in <\/span><\/span><strong data-start=\"5925\" data-end=\"5978\"><span dir=\"auto\" style=\"vertical-align: inherit;\"><span dir=\"auto\" style=\"vertical-align: inherit;\">neuroscientific and pharmacological research<\/span><\/span><\/strong><span dir=\"auto\" style=\"vertical-align: inherit;\"><span dir=\"auto\" style=\"vertical-align: inherit;\"> on stimulants and monoaminergic systems.<\/span><\/span><\/p>\n<p data-start=\"6025\" data-end=\"6210\"><strong data-start=\"6025\" data-end=\"6082\"><span dir=\"auto\" style=\"vertical-align: inherit;\"><span dir=\"auto\" style=\"vertical-align: inherit;\">2. Are 2-FEA and 3-FEA safe for human use?<\/span><\/span><\/strong><br data-start=\"6082\" data-end=\"6085\" \/><span dir=\"auto\" style=\"vertical-align: inherit;\"><span dir=\"auto\" style=\"vertical-align: inherit;\"> Non. Ces produits sont <\/span><\/span><strong data-start=\"6110\" data-end=\"6160\"><span dir=\"auto\" style=\"vertical-align: inherit;\"><span dir=\"auto\" style=\"vertical-align: inherit;\">destin\u00e9 uniquement \u00e0 la recherche en laboratoire<\/span><\/span><\/strong><span dir=\"auto\" style=\"vertical-align: inherit;\"><span dir=\"auto\" style=\"vertical-align: inherit;\"> and are not approved for human consumption.<\/span><\/span><\/p>\n<p data-start=\"6212\" data-end=\"6384\"><strong data-start=\"6212\" data-end=\"6267\"><span dir=\"auto\" style=\"vertical-align: inherit;\"><span dir=\"auto\" style=\"vertical-align: inherit;\">3. How should 2-FEA\/3-FEA Pellets be stored?<\/span><\/span><\/strong><br data-start=\"6267\" data-end=\"6270\" \/><span dir=\"auto\" style=\"vertical-align: inherit;\"><span dir=\"auto\" style=\"vertical-align: inherit;\"> Conserver dans un <\/span><\/span><strong data-start=\"6285\" data-end=\"6315\"><span dir=\"auto\" style=\"vertical-align: inherit;\"><span dir=\"auto\" style=\"vertical-align: inherit;\">r\u00e9cipient herm\u00e9tiquement ferm\u00e9<\/span><\/span><\/strong><span dir=\"auto\" style=\"vertical-align: inherit;\"><span dir=\"auto\" style=\"vertical-align: inherit;\"> at room temperature (15\u201325\u00b0C), protected from moisture and sunlight.<\/span><\/span><\/p>","protected":false},"excerpt":{"rendered":"<p><span style=\"color: #ff6600;\"><strong><span style=\"vertical-align: inherit;\"><span style=\"vertical-align: inherit;\"><span dir=\"auto\" style=\"vertical-align: inherit;\"><span dir=\"auto\" style=\"vertical-align: inherit;\">Remplac\u00e9 par des granul\u00e9s Newphoria 2\/3-FEA &gt;&gt;<\/span><\/span><\/span><\/span><\/strong><\/span><\/p>","protected":false},"featured_media":29173,"comment_status":"closed","ping_status":"closed","template":"","meta":[],"product_brand":[],"product_cat":[322,333,324],"product_tag":[655,1149,1148,660,326],"class_list":{"0":"post-23587","1":"product","2":"type-product","3":"status-publish","4":"has-post-thumbnail","6":"product_cat-bijna-verboden","7":"product_cat-gefluoreerden","8":"product_cat-pellets-for-pellet","9":"product_tag-2-fea","10":"product_tag-2-fea-kopen","11":"product_tag-3-fea-kopen","12":"product_tag-3-fea","13":"product_tag-nl","15":"first","16":"instock","17":"taxable","18":"shipping-taxable","19":"purchasable","20":"product-type-variable"},"_links":{"self":[{"href":"https:\/\/onderzoekschemicals.com\/fr\/wp-json\/wp\/v2\/product\/23587","targetHints":{"allow":["GET"]}}],"collection":[{"href":"https:\/\/onderzoekschemicals.com\/fr\/wp-json\/wp\/v2\/product"}],"about":[{"href":"https:\/\/onderzoekschemicals.com\/fr\/wp-json\/wp\/v2\/types\/product"}],"replies":[{"embeddable":true,"href":"https:\/\/onderzoekschemicals.com\/fr\/wp-json\/wp\/v2\/comments?post=23587"}],"version-history":[{"count":6,"href":"https:\/\/onderzoekschemicals.com\/fr\/wp-json\/wp\/v2\/product\/23587\/revisions"}],"predecessor-version":[{"id":28727,"href":"https:\/\/onderzoekschemicals.com\/fr\/wp-json\/wp\/v2\/product\/23587\/revisions\/28727"}],"wp:featuredmedia":[{"embeddable":true,"href":"https:\/\/onderzoekschemicals.com\/fr\/wp-json\/wp\/v2\/media\/29173"}],"wp:attachment":[{"href":"https:\/\/onderzoekschemicals.com\/fr\/wp-json\/wp\/v2\/media?parent=23587"}],"wp:term":[{"taxonomy":"product_brand","embeddable":true,"href":"https:\/\/onderzoekschemicals.com\/fr\/wp-json\/wp\/v2\/product_brand?post=23587"},{"taxonomy":"product_cat","embeddable":true,"href":"https:\/\/onderzoekschemicals.com\/fr\/wp-json\/wp\/v2\/product_cat?post=23587"},{"taxonomy":"product_tag","embeddable":true,"href":"https:\/\/onderzoekschemicals.com\/fr\/wp-json\/wp\/v2\/product_tag?post=23587"}],"curies":[{"name":"wp","href":"https:\/\/api.w.org\/{rel}","templated":true}]}}