{"id":23586,"date":"2025-04-13T17:40:01","date_gmt":"2025-04-13T17:40:01","guid":{"rendered":"https:\/\/onderzoekschemicals.com\/?post_type=product&#038;p=23586"},"modified":"2025-11-28T08:04:53","modified_gmt":"2025-11-28T08:04:53","slug":"3-mmc-kopen","status":"publish","type":"product","link":"https:\/\/onderzoekschemicals.com\/fr\/shop\/verboden\/3-mmc-kopen\/","title":{"rendered":"Granul\u00e9s de 3-MMC 200 mg"},"content":{"rendered":"<h2><span data-sheets-value=\"{\" data-sheets-userformat=\"{\"><strong>Granul\u00e9s de 3-MMC 200 mg<\/strong> <\/span><\/h2>\n<p data-start=\"3909\" data-end=\"4072\"><strong data-start=\"3909\" data-end=\"3942\">3-MMC (3-m\u00e9thylm\u00e9thcathinone)<\/strong> Les granul\u00e9s de 200 MG sont <strong data-start=\"3963\" data-end=\"4009\">compos\u00e9s de recherche de haute puret\u00e9<\/strong>, d\u00e9velopp\u00e9 pour <strong data-start=\"4027\" data-end=\"4069\">recherche pharmacologique et analytique<\/strong>. <span class=\"___SBox_epc1q-ko_ ___SText_zko9t-ko_\" data-ui-name=\"Link.Text\">Acheter 3mmc<\/span><\/p>\n<p data-start=\"4074\" data-end=\"4296\">En tant qu&#039;analogue structurel de <strong data-start=\"4103\" data-end=\"4125\">m\u00e9ph\u00e9drone (4-MMC)<\/strong> La 3-MMC est souvent \u00e9tudi\u00e9e dans les \u00e9tudes sur <strong data-start=\"4170\" data-end=\"4190\">neurotransmission<\/strong>, <strong data-start=\"4192\" data-end=\"4231\">transporteurs de dopamine et de s\u00e9rotonine<\/strong> et <strong data-start=\"4235\" data-end=\"4277\">relations structure-activit\u00e9 (SAR)<\/strong> de stimulants.<\/p>\n<p data-start=\"4298\" data-end=\"4435\">Chaque pastille contient <strong data-start=\"4316\" data-end=\"4340\">200 mg de 3-MMC pur<\/strong>, soigneusement mesur\u00e9 pour des r\u00e9sultats de recherche fiables, coh\u00e9rents et reproductibles.<\/p>\n<blockquote data-start=\"4437\" data-end=\"4575\">\n<p data-start=\"4439\" data-end=\"4575\">\u26a0\ufe0f <strong data-start=\"4442\" data-end=\"4453\">NB:<\/strong> Ce produit est <strong data-start=\"4469\" data-end=\"4524\">destin\u00e9 uniquement \u00e0 la recherche scientifique<\/strong> et <strong data-start=\"4528\" data-end=\"4572\">impropre \u00e0 la consommation humaine<\/strong>.<\/p>\n<\/blockquote>\n<hr data-start=\"4577\" data-end=\"4580\" \/>\n<h3 data-start=\"4582\" data-end=\"4613\"><strong data-start=\"4586\" data-end=\"4613\">Caract\u00e9ristiques principales<\/strong><\/h3>\n<ul data-start=\"4614\" data-end=\"5034\">\n<li data-start=\"4614\" data-end=\"4697\">\n<p data-start=\"4616\" data-end=\"4697\"><strong data-start=\"4616\" data-end=\"4642\">Haute puret\u00e9 (\u226599%)<\/strong> \u2013 Test\u00e9 en laboratoire pour l\u2019identit\u00e9 et la composition.<\/p>\n<\/li>\n<li data-start=\"4698\" data-end=\"4787\">\n<p data-start=\"4700\" data-end=\"4787\"><strong data-start=\"4700\" data-end=\"4744\">Dosage pr\u00e9cis (200 mg par pastille)<\/strong> \u2013 Assure des r\u00e9sultats reproductibles.<\/p>\n<\/li>\n<li data-start=\"4788\" data-end=\"4861\">\n<p data-start=\"4790\" data-end=\"4861\"><strong data-start=\"4790\" data-end=\"4816\">Stabilit\u00e9 am\u00e9lior\u00e9e<\/strong> \u2013 La forme de granul\u00e9s emp\u00eache la d\u00e9gradation et l\u2019oxydation.<\/p>\n<\/li>\n<li data-start=\"4862\" data-end=\"4941\">\n<p data-start=\"4864\" data-end=\"4941\"><strong data-start=\"4864\" data-end=\"4898\">Contr\u00f4le de qualit\u00e9 fiable<\/strong> \u2013 Fabriqu\u00e9 selon des normes de type GMP.<\/p>\n<\/li>\n<li data-start=\"4942\" data-end=\"5034\">\n<p data-start=\"4944\" data-end=\"5034\"><strong data-start=\"4944\" data-end=\"4966\">Emballage s\u00fbr<\/strong> \u2013 Emballage herm\u00e9tique et r\u00e9sistant \u00e0 l\u2019humidit\u00e9 pour une protection maximale. <span class=\"___SBox_epc1q-ko_ ___SText_zko9t-ko_\" data-ui-name=\"Link.Text\">Acheter 3mmc<\/span><\/p>\n<\/li>\n<\/ul>\n<hr data-start=\"5036\" data-end=\"5039\" \/>\n<h3 data-start=\"5041\" data-end=\"5058\"><strong data-start=\"5045\" data-end=\"5058\">Avantages<\/strong><\/h3>\n<ul data-start=\"5059\" data-end=\"5344\">\n<li data-start=\"5059\" data-end=\"5135\">\n<p data-start=\"5061\" data-end=\"5135\">Pr\u00e9voit <strong data-start=\"5072\" data-end=\"5096\">dosage pr\u00e9cis<\/strong> et des r\u00e9sultats de recherche fiables.<\/p>\n<\/li>\n<li data-start=\"5136\" data-end=\"5212\">\n<p data-start=\"5138\" data-end=\"5212\">Convient pour <strong data-start=\"5152\" data-end=\"5209\">recherche sur les cathinones et les syst\u00e8mes de neurotransmetteurs<\/strong>.<\/p>\n<\/li>\n<li data-start=\"5213\" data-end=\"5266\">\n<p data-start=\"5215\" data-end=\"5266\"><strong data-start=\"5215\" data-end=\"5242\">Dur\u00e9e de conservation am\u00e9lior\u00e9e<\/strong> et un rangement facile.<\/p>\n<\/li>\n<li data-start=\"5267\" data-end=\"5344\">\n<p data-start=\"5269\" data-end=\"5344\">Simple et s\u00fbr \u00e0 manipuler dans des environnements de laboratoire contr\u00f4l\u00e9s.<\/p>\n<\/li>\n<\/ul>\n<hr data-start=\"5346\" data-end=\"5349\" \/>\n<h3 data-start=\"5351\" data-end=\"5366\"><strong data-start=\"5355\" data-end=\"5366\">Usage<\/strong><\/h3>\n<ul data-start=\"5367\" data-end=\"5652\">\n<li data-start=\"5367\" data-end=\"5437\">\n<p data-start=\"5369\" data-end=\"5437\">R\u00e9serv\u00e9 \u00e0 l&#039;usage exclusif de <strong data-start=\"5394\" data-end=\"5434\">personnel de laboratoire qualifi\u00e9<\/strong>.<\/p>\n<\/li>\n<li data-start=\"5438\" data-end=\"5514\">\n<p data-start=\"5440\" data-end=\"5514\">Utiliser convenablement <strong data-start=\"5458\" data-end=\"5482\">\u00e9quipement de protection<\/strong> (gants, lunettes, blouse de laboratoire).<\/p>\n<\/li>\n<li data-start=\"5515\" data-end=\"5593\">\n<p data-start=\"5517\" data-end=\"5593\">\u00c9conomisez sur un <strong data-start=\"5532\" data-end=\"5555\">endroit frais et sec<\/strong>, \u00e0 l&#039;abri du soleil et de l&#039;humidit\u00e9.<\/p>\n<\/li>\n<li data-start=\"5594\" data-end=\"5652\">\n<p data-start=\"5596\" data-end=\"5652\">Ne convient pas \u00e0 la consommation humaine ou animale.<\/p>\n<\/li>\n<\/ul>\n<hr data-start=\"5654\" data-end=\"5657\" \/>\n<h3 data-start=\"5659\" data-end=\"5694\"><strong data-start=\"5663\" data-end=\"5694\">Foire aux questions (FAQ)<\/strong><\/h3>\n<p data-start=\"5696\" data-end=\"5859\"><strong data-start=\"5696\" data-end=\"5733\">1. \u00c0 quoi sert le 3-MMC ?<\/strong><br data-start=\"5733\" data-end=\"5736\" \/>Le 3-MMC est utilis\u00e9 pour <strong data-start=\"5762\" data-end=\"5807\">recherche pharmacologique et neurochimique<\/strong> aux stimulants et aux transporteurs de neurotransmetteurs.<\/p>\n<p data-start=\"5861\" data-end=\"6038\"><strong data-start=\"5861\" data-end=\"5916\">2. Le 3-MMC 200 MG convient-il \u00e0 l\u2019usage humain ?<\/strong><br data-start=\"5916\" data-end=\"5919\" \/>Non. Ce produit est <strong data-start=\"5939\" data-end=\"5988\">destin\u00e9 \u00e0 des fins de recherche uniquement<\/strong> et non approuv\u00e9 pour la consommation humaine.<\/p>\n<p data-start=\"6040\" data-end=\"6208\"><strong data-start=\"6040\" data-end=\"6084\">3. Comment conserver le 3-MMC 200 MG ?<\/strong><br data-start=\"6084\" data-end=\"6087\" \/>Conserver dans un <strong data-start=\"6102\" data-end=\"6132\">emballage bien scell\u00e9<\/strong> \u00e0 temp\u00e9rature ambiante (15\u201325\u00b0C), \u00e0 l\u2019abri de l\u2019humidit\u00e9 et de la lumi\u00e8re directe du soleil.<\/p>","protected":false},"excerpt":{"rendered":"<h2><span data-sheets-value=\"{\" data-sheets-userformat=\"{\">Pastilles de 3-MMC <\/span> propri\u00e9t\u00e9s<\/h2>\n<p><strong>Synonyme<\/strong>: 2-(m\u00e9thylamino)-1-(3-m\u00e9thylph\u00e9nyl)-1-propanone, monochlorhydrate<br \/>\n<strong>Num\u00e9ro CAS<\/strong>: 1246816-62-5<br \/>\n<strong>Formule<\/strong>: C11h15NO \u2022 HCL<br \/>\n<strong>Masse molaire<\/strong>: 213,7<br \/>\n<strong>Puret\u00e9<\/strong>: \u226599%<\/p>","protected":false},"featured_media":29443,"comment_status":"closed","ping_status":"closed","template":"","meta":[],"product_brand":[],"product_cat":[488],"product_tag":[1147,930,326],"class_list":{"0":"post-23586","1":"product","2":"type-product","3":"status-publish","4":"has-post-thumbnail","6":"product_cat-verboden","7":"product_tag-3-mmc","8":"product_tag-3-mmc-kopen","9":"product_tag-nl","11":"first","12":"outofstock","13":"taxable","14":"shipping-taxable","15":"purchasable","16":"product-type-simple"},"_links":{"self":[{"href":"https:\/\/onderzoekschemicals.com\/fr\/wp-json\/wp\/v2\/product\/23586","targetHints":{"allow":["GET"]}}],"collection":[{"href":"https:\/\/onderzoekschemicals.com\/fr\/wp-json\/wp\/v2\/product"}],"about":[{"href":"https:\/\/onderzoekschemicals.com\/fr\/wp-json\/wp\/v2\/types\/product"}],"replies":[{"embeddable":true,"href":"https:\/\/onderzoekschemicals.com\/fr\/wp-json\/wp\/v2\/comments?post=23586"}],"version-history":[{"count":5,"href":"https:\/\/onderzoekschemicals.com\/fr\/wp-json\/wp\/v2\/product\/23586\/revisions"}],"predecessor-version":[{"id":27999,"href":"https:\/\/onderzoekschemicals.com\/fr\/wp-json\/wp\/v2\/product\/23586\/revisions\/27999"}],"wp:featuredmedia":[{"embeddable":true,"href":"https:\/\/onderzoekschemicals.com\/fr\/wp-json\/wp\/v2\/media\/29443"}],"wp:attachment":[{"href":"https:\/\/onderzoekschemicals.com\/fr\/wp-json\/wp\/v2\/media?parent=23586"}],"wp:term":[{"taxonomy":"product_brand","embeddable":true,"href":"https:\/\/onderzoekschemicals.com\/fr\/wp-json\/wp\/v2\/product_brand?post=23586"},{"taxonomy":"product_cat","embeddable":true,"href":"https:\/\/onderzoekschemicals.com\/fr\/wp-json\/wp\/v2\/product_cat?post=23586"},{"taxonomy":"product_tag","embeddable":true,"href":"https:\/\/onderzoekschemicals.com\/fr\/wp-json\/wp\/v2\/product_tag?post=23586"}],"curies":[{"name":"wp","href":"https:\/\/api.w.org\/{rel}","templated":true}]}}