{"id":23553,"date":"2025-04-13T17:39:57","date_gmt":"2025-04-13T17:39:57","guid":{"rendered":"https:\/\/onderzoekschemicals.com\/?post_type=product&#038;p=23553"},"modified":"2025-10-19T11:02:03","modified_gmt":"2025-10-19T11:02:03","slug":"1b-lsd-l-tartrate-puur","status":"publish","type":"product","link":"https:\/\/onderzoekschemicals.com\/fr\/shop\/1b-lsd\/1b-lsd-l-tartrate-puur\/","title":{"rendered":"1B-LSD L-tartrate pur"},"content":{"rendered":"<h1><strong><span dir=\"auto\" style=\"vertical-align: inherit;\"><span dir=\"auto\" style=\"vertical-align: inherit;\">1B-LSD L-Tartrate pur \u2013 Lysergamide de haute qualit\u00e9 pour la recherche scientifique<\/span><\/span><\/strong><\/h1>\n<p data-start=\"3884\" data-end=\"4079\"><strong data-start=\"3884\" data-end=\"3955\">1B-LSD L-tartrate (1-butanoyl-lysergique acide di\u00e9thylamide L-tartrate)<\/strong> est un <strong data-start=\"3963\" data-end=\"4005\">compos\u00e9 de recherche de haute puret\u00e9<\/strong>, d\u00e9velopp\u00e9 pour <strong data-start=\"4023\" data-end=\"4076\">recherche neuroscientifique et pharmacologique<\/strong>. 1b lsd<\/p>\n<p data-start=\"4081\" data-end=\"4423\">Si <strong data-start=\"4085\" data-end=\"4145\">analogue structurel du LSD (di\u00e9thylamide de l&#039;acide lysergique)<\/strong> contient du 1B-LSD a <strong data-start=\"4163\" data-end=\"4180\">groupe butanoyle<\/strong> \u00e0 l&#039;azote indole. Ce l\u00e9ger changement rend le compos\u00e9 particuli\u00e8rement pr\u00e9cieux pour <strong data-start=\"4271\" data-end=\"4312\">relation structure-activit\u00e9 (SAR)<\/strong>-faire des recherches <strong data-start=\"4326\" data-end=\"4353\">\u00e9tudes de liaison aux r\u00e9cepteurs<\/strong>, visant particuli\u00e8rement les <strong data-start=\"4379\" data-end=\"4420\">syst\u00e8me s\u00e9rotoninergique (r\u00e9cepteurs 5-HT2A)<\/strong>.<\/p>\n<p data-start=\"4425\" data-end=\"4616\">Le <strong data-start=\"4428\" data-end=\"4450\">forme de sel de L-tartrate<\/strong> augmente la <strong data-start=\"4463\" data-end=\"4519\">stabilit\u00e9 chimique, solubilit\u00e9 et dur\u00e9e de conservation<\/strong>, ce qui rend ce produit id\u00e9al pour une utilisation \u00e0 long terme dans des environnements de laboratoire contr\u00f4l\u00e9s.<\/p>\n<blockquote data-start=\"4618\" data-end=\"4756\">\n<p data-start=\"4620\" data-end=\"4756\">\u26a0\ufe0f <strong data-start=\"4623\" data-end=\"4634\">NB:<\/strong> Ce produit est <strong data-start=\"4650\" data-end=\"4705\">destin\u00e9 uniquement \u00e0 la recherche scientifique<\/strong> et <strong data-start=\"4709\" data-end=\"4753\">impropre \u00e0 la consommation humaine<\/strong>.<\/p>\n<\/blockquote>\n<hr data-start=\"4758\" data-end=\"4761\" \/>\n<h3 data-start=\"4763\" data-end=\"4794\"><strong data-start=\"4767\" data-end=\"4794\">Caract\u00e9ristiques principales<\/strong><\/h3>\n<ul data-start=\"4795\" data-end=\"5219\">\n<li data-start=\"4795\" data-end=\"4893\">\n<p data-start=\"4797\" data-end=\"4893\"><strong data-start=\"4797\" data-end=\"4823\">Haute puret\u00e9 (\u226599%)<\/strong> \u2013 Test\u00e9 en laboratoire pour l\u2019identit\u00e9, la stabilit\u00e9 et la composition.<\/p>\n<\/li>\n<li data-start=\"4894\" data-end=\"4979\">\n<p data-start=\"4896\" data-end=\"4979\"><strong data-start=\"4896\" data-end=\"4927\">Forme saline stable de L-tartrate<\/strong> \u2013 Augmente la dur\u00e9e de conservation et l\u2019int\u00e9grit\u00e9 chimique.<\/p>\n<\/li>\n<li data-start=\"4980\" data-end=\"5060\">\n<p data-start=\"4982\" data-end=\"5060\"><strong data-start=\"4982\" data-end=\"5014\">Lysergamide de niveau recherche<\/strong> \u2013 Convient \u00e0 la recherche sur les r\u00e9cepteurs et les SAR.<\/p>\n<\/li>\n<li data-start=\"5061\" data-end=\"5138\">\n<p data-start=\"5063\" data-end=\"5138\"><strong data-start=\"5063\" data-end=\"5088\">Production de type GMP<\/strong> \u2013 Qualit\u00e9 et reproductibilit\u00e9 constantes.<\/p>\n<\/li>\n<li data-start=\"5139\" data-end=\"5219\">\n<p data-start=\"5141\" data-end=\"5219\"><strong data-start=\"5141\" data-end=\"5163\">Emballage s\u00fbr<\/strong> \u2013 Herm\u00e9tique et \u00e9tanche \u00e0 la lumi\u00e8re pour une protection optimale.<\/p>\n<\/li>\n<\/ul>\n<hr data-start=\"5221\" data-end=\"5224\" \/>\n<h3 data-start=\"5226\" data-end=\"5243\"><strong data-start=\"5230\" data-end=\"5243\">Avantages<\/strong><\/h3>\n<ul data-start=\"5244\" data-end=\"5538\">\n<li data-start=\"5244\" data-end=\"5327\">\n<p data-start=\"5246\" data-end=\"5327\">Convient pour <strong data-start=\"5260\" data-end=\"5324\">recherche sur les r\u00e9cepteurs de la s\u00e9rotonine et les analogues du lysergamide<\/strong>.<\/p>\n<\/li>\n<li data-start=\"5328\" data-end=\"5399\">\n<p data-start=\"5330\" data-end=\"5399\">Pr\u00e9voit <strong data-start=\"5341\" data-end=\"5396\">r\u00e9sultats de recherche pr\u00e9cis et reproductibles<\/strong>.<\/p>\n<\/li>\n<li data-start=\"5400\" data-end=\"5463\">\n<p data-start=\"5402\" data-end=\"5463\"><strong data-start=\"5402\" data-end=\"5428\">Stabilit\u00e9 am\u00e9lior\u00e9e<\/strong> par rapport aux formes de base libre.<\/p>\n<\/li>\n<li data-start=\"5464\" data-end=\"5538\">\n<p data-start=\"5466\" data-end=\"5538\">Id\u00e9al pour <strong data-start=\"5478\" data-end=\"5535\">recherche analytique, neurochimique et pharmacologique<\/strong>.<\/p>\n<\/li>\n<\/ul>\n<hr data-start=\"5540\" data-end=\"5543\" \/>\n<h3 data-start=\"5545\" data-end=\"5560\"><strong data-start=\"5549\" data-end=\"5560\">Usage<\/strong><\/h3>\n<ul data-start=\"5561\" data-end=\"5832\">\n<li data-start=\"5561\" data-end=\"5631\">\n<p data-start=\"5563\" data-end=\"5631\">R\u00e9serv\u00e9 \u00e0 l&#039;usage exclusif de <strong data-start=\"5588\" data-end=\"5628\">personnel de laboratoire qualifi\u00e9<\/strong>.<\/p>\n<\/li>\n<li data-start=\"5632\" data-end=\"5708\">\n<p data-start=\"5634\" data-end=\"5708\">Utiliser convenablement <strong data-start=\"5652\" data-end=\"5676\">\u00e9quipement de protection<\/strong> (gants, lunettes, blouse de laboratoire). 1b LSD<\/p>\n<\/li>\n<li data-start=\"5709\" data-end=\"5773\">\n<p data-start=\"5711\" data-end=\"5773\">\u00c9conomisez sur un <strong data-start=\"5726\" data-end=\"5760\">endroit frais, sec et sombre<\/strong> (15\u201325\u00b0C).<\/p>\n<\/li>\n<li data-start=\"5774\" data-end=\"5832\">\n<p data-start=\"5776\" data-end=\"5832\">Ne convient pas \u00e0 la consommation humaine ou animale.<\/p>\n<\/li>\n<\/ul>\n<hr data-start=\"5834\" data-end=\"5837\" \/>\n<h3 data-start=\"5839\" data-end=\"5874\"><strong data-start=\"5843\" data-end=\"5874\">Foire aux questions (FAQ)<\/strong><\/h3>\n<p data-start=\"5876\" data-end=\"6073\"><strong data-start=\"5876\" data-end=\"5925\">1. \u00c0 quoi sert le 1B-LSD L-tartrate ?<\/strong><br data-start=\"5925\" data-end=\"5928\" \/>Le L-tartrate de 1B-LSD est utilis\u00e9 pour <strong data-start=\"5966\" data-end=\"6019\">recherche neuroscientifique et pharmacologique<\/strong> aux analogues du lysergamide et aux r\u00e9cepteurs de la s\u00e9rotonine.<\/p>\n<p data-start=\"6075\" data-end=\"6255\"><strong data-start=\"6075\" data-end=\"6133\">2. Le L-tartrate de 1B-LSD est-il sans danger pour l\u2019homme ?<\/strong><br data-start=\"6133\" data-end=\"6136\" \/>Non. Ce produit est <strong data-start=\"6156\" data-end=\"6205\">destin\u00e9 \u00e0 des fins de recherche uniquement<\/strong> et non approuv\u00e9 pour la consommation humaine.<\/p>\n<p data-start=\"6257\" data-end=\"6432\"><strong data-start=\"6257\" data-end=\"6306\">3. Comment conserver le L-tartrate de 1B-LSD ?<\/strong><br data-start=\"6306\" data-end=\"6309\" \/>Conserver dans un <strong data-start=\"6324\" data-end=\"6366\">emballage bien ferm\u00e9 et sans humidit\u00e9<\/strong> \u00e0 temp\u00e9rature ambiante (15\u201325\u00b0C), \u00e0 l\u2019abri de la lumi\u00e8re et de l\u2019humidit\u00e9.<\/p>","protected":false},"excerpt":{"rendered":"<h3><span style=\"vertical-align: inherit;\"><span style=\"vertical-align: inherit;\"><span dir=\"auto\" style=\"vertical-align: inherit;\"><span dir=\"auto\" style=\"vertical-align: inherit;\">Propri\u00e9t\u00e9s du L-tartrate de 1B-LSD<\/span><\/span><\/span><\/span><\/h3>\n<p><strong><span style=\"vertical-align: inherit;\"><span style=\"vertical-align: inherit;\"><span dir=\"auto\" style=\"vertical-align: inherit;\"><span dir=\"auto\" style=\"vertical-align: inherit;\">Synonyme:<\/span><\/span><\/span><\/span><\/strong><span style=\"vertical-align: inherit;\"><span style=\"vertical-align: inherit;\"><span dir=\"auto\" style=\"vertical-align: inherit;\"><span dir=\"auto\" style=\"vertical-align: inherit;\"> h\u00e9mi-L-tartrate de di\u00e9thylamide de l&#039;acide 1-butanoyl-lysergique, BLSD <\/span><\/span><\/span><\/span><br \/>\n<strong><span style=\"vertical-align: inherit;\"><span style=\"vertical-align: inherit;\"><span dir=\"auto\" style=\"vertical-align: inherit;\"><span dir=\"auto\" style=\"vertical-align: inherit;\">Num\u00e9ro CAS :<\/span><\/span><\/span><\/span><\/strong><span style=\"vertical-align: inherit;\"><span style=\"vertical-align: inherit;\"><span dir=\"auto\" style=\"vertical-align: inherit;\"><span dir=\"auto\" style=\"vertical-align: inherit;\"> 2349376-12-9 <\/span><\/span><\/span><\/span><br \/>\n<strong><span style=\"vertical-align: inherit;\"><span style=\"vertical-align: inherit;\"><span dir=\"auto\" style=\"vertical-align: inherit;\"><span dir=\"auto\" style=\"vertical-align: inherit;\">Formule:<\/span><\/span><\/span><\/span><\/strong><span style=\"vertical-align: inherit;\"><span style=\"vertical-align: inherit;\"><span dir=\"auto\" style=\"vertical-align: inherit;\"><span dir=\"auto\" style=\"vertical-align: inherit;\"> (8\u03b2)-1-butanoyl-N,N-di\u00e9thyl-6-m\u00e9thyl-9,10-did\u00e9shydroergoline-8-carboxamide h\u00e9mi-L-tartrate <\/span><\/span><\/span><\/span><br \/>\n<strong><span style=\"vertical-align: inherit;\"><span style=\"vertical-align: inherit;\"><span dir=\"auto\" style=\"vertical-align: inherit;\"><span dir=\"auto\" style=\"vertical-align: inherit;\">Masse molaire :<\/span><\/span><\/span><\/span><\/strong><span style=\"vertical-align: inherit;\"><span style=\"vertical-align: inherit;\"><span dir=\"auto\" style=\"vertical-align: inherit;\"><span dir=\"auto\" style=\"vertical-align: inherit;\"> 468,5 g\/mol <\/span><\/span><\/span><\/span><br \/>\n<strong><span style=\"vertical-align: inherit;\"><span style=\"vertical-align: inherit;\"><span dir=\"auto\" style=\"vertical-align: inherit;\"><span dir=\"auto\" style=\"vertical-align: inherit;\">Puret\u00e9:<\/span><\/span><\/span><\/span><\/strong><span style=\"vertical-align: inherit;\"><span style=\"vertical-align: inherit;\"><span dir=\"auto\" style=\"vertical-align: inherit;\"><span dir=\"auto\" style=\"vertical-align: inherit;\"> &gt;97%<\/span><\/span><\/span><\/span><\/p>","protected":false},"featured_media":20447,"comment_status":"closed","ping_status":"closed","template":"","meta":[],"product_brand":[],"product_cat":[530,358],"product_tag":[1153,923,326],"class_list":{"0":"post-23553","1":"product","2":"type-product","3":"status-publish","4":"has-post-thumbnail","6":"product_cat-1b-lsd","7":"product_cat-lysergamides","8":"product_tag-1b-lsd-kopen","9":"product_tag-1b-lsd","10":"product_tag-nl","12":"first","13":"instock","14":"taxable","15":"shipping-taxable","16":"purchasable","17":"product-type-variable"},"_links":{"self":[{"href":"https:\/\/onderzoekschemicals.com\/fr\/wp-json\/wp\/v2\/product\/23553","targetHints":{"allow":["GET"]}}],"collection":[{"href":"https:\/\/onderzoekschemicals.com\/fr\/wp-json\/wp\/v2\/product"}],"about":[{"href":"https:\/\/onderzoekschemicals.com\/fr\/wp-json\/wp\/v2\/types\/product"}],"replies":[{"embeddable":true,"href":"https:\/\/onderzoekschemicals.com\/fr\/wp-json\/wp\/v2\/comments?post=23553"}],"version-history":[{"count":4,"href":"https:\/\/onderzoekschemicals.com\/fr\/wp-json\/wp\/v2\/product\/23553\/revisions"}],"predecessor-version":[{"id":28013,"href":"https:\/\/onderzoekschemicals.com\/fr\/wp-json\/wp\/v2\/product\/23553\/revisions\/28013"}],"wp:featuredmedia":[{"embeddable":true,"href":"https:\/\/onderzoekschemicals.com\/fr\/wp-json\/wp\/v2\/media\/20447"}],"wp:attachment":[{"href":"https:\/\/onderzoekschemicals.com\/fr\/wp-json\/wp\/v2\/media?parent=23553"}],"wp:term":[{"taxonomy":"product_brand","embeddable":true,"href":"https:\/\/onderzoekschemicals.com\/fr\/wp-json\/wp\/v2\/product_brand?post=23553"},{"taxonomy":"product_cat","embeddable":true,"href":"https:\/\/onderzoekschemicals.com\/fr\/wp-json\/wp\/v2\/product_cat?post=23553"},{"taxonomy":"product_tag","embeddable":true,"href":"https:\/\/onderzoekschemicals.com\/fr\/wp-json\/wp\/v2\/product_tag?post=23553"}],"curies":[{"name":"wp","href":"https:\/\/api.w.org\/{rel}","templated":true}]}}