{"id":26138,"date":"2025-10-20T01:31:18","date_gmt":"2025-10-20T01:31:18","guid":{"rendered":"https:\/\/onderzoekschemicals.com\/?post_type=product&#038;p=26138"},"modified":"2025-10-21T05:55:10","modified_gmt":"2025-10-21T05:55:10","slug":"iboga-capsules","status":"publish","type":"product","link":"https:\/\/onderzoekschemicals.com\/fi\/shop\/iboga-ibogaine\/iboga-capsules\/","title":{"rendered":"Iboga-kapselit"},"content":{"rendered":"<h2>Osta Iboga-kapseleita<\/h2>\n<p>Iboga viittaa psykoaktiiviseen yhdisteeseen, jota saadaan ibogaiinialkaloidia sis\u00e4lt\u00e4vist\u00e4 kasveista. Pelk\u00e4st\u00e4\u00e4n Gabonissa on lukuisia kasveja, jotka sis\u00e4lt\u00e4v\u00e4t t\u00e4t\u00e4 alkaloidia. T\u00e4rkein l\u00e4hde on kuitenkin Tabernanthe Iboga -kasvi. N\u00e4m\u00e4 kasvit kasvavat viidakon pohjalla L\u00e4nsi-Keski-Afrikan syrj\u00e4isill\u00e4 alueilla, kuten Kamerunissa, Kongon tasavallassa ja<a href=\"https:\/\/legalerfuhrerschein.com\/\" target=\"_blank\" rel=\"noopener\">,<\/a> Angola ja tietenkin Gabon, kasvin fyysinen ja henkinen koti. Osta iboga-kapseleita<\/p>\n<p>Kasvin juuren kuori sis\u00e4lt\u00e4\u00e4 psykoaktiivisia alkaloideja. Irrottamalla juuren kuoren saamme tuoretta, sy\u00f6t\u00e4v\u00e4\u00e4, voimakasta, ikivanhaa ja parantavaa... <a href=\"https:\/\/ibogainerehabilitation.com\/\" target=\"_blank\" rel=\"noopener\">iboga<\/a>Juuren kuoren nauttimisen j\u00e4lkeen koehenkil\u00f6t kokevat unenomaisen tietoisuuden tilan alkamisen. Matkan aikana voi (tai ei v\u00e4ltt\u00e4m\u00e4tt\u00e4) kohdata eksistentiaalisia l\u00f6yt\u00f6j\u00e4, kristallinkirkkaita n\u00e4kyj\u00e4, muistojen palautumista ja lukemattomia muita ihania asioita. Kuten riippuvuus, masennus, ihosairaudet, kehon pieneneminen ja henkinen her\u00e4\u00e4minen.<\/p>","protected":false},"excerpt":{"rendered":"<p>Osta Iboga-kapseleita Iboga viittaa psykoaktiiviseen yhdisteeseen, jota saadaan ibogaiinialkaloidia sis\u00e4lt\u00e4vist\u00e4 kasveista. Pelk\u00e4st\u00e4\u00e4n Gabonissa<\/p>","protected":false},"featured_media":26151,"comment_status":"closed","ping_status":"closed","template":"","meta":[],"product_brand":[],"product_cat":[908],"product_tag":[],"class_list":{"0":"post-26138","1":"product","2":"type-product","3":"status-publish","4":"has-post-thumbnail","6":"product_cat-iboga-ibogaine","8":"first","9":"instock","10":"taxable","11":"shipping-taxable","12":"purchasable","13":"product-type-variable"},"_links":{"self":[{"href":"https:\/\/onderzoekschemicals.com\/fi\/wp-json\/wp\/v2\/product\/26138","targetHints":{"allow":["GET"]}}],"collection":[{"href":"https:\/\/onderzoekschemicals.com\/fi\/wp-json\/wp\/v2\/product"}],"about":[{"href":"https:\/\/onderzoekschemicals.com\/fi\/wp-json\/wp\/v2\/types\/product"}],"replies":[{"embeddable":true,"href":"https:\/\/onderzoekschemicals.com\/fi\/wp-json\/wp\/v2\/comments?post=26138"}],"version-history":[{"count":1,"href":"https:\/\/onderzoekschemicals.com\/fi\/wp-json\/wp\/v2\/product\/26138\/revisions"}],"predecessor-version":[{"id":26152,"href":"https:\/\/onderzoekschemicals.com\/fi\/wp-json\/wp\/v2\/product\/26138\/revisions\/26152"}],"wp:featuredmedia":[{"embeddable":true,"href":"https:\/\/onderzoekschemicals.com\/fi\/wp-json\/wp\/v2\/media\/26151"}],"wp:attachment":[{"href":"https:\/\/onderzoekschemicals.com\/fi\/wp-json\/wp\/v2\/media?parent=26138"}],"wp:term":[{"taxonomy":"product_brand","embeddable":true,"href":"https:\/\/onderzoekschemicals.com\/fi\/wp-json\/wp\/v2\/product_brand?post=26138"},{"taxonomy":"product_cat","embeddable":true,"href":"https:\/\/onderzoekschemicals.com\/fi\/wp-json\/wp\/v2\/product_cat?post=26138"},{"taxonomy":"product_tag","embeddable":true,"href":"https:\/\/onderzoekschemicals.com\/fi\/wp-json\/wp\/v2\/product_tag?post=26138"}],"curies":[{"name":"wp","href":"https:\/\/api.w.org\/{rel}","templated":true}]}}