{"id":24859,"date":"2025-10-20T17:43:28","date_gmt":"2025-10-20T17:43:28","guid":{"rendered":"https:\/\/onderzoekschemicals.com\/?post_type=product&#038;p=24859"},"modified":"2025-11-28T04:08:01","modified_gmt":"2025-11-28T04:08:01","slug":"o-pce-10mg-pellets","status":"publish","type":"product","link":"https:\/\/onderzoekschemicals.com\/fi\/shop\/arylcyclohexylamine\/o-pce-10mg-pellets\/","title":{"rendered":"O-PCE 10 mg -pelletit"},"content":{"rendered":"<ul>\n<li>\n<h3 data-start=\"4189\" data-end=\"4208\"><strong data-start=\"4193\" data-end=\"4208\"><span dir=\"auto\" style=\"vertical-align: inherit;\"><span dir=\"auto\" style=\"vertical-align: inherit;\">Johdanto<\/span><\/span><\/strong><\/h3>\n<p data-start=\"4209\" data-end=\"4475\"><span dir=\"auto\" style=\"vertical-align: inherit;\"><span dir=\"auto\" style=\"vertical-align: inherit;\">Meid\u00e4n <\/span><\/span><strong data-start=\"4214\" data-end=\"4241\"><span dir=\"auto\" style=\"vertical-align: inherit;\"><span dir=\"auto\" style=\"vertical-align: inherit;\">10 mg tutkimuspellettej\u00e4<\/span><\/span><\/strong><span dir=\"auto\" style=\"vertical-align: inherit;\"><span dir=\"auto\" style=\"vertical-align: inherit;\"> on suunniteltu k\u00e4ytett\u00e4v\u00e4ksi <\/span><\/span><strong data-start=\"4274\" data-end=\"4331\"><span dir=\"auto\" style=\"vertical-align: inherit;\"><span dir=\"auto\" style=\"vertical-align: inherit;\">tieteellinen, analyyttinen ja laboratoriotutkimus<\/span><\/span><\/strong><span dir=\"auto\" style=\"vertical-align: inherit;\"><span dir=\"auto\" style=\"vertical-align: inherit;\"> . <\/span><\/span><br data-start=\"4332\" data-end=\"4335\" \/><span dir=\"auto\" style=\"vertical-align: inherit;\"><span dir=\"auto\" style=\"vertical-align: inherit;\">Jokainen pelletti on valmistettu <\/span><\/span><strong data-start=\"4366\" data-end=\"4400\"><span dir=\"auto\" style=\"vertical-align: inherit;\"><span dir=\"auto\" style=\"vertical-align: inherit;\">tarkkuus ja johdonmukaisuus<\/span><\/span><\/strong><span dir=\"auto\" style=\"vertical-align: inherit;\"><span dir=\"auto\" style=\"vertical-align: inherit;\"> , varmistaen luotettavat ja toistettavat tulokset. O-PCE<\/span><\/span><\/p>\n<p data-start=\"4477\" data-end=\"4721\"><span dir=\"auto\" style=\"vertical-align: inherit;\"><span dir=\"auto\" style=\"vertical-align: inherit;\">Valmistettu <\/span><\/span><strong data-start=\"4496\" data-end=\"4526\"><span dir=\"auto\" style=\"vertical-align: inherit;\"><span dir=\"auto\" style=\"vertical-align: inherit;\">tiukka laadunvalvonta<\/span><\/span><\/strong><span dir=\"auto\" style=\"vertical-align: inherit;\"><span dir=\"auto\" style=\"vertical-align: inherit;\"> , n\u00e4m\u00e4 pelletit sopivat erinomaisesti <\/span><\/span><strong data-start=\"4558\" data-end=\"4619\"><span dir=\"auto\" style=\"vertical-align: inherit;\"><span dir=\"auto\" style=\"vertical-align: inherit;\">kemiallinen analyysi, kalibrointi ja rikostekniset sovellukset<\/span><\/span><\/strong><span dir=\"auto\" style=\"vertical-align: inherit;\"><span dir=\"auto\" style=\"vertical-align: inherit;\"> Ne on muotoiltu siten, ett\u00e4 <\/span><span dir=\"auto\" style=\"vertical-align: inherit;\">yll\u00e4pit\u00e4\u00e4 <\/span><\/span><strong data-start=\"4645\" data-end=\"4686\"><span dir=\"auto\" style=\"vertical-align: inherit;\"><span dir=\"auto\" style=\"vertical-align: inherit;\">puhtaus, stabiilius ja suorituskyky oikein s\u00e4ilytettyn\u00e4.<\/span><\/span><\/strong><\/p>\n<blockquote data-start=\"4722\" data-end=\"4832\">\n<p data-start=\"4724\" data-end=\"4832\">\u26a0\ufe0f <strong data-start=\"4727\" data-end=\"4832\"><span dir=\"auto\" style=\"vertical-align: inherit;\"><span dir=\"auto\" style=\"vertical-align: inherit;\">Vain tutkimusk\u00e4ytt\u00f6\u00f6n. Ei sovellu ihmisten tai el\u00e4inten ravinnoksi.<\/span><\/span><\/strong><\/p>\n<\/blockquote>\n<hr data-start=\"4834\" data-end=\"4837\" \/>\n<h3 data-start=\"4839\" data-end=\"4870\"><strong data-start=\"4843\" data-end=\"4870\"><span dir=\"auto\" style=\"vertical-align: inherit;\"><span dir=\"auto\" style=\"vertical-align: inherit;\">T\u00e4rkeimm\u00e4t ominaisuudet<\/span><\/span><\/strong><\/h3>\n<ul data-start=\"4871\" data-end=\"5378\">\n<li data-start=\"4871\" data-end=\"4956\">\n<p data-start=\"4873\" data-end=\"4956\"><strong data-start=\"4873\" data-end=\"4899\"><span dir=\"auto\" style=\"vertical-align: inherit;\"><span dir=\"auto\" style=\"vertical-align: inherit;\">Korkea puhtausaste (\u226599%)<\/span><\/span><\/strong><span dir=\"auto\" style=\"vertical-align: inherit;\"><span dir=\"auto\" style=\"vertical-align: inherit;\"> \u2013 Testattu itsen\u00e4isesti akkreditoiduissa laboratorioissa.<\/span><\/span><\/p>\n<\/li>\n<li data-start=\"4957\" data-end=\"5046\">\n<p data-start=\"4959\" data-end=\"5046\"><strong data-start=\"4959\" data-end=\"5001\"><span dir=\"auto\" style=\"vertical-align: inherit;\"><span dir=\"auto\" style=\"vertical-align: inherit;\">Tarkka annostus tai 10 mg per pelletti<\/span><\/span><\/strong><span dir=\"auto\" style=\"vertical-align: inherit;\"><span dir=\"auto\" style=\"vertical-align: inherit;\"> \u2013 Tarkkojen analyyttisten tulosten saamiseksi.<\/span><\/span><\/p>\n<\/li>\n<li data-start=\"5047\" data-end=\"5119\">\n<p data-start=\"5049\" data-end=\"5119\"><strong data-start=\"5049\" data-end=\"5075\"><span dir=\"auto\" style=\"vertical-align: inherit;\"><span dir=\"auto\" style=\"vertical-align: inherit;\">Vakaa kaava<\/span><\/span><\/strong><span dir=\"auto\" style=\"vertical-align: inherit;\"><span dir=\"auto\" style=\"vertical-align: inherit;\"> \u2013 Suunniteltu pitk\u00e4kestoiseen s\u00e4ilyvyyteen.<\/span><\/span><\/p>\n<\/li>\n<li data-start=\"5120\" data-end=\"5210\">\n<p data-start=\"5122\" data-end=\"5210\"><strong data-start=\"5122\" data-end=\"5150\"><span dir=\"auto\" style=\"vertical-align: inherit;\"><span dir=\"auto\" style=\"vertical-align: inherit;\">Hallittu tuotanto<\/span><\/span><\/strong><span dir=\"auto\" style=\"vertical-align: inherit;\"><span dir=\"auto\" style=\"vertical-align: inherit;\"> \u2013 Valmistettu kansainv\u00e4listen laboratoriostandardien mukaisesti.<\/span><\/span><\/p>\n<\/li>\n<li data-start=\"5211\" data-end=\"5284\">\n<p data-start=\"5213\" data-end=\"5284\"><strong data-start=\"5213\" data-end=\"5248\"><span dir=\"auto\" style=\"vertical-align: inherit;\"><span dir=\"auto\" style=\"vertical-align: inherit;\">Turvallinen, ilmatiivis pakkaus<\/span><\/span><\/strong><span dir=\"auto\" style=\"vertical-align: inherit;\"><span dir=\"auto\" style=\"vertical-align: inherit;\"> \u2013 Suojaa valolta ja kosteudelta.<\/span><\/span><\/p>\n<\/li>\n<li data-start=\"5285\" data-end=\"5378\">\n<p data-start=\"5287\" data-end=\"5378\"><strong data-start=\"5287\" data-end=\"5320\"><span dir=\"auto\" style=\"vertical-align: inherit;\"><span dir=\"auto\" style=\"vertical-align: inherit;\">Vain tutkimusk\u00e4ytt\u00f6\u00f6n<\/span><\/span><\/strong><span dir=\"auto\" style=\"vertical-align: inherit;\"><span dir=\"auto\" style=\"vertical-align: inherit;\"> \u2013 Tarkoitettu ammatillisiin ja akateemisiin tarkoituksiin. O-PCE<\/span><\/span><\/p>\n<\/li>\n<\/ul>\n<hr data-start=\"5380\" data-end=\"5383\" \/>\n<h3 data-start=\"5385\" data-end=\"5402\"><strong data-start=\"5389\" data-end=\"5402\"><span dir=\"auto\" style=\"vertical-align: inherit;\"><span dir=\"auto\" style=\"vertical-align: inherit;\">Edut<\/span><\/span><\/strong><\/h3>\n<ul data-start=\"5403\" data-end=\"5835\">\n<li data-start=\"5403\" data-end=\"5487\">\n<p data-start=\"5405\" data-end=\"5487\"><strong data-start=\"5405\" data-end=\"5441\"><span dir=\"auto\" style=\"vertical-align: inherit;\"><span dir=\"auto\" style=\"vertical-align: inherit;\">Luotettavat tutkimustulokset<\/span><\/span><\/strong><span dir=\"auto\" style=\"vertical-align: inherit;\"><span dir=\"auto\" style=\"vertical-align: inherit;\"> \u2013 Yhdenmukaisen ja toistettavan datan saamiseksi.<\/span><\/span><\/p>\n<\/li>\n<li data-start=\"5488\" data-end=\"5561\">\n<p data-start=\"5490\" data-end=\"5561\"><strong data-start=\"5490\" data-end=\"5511\"><span dir=\"auto\" style=\"vertical-align: inherit;\"><span dir=\"auto\" style=\"vertical-align: inherit;\">Pitk\u00e4 vakaus<\/span><\/span><\/strong><span dir=\"auto\" style=\"vertical-align: inherit;\"><span dir=\"auto\" style=\"vertical-align: inherit;\"> \u2013 S\u00e4ilytt\u00e4\u00e4 kemiallisen koostumuksensa varastoinnin aikana.<\/span><\/span><\/p>\n<\/li>\n<li data-start=\"5562\" data-end=\"5643\">\n<p data-start=\"5564\" data-end=\"5643\"><strong data-start=\"5564\" data-end=\"5597\"><span dir=\"auto\" style=\"vertical-align: inherit;\"><span dir=\"auto\" style=\"vertical-align: inherit;\">Laboratoriossa testattu laatu<\/span><\/span><\/strong><span dir=\"auto\" style=\"vertical-align: inherit;\"><span dir=\"auto\" style=\"vertical-align: inherit;\"> \u2013 T\u00e4ytt\u00e4\u00e4 analyyttiset laatustandardit.<\/span><\/span><\/p>\n<\/li>\n<li data-start=\"5644\" data-end=\"5740\">\n<p data-start=\"5646\" data-end=\"5740\"><strong data-start=\"5646\" data-end=\"5675\"><span dir=\"auto\" style=\"vertical-align: inherit;\"><span dir=\"auto\" style=\"vertical-align: inherit;\">K\u00e4ytt\u00e4j\u00e4yst\u00e4v\u00e4llinen lomake<\/span><\/span><\/strong><span dir=\"auto\" style=\"vertical-align: inherit;\"><span dir=\"auto\" style=\"vertical-align: inherit;\"> \u2013 Pelletit varmistavat turvallisen annostelun ja v\u00e4hent\u00e4v\u00e4t kontaminaatiota.<\/span><\/span><\/p>\n<\/li>\n<li data-start=\"5741\" data-end=\"5835\">\n<p data-start=\"5743\" data-end=\"5835\"><strong data-start=\"5743\" data-end=\"5780\"><span dir=\"auto\" style=\"vertical-align: inherit;\"><span dir=\"auto\" style=\"vertical-align: inherit;\">Eettisesti ja laillisesti tuotettu<\/span><\/span><\/strong><span dir=\"auto\" style=\"vertical-align: inherit;\"><span dir=\"auto\" style=\"vertical-align: inherit;\"> \u2013 Kansainv\u00e4listen ohjeiden mukaisesti.<\/span><\/span><\/p>\n<\/li>\n<\/ul>\n<hr data-start=\"5837\" data-end=\"5840\" \/>\n<h3 data-start=\"5842\" data-end=\"5857\"><strong data-start=\"5846\" data-end=\"5857\"><span dir=\"auto\" style=\"vertical-align: inherit;\"><span dir=\"auto\" style=\"vertical-align: inherit;\">K\u00e4ytt\u00f6<\/span><\/span><\/strong><\/h3>\n<ol data-start=\"5858\" data-end=\"6273\">\n<li data-start=\"5858\" data-end=\"5959\">\n<p data-start=\"5861\" data-end=\"5959\"><strong data-start=\"5861\" data-end=\"5896\"><span dir=\"auto\" style=\"vertical-align: inherit;\"><span dir=\"auto\" style=\"vertical-align: inherit;\">Vain laboratoriok\u00e4ytt\u00f6\u00f6n<\/span><\/span><\/strong><span dir=\"auto\" style=\"vertical-align: inherit;\"><span dir=\"auto\" style=\"vertical-align: inherit;\"> \u2013 K\u00e4yt\u00e4 ainoastaan akkreditoiduissa tutkimuslaitoksissa.<\/span><\/span><\/p>\n<\/li>\n<li data-start=\"5960\" data-end=\"6027\">\n<p data-start=\"5963\" data-end=\"6027\"><strong data-start=\"5963\" data-end=\"5973\"><span dir=\"auto\" style=\"vertical-align: inherit;\"><span dir=\"auto\" style=\"vertical-align: inherit;\">S\u00e4ilytys<\/span><\/span><\/strong><span dir=\"auto\" style=\"vertical-align: inherit;\"><span dir=\"auto\" style=\"vertical-align: inherit;\"> \u2013 S\u00e4ilyt\u00e4 <\/span><\/span><strong data-start=\"5990\" data-end=\"6024\"><span dir=\"auto\" style=\"vertical-align: inherit;\"><span dir=\"auto\" style=\"vertical-align: inherit;\">viile\u00e4ss\u00e4, kuivassa ja pime\u00e4ss\u00e4 paikassa<\/span><\/span><\/strong><span dir=\"auto\" style=\"vertical-align: inherit;\"><span dir=\"auto\" style=\"vertical-align: inherit;\"> .<\/span><\/span><\/p>\n<\/li>\n<li data-start=\"6028\" data-end=\"6115\">\n<p data-start=\"6031\" data-end=\"6115\"><strong data-start=\"6031\" data-end=\"6048\"><span dir=\"auto\" style=\"vertical-align: inherit;\"><span dir=\"auto\" style=\"vertical-align: inherit;\">Ty\u00f6skentele turvallisesti<\/span><\/span><\/strong><span dir=\"auto\" style=\"vertical-align: inherit;\"><span dir=\"auto\" style=\"vertical-align: inherit;\"> \u2013 K\u00e4yt\u00e4 suojak\u00e4sineit\u00e4, suojalaseja ja suojavaatetusta.<\/span><\/span><\/p>\n<\/li>\n<li data-start=\"6116\" data-end=\"6183\">\n<p data-start=\"6119\" data-end=\"6183\"><strong data-start=\"6119\" data-end=\"6131\"><span dir=\"auto\" style=\"vertical-align: inherit;\"><span dir=\"auto\" style=\"vertical-align: inherit;\">Mittaukset<\/span><\/span><\/strong><span dir=\"auto\" style=\"vertical-align: inherit;\"><span dir=\"auto\" style=\"vertical-align: inherit;\"> \u2013 K\u00e4yt\u00e4 kalibroituja laboratoriolaitteita.<\/span><\/span><\/p>\n<\/li>\n<li data-start=\"6184\" data-end=\"6273\">\n<p data-start=\"6187\" data-end=\"6273\"><strong data-start=\"6187\" data-end=\"6214\"><span dir=\"auto\" style=\"vertical-align: inherit;\"><span dir=\"auto\" style=\"vertical-align: inherit;\">Turvallisuusvaroitus<\/span><\/span><\/strong><span dir=\"auto\" style=\"vertical-align: inherit;\"><span dir=\"auto\" style=\"vertical-align: inherit;\"> \u2013 Ei tarkoitettu ihmisten tai el\u00e4inten ravinnoksi.<\/span><\/span><\/p>\n<\/li>\n<\/ol>\n<hr data-start=\"6275\" data-end=\"6278\" \/>\n<h3 data-start=\"6280\" data-end=\"6307\"><strong data-start=\"6284\" data-end=\"6307\"><span dir=\"auto\" style=\"vertical-align: inherit;\"><span dir=\"auto\" style=\"vertical-align: inherit;\">Usein kysytyt kysymykset<\/span><\/span><\/strong><\/h3>\n<p data-start=\"6309\" data-end=\"6483\"><strong data-start=\"6309\" data-end=\"6365\"><span dir=\"auto\" style=\"vertical-align: inherit;\"><span dir=\"auto\" style=\"vertical-align: inherit;\">1. Mihin 10 mg:n tutkimuspellettej\u00e4 k\u00e4ytet\u00e4\u00e4n?<\/span><\/span><\/strong><br data-start=\"6365\" data-end=\"6368\" \/><span dir=\"auto\" style=\"vertical-align: inherit;\"><span dir=\"auto\" style=\"vertical-align: inherit;\"> Ne on tarkoitettu <\/span><\/span><strong data-start=\"6389\" data-end=\"6433\"><span dir=\"auto\" style=\"vertical-align: inherit;\"><span dir=\"auto\" style=\"vertical-align: inherit;\">analyyttinen ja tieteellinen tutkimus<\/span><\/span><\/strong><span dir=\"auto\" style=\"vertical-align: inherit;\"><span dir=\"auto\" style=\"vertical-align: inherit;\"> , mukaan lukien kalibrointi ja kontrolloidut testaukset.<\/span><\/span><\/p>\n<p data-start=\"6485\" data-end=\"6647\"><strong data-start=\"6485\" data-end=\"6552\"><span dir=\"auto\" style=\"vertical-align: inherit;\"><span dir=\"auto\" style=\"vertical-align: inherit;\">2. Voidaanko n\u00e4it\u00e4 pellettej\u00e4 k\u00e4ytt\u00e4\u00e4 laboratorion ulkopuolella?<\/span><\/span><\/strong><br data-start=\"6552\" data-end=\"6555\" \/><span dir=\"auto\" style=\"vertical-align: inherit;\"><span dir=\"auto\" style=\"vertical-align: inherit;\"> Ei. N\u00e4m\u00e4 tuotteet ovat <\/span><\/span><strong data-start=\"6580\" data-end=\"6644\"><span dir=\"auto\" style=\"vertical-align: inherit;\"><span dir=\"auto\" style=\"vertical-align: inherit;\">tarkoitettu vain ammattimaiseen laboratoriotutkimukseen<\/span><\/span><\/strong><span dir=\"auto\" style=\"vertical-align: inherit;\"><span dir=\"auto\" style=\"vertical-align: inherit;\"> .<\/span><\/span><\/p>\n<p data-start=\"6649\" data-end=\"6799\"><strong data-start=\"6649\" data-end=\"6693\"><span dir=\"auto\" style=\"vertical-align: inherit;\"><span dir=\"auto\" style=\"vertical-align: inherit;\">3. Miten pelletit tulisi varastoida?<\/span><\/span><\/strong><br data-start=\"6693\" data-end=\"6696\" \/><span dir=\"auto\" style=\"vertical-align: inherit;\"><span dir=\"auto\" style=\"vertical-align: inherit;\"> S\u00e4ilyt\u00e4 niit\u00e4 omissa <\/span><\/span><strong data-start=\"6713\" data-end=\"6754\"><span dir=\"auto\" style=\"vertical-align: inherit;\"><span dir=\"auto\" style=\"vertical-align: inherit;\">alkuper\u00e4inen, tiiviisti suljettu pakkaus<\/span><\/span><\/strong><span dir=\"auto\" style=\"vertical-align: inherit;\"><span dir=\"auto\" style=\"vertical-align: inherit;\"> a:ssa <\/span><\/span><strong data-start=\"6762\" data-end=\"6796\"><span dir=\"auto\" style=\"vertical-align: inherit;\"><span dir=\"auto\" style=\"vertical-align: inherit;\">viile\u00e4ss\u00e4, kuivassa ja pime\u00e4ss\u00e4 paikassa<\/span><\/span><\/strong><span dir=\"auto\" style=\"vertical-align: inherit;\"><span dir=\"auto\" style=\"vertical-align: inherit;\"> .<\/span><\/span><\/p>\n<hr data-start=\"6801\" data-end=\"6804\" \/>\n<h3 data-start=\"6806\" data-end=\"6824\"><strong data-start=\"6810\" data-end=\"6824\"><span dir=\"auto\" style=\"vertical-align: inherit;\"><span dir=\"auto\" style=\"vertical-align: inherit;\">Vastuuvapauslauseke<\/span><\/span><\/strong><\/h3>\n<p data-start=\"6825\" data-end=\"7049\"><span dir=\"auto\" style=\"vertical-align: inherit;\"><span dir=\"auto\" style=\"vertical-align: inherit;\">T\u00e4m\u00e4 tuote on <\/span><\/span><strong data-start=\"6840\" data-end=\"6889\"><span dir=\"auto\" style=\"vertical-align: inherit;\"><span dir=\"auto\" style=\"vertical-align: inherit;\">vain tutkimustarkoituksiin<\/span><\/span><\/strong><span dir=\"auto\" style=\"vertical-align: inherit;\"><span dir=\"auto\" style=\"vertical-align: inherit;\"> . <\/span><\/span><strong data-start=\"6891\" data-end=\"6949\"><span dir=\"auto\" style=\"vertical-align: inherit;\"><span dir=\"auto\" style=\"vertical-align: inherit;\">Ei sovellu ihmisten tai el\u00e4inten ravinnoksi.<\/span><\/span><\/strong><br data-start=\"6949\" data-end=\"6952\" \/><span dir=\"auto\" style=\"vertical-align: inherit;\"><span dir=\"auto\" style=\"vertical-align: inherit;\"> Ostamalla t\u00e4m\u00e4n tuotteen vahvistat noudattavasi kaikkia sovellettavia lakeja ja turvallisuusm\u00e4\u00e4r\u00e4yksi\u00e4.<\/span><\/span><\/p>\n<p class=\"ds-markdown-paragraph\"><span dir=\"auto\" style=\"vertical-align: inherit;\"><span dir=\"auto\" style=\"vertical-align: inherit;\"><span dir=\"auto\" style=\"vertical-align: inherit;\"><span dir=\"auto\" style=\"vertical-align: inherit;\">, <\/span><\/span><\/span><\/span><a href=\"https:\/\/onderzoekschemicals.com\/fi\/shop\/iboga-ibogaine\/buy-ibogaine-hcl-online\/\"><span dir=\"auto\" style=\"vertical-align: inherit;\"><span dir=\"auto\" style=\"vertical-align: inherit;\"><span dir=\"auto\" style=\"vertical-align: inherit;\"><span dir=\"auto\" style=\"vertical-align: inherit;\">Osta ibogaiinihydrokloridia <\/span><\/span><\/span><\/span><\/a><a href=\"https:\/\/onderzoekschemicals.com\/fi\/shop\/iboga-ibogaine\/iboga-root-bark\/\"><span dir=\"auto\" style=\"vertical-align: inherit;\"><span dir=\"auto\" style=\"vertical-align: inherit;\"><span dir=\"auto\" style=\"vertical-align: inherit;\"><span dir=\"auto\" style=\"vertical-align: inherit;\">Ibogan juuren kuori <\/span><\/span><\/span><\/span><\/a><a href=\"https:\/\/onderzoekschemicals.com\/fi\/shop\/lysergamides\/1cp-lsd\/\"><span dir=\"auto\" style=\"vertical-align: inherit;\"><span dir=\"auto\" style=\"vertical-align: inherit;\"><span dir=\"auto\" style=\"vertical-align: inherit;\"><span dir=\"auto\" style=\"vertical-align: inherit;\">1cP-LSD 150 MCG taidepaperia <\/span><\/span><\/span><\/span><\/a><a href=\"https:\/\/onderzoekschemicals.com\/fi\/shop\/pellets\/o-dsmt-50mg-pellets\/\"><span dir=\"auto\" style=\"vertical-align: inherit;\"><span dir=\"auto\" style=\"vertical-align: inherit;\"><span dir=\"auto\" style=\"vertical-align: inherit;\"><span dir=\"auto\" style=\"vertical-align: inherit;\">O-DSMT 50 mg -pelletit <\/span><\/span><\/span><\/span><\/a><a href=\"https:\/\/onderzoekschemicals.com\/fi\/shop\/lysergamides\/1v-lsd-150-mcg-blotters\/\"><span dir=\"auto\" style=\"vertical-align: inherit;\"><span dir=\"auto\" style=\"vertical-align: inherit;\"><span dir=\"auto\" style=\"vertical-align: inherit;\"><span dir=\"auto\" style=\"vertical-align: inherit;\">1V-LSD 150 MCG -n\u00e4ytteenotot<\/span><\/span><\/span><\/span><\/a><\/p>\n<\/li>\n<\/ul>","protected":false},"excerpt":{"rendered":"<h3><span dir=\"auto\" style=\"vertical-align: inherit;\"><span dir=\"auto\" style=\"vertical-align: inherit;\"><span dir=\"auto\" style=\"vertical-align: inherit;\"><span dir=\"auto\" style=\"vertical-align: inherit;\">O-PCE-ominaisuudet<\/span><\/span><\/span><\/span><\/h3>\n<p><strong><span dir=\"auto\" style=\"vertical-align: inherit;\"><span dir=\"auto\" style=\"vertical-align: inherit;\"><span dir=\"auto\" style=\"vertical-align: inherit;\"><span dir=\"auto\" style=\"vertical-align: inherit;\">Synonyymi:<\/span><\/span><\/span><\/span><\/strong><span dir=\"auto\" style=\"vertical-align: inherit;\"><span dir=\"auto\" style=\"vertical-align: inherit;\"><span dir=\"auto\" style=\"vertical-align: inherit;\"><span dir=\"auto\" style=\"vertical-align: inherit;\"> \u00a02\u2032-okso-PCE, etisyklidonihydrokloridi <\/span><\/span><\/span><\/span><br \/>\n<strong><span dir=\"auto\" style=\"vertical-align: inherit;\"><span dir=\"auto\" style=\"vertical-align: inherit;\"><span dir=\"auto\" style=\"vertical-align: inherit;\"><span dir=\"auto\" style=\"vertical-align: inherit;\">CAS-numero:<\/span><\/span><\/span><\/span><\/strong><span dir=\"auto\" style=\"vertical-align: inherit;\"><span dir=\"auto\" style=\"vertical-align: inherit;\"><span dir=\"auto\" style=\"vertical-align: inherit;\"><span dir=\"auto\" style=\"vertical-align: inherit;\"> \u00a04551-92-2 <\/span><\/span><\/span><\/span><br \/>\n<strong><span dir=\"auto\" style=\"vertical-align: inherit;\"><span dir=\"auto\" style=\"vertical-align: inherit;\"><span dir=\"auto\" style=\"vertical-align: inherit;\"><span dir=\"auto\" style=\"vertical-align: inherit;\">Kaava:<\/span><\/span><\/span><\/span><\/strong><span dir=\"auto\" style=\"vertical-align: inherit;\"><span dir=\"auto\" style=\"vertical-align: inherit;\"><span dir=\"auto\" style=\"vertical-align: inherit;\"><span dir=\"auto\" style=\"vertical-align: inherit;\"> \u00a02-(etyyliamino)-2-fenyylisykloheksanonihydrokloridi <\/span><\/span><\/span><\/span><br \/>\n<strong><span dir=\"auto\" style=\"vertical-align: inherit;\"><span dir=\"auto\" style=\"vertical-align: inherit;\"><span dir=\"auto\" style=\"vertical-align: inherit;\"><span dir=\"auto\" style=\"vertical-align: inherit;\">Moolimassa:<\/span><\/span><\/span><\/span><\/strong><span dir=\"auto\" style=\"vertical-align: inherit;\"><span dir=\"auto\" style=\"vertical-align: inherit;\"><span dir=\"auto\" style=\"vertical-align: inherit;\"><span dir=\"auto\" style=\"vertical-align: inherit;\"> \u00a0253,8 g\/mol <\/span><\/span><\/span><\/span><br \/>\n<strong><span dir=\"auto\" style=\"vertical-align: inherit;\"><span dir=\"auto\" style=\"vertical-align: inherit;\"><span dir=\"auto\" style=\"vertical-align: inherit;\"><span dir=\"auto\" style=\"vertical-align: inherit;\">Puhtaus:<\/span><\/span><\/span><\/span><\/strong><span dir=\"auto\" style=\"vertical-align: inherit;\"><span dir=\"auto\" style=\"vertical-align: inherit;\"><span dir=\"auto\" style=\"vertical-align: inherit;\"><span dir=\"auto\" style=\"vertical-align: inherit;\"> \u00a0&gt;97%<\/span><\/span><\/span><\/span><\/p>","protected":false},"featured_media":29439,"comment_status":"closed","ping_status":"closed","template":"","meta":[],"product_brand":[82],"product_cat":[71,425,426,324],"product_tag":[326,739,738,741,742,740],"class_list":{"0":"post-24859","1":"product","2":"type-product","3":"status-publish","4":"has-post-thumbnail","6":"product_brand-research-chemical","7":"product_cat-arylcyclohexylamine","8":"product_cat-o-pce","9":"product_cat-o-pce-pellets","10":"product_cat-pellets-for-pellet","11":"product_tag-nl","12":"product_tag-o-pce-werking","13":"product_tag-o-pce","14":"product_tag-o-pce-ervaringen","15":"product_tag-o-pce-pellets","16":"product_tag-o-pce-poeder","18":"first","19":"instock","20":"taxable","21":"shipping-taxable","22":"purchasable","23":"product-type-variable"},"_links":{"self":[{"href":"https:\/\/onderzoekschemicals.com\/fi\/wp-json\/wp\/v2\/product\/24859","targetHints":{"allow":["GET"]}}],"collection":[{"href":"https:\/\/onderzoekschemicals.com\/fi\/wp-json\/wp\/v2\/product"}],"about":[{"href":"https:\/\/onderzoekschemicals.com\/fi\/wp-json\/wp\/v2\/types\/product"}],"replies":[{"embeddable":true,"href":"https:\/\/onderzoekschemicals.com\/fi\/wp-json\/wp\/v2\/comments?post=24859"}],"version-history":[{"count":7,"href":"https:\/\/onderzoekschemicals.com\/fi\/wp-json\/wp\/v2\/product\/24859\/revisions"}],"predecessor-version":[{"id":28825,"href":"https:\/\/onderzoekschemicals.com\/fi\/wp-json\/wp\/v2\/product\/24859\/revisions\/28825"}],"wp:featuredmedia":[{"embeddable":true,"href":"https:\/\/onderzoekschemicals.com\/fi\/wp-json\/wp\/v2\/media\/29439"}],"wp:attachment":[{"href":"https:\/\/onderzoekschemicals.com\/fi\/wp-json\/wp\/v2\/media?parent=24859"}],"wp:term":[{"taxonomy":"product_brand","embeddable":true,"href":"https:\/\/onderzoekschemicals.com\/fi\/wp-json\/wp\/v2\/product_brand?post=24859"},{"taxonomy":"product_cat","embeddable":true,"href":"https:\/\/onderzoekschemicals.com\/fi\/wp-json\/wp\/v2\/product_cat?post=24859"},{"taxonomy":"product_tag","embeddable":true,"href":"https:\/\/onderzoekschemicals.com\/fi\/wp-json\/wp\/v2\/product_tag?post=24859"}],"curies":[{"name":"wp","href":"https:\/\/api.w.org\/{rel}","templated":true}]}}