{"id":24654,"date":"2025-10-20T17:42:28","date_gmt":"2025-10-20T17:42:28","guid":{"rendered":"https:\/\/onderzoekschemicals.com\/?post_type=product&#038;p=24654"},"modified":"2025-10-21T15:56:08","modified_gmt":"2025-10-21T15:56:08","slug":"digitale-cs-weegschaal","status":"publish","type":"product","link":"https:\/\/onderzoekschemicals.com\/fi\/shop\/weegschalen\/digitale-cs-weegschaal\/","title":{"rendered":"Digitaalinen CS-vaaka \u2013 100 g x 0,01 g"},"content":{"rendered":"<h3 data-start=\"4818\" data-end=\"4837\"><strong data-start=\"4822\" data-end=\"4837\">Johdanto<\/strong><\/h3>\n<p data-start=\"4838\" data-end=\"5146\">The <strong data-start=\"4841\" data-end=\"4882\">Digitaalinen CS-vaaka \u2013 100 g x 0,01 g<\/strong> on <strong data-start=\"4890\" data-end=\"4925\">korkealaatuinen tarkkuusvaaka<\/strong> suunniteltu k\u00e4ytt\u00e4jille, jotka arvostavat tarkkuutta ja luotettavuutta.<br data-start=\"5000\" data-end=\"5003\" \/>Olipa kyseess\u00e4 sitten <strong data-start=\"5020\" data-end=\"5061\">laboratorio, keitti\u00f6 tai korukauppa<\/strong> on, ett\u00e4 t\u00e4m\u00e4 kompakti vaaka tarjoaa <strong data-start=\"5098\" data-end=\"5143\">tarkat mittaukset 0,01 gramman tarkkuudella<\/strong>.<\/p>\n<p data-start=\"5148\" data-end=\"5394\">Kiitos <strong data-start=\"5160\" data-end=\"5188\">ruostumattomasta ter\u00e4ksest\u00e4 valmistettu alusta<\/strong> ja <strong data-start=\"5196\" data-end=\"5221\">kirkas LCD-n\u00e4ytt\u00f6<\/strong> yhdist\u00e4\u00e4 digitaalisen CS-asteikon <strong data-start=\"5259\" data-end=\"5285\">ammattimainen tarkkuus<\/strong> jostakin <strong data-start=\"5290\" data-end=\"5307\">helppok\u00e4ytt\u00f6isyys<\/strong>T\u00e4ydellinen jauheiden, yrttien, korujen tai pienten tutkimusn\u00e4ytteiden punnitsemiseen.<\/p>\n<hr data-start=\"5396\" data-end=\"5399\" \/>\n<h3 data-start=\"5401\" data-end=\"5432\"><strong data-start=\"5405\" data-end=\"5432\">T\u00e4rkeimm\u00e4t ominaisuudet<\/strong><\/h3>\n<ul data-start=\"5433\" data-end=\"6068\">\n<li data-start=\"5433\" data-end=\"5523\">\n<p data-start=\"5435\" data-end=\"5523\"><strong data-start=\"5435\" data-end=\"5466\">Korkea tarkkuus (0,01 g)<\/strong> \u2013 Ihanteellinen analyyttisiin ja laboratoriosovelluksiin.<\/p>\n<\/li>\n<li data-start=\"5524\" data-end=\"5603\">\n<p data-start=\"5526\" data-end=\"5603\"><strong data-start=\"5526\" data-end=\"5549\">Tilavuus 100 g<\/strong> \u2013 Sopii p\u00e4ivitt\u00e4iseen ja ammattimaiseen k\u00e4ytt\u00f6\u00f6n.<\/p>\n<\/li>\n<li data-start=\"5604\" data-end=\"5674\">\n<p data-start=\"5606\" data-end=\"5674\"><strong data-start=\"5606\" data-end=\"5630\">Kompakti ja kannettava<\/strong> \u2013 Kevyt ja helppo kuljettaa mukana.<\/p>\n<\/li>\n<li data-start=\"5675\" data-end=\"5754\">\n<p data-start=\"5677\" data-end=\"5754\"><strong data-start=\"5677\" data-end=\"5718\">LCD-n\u00e4ytt\u00f6 taustavalolla<\/strong> \u2013 Helppo lukea miss\u00e4 tahansa ymp\u00e4rist\u00f6ss\u00e4.<\/p>\n<\/li>\n<li data-start=\"5755\" data-end=\"5839\">\n<p data-start=\"5757\" data-end=\"5839\"><strong data-start=\"5757\" data-end=\"5773\">Taaraustoiminto<\/strong> \u2013 Nollaa vaaka ennen mittaamista astiassa.<\/p>\n<\/li>\n<li data-start=\"5840\" data-end=\"5926\">\n<p data-start=\"5842\" data-end=\"5926\"><strong data-start=\"5842\" data-end=\"5866\">Usean yksik\u00f6n muuntaminen<\/strong> \u2013 Vaihda helposti grammojen, unssien, karaattien ja graanien v\u00e4lill\u00e4.<\/p>\n<\/li>\n<li data-start=\"5927\" data-end=\"5994\">\n<p data-start=\"5929\" data-end=\"5994\"><strong data-start=\"5929\" data-end=\"5946\">Energiatehokas<\/strong> \u2013 Automaattinen sammutus k\u00e4ytt\u00e4m\u00e4tt\u00f6myyden j\u00e4lkeen.<\/p>\n<\/li>\n<li data-start=\"5995\" data-end=\"6068\">\n<p data-start=\"5997\" data-end=\"6068\"><strong data-start=\"5997\" data-end=\"6025\">Ruostumattomasta ter\u00e4ksest\u00e4 valmistettu alusta<\/strong> \u2013 Kest\u00e4v\u00e4 ja helppo puhdistaa.<\/p>\n<\/li>\n<\/ul>\n<hr data-start=\"6070\" data-end=\"6073\" \/>\n<h3 data-start=\"6075\" data-end=\"6092\"><strong data-start=\"6079\" data-end=\"6092\">Edut<\/strong><\/h3>\n<ul data-start=\"6093\" data-end=\"6471\">\n<li data-start=\"6093\" data-end=\"6169\">\n<p data-start=\"6095\" data-end=\"6169\"><strong data-start=\"6095\" data-end=\"6113\">Aina tarkka<\/strong> \u2013 Varmistaa yhdenmukaiset ja luotettavat mittaustulokset.<\/p>\n<\/li>\n<li data-start=\"6170\" data-end=\"6260\">\n<p data-start=\"6172\" data-end=\"6260\"><strong data-start=\"6172\" data-end=\"6194\">Monipuolinen k\u00e4ytt\u00f6<\/strong> \u2013 T\u00e4ydellinen <strong data-start=\"6210\" data-end=\"6257\">laboratorio, korut, keitti\u00f6 tai koulutus<\/strong>.<\/p>\n<\/li>\n<li data-start=\"6261\" data-end=\"6321\">\n<p data-start=\"6263\" data-end=\"6321\"><strong data-start=\"6263\" data-end=\"6282\">Kompakti muotoilu<\/strong> \u2013 Sopii helposti taskuun tai laukkuun.<\/p>\n<\/li>\n<li data-start=\"6322\" data-end=\"6392\">\n<p data-start=\"6324\" data-end=\"6392\"><strong data-start=\"6324\" data-end=\"6349\">Yksinkertainen kalibrointi<\/strong> \u2013 K\u00e4ytt\u00f6valmis sekunneissa.<\/p>\n<\/li>\n<li data-start=\"6393\" data-end=\"6471\">\n<p data-start=\"6395\" data-end=\"6471\"><strong data-start=\"6395\" data-end=\"6418\">Edullinen tarkkuus<\/strong> \u2013 Ammattimaista laatua kilpailukykyiseen hintaan.<\/p>\n<\/li>\n<\/ul>\n<hr data-start=\"6473\" data-end=\"6476\" \/>\n<h3 data-start=\"6478\" data-end=\"6493\"><strong data-start=\"6482\" data-end=\"6493\">K\u00e4ytt\u00f6<\/strong><\/h3>\n<ol data-start=\"6494\" data-end=\"6757\">\n<li data-start=\"6494\" data-end=\"6546\">\n<p data-start=\"6497\" data-end=\"6546\"><strong data-start=\"6497\" data-end=\"6521\">Aseta vaaka<\/strong> tasaisella alustalla.<\/p>\n<\/li>\n<li data-start=\"6547\" data-end=\"6599\">\n<p data-start=\"6550\" data-end=\"6599\"><strong data-start=\"6550\" data-end=\"6564\">Ota k\u00e4ytt\u00f6\u00f6n<\/strong> ja odota, kunnes n\u00e4ytt\u00f6\u00f6n tulee \u201d0.00 g\u201d.<\/p>\n<\/li>\n<li data-start=\"6600\" data-end=\"6663\">\n<p data-start=\"6603\" data-end=\"6663\"><strong data-start=\"6603\" data-end=\"6630\">K\u00e4yt\u00e4 taaraustoimintoa<\/strong> s\u00e4ili\u00f6t\u00e4 k\u00e4ytett\u00e4ess\u00e4.<\/p>\n<\/li>\n<li data-start=\"6664\" data-end=\"6707\">\n<p data-start=\"6667\" data-end=\"6707\"><strong data-start=\"6667\" data-end=\"6688\">Aseta esine<\/strong> laiturilla.<\/p>\n<\/li>\n<li data-start=\"6708\" data-end=\"6757\">\n<p data-start=\"6711\" data-end=\"6757\"><strong data-start=\"6711\" data-end=\"6733\">Lue tulos<\/strong> pois p\u00e4\u00e4lt\u00e4 LCD-n\u00e4yt\u00f6lt\u00e4.<\/p>\n<\/li>\n<\/ol>\n<hr data-start=\"6759\" data-end=\"6762\" \/>\n<h3 data-start=\"6764\" data-end=\"6785\"><strong data-start=\"6768\" data-end=\"6785\">Tekniset tiedot<\/strong><\/h3>\n<div class=\"_tableContainer_1rjym_1\">\n<div class=\"group _tableWrapper_1rjym_13 flex w-fit flex-col-reverse\" tabindex=\"-1\">\n<table class=\"w-fit min-w-(--thread-content-width)\" data-start=\"6787\" data-end=\"7132\">\n<thead data-start=\"6787\" data-end=\"6818\">\n<tr data-start=\"6787\" data-end=\"6818\">\n<th data-start=\"6787\" data-end=\"6804\" data-col-size=\"sm\"><strong data-start=\"6789\" data-end=\"6803\">Ominaisuus<\/strong><\/th>\n<th data-start=\"6804\" data-end=\"6818\" data-col-size=\"sm\"><strong data-start=\"6806\" data-end=\"6816\">Yksityiskohta<\/strong><\/th>\n<\/tr>\n<\/thead>\n<tbody data-start=\"6853\" data-end=\"7132\">\n<tr data-start=\"6853\" data-end=\"6874\">\n<td data-start=\"6853\" data-end=\"6866\" data-col-size=\"sm\">Kapasiteetti<\/td>\n<td data-start=\"6866\" data-end=\"6874\" data-col-size=\"sm\">100 g<\/td>\n<\/tr>\n<tr data-start=\"6875\" data-end=\"6901\">\n<td data-start=\"6875\" data-end=\"6892\" data-col-size=\"sm\">Tarkkuus<\/td>\n<td data-start=\"6892\" data-end=\"6901\" data-col-size=\"sm\">0,01 g<\/td>\n<\/tr>\n<tr data-start=\"6902\" data-end=\"6946\">\n<td data-start=\"6902\" data-end=\"6912\" data-col-size=\"sm\">N\u00e4ytt\u00f6<\/td>\n<td data-start=\"6912\" data-end=\"6946\" data-col-size=\"sm\">LCD-n\u00e4ytt\u00f6 taustavalolla<\/td>\n<\/tr>\n<tr data-start=\"6947\" data-end=\"6977\">\n<td data-start=\"6947\" data-end=\"6958\" data-col-size=\"sm\">Alusta<\/td>\n<td data-start=\"6958\" data-end=\"6977\" data-col-size=\"sm\">Ruostumaton ter\u00e4s<\/td>\n<\/tr>\n<tr data-start=\"6978\" data-end=\"7009\">\n<td data-start=\"6978\" data-end=\"6989\" data-col-size=\"sm\">Yksik\u00f6t<\/td>\n<td data-start=\"6989\" data-end=\"7009\" data-col-size=\"sm\">g \/ oz \/ ct \/ gn<\/td>\n<\/tr>\n<tr data-start=\"7010\" data-end=\"7042\">\n<td data-start=\"7010\" data-end=\"7020\" data-col-size=\"sm\">Virtal\u00e4hde<\/td>\n<td data-start=\"7020\" data-end=\"7042\" data-col-size=\"sm\">2 \u00d7 AAA-paristoa<\/td>\n<\/tr>\n<tr data-start=\"7043\" data-end=\"7095\">\n<td data-start=\"7043\" data-end=\"7072\" data-col-size=\"sm\">Automaattinen sammutus<\/td>\n<td data-start=\"7072\" data-end=\"7095\" data-col-size=\"sm\">Kyll\u00e4 (60 sekunnin kuluttua)<\/td>\n<\/tr>\n<tr data-start=\"7096\" data-end=\"7132\">\n<td data-start=\"7096\" data-end=\"7109\" data-col-size=\"sm\">Mitat<\/td>\n<td data-start=\"7109\" data-end=\"7132\" data-col-size=\"sm\">120 mm \u00d7 65 mm \u00d7 20 mm<\/td>\n<\/tr>\n<\/tbody>\n<\/table>\n<\/div>\n<\/div>\n<hr data-start=\"7134\" data-end=\"7137\" \/>\n<h3 data-start=\"7139\" data-end=\"7166\"><strong data-start=\"7143\" data-end=\"7166\">Usein kysytyt kysymykset<\/strong><\/h3>\n<p data-start=\"7168\" data-end=\"7323\"><strong data-start=\"7168\" data-end=\"7225\">1. Mihin digitaalista CS-vaakaa k\u00e4ytet\u00e4\u00e4n?<\/strong><br data-start=\"7225\" data-end=\"7228\" \/>Vaaka sopii erinomaisesti <strong data-start=\"7257\" data-end=\"7277\">tarkkuusmittaukset<\/strong> laboratorioissa, keitti\u00f6iss\u00e4 ja koruliikkeiss\u00e4.<\/p>\n<p data-start=\"7325\" data-end=\"7479\"><strong data-start=\"7325\" data-end=\"7364\">2. Kuinka tarkka vaaka on?<\/strong><br data-start=\"7364\" data-end=\"7367\" \/>The <strong data-start=\"7370\" data-end=\"7396\">Digitaalinen CS-asteikko<\/strong> on <strong data-start=\"7407\" data-end=\"7435\">tarkkuus 0,01 g<\/strong>, t\u00e4ydellinen pienille esineille tai kankaille.<\/p>\n<p data-start=\"7481\" data-end=\"7644\"><strong data-start=\"7481\" data-end=\"7531\">3. Miten voin ostaa digitaalisen CS-vaa&#039;an?<\/strong><br data-start=\"7531\" data-end=\"7534\" \/>Voit helposti <strong data-start=\"7554\" data-end=\"7586\">Osta digitaalinen CS-vaaka<\/strong> valtuutettujen verkkokauppojen tai laboratoriotoimittajien kautta.<\/p>\n<h1><strong>Digitaalinen CS-vaaka \u2013 100 g x 0,01 g<\/strong><\/h1>\n<h3><strong>Tuotekuvaus<\/strong><\/h3>\n<p class=\"ds-markdown-paragraph\">The\u00a0<strong>Digitaalinen CS-vaaka (100 g x 0,01 g)<\/strong>\u00a0on\u00a0<strong>eritt\u00e4in tarkka mittausasteikko<\/strong>\u00a0Suunniteltu laboratorio-, tieteelliseen ja teolliseen k\u00e4ytt\u00f6\u00f6n.\u00a0<strong>mittausalue 0,01 g - 100 g<\/strong>\u00a0ja\u00a0<strong>tarkkuus \u00b10,01 g<\/strong>T\u00e4m\u00e4 vaaka tarjoaa luotettavia tuloksia herkiss\u00e4 sovelluksissa.<\/p>\n<p class=\"ds-markdown-paragraph\"><strong>T\u00e4rkeimm\u00e4t ominaisuudet:<\/strong><br \/>\n\u2714\u00a0<strong>Korkealaatuinen anturi<\/strong>\u00a0\u2013 Tarkka\u00a0<strong>0,01 g<\/strong><br \/>\n\u2714\u00a0<strong>Kompakti ja kannettava<\/strong>\u00a0\u2013 Ihanteellinen laboratorio- ja kentt\u00e4ty\u00f6h\u00f6n<br \/>\n\u2714\u00a0<strong>Useita mittayksik\u00f6it\u00e4<\/strong>\u00a0\u2013 Gramma (g), milligramma (mg), unssi (oz), troyunssi (ozt)<br \/>\n\u2714\u00a0<strong>Automaattinen kalibrointi ja taaraustoiminto<\/strong>\u00a0\u2013 Helppok\u00e4ytt\u00f6inen<br \/>\n\u2714\u00a0<strong>Kest\u00e4v\u00e4 muotoilu<\/strong>\u00a0\u2013 Sis\u00e4lt\u00e4\u00e4 suojakannen ja kalibrointipainon<\/p>\n<hr \/>\n<h2><strong>Sovellukset<\/strong><\/h2>\n<p class=\"ds-markdown-paragraph\">\u2705\u00a0<strong>Laboratoriotutkimus<\/strong>\u00a0\u2013 Kemikaalien ja jauheiden tarkka punnitus<br \/>\n\u2705\u00a0<strong>Koruty\u00f6t<\/strong>\u00a0\u2013 Jalometallien ja jalokivien mittaus<br \/>\n\u2705\u00a0<strong>Elintarviketeollisuus<\/strong>\u00a0\u2013 Annosten hallinta ja ainesosien punnitus<br \/>\n\u2705\u00a0<strong>Koulutus ja tiede<\/strong>\u00a0\u2013 Kokeet ja tutkimusprojektit<br \/>\n\u2705\u00a0<strong>CBD\/Lis\u00e4ravinteet<\/strong>\u00a0- Vaikuttavien aineiden tarkka annostelu<\/p>\n<hr \/>\n<h2><strong>Haitat ja rajoitukset<\/strong><\/h2>\n<p class=\"ds-markdown-paragraph\">\u26a0\u00a0<strong>Herkk\u00e4 t\u00e4rin\u00e4lle<\/strong>\u00a0\u2013 Vaatii vakaan pinnan<br \/>\n\u26a0\u00a0<strong>Ei sovellu nesteille<\/strong>\u00a0\u2013 Vain kuiville aineille<br \/>\n\u26a0\u00a0<strong>Maksimikapasiteetti 100 g<\/strong>\u00a0\u2013 Ei sovellu raskaammille esineille<br \/>\n\u26a0\u00a0<strong>Akkuriippuvainen<\/strong>\u00a0\u2013 Paristot sis\u00e4ltyv\u00e4t hintaan, mutta ei ladattavaa vaihtoehtoa<\/p>\n<hr \/>\n<h2><strong>K\u00e4ytt\u00f6ohjeet<\/strong><\/h2>\n<ol start=\"1\">\n<li>\n<p class=\"ds-markdown-paragraph\"><strong>Aseta vaaka tasaiselle, t\u00e4rin\u00e4tt\u00f6m\u00e4lle alustalle.<\/strong><\/p>\n<\/li>\n<li>\n<p class=\"ds-markdown-paragraph\"><strong>Paina virtapainiketta<\/strong>\u00a0ja odota, kunnes n\u00e4kyviin tulee &quot;0.00&quot;.<\/p>\n<\/li>\n<li>\n<p class=\"ds-markdown-paragraph\"><strong>Aseta punnittava materiaali<\/strong>\u00a0laiturin keskell\u00e4.<\/p>\n<\/li>\n<li>\n<p class=\"ds-markdown-paragraph\"><strong>K\u00e4yt\u00e4 taaraustoimintoa<\/strong>\u00a0neutraloimaan tyhj\u00e4n astian painon.<\/p>\n<\/li>\n<li>\n<p class=\"ds-markdown-paragraph\"><strong>Huomioi mittaus<\/strong>\u00a0ja sammuta k\u00e4yt\u00f6n j\u00e4lkeen.<\/p>\n<\/li>\n<\/ol>\n<hr \/>\n<h2><strong>Usein kysytyt kysymykset (UKK)<\/strong><\/h2>\n<h3><strong>K: Miten vaaka kalibroidaan?<\/strong><\/h3>\n<p class=\"ds-markdown-paragraph\">A: K\u00e4yt\u00e4 toimitettua\u00a0<strong>100 g kalibrointipaino<\/strong>\u00a0ja paina kalibrointipainiketta.<\/p>\n<h3><strong>K: Voinko k\u00e4ytt\u00e4\u00e4 vaakaa nesteiden vaa&#039;alle?<\/strong><\/h3>\n<p class=\"ds-markdown-paragraph\">A:\u00a0<strong>Ei<\/strong>Vain kuiville materiaaleille. Nesteet voivat vahingoittaa anturia.<\/p>\n<h3><strong>K: Mik\u00e4 on tarkkuus pienill\u00e4 painoilla?<\/strong><\/h3>\n<p class=\"ds-markdown-paragraph\">A:\u00a0<strong>\u00b10,01 g<\/strong>\u00a0painoille 0,01\u201310 g,\u00a0<strong>\u00b10,02 g<\/strong>\u00a0yli 10 g.<\/p>\n<h3><strong>K: Kuinka kauan paristot kest\u00e4v\u00e4t?<\/strong><\/h3>\n<p class=\"ds-markdown-paragraph\">A:\u00a0<strong>\u00b150 tuntia<\/strong>\u00a0Normaalik\u00e4yt\u00f6ss\u00e4. Sammuu automaattisesti kahden minuutin k\u00e4ytt\u00e4m\u00e4tt\u00f6myyden j\u00e4lkeen.<\/p>\n<h3><strong>K: Sopiiko vaaka kullalle ja hopealle?<\/strong><\/h3>\n<p class=\"ds-markdown-paragraph\">A:\u00a0<strong>Kyll\u00e4<\/strong>, t\u00e4ydellinen kultasep\u00e4lle, koska\u00a0<strong>troyunssi (ozt) -funktio<\/strong>.<\/p>\n<hr \/>\n<h2><strong>Suositellut k\u00e4ytt\u00f6tapaukset<\/strong><\/h2>\n<p class=\"ds-markdown-paragraph\">\ud83d\udd2c\u00a0<strong>Kemian laboratorio<\/strong>\u00a0\u2013 Reagenssien tarkka punnitseminen<br \/>\n\ud83d\udc8a\u00a0<strong>L\u00e4\u00e4ketutkimus<\/strong>\u00a0\u2013 Vaikuttavien aineiden annostus<br \/>\n\u2696\u00a0<strong>Jalometallien kauppa<\/strong>\u00a0\u2013 Kullan, hopean ja platinan tiet<br \/>\n\ud83e\uddea\u00a0<strong>Harrastukset ja tee-se-itse<\/strong>\u00a0\u2013 Tarkat mittaukset projekteihin<\/p>\n<hr \/>\n<h2><strong>Tekniset tiedot<\/strong><\/h2>\n<ul>\n<li>\n<p class=\"ds-markdown-paragraph\"><strong>Materiaali:<\/strong>\u00a0Ruostumattomasta ter\u00e4ksest\u00e4 valmistettu alusta + ABS-kotelo<\/p>\n<\/li>\n<li>\n<p class=\"ds-markdown-paragraph\"><strong>Mitat:<\/strong>\u00a0120 mm x 70 mm x 20 mm<\/p>\n<\/li>\n<li>\n<p class=\"ds-markdown-paragraph\"><strong>Virtal\u00e4hde:<\/strong>\u00a02 x AAA-paristoa (mukana)<\/p>\n<\/li>\n<li>\n<p class=\"ds-markdown-paragraph\"><strong>Paino:<\/strong>\u00a0150 g<\/p>\n<\/li>\n<\/ul>\n<hr \/>\n<h3><strong>Varoitukset<\/strong><\/h3>\n<ul>\n<li>\n<p class=\"ds-markdown-paragraph\"><strong>Ei vedenpit\u00e4v\u00e4<\/strong>\u00a0\u2013 V\u00e4lt\u00e4 kosteutta ja p\u00f6ly\u00e4<\/p>\n<\/li>\n<li>\n<p class=\"ds-markdown-paragraph\"><strong>Ei sovellu teolliseen irtotavaran punnitukseen<\/strong><\/p>\n<\/li>\n<li>\n<p class=\"ds-markdown-paragraph\"><strong>S\u00e4ilyt\u00e4 lasten ulottumattomissa. <a href=\"https:\/\/onderzoekschemicals.com\/fi\/shop\/top-10-research-chemicals\/iboga-seeds\/\">iboga-siemenet<\/a><a href=\"https:\/\/onderzoekschemicals.com\/fi\/shop\/top-10-research-chemicals\/caluanie-muelear-oxidize\/\">Caluanie Muelear hapettuu<\/a><a href=\"https:\/\/onderzoekschemicals.com\/fi\/shop\/weegschalen\/digitale-tank-mini-weegschaal\/\">Digitaalinen s\u00e4ili\u00f6n minivaaka<\/a><a href=\"https:\/\/onderzoekschemicals.com\/fi\/shop\/weegschalen\/digitale-bio-mini-weegschaal\/\">Digitaalinen biominivaaka<\/a><a href=\"https:\/\/onderzoekschemicals.com\/fi\/shop\/top-10-research-chemicals\/3-cmc-hcl\/\">3 cmc<\/a><\/strong><\/p>\n<\/li>\n<\/ul>","protected":false},"excerpt":{"rendered":"<p><strong>Tekniset tiedot:<\/strong><\/p>\n<ul>\n<li>Digitaalinen<\/li>\n<li>Painaa alkaen 0,01 g<\/li>\n<li>Painaa enint\u00e4\u00e4n 100 g<\/li>\n<li>Toimii: 2 x AAA-paristoilla<\/li>\n<li>LCD-n\u00e4ytt\u00f6<\/li>\n<li>V\u00e4ri: musta<\/li>\n<\/ul>","protected":false},"featured_media":24678,"comment_status":"closed","ping_status":"closed","template":"","meta":[],"product_brand":[],"product_cat":[451],"product_tag":[452,764,767,765,766,768],"class_list":{"0":"post-24654","1":"product","2":"type-product","3":"status-publish","4":"has-post-thumbnail","6":"product_cat-weegschalen","7":"product_tag-de","8":"product_tag-digitale-cs-weegschaal","9":"product_tag-digitale-microweegschaal","10":"product_tag-milligramweegschaal","11":"product_tag-precise-weegschaal-0-001g","12":"product_tag-weegschaal-voor-research-chemicals","14":"first","15":"instock","16":"taxable","17":"shipping-taxable","18":"purchasable","19":"product-type-simple"},"_links":{"self":[{"href":"https:\/\/onderzoekschemicals.com\/fi\/wp-json\/wp\/v2\/product\/24654","targetHints":{"allow":["GET"]}}],"collection":[{"href":"https:\/\/onderzoekschemicals.com\/fi\/wp-json\/wp\/v2\/product"}],"about":[{"href":"https:\/\/onderzoekschemicals.com\/fi\/wp-json\/wp\/v2\/types\/product"}],"replies":[{"embeddable":true,"href":"https:\/\/onderzoekschemicals.com\/fi\/wp-json\/wp\/v2\/comments?post=24654"}],"version-history":[{"count":7,"href":"https:\/\/onderzoekschemicals.com\/fi\/wp-json\/wp\/v2\/product\/24654\/revisions"}],"predecessor-version":[{"id":27752,"href":"https:\/\/onderzoekschemicals.com\/fi\/wp-json\/wp\/v2\/product\/24654\/revisions\/27752"}],"wp:featuredmedia":[{"embeddable":true,"href":"https:\/\/onderzoekschemicals.com\/fi\/wp-json\/wp\/v2\/media\/24678"}],"wp:attachment":[{"href":"https:\/\/onderzoekschemicals.com\/fi\/wp-json\/wp\/v2\/media?parent=24654"}],"wp:term":[{"taxonomy":"product_brand","embeddable":true,"href":"https:\/\/onderzoekschemicals.com\/fi\/wp-json\/wp\/v2\/product_brand?post=24654"},{"taxonomy":"product_cat","embeddable":true,"href":"https:\/\/onderzoekschemicals.com\/fi\/wp-json\/wp\/v2\/product_cat?post=24654"},{"taxonomy":"product_tag","embeddable":true,"href":"https:\/\/onderzoekschemicals.com\/fi\/wp-json\/wp\/v2\/product_tag?post=24654"}],"curies":[{"name":"wp","href":"https:\/\/api.w.org\/{rel}","templated":true}]}}