{"id":24494,"date":"2025-10-20T17:41:49","date_gmt":"2025-10-20T17:41:49","guid":{"rendered":"https:\/\/onderzoekschemicals.com\/?post_type=product&#038;p=24494"},"modified":"2025-11-28T04:47:08","modified_gmt":"2025-11-28T04:47:08","slug":"5-mapb-2","status":"publish","type":"product","link":"https:\/\/onderzoekschemicals.com\/fi\/shop\/b2b\/5-mapb-2\/","title":{"rendered":"5-MAPB 5 ml:n tuubi"},"content":{"rendered":"<ul>\n<li>\n<h3 data-start=\"4017\" data-end=\"4038\"><strong data-start=\"4021\" data-end=\"4036\">Johdanto<\/strong><\/h3>\n<p data-start=\"4039\" data-end=\"4448\"><strong data-start=\"4039\" data-end=\"4060\">5-MAPB 5 ml:n tuubi<\/strong> sis\u00e4lt\u00e4\u00e4 <strong data-start=\"4071\" data-end=\"4115\">tarkasti valmistettu laboratorioliuos<\/strong> kirjoittanut <strong data-start=\"4120\" data-end=\"4166\">5-MAPB (5-(2-metyyliaminopropyyli)bentsofuraani)<\/strong> - An <strong data-start=\"4173\" data-end=\"4202\">bentsofuraanin tutkimusaine<\/strong> joka on rakenteellisesti sukua <strong data-start=\"4234\" data-end=\"4243\">6-APB<\/strong> ja <strong data-start=\"4247\" data-end=\"4255\">MDMA<\/strong>. 5 karttaa<br data-start=\"4256\" data-end=\"4259\" \/>Sis\u00e4ll\u00e4 <strong data-start=\"4266\" data-end=\"4307\">analyyttinen ja neurokemiallinen tutkimus<\/strong> 5-MAPB:t\u00e4 k\u00e4ytet\u00e4\u00e4n tutkimuksissa, jotka koskevat <strong data-start=\"4348\" data-end=\"4374\">monoamiinikuljettajat<\/strong>, <strong data-start=\"4376\" data-end=\"4402\">serotonerginen aktiivisuus<\/strong> ja <strong data-start=\"4406\" data-end=\"4445\">kromatografinen vertailuanalyysi<\/strong>.<\/p>\n<p data-start=\"4450\" data-end=\"4650\">Liuos valmistetaan <strong data-start=\"4480\" data-end=\"4503\">\u2265 98% puhdas 5-MAPB<\/strong>, liuotettuna <strong data-start=\"4521\" data-end=\"4553\">tutkimusluokan liuotin<\/strong>ja pakattu <strong data-start=\"4573\" data-end=\"4607\">meripihkanv\u00e4rinen 5 ml:n lasiputki<\/strong> suojaamaan valolta ja hapettumiselta.<\/p>\n<blockquote data-start=\"4652\" data-end=\"4798\">\n<p data-start=\"4654\" data-end=\"4798\">\u26a0\ufe0f <strong data-start=\"4657\" data-end=\"4668\">HUOM:<\/strong> T\u00e4m\u00e4 tuote on tarkoitettu ainoastaan <strong data-start=\"4709\" data-end=\"4744\">tutkimus- ja analyyttinen k\u00e4ytt\u00f6<\/strong> \u2014 <strong data-start=\"4747\" data-end=\"4795\">ei ihmisten tai el\u00e4inten ravinnoksi<\/strong>.<\/p>\n<\/blockquote>\n<hr data-start=\"4800\" data-end=\"4803\" \/>\n<h3 data-start=\"4805\" data-end=\"4836\"><strong data-start=\"4809\" data-end=\"4836\">T\u00e4rkeimm\u00e4t ominaisuudet<\/strong><\/h3>\n<div class=\"_tableContainer_1rjym_1\">\n<div class=\"group _tableWrapper_1rjym_13 flex w-fit flex-col-reverse\" tabindex=\"-1\">\n<table class=\"w-fit min-w-(--thread-content-width)\" data-start=\"4838\" data-end=\"5435\">\n<thead data-start=\"4838\" data-end=\"4864\">\n<tr data-start=\"4838\" data-end=\"4864\">\n<th data-start=\"4838\" data-end=\"4848\" data-col-size=\"sm\">Ominaisuus<\/th>\n<th data-start=\"4848\" data-end=\"4864\" data-col-size=\"md\">Kuvaus<\/th>\n<\/tr>\n<\/thead>\n<tbody data-start=\"4893\" data-end=\"5435\">\n<tr data-start=\"4893\" data-end=\"4951\">\n<td data-start=\"4893\" data-end=\"4914\" data-col-size=\"sm\"><strong data-start=\"4895\" data-end=\"4913\">Kemiallinen nimi<\/strong><\/td>\n<td data-start=\"4914\" data-end=\"4951\" data-col-size=\"md\">5-(2-metyyliaminopropyyli)bentsofuraani<\/td>\n<\/tr>\n<tr data-start=\"4952\" data-end=\"4987\">\n<td data-start=\"4952\" data-end=\"4977\" data-col-size=\"sm\"><strong data-start=\"4954\" data-end=\"4976\">Yleinen nimi<\/strong><\/td>\n<td data-start=\"4977\" data-end=\"4987\" data-col-size=\"md\">5-MAPB<\/td>\n<\/tr>\n<tr data-start=\"4988\" data-end=\"5024\">\n<td data-start=\"4988\" data-end=\"5012\" data-col-size=\"sm\"><strong data-start=\"4990\" data-end=\"5011\">Kemiallinen kaava<\/strong><\/td>\n<td data-start=\"5012\" data-end=\"5024\" data-col-size=\"md\">C\u2081\u2082H\u2081\u2087NO<\/td>\n<\/tr>\n<tr data-start=\"5025\" data-end=\"5063\">\n<td data-start=\"5025\" data-end=\"5047\" data-col-size=\"sm\"><strong data-start=\"5027\" data-end=\"5046\">Molekyylipaino<\/strong><\/td>\n<td data-start=\"5047\" data-end=\"5063\" data-col-size=\"md\">191,27 g\/mol<\/td>\n<\/tr>\n<tr data-start=\"5064\" data-end=\"5125\">\n<td data-start=\"5064\" data-end=\"5075\" data-col-size=\"sm\"><strong data-start=\"5066\" data-end=\"5074\">Lomake<\/strong><\/td>\n<td data-start=\"5075\" data-end=\"5125\" data-col-size=\"md\">Nestem\u00e4inen liuos (testiliuottimessa)<\/td>\n<\/tr>\n<tr data-start=\"5126\" data-end=\"5189\">\n<td data-start=\"5126\" data-end=\"5145\" data-col-size=\"sm\"><strong data-start=\"5128\" data-end=\"5144\">Keskittyminen<\/strong><\/td>\n<td data-start=\"5145\" data-end=\"5189\" data-col-size=\"md\">Laboratoriostandardi (er\u00e4kohtainen)<\/td>\n<\/tr>\n<tr data-start=\"5190\" data-end=\"5237\">\n<td data-start=\"5190\" data-end=\"5203\" data-col-size=\"sm\"><strong data-start=\"5192\" data-end=\"5202\">\u00c4\u00e4nenvoimakkuus<\/strong><\/td>\n<td data-start=\"5203\" data-end=\"5237\" data-col-size=\"md\">5 ml:n meripihkanv\u00e4rinen lasiputki<\/td>\n<\/tr>\n<tr data-start=\"5238\" data-end=\"5289\">\n<td data-start=\"5238\" data-end=\"5255\" data-col-size=\"sm\"><strong data-start=\"5240\" data-end=\"5254\">Puhtaus<\/strong><\/td>\n<td data-start=\"5255\" data-end=\"5289\" data-col-size=\"md\">\u2265 98% (testattu HPLC- ja NMR-menetelmill\u00e4)<\/td>\n<\/tr>\n<tr data-start=\"5290\" data-end=\"5369\">\n<td data-start=\"5290\" data-end=\"5304\" data-col-size=\"sm\"><strong data-start=\"5292\" data-end=\"5303\">K\u00e4ytt\u00f6<\/strong><\/td>\n<td data-start=\"5304\" data-end=\"5369\" data-col-size=\"md\">Vain analyyttiseen, rikostekniseen ja neurokemialliseen tutkimukseen<\/td>\n<\/tr>\n<tr data-start=\"5370\" data-end=\"5435\">\n<td data-start=\"5370\" data-end=\"5387\" data-col-size=\"sm\"><strong data-start=\"5372\" data-end=\"5386\">Pakkaus<\/strong><\/td>\n<td data-start=\"5387\" data-end=\"5435\" data-col-size=\"md\">Meripihkanv\u00e4rist\u00e4 lasia ilmatiiviill\u00e4 tiivisteell\u00e4<\/td>\n<\/tr>\n<\/tbody>\n<\/table>\n<\/div>\n<\/div>\n<hr data-start=\"5437\" data-end=\"5440\" \/>\n<h3 data-start=\"5442\" data-end=\"5459\"><strong data-start=\"5446\" data-end=\"5459\">Edut<\/strong><\/h3>\n<ul data-start=\"5461\" data-end=\"5878\">\n<li data-start=\"5461\" data-end=\"5556\">\n<p data-start=\"5463\" data-end=\"5556\"><strong data-start=\"5463\" data-end=\"5482\">Korkea puhtaus<\/strong> \u2013 Valmistele \u2265 98% puhtaalla 5-MAPB:ll\u00e4 luotettavien tutkimustulosten saamiseksi.<\/p>\n<\/li>\n<li data-start=\"5557\" data-end=\"5636\">\n<p data-start=\"5559\" data-end=\"5636\"><strong data-start=\"5559\" data-end=\"5586\">K\u00e4ytt\u00f6valmis liuos<\/strong> \u2013 5 ml:n tuubi yksinkertaistaa annostelua ja analysointia.<\/p>\n<\/li>\n<li data-start=\"5637\" data-end=\"5708\">\n<p data-start=\"5639\" data-end=\"5708\"><strong data-start=\"5639\" data-end=\"5662\">Valoa kest\u00e4v\u00e4 lasi<\/strong> \u2013 Suojaa yhteytt\u00e4 heikkenemiselt\u00e4. 5 mapb<\/p>\n<\/li>\n<li data-start=\"5709\" data-end=\"5799\">\n<p data-start=\"5711\" data-end=\"5799\"><strong data-start=\"5711\" data-end=\"5741\">Laajasti tutkimukseen sovellettavissa<\/strong> \u2013 Sopii GC\/MS-, LC-MS-, HPLC-, FTIR- ja UV-analyyseihin.<\/p>\n<\/li>\n<li data-start=\"5800\" data-end=\"5878\">\n<p data-start=\"5802\" data-end=\"5878\"><strong data-start=\"5802\" data-end=\"5825\">Er\u00e4ohjattu<\/strong> \u2013 Jokaisen er\u00e4n pitoisuus ja puhtaus testattiin.<\/p>\n<\/li>\n<\/ul>\n<hr data-start=\"5880\" data-end=\"5883\" \/>\n<h3 data-start=\"5885\" data-end=\"5937\"><strong data-start=\"5889\" data-end=\"5935\">K\u00e4ytt\u00f6 (vain tutkimustarkoituksiin)<\/strong><\/h3>\n<ol data-start=\"5939\" data-end=\"6330\">\n<li data-start=\"5939\" data-end=\"6033\">\n<p data-start=\"5942\" data-end=\"6033\"><strong data-start=\"5942\" data-end=\"5957\">K\u00e4sittely:<\/strong> K\u00e4yt\u00e4 k\u00e4sineit\u00e4, suojalaseja ja laboratoriotakkia; ty\u00f6skentele vetokaapissa.<\/p>\n<\/li>\n<li data-start=\"6034\" data-end=\"6096\">\n<p data-start=\"6037\" data-end=\"6096\"><strong data-start=\"6037\" data-end=\"6050\">Mitat:<\/strong> K\u00e4yt\u00e4 pipettej\u00e4 tarkkaan annosteluun.<\/p>\n<\/li>\n<li data-start=\"6097\" data-end=\"6167\">\n<p data-start=\"6100\" data-end=\"6167\"><strong data-start=\"6100\" data-end=\"6111\">S\u00e4ilytys:<\/strong> S\u00e4ilyt\u00e4 viile\u00e4ss\u00e4 (2\u20138 \u00b0C), kuivassa ja pime\u00e4ss\u00e4; ei saa j\u00e4\u00e4ty\u00e4.<\/p>\n<\/li>\n<li data-start=\"6168\" data-end=\"6263\">\n<p data-start=\"6171\" data-end=\"6263\"><strong data-start=\"6171\" data-end=\"6183\">Analyysi:<\/strong> Sopii kromatografiaan, spektroskopiaan ja rikostekniseen vertailuanalyysiin.<\/p>\n<\/li>\n<li data-start=\"6264\" data-end=\"6330\">\n<p data-start=\"6267\" data-end=\"6330\"><strong data-start=\"6267\" data-end=\"6284\">Dokumentaatio:<\/strong> Kirjaa er\u00e4numerot ja analyysitodistukset.<\/p>\n<\/li>\n<\/ol>\n<hr data-start=\"6332\" data-end=\"6335\" \/>\n<h3 data-start=\"6337\" data-end=\"6372\"><strong data-start=\"6341\" data-end=\"6370\">Usein kysytyt kysymykset (UKK)<\/strong><\/h3>\n<p data-start=\"6374\" data-end=\"6553\"><strong data-start=\"6374\" data-end=\"6395\">1. Mik\u00e4 on 5-MAPB?<\/strong><br data-start=\"6395\" data-end=\"6398\" \/><strong data-start=\"6398\" data-end=\"6444\">5-MAPB (5-(2-metyyliaminopropyyli)bentsofuraani)<\/strong> on <strong data-start=\"6452\" data-end=\"6490\">synteettinen bentsofuraaniyhdiste<\/strong> jota k\u00e4ytet\u00e4\u00e4n analyyttisess\u00e4 ja neurokemiallisessa tutkimuksessa.<\/p>\n<p data-start=\"6555\" data-end=\"6708\"><strong data-start=\"6555\" data-end=\"6598\">2. Mit\u00e4 5-MAPB 5 ml:n tuubi sis\u00e4lt\u00e4\u00e4?<\/strong><br data-start=\"6598\" data-end=\"6601\" \/>Putki sis\u00e4lt\u00e4\u00e4 <strong data-start=\"6618\" data-end=\"6642\">5 ml 5-MAPB-liuosta<\/strong> (puhtaus \u2265 98%), k\u00e4ytt\u00f6valmis laboratorioanalyyseiss\u00e4.<\/p>\n<p data-start=\"6710\" data-end=\"6922\"><strong data-start=\"6710\" data-end=\"6750\">3. Onko 5-MAPB:n ostaminen laillista?<\/strong><br data-start=\"6750\" data-end=\"6753\" \/>The <strong data-start=\"6756\" data-end=\"6781\">5-MAPB:n laillisuus<\/strong> vaihtelee maittain. Joissakin maissa sit\u00e4 s\u00e4\u00e4nnell\u00e4\u00e4n oopiumlailla; tarkista aina paikalliset lait ennen k\u00e4ytt\u00f6\u00e4 <strong data-start=\"6903\" data-end=\"6919\">5-MAPB-ostot<\/strong>.<\/p>\n<\/li>\n<\/ul>","protected":false},"excerpt":{"rendered":"<h2><strong><span dir=\"auto\" style=\"vertical-align: inherit;\"><span dir=\"auto\" style=\"vertical-align: inherit;\">5-MAPB 5 ml:n tuubi<\/span><\/span><\/strong><\/h2>","protected":false},"featured_media":29263,"comment_status":"closed","ping_status":"closed","template":"","meta":[],"product_brand":[],"product_cat":[555],"product_tag":[109,326],"class_list":{"0":"post-24494","1":"product","2":"type-product","3":"status-publish","4":"has-post-thumbnail","6":"product_cat-b2b","7":"product_tag-5-mapb","8":"product_tag-nl","10":"first","11":"instock","12":"taxable","13":"shipping-taxable","14":"purchasable","15":"product-type-variable"},"_links":{"self":[{"href":"https:\/\/onderzoekschemicals.com\/fi\/wp-json\/wp\/v2\/product\/24494","targetHints":{"allow":["GET"]}}],"collection":[{"href":"https:\/\/onderzoekschemicals.com\/fi\/wp-json\/wp\/v2\/product"}],"about":[{"href":"https:\/\/onderzoekschemicals.com\/fi\/wp-json\/wp\/v2\/types\/product"}],"replies":[{"embeddable":true,"href":"https:\/\/onderzoekschemicals.com\/fi\/wp-json\/wp\/v2\/comments?post=24494"}],"version-history":[{"count":5,"href":"https:\/\/onderzoekschemicals.com\/fi\/wp-json\/wp\/v2\/product\/24494\/revisions"}],"predecessor-version":[{"id":27782,"href":"https:\/\/onderzoekschemicals.com\/fi\/wp-json\/wp\/v2\/product\/24494\/revisions\/27782"}],"wp:featuredmedia":[{"embeddable":true,"href":"https:\/\/onderzoekschemicals.com\/fi\/wp-json\/wp\/v2\/media\/29263"}],"wp:attachment":[{"href":"https:\/\/onderzoekschemicals.com\/fi\/wp-json\/wp\/v2\/media?parent=24494"}],"wp:term":[{"taxonomy":"product_brand","embeddable":true,"href":"https:\/\/onderzoekschemicals.com\/fi\/wp-json\/wp\/v2\/product_brand?post=24494"},{"taxonomy":"product_cat","embeddable":true,"href":"https:\/\/onderzoekschemicals.com\/fi\/wp-json\/wp\/v2\/product_cat?post=24494"},{"taxonomy":"product_tag","embeddable":true,"href":"https:\/\/onderzoekschemicals.com\/fi\/wp-json\/wp\/v2\/product_tag?post=24494"}],"curies":[{"name":"wp","href":"https:\/\/api.w.org\/{rel}","templated":true}]}}