{"id":24377,"date":"2025-04-13T17:41:36","date_gmt":"2025-04-13T17:41:36","guid":{"rendered":"https:\/\/onderzoekschemicals.com\/?post_type=product&#038;p=24377"},"modified":"2025-10-12T09:20:48","modified_gmt":"2025-10-12T09:20:48","slug":"maxtc-5-mapb-4-fma-5-meo-mipt","status":"publish","type":"product","link":"https:\/\/onderzoekschemicals.com\/fi\/shop\/4fma-kopen\/maxtc-5-mapb-4-fma-5-meo-mipt\/","title":{"rendered":"MaXTC 5-MAPB\/4-FMA\/5-MeO-MiPT"},"content":{"rendered":"<h3 data-start=\"4388\" data-end=\"4409\"><strong data-start=\"4392\" data-end=\"4407\">Johdanto<\/strong><\/h3>\n<p data-start=\"4410\" data-end=\"4641\"><strong data-start=\"4410\" data-end=\"4449\">MaXTC (5-MAPB \/ 4-FMA \/ 5-MeO-MiPT)<\/strong> on <strong data-start=\"4457\" data-end=\"4488\">analyyttinen tutkimusyhdistelm\u00e4<\/strong> joka yhdist\u00e4\u00e4 kolme tunnettua yhdistett\u00e4 \u2014 <strong data-start=\"4532\" data-end=\"4542\">5-MAPB<\/strong>, <strong data-start=\"4544\" data-end=\"4553\">4-FMA<\/strong> ja <strong data-start=\"4557\" data-end=\"4571\">5-MeO-MiPT<\/strong> - varten <strong data-start=\"4579\" data-end=\"4638\">kromatografinen, oikeusl\u00e4\u00e4ketieteellinen ja neurokemiallinen tutkimus<\/strong>.maxtc<\/p>\n<p data-start=\"4643\" data-end=\"4898\">T\u00e4m\u00e4 ainutlaatuinen yhdistelm\u00e4 mahdollistaa <strong data-start=\"4688\" data-end=\"4769\">bentsofuraanin, amfetamiinin ja tryptamiinianalogien v\u00e4liset kemialliset vuorovaikutukset<\/strong> opiskella, mik\u00e4 antaa arvokasta tietoa <strong data-start=\"4820\" data-end=\"4862\">rakenne-aktiivisuussuhteet (SAR)<\/strong> ja <strong data-start=\"4866\" data-end=\"4895\">spektroskooppiset analyysit<\/strong>.<\/p>\n<p data-start=\"4900\" data-end=\"5167\">Jokainen MaXTC-er\u00e4 valmistetaan <strong data-start=\"4946\" data-end=\"4979\">tiukat laboratorio-olosuhteet<\/strong> ja testattu <strong data-start=\"4997\" data-end=\"5021\">puhtaus \u2265 98%<\/strong> kautta <strong data-start=\"5026\" data-end=\"5043\">HPLC ja GC\/MS<\/strong>Tuote toimitetaan <strong data-start=\"5080\" data-end=\"5107\">hieno kiteinen jauhe<\/strong> a:ssa <strong data-start=\"5115\" data-end=\"5164\">kosteutta kest\u00e4v\u00e4 uudelleensuljettava laboratoriopussi<\/strong>.<\/p>\n<blockquote data-start=\"5169\" data-end=\"5309\">\n<p data-start=\"5171\" data-end=\"5309\">\u26a0\ufe0f <strong data-start=\"5174\" data-end=\"5185\">HUOM:<\/strong> MaXTC on tarkoitettu yksinomaan <strong data-start=\"5220\" data-end=\"5255\">tutkimus- ja analyyttinen k\u00e4ytt\u00f6<\/strong> \u2014 <strong data-start=\"5258\" data-end=\"5306\">ei ihmisten tai el\u00e4inten ravinnoksi<\/strong>.<\/p>\n<\/blockquote>\n<hr data-start=\"5311\" data-end=\"5314\" \/>\n<h3 data-start=\"5316\" data-end=\"5347\"><strong data-start=\"5320\" data-end=\"5347\">T\u00e4rkeimm\u00e4t ominaisuudet<\/strong><\/h3>\n<div class=\"_tableContainer_1rjym_1\">\n<div class=\"group _tableWrapper_1rjym_13 flex w-fit flex-col-reverse\" tabindex=\"-1\">\n<table class=\"w-fit min-w-(--thread-content-width)\" data-start=\"5349\" data-end=\"5865\">\n<thead data-start=\"5349\" data-end=\"5375\">\n<tr data-start=\"5349\" data-end=\"5375\">\n<th data-start=\"5349\" data-end=\"5359\" data-col-size=\"sm\">Ominaisuus<\/th>\n<th data-start=\"5359\" data-end=\"5375\" data-col-size=\"md\">Kuvaus<\/th>\n<\/tr>\n<\/thead>\n<tbody data-start=\"5404\" data-end=\"5865\">\n<tr data-start=\"5404\" data-end=\"5461\">\n<td data-start=\"5404\" data-end=\"5422\" data-col-size=\"sm\"><strong data-start=\"5406\" data-end=\"5421\">Tuotteen nimi<\/strong><\/td>\n<td data-start=\"5422\" data-end=\"5461\" data-col-size=\"md\">MaXTC (5-MAPB \/ 4-FMA \/ 5-MeO-MiPT)<\/td>\n<\/tr>\n<tr data-start=\"5462\" data-end=\"5511\">\n<td data-start=\"5462\" data-end=\"5482\" data-col-size=\"sm\"><strong data-start=\"5464\" data-end=\"5481\">Yhdiste<\/strong><\/td>\n<td data-start=\"5482\" data-end=\"5511\" data-col-size=\"md\">5-MAPB, 4-FMA, 5-MeO-MiPT<\/td>\n<\/tr>\n<tr data-start=\"5512\" data-end=\"5585\">\n<td data-start=\"5512\" data-end=\"5535\" data-col-size=\"sm\"><strong data-start=\"5514\" data-end=\"5534\">Kemiallinen luokka<\/strong><\/td>\n<td data-start=\"5535\" data-end=\"5585\" data-col-size=\"md\">Bentsofuraani \/ amfetamiini \/ tryptamiinianalogit<\/td>\n<\/tr>\n<tr data-start=\"5586\" data-end=\"5624\">\n<td data-start=\"5586\" data-end=\"5597\" data-col-size=\"sm\"><strong data-start=\"5588\" data-end=\"5596\">Lomake<\/strong><\/td>\n<td data-start=\"5597\" data-end=\"5624\" data-col-size=\"md\">Hieno kiteinen jauhe<\/td>\n<\/tr>\n<tr data-start=\"5625\" data-end=\"5678\">\n<td data-start=\"5625\" data-end=\"5642\" data-col-size=\"sm\"><strong data-start=\"5627\" data-end=\"5641\">Puhtaus<\/strong><\/td>\n<td data-start=\"5642\" data-end=\"5678\" data-col-size=\"md\">\u2265 98% (testattu HPLC- ja GC\/MS-menetelmill\u00e4)<\/td>\n<\/tr>\n<tr data-start=\"5679\" data-end=\"5717\">\n<td data-start=\"5679\" data-end=\"5697\" data-col-size=\"sm\"><strong data-start=\"5681\" data-end=\"5696\">M\u00e4\u00e4r\u00e4<\/strong><\/td>\n<td data-start=\"5697\" data-end=\"5717\" data-col-size=\"md\">1 gramma pussia kohden<\/td>\n<\/tr>\n<tr data-start=\"5718\" data-end=\"5797\">\n<td data-start=\"5718\" data-end=\"5732\" data-col-size=\"sm\"><strong data-start=\"5720\" data-end=\"5731\">K\u00e4ytt\u00f6<\/strong><\/td>\n<td data-start=\"5732\" data-end=\"5797\" data-col-size=\"md\">Vain analyyttiseen, rikostekniseen ja neurokemialliseen tutkimukseen<\/td>\n<\/tr>\n<tr data-start=\"5798\" data-end=\"5865\">\n<td data-start=\"5798\" data-end=\"5815\" data-col-size=\"sm\"><strong data-start=\"5800\" data-end=\"5814\">Pakkaus<\/strong><\/td>\n<td data-start=\"5815\" data-end=\"5865\" data-col-size=\"md\">Uudelleensuljettava, kosteutta kest\u00e4v\u00e4 laboratoriopussi<\/td>\n<\/tr>\n<\/tbody>\n<\/table>\n<\/div>\n<\/div>\n<hr data-start=\"5867\" data-end=\"5870\" \/>\n<h3 data-start=\"5872\" data-end=\"5889\"><strong data-start=\"5876\" data-end=\"5889\">Edut<\/strong><\/h3>\n<ul data-start=\"5891\" data-end=\"6333\">\n<li data-start=\"5891\" data-end=\"5993\">\n<p data-start=\"5893\" data-end=\"5993\"><strong data-start=\"5893\" data-end=\"5926\">Kolminkertainen tutkimuskaava<\/strong> \u2013 Yhdist\u00e4\u00e4 kolme kemiallista luokkaa vertailevaa tutkimusta varten.<\/p>\n<\/li>\n<li data-start=\"5994\" data-end=\"6063\">\n<p data-start=\"5996\" data-end=\"6063\"><strong data-start=\"5996\" data-end=\"6015\">Korkea puhtaus<\/strong> \u2013 Jokainen komponentti \u2265 98%-laboratoriolaatua.<\/p>\n<\/li>\n<li data-start=\"6064\" data-end=\"6147\">\n<p data-start=\"6066\" data-end=\"6147\"><strong data-start=\"6066\" data-end=\"6096\">Laajasti tutkimukseen sovellettavissa<\/strong> \u2013 Sopii GC\/MS-, LC-MS-, FTIR-, NMR- ja HPLC-spektroskopioihin.<\/p>\n<\/li>\n<li data-start=\"6148\" data-end=\"6246\">\n<p data-start=\"6150\" data-end=\"6246\"><strong data-start=\"6150\" data-end=\"6176\">Vakaa ja luotettava<\/strong> \u2013 Pakattu kosteutta kest\u00e4v\u00e4\u00e4n materiaaliin pitk\u00e4n s\u00e4ilyvyyden takaamiseksi.<\/p>\n<\/li>\n<li data-start=\"6247\" data-end=\"6333\">\n<p data-start=\"6249\" data-end=\"6333\"><strong data-start=\"6249\" data-end=\"6274\">J\u00e4ljitett\u00e4v\u00e4 tuotanto<\/strong> \u2013 Jokainen er\u00e4 testataan ja toimitetaan analyysitodistuksella.<\/p>\n<\/li>\n<\/ul>\n<hr data-start=\"6335\" data-end=\"6338\" \/>\n<h3 data-start=\"6340\" data-end=\"6392\"><strong data-start=\"6344\" data-end=\"6390\">K\u00e4ytt\u00f6 (vain tutkimustarkoituksiin)<\/strong><\/h3>\n<ol data-start=\"6394\" data-end=\"6747\">\n<li data-start=\"6394\" data-end=\"6463\">\n<p data-start=\"6397\" data-end=\"6463\"><strong data-start=\"6397\" data-end=\"6412\">K\u00e4sittely:<\/strong> K\u00e4yt\u00e4 k\u00e4sineit\u00e4, suojalaseja ja laboratoriotakkia.<\/p>\n<\/li>\n<li data-start=\"6464\" data-end=\"6527\">\n<p data-start=\"6467\" data-end=\"6527\"><strong data-start=\"6467\" data-end=\"6480\">Mitat:<\/strong> K\u00e4yt\u00e4 tarkkoja laboratoriovaakoja.<\/p>\n<\/li>\n<li data-start=\"6528\" data-end=\"6582\">\n<p data-start=\"6531\" data-end=\"6582\"><strong data-start=\"6531\" data-end=\"6542\">S\u00e4ilytys:<\/strong> S\u00e4ilyt\u00e4 viile\u00e4ss\u00e4 (2\u20138 \u00b0C), kuivassa ja pime\u00e4ss\u00e4.<\/p>\n<\/li>\n<li data-start=\"6583\" data-end=\"6671\">\n<p data-start=\"6586\" data-end=\"6671\"><strong data-start=\"6586\" data-end=\"6598\">Analyysi:<\/strong> Sopii kromatografiaan, spektroskopiaan ja vertailevaan tutkimukseen.<\/p>\n<\/li>\n<li data-start=\"6672\" data-end=\"6747\">\n<p data-start=\"6675\" data-end=\"6747\"><strong data-start=\"6675\" data-end=\"6692\">Dokumentaatio:<\/strong> Kirjaa er\u00e4numerot ja testitulokset vaatimustenmukaisuuden varmistamiseksi.<\/p>\n<\/li>\n<\/ol>\n<hr data-start=\"6749\" data-end=\"6752\" \/>\n<h3 data-start=\"6754\" data-end=\"6789\"><strong data-start=\"6758\" data-end=\"6787\">Usein kysytyt kysymykset (UKK)<\/strong><\/h3>\n<p data-start=\"6791\" data-end=\"6964\"><strong data-start=\"6791\" data-end=\"6841\">1. Mik\u00e4 on MaXTC (5-MAPB \/ 4-FMA \/ 5-MeO-MiPT)?<\/strong><br data-start=\"6841\" data-end=\"6844\" \/><strong data-start=\"6844\" data-end=\"6853\">MaXTC<\/strong> on <strong data-start=\"6861\" data-end=\"6880\">tutkimussekoitus<\/strong> joka yhdist\u00e4\u00e4 kolme kemikaaliluokkaa edistyneit\u00e4 analyyttisi\u00e4 sovelluksia varten.<\/p>\n<p data-start=\"6966\" data-end=\"7070\"><strong data-start=\"6966\" data-end=\"6993\">2. Kuinka puhdasta MaXTC on?<\/strong><br data-start=\"6993\" data-end=\"6996\" \/>Jokainen er\u00e4 testataan ja sis\u00e4lt\u00e4\u00e4 <strong data-start=\"7026\" data-end=\"7046\">\u2265 98%-puhtaus<\/strong> kaikista komponenteista.<\/p>\n<p data-start=\"7072\" data-end=\"7284\"><strong data-start=\"7072\" data-end=\"7111\">3. Onko MaXTC:n ostaminen laillista?<\/strong><br data-start=\"7111\" data-end=\"7114\" \/>The <strong data-start=\"7117\" data-end=\"7141\">MaXTC:n laillisuus<\/strong> vaihtelee maittain yksitt\u00e4isten aineiden statuksesta riippuen. Tarkista aina paikalliset m\u00e4\u00e4r\u00e4ykset ennen k\u00e4ytt\u00f6\u00e4. <strong data-start=\"7266\" data-end=\"7281\">MaXTC ostaa<\/strong>.<\/p>","protected":false},"excerpt":{"rendered":"<p>Johdanto MaXTC (5-MAPB \/ 4-FMA \/ 5-MeO-MiPT) on analyyttinen tutkimusseos, joka yhdist\u00e4\u00e4 kolme tunnettua yhdistett\u00e4 \u2013 5-MAPB:n, 4-FMA:n ja<\/p>","protected":false},"featured_media":21157,"comment_status":"closed","ping_status":"closed","template":"","meta":[],"product_brand":[],"product_cat":[459,460,383,433,436,434,339,322,333,467,468,324,381],"product_tag":[664,326],"class_list":{"0":"post-24377","1":"product","2":"type-product","3":"status-publish","4":"has-post-thumbnail","6":"product_cat-4fma-kopen","7":"product_cat-4-fma-pellets","8":"product_cat-5-mapb","9":"product_cat-5-mapb-pellets","10":"product_cat-5-meo-mipt","11":"product_cat-5-meo-mipt-pellets","12":"product_cat-benzofuran","13":"product_cat-bijna-verboden","14":"product_cat-gefluoreerden","15":"product_cat-maxtc","16":"product_cat-maxtc-pellets","17":"product_cat-pellets-for-pellet","18":"product_cat-tryptamines","19":"product_tag-maxtc","20":"product_tag-nl","22":"first","23":"instock","24":"taxable","25":"shipping-taxable","26":"purchasable","27":"product-type-variable"},"_links":{"self":[{"href":"https:\/\/onderzoekschemicals.com\/fi\/wp-json\/wp\/v2\/product\/24377","targetHints":{"allow":["GET"]}}],"collection":[{"href":"https:\/\/onderzoekschemicals.com\/fi\/wp-json\/wp\/v2\/product"}],"about":[{"href":"https:\/\/onderzoekschemicals.com\/fi\/wp-json\/wp\/v2\/types\/product"}],"replies":[{"embeddable":true,"href":"https:\/\/onderzoekschemicals.com\/fi\/wp-json\/wp\/v2\/comments?post=24377"}],"version-history":[{"count":5,"href":"https:\/\/onderzoekschemicals.com\/fi\/wp-json\/wp\/v2\/product\/24377\/revisions"}],"predecessor-version":[{"id":27797,"href":"https:\/\/onderzoekschemicals.com\/fi\/wp-json\/wp\/v2\/product\/24377\/revisions\/27797"}],"wp:featuredmedia":[{"embeddable":true,"href":"https:\/\/onderzoekschemicals.com\/fi\/wp-json\/wp\/v2\/media\/21157"}],"wp:attachment":[{"href":"https:\/\/onderzoekschemicals.com\/fi\/wp-json\/wp\/v2\/media?parent=24377"}],"wp:term":[{"taxonomy":"product_brand","embeddable":true,"href":"https:\/\/onderzoekschemicals.com\/fi\/wp-json\/wp\/v2\/product_brand?post=24377"},{"taxonomy":"product_cat","embeddable":true,"href":"https:\/\/onderzoekschemicals.com\/fi\/wp-json\/wp\/v2\/product_cat?post=24377"},{"taxonomy":"product_tag","embeddable":true,"href":"https:\/\/onderzoekschemicals.com\/fi\/wp-json\/wp\/v2\/product_tag?post=24377"}],"curies":[{"name":"wp","href":"https:\/\/api.w.org\/{rel}","templated":true}]}}