{"id":24262,"date":"2025-04-13T17:41:21","date_gmt":"2025-04-13T17:41:21","guid":{"rendered":"https:\/\/onderzoekschemicals.com\/?post_type=product&#038;p=24262"},"modified":"2025-10-12T19:22:48","modified_gmt":"2025-10-12T19:22:48","slug":"beta-k-2c-b-zakje-3-pellets","status":"publish","type":"product","link":"https:\/\/onderzoekschemicals.com\/fi\/shop\/b2b\/beta-k-2c-b-zakje-3-pellets\/","title":{"rendered":"RC+ Beta-k-2C-B pussi 3 pelletti\u00e4"},"content":{"rendered":"<h2 data-start=\"4868\" data-end=\"4894\"><strong data-start=\"4871\" data-end=\"4894\">Tuotekuvaus<\/strong><\/h2>\n<p data-start=\"4896\" data-end=\"5173\"><strong data-start=\"4896\" data-end=\"4931\">RC+ Beta-k-2C-B pussi 3 pelletti\u00e4<\/strong> on <strong data-start=\"4939\" data-end=\"4976\">korkealaatuista tutkimusmateriaalia<\/strong>, joka on tarkoitettu analyyttiseen, oikeusl\u00e4\u00e4ketieteelliseen ja akateemiseen laboratoriotutkimukseen. T\u00e4m\u00e4 yhdiste on osa <strong data-start=\"5089\" data-end=\"5102\">RC+-sarja<\/strong> ja tukee tutkimusta, joka koskee <strong data-start=\"5137\" data-end=\"5170\">uudet fenetyyliamiinianalogit<\/strong>.<\/p>\n<p data-start=\"5175\" data-end=\"5338\">Jokainen pakkaus sis\u00e4lt\u00e4\u00e4 <strong data-start=\"5197\" data-end=\"5237\">kolme tarkkuusvalmisteista pelletti\u00e4<\/strong>, tuotettu valvotuissa olosuhteissa maksimaalisen tasaisuuden ja toistettavuuden saavuttamiseksi.<\/p>\n<p data-start=\"5340\" data-end=\"5480\">\u26a0\ufe0f <strong data-start=\"5343\" data-end=\"5358\">T\u00e4rke\u00e4\u00e4:<\/strong> T\u00e4m\u00e4 tuote on <strong data-start=\"5374\" data-end=\"5423\">tarkoitettu vain tutkimustarkoituksiin<\/strong> ja <strong data-start=\"5427\" data-end=\"5479\">ei sovellu ihmisten tai el\u00e4inten k\u00e4ytt\u00f6\u00f6n<\/strong>.<\/p>\n<hr data-start=\"5482\" data-end=\"5485\" \/>\n<h2 data-start=\"5487\" data-end=\"5517\"><strong data-start=\"5490\" data-end=\"5517\">T\u00e4rkeimm\u00e4t ominaisuudet<\/strong><\/h2>\n<ul data-start=\"5519\" data-end=\"5905\">\n<li data-start=\"5519\" data-end=\"5570\">\n<p data-start=\"5521\" data-end=\"5570\"><strong data-start=\"5521\" data-end=\"5540\">Korkea puhtaus<\/strong> laboratoriostandardien mukaisesti.<\/p>\n<\/li>\n<li data-start=\"5571\" data-end=\"5643\">\n<p data-start=\"5573\" data-end=\"5643\"><strong data-start=\"5573\" data-end=\"5604\">Standardoitu annostus<\/strong> \u2013 jokainen pelletti on koostettu tarkasti.<\/p>\n<\/li>\n<li data-start=\"5644\" data-end=\"5715\">\n<p data-start=\"5646\" data-end=\"5715\"><strong data-start=\"5646\" data-end=\"5670\">Vakaa koostumus<\/strong> \u2013 kest\u00e4v\u00e4 hajoamiselle varastoinnin aikana.<\/p>\n<\/li>\n<li data-start=\"5716\" data-end=\"5795\">\n<p data-start=\"5718\" data-end=\"5795\"><strong data-start=\"5718\" data-end=\"5740\">Turvallinen pakkaus<\/strong> \u2013 ilmatiivis ja suljettu maksimaalisen suojan takaamiseksi.<\/p>\n<\/li>\n<li data-start=\"5796\" data-end=\"5905\">\n<p data-start=\"5798\" data-end=\"5905\"><strong data-start=\"5798\" data-end=\"5824\">EU-asetusten mukaisesti<\/strong> \u2013 valmistettu tutkimuskemikaalien turvallisuusm\u00e4\u00e4r\u00e4ysten mukaisesti.<\/p>\n<\/li>\n<\/ul>\n<hr data-start=\"5907\" data-end=\"5910\" \/>\n<h2 data-start=\"5912\" data-end=\"5946\"><strong data-start=\"5915\" data-end=\"5946\">Tutkijoiden hy\u00f6dyt<\/strong><\/h2>\n<ul data-start=\"5948\" data-end=\"6258\">\n<li data-start=\"5948\" data-end=\"6025\">\n<p data-start=\"5950\" data-end=\"6025\">Tukee <strong data-start=\"5962\" data-end=\"6003\">toksikologinen ja analyyttinen tutkimus<\/strong> 2C-B-analogeihin.<\/p>\n<\/li>\n<li data-start=\"6026\" data-end=\"6087\">\n<p data-start=\"6028\" data-end=\"6087\">Sopii <strong data-start=\"6042\" data-end=\"6084\">oikeusl\u00e4\u00e4ketieteellinen ja farmakologinen tutkimus<\/strong>.<\/p>\n<\/li>\n<li data-start=\"6088\" data-end=\"6139\">\n<p data-start=\"6090\" data-end=\"6139\">Auttaa <strong data-start=\"6100\" data-end=\"6136\">rakenteelliset vertailututkimukset<\/strong>.<\/p>\n<\/li>\n<li data-start=\"6140\" data-end=\"6192\">\n<p data-start=\"6142\" data-end=\"6192\">Tarjoukset <strong data-start=\"6148\" data-end=\"6189\">korkealaatuisia vertailun\u00e4ytteit\u00e4<\/strong>.<\/p>\n<\/li>\n<li data-start=\"6193\" data-end=\"6258\">\n<p data-start=\"6195\" data-end=\"6258\">Sopii <strong data-start=\"6209\" data-end=\"6255\">LC-MS-, GC-MS- ja NMR-menetelmien kehitys<\/strong>.<\/p>\n<\/li>\n<\/ul>\n<hr data-start=\"6260\" data-end=\"6263\" \/>\n<h2 data-start=\"6265\" data-end=\"6299\"><strong data-start=\"6268\" data-end=\"6299\">K\u00e4ytt\u00f6 (tutkimuskonteksti)<\/strong><\/h2>\n<ol data-start=\"6301\" data-end=\"6567\">\n<li data-start=\"6301\" data-end=\"6346\">\n<p data-start=\"6304\" data-end=\"6346\">K\u00e4yt\u00e4 ainoastaan akkreditoiduissa laboratorioissa.<\/p>\n<\/li>\n<li data-start=\"6347\" data-end=\"6407\">\n<p data-start=\"6350\" data-end=\"6407\">K\u00e4yt\u00e4 k\u00e4sineit\u00e4, suojalaseja ja laboratoriotakkia.<\/p>\n<\/li>\n<li data-start=\"6408\" data-end=\"6469\">\n<p data-start=\"6411\" data-end=\"6469\">K\u00e4yt\u00e4 tarkkuusmittareita tarkkojen mittausten tekemiseen.<\/p>\n<\/li>\n<li data-start=\"6470\" data-end=\"6517\">\n<p data-start=\"6473\" data-end=\"6517\">S\u00e4ilyt\u00e4 viile\u00e4ss\u00e4, kuivassa ja pime\u00e4ss\u00e4 (alle 25 \u00b0C).<\/p>\n<\/li>\n<li data-start=\"6518\" data-end=\"6567\">\n<p data-start=\"6521\" data-end=\"6567\">H\u00e4vit\u00e4 j\u00e4\u00e4nn\u00f6kset paikallisten m\u00e4\u00e4r\u00e4ysten mukaisesti.<\/p>\n<\/li>\n<\/ol>\n<blockquote data-start=\"6569\" data-end=\"6664\">\n<p data-start=\"6571\" data-end=\"6664\"><strong data-start=\"6571\" data-end=\"6582\">HUOM:<\/strong> <em data-start=\"6583\" data-end=\"6616\">RC+ Beta-k-2C-B pussi 3 pelletti\u00e4<\/em> on <strong data-start=\"6620\" data-end=\"6663\">ei tarkoitettu ihmisravinnoksi<\/strong>.<\/p>\n<\/blockquote>\n<hr data-start=\"6666\" data-end=\"6669\" \/>\n<h2 data-start=\"6671\" data-end=\"6705\"><strong data-start=\"6674\" data-end=\"6705\">Usein kysytyt kysymykset (UKK)<\/strong><\/h2>\n<h3 data-start=\"6707\" data-end=\"6758\"><strong data-start=\"6711\" data-end=\"6758\">1. Mihin RC+ Beta-k-2C-B:t\u00e4 k\u00e4ytet\u00e4\u00e4n?<\/strong><\/h3>\n<p data-start=\"6759\" data-end=\"6859\">T\u00e4t\u00e4 kangasta k\u00e4ytet\u00e4\u00e4n mm. <strong data-start=\"6789\" data-end=\"6830\">analyyttinen ja toksikologinen tutkimus<\/strong> fenetyyliamiinianalogeihin.<\/p>\n<hr data-start=\"6861\" data-end=\"6864\" \/>\n<h3 data-start=\"6866\" data-end=\"6909\"><strong data-start=\"6870\" data-end=\"6909\">2. Kuinka monta pelletti\u00e4 yksi pussi sis\u00e4lt\u00e4\u00e4?<\/strong><\/h3>\n<p data-start=\"6910\" data-end=\"7003\">Jokainen pussi sis\u00e4lt\u00e4\u00e4 <strong data-start=\"6926\" data-end=\"6939\">3 pelletti\u00e4<\/strong>, koottu huolellisesti johdonmukaisten tutkimustulosten saavuttamiseksi.<\/p>\n<hr data-start=\"7005\" data-end=\"7008\" \/>\n<h3 data-start=\"7010\" data-end=\"7082\"><strong data-start=\"7014\" data-end=\"7082\">3. Voinko ostaa RC+ Beta-k-2C-B -pellettien pussin, jossa on 3 pelletti\u00e4, yksityishenkil\u00f6n\u00e4?<\/strong><\/h3>\n<p data-start=\"7083\" data-end=\"7187\">Ei, vain <strong data-start=\"7095\" data-end=\"7129\">tunnustetut tutkimuslaitokset<\/strong> voivat ostaa t\u00e4m\u00e4n tuotteen asianmukaisilla luvilla.<\/p>\n<hr data-start=\"7189\" data-end=\"7192\" \/>\n<h2 data-start=\"7194\" data-end=\"7222\"><strong data-start=\"7197\" data-end=\"7222\">Turvallisuustiedot<\/strong><\/h2>\n<ul data-start=\"7224\" data-end=\"7402\">\n<li data-start=\"7224\" data-end=\"7276\">\n<p data-start=\"7226\" data-end=\"7276\">K\u00e4yt\u00e4 ainoastaan laboratorioymp\u00e4rist\u00f6ss\u00e4.<\/p>\n<\/li>\n<li data-start=\"7277\" data-end=\"7314\">\n<p data-start=\"7279\" data-end=\"7314\">V\u00e4lt\u00e4 kosketusta ihoon ja silmiin.<\/p>\n<\/li>\n<li data-start=\"7315\" data-end=\"7346\">\n<p data-start=\"7317\" data-end=\"7346\">\u00c4l\u00e4 hengit\u00e4 tai niele.<\/p>\n<\/li>\n<li data-start=\"7347\" data-end=\"7402\">\n<p data-start=\"7349\" data-end=\"7402\">Pid\u00e4 lukittuna ja poissa luvattomien henkil\u00f6iden ulottuvilta.<\/p>\n<\/li>\n<\/ul>","protected":false},"excerpt":{"rendered":"<p><strong><span dir=\"auto\" style=\"vertical-align: inherit;\"><span dir=\"auto\" style=\"vertical-align: inherit;\">Synonyymi:<\/span><\/span><\/strong><span dir=\"auto\" style=\"vertical-align: inherit;\"><span dir=\"auto\" style=\"vertical-align: inherit;\"> bk-2C-B <\/span><\/span><br \/>\n<strong><span dir=\"auto\" style=\"vertical-align: inherit;\"><span dir=\"auto\" style=\"vertical-align: inherit;\">CAS-numero: <\/span><\/span><\/strong><br \/>\n<strong><span dir=\"auto\" style=\"vertical-align: inherit;\"><span dir=\"auto\" style=\"vertical-align: inherit;\">Kaava:<\/span><\/span><\/strong><span dir=\"auto\" style=\"vertical-align: inherit;\"><span dir=\"auto\" style=\"vertical-align: inherit;\"> 2-amino-1-(4-bromi-2,5-dimetoksifenyyli)etanonihydrokloridi <\/span><\/span><br \/>\n<strong><span dir=\"auto\" style=\"vertical-align: inherit;\"><span dir=\"auto\" style=\"vertical-align: inherit;\">Moolimassa:<\/span><\/span><\/strong><span dir=\"auto\" style=\"vertical-align: inherit;\"><span dir=\"auto\" style=\"vertical-align: inherit;\"> 296,6 g\/mol <\/span><\/span><br \/>\n<strong><span dir=\"auto\" style=\"vertical-align: inherit;\"><span dir=\"auto\" style=\"vertical-align: inherit;\">Puhtaus:<\/span><\/span><\/strong><span dir=\"auto\" style=\"vertical-align: inherit;\"><span dir=\"auto\" style=\"vertical-align: inherit;\"> &gt;97%<\/span><\/span><\/p>","protected":false},"featured_media":21346,"comment_status":"closed","ping_status":"closed","template":"","meta":[],"product_brand":[82],"product_cat":[555],"product_tag":[869,244,867,326,868],"class_list":{"0":"post-24262","1":"product","2":"type-product","3":"status-publish","4":"has-post-thumbnail","6":"product_brand-research-chemical","7":"product_cat-b2b","8":"product_tag-2c-b-analogon-pellets","9":"product_tag-beta-k-2c-b","10":"product_tag-beta-k-2c-b-onderzoek","11":"product_tag-nl","12":"product_tag-rc-psychedelische-fenethylamine","14":"first","15":"instock","16":"taxable","17":"shipping-taxable","18":"purchasable","19":"product-type-variable"},"_links":{"self":[{"href":"https:\/\/onderzoekschemicals.com\/fi\/wp-json\/wp\/v2\/product\/24262","targetHints":{"allow":["GET"]}}],"collection":[{"href":"https:\/\/onderzoekschemicals.com\/fi\/wp-json\/wp\/v2\/product"}],"about":[{"href":"https:\/\/onderzoekschemicals.com\/fi\/wp-json\/wp\/v2\/types\/product"}],"replies":[{"embeddable":true,"href":"https:\/\/onderzoekschemicals.com\/fi\/wp-json\/wp\/v2\/comments?post=24262"}],"version-history":[{"count":4,"href":"https:\/\/onderzoekschemicals.com\/fi\/wp-json\/wp\/v2\/product\/24262\/revisions"}],"predecessor-version":[{"id":27821,"href":"https:\/\/onderzoekschemicals.com\/fi\/wp-json\/wp\/v2\/product\/24262\/revisions\/27821"}],"wp:featuredmedia":[{"embeddable":true,"href":"https:\/\/onderzoekschemicals.com\/fi\/wp-json\/wp\/v2\/media\/21346"}],"wp:attachment":[{"href":"https:\/\/onderzoekschemicals.com\/fi\/wp-json\/wp\/v2\/media?parent=24262"}],"wp:term":[{"taxonomy":"product_brand","embeddable":true,"href":"https:\/\/onderzoekschemicals.com\/fi\/wp-json\/wp\/v2\/product_brand?post=24262"},{"taxonomy":"product_cat","embeddable":true,"href":"https:\/\/onderzoekschemicals.com\/fi\/wp-json\/wp\/v2\/product_cat?post=24262"},{"taxonomy":"product_tag","embeddable":true,"href":"https:\/\/onderzoekschemicals.com\/fi\/wp-json\/wp\/v2\/product_tag?post=24262"}],"curies":[{"name":"wp","href":"https:\/\/api.w.org\/{rel}","templated":true}]}}