{"id":24192,"date":"2025-04-13T17:41:13","date_gmt":"2025-04-13T17:41:13","guid":{"rendered":"https:\/\/onderzoekschemicals.com\/?post_type=product&#038;p=24192"},"modified":"2025-10-12T20:43:01","modified_gmt":"2025-10-12T20:43:01","slug":"3-fpm-kopen","status":"publish","type":"product","link":"https:\/\/onderzoekschemicals.com\/fi\/shop\/b2b\/3-fpm-kopen\/","title":{"rendered":"RC+ Fluor 3-FPM 50 mg pakkaus"},"content":{"rendered":"<h3 data-start=\"4920\" data-end=\"4939\"><strong data-start=\"4924\" data-end=\"4939\">Johdanto<\/strong><\/h3>\n<p data-start=\"4940\" data-end=\"5222\">The <strong data-start=\"4943\" data-end=\"4971\">RC+ Fluor 3-FPM 50 mg pakkaus<\/strong> on <strong data-start=\"4979\" data-end=\"5009\">eritt\u00e4in puhdasta tutkimusainetta<\/strong> alkaen <strong data-start=\"5017\" data-end=\"5054\">fenetyyliamiini ja stimulanttiluokka<\/strong>Kemiallisesti tunnettu nimell\u00e4 <strong data-start=\"5076\" data-end=\"5099\">3-fluorofeenimetratsiini<\/strong>, onko t\u00e4m\u00e4 <strong data-start=\"5112\" data-end=\"5153\">Fenmetratsiinin fluorattu variantti<\/strong>, kehitetty <strong data-start=\"5171\" data-end=\"5219\">neurokemiallinen ja psykostimulanttitutkimus<\/strong>. 3 fpm osta<\/p>\n<p data-start=\"5224\" data-end=\"5556\">Rakenteen ansiosta vaikutus <strong data-start=\"5263\" data-end=\"5302\">dopamiinin ja noradrenaliinin takaisinotto<\/strong> tutkitaan laajasti. T\u00e4m\u00e4 tekee siit\u00e4 arvokkaan materiaalin <strong data-start=\"5375\" data-end=\"5449\">k\u00e4ytt\u00e4ytymisneurotiede, farmakologinen tutkimus ja analyyttinen kemia<\/strong>Jokainen 50 mg:n tabletti on huolellisesti valmistettu maksimaalisen tehon saavuttamiseksi. <strong data-start=\"5509\" data-end=\"5555\">tarkkuus, puhtaus ja johdonmukaisuus<\/strong>.<\/p>\n<hr data-start=\"5558\" data-end=\"5561\" \/>\n<h3 data-start=\"5563\" data-end=\"5594\"><strong data-start=\"5567\" data-end=\"5594\">T\u00e4rkeimm\u00e4t ominaisuudet<\/strong><\/h3>\n<ul data-start=\"5595\" data-end=\"6109\">\n<li data-start=\"5595\" data-end=\"5680\">\n<p data-start=\"5597\" data-end=\"5680\"><strong data-start=\"5597\" data-end=\"5623\">Analyyttinen laatu:<\/strong> Sis\u00e4lt\u00e4\u00e4 <strong data-start=\"5630\" data-end=\"5666\">50 mg 3-fluorofeenimetratsiinia (3-FPM)<\/strong> tablettia kohden.<\/p>\n<\/li>\n<li data-start=\"5681\" data-end=\"5763\">\n<p data-start=\"5683\" data-end=\"5763\"><strong data-start=\"5683\" data-end=\"5708\">Tutkimuksen puhtaus:<\/strong> Testattu <strong data-start=\"5719\" data-end=\"5760\">kemiallinen konsistenssi ja stabiilius<\/strong>.<\/p>\n<\/li>\n<li data-start=\"5764\" data-end=\"5889\">\n<p data-start=\"5766\" data-end=\"5889\"><strong data-start=\"5766\" data-end=\"5799\">Ammattimainen RC+-pakkaus:<\/strong> Toimitettu <strong data-start=\"5812\" data-end=\"5849\">kosteutta kest\u00e4v\u00e4t, suljetut laatikot<\/strong> selkeill\u00e4 laboratoriotarroilla.<\/p>\n<\/li>\n<li data-start=\"5890\" data-end=\"5982\">\n<p data-start=\"5892\" data-end=\"5982\"><strong data-start=\"5892\" data-end=\"5924\">J\u00e4ljitett\u00e4v\u00e4t er\u00e4tiedot:<\/strong> Jokainen er\u00e4 sis\u00e4lt\u00e4\u00e4 <strong data-start=\"5942\" data-end=\"5979\">er\u00e4numerot ja analyysitodistukset<\/strong>.<\/p>\n<\/li>\n<li data-start=\"5983\" data-end=\"6109\">\n<p data-start=\"5985\" data-end=\"6109\"><strong data-start=\"5985\" data-end=\"6021\">Luotettava toistettavuus:<\/strong> Suunniteltu <strong data-start=\"6037\" data-end=\"6061\">johdonmukaisia tuloksia<\/strong> kontrolloiduissa laboratorio-olosuhteissa.<\/p>\n<\/li>\n<\/ul>\n<hr data-start=\"6111\" data-end=\"6114\" \/>\n<h3 data-start=\"6116\" data-end=\"6133\"><strong data-start=\"6120\" data-end=\"6133\">Edut<\/strong><\/h3>\n<ul data-start=\"6134\" data-end=\"6559\">\n<li data-start=\"6134\" data-end=\"6209\">\n<p data-start=\"6136\" data-end=\"6209\">Sopii <strong data-start=\"6150\" data-end=\"6177\">neurokemiallinen tutkimus<\/strong> stimuloivaan toimintaan.<\/p>\n<\/li>\n<li data-start=\"6210\" data-end=\"6299\">\n<p data-start=\"6212\" data-end=\"6299\">Tukee <strong data-start=\"6224\" data-end=\"6250\">vertailevat analyysit<\/strong> fenmetratsiinin ja vastaavien yhdisteiden kanssa.<\/p>\n<\/li>\n<li data-start=\"6300\" data-end=\"6380\">\n<p data-start=\"6302\" data-end=\"6380\">Sovellettava <strong data-start=\"6316\" data-end=\"6351\">k\u00e4ytt\u00e4ytymis- ja kognitiivinen tutkimus<\/strong> stimuloiviin mekanismeihin.<\/p>\n<\/li>\n<li data-start=\"6381\" data-end=\"6455\">\n<p data-start=\"6383\" data-end=\"6455\">Tarjoukset <strong data-start=\"6389\" data-end=\"6431\">vakaat farmakologiset ominaisuudet<\/strong> toistuvia testej\u00e4 varten.<\/p>\n<\/li>\n<li data-start=\"6456\" data-end=\"6559\">\n<p data-start=\"6458\" data-end=\"6559\">Ihanteellinen <strong data-start=\"6470\" data-end=\"6520\">akateeminen, rikostekninen ja analyyttinen tutkimus<\/strong> suunnattu <strong data-start=\"6532\" data-end=\"6556\">dopaminergiset j\u00e4rjestelm\u00e4t<\/strong>. 3 fpm osta<\/p>\n<\/li>\n<\/ul>\n<hr data-start=\"6561\" data-end=\"6564\" \/>\n<h3 data-start=\"6566\" data-end=\"6581\"><strong data-start=\"6570\" data-end=\"6581\">K\u00e4ytt\u00f6<\/strong><\/h3>\n<p data-start=\"6582\" data-end=\"6706\">The <strong data-start=\"6585\" data-end=\"6613\">RC+ Fluor 3-FPM 50 mg pakkaus<\/strong> on tarkoitettu yksinomaan <strong data-start=\"6642\" data-end=\"6680\">tutkimus- ja analyysisovellukset<\/strong>.<br data-start=\"6681\" data-end=\"6684\" \/>Tutkijoiden tulisi:<\/p>\n<ul data-start=\"6707\" data-end=\"6979\">\n<li data-start=\"6707\" data-end=\"6784\">\n<p data-start=\"6709\" data-end=\"6784\">K\u00e4yt\u00e4 suojavaatetusta (<strong data-start=\"6741\" data-end=\"6780\">k\u00e4sineet, suojalasit, laboratoriotakki<\/strong>).<\/p>\n<\/li>\n<li data-start=\"6785\" data-end=\"6857\">\n<p data-start=\"6787\" data-end=\"6857\">S\u00e4ilytett\u00e4v\u00e4 alla <strong data-start=\"6804\" data-end=\"6812\">25\u00b0C<\/strong> p\u00e4\u00e4ll\u00e4 <strong data-start=\"6820\" data-end=\"6854\">viile\u00e4ss\u00e4, kuivassa ja pime\u00e4ss\u00e4 paikassa<\/strong>.<\/p>\n<\/li>\n<li data-start=\"6858\" data-end=\"6913\">\n<p data-start=\"6860\" data-end=\"6913\">Ota yhteytt\u00e4 <strong data-start=\"6872\" data-end=\"6897\">valo, ilma ja kosteus<\/strong> v\u00e4ltt\u00e4\u00e4kseen.<\/p>\n<\/li>\n<li data-start=\"6914\" data-end=\"6979\">\n<p data-start=\"6916\" data-end=\"6979\"><strong data-start=\"6916\" data-end=\"6950\">Kalibroidut mittauslaitteet<\/strong> k\u00e4ytett\u00e4v\u00e4ksi analyysiss\u00e4.<\/p>\n<\/li>\n<\/ul>\n<hr data-start=\"6981\" data-end=\"6984\" \/>\n<h3 data-start=\"6986\" data-end=\"7015\"><strong data-start=\"6990\" data-end=\"7015\">Turvallisuustiedot<\/strong><\/h3>\n<ul data-start=\"7016\" data-end=\"7225\">\n<li data-start=\"7016\" data-end=\"7056\">\n<p data-start=\"7018\" data-end=\"7056\">Vain <strong data-start=\"7030\" data-end=\"7053\">laboratoriok\u00e4ytt\u00f6\u00f6n<\/strong>.<\/p>\n<\/li>\n<li data-start=\"7057\" data-end=\"7110\">\n<p data-start=\"7059\" data-end=\"7110\"><strong data-start=\"7059\" data-end=\"7107\">Ei ihmisten tai el\u00e4inten ravinnoksi<\/strong>.<\/p>\n<\/li>\n<li data-start=\"7111\" data-end=\"7167\">\n<p data-start=\"7113\" data-end=\"7167\">Noudata aina <strong data-start=\"7128\" data-end=\"7164\">vakioturvallisuusohjeet<\/strong>.<\/p>\n<\/li>\n<li data-start=\"7168\" data-end=\"7225\">\n<p data-start=\"7170\" data-end=\"7225\">Ei ulottuvilla <strong data-start=\"7188\" data-end=\"7215\">lapset ja luvattomat henkil\u00f6t<\/strong> pit\u00e4\u00e4.<\/p>\n<\/li>\n<\/ul>\n<hr data-start=\"7227\" data-end=\"7230\" \/>\n<h3 data-start=\"7232\" data-end=\"7265\"><strong data-start=\"7236\" data-end=\"7265\">Usein kysytyt kysymykset (UKK)<\/strong><\/h3>\n<p data-start=\"7267\" data-end=\"7465\"><strong data-start=\"7267\" data-end=\"7323\">1. Mihin RC+ Fluor 3-FPM 50mg Box -valmistetta k\u00e4ytet\u00e4\u00e4n?<\/strong><br data-start=\"7323\" data-end=\"7326\" \/>Sit\u00e4 k\u00e4ytet\u00e4\u00e4n <strong data-start=\"7350\" data-end=\"7380\">tieteellinen tutkimus<\/strong> stimulanttien vaikutuksesta dopamiinin ja noradrenaliinin kuljettajaproteiineihin.<\/p>\n<p data-start=\"7467\" data-end=\"7660\"><strong data-start=\"7467\" data-end=\"7523\">2. Mit\u00e4 eroa on 3-FPM:ll\u00e4 ja fenmetratsiinilla?<\/strong><br data-start=\"7523\" data-end=\"7526\" \/>3-FPM sis\u00e4lt\u00e4\u00e4 <strong data-start=\"7542\" data-end=\"7568\">fluoriatomin korvaaminen<\/strong>, mik\u00e4 varmistaa <strong data-start=\"7585\" data-end=\"7629\">muuttuneet farmakologiset ominaisuudet<\/strong> verrattuna fenmetratsiiniin.<\/p>\n<p data-start=\"7662\" data-end=\"7834\"><strong data-start=\"7662\" data-end=\"7697\">3. Miten se tulisi s\u00e4ilytt\u00e4\u00e4?<\/strong><br data-start=\"7697\" data-end=\"7700\" \/>S\u00e4\u00e4st\u00e4 rahaa <strong data-start=\"7714\" data-end=\"7748\">viile\u00e4ss\u00e4, kuivassa ja pime\u00e4ss\u00e4 paikassa<\/strong>, mieluiten kohdassa <strong data-start=\"7769\" data-end=\"7804\">alkuper\u00e4inen sinet\u00f6ity pakkaus<\/strong> puhtauden yll\u00e4pit\u00e4miseksi.<\/p>\n<hr data-start=\"7836\" data-end=\"7839\" \/>\n<h3 data-start=\"7841\" data-end=\"7858\"><strong data-start=\"7845\" data-end=\"7858\">Johtop\u00e4\u00e4t\u00f6s<\/strong><\/h3>\n<p data-start=\"7859\" data-end=\"8185\">The <strong data-start=\"7862\" data-end=\"7890\">RC+ Fluor 3-FPM 50 mg pakkaus<\/strong> on <strong data-start=\"7898\" data-end=\"7952\">luotettava valinta laboratorioille ja tutkijoille<\/strong> jotka ovat huolissaan <strong data-start=\"7978\" data-end=\"8042\">farmakologian ja neurotieteen tutkimuksen stimulointi<\/strong>Kiitos <strong data-start=\"8055\" data-end=\"8122\">korkea puhtausaste, tarkka annostelu ja turvallinen RC+-pakkaus<\/strong> tarjoaa sit\u00e4 <strong data-start=\"8133\" data-end=\"8184\">johdonmukaisia ja toistettavia tutkimustuloksia<\/strong>.<\/p>","protected":false},"excerpt":{"rendered":"<p>Introductie De RC+ Fluor 3-FPM 50mg Box is een hoogzuivere onderzoeksstof uit de fenethylamine- en stimulantklasse. Chemisch bekend als 3-Fluorfenmetrazine,<\/p>","protected":false},"featured_media":20535,"comment_status":"closed","ping_status":"closed","template":"","meta":[],"product_brand":[82],"product_cat":[555],"product_tag":[881,606,601,605,326],"class_list":{"0":"post-24192","1":"product","2":"type-product","3":"status-publish","4":"has-post-thumbnail","6":"product_brand-research-chemical","7":"product_cat-b2b","8":"product_tag-3-fpm-kopen","9":"product_tag-3-fluorophenmetrazine","10":"product_tag-3-fpm","11":"product_tag-3fpm","12":"product_tag-nl","14":"first","15":"instock","16":"taxable","17":"shipping-taxable","18":"purchasable","19":"product-type-variable"},"_links":{"self":[{"href":"https:\/\/onderzoekschemicals.com\/fi\/wp-json\/wp\/v2\/product\/24192","targetHints":{"allow":["GET"]}}],"collection":[{"href":"https:\/\/onderzoekschemicals.com\/fi\/wp-json\/wp\/v2\/product"}],"about":[{"href":"https:\/\/onderzoekschemicals.com\/fi\/wp-json\/wp\/v2\/types\/product"}],"replies":[{"embeddable":true,"href":"https:\/\/onderzoekschemicals.com\/fi\/wp-json\/wp\/v2\/comments?post=24192"}],"version-history":[{"count":4,"href":"https:\/\/onderzoekschemicals.com\/fi\/wp-json\/wp\/v2\/product\/24192\/revisions"}],"predecessor-version":[{"id":27845,"href":"https:\/\/onderzoekschemicals.com\/fi\/wp-json\/wp\/v2\/product\/24192\/revisions\/27845"}],"wp:featuredmedia":[{"embeddable":true,"href":"https:\/\/onderzoekschemicals.com\/fi\/wp-json\/wp\/v2\/media\/20535"}],"wp:attachment":[{"href":"https:\/\/onderzoekschemicals.com\/fi\/wp-json\/wp\/v2\/media?parent=24192"}],"wp:term":[{"taxonomy":"product_brand","embeddable":true,"href":"https:\/\/onderzoekschemicals.com\/fi\/wp-json\/wp\/v2\/product_brand?post=24192"},{"taxonomy":"product_cat","embeddable":true,"href":"https:\/\/onderzoekschemicals.com\/fi\/wp-json\/wp\/v2\/product_cat?post=24192"},{"taxonomy":"product_tag","embeddable":true,"href":"https:\/\/onderzoekschemicals.com\/fi\/wp-json\/wp\/v2\/product_tag?post=24192"}],"curies":[{"name":"wp","href":"https:\/\/api.w.org\/{rel}","templated":true}]}}