{"id":24175,"date":"2025-04-13T17:41:13","date_gmt":"2025-04-13T17:41:13","guid":{"rendered":"https:\/\/onderzoekschemicals.com\/?post_type=product&#038;p=24175"},"modified":"2025-10-12T20:08:27","modified_gmt":"2025-10-12T20:08:27","slug":"norflurazepam-werking","status":"publish","type":"product","link":"https:\/\/onderzoekschemicals.com\/fi\/shop\/b2b\/norflurazepam-werking\/","title":{"rendered":"RC+ Norfluratsepaami 5 mg pakkaus"},"content":{"rendered":"<h2 data-start=\"3808\" data-end=\"3834\"><strong data-start=\"3811\" data-end=\"3834\">Tuotekuvaus<\/strong><\/h2>\n<p data-start=\"3836\" data-end=\"4137\"><strong data-start=\"3836\" data-end=\"3865\">RC+ Norfluratsepaami 5 mg pakkaus<\/strong> sis\u00e4lt\u00e4\u00e4 <strong data-start=\"3872\" data-end=\"3901\">eritt\u00e4in puhdasta norfluratsepaamia<\/strong>, An <strong data-start=\"3907\" data-end=\"3936\">bentsodiatsepiiniyhdiste<\/strong> jota k\u00e4ytet\u00e4\u00e4n <strong data-start=\"3960\" data-end=\"4013\">rikostekninen, toksikologinen ja analyyttinen tutkimus<\/strong>Norfluratsepaamin vaikutukset<br data-start=\"4014\" data-end=\"4017\" \/>Jokainen laatikko sis\u00e4lt\u00e4\u00e4 <strong data-start=\"4032\" data-end=\"4047\">5 mg:n pelletit<\/strong>, huolellisesti valmistettu <strong data-start=\"4077\" data-end=\"4134\">tarkat ja toistettavat laboratoriotulokset<\/strong>.<\/p>\n<p data-start=\"4139\" data-end=\"4296\">Osana <strong data-start=\"4160\" data-end=\"4183\">RC+-tutkimussarja<\/strong> T\u00e4m\u00e4 tuote on valmistettu tiukan laadunvalvonnan alaisena <strong data-start=\"4251\" data-end=\"4281\">puhtaus ja johdonmukaisuus<\/strong> takaamaan.<\/p>\n<p data-start=\"4298\" data-end=\"4434\">\u26a0\ufe0f <strong data-start=\"4301\" data-end=\"4312\">HUOM:<\/strong> T\u00e4m\u00e4 tuote on <strong data-start=\"4328\" data-end=\"4377\">tarkoitettu vain tutkimustarkoituksiin<\/strong> ja <strong data-start=\"4381\" data-end=\"4433\">ei sovellu ihmisten tai el\u00e4inten k\u00e4ytt\u00f6\u00f6n<\/strong>.<\/p>\n<hr data-start=\"4436\" data-end=\"4439\" \/>\n<h2 data-start=\"4441\" data-end=\"4471\"><strong data-start=\"4444\" data-end=\"4471\">T\u00e4rkeimm\u00e4t ominaisuudet<\/strong><\/h2>\n<ul data-start=\"4473\" data-end=\"4866\">\n<li data-start=\"4473\" data-end=\"4557\">\n<p data-start=\"4475\" data-end=\"4557\"><strong data-start=\"4475\" data-end=\"4495\">Korkea puhtaus:<\/strong> Laboratoriolaatua, sopii vaativaan tutkimukseen.<\/p>\n<\/li>\n<li data-start=\"4558\" data-end=\"4636\">\n<p data-start=\"4560\" data-end=\"4636\"><strong data-start=\"4560\" data-end=\"4592\">Standardoitu annostus:<\/strong> 5 mg pelletti\u00e4 kohden tarkkaa analyysi\u00e4 varten.<\/p>\n<\/li>\n<li data-start=\"4637\" data-end=\"4708\">\n<p data-start=\"4639\" data-end=\"4708\"><strong data-start=\"4639\" data-end=\"4660\">Kemiallisesti stabiili:<\/strong> Kest\u00e4\u00e4 hajoamista asianmukaisesti s\u00e4ilytettyn\u00e4.<\/p>\n<\/li>\n<li data-start=\"4709\" data-end=\"4780\">\n<p data-start=\"4711\" data-end=\"4780\"><strong data-start=\"4711\" data-end=\"4734\">Turvallinen pakkaus:<\/strong> Ilmatiivis ja suljettu kontaminaatiota vastaan.<\/p>\n<\/li>\n<li data-start=\"4781\" data-end=\"4866\">\n<p data-start=\"4783\" data-end=\"4866\"><strong data-start=\"4783\" data-end=\"4810\">EU-asetusten mukaisesti:<\/strong> Valmistettu eurooppalaisten turvallisuusstandardien mukaisesti.<\/p>\n<\/li>\n<\/ul>\n<hr data-start=\"4868\" data-end=\"4871\" \/>\n<h2 data-start=\"4873\" data-end=\"4907\"><strong data-start=\"4876\" data-end=\"4907\">Tutkijoiden hy\u00f6dyt<\/strong><\/h2>\n<ul data-start=\"4909\" data-end=\"5174\">\n<li data-start=\"4909\" data-end=\"4969\">\n<p data-start=\"4911\" data-end=\"4969\">Sopii <strong data-start=\"4925\" data-end=\"4966\">oikeusl\u00e4\u00e4ketieteellinen ja toksikologinen tutkimus<\/strong>.<\/p>\n<\/li>\n<li data-start=\"4970\" data-end=\"5018\">\n<p data-start=\"4972\" data-end=\"5018\">Tukee <strong data-start=\"4984\" data-end=\"5015\">LC-MS-, GC-MS- ja NMR-analyysit<\/strong>.<\/p>\n<\/li>\n<li data-start=\"5019\" data-end=\"5101\">\n<p data-start=\"5021\" data-end=\"5101\">Auttaa <strong data-start=\"5031\" data-end=\"5078\">rakenteelliset ja m\u00e4\u00e4r\u00e4lliset vertailut<\/strong> bentsodiatsepiineista.<\/p>\n<\/li>\n<li data-start=\"5102\" data-end=\"5174\">\n<p data-start=\"5104\" data-end=\"5174\">Tarjoukset <strong data-start=\"5110\" data-end=\"5144\">luotettavia vertailun\u00e4ytteit\u00e4<\/strong> laboratoriotestej\u00e4 varten. Norfluratsepaamin vaikutukset<\/p>\n<\/li>\n<\/ul>\n<hr data-start=\"5176\" data-end=\"5179\" \/>\n<h2 data-start=\"5181\" data-end=\"5215\"><strong data-start=\"5184\" data-end=\"5215\">K\u00e4ytt\u00f6 (tutkimuskonteksti)<\/strong><\/h2>\n<ol data-start=\"5217\" data-end=\"5425\">\n<li data-start=\"5217\" data-end=\"5262\">\n<p data-start=\"5220\" data-end=\"5262\">K\u00e4yt\u00e4 ainoastaan akkreditoiduissa laboratorioissa.<\/p>\n<\/li>\n<li data-start=\"5263\" data-end=\"5314\">\n<p data-start=\"5266\" data-end=\"5314\">K\u00e4yt\u00e4 k\u00e4sineit\u00e4, suojalaseja ja laboratoriotakkia.<\/p>\n<\/li>\n<li data-start=\"5315\" data-end=\"5362\">\n<p data-start=\"5318\" data-end=\"5362\">S\u00e4ilyt\u00e4 viile\u00e4ss\u00e4, kuivassa ja pime\u00e4ss\u00e4 (alle 25 \u00b0C).<\/p>\n<\/li>\n<li data-start=\"5363\" data-end=\"5425\">\n<p data-start=\"5366\" data-end=\"5425\">H\u00e4vit\u00e4 j\u00e4\u00e4nn\u00f6kset paikallisten turvallisuusm\u00e4\u00e4r\u00e4ysten mukaisesti.<\/p>\n<\/li>\n<\/ol>\n<blockquote data-start=\"5427\" data-end=\"5522\">\n<p data-start=\"5429\" data-end=\"5522\"><strong data-start=\"5429\" data-end=\"5440\">HUOM:<\/strong> <em data-start=\"5441\" data-end=\"5468\">RC+ Norfluratsepaami 5 mg pakkaus<\/em> on <strong data-start=\"5472\" data-end=\"5521\">tarkoitettu vain tutkimustarkoituksiin<\/strong>.<\/p>\n<\/blockquote>\n<hr data-start=\"5524\" data-end=\"5527\" \/>\n<h2 data-start=\"5529\" data-end=\"5563\"><strong data-start=\"5532\" data-end=\"5563\">Usein kysytyt kysymykset (UKK)<\/strong><\/h2>\n<p data-start=\"5565\" data-end=\"5709\"><strong data-start=\"5565\" data-end=\"5614\">1. Mihin RC+ Norflurazepamia k\u00e4ytet\u00e4\u00e4n?<\/strong><br data-start=\"5614\" data-end=\"5617\" \/>Sit\u00e4 k\u00e4ytet\u00e4\u00e4n <strong data-start=\"5641\" data-end=\"5679\">analyyttinen ja rikostekninen tutkimus<\/strong> bentsodiatsepiinianalogeihin.<\/p>\n<p data-start=\"5711\" data-end=\"5815\"><strong data-start=\"5711\" data-end=\"5740\">2. Kuinka paljon yksi laatikko sis\u00e4lt\u00e4\u00e4?<\/strong><br data-start=\"5740\" data-end=\"5743\" \/>Jokainen laatikko sis\u00e4lt\u00e4\u00e4 <strong data-start=\"5758\" data-end=\"5773\">5 mg:n pelletit<\/strong> standardoidulla koostumuksella.<\/p>\n<p data-start=\"5817\" data-end=\"5953\"><strong data-start=\"5817\" data-end=\"5871\">3. Voinko ostaa RC+ Norflurazepamia yksityishenkil\u00f6n\u00e4?<\/strong><br data-start=\"5871\" data-end=\"5874\" \/>Ei, t\u00e4m\u00e4 tuote on saatavilla vain <strong data-start=\"5918\" data-end=\"5952\">tunnustetut tutkimuslaitokset<\/strong>.<\/p>","protected":false},"excerpt":{"rendered":"<p>Productbeschrijving RC+ Norflurazepam 5mg Box bevat hoogzuivere Norflurazepam, een benzodiazepine-verbinding die wordt gebruikt bij forensisch, toxicologisch en analytisch onderzoek. Norflurazepam<\/p>","protected":false},"featured_media":20939,"comment_status":"closed","ping_status":"closed","template":"","meta":[],"product_brand":[82],"product_cat":[555],"product_tag":[326,132,137,135,134,136,133],"class_list":{"0":"post-24175","1":"product","2":"type-product","3":"status-publish","4":"has-post-thumbnail","6":"product_brand-research-chemical","7":"product_cat-b2b","8":"product_tag-nl","9":"product_tag-norflurazepam","10":"product_tag-norflurazepam-dosering","11":"product_tag-norflurazepam-ervaring","12":"product_tag-norflurazepam-ervaringen","13":"product_tag-norflurazepam-psychonaut","14":"product_tag-norflurazepam-werking","16":"first","17":"instock","18":"taxable","19":"shipping-taxable","20":"purchasable","21":"product-type-variable"},"_links":{"self":[{"href":"https:\/\/onderzoekschemicals.com\/fi\/wp-json\/wp\/v2\/product\/24175","targetHints":{"allow":["GET"]}}],"collection":[{"href":"https:\/\/onderzoekschemicals.com\/fi\/wp-json\/wp\/v2\/product"}],"about":[{"href":"https:\/\/onderzoekschemicals.com\/fi\/wp-json\/wp\/v2\/types\/product"}],"replies":[{"embeddable":true,"href":"https:\/\/onderzoekschemicals.com\/fi\/wp-json\/wp\/v2\/comments?post=24175"}],"version-history":[{"count":4,"href":"https:\/\/onderzoekschemicals.com\/fi\/wp-json\/wp\/v2\/product\/24175\/revisions"}],"predecessor-version":[{"id":27834,"href":"https:\/\/onderzoekschemicals.com\/fi\/wp-json\/wp\/v2\/product\/24175\/revisions\/27834"}],"wp:featuredmedia":[{"embeddable":true,"href":"https:\/\/onderzoekschemicals.com\/fi\/wp-json\/wp\/v2\/media\/20939"}],"wp:attachment":[{"href":"https:\/\/onderzoekschemicals.com\/fi\/wp-json\/wp\/v2\/media?parent=24175"}],"wp:term":[{"taxonomy":"product_brand","embeddable":true,"href":"https:\/\/onderzoekschemicals.com\/fi\/wp-json\/wp\/v2\/product_brand?post=24175"},{"taxonomy":"product_cat","embeddable":true,"href":"https:\/\/onderzoekschemicals.com\/fi\/wp-json\/wp\/v2\/product_cat?post=24175"},{"taxonomy":"product_tag","embeddable":true,"href":"https:\/\/onderzoekschemicals.com\/fi\/wp-json\/wp\/v2\/product_tag?post=24175"}],"curies":[{"name":"wp","href":"https:\/\/api.w.org\/{rel}","templated":true}]}}