{"id":24148,"date":"2025-04-13T17:41:08","date_gmt":"2025-04-13T17:41:08","guid":{"rendered":"https:\/\/onderzoekschemicals.com\/?post_type=product&#038;p=24148"},"modified":"2025-10-14T07:52:32","modified_gmt":"2025-10-14T07:52:32","slug":"purple-mandala","status":"publish","type":"product","link":"https:\/\/onderzoekschemicals.com\/fi\/shop\/b2b\/purple-mandala\/","title":{"rendered":"Violetti mandala"},"content":{"rendered":"<h3 data-start=\"4465\" data-end=\"4486\"><strong data-start=\"4469\" data-end=\"4484\">Johdanto<\/strong><\/h3>\n<p data-start=\"4487\" data-end=\"4863\">The <strong data-start=\"4490\" data-end=\"4508\">Violetti mandala<\/strong> Violetti mandala on enemm\u00e4n kuin taideteos, se on ajaton harmonian, tasapainon ja henkisen tietoisuuden symboli. Hienovaraisilla kuvioillaan ja rikkailla violetin s\u00e4vyill\u00e4\u00e4n t\u00e4m\u00e4 design huokuu rauhaa, luovuutta ja positiivisuutta. K\u00e4ytettiinp\u00e4 sit\u00e4 sitten sein\u00e4koristeena, meditaation apuna tai joogan koristeena, violetti mandala tuo tyyneytt\u00e4 ja inspiraatiota mihin tahansa tilaan.<\/p>\n<p data-start=\"4865\" data-end=\"5126\">Mandala, jolla on syv\u00e4t juuret muinaisissa hengellisiss\u00e4 perinteiss\u00e4, symboloi maailmankaikkeutta ja matkaa itsetuntemukseen. V\u00e4ri <strong data-start=\"4996\" data-end=\"5005\">violetti<\/strong> \u2013 yhdistet\u00e4\u00e4n viisauteen, intuitioon ja valaistumiseen \u2013 vahvistaa t\u00e4m\u00e4n taideteoksen rauhoittavaa ja meditatiivista vaikutusta.<\/p>\n<hr data-start=\"5128\" data-end=\"5131\" \/>\n<h3 data-start=\"5133\" data-end=\"5166\"><strong data-start=\"5137\" data-end=\"5164\">T\u00e4rkeimm\u00e4t ominaisuudet<\/strong><\/h3>\n<ul data-start=\"5167\" data-end=\"5812\">\n<li data-start=\"5167\" data-end=\"5257\">\n<p data-start=\"5169\" data-end=\"5257\"><strong data-start=\"5169\" data-end=\"5189\">Syv\u00e4 symboliikka:<\/strong> Edustaa henkist\u00e4 kasvua, tasapainoa ja universaalia harmoniaa.<\/p>\n<\/li>\n<li data-start=\"5258\" data-end=\"5357\">\n<p data-start=\"5260\" data-end=\"5357\"><strong data-start=\"5260\" data-end=\"5281\">Eloisa muotoilu:<\/strong> Yhdist\u00e4\u00e4 syv\u00e4n violetin ja liilan s\u00e4vyj\u00e4, jotka her\u00e4tt\u00e4v\u00e4t luovuutta ja rauhaa.<\/p>\n<\/li>\n<li data-start=\"5358\" data-end=\"5483\">\n<p data-start=\"5360\" data-end=\"5483\"><strong data-start=\"5360\" data-end=\"5388\">Korkealaatuiset materiaalit:<\/strong> Saatavilla vedoksena, kankaana, sein\u00e4vaateena tai digitaalisena tiedostona (tuotetyypist\u00e4 riippuen).<\/p>\n<\/li>\n<li data-start=\"5484\" data-end=\"5593\">\n<p data-start=\"5486\" data-end=\"5593\"><strong data-start=\"5486\" data-end=\"5509\">Monipuolinen k\u00e4ytt\u00f6:<\/strong> T\u00e4ydellinen sein\u00e4koristeeseen, meditaationurkkauksiin, joogastudioille tai mindfulness-tiloihin.<\/p>\n<\/li>\n<li data-start=\"5594\" data-end=\"5699\">\n<p data-start=\"5596\" data-end=\"5699\"><strong data-start=\"5596\" data-end=\"5629\">Kest\u00e4v\u00e4 ja ymp\u00e4rist\u00f6yst\u00e4v\u00e4llinen:<\/strong> Painettu myrkytt\u00f6mill\u00e4, v\u00e4rinpit\u00e4vill\u00e4 musteilla kest\u00e4ville materiaaleille.<\/p>\n<\/li>\n<li data-start=\"5700\" data-end=\"5812\">\n<p data-start=\"5702\" data-end=\"5812\"><strong data-start=\"5702\" data-end=\"5726\">Merkityksellinen lahja:<\/strong> Kaunis lahja henkisille etsij\u00f6ille, taiteilijoille ja meditaation harrastajille.<\/p>\n<\/li>\n<\/ul>\n<hr data-start=\"5814\" data-end=\"5817\" \/>\n<h3 data-start=\"5819\" data-end=\"5838\"><strong data-start=\"5823\" data-end=\"5836\">Edut<\/strong><\/h3>\n<p data-start=\"5839\" data-end=\"5980\">\u2705 <strong data-start=\"5841\" data-end=\"5874\">Edist\u00e4\u00e4 rentoutumista ja keskittymist\u00e4<\/strong> \u2013 Mandalan symmetrinen geometria auttaa rauhoittamaan mielt\u00e4 ja parantamaan keskittymist\u00e4.<\/p>\n<p data-start=\"5982\" data-end=\"6127\">\u2705 <strong data-start=\"5984\" data-end=\"6008\">Rikastuttaa jokaista tilaa<\/strong> \u2013 Violetin s\u00e4vyt lis\u00e4\u00e4v\u00e4t eleganssia ja rauhaa mihin tahansa sisustukseen \u2013 ihanteellinen olohuoneisiin, makuuhuoneisiin ja yksi\u00f6ihin.<\/p>\n<p data-start=\"6129\" data-end=\"6241\">\u2705 <strong data-start=\"6131\" data-end=\"6151\">Vahva symboliikka<\/strong> \u2013 Violetti mandala on p\u00e4ivitt\u00e4inen muistutus tasapainosta, tietoisuustaitojen l\u00e4sn\u00e4olosta ja sis\u00e4isest\u00e4 harmoniasta.<\/p>\n<p data-start=\"6243\" data-end=\"6349\">\u2705 <strong data-start=\"6245\" data-end=\"6269\">Kest\u00e4v\u00e4 ja v\u00e4rinpit\u00e4v\u00e4<\/strong> \u2013 Valmistettu korkealaatuisista materiaaleista, jotka takaavat pitk\u00e4kestoisen eloisuuden.<\/p>\n<p data-start=\"6351\" data-end=\"6463\">\u2705 <strong data-start=\"6353\" data-end=\"6389\">Stimuloi hengellist\u00e4 yhteytt\u00e4<\/strong> \u2013 Suunnittelun syvyys kannustaa itsetutkiskeluun ja tietoisuuteen. Violetti mandala<\/p>\n<hr data-start=\"6465\" data-end=\"6468\" \/>\n<h3 data-start=\"6470\" data-end=\"6496\"><strong data-start=\"6474\" data-end=\"6494\">K\u00e4ytt\u00f6ohjeet<\/strong><\/h3>\n<blockquote data-start=\"6497\" data-end=\"6608\">\n<p data-start=\"6499\" data-end=\"6608\">\ud83e\udeb7 <em data-start=\"6502\" data-end=\"6608\">K\u00e4yt\u00e4 violettia mandalaa luodaksesi rauhoittavan ja positiivisen ilmapiirin kotona tai meditaation aikana.<\/em><\/p>\n<\/blockquote>\n<ol data-start=\"6610\" data-end=\"7053\">\n<li data-start=\"6610\" data-end=\"6730\">\n<p data-start=\"6613\" data-end=\"6730\"><strong data-start=\"6613\" data-end=\"6635\">Sein\u00e4koristeena:<\/strong> Ripusta mandala meditaatiohuoneeseen, joogastudioon tai makuuhuoneeseen rauhoittavan vaikutuksen aikaansaamiseksi.<\/p>\n<\/li>\n<li data-start=\"6731\" data-end=\"6839\">\n<p data-start=\"6734\" data-end=\"6839\"><strong data-start=\"6734\" data-end=\"6752\">Meditaatiossa:<\/strong> Keskit\u00e4 katseesi mandalan keskelle ja anna ajatustesi hitaasti rauhoittua.<\/p>\n<\/li>\n<li data-start=\"6840\" data-end=\"6939\">\n<p data-start=\"6843\" data-end=\"6939\"><strong data-start=\"6843\" data-end=\"6862\">Joogahuoneissa:<\/strong> K\u00e4yt\u00e4 mandalaa koristeellisena taustana rauhoittavan tunnelman luomiseksi.<\/p>\n<\/li>\n<li data-start=\"6940\" data-end=\"7053\">\n<p data-start=\"6943\" data-end=\"7053\"><strong data-start=\"6943\" data-end=\"6958\">Lahjaksi:<\/strong> Erityinen ja symbolinen lahja kaikille, jotka arvostavat rauhaa, tasapainoa ja kauneutta.<\/p>\n<\/li>\n<\/ol>\n<hr data-start=\"7055\" data-end=\"7058\" \/>\n<h3 data-start=\"7060\" data-end=\"7095\"><strong data-start=\"7064\" data-end=\"7093\">Usein kysytyt kysymykset (UKK)<\/strong><\/h3>\n<p data-start=\"7097\" data-end=\"7332\"><strong data-start=\"7097\" data-end=\"7139\">1. Mit\u00e4 violetti mandala symboloi?<\/strong><br data-start=\"7139\" data-end=\"7142\" \/>Violetti mandala edustaa henkist\u00e4 tietoisuutta, tasapainoa ja muutosta. Violetti on viisauden ja valaistumisen v\u00e4ri, kun taas ympyr\u00e4 edustaa \u00e4\u00e4rett\u00f6myytt\u00e4 ja harmoniaa.<\/p>\n<p data-start=\"7334\" data-end=\"7504\"><strong data-start=\"7334\" data-end=\"7382\">2. Sopiiko violetti mandala jokaiseen sisustukseen?<\/strong><br data-start=\"7382\" data-end=\"7385\" \/>Kyll\u00e4. Ajattoman, symmetrisen muotoilunsa ja pehmeiden s\u00e4vyjens\u00e4 ansiosta se sopii sek\u00e4 moderneihin ett\u00e4 boheemeihin sisustuksiin.<\/p>\n<p data-start=\"7506\" data-end=\"7682\"><strong data-start=\"7506\" data-end=\"7550\">3. Miten hoidan violettia mandalaani?<\/strong><br data-start=\"7550\" data-end=\"7553\" \/>V\u00e4lt\u00e4 suoraa auringonvaloa ja kosteutta. Puhdista kangas tai kangas varovasti kuivalla, pehme\u00e4ll\u00e4 liinalla v\u00e4rin ja yksityiskohtien s\u00e4ilytt\u00e4miseksi.<\/p>\n<p><a href=\"https:\/\/onderzoekschemicals.com\/fi\/shop\/lysergamides\/1cp-lsd-150-mcg\/\"><span dir=\"auto\" style=\"vertical-align: inherit;\"><span dir=\"auto\" style=\"vertical-align: inherit;\">1cP-LSD 150 MCG taidepaperia <\/span><\/span><\/a><a href=\"https:\/\/onderzoekschemicals.com\/fi\/shop\/pellets\/o-dsmt-50mg-pellets\/\"><span dir=\"auto\" style=\"vertical-align: inherit;\"><span dir=\"auto\" style=\"vertical-align: inherit;\">O-DSMT 50 mg -pelletit <\/span><\/span><\/a><a href=\"https:\/\/onderzoekschemicals.com\/fi\/shop\/lysergamides\/1v-lsd-150-mcg-blotters\/\"><span dir=\"auto\" style=\"vertical-align: inherit;\"><span dir=\"auto\" style=\"vertical-align: inherit;\">1V-LSD 150 MCG -n\u00e4ytteenotot <\/span><\/span><\/a><a href=\"https:\/\/onderzoekschemicals.com\/fi\/shop\/bijna-verboden\/6-cl-adba\/\"><span dir=\"auto\" style=\"vertical-align: inherit;\"><span dir=\"auto\" style=\"vertical-align: inherit;\">6-CL-ADBA <\/span><\/span><\/a><a href=\"https:\/\/onderzoekschemicals.com\/fi\/shop\/cathinonen\/2-cmc-kopen\/\"><span dir=\"auto\" style=\"vertical-align: inherit;\"><span dir=\"auto\" style=\"vertical-align: inherit;\">2-CMC 250 mg -pelletti\u00e4<\/span><\/span><\/a><\/p>","protected":false},"excerpt":{"rendered":"<p>Introductie De Paarse Mandala is meer dan een kunstwerk \u2013 het is een tijdloos symbool van harmonie, balans en spiritueel<\/p>","protected":false},"featured_media":20635,"comment_status":"closed","ping_status":"closed","template":"","meta":[],"product_brand":[],"product_cat":[555],"product_tag":[629,644,326],"class_list":{"0":"post-24148","1":"product","2":"type-product","3":"status-publish","4":"has-post-thumbnail","6":"product_cat-b2b","7":"product_tag-4-fma-kopen","8":"product_tag-4-fma","9":"product_tag-nl","11":"first","12":"instock","13":"taxable","14":"shipping-taxable","15":"purchasable","16":"product-type-variable"},"_links":{"self":[{"href":"https:\/\/onderzoekschemicals.com\/fi\/wp-json\/wp\/v2\/product\/24148","targetHints":{"allow":["GET"]}}],"collection":[{"href":"https:\/\/onderzoekschemicals.com\/fi\/wp-json\/wp\/v2\/product"}],"about":[{"href":"https:\/\/onderzoekschemicals.com\/fi\/wp-json\/wp\/v2\/types\/product"}],"replies":[{"embeddable":true,"href":"https:\/\/onderzoekschemicals.com\/fi\/wp-json\/wp\/v2\/comments?post=24148"}],"version-history":[{"count":4,"href":"https:\/\/onderzoekschemicals.com\/fi\/wp-json\/wp\/v2\/product\/24148\/revisions"}],"predecessor-version":[{"id":27873,"href":"https:\/\/onderzoekschemicals.com\/fi\/wp-json\/wp\/v2\/product\/24148\/revisions\/27873"}],"wp:featuredmedia":[{"embeddable":true,"href":"https:\/\/onderzoekschemicals.com\/fi\/wp-json\/wp\/v2\/media\/20635"}],"wp:attachment":[{"href":"https:\/\/onderzoekschemicals.com\/fi\/wp-json\/wp\/v2\/media?parent=24148"}],"wp:term":[{"taxonomy":"product_brand","embeddable":true,"href":"https:\/\/onderzoekschemicals.com\/fi\/wp-json\/wp\/v2\/product_brand?post=24148"},{"taxonomy":"product_cat","embeddable":true,"href":"https:\/\/onderzoekschemicals.com\/fi\/wp-json\/wp\/v2\/product_cat?post=24148"},{"taxonomy":"product_tag","embeddable":true,"href":"https:\/\/onderzoekschemicals.com\/fi\/wp-json\/wp\/v2\/product_tag?post=24148"}],"curies":[{"name":"wp","href":"https:\/\/api.w.org\/{rel}","templated":true}]}}