{"id":24140,"date":"2025-04-13T17:41:08","date_gmt":"2025-04-13T17:41:08","guid":{"rendered":"https:\/\/onderzoekschemicals.com\/?post_type=product&#038;p=24140"},"modified":"2025-10-13T10:29:52","modified_gmt":"2025-10-13T10:29:52","slug":"chem-mist-4f-mph-10-spray","status":"publish","type":"product","link":"https:\/\/onderzoekschemicals.com\/fi\/shop\/b2b\/chem-mist-4f-mph-10-spray\/","title":{"rendered":"Chem Mist 4F-MPH 10% -suihke"},"content":{"rendered":"<h3 data-start=\"688\" data-end=\"712\"><strong data-start=\"692\" data-end=\"712\">Tuotteen yleiskatsaus<\/strong><\/h3>\n<p data-start=\"713\" data-end=\"1201\">Chem-mist 4F-MPH 10% -suihke on <strong data-start=\"747\" data-end=\"793\">tarkasti muotoiltu tutkimusratkaisu<\/strong> jostakin <strong data-start=\"798\" data-end=\"833\">4-fluorometyylifenidaatti (4F-MPH)<\/strong> 10%-pitoisuudella. Suunniteltu <strong data-start=\"878\" data-end=\"925\">tieteellisiin ja analyyttisiin tarkoituksiin<\/strong>, se tarjoaa <strong data-start=\"941\" data-end=\"983\">hallittu ja johdonmukainen annostelu<\/strong> helppok\u00e4ytt\u00f6isen suihkeen kautta \u2013 ihanteellinen laboratorioille, jotka tekev\u00e4t farmakologisia, reseptori- tai imeytymistutkimuksia. 4f mph<br data-start=\"1106\" data-end=\"1109\" \/><em data-start=\"1109\" data-end=\"1201\">(Vain tutkimustarkoituksiin \u2013 ei tarkoitettu ihmisten tai el\u00e4inten k\u00e4ytt\u00f6\u00f6n.)<\/em><\/p>\n<hr data-start=\"1203\" data-end=\"1206\" \/>\n<h3 data-start=\"1208\" data-end=\"1239\"><strong data-start=\"1212\" data-end=\"1239\">T\u00e4rkeimm\u00e4t ominaisuudet<\/strong><\/h3>\n<ul data-start=\"1240\" data-end=\"1675\">\n<li data-start=\"1240\" data-end=\"1319\">\n<p data-start=\"1242\" data-end=\"1319\"><strong data-start=\"1242\" data-end=\"1269\">10% 4F-MPH -pitoisuus<\/strong> tarkkoja ja kontrolloituja kokeita varten<\/p>\n<\/li>\n<li data-start=\"1320\" data-end=\"1382\">\n<p data-start=\"1322\" data-end=\"1382\"><strong data-start=\"1322\" data-end=\"1350\">Noin 14 mg suihketta kohden<\/strong> (yli 70 suihkausta pulloa kohden)<\/p>\n<\/li>\n<li data-start=\"1383\" data-end=\"1456\">\n<p data-start=\"1385\" data-end=\"1456\"><strong data-start=\"1385\" data-end=\"1417\">\u201dRaikas keskittyminen\u201d piparmintun tuoksu<\/strong> mukavaan laboratoriok\u00e4ytt\u00f6\u00f6n<\/p>\n<\/li>\n<li data-start=\"1457\" data-end=\"1525\">\n<p data-start=\"1459\" data-end=\"1525\"><strong data-start=\"1459\" data-end=\"1486\">Stabiloitu kaava<\/strong> E1520:lla, NaCl:lla ja puskurikomponenteilla<\/p>\n<\/li>\n<li data-start=\"1526\" data-end=\"1591\">\n<p data-start=\"1528\" data-end=\"1591\"><strong data-start=\"1528\" data-end=\"1554\">Korkea puhtausaste (&gt;98%)<\/strong>, vahvistettu toimittajan testeill\u00e4<\/p>\n<\/li>\n<li data-start=\"1592\" data-end=\"1675\">\n<p data-start=\"1594\" data-end=\"1675\"><strong data-start=\"1594\" data-end=\"1627\">Vain tutkimusk\u00e4ytt\u00f6\u00f6n<\/strong> \u2013 selke\u00e4sti merkitty m\u00e4\u00e4r\u00e4ysten mukaisesti<\/p>\n<\/li>\n<\/ul>\n<hr data-start=\"1677\" data-end=\"1680\" \/>\n<h3 data-start=\"1682\" data-end=\"1699\"><strong data-start=\"1686\" data-end=\"1699\">Edut<\/strong><\/h3>\n<p data-start=\"1700\" data-end=\"2020\">\u2705 <strong data-start=\"1702\" data-end=\"1723\">Tarkka annostelu<\/strong> \u2013 Tasainen ruiskutusm\u00e4\u00e4r\u00e4 toistettavien tulosten saavuttamiseksi<br data-start=\"1786\" data-end=\"1789\" \/>\u2705 <strong data-start=\"1791\" data-end=\"1819\">Turvallinen ja puhdas k\u00e4ytt\u00f6<\/strong> \u2013 Ei jauheelle altistumista tai kontaminaatioriski\u00e4<br data-start=\"1868\" data-end=\"1871\" \/>\u2705 <strong data-start=\"1873\" data-end=\"1899\">Parannettu vakaus<\/strong> \u2013 Pitk\u00e4 s\u00e4ilyvyysaika (jopa 2 vuotta) oikein s\u00e4ilytettyn\u00e4<br data-start=\"1953\" data-end=\"1956\" \/>\u2705 <strong data-start=\"1958\" data-end=\"1975\">K\u00e4ytt\u00f6valmis<\/strong> \u2013 Lyhent\u00e4\u00e4 laboratoriossa tapahtuvaa valmisteluaikaa<\/p>\n<hr data-start=\"2022\" data-end=\"2025\" \/>\n<h3 data-start=\"2027\" data-end=\"2072\"><strong data-start=\"2031\" data-end=\"2072\">K\u00e4ytt\u00f6 (vain tutkimustarkoituksiin)<\/strong><\/h3>\n<blockquote data-start=\"2073\" data-end=\"2198\">\n<p data-start=\"2075\" data-end=\"2198\">\u26a0\ufe0f Vain laboratoriok\u00e4ytt\u00f6\u00f6n. \u00c4l\u00e4 hengit\u00e4 tai niele. K\u00e4yt\u00e4 aina henkil\u00f6nsuojaimia.<\/p>\n<\/blockquote>\n<ol data-start=\"2200\" data-end=\"2403\">\n<li data-start=\"2200\" data-end=\"2263\">\n<p data-start=\"2203\" data-end=\"2263\">Ravista varovasti ja pohjusta suihke ennen ensimm\u00e4ist\u00e4 k\u00e4ytt\u00f6kertaa.<\/p>\n<\/li>\n<li data-start=\"2264\" data-end=\"2331\">\n<p data-start=\"2267\" data-end=\"2331\">Suihkuta kiinte\u00e4ll\u00e4 et\u00e4isyydell\u00e4 kokeellisen protokollan mukaisesti. 4f mph<\/p>\n<\/li>\n<li data-start=\"2332\" data-end=\"2403\">\n<p data-start=\"2335\" data-end=\"2403\">Sulje hyvin ja s\u00e4ilyt\u00e4 pystyasennossa <strong data-start=\"2375\" data-end=\"2400\">viile\u00e4ss\u00e4, pime\u00e4ss\u00e4 paikassa<\/strong>.<\/p>\n<\/li>\n<\/ol>\n<hr data-start=\"2405\" data-end=\"2408\" \/>\n<h3 data-start=\"2410\" data-end=\"2443\"><strong data-start=\"2414\" data-end=\"2443\">Usein kysytyt kysymykset (UKK)<\/strong><\/h3>\n<p data-start=\"2445\" data-end=\"2533\"><strong data-start=\"2445\" data-end=\"2484\">1. Kuinka paljon 4F-MPH:ta kukin suihke sis\u00e4lt\u00e4\u00e4?<\/strong><br data-start=\"2484\" data-end=\"2487\" \/>Jokainen suihkaus annostelee noin <strong data-start=\"2514\" data-end=\"2523\">14 mg<\/strong> 4F-MPH.<\/p>\n<p data-start=\"2535\" data-end=\"2719\"><strong data-start=\"2535\" data-end=\"2589\">2. Sopiiko t\u00e4m\u00e4 tuote ihmisille?<\/strong><br data-start=\"2589\" data-end=\"2592\" \/>Ei \u2013 t\u00e4m\u00e4 tuote on <strong data-start=\"2613\" data-end=\"2660\">yksinomaan tieteelliseen tutkimukseen<\/strong> eik\u00e4 tarkoitettu ihmis- tai el\u00e4inravinnoksi.<\/p>\n<p data-start=\"2721\" data-end=\"2856\"><strong data-start=\"2721\" data-end=\"2764\">3. Miten suihketta tulisi s\u00e4ilytt\u00e4\u00e4?<\/strong><br data-start=\"2764\" data-end=\"2767\" \/>S\u00e4ilyt\u00e4 tiiviisti suljettuna, pystyasennossa ja poissa suorasta auringonvalosta, <strong data-start=\"2830\" data-end=\"2853\">viile\u00e4ss\u00e4 ja kuivassa paikassa<\/strong>.<\/p>","protected":false},"excerpt":{"rendered":"<p>Tuotteen yleiskatsaus Chem-mist 4F-MPH 10% -suihke on tarkasti valmistettu tutkimusliuos, joka sis\u00e4lt\u00e4\u00e4 4-fluorometyylifenidaattia (4F-MPH) 10%-pitoisuudella. Suunniteltu tieteelliseen k\u00e4ytt\u00f6\u00f6n.<\/p>","protected":false},"featured_media":20679,"comment_status":"closed","ping_status":"closed","template":"","meta":[],"product_brand":[],"product_cat":[555],"product_tag":[571,326],"class_list":{"0":"post-24140","1":"product","2":"type-product","3":"status-publish","4":"has-post-thumbnail","6":"product_cat-b2b","7":"product_tag-4f-mph","8":"product_tag-nl","10":"first","11":"instock","12":"taxable","13":"shipping-taxable","14":"purchasable","15":"product-type-variable"},"_links":{"self":[{"href":"https:\/\/onderzoekschemicals.com\/fi\/wp-json\/wp\/v2\/product\/24140","targetHints":{"allow":["GET"]}}],"collection":[{"href":"https:\/\/onderzoekschemicals.com\/fi\/wp-json\/wp\/v2\/product"}],"about":[{"href":"https:\/\/onderzoekschemicals.com\/fi\/wp-json\/wp\/v2\/types\/product"}],"replies":[{"embeddable":true,"href":"https:\/\/onderzoekschemicals.com\/fi\/wp-json\/wp\/v2\/comments?post=24140"}],"version-history":[{"count":4,"href":"https:\/\/onderzoekschemicals.com\/fi\/wp-json\/wp\/v2\/product\/24140\/revisions"}],"predecessor-version":[{"id":27857,"href":"https:\/\/onderzoekschemicals.com\/fi\/wp-json\/wp\/v2\/product\/24140\/revisions\/27857"}],"wp:featuredmedia":[{"embeddable":true,"href":"https:\/\/onderzoekschemicals.com\/fi\/wp-json\/wp\/v2\/media\/20679"}],"wp:attachment":[{"href":"https:\/\/onderzoekschemicals.com\/fi\/wp-json\/wp\/v2\/media?parent=24140"}],"wp:term":[{"taxonomy":"product_brand","embeddable":true,"href":"https:\/\/onderzoekschemicals.com\/fi\/wp-json\/wp\/v2\/product_brand?post=24140"},{"taxonomy":"product_cat","embeddable":true,"href":"https:\/\/onderzoekschemicals.com\/fi\/wp-json\/wp\/v2\/product_cat?post=24140"},{"taxonomy":"product_tag","embeddable":true,"href":"https:\/\/onderzoekschemicals.com\/fi\/wp-json\/wp\/v2\/product_tag?post=24140"}],"curies":[{"name":"wp","href":"https:\/\/api.w.org\/{rel}","templated":true}]}}