{"id":24111,"date":"2025-04-13T17:41:04","date_gmt":"2025-04-13T17:41:04","guid":{"rendered":"https:\/\/onderzoekschemicals.com\/?post_type=product&#038;p=24111"},"modified":"2025-10-14T07:59:11","modified_gmt":"2025-10-14T07:59:11","slug":"2-fea-3-fea","status":"publish","type":"product","link":"https:\/\/onderzoekschemicals.com\/fi\/shop\/b2b\/2-fea-3-fea\/","title":{"rendered":"RC+ Newphoria -rakkula"},"content":{"rendered":"<h3 data-start=\"5056\" data-end=\"5077\"><strong data-start=\"5060\" data-end=\"5075\">Johdanto<\/strong><\/h3>\n<p data-start=\"5078\" data-end=\"5387\">The <strong data-start=\"5081\" data-end=\"5106\">RC+ Newphoria -rakkula<\/strong> on korkealaatuinen <strong data-start=\"5127\" data-end=\"5152\">tutkimusformulaatio<\/strong>, erityisesti ammattimaiseen laboratorio- ja analyyttiseen tutkimukseen kehitetty. Jokainen l\u00e4pipainopakkaus sis\u00e4lt\u00e4\u00e4 <strong data-start=\"5251\" data-end=\"5288\">10 yksitt\u00e4in suljettua pelletti\u00e4<\/strong>, suunniteltu <strong data-start=\"5305\" data-end=\"5384\">tarkka annostelu, johdonmukaiset tulokset ja kontaminaatioton k\u00e4sittely<\/strong>. 2 fea 3 fea<\/p>\n<p data-start=\"5389\" data-end=\"5687\">Hallitulla yhdistelm\u00e4ll\u00e4 <strong data-start=\"5427\" data-end=\"5477\">2-FEA ja 3-FEA (fluorietamfetamiinin isomeerit)<\/strong> onko t\u00e4m\u00e4 tuote ihanteellinen <strong data-start=\"5505\" data-end=\"5567\">farmakologinen, reseptori- ja analyyttinen kemiallinen tutkimus<\/strong>L\u00e4pipainopakkaus takaa <strong data-start=\"5601\" data-end=\"5651\">stabiilius, j\u00e4ljitett\u00e4vyys ja turvallinen varastointi<\/strong> laboratorio-olosuhteissa.<\/p>\n<p data-start=\"5689\" data-end=\"5804\"><em data-start=\"5689\" data-end=\"5804\">(T\u00e4m\u00e4 tuote on tarkoitettu vain tutkimusk\u00e4ytt\u00f6\u00f6n. Ei sovellu ihmisille tai el\u00e4imille.)<\/em><\/p>\n<hr data-start=\"5806\" data-end=\"5809\" \/>\n<h3 data-start=\"5811\" data-end=\"5844\"><strong data-start=\"5815\" data-end=\"5842\">T\u00e4rkeimm\u00e4t ominaisuudet<\/strong><\/h3>\n<ul data-start=\"5845\" data-end=\"6426\">\n<li data-start=\"5845\" data-end=\"5952\">\n<p data-start=\"5847\" data-end=\"5952\"><strong data-start=\"5847\" data-end=\"5873\">2\/3-FEA-koostumus:<\/strong> Sis\u00e4lt\u00e4\u00e4 kontrolloidun 2-FEA:n ja 3-FEA:n seoksen vertailevaa tutkimusta varten.<\/p>\n<\/li>\n<li data-start=\"5953\" data-end=\"6043\">\n<p data-start=\"5955\" data-end=\"6043\"><strong data-start=\"5955\" data-end=\"5982\">Korkea puhtausaste (\u226598%):<\/strong> Laboratoriolaatu, vahvistettu toimittajan analyysill\u00e4.<\/p>\n<\/li>\n<li data-start=\"6044\" data-end=\"6149\">\n<p data-start=\"6046\" data-end=\"6149\"><strong data-start=\"6046\" data-end=\"6084\">10 yksitt\u00e4in sinet\u00f6ity\u00e4 pelletti\u00e4:<\/strong> Jokainen pelletti on erikseen pakattu maksimaalisen eheyden takaamiseksi.<\/p>\n<\/li>\n<li data-start=\"6150\" data-end=\"6238\">\n<p data-start=\"6152\" data-end=\"6238\"><strong data-start=\"6152\" data-end=\"6174\">L\u00e4pipainopakkaus:<\/strong> Helppo k\u00e4sitell\u00e4 ja suojaa ymp\u00e4rist\u00f6tekij\u00f6ilt\u00e4.<\/p>\n<\/li>\n<li data-start=\"6239\" data-end=\"6341\">\n<p data-start=\"6241\" data-end=\"6341\"><strong data-start=\"6241\" data-end=\"6273\">Er\u00e4n ja er\u00e4n j\u00e4ljitett\u00e4vyys:<\/strong> Jokainen pakkaus sis\u00e4lt\u00e4\u00e4 yksil\u00f6llisen tunnistenumeron dokumentointia varten.<\/p>\n<\/li>\n<li data-start=\"6342\" data-end=\"6426\">\n<p data-start=\"6344\" data-end=\"6426\"><strong data-start=\"6344\" data-end=\"6375\">Yhdenmukainen muoto ja paino:<\/strong> Varmistaa tutkimustulosten toistettavuuden.<\/p>\n<\/li>\n<\/ul>\n<hr data-start=\"6428\" data-end=\"6431\" \/>\n<h3 data-start=\"6433\" data-end=\"6481\"><strong data-start=\"6437\" data-end=\"6479\">Hy\u00f6dyt (laboratoriotutkimukseen)<\/strong><\/h3>\n<p data-start=\"6482\" data-end=\"6577\">\u2705 <strong data-start=\"6484\" data-end=\"6514\">Tarkkuus ja luotettavuus<\/strong> \u2013 Jokainen pelletti annostelee tarkan annoksen yhdenmukaisten tietojen saamiseksi.<\/p>\n<p data-start=\"6579\" data-end=\"6668\">\u2705 <strong data-start=\"6581\" data-end=\"6606\">Parannettu turvallisuus<\/strong> \u2013 Yksitt\u00e4ispakkaukset est\u00e4v\u00e4t kontaminaation ja hajoamisen.<\/p>\n<p data-start=\"6670\" data-end=\"6764\">\u2705 <strong data-start=\"6672\" data-end=\"6698\">Nopeammat ty\u00f6prosessit<\/strong> \u2013 K\u00e4ytt\u00f6valmis, ei vaadi punnitusta tai lis\u00e4valmisteluja.<\/p>\n<p data-start=\"6766\" data-end=\"6851\">\u2705 <strong data-start=\"6768\" data-end=\"6790\">Pitk\u00e4 s\u00e4ilyvyysaika<\/strong> \u2013 Suojaava pakkaus s\u00e4ilytt\u00e4\u00e4 puhtauden ja stabiilisuuden.<\/p>\n<p data-start=\"6853\" data-end=\"6959\">\u2705 <strong data-start=\"6855\" data-end=\"6882\">Yksinkertainen dokumentaatio<\/strong> \u2013 Er\u00e4koodit mahdollistavat helpon j\u00e4ljitett\u00e4vyyden ja laadunvalvonnan.<\/p>\n<hr data-start=\"6961\" data-end=\"6964\" \/>\n<h3 data-start=\"6966\" data-end=\"7018\"><strong data-start=\"6970\" data-end=\"7016\">K\u00e4ytt\u00f6 (vain tutkimustarkoituksiin)<\/strong><\/h3>\n<blockquote data-start=\"7019\" data-end=\"7204\">\n<p data-start=\"7021\" data-end=\"7204\">\u26a0\ufe0f <strong data-start=\"7024\" data-end=\"7039\">T\u00e4rke\u00e4\u00e4:<\/strong> RC+ Newphoria Blister on tarkoitettu ainoastaan tieteelliseen ja analyyttiseen tutkimukseen. K\u00e4yt\u00e4 aina henkil\u00f6nsuojaimia ja noudata laboratorion turvallisuusohjeita.<\/p>\n<\/blockquote>\n<ol data-start=\"7206\" data-end=\"7975\">\n<li data-start=\"7206\" data-end=\"7322\">\n<p data-start=\"7209\" data-end=\"7224\"><strong data-start=\"7209\" data-end=\"7222\">Tarkastus<\/strong><\/p>\n<ul data-start=\"7228\" data-end=\"7322\">\n<li data-start=\"7228\" data-end=\"7276\">\n<p data-start=\"7230\" data-end=\"7276\">Tarkista pakkaus ja er\u00e4numero.<\/p>\n<\/li>\n<li data-start=\"7280\" data-end=\"7322\">\n<p data-start=\"7282\" data-end=\"7322\">Varmista, ett\u00e4 pelletit ovat ehji\u00e4.<\/p>\n<\/li>\n<\/ul>\n<\/li>\n<li data-start=\"7324\" data-end=\"7463\">\n<p data-start=\"7327\" data-end=\"7351\"><strong data-start=\"7327\" data-end=\"7349\">Pelletin poisto<\/strong><\/p>\n<ul data-start=\"7355\" data-end=\"7463\">\n<li data-start=\"7355\" data-end=\"7428\">\n<p data-start=\"7357\" data-end=\"7428\">Purista varovasti yksi pelletti l\u00e4pipainopakkauksesta steriilej\u00e4 v\u00e4lineit\u00e4 k\u00e4ytt\u00e4en.<\/p>\n<\/li>\n<li data-start=\"7432\" data-end=\"7463\">\n<p data-start=\"7434\" data-end=\"7463\">V\u00e4lt\u00e4 suoraa ihokosketusta.<\/p>\n<\/li>\n<\/ul>\n<\/li>\n<li data-start=\"7465\" data-end=\"7640\">\n<p data-start=\"7468\" data-end=\"7494\"><strong data-start=\"7468\" data-end=\"7492\">N\u00e4ytteen valmistelu<\/strong><\/p>\n<ul data-start=\"7498\" data-end=\"7640\">\n<li data-start=\"7498\" data-end=\"7594\">\n<p data-start=\"7500\" data-end=\"7594\">Liuota pelletti sopivaan liuottimeen (esim. etanoliin, tislattuun veteen tai puskuriin).<\/p>\n<\/li>\n<li data-start=\"7598\" data-end=\"7640\">\n<p data-start=\"7600\" data-end=\"7640\">Sekoita varovasti, kunnes se on t\u00e4ysin liuennut.<\/p>\n<\/li>\n<\/ul>\n<\/li>\n<li data-start=\"7642\" data-end=\"7797\">\n<p data-start=\"7645\" data-end=\"7674\"><strong data-start=\"7645\" data-end=\"7672\">K\u00e4yt\u00e4 kokeissa<\/strong><\/p>\n<ul data-start=\"7678\" data-end=\"7797\">\n<li data-start=\"7678\" data-end=\"7743\">\n<p data-start=\"7680\" data-end=\"7743\">K\u00e4ytt\u00f6 analyyttisiss\u00e4, reseptori- tai farmakologisissa tutkimuksissa.<\/p>\n<\/li>\n<li data-start=\"7747\" data-end=\"7797\">\n<p data-start=\"7749\" data-end=\"7797\">Kirjaa yl\u00f6s pelletin tunniste, pitoisuus ja liukenemism\u00e4\u00e4r\u00e4.<\/p>\n<\/li>\n<\/ul>\n<\/li>\n<li data-start=\"7799\" data-end=\"7975\">\n<p data-start=\"7802\" data-end=\"7829\"><strong data-start=\"7802\" data-end=\"7827\">S\u00e4ilytys ja poistaminen<\/strong><\/p>\n<ul data-start=\"7833\" data-end=\"7975\">\n<li data-start=\"7833\" data-end=\"7908\">\n<p data-start=\"7835\" data-end=\"7908\">S\u00e4ilyt\u00e4 k\u00e4ytt\u00e4m\u00e4tt\u00f6m\u00e4t pelletit <strong data-start=\"7869\" data-end=\"7896\">viile\u00e4, pime\u00e4 ja kuiva<\/strong> ymp\u00e4rist\u00f6.<\/p>\n<\/li>\n<li data-start=\"7912\" data-end=\"7975\">\n<p data-start=\"7914\" data-end=\"7975\">H\u00e4vit\u00e4 j\u00e4te kemikaaliturvallisuusm\u00e4\u00e4r\u00e4ysten mukaisesti. 2 fea 3 fea<\/p>\n<\/li>\n<\/ul>\n<\/li>\n<\/ol>\n<hr data-start=\"7977\" data-end=\"7980\" \/>\n<h3 data-start=\"7982\" data-end=\"8017\"><strong data-start=\"7986\" data-end=\"8015\">Usein kysytyt kysymykset (UKK)<\/strong><\/h3>\n<p data-start=\"8019\" data-end=\"8189\"><strong data-start=\"8019\" data-end=\"8058\">1. Mit\u00e4 RC+ Newphoria -rakkula sis\u00e4lt\u00e4\u00e4?<\/strong><br data-start=\"8058\" data-end=\"8061\" \/>Jokainen l\u00e4pipainopakkaus sis\u00e4lt\u00e4\u00e4 <strong data-start=\"8080\" data-end=\"8104\">10 tutkimuspelletti\u00e4<\/strong> yhdistelm\u00e4ll\u00e4 <strong data-start=\"8128\" data-end=\"8146\">2-FEA ja 3-FEA<\/strong>, ainoastaan laboratoriotestej\u00e4 varten.<\/p>\n<p data-start=\"8191\" data-end=\"8345\"><strong data-start=\"8191\" data-end=\"8239\">2. Mik\u00e4 on yhdisteiden puhtausaste?<\/strong><br data-start=\"8239\" data-end=\"8242\" \/>Toimittaja takaa, ett\u00e4 <strong data-start=\"8272\" data-end=\"8295\">puhtaus \u226598%<\/strong>, mik\u00e4 takaa luotettavuuden ja johdonmukaisuuden.<\/p>\n<p data-start=\"8347\" data-end=\"8559\"><strong data-start=\"8347\" data-end=\"8431\">3. Voiko RC+ Newphoria Blisteria k\u00e4ytt\u00e4\u00e4 ihmisten tai el\u00e4inten hoitoon?<\/strong><br data-start=\"8431\" data-end=\"8434\" \/>Ei \u2013 t\u00e4m\u00e4 tuote on <strong data-start=\"8455\" data-end=\"8504\">tarkoitettu vain tutkimustarkoituksiin<\/strong> ja <strong data-start=\"8508\" data-end=\"8556\">ei ihmisten tai el\u00e4inten ravinnoksi<\/strong>.<\/p>","protected":false},"excerpt":{"rendered":"<p><strong>CAS-numero<\/strong>: 1780004-19-4<br \/>\n<strong>Kaava<\/strong>: C11H16FN<br \/>\n<strong>Moolimassa<\/strong>181,25 g\/mol<br \/>\n<strong>Puhtaus<\/strong>: \u226598%<\/p>","protected":false},"featured_media":21160,"comment_status":"closed","ping_status":"closed","template":"","meta":[],"product_brand":[82],"product_cat":[555],"product_tag":[757,755,753,756,326],"class_list":{"0":"post-24111","1":"product","2":"type-product","3":"status-publish","4":"has-post-thumbnail","6":"product_brand-research-chemical","7":"product_cat-b2b","8":"product_tag-2-3-fea-ervaringen","9":"product_tag-2-fea-3-fea","10":"product_tag-2-3-fea-pellets","11":"product_tag-2-3-fea","12":"product_tag-nl","14":"first","15":"instock","16":"taxable","17":"shipping-taxable","18":"purchasable","19":"product-type-variable"},"_links":{"self":[{"href":"https:\/\/onderzoekschemicals.com\/fi\/wp-json\/wp\/v2\/product\/24111","targetHints":{"allow":["GET"]}}],"collection":[{"href":"https:\/\/onderzoekschemicals.com\/fi\/wp-json\/wp\/v2\/product"}],"about":[{"href":"https:\/\/onderzoekschemicals.com\/fi\/wp-json\/wp\/v2\/types\/product"}],"replies":[{"embeddable":true,"href":"https:\/\/onderzoekschemicals.com\/fi\/wp-json\/wp\/v2\/comments?post=24111"}],"version-history":[{"count":4,"href":"https:\/\/onderzoekschemicals.com\/fi\/wp-json\/wp\/v2\/product\/24111\/revisions"}],"predecessor-version":[{"id":27876,"href":"https:\/\/onderzoekschemicals.com\/fi\/wp-json\/wp\/v2\/product\/24111\/revisions\/27876"}],"wp:featuredmedia":[{"embeddable":true,"href":"https:\/\/onderzoekschemicals.com\/fi\/wp-json\/wp\/v2\/media\/21160"}],"wp:attachment":[{"href":"https:\/\/onderzoekschemicals.com\/fi\/wp-json\/wp\/v2\/media?parent=24111"}],"wp:term":[{"taxonomy":"product_brand","embeddable":true,"href":"https:\/\/onderzoekschemicals.com\/fi\/wp-json\/wp\/v2\/product_brand?post=24111"},{"taxonomy":"product_cat","embeddable":true,"href":"https:\/\/onderzoekschemicals.com\/fi\/wp-json\/wp\/v2\/product_cat?post=24111"},{"taxonomy":"product_tag","embeddable":true,"href":"https:\/\/onderzoekschemicals.com\/fi\/wp-json\/wp\/v2\/product_tag?post=24111"}],"curies":[{"name":"wp","href":"https:\/\/api.w.org\/{rel}","templated":true}]}}